





{"id":27454,"date":"2017-08-02T15:50:34","date_gmt":"2017-08-02T13:50:34","guid":{"rendered":"https:\/\/repliquemangacine.fr\/?post_type=product&#038;p=27454"},"modified":"2025-09-23T18:01:56","modified_gmt":"2025-09-23T16:01:56","slug":"romisches-gladius-schwert-julius-cesar-rot","status":"publish","type":"product","link":"https:\/\/repliquemangacine.fr\/de\/epees-glaives-antique\/glaive-romain-epee-jules-cesar-rouge\/","title":{"rendered":"Gladius Julius C\u00e4sar rot"},"content":{"rendered":"<h2>Gladius Julius C\u00e4sar rot<\/h2>\n<p>Zu Beginn wird der <strong>Gladius Julius C\u00e4sar rot<\/strong>Die Gladiatoren wurden nach ihm benannt, was w\u00f6rtlich \u00fcbersetzt \"mit einem Schwert bewaffnet\" bedeutet.<\/p>\n<p>Wenn man an die r\u00f6mische Welt denkt, kommt einem unweigerlich ein Wort in den Sinn: Julius C\u00e4sar. Es ist offensichtlich, dass dieses Wort keine geringe Bedeutung hat, ganz im Gegenteil. Julius C\u00e4sar war ein gro\u00dfer r\u00f6mischer Eroberer und ist vor allem deshalb allgemein bekannt.<\/p>\n<p><a href=\"https:\/\/www.histoire-pour-tous.fr\/biographies\/2969-la-biographie-de-jules-cesar-101-44-av-jc.html\" target=\"_blank\" rel=\"noopener noreferrer\">Julius C\u00e4sar<\/a>Der r\u00f6mische Kaiser besiegte Vercingetorix und eroberte Gallien. Bekannt f\u00fcr seine zahlreichen Zitate, das bekannteste ist: Ich kam, ich sah und ich siegte (Vini vidi vici).<\/p>\n<p>Bei der Eroberung von Gallien oder Italien f\u00fchrte der Kaiser seine Armeen mit dem Schwert in der Faust.<\/p>\n<h2>Ihre rote Julius-C\u00e4sar-Glaive zum besten Preis.<\/h2>\n<p>Wir bieten Ihnen eine gro\u00dfe Auswahl an Schwertern und Helmen aus der Zeit der Antike.<\/p>\n<p>Zun\u00e4chst einmal,<\/p>\n<ul>\n<li>Die <a href=\"https:\/\/repliquemangacine.fr\/de\/antike-waffen\/korinthischer-helm-mit-krete\/\">Korinthischer Helm<\/a> mit seinem Kamm der Marke Deepeeka.<\/li>\n<li>Es gibt auch den Satz von <a href=\"https:\/\/repliquemangacine.fr\/de\/antike-schwerter\/zusammen-zwei-romische-gladius\/\">zwei Schwerter<\/a> des Films Spartacus.<\/li>\n<li>Sowie das <a href=\"https:\/\/repliquemangacine.fr\/de\/antike-schwerter\/romisches-schwert-fulham\/\">Gladius Fulham<\/a> und seine Scheide.<\/li>\n<li>Und noch viel mehr gibt es in unserem Online-Shop zu entdecken!<\/li>\n<\/ul>\n<p>Deshalb sind hier tolle Geschenkideen f\u00fcr alle, die sich f\u00fcr die Antike begeistern.<\/p>\n<p>Abschlie\u00dfend k\u00f6nnen Sie diesen <strong>Gladius Julius C\u00e4sar rot<\/strong> f\u00fcr Ihre historischen Rekonstruktionen oder Themenabende. Vor allem aber ist es ein Sammler- und Dekorationsst\u00fcck.<\/p>\n<h2>Wie pflegt man die Klinge seines antiken Schwertes?<\/h2>\n<p>Sammlungs- und Dekorationsschwerter werden in vereinfachter Form hergestellt und zusammengebaut. Da sie zu Dekorationszwecken verwendet werden, fehlen ihnen die Sicherheitselemente, die ein japanisches Schwert f\u00fcr Trainingszwecke aufweisen muss.<\/p>\n<p>Allerdings ist Ihr <strong>Gladius Julius C\u00e4sar rot<\/strong> zu einer Stahlklinge, die gepflegt werden muss, damit sie nicht mit der Zeit abgenutzt wird. Denn wenn du dein Katana ausstellst, werden deine Freunde neugierig sein, die Klinge zu sehen und sie zu ber\u00fchren. Hier ist Vorsicht geboten, denn Sie sollten wissen, dass die S\u00e4ure der Finger dem Stahl unabh\u00e4ngig von seiner Qualit\u00e4t sehr schadet.<\/p>\n<p>Wenn dies jedoch passiert, keine Panik, Sie brauchen nur ein Tuch, das mit etwas \u00d6l befeuchtet ist, und wischen die Fingerabdr\u00fccke ab. Wenn Sie dies tun, werden Sie Ihr Schwert sehr lange behalten.<\/p>","protected":false},"excerpt":{"rendered":"<p>Dem Original nachempfunden, Replik des r\u00f6mischen Schwertes von Julius C\u00e4sar.<\/p>\n<ul>\n<li>Klinge aus gealtertem Stahl mit Hohlkehle.<\/li>\n<li>Garde, Griff und Knauf aus Metall mit Gravuren.<\/li>\n<li>Mit rotem Kunstleder \u00fcberzogene Scheide.<\/li>\n<li>Dekorative Metallplatten mit r\u00f6mischer Szene und Julius C\u00e4sar.<\/li>\n<li>Gesamtl\u00e4nge: 74 cm - Gewicht: 2545 Gramm<\/li>\n<\/ul>","protected":false},"featured_media":27455,"template":"","meta":[],"product_brand":[896],"product_cat":[31,25,73],"product_tag":[],"class_list":{"0":"post-27454","1":"product","2":"type-product","3":"status-publish","4":"has-post-thumbnail","6":"product_brand-replique-manga-cine","7":"product_cat-armes-antiques","8":"product_cat-armes-historiques","9":"product_cat-epees-glaives-antique","11":"first","12":"outofstock","13":"taxable","14":"shipping-taxable","15":"purchasable","16":"product-type-simple"},"yoast_head":"<!-- This site is optimized with the Yoast SEO plugin v27.5 - https:\/\/yoast.com\/product\/yoast-seo-wordpress\/ -->\n<title>Glaive Jules C\u00e9sar rouge - Boutique en ligne d&#039;\u00e9p\u00e9e Antique | RMC<\/title>\n<meta name=\"description\" content=\"D\u00e9couvrez le Glaive Jules C\u00e9sar rouge au meilleur prix - Lame en acier - Fourreau simili cuir - Longueur totale : 74 cm - Fabriqu\u00e9 par Denix\" \/>\n<meta name=\"robots\" content=\"index, follow, max-snippet:-1, max-image-preview:large, max-video-preview:-1\" \/>\n<link rel=\"canonical\" href=\"https:\/\/repliquemangacine.fr\/de\/antike-schwerter\/romisches-gladius-schwert-julius-cesar-rot\/\" \/>\n<meta property=\"og:locale\" content=\"de_DE\" \/>\n<meta property=\"og:type\" content=\"article\" \/>\n<meta property=\"og:title\" content=\"Glaive Jules C\u00e9sar rouge - Boutique en ligne d&#039;\u00e9p\u00e9e Antique | RMC\" \/>\n<meta property=\"og:description\" content=\"D\u00e9couvrez le Glaive Jules C\u00e9sar rouge au meilleur prix - Lame en acier - Fourreau simili cuir - Longueur totale : 74 cm - Fabriqu\u00e9 par Denix\" \/>\n<meta property=\"og:url\" content=\"https:\/\/repliquemangacine.fr\/de\/antike-schwerter\/romisches-gladius-schwert-julius-cesar-rot\/\" \/>\n<meta property=\"og:site_name\" content=\"R\u00e9plique Manga Cin\u00e9\" \/>\n<meta property=\"article:publisher\" content=\"https:\/\/www.facebook.com\/RepliqueMangaCine\" \/>\n<meta property=\"article:modified_time\" content=\"2025-09-23T16:01:56+00:00\" \/>\n<meta property=\"og:image\" content=\"https:\/\/repliquemangacine.fr\/wp-content\/uploads\/2023\/10\/2247-Glaive-Romain-Epee-Jules-Cesar-rouge.jpg\" \/>\n\t<meta property=\"og:image:width\" content=\"600\" \/>\n\t<meta property=\"og:image:height\" content=\"600\" \/>\n\t<meta property=\"og:image:type\" content=\"image\/jpeg\" \/>\n<meta name=\"twitter:card\" content=\"summary_large_image\" \/>\n<meta name=\"twitter:label1\" content=\"Gesch\u00e4tzte Lesezeit\" \/>\n\t<meta name=\"twitter:data1\" content=\"2\u00a0Minuten\" \/>\n<script type=\"application\/ld+json\" class=\"yoast-schema-graph\">{\"@context\":\"https:\\\/\\\/schema.org\",\"@graph\":[{\"@type\":\"WebPage\",\"@id\":\"https:\\\/\\\/repliquemangacine.fr\\\/de\\\/antike-schwerter\\\/romisches-gladius-schwert-julius-cesar-rot\\\/\",\"url\":\"https:\\\/\\\/repliquemangacine.fr\\\/de\\\/antike-schwerter\\\/romisches-gladius-schwert-julius-cesar-rot\\\/\",\"name\":\"Glaive Jules C\u00e9sar rouge - Boutique en ligne d'\u00e9p\u00e9e Antique | RMC\",\"isPartOf\":{\"@id\":\"https:\\\/\\\/repliquemangacine.fr\\\/#website\"},\"primaryImageOfPage\":{\"@id\":\"https:\\\/\\\/repliquemangacine.fr\\\/de\\\/antike-schwerter\\\/romisches-gladius-schwert-julius-cesar-rot\\\/#primaryimage\"},\"image\":{\"@id\":\"https:\\\/\\\/repliquemangacine.fr\\\/de\\\/antike-schwerter\\\/romisches-gladius-schwert-julius-cesar-rot\\\/#primaryimage\"},\"thumbnailUrl\":\"https:\\\/\\\/repliquemangacine.fr\\\/wp-content\\\/uploads\\\/2023\\\/10\\\/2247-Glaive-Romain-Epee-Jules-Cesar-rouge.jpg\",\"datePublished\":\"2017-08-02T13:50:34+00:00\",\"dateModified\":\"2025-09-23T16:01:56+00:00\",\"description\":\"D\u00e9couvrez le Glaive Jules C\u00e9sar rouge au meilleur prix - Lame en acier - Fourreau simili cuir - Longueur totale : 74 cm - Fabriqu\u00e9 par Denix\",\"breadcrumb\":{\"@id\":\"https:\\\/\\\/repliquemangacine.fr\\\/de\\\/antike-schwerter\\\/romisches-gladius-schwert-julius-cesar-rot\\\/#breadcrumb\"},\"inLanguage\":\"de\",\"potentialAction\":[{\"@type\":\"ReadAction\",\"target\":[\"https:\\\/\\\/repliquemangacine.fr\\\/de\\\/antike-schwerter\\\/romisches-gladius-schwert-julius-cesar-rot\\\/\"]}]},{\"@type\":\"ImageObject\",\"inLanguage\":\"de\",\"@id\":\"https:\\\/\\\/repliquemangacine.fr\\\/de\\\/antike-schwerter\\\/romisches-gladius-schwert-julius-cesar-rot\\\/#primaryimage\",\"url\":\"https:\\\/\\\/repliquemangacine.fr\\\/wp-content\\\/uploads\\\/2023\\\/10\\\/2247-Glaive-Romain-Epee-Jules-Cesar-rouge.jpg\",\"contentUrl\":\"https:\\\/\\\/repliquemangacine.fr\\\/wp-content\\\/uploads\\\/2023\\\/10\\\/2247-Glaive-Romain-Epee-Jules-Cesar-rouge.jpg\",\"width\":600,\"height\":600,\"caption\":\"Glaive Romain- Ep\u00e9e Jules Cesar rouge\"},{\"@type\":\"BreadcrumbList\",\"@id\":\"https:\\\/\\\/repliquemangacine.fr\\\/de\\\/antike-schwerter\\\/romisches-gladius-schwert-julius-cesar-rot\\\/#breadcrumb\",\"itemListElement\":[{\"@type\":\"ListItem\",\"position\":1,\"name\":\"Accueil\",\"item\":\"https:\\\/\\\/repliquemangacine.fr\\\/\"},{\"@type\":\"ListItem\",\"position\":2,\"name\":\"Produits\",\"item\":\"https:\\\/\\\/repliquemangacine.fr\\\/boutique\\\/\"},{\"@type\":\"ListItem\",\"position\":3,\"name\":\"Glaive Jules C\u00e9sar rouge\"}]},{\"@type\":\"WebSite\",\"@id\":\"https:\\\/\\\/repliquemangacine.fr\\\/#website\",\"url\":\"https:\\\/\\\/repliquemangacine.fr\\\/\",\"name\":\"R\u00e9plique Manga Cin\u00e9\",\"description\":\"\",\"publisher\":{\"@id\":\"https:\\\/\\\/repliquemangacine.fr\\\/#organization\"},\"potentialAction\":[{\"@type\":\"SearchAction\",\"target\":{\"@type\":\"EntryPoint\",\"urlTemplate\":\"https:\\\/\\\/repliquemangacine.fr\\\/?s={search_term_string}\"},\"query-input\":{\"@type\":\"PropertyValueSpecification\",\"valueRequired\":true,\"valueName\":\"search_term_string\"}}],\"inLanguage\":\"de\"},{\"@type\":\"Organization\",\"@id\":\"https:\\\/\\\/repliquemangacine.fr\\\/#organization\",\"name\":\"R\u00e9plique Manga Cin\u00e9\",\"url\":\"https:\\\/\\\/repliquemangacine.fr\\\/\",\"logo\":{\"@type\":\"ImageObject\",\"inLanguage\":\"de\",\"@id\":\"https:\\\/\\\/repliquemangacine.fr\\\/#\\\/schema\\\/logo\\\/image\\\/\",\"url\":\"https:\\\/\\\/repliquemangacine.fr\\\/wp-content\\\/uploads\\\/2023\\\/10\\\/RMC-500250.png\",\"contentUrl\":\"https:\\\/\\\/repliquemangacine.fr\\\/wp-content\\\/uploads\\\/2023\\\/10\\\/RMC-500250.png\",\"width\":500,\"height\":250,\"caption\":\"R\u00e9plique Manga Cin\u00e9\"},\"image\":{\"@id\":\"https:\\\/\\\/repliquemangacine.fr\\\/#\\\/schema\\\/logo\\\/image\\\/\"},\"sameAs\":[\"https:\\\/\\\/www.facebook.com\\\/RepliqueMangaCine\",\"https:\\\/\\\/www.instagram.com\\\/repliquemangacine.fr\\\/\"]}]}<\/script>\n<!-- \/ Yoast SEO plugin. -->","yoast_head_json":{"title":"Glaive Julius C\u00e4sar rot - Online Shop f\u00fcr antike Schwerter | RMC","description":"Entdecken Sie das Glaive Julius Caesar rot zum besten Preis - Klinge aus Stahl - Scheide aus Kunstleder - Gesamtl\u00e4nge: 74 cm - Hergestellt von Denix","robots":{"index":"index","follow":"follow","max-snippet":"max-snippet:-1","max-image-preview":"max-image-preview:large","max-video-preview":"max-video-preview:-1"},"canonical":"https:\/\/repliquemangacine.fr\/de\/antike-schwerter\/romisches-gladius-schwert-julius-cesar-rot\/","og_locale":"de_DE","og_type":"article","og_title":"Glaive Jules C\u00e9sar rouge - Boutique en ligne d'\u00e9p\u00e9e Antique | RMC","og_description":"D\u00e9couvrez le Glaive Jules C\u00e9sar rouge au meilleur prix - Lame en acier - Fourreau simili cuir - Longueur totale : 74 cm - Fabriqu\u00e9 par Denix","og_url":"https:\/\/repliquemangacine.fr\/de\/antike-schwerter\/romisches-gladius-schwert-julius-cesar-rot\/","og_site_name":"R\u00e9plique Manga Cin\u00e9","article_publisher":"https:\/\/www.facebook.com\/RepliqueMangaCine","article_modified_time":"2025-09-23T16:01:56+00:00","og_image":[{"width":600,"height":600,"url":"https:\/\/repliquemangacine.fr\/wp-content\/uploads\/2023\/10\/2247-Glaive-Romain-Epee-Jules-Cesar-rouge.jpg","type":"image\/jpeg"}],"twitter_card":"summary_large_image","twitter_misc":{"Gesch\u00e4tzte Lesezeit":"2\u00a0Minuten"},"schema":{"@context":"https:\/\/schema.org","@graph":[{"@type":"WebPage","@id":"https:\/\/repliquemangacine.fr\/de\/antike-schwerter\/romisches-gladius-schwert-julius-cesar-rot\/","url":"https:\/\/repliquemangacine.fr\/de\/antike-schwerter\/romisches-gladius-schwert-julius-cesar-rot\/","name":"Glaive Julius C\u00e4sar rot - Online Shop f\u00fcr antike Schwerter | RMC","isPartOf":{"@id":"https:\/\/repliquemangacine.fr\/#website"},"primaryImageOfPage":{"@id":"https:\/\/repliquemangacine.fr\/de\/antike-schwerter\/romisches-gladius-schwert-julius-cesar-rot\/#primaryimage"},"image":{"@id":"https:\/\/repliquemangacine.fr\/de\/antike-schwerter\/romisches-gladius-schwert-julius-cesar-rot\/#primaryimage"},"thumbnailUrl":"https:\/\/repliquemangacine.fr\/wp-content\/uploads\/2023\/10\/2247-Glaive-Romain-Epee-Jules-Cesar-rouge.jpg","datePublished":"2017-08-02T13:50:34+00:00","dateModified":"2025-09-23T16:01:56+00:00","description":"Entdecken Sie das Glaive Julius Caesar rot zum besten Preis - Klinge aus Stahl - Scheide aus Kunstleder - Gesamtl\u00e4nge: 74 cm - Hergestellt von Denix","breadcrumb":{"@id":"https:\/\/repliquemangacine.fr\/de\/antike-schwerter\/romisches-gladius-schwert-julius-cesar-rot\/#breadcrumb"},"inLanguage":"de","potentialAction":[{"@type":"ReadAction","target":["https:\/\/repliquemangacine.fr\/de\/antike-schwerter\/romisches-gladius-schwert-julius-cesar-rot\/"]}]},{"@type":"ImageObject","inLanguage":"de","@id":"https:\/\/repliquemangacine.fr\/de\/antike-schwerter\/romisches-gladius-schwert-julius-cesar-rot\/#primaryimage","url":"https:\/\/repliquemangacine.fr\/wp-content\/uploads\/2023\/10\/2247-Glaive-Romain-Epee-Jules-Cesar-rouge.jpg","contentUrl":"https:\/\/repliquemangacine.fr\/wp-content\/uploads\/2023\/10\/2247-Glaive-Romain-Epee-Jules-Cesar-rouge.jpg","width":600,"height":600,"caption":"Glaive Romain- Ep\u00e9e Jules Cesar rouge"},{"@type":"BreadcrumbList","@id":"https:\/\/repliquemangacine.fr\/de\/antike-schwerter\/romisches-gladius-schwert-julius-cesar-rot\/#breadcrumb","itemListElement":[{"@type":"ListItem","position":1,"name":"Accueil","item":"https:\/\/repliquemangacine.fr\/"},{"@type":"ListItem","position":2,"name":"Produits","item":"https:\/\/repliquemangacine.fr\/boutique\/"},{"@type":"ListItem","position":3,"name":"Glaive Jules C\u00e9sar rouge"}]},{"@type":"WebSite","@id":"https:\/\/repliquemangacine.fr\/#website","url":"https:\/\/repliquemangacine.fr\/","name":"R\u00e9plique Manga Cin\u00e9","description":"","publisher":{"@id":"https:\/\/repliquemangacine.fr\/#organization"},"potentialAction":[{"@type":"SearchAction","target":{"@type":"EntryPoint","urlTemplate":"https:\/\/repliquemangacine.fr\/?s={search_term_string}"},"query-input":{"@type":"PropertyValueSpecification","valueRequired":true,"valueName":"search_term_string"}}],"inLanguage":"de"},{"@type":"Organization","@id":"https:\/\/repliquemangacine.fr\/#organization","name":"R\u00e9plique Manga Cin\u00e9","url":"https:\/\/repliquemangacine.fr\/","logo":{"@type":"ImageObject","inLanguage":"de","@id":"https:\/\/repliquemangacine.fr\/#\/schema\/logo\/image\/","url":"https:\/\/repliquemangacine.fr\/wp-content\/uploads\/2023\/10\/RMC-500250.png","contentUrl":"https:\/\/repliquemangacine.fr\/wp-content\/uploads\/2023\/10\/RMC-500250.png","width":500,"height":250,"caption":"R\u00e9plique Manga Cin\u00e9"},"image":{"@id":"https:\/\/repliquemangacine.fr\/#\/schema\/logo\/image\/"},"sameAs":["https:\/\/www.facebook.com\/RepliqueMangaCine","https:\/\/www.instagram.com\/repliquemangacine.fr\/"]}]}},"_links":{"self":[{"href":"https:\/\/repliquemangacine.fr\/de\/wp-json\/wp\/v2\/product\/27454","targetHints":{"allow":["GET"]}}],"collection":[{"href":"https:\/\/repliquemangacine.fr\/de\/wp-json\/wp\/v2\/product"}],"about":[{"href":"https:\/\/repliquemangacine.fr\/de\/wp-json\/wp\/v2\/types\/product"}],"wp:featuredmedia":[{"embeddable":true,"href":"https:\/\/repliquemangacine.fr\/de\/wp-json\/wp\/v2\/media\/27455"}],"wp:attachment":[{"href":"https:\/\/repliquemangacine.fr\/de\/wp-json\/wp\/v2\/media?parent=27454"}],"wp:term":[{"taxonomy":"product_brand","embeddable":true,"href":"https:\/\/repliquemangacine.fr\/de\/wp-json\/wp\/v2\/product_brand?post=27454"},{"taxonomy":"product_cat","embeddable":true,"href":"https:\/\/repliquemangacine.fr\/de\/wp-json\/wp\/v2\/product_cat?post=27454"},{"taxonomy":"product_tag","embeddable":true,"href":"https:\/\/repliquemangacine.fr\/de\/wp-json\/wp\/v2\/product_tag?post=27454"}],"curies":[{"name":"wp","href":"https:\/\/api.w.org\/{rel}","templated":true}]}}