





{"id":27445,"date":"2017-08-02T15:38:44","date_gmt":"2017-08-02T13:38:44","guid":{"rendered":"https:\/\/repliquemangacine.fr\/?post_type=product&#038;p=27445"},"modified":"2025-09-23T18:01:56","modified_gmt":"2025-09-23T16:01:56","slug":"glaive-jules-cesar-schwarz","status":"publish","type":"product","link":"https:\/\/repliquemangacine.fr\/de\/epees-glaives-antique\/glaive-jules-cesar-noir\/","title":{"rendered":"Gladius Julius C\u00e4sar schwarz"},"content":{"rendered":"<h2>Gladius Julius C\u00e4sar schwarz<\/h2>\n<p>Zu Beginn wird der <strong>Gladius Julius C\u00e4sar<\/strong>Die Gladiatoren wurden nach ihm benannt, was w\u00f6rtlich \u00fcbersetzt \"mit einem Schwert bewaffnet\" bedeutet.<\/p>\n<p>Wenn man an die r\u00f6mische Welt denkt, kommt einem unweigerlich ein Wort in den Sinn: Julius C\u00e4sar. Es ist offensichtlich, dass dieses Wort keine geringe Bedeutung hat, ganz im Gegenteil. Julius C\u00e4sar war ein gro\u00dfer r\u00f6mischer Eroberer und ist vor allem deshalb allgemein bekannt.<\/p>\n<p><a href=\"https:\/\/www.histoire-pour-tous.fr\/biographies\/2969-la-biographie-de-jules-cesar-101-44-av-jc.html\" target=\"_blank\" rel=\"noopener noreferrer\">Julius C\u00e4sar<\/a>Der r\u00f6mische Kaiser besiegte Vercingetorix und eroberte Gallien. Bekannt f\u00fcr seine zahlreichen Zitate, das bekannteste ist: Ich kam, ich sah und ich siegte (Vini vidi vici).<\/p>\n<p>Bei der Eroberung von Gallien oder Italien f\u00fchrte der Kaiser seine Armeen mit dem Schwert in der Faust.<\/p>\n<h2>Ihr Julius C\u00e4sar Glaive zum besten Preis.<\/h2>\n<p>Wir bieten Ihnen eine gro\u00dfe Auswahl an Schwertern und Helmen aus der Zeit der Antike.<\/p>\n<p>Zun\u00e4chst einmal,<\/p>\n<ul>\n<li>Die <a href=\"https:\/\/repliquemangacine.fr\/de\/antike-schwerter\/romisches-schwert-fulham\/\">r\u00f6misches Schwert Fulham<\/a> mit seinen Messingplatten an der Scheide.<\/li>\n<li>Es gibt auch die Nachbildung des<a href=\"https:\/\/repliquemangacine.fr\/de\/antike-schwerter\/feltwell-schwert\/\">Fetwells Schwert<\/a>...der 1961 in einer r\u00f6mischen Villa gefunden wurde.<\/li>\n<li>Sowie das <a href=\"https:\/\/repliquemangacine.fr\/de\/antike-schwerter\/glaive-romain-noir\/\">Gladiator Glaive<\/a> inspiriert vom Film.<\/li>\n<li>Und noch viel mehr gibt es in unserem Online-Shop zu entdecken!<\/li>\n<\/ul>\n<p>Deshalb sind hier tolle Geschenkideen f\u00fcr alle, die sich f\u00fcr die Antike begeistern.<\/p>\n<p>Abschlie\u00dfend k\u00f6nnen Sie diesen <strong>Gladius Julius C\u00e4sar<\/strong> f\u00fcr Ihre historischen Rekonstruktionen oder Themenabende. Vor allem aber ist es ein Sammler- und Dekorationsst\u00fcck.<\/p>\n<h2>Wie pflegt man die Klinge seines antiken Schwertes?<\/h2>\n<p>Sammlungs- und Dekorationsschwerter werden in vereinfachter Form hergestellt und zusammengebaut. Da sie zu Dekorationszwecken verwendet werden, fehlen ihnen die Sicherheitselemente, die ein japanisches Schwert f\u00fcr Trainingszwecke aufweisen muss.<\/p>\n<p>Allerdings ist Ihr <strong>Gladius Julius C\u00e4sar<\/strong> zu einer Stahlklinge, die gepflegt werden muss, damit sie nicht mit der Zeit abgenutzt wird. Denn wenn du dein Katana ausstellst, werden deine Freunde neugierig sein, die Klinge zu sehen und sie zu ber\u00fchren. Hier ist Vorsicht geboten, denn Sie sollten wissen, dass die S\u00e4ure der Finger dem Stahl unabh\u00e4ngig von seiner Qualit\u00e4t sehr schadet.<\/p>\n<p>Wenn dies jedoch passiert, keine Panik, Sie brauchen nur ein Tuch, das mit etwas \u00d6l befeuchtet ist, und wischen die Fingerabdr\u00fccke ab. Wenn Sie dies tun, werden Sie Ihr Schwert sehr lange behalten.<\/p>","protected":false},"excerpt":{"rendered":"<p>Dem Original nachempfunden, r\u00f6misches Gladius von Julius Cesars.<\/p>\n<ul>\n<li>Klinge aus gealtertem Stahl mit Hohlkehle.<\/li>\n<li>Garde, Griff und Knauf aus Metall mit Gravuren.<\/li>\n<li>Mit schwarzem Kunstleder \u00fcberzogene Scheide.<\/li>\n<li>Dekorative Metallplatten, r\u00f6mische Szene und Julius C\u00e4sar.<\/li>\n<li>Gesamtl\u00e4nge: 74 cm - Gewicht: 2545 grs<\/li>\n<\/ul>","protected":false},"featured_media":27446,"template":"","meta":[],"product_brand":[896],"product_cat":[31,25,73],"product_tag":[],"class_list":{"0":"post-27445","1":"product","2":"type-product","3":"status-publish","4":"has-post-thumbnail","6":"product_brand-replique-manga-cine","7":"product_cat-armes-antiques","8":"product_cat-armes-historiques","9":"product_cat-epees-glaives-antique","11":"first","12":"instock","13":"taxable","14":"shipping-taxable","15":"purchasable","16":"product-type-simple"},"yoast_head":"<!-- This site is optimized with the Yoast SEO plugin v27.5 - https:\/\/yoast.com\/product\/yoast-seo-wordpress\/ -->\n<title>Glaive Jules C\u00e9sar - Vente \u00e9p\u00e9e et Antique - R\u00e9plique Manga Cin\u00e9<\/title>\n<meta name=\"description\" content=\"Offrez-vous ce Glaive Jules C\u00e9sar noir au meilleur prix - Lame en acier - Fourreau similicuir d\u00e9cor\u00e9 - Longueur totale : 74 cm - Fabriqu\u00e9 par Denix\" \/>\n<meta name=\"robots\" content=\"index, follow, max-snippet:-1, max-image-preview:large, max-video-preview:-1\" \/>\n<link rel=\"canonical\" href=\"https:\/\/repliquemangacine.fr\/de\/antike-schwerter\/glaive-jules-cesar-schwarz\/\" \/>\n<meta property=\"og:locale\" content=\"de_DE\" \/>\n<meta property=\"og:type\" content=\"article\" \/>\n<meta property=\"og:title\" content=\"Glaive Jules C\u00e9sar - Vente \u00e9p\u00e9e et Antique - R\u00e9plique Manga Cin\u00e9\" \/>\n<meta property=\"og:description\" content=\"Offrez-vous ce Glaive Jules C\u00e9sar noir au meilleur prix - Lame en acier - Fourreau similicuir d\u00e9cor\u00e9 - Longueur totale : 74 cm - Fabriqu\u00e9 par Denix\" \/>\n<meta property=\"og:url\" content=\"https:\/\/repliquemangacine.fr\/de\/antike-schwerter\/glaive-jules-cesar-schwarz\/\" \/>\n<meta property=\"og:site_name\" content=\"R\u00e9plique Manga Cin\u00e9\" \/>\n<meta property=\"article:publisher\" content=\"https:\/\/www.facebook.com\/RepliqueMangaCine\" \/>\n<meta property=\"article:modified_time\" content=\"2025-09-23T16:01:56+00:00\" \/>\n<meta property=\"og:image\" content=\"https:\/\/repliquemangacine.fr\/wp-content\/uploads\/2023\/10\/2239-Glaive-Romain-Epee-Jules-Cesar-Noire.jpg\" \/>\n\t<meta property=\"og:image:width\" content=\"600\" \/>\n\t<meta property=\"og:image:height\" content=\"600\" \/>\n\t<meta property=\"og:image:type\" content=\"image\/jpeg\" \/>\n<meta name=\"twitter:card\" content=\"summary_large_image\" \/>\n<meta name=\"twitter:label1\" content=\"Gesch\u00e4tzte Lesezeit\" \/>\n\t<meta name=\"twitter:data1\" content=\"2\u00a0Minuten\" \/>\n<script type=\"application\/ld+json\" class=\"yoast-schema-graph\">{\"@context\":\"https:\\\/\\\/schema.org\",\"@graph\":[{\"@type\":\"WebPage\",\"@id\":\"https:\\\/\\\/repliquemangacine.fr\\\/epees-glaives-antique\\\/glaive-jules-cesar-noir\\\/\",\"url\":\"https:\\\/\\\/repliquemangacine.fr\\\/epees-glaives-antique\\\/glaive-jules-cesar-noir\\\/\",\"name\":\"Glaive Jules C\u00e9sar - Vente \u00e9p\u00e9e et Antique - R\u00e9plique Manga Cin\u00e9\",\"isPartOf\":{\"@id\":\"https:\\\/\\\/repliquemangacine.fr\\\/#website\"},\"primaryImageOfPage\":{\"@id\":\"https:\\\/\\\/repliquemangacine.fr\\\/epees-glaives-antique\\\/glaive-jules-cesar-noir\\\/#primaryimage\"},\"image\":{\"@id\":\"https:\\\/\\\/repliquemangacine.fr\\\/epees-glaives-antique\\\/glaive-jules-cesar-noir\\\/#primaryimage\"},\"thumbnailUrl\":\"https:\\\/\\\/repliquemangacine.fr\\\/wp-content\\\/uploads\\\/2023\\\/10\\\/2239-Glaive-Romain-Epee-Jules-Cesar-Noire.jpg\",\"datePublished\":\"2017-08-02T13:38:44+00:00\",\"dateModified\":\"2025-09-23T16:01:56+00:00\",\"description\":\"Offrez-vous ce Glaive Jules C\u00e9sar noir au meilleur prix - Lame en acier - Fourreau similicuir d\u00e9cor\u00e9 - Longueur totale : 74 cm - Fabriqu\u00e9 par Denix\",\"breadcrumb\":{\"@id\":\"https:\\\/\\\/repliquemangacine.fr\\\/epees-glaives-antique\\\/glaive-jules-cesar-noir\\\/#breadcrumb\"},\"inLanguage\":\"de\",\"potentialAction\":[{\"@type\":\"ReadAction\",\"target\":[\"https:\\\/\\\/repliquemangacine.fr\\\/epees-glaives-antique\\\/glaive-jules-cesar-noir\\\/\"]}]},{\"@type\":\"ImageObject\",\"inLanguage\":\"de\",\"@id\":\"https:\\\/\\\/repliquemangacine.fr\\\/epees-glaives-antique\\\/glaive-jules-cesar-noir\\\/#primaryimage\",\"url\":\"https:\\\/\\\/repliquemangacine.fr\\\/wp-content\\\/uploads\\\/2023\\\/10\\\/2239-Glaive-Romain-Epee-Jules-Cesar-Noire.jpg\",\"contentUrl\":\"https:\\\/\\\/repliquemangacine.fr\\\/wp-content\\\/uploads\\\/2023\\\/10\\\/2239-Glaive-Romain-Epee-Jules-Cesar-Noire.jpg\",\"width\":600,\"height\":600,\"caption\":\"Glaive Romain- Ep\u00e9e Jules Cesar Noire\"},{\"@type\":\"BreadcrumbList\",\"@id\":\"https:\\\/\\\/repliquemangacine.fr\\\/epees-glaives-antique\\\/glaive-jules-cesar-noir\\\/#breadcrumb\",\"itemListElement\":[{\"@type\":\"ListItem\",\"position\":1,\"name\":\"Accueil\",\"item\":\"https:\\\/\\\/repliquemangacine.fr\\\/\"},{\"@type\":\"ListItem\",\"position\":2,\"name\":\"Produits\",\"item\":\"https:\\\/\\\/repliquemangacine.fr\\\/boutique\\\/\"},{\"@type\":\"ListItem\",\"position\":3,\"name\":\"Glaive Jules C\u00e9sar noir\"}]},{\"@type\":\"WebSite\",\"@id\":\"https:\\\/\\\/repliquemangacine.fr\\\/#website\",\"url\":\"https:\\\/\\\/repliquemangacine.fr\\\/\",\"name\":\"R\u00e9plique Manga Cin\u00e9\",\"description\":\"\",\"publisher\":{\"@id\":\"https:\\\/\\\/repliquemangacine.fr\\\/#organization\"},\"potentialAction\":[{\"@type\":\"SearchAction\",\"target\":{\"@type\":\"EntryPoint\",\"urlTemplate\":\"https:\\\/\\\/repliquemangacine.fr\\\/?s={search_term_string}\"},\"query-input\":{\"@type\":\"PropertyValueSpecification\",\"valueRequired\":true,\"valueName\":\"search_term_string\"}}],\"inLanguage\":\"de\"},{\"@type\":\"Organization\",\"@id\":\"https:\\\/\\\/repliquemangacine.fr\\\/#organization\",\"name\":\"R\u00e9plique Manga Cin\u00e9\",\"url\":\"https:\\\/\\\/repliquemangacine.fr\\\/\",\"logo\":{\"@type\":\"ImageObject\",\"inLanguage\":\"de\",\"@id\":\"https:\\\/\\\/repliquemangacine.fr\\\/#\\\/schema\\\/logo\\\/image\\\/\",\"url\":\"https:\\\/\\\/repliquemangacine.fr\\\/wp-content\\\/uploads\\\/2023\\\/10\\\/RMC-500250.png\",\"contentUrl\":\"https:\\\/\\\/repliquemangacine.fr\\\/wp-content\\\/uploads\\\/2023\\\/10\\\/RMC-500250.png\",\"width\":500,\"height\":250,\"caption\":\"R\u00e9plique Manga Cin\u00e9\"},\"image\":{\"@id\":\"https:\\\/\\\/repliquemangacine.fr\\\/#\\\/schema\\\/logo\\\/image\\\/\"},\"sameAs\":[\"https:\\\/\\\/www.facebook.com\\\/RepliqueMangaCine\",\"https:\\\/\\\/www.instagram.com\\\/repliquemangacine.fr\\\/\"]}]}<\/script>\n<!-- \/ Yoast SEO plugin. -->","yoast_head_json":{"title":"Glaive Julius Caesar - Verkauf von Schwertern und Antiquit\u00e4ten - R\u00e9plique Manga Cin\u00e9","description":"G\u00f6nnen Sie sich dieses Glaive Julius Caesar schwarz zum besten Preis - Klinge aus Stahl - verzierte Kunstlederscheide - Gesamtl\u00e4nge: 74 cm - Hergestellt von Denix","robots":{"index":"index","follow":"follow","max-snippet":"max-snippet:-1","max-image-preview":"max-image-preview:large","max-video-preview":"max-video-preview:-1"},"canonical":"https:\/\/repliquemangacine.fr\/de\/antike-schwerter\/glaive-jules-cesar-schwarz\/","og_locale":"de_DE","og_type":"article","og_title":"Glaive Jules C\u00e9sar - Vente \u00e9p\u00e9e et Antique - R\u00e9plique Manga Cin\u00e9","og_description":"Offrez-vous ce Glaive Jules C\u00e9sar noir au meilleur prix - Lame en acier - Fourreau similicuir d\u00e9cor\u00e9 - Longueur totale : 74 cm - Fabriqu\u00e9 par Denix","og_url":"https:\/\/repliquemangacine.fr\/de\/antike-schwerter\/glaive-jules-cesar-schwarz\/","og_site_name":"R\u00e9plique Manga Cin\u00e9","article_publisher":"https:\/\/www.facebook.com\/RepliqueMangaCine","article_modified_time":"2025-09-23T16:01:56+00:00","og_image":[{"width":600,"height":600,"url":"https:\/\/repliquemangacine.fr\/wp-content\/uploads\/2023\/10\/2239-Glaive-Romain-Epee-Jules-Cesar-Noire.jpg","type":"image\/jpeg"}],"twitter_card":"summary_large_image","twitter_misc":{"Gesch\u00e4tzte Lesezeit":"2\u00a0Minuten"},"schema":{"@context":"https:\/\/schema.org","@graph":[{"@type":"WebPage","@id":"https:\/\/repliquemangacine.fr\/epees-glaives-antique\/glaive-jules-cesar-noir\/","url":"https:\/\/repliquemangacine.fr\/epees-glaives-antique\/glaive-jules-cesar-noir\/","name":"Glaive Julius Caesar - Verkauf von Schwertern und Antiquit\u00e4ten - R\u00e9plique Manga Cin\u00e9","isPartOf":{"@id":"https:\/\/repliquemangacine.fr\/#website"},"primaryImageOfPage":{"@id":"https:\/\/repliquemangacine.fr\/epees-glaives-antique\/glaive-jules-cesar-noir\/#primaryimage"},"image":{"@id":"https:\/\/repliquemangacine.fr\/epees-glaives-antique\/glaive-jules-cesar-noir\/#primaryimage"},"thumbnailUrl":"https:\/\/repliquemangacine.fr\/wp-content\/uploads\/2023\/10\/2239-Glaive-Romain-Epee-Jules-Cesar-Noire.jpg","datePublished":"2017-08-02T13:38:44+00:00","dateModified":"2025-09-23T16:01:56+00:00","description":"G\u00f6nnen Sie sich dieses Glaive Julius Caesar schwarz zum besten Preis - Klinge aus Stahl - verzierte Kunstlederscheide - Gesamtl\u00e4nge: 74 cm - Hergestellt von Denix","breadcrumb":{"@id":"https:\/\/repliquemangacine.fr\/epees-glaives-antique\/glaive-jules-cesar-noir\/#breadcrumb"},"inLanguage":"de","potentialAction":[{"@type":"ReadAction","target":["https:\/\/repliquemangacine.fr\/epees-glaives-antique\/glaive-jules-cesar-noir\/"]}]},{"@type":"ImageObject","inLanguage":"de","@id":"https:\/\/repliquemangacine.fr\/epees-glaives-antique\/glaive-jules-cesar-noir\/#primaryimage","url":"https:\/\/repliquemangacine.fr\/wp-content\/uploads\/2023\/10\/2239-Glaive-Romain-Epee-Jules-Cesar-Noire.jpg","contentUrl":"https:\/\/repliquemangacine.fr\/wp-content\/uploads\/2023\/10\/2239-Glaive-Romain-Epee-Jules-Cesar-Noire.jpg","width":600,"height":600,"caption":"Glaive Romain- Ep\u00e9e Jules Cesar Noire"},{"@type":"BreadcrumbList","@id":"https:\/\/repliquemangacine.fr\/epees-glaives-antique\/glaive-jules-cesar-noir\/#breadcrumb","itemListElement":[{"@type":"ListItem","position":1,"name":"Accueil","item":"https:\/\/repliquemangacine.fr\/"},{"@type":"ListItem","position":2,"name":"Produits","item":"https:\/\/repliquemangacine.fr\/boutique\/"},{"@type":"ListItem","position":3,"name":"Glaive Jules C\u00e9sar noir"}]},{"@type":"WebSite","@id":"https:\/\/repliquemangacine.fr\/#website","url":"https:\/\/repliquemangacine.fr\/","name":"R\u00e9plique Manga Cin\u00e9","description":"","publisher":{"@id":"https:\/\/repliquemangacine.fr\/#organization"},"potentialAction":[{"@type":"SearchAction","target":{"@type":"EntryPoint","urlTemplate":"https:\/\/repliquemangacine.fr\/?s={search_term_string}"},"query-input":{"@type":"PropertyValueSpecification","valueRequired":true,"valueName":"search_term_string"}}],"inLanguage":"de"},{"@type":"Organization","@id":"https:\/\/repliquemangacine.fr\/#organization","name":"R\u00e9plique Manga Cin\u00e9","url":"https:\/\/repliquemangacine.fr\/","logo":{"@type":"ImageObject","inLanguage":"de","@id":"https:\/\/repliquemangacine.fr\/#\/schema\/logo\/image\/","url":"https:\/\/repliquemangacine.fr\/wp-content\/uploads\/2023\/10\/RMC-500250.png","contentUrl":"https:\/\/repliquemangacine.fr\/wp-content\/uploads\/2023\/10\/RMC-500250.png","width":500,"height":250,"caption":"R\u00e9plique Manga Cin\u00e9"},"image":{"@id":"https:\/\/repliquemangacine.fr\/#\/schema\/logo\/image\/"},"sameAs":["https:\/\/www.facebook.com\/RepliqueMangaCine","https:\/\/www.instagram.com\/repliquemangacine.fr\/"]}]}},"_links":{"self":[{"href":"https:\/\/repliquemangacine.fr\/de\/wp-json\/wp\/v2\/product\/27445","targetHints":{"allow":["GET"]}}],"collection":[{"href":"https:\/\/repliquemangacine.fr\/de\/wp-json\/wp\/v2\/product"}],"about":[{"href":"https:\/\/repliquemangacine.fr\/de\/wp-json\/wp\/v2\/types\/product"}],"wp:featuredmedia":[{"embeddable":true,"href":"https:\/\/repliquemangacine.fr\/de\/wp-json\/wp\/v2\/media\/27446"}],"wp:attachment":[{"href":"https:\/\/repliquemangacine.fr\/de\/wp-json\/wp\/v2\/media?parent=27445"}],"wp:term":[{"taxonomy":"product_brand","embeddable":true,"href":"https:\/\/repliquemangacine.fr\/de\/wp-json\/wp\/v2\/product_brand?post=27445"},{"taxonomy":"product_cat","embeddable":true,"href":"https:\/\/repliquemangacine.fr\/de\/wp-json\/wp\/v2\/product_cat?post=27445"},{"taxonomy":"product_tag","embeddable":true,"href":"https:\/\/repliquemangacine.fr\/de\/wp-json\/wp\/v2\/product_tag?post=27445"}],"curies":[{"name":"wp","href":"https:\/\/api.w.org\/{rel}","templated":true}]}}