





{"id":27436,"date":"2017-07-22T18:20:47","date_gmt":"2017-07-22T16:20:47","guid":{"rendered":"https:\/\/repliquemangacine.fr\/?post_type=product&#038;p=27436"},"modified":"2025-11-14T20:00:02","modified_gmt":"2025-11-14T19:00:02","slug":"dagger-dhonneur-ss-schutzstaffel-dagger-historisch-deutsch","status":"publish","type":"product","link":"https:\/\/repliquemangacine.fr\/de\/dagues-et-accessoires-seconde-guerre-mondiale-materiels-militaria\/dague-dhonneur-ss-schutzstaffel-dague-historique-allemande\/","title":{"rendered":"Ehrendolch SS Schutzstaffel"},"content":{"rendered":"<h2>Ehrendolch SS Schutzstaffel<\/h2>\n<p>Zu Beginn wird die <strong>Ehrendolch SS Schutzstaffel<\/strong>Die Waffen wurden in der Regel mit einer schwarzen SS-Uniform getragen. Im November 1935 erlie\u00df Himmler einen Erlass, in dem es hie\u00df, dass \"jeder SS-Mann das Recht und die Pflicht hat, seine Ehre mit der Waffe zu verteidigen\".<\/p>\n<p>Als die Nazis 1933 an die Macht kamen, \u00fcberlegten die Solinger Industriellen, dass sie die Partei davon \u00fcberzeugen k\u00f6nnten, dass das Tragen von Schwertern und Dolchen den Status ihrer Mitglieder erh\u00f6hen w\u00fcrde. Au\u00dferdem w\u00fcrden sie sich damit einen neuen und riesigen Markt schaffen.<\/p>\n<p>Zum Abschluss erhielt er von ihnen als Geschenk einen Brief\u00f6ffner, den er annahm und dem Projekt seine Zustimmung gab.<\/p>\n<h2>Ihr SS Schutzstaffel Ehrendolch zum besten Preis.<\/h2>\n<p>Wir bieten Ihnen eine gro\u00dfe Auswahl an Reproduktionen historischer Waffen.<\/p>\n<p>Zun\u00e4chst einmal,<\/p>\n<ul>\n<li>Die Reproduktion der beeindruckenden <a href=\"https:\/\/repliquemangacine.fr\/de\/weltkrieg\/replika-maschinengewehr-mg34-mit-stativen-denix\/\">Maschinengewehr MG 34<\/a>.<\/li>\n<li>Sowie die Pistole <a href=\"https:\/\/repliquemangacine.fr\/de\/darmsreproduktionen\/parabellum-luger-p08-schaft-holz\/\">Luger Parrabellum<\/a> hergestellt von <a href=\"https:\/\/www.denix.fr\/fr\/accueil-fr\/\" target=\"_blank\" rel=\"noopener noreferrer\">Denix<\/a>.<\/li>\n<li>Und noch viele andere, die es zu entdecken gilt!<\/li>\n<\/ul>\n<p>Deshalb sind hier tolle Geschenkideen f\u00fcr alle, die sich f\u00fcr Geschichten begeistern.<\/p>\n<p>Abschlie\u00dfend k\u00f6nnen Sie auch diesen <strong>Ehrendolch SS Schutzstaffel<\/strong> f\u00fcr Ihre historischen Nachstellungen. Vor allem ist es ein Sammler- und Dekorationsst\u00fcck.<\/p>\n<p><strong>Es ist zu betonen, dass diese Produkte nicht irgendeine Ideologie, Partei oder Tendenz verherrlichen d\u00fcrfen. Wir verurteilen jede Verherrlichung des 3\u1d49 Reichs und seiner rassistischen und hasserf\u00fcllten Ideologie aufs Sch\u00e4rfste und zutiefst.<\/strong><\/p>\n<h2>Wie pflegt man die Klinge seines Dolches?<\/h2>\n<p>Sammlungs- und Dekorationsdolche werden auf vereinfachte Weise hergestellt und zusammengebaut. Da sie zu Dekorationszwecken verwendet werden, fehlen ihnen die Sicherheitsmerkmale, die ein japanisches Schwert f\u00fcr Trainingszwecke aufweisen muss.<\/p>\n<p>Allerdings ist Ihr <strong>Ehrendolch SS Schutzstaffel<\/strong> zu einer Stahlklinge, die gepflegt werden muss, damit sie nicht mit der Zeit abgenutzt wird. Wenn du deinen Dolch n\u00e4mlich ausstellst, werden deine Freunde neugierig sein, die Klinge zu sehen und sie zu ber\u00fchren. Hier ist Vorsicht geboten, denn Sie sollten wissen, dass die S\u00e4ure der Finger dem Stahl unabh\u00e4ngig von seiner Qualit\u00e4t sehr schadet.<\/p>\n<p>Sollte dies jedoch passieren, keine Panik, Sie brauchen nur ein Tuch, das mit etwas \u00d6l befeuchtet ist, und wischen die Fingerabdr\u00fccke ab. Wenn Sie dies tun, werden Sie Ihren Dolch sehr lange behalten.<\/p>","protected":false},"excerpt":{"rendered":"<p>SS-Dolch Schutzstaffel, der nur an SS-Offiziere und -Unteroffiziere verliehen wird.<\/p>\n<ul>\n<li>Siebgedruckte Klinge aus Stahl.<\/li>\n<li>Garde und Knauf aus Metall.<\/li>\n<li>Schwarzer ABS-Griff mit silbernem NSDAP-Adler.<\/li>\n<li>Schwarze ABS-Scheide mit silbernen Beschl\u00e4gen, ausgestattet mit einer Kette.<\/li>\n<li>L\u00e4nge der Klinge: 22 cm - Gesamtl\u00e4nge: 39.5 cm<\/li>\n<\/ul>","protected":false},"featured_media":27437,"template":"","meta":[],"product_brand":[896],"product_cat":[25,54,85],"product_tag":[],"class_list":{"0":"post-27436","1":"product","2":"type-product","3":"status-publish","4":"has-post-thumbnail","6":"product_brand-replique-manga-cine","7":"product_cat-armes-historiques","8":"product_cat-armes-accessoires-guerre-mondiale","9":"product_cat-dagues-et-accessoires-seconde-guerre-mondiale-materiels-militaria","11":"first","12":"outofstock","13":"taxable","14":"shipping-taxable","15":"purchasable","16":"product-type-simple"},"yoast_head":"<!-- This site is optimized with the Yoast SEO plugin v27.5 - https:\/\/yoast.com\/product\/yoast-seo-wordpress\/ -->\n<title>Dague d&#039;honneur SS Schutzstaffel - Vente Dague historique - RMC<\/title>\n<meta name=\"description\" content=\"Offrez-vous la Dague d&#039;honneur SS Schutzstaffel de 1933 au meilleur prix - Lame acier avec inscription - Fourreau avec chainette - Longueur totale : 39.5 cm\" \/>\n<meta name=\"robots\" content=\"index, follow, max-snippet:-1, max-image-preview:large, max-video-preview:-1\" \/>\n<link rel=\"canonical\" href=\"https:\/\/repliquemangacine.fr\/de\/dolche-und-zubehor-zweiter-weltkrieg-militarisches-material\/dagger-dhonneur-ss-schutzstaffel-dagger-historisch-deutsch\/\" \/>\n<meta property=\"og:locale\" content=\"de_DE\" \/>\n<meta property=\"og:type\" content=\"article\" \/>\n<meta property=\"og:title\" content=\"Dague d&#039;honneur SS Schutzstaffel - Vente Dague historique - RMC\" \/>\n<meta property=\"og:description\" content=\"Offrez-vous la Dague d&#039;honneur SS Schutzstaffel de 1933 au meilleur prix - Lame acier avec inscription - Fourreau avec chainette - Longueur totale : 39.5 cm\" \/>\n<meta property=\"og:url\" content=\"https:\/\/repliquemangacine.fr\/de\/dolche-und-zubehor-zweiter-weltkrieg-militarisches-material\/dagger-dhonneur-ss-schutzstaffel-dagger-historisch-deutsch\/\" \/>\n<meta property=\"og:site_name\" content=\"R\u00e9plique Manga Cin\u00e9\" \/>\n<meta property=\"article:publisher\" content=\"https:\/\/www.facebook.com\/RepliqueMangaCine\" \/>\n<meta property=\"article:modified_time\" content=\"2025-11-14T19:00:02+00:00\" \/>\n<meta property=\"og:image\" content=\"https:\/\/repliquemangacine.fr\/wp-content\/uploads\/2023\/10\/2229-Dague-de-ceremonie-Allemande-Dague-dhonneur-SS.jpg\" \/>\n\t<meta property=\"og:image:width\" content=\"600\" \/>\n\t<meta property=\"og:image:height\" content=\"600\" \/>\n\t<meta property=\"og:image:type\" content=\"image\/jpeg\" \/>\n<meta name=\"twitter:card\" content=\"summary_large_image\" \/>\n<meta name=\"twitter:label1\" content=\"Gesch\u00e4tzte Lesezeit\" \/>\n\t<meta name=\"twitter:data1\" content=\"2\u00a0Minuten\" \/>\n<script type=\"application\/ld+json\" class=\"yoast-schema-graph\">{\"@context\":\"https:\\\/\\\/schema.org\",\"@graph\":[{\"@type\":\"WebPage\",\"@id\":\"https:\\\/\\\/repliquemangacine.fr\\\/dagues-et-accessoires-seconde-guerre-mondiale-materiels-militaria\\\/dague-dhonneur-ss-schutzstaffel-dague-historique-allemande\\\/\",\"url\":\"https:\\\/\\\/repliquemangacine.fr\\\/dagues-et-accessoires-seconde-guerre-mondiale-materiels-militaria\\\/dague-dhonneur-ss-schutzstaffel-dague-historique-allemande\\\/\",\"name\":\"Dague d'honneur SS Schutzstaffel - Vente Dague historique - RMC\",\"isPartOf\":{\"@id\":\"https:\\\/\\\/repliquemangacine.fr\\\/#website\"},\"primaryImageOfPage\":{\"@id\":\"https:\\\/\\\/repliquemangacine.fr\\\/dagues-et-accessoires-seconde-guerre-mondiale-materiels-militaria\\\/dague-dhonneur-ss-schutzstaffel-dague-historique-allemande\\\/#primaryimage\"},\"image\":{\"@id\":\"https:\\\/\\\/repliquemangacine.fr\\\/dagues-et-accessoires-seconde-guerre-mondiale-materiels-militaria\\\/dague-dhonneur-ss-schutzstaffel-dague-historique-allemande\\\/#primaryimage\"},\"thumbnailUrl\":\"https:\\\/\\\/repliquemangacine.fr\\\/wp-content\\\/uploads\\\/2023\\\/10\\\/2229-Dague-de-ceremonie-Allemande-Dague-dhonneur-SS.jpg\",\"datePublished\":\"2017-07-22T16:20:47+00:00\",\"dateModified\":\"2025-11-14T19:00:02+00:00\",\"description\":\"Offrez-vous la Dague d'honneur SS Schutzstaffel de 1933 au meilleur prix - Lame acier avec inscription - Fourreau avec chainette - Longueur totale : 39.5 cm\",\"breadcrumb\":{\"@id\":\"https:\\\/\\\/repliquemangacine.fr\\\/dagues-et-accessoires-seconde-guerre-mondiale-materiels-militaria\\\/dague-dhonneur-ss-schutzstaffel-dague-historique-allemande\\\/#breadcrumb\"},\"inLanguage\":\"de\",\"potentialAction\":[{\"@type\":\"ReadAction\",\"target\":[\"https:\\\/\\\/repliquemangacine.fr\\\/dagues-et-accessoires-seconde-guerre-mondiale-materiels-militaria\\\/dague-dhonneur-ss-schutzstaffel-dague-historique-allemande\\\/\"]}]},{\"@type\":\"ImageObject\",\"inLanguage\":\"de\",\"@id\":\"https:\\\/\\\/repliquemangacine.fr\\\/dagues-et-accessoires-seconde-guerre-mondiale-materiels-militaria\\\/dague-dhonneur-ss-schutzstaffel-dague-historique-allemande\\\/#primaryimage\",\"url\":\"https:\\\/\\\/repliquemangacine.fr\\\/wp-content\\\/uploads\\\/2023\\\/10\\\/2229-Dague-de-ceremonie-Allemande-Dague-dhonneur-SS.jpg\",\"contentUrl\":\"https:\\\/\\\/repliquemangacine.fr\\\/wp-content\\\/uploads\\\/2023\\\/10\\\/2229-Dague-de-ceremonie-Allemande-Dague-dhonneur-SS.jpg\",\"width\":600,\"height\":600,\"caption\":\"Dague d'honneur SS Schutzstaffel\"},{\"@type\":\"BreadcrumbList\",\"@id\":\"https:\\\/\\\/repliquemangacine.fr\\\/dagues-et-accessoires-seconde-guerre-mondiale-materiels-militaria\\\/dague-dhonneur-ss-schutzstaffel-dague-historique-allemande\\\/#breadcrumb\",\"itemListElement\":[{\"@type\":\"ListItem\",\"position\":1,\"name\":\"Accueil\",\"item\":\"https:\\\/\\\/repliquemangacine.fr\\\/\"},{\"@type\":\"ListItem\",\"position\":2,\"name\":\"Produits\",\"item\":\"https:\\\/\\\/repliquemangacine.fr\\\/boutique\\\/\"},{\"@type\":\"ListItem\",\"position\":3,\"name\":\"Dague d&#8217;honneur SS Schutzstaffel\"}]},{\"@type\":\"WebSite\",\"@id\":\"https:\\\/\\\/repliquemangacine.fr\\\/#website\",\"url\":\"https:\\\/\\\/repliquemangacine.fr\\\/\",\"name\":\"R\u00e9plique Manga Cin\u00e9\",\"description\":\"\",\"publisher\":{\"@id\":\"https:\\\/\\\/repliquemangacine.fr\\\/#organization\"},\"potentialAction\":[{\"@type\":\"SearchAction\",\"target\":{\"@type\":\"EntryPoint\",\"urlTemplate\":\"https:\\\/\\\/repliquemangacine.fr\\\/?s={search_term_string}\"},\"query-input\":{\"@type\":\"PropertyValueSpecification\",\"valueRequired\":true,\"valueName\":\"search_term_string\"}}],\"inLanguage\":\"de\"},{\"@type\":\"Organization\",\"@id\":\"https:\\\/\\\/repliquemangacine.fr\\\/#organization\",\"name\":\"R\u00e9plique Manga Cin\u00e9\",\"url\":\"https:\\\/\\\/repliquemangacine.fr\\\/\",\"logo\":{\"@type\":\"ImageObject\",\"inLanguage\":\"de\",\"@id\":\"https:\\\/\\\/repliquemangacine.fr\\\/#\\\/schema\\\/logo\\\/image\\\/\",\"url\":\"https:\\\/\\\/repliquemangacine.fr\\\/wp-content\\\/uploads\\\/2023\\\/10\\\/RMC-500250.png\",\"contentUrl\":\"https:\\\/\\\/repliquemangacine.fr\\\/wp-content\\\/uploads\\\/2023\\\/10\\\/RMC-500250.png\",\"width\":500,\"height\":250,\"caption\":\"R\u00e9plique Manga Cin\u00e9\"},\"image\":{\"@id\":\"https:\\\/\\\/repliquemangacine.fr\\\/#\\\/schema\\\/logo\\\/image\\\/\"},\"sameAs\":[\"https:\\\/\\\/www.facebook.com\\\/RepliqueMangaCine\",\"https:\\\/\\\/www.instagram.com\\\/repliquemangacine.fr\\\/\"]}]}<\/script>\n<!-- \/ Yoast SEO plugin. -->","yoast_head_json":{"title":"Ehrendolch SS Schutzstaffel - Historischer Dolch Verkauf - RMC","description":"Bieten Sie den Ehrendolch SS Schutzstaffel von 1933 zum besten Preis an - Stahlklinge mit Inschrift - Scheide mit Kette - Gesamtl\u00e4nge: 39.5 cm","robots":{"index":"index","follow":"follow","max-snippet":"max-snippet:-1","max-image-preview":"max-image-preview:large","max-video-preview":"max-video-preview:-1"},"canonical":"https:\/\/repliquemangacine.fr\/de\/dolche-und-zubehor-zweiter-weltkrieg-militarisches-material\/dagger-dhonneur-ss-schutzstaffel-dagger-historisch-deutsch\/","og_locale":"de_DE","og_type":"article","og_title":"Dague d'honneur SS Schutzstaffel - Vente Dague historique - RMC","og_description":"Offrez-vous la Dague d'honneur SS Schutzstaffel de 1933 au meilleur prix - Lame acier avec inscription - Fourreau avec chainette - Longueur totale : 39.5 cm","og_url":"https:\/\/repliquemangacine.fr\/de\/dolche-und-zubehor-zweiter-weltkrieg-militarisches-material\/dagger-dhonneur-ss-schutzstaffel-dagger-historisch-deutsch\/","og_site_name":"R\u00e9plique Manga Cin\u00e9","article_publisher":"https:\/\/www.facebook.com\/RepliqueMangaCine","article_modified_time":"2025-11-14T19:00:02+00:00","og_image":[{"width":600,"height":600,"url":"https:\/\/repliquemangacine.fr\/wp-content\/uploads\/2023\/10\/2229-Dague-de-ceremonie-Allemande-Dague-dhonneur-SS.jpg","type":"image\/jpeg"}],"twitter_card":"summary_large_image","twitter_misc":{"Gesch\u00e4tzte Lesezeit":"2\u00a0Minuten"},"schema":{"@context":"https:\/\/schema.org","@graph":[{"@type":"WebPage","@id":"https:\/\/repliquemangacine.fr\/dagues-et-accessoires-seconde-guerre-mondiale-materiels-militaria\/dague-dhonneur-ss-schutzstaffel-dague-historique-allemande\/","url":"https:\/\/repliquemangacine.fr\/dagues-et-accessoires-seconde-guerre-mondiale-materiels-militaria\/dague-dhonneur-ss-schutzstaffel-dague-historique-allemande\/","name":"Ehrendolch SS Schutzstaffel - Historischer Dolch Verkauf - RMC","isPartOf":{"@id":"https:\/\/repliquemangacine.fr\/#website"},"primaryImageOfPage":{"@id":"https:\/\/repliquemangacine.fr\/dagues-et-accessoires-seconde-guerre-mondiale-materiels-militaria\/dague-dhonneur-ss-schutzstaffel-dague-historique-allemande\/#primaryimage"},"image":{"@id":"https:\/\/repliquemangacine.fr\/dagues-et-accessoires-seconde-guerre-mondiale-materiels-militaria\/dague-dhonneur-ss-schutzstaffel-dague-historique-allemande\/#primaryimage"},"thumbnailUrl":"https:\/\/repliquemangacine.fr\/wp-content\/uploads\/2023\/10\/2229-Dague-de-ceremonie-Allemande-Dague-dhonneur-SS.jpg","datePublished":"2017-07-22T16:20:47+00:00","dateModified":"2025-11-14T19:00:02+00:00","description":"Bieten Sie den Ehrendolch SS Schutzstaffel von 1933 zum besten Preis an - Stahlklinge mit Inschrift - Scheide mit Kette - Gesamtl\u00e4nge: 39.5 cm","breadcrumb":{"@id":"https:\/\/repliquemangacine.fr\/dagues-et-accessoires-seconde-guerre-mondiale-materiels-militaria\/dague-dhonneur-ss-schutzstaffel-dague-historique-allemande\/#breadcrumb"},"inLanguage":"de","potentialAction":[{"@type":"ReadAction","target":["https:\/\/repliquemangacine.fr\/dagues-et-accessoires-seconde-guerre-mondiale-materiels-militaria\/dague-dhonneur-ss-schutzstaffel-dague-historique-allemande\/"]}]},{"@type":"ImageObject","inLanguage":"de","@id":"https:\/\/repliquemangacine.fr\/dagues-et-accessoires-seconde-guerre-mondiale-materiels-militaria\/dague-dhonneur-ss-schutzstaffel-dague-historique-allemande\/#primaryimage","url":"https:\/\/repliquemangacine.fr\/wp-content\/uploads\/2023\/10\/2229-Dague-de-ceremonie-Allemande-Dague-dhonneur-SS.jpg","contentUrl":"https:\/\/repliquemangacine.fr\/wp-content\/uploads\/2023\/10\/2229-Dague-de-ceremonie-Allemande-Dague-dhonneur-SS.jpg","width":600,"height":600,"caption":"Dague d'honneur SS Schutzstaffel"},{"@type":"BreadcrumbList","@id":"https:\/\/repliquemangacine.fr\/dagues-et-accessoires-seconde-guerre-mondiale-materiels-militaria\/dague-dhonneur-ss-schutzstaffel-dague-historique-allemande\/#breadcrumb","itemListElement":[{"@type":"ListItem","position":1,"name":"Accueil","item":"https:\/\/repliquemangacine.fr\/"},{"@type":"ListItem","position":2,"name":"Produits","item":"https:\/\/repliquemangacine.fr\/boutique\/"},{"@type":"ListItem","position":3,"name":"Dague d&#8217;honneur SS Schutzstaffel"}]},{"@type":"WebSite","@id":"https:\/\/repliquemangacine.fr\/#website","url":"https:\/\/repliquemangacine.fr\/","name":"R\u00e9plique Manga Cin\u00e9","description":"","publisher":{"@id":"https:\/\/repliquemangacine.fr\/#organization"},"potentialAction":[{"@type":"SearchAction","target":{"@type":"EntryPoint","urlTemplate":"https:\/\/repliquemangacine.fr\/?s={search_term_string}"},"query-input":{"@type":"PropertyValueSpecification","valueRequired":true,"valueName":"search_term_string"}}],"inLanguage":"de"},{"@type":"Organization","@id":"https:\/\/repliquemangacine.fr\/#organization","name":"R\u00e9plique Manga Cin\u00e9","url":"https:\/\/repliquemangacine.fr\/","logo":{"@type":"ImageObject","inLanguage":"de","@id":"https:\/\/repliquemangacine.fr\/#\/schema\/logo\/image\/","url":"https:\/\/repliquemangacine.fr\/wp-content\/uploads\/2023\/10\/RMC-500250.png","contentUrl":"https:\/\/repliquemangacine.fr\/wp-content\/uploads\/2023\/10\/RMC-500250.png","width":500,"height":250,"caption":"R\u00e9plique Manga Cin\u00e9"},"image":{"@id":"https:\/\/repliquemangacine.fr\/#\/schema\/logo\/image\/"},"sameAs":["https:\/\/www.facebook.com\/RepliqueMangaCine","https:\/\/www.instagram.com\/repliquemangacine.fr\/"]}]}},"_links":{"self":[{"href":"https:\/\/repliquemangacine.fr\/de\/wp-json\/wp\/v2\/product\/27436","targetHints":{"allow":["GET"]}}],"collection":[{"href":"https:\/\/repliquemangacine.fr\/de\/wp-json\/wp\/v2\/product"}],"about":[{"href":"https:\/\/repliquemangacine.fr\/de\/wp-json\/wp\/v2\/types\/product"}],"wp:featuredmedia":[{"embeddable":true,"href":"https:\/\/repliquemangacine.fr\/de\/wp-json\/wp\/v2\/media\/27437"}],"wp:attachment":[{"href":"https:\/\/repliquemangacine.fr\/de\/wp-json\/wp\/v2\/media?parent=27436"}],"wp:term":[{"taxonomy":"product_brand","embeddable":true,"href":"https:\/\/repliquemangacine.fr\/de\/wp-json\/wp\/v2\/product_brand?post=27436"},{"taxonomy":"product_cat","embeddable":true,"href":"https:\/\/repliquemangacine.fr\/de\/wp-json\/wp\/v2\/product_cat?post=27436"},{"taxonomy":"product_tag","embeddable":true,"href":"https:\/\/repliquemangacine.fr\/de\/wp-json\/wp\/v2\/product_tag?post=27436"}],"curies":[{"name":"wp","href":"https:\/\/api.w.org\/{rel}","templated":true}]}}