





{"id":27430,"date":"2017-07-22T15:05:20","date_gmt":"2017-07-22T13:05:20","guid":{"rendered":"https:\/\/repliquemangacine.fr\/?post_type=product&#038;p=27430"},"modified":"2026-03-20T17:56:21","modified_gmt":"2026-03-20T16:56:21","slug":"piratengeldbeutel-mit-munzen","status":"publish","type":"product","link":"https:\/\/repliquemangacine.fr\/de\/sabre-dabordage-de-pirate\/bourse-de-pirate-avec-monnaie\/","title":{"rendered":"Piratenb\u00f6rse mit W\u00e4hrung"},"content":{"rendered":"<h2>Replik der Piratenb\u00f6rse.<\/h2>\n<p>Die Piratenb\u00f6rse ist ein wichtiges Accessoire f\u00fcr deine Verkleidung.<\/p>\n<p>Die Piraten, die im Karibischen Meer ihr Unwesen trieben, wurden manchmal f\u00e4lschlicherweise als Bukaniere bezeichnet. Piraten unterscheiden sich von Freibeutern, bei denen es sich um Zivilisten handelt, die mit Genehmigung ihrer Regierung nach Kriegsrecht auf See Krieg f\u00fchren und einen Status haben, der dem des Milit\u00e4rs entspricht.<\/p>\n<p>Entgegen dem von Filmfiktionen verbreiteten Bild wurden aufgrund ihres Lebensstils nur wenige Piraten satt oder reich, die meisten starben jung im Kampf.<\/p>\n<p>Die Praxis der Piraterie war \u00fcberwiegend m\u00e4nnlich, aber es gab auch weibliche Piraten. Ber\u00fchmte Namen wie Mary Read und Anne Bonny sind daf\u00fcr bekannt, dass sie mit dem Piraten Jack Rackham zur See fuhren.<\/p>\n<h3>Wir bieten Ihnen eine gro\u00dfe Auswahl an Repliken aus der Zeit der Piraterie.<\/h3>\n<p>Zun\u00e4chst einmal,<\/p>\n<ul>\n<li>Die Reproduktion des <a href=\"https:\/\/repliquemangacine.fr\/de\/assassins-creed\/pistole-axt-piraten-18-jahrhundert\/\">Axtpistole Piraten<\/a>. Die Gun Axe findet man in Assassin's Creed Unity: Dead Kings<\/li>\n<li>Es gibt auch den<a href=\"https:\/\/repliquemangacine.fr\/de\/piratenwaffen\/enterpiraten-sabel-sabel-topf-loffel\/\"> s\u00e4bel topf l\u00f6ffel<\/a> aus dem 16. Jahrhundert. Dieser von der franz\u00f6sischen Kriegsmarine verwendete Entermesser<\/li>\n<li>Sowie das <a href=\"https:\/\/repliquemangacine.fr\/de\/piratenwaffen\/piratensabel-freibeutersabel\/\">Entermesser Flibustier<\/a> ist eine Blankwaffe, die in der Marine verwendet wird.<\/li>\n<li>Und viele andere mehr.<\/li>\n<\/ul>\n<p>Deshalb ist dies eine tolle Geschenkidee f\u00fcr alle Piratenfans.<\/p>\n<h3>Sie k\u00f6nnen die Piratenb\u00f6rse f\u00fcr Ihre Cosplay-Paraden oder Themenpartys verwenden.<\/h3>\n<p>Vor allem ist dieses Schwert ein Sammler- und Dekorationsst\u00fcck.<\/p>\n<p>R\u00e9plique Manga Cin\u00e9 ist ein franz\u00f6sisches Familienunternehmen und offizieller Vertriebspartner der Marke <a href=\"https:\/\/www.denix.fr\/fr\/catalogue\/colonial-et-pirate-1492-s-xviii\/maroquinerie\/715\/\">Denix<\/a>.<\/p>\n<p>Wir m\u00f6chten Sie darauf hinweisen, dass alle unsere Repliken Sammlerst\u00fccke und Dekorationen sind. Sie k\u00f6nnen sie f\u00fcr historische Rekonstruktionen, Cosplay-Paraden oder als Innendekoration verwenden. Daher ist es nicht m\u00f6glich, sich mit den Repliken an \u00f6ffentlichen Orten aufzuhalten.<\/p>","protected":false},"excerpt":{"rendered":"<p>Das h\u00e4tte man sich denken k\u00f6nnen! Denix \u00fcberrascht uns erneut mit diesem kleinen Piratengeldbeutel<\/p>\n<ul>\n<li>Ganz aus Leder mit Piratenlogo.<\/li>\n<li>Sie finden es im Inneren:<\/li>\n<li>- 2 M\u00fcnzen Escudos (Dublette) - 2 M\u00fcnzen Escudos gepr\u00e4gt Sevilla - 2 M\u00fcnzen 8 Silber - 2 M\u00fcnzen 100 Escudos<\/li>\n<li>Diese B\u00f6rse wird f\u00fcr Ihre Verkleidungen und Cosplays unverzichtbar sein.<\/li>\n<\/ul>","protected":false},"featured_media":27431,"template":"","meta":[],"product_brand":[896],"product_cat":[49,25,115],"product_tag":[],"class_list":{"0":"post-27430","1":"product","2":"type-product","3":"status-publish","4":"has-post-thumbnail","6":"product_brand-replique-manga-cine","7":"product_cat-armes-de-pirates","8":"product_cat-armes-historiques","9":"product_cat-sabre-dabordage-de-pirate","11":"first","12":"instock","13":"taxable","14":"shipping-taxable","15":"purchasable","16":"product-type-simple"},"yoast_head":"<!-- This site is optimized with the Yoast SEO plugin v27.5 - https:\/\/yoast.com\/product\/yoast-seo-wordpress\/ -->\n<title>Bourse de pirate avec pi\u00e8ce - Accessoire d\u00e9guisement pirate -RMC<\/title>\n<meta name=\"description\" content=\"Denix nous propose cette Bourse de pirate en cuir avec 8 pi\u00e8ces escudos \u00e0 l&#039;int\u00e9rieur. C&#039;est l&#039;accessoire indispensable pour votre d\u00e9guisements.\" \/>\n<meta name=\"robots\" content=\"index, follow, max-snippet:-1, max-image-preview:large, max-video-preview:-1\" \/>\n<link rel=\"canonical\" href=\"https:\/\/repliquemangacine.fr\/de\/piratenbeiser-sabel\/piratengeldbeutel-mit-munzen\/\" \/>\n<meta property=\"og:locale\" content=\"de_DE\" \/>\n<meta property=\"og:type\" content=\"article\" \/>\n<meta property=\"og:title\" content=\"Bourse de pirate avec pi\u00e8ce - Accessoire d\u00e9guisement pirate -RMC\" \/>\n<meta property=\"og:description\" content=\"Denix nous propose cette Bourse de pirate en cuir avec 8 pi\u00e8ces escudos \u00e0 l&#039;int\u00e9rieur. C&#039;est l&#039;accessoire indispensable pour votre d\u00e9guisements.\" \/>\n<meta property=\"og:url\" content=\"https:\/\/repliquemangacine.fr\/de\/piratenbeiser-sabel\/piratengeldbeutel-mit-munzen\/\" \/>\n<meta property=\"og:site_name\" content=\"R\u00e9plique Manga Cin\u00e9\" \/>\n<meta property=\"article:publisher\" content=\"https:\/\/www.facebook.com\/RepliqueMangaCine\" \/>\n<meta property=\"article:modified_time\" content=\"2026-03-20T16:56:21+00:00\" \/>\n<meta property=\"og:image\" content=\"https:\/\/repliquemangacine.fr\/wp-content\/uploads\/2023\/10\/2225-Bourse-de-pirates-avec-monnaie.jpg\" \/>\n\t<meta property=\"og:image:width\" content=\"600\" \/>\n\t<meta property=\"og:image:height\" content=\"600\" \/>\n\t<meta property=\"og:image:type\" content=\"image\/jpeg\" \/>\n<meta name=\"twitter:card\" content=\"summary_large_image\" \/>\n<meta name=\"twitter:label1\" content=\"Gesch\u00e4tzte Lesezeit\" \/>\n\t<meta name=\"twitter:data1\" content=\"2\u00a0Minuten\" \/>\n<script type=\"application\/ld+json\" class=\"yoast-schema-graph\">{\"@context\":\"https:\\\/\\\/schema.org\",\"@graph\":[{\"@type\":\"WebPage\",\"@id\":\"https:\\\/\\\/repliquemangacine.fr\\\/sabre-dabordage-de-pirate\\\/bourse-de-pirate-avec-monnaie\\\/\",\"url\":\"https:\\\/\\\/repliquemangacine.fr\\\/sabre-dabordage-de-pirate\\\/bourse-de-pirate-avec-monnaie\\\/\",\"name\":\"Bourse de pirate avec pi\u00e8ce - Accessoire d\u00e9guisement pirate -RMC\",\"isPartOf\":{\"@id\":\"https:\\\/\\\/repliquemangacine.fr\\\/#website\"},\"primaryImageOfPage\":{\"@id\":\"https:\\\/\\\/repliquemangacine.fr\\\/sabre-dabordage-de-pirate\\\/bourse-de-pirate-avec-monnaie\\\/#primaryimage\"},\"image\":{\"@id\":\"https:\\\/\\\/repliquemangacine.fr\\\/sabre-dabordage-de-pirate\\\/bourse-de-pirate-avec-monnaie\\\/#primaryimage\"},\"thumbnailUrl\":\"https:\\\/\\\/repliquemangacine.fr\\\/wp-content\\\/uploads\\\/2023\\\/10\\\/2225-Bourse-de-pirates-avec-monnaie.jpg\",\"datePublished\":\"2017-07-22T13:05:20+00:00\",\"dateModified\":\"2026-03-20T16:56:21+00:00\",\"description\":\"Denix nous propose cette Bourse de pirate en cuir avec 8 pi\u00e8ces escudos \u00e0 l'int\u00e9rieur. C'est l'accessoire indispensable pour votre d\u00e9guisements.\",\"breadcrumb\":{\"@id\":\"https:\\\/\\\/repliquemangacine.fr\\\/sabre-dabordage-de-pirate\\\/bourse-de-pirate-avec-monnaie\\\/#breadcrumb\"},\"inLanguage\":\"de\",\"potentialAction\":[{\"@type\":\"ReadAction\",\"target\":[\"https:\\\/\\\/repliquemangacine.fr\\\/sabre-dabordage-de-pirate\\\/bourse-de-pirate-avec-monnaie\\\/\"]}]},{\"@type\":\"ImageObject\",\"inLanguage\":\"de\",\"@id\":\"https:\\\/\\\/repliquemangacine.fr\\\/sabre-dabordage-de-pirate\\\/bourse-de-pirate-avec-monnaie\\\/#primaryimage\",\"url\":\"https:\\\/\\\/repliquemangacine.fr\\\/wp-content\\\/uploads\\\/2023\\\/10\\\/2225-Bourse-de-pirates-avec-monnaie.jpg\",\"contentUrl\":\"https:\\\/\\\/repliquemangacine.fr\\\/wp-content\\\/uploads\\\/2023\\\/10\\\/2225-Bourse-de-pirates-avec-monnaie.jpg\",\"width\":600,\"height\":600,\"caption\":\"Bourse de pirates avec monnaie\"},{\"@type\":\"BreadcrumbList\",\"@id\":\"https:\\\/\\\/repliquemangacine.fr\\\/sabre-dabordage-de-pirate\\\/bourse-de-pirate-avec-monnaie\\\/#breadcrumb\",\"itemListElement\":[{\"@type\":\"ListItem\",\"position\":1,\"name\":\"Accueil\",\"item\":\"https:\\\/\\\/repliquemangacine.fr\\\/\"},{\"@type\":\"ListItem\",\"position\":2,\"name\":\"Produits\",\"item\":\"https:\\\/\\\/repliquemangacine.fr\\\/boutique\\\/\"},{\"@type\":\"ListItem\",\"position\":3,\"name\":\"Bourse de pirates avec monnaie\"}]},{\"@type\":\"WebSite\",\"@id\":\"https:\\\/\\\/repliquemangacine.fr\\\/#website\",\"url\":\"https:\\\/\\\/repliquemangacine.fr\\\/\",\"name\":\"R\u00e9plique Manga Cin\u00e9\",\"description\":\"\",\"publisher\":{\"@id\":\"https:\\\/\\\/repliquemangacine.fr\\\/#organization\"},\"potentialAction\":[{\"@type\":\"SearchAction\",\"target\":{\"@type\":\"EntryPoint\",\"urlTemplate\":\"https:\\\/\\\/repliquemangacine.fr\\\/?s={search_term_string}\"},\"query-input\":{\"@type\":\"PropertyValueSpecification\",\"valueRequired\":true,\"valueName\":\"search_term_string\"}}],\"inLanguage\":\"de\"},{\"@type\":\"Organization\",\"@id\":\"https:\\\/\\\/repliquemangacine.fr\\\/#organization\",\"name\":\"R\u00e9plique Manga Cin\u00e9\",\"url\":\"https:\\\/\\\/repliquemangacine.fr\\\/\",\"logo\":{\"@type\":\"ImageObject\",\"inLanguage\":\"de\",\"@id\":\"https:\\\/\\\/repliquemangacine.fr\\\/#\\\/schema\\\/logo\\\/image\\\/\",\"url\":\"https:\\\/\\\/repliquemangacine.fr\\\/wp-content\\\/uploads\\\/2023\\\/10\\\/RMC-500250.png\",\"contentUrl\":\"https:\\\/\\\/repliquemangacine.fr\\\/wp-content\\\/uploads\\\/2023\\\/10\\\/RMC-500250.png\",\"width\":500,\"height\":250,\"caption\":\"R\u00e9plique Manga Cin\u00e9\"},\"image\":{\"@id\":\"https:\\\/\\\/repliquemangacine.fr\\\/#\\\/schema\\\/logo\\\/image\\\/\"},\"sameAs\":[\"https:\\\/\\\/www.facebook.com\\\/RepliqueMangaCine\",\"https:\\\/\\\/www.instagram.com\\\/repliquemangacine.fr\\\/\"]}]}<\/script>\n<!-- \/ Yoast SEO plugin. -->","yoast_head_json":{"title":"Piratenb\u00f6rse mit M\u00fcnze - Zubeh\u00f6r Piratenkost\u00fcm -RMC","description":"Denix bietet uns diese Piratenb\u00f6rse aus Leder mit 8 Escudos-M\u00fcnzen im Inneren. Sie ist ein unverzichtbares Accessoire f\u00fcr Ihr Kost\u00fcm.","robots":{"index":"index","follow":"follow","max-snippet":"max-snippet:-1","max-image-preview":"max-image-preview:large","max-video-preview":"max-video-preview:-1"},"canonical":"https:\/\/repliquemangacine.fr\/de\/piratenbeiser-sabel\/piratengeldbeutel-mit-munzen\/","og_locale":"de_DE","og_type":"article","og_title":"Bourse de pirate avec pi\u00e8ce - Accessoire d\u00e9guisement pirate -RMC","og_description":"Denix nous propose cette Bourse de pirate en cuir avec 8 pi\u00e8ces escudos \u00e0 l'int\u00e9rieur. C'est l'accessoire indispensable pour votre d\u00e9guisements.","og_url":"https:\/\/repliquemangacine.fr\/de\/piratenbeiser-sabel\/piratengeldbeutel-mit-munzen\/","og_site_name":"R\u00e9plique Manga Cin\u00e9","article_publisher":"https:\/\/www.facebook.com\/RepliqueMangaCine","article_modified_time":"2026-03-20T16:56:21+00:00","og_image":[{"width":600,"height":600,"url":"https:\/\/repliquemangacine.fr\/wp-content\/uploads\/2023\/10\/2225-Bourse-de-pirates-avec-monnaie.jpg","type":"image\/jpeg"}],"twitter_card":"summary_large_image","twitter_misc":{"Gesch\u00e4tzte Lesezeit":"2\u00a0Minuten"},"schema":{"@context":"https:\/\/schema.org","@graph":[{"@type":"WebPage","@id":"https:\/\/repliquemangacine.fr\/sabre-dabordage-de-pirate\/bourse-de-pirate-avec-monnaie\/","url":"https:\/\/repliquemangacine.fr\/sabre-dabordage-de-pirate\/bourse-de-pirate-avec-monnaie\/","name":"Piratenb\u00f6rse mit M\u00fcnze - Zubeh\u00f6r Piratenkost\u00fcm -RMC","isPartOf":{"@id":"https:\/\/repliquemangacine.fr\/#website"},"primaryImageOfPage":{"@id":"https:\/\/repliquemangacine.fr\/sabre-dabordage-de-pirate\/bourse-de-pirate-avec-monnaie\/#primaryimage"},"image":{"@id":"https:\/\/repliquemangacine.fr\/sabre-dabordage-de-pirate\/bourse-de-pirate-avec-monnaie\/#primaryimage"},"thumbnailUrl":"https:\/\/repliquemangacine.fr\/wp-content\/uploads\/2023\/10\/2225-Bourse-de-pirates-avec-monnaie.jpg","datePublished":"2017-07-22T13:05:20+00:00","dateModified":"2026-03-20T16:56:21+00:00","description":"Denix bietet uns diese Piratenb\u00f6rse aus Leder mit 8 Escudos-M\u00fcnzen im Inneren. Sie ist ein unverzichtbares Accessoire f\u00fcr Ihr Kost\u00fcm.","breadcrumb":{"@id":"https:\/\/repliquemangacine.fr\/sabre-dabordage-de-pirate\/bourse-de-pirate-avec-monnaie\/#breadcrumb"},"inLanguage":"de","potentialAction":[{"@type":"ReadAction","target":["https:\/\/repliquemangacine.fr\/sabre-dabordage-de-pirate\/bourse-de-pirate-avec-monnaie\/"]}]},{"@type":"ImageObject","inLanguage":"de","@id":"https:\/\/repliquemangacine.fr\/sabre-dabordage-de-pirate\/bourse-de-pirate-avec-monnaie\/#primaryimage","url":"https:\/\/repliquemangacine.fr\/wp-content\/uploads\/2023\/10\/2225-Bourse-de-pirates-avec-monnaie.jpg","contentUrl":"https:\/\/repliquemangacine.fr\/wp-content\/uploads\/2023\/10\/2225-Bourse-de-pirates-avec-monnaie.jpg","width":600,"height":600,"caption":"Bourse de pirates avec monnaie"},{"@type":"BreadcrumbList","@id":"https:\/\/repliquemangacine.fr\/sabre-dabordage-de-pirate\/bourse-de-pirate-avec-monnaie\/#breadcrumb","itemListElement":[{"@type":"ListItem","position":1,"name":"Accueil","item":"https:\/\/repliquemangacine.fr\/"},{"@type":"ListItem","position":2,"name":"Produits","item":"https:\/\/repliquemangacine.fr\/boutique\/"},{"@type":"ListItem","position":3,"name":"Bourse de pirates avec monnaie"}]},{"@type":"WebSite","@id":"https:\/\/repliquemangacine.fr\/#website","url":"https:\/\/repliquemangacine.fr\/","name":"R\u00e9plique Manga Cin\u00e9","description":"","publisher":{"@id":"https:\/\/repliquemangacine.fr\/#organization"},"potentialAction":[{"@type":"SearchAction","target":{"@type":"EntryPoint","urlTemplate":"https:\/\/repliquemangacine.fr\/?s={search_term_string}"},"query-input":{"@type":"PropertyValueSpecification","valueRequired":true,"valueName":"search_term_string"}}],"inLanguage":"de"},{"@type":"Organization","@id":"https:\/\/repliquemangacine.fr\/#organization","name":"R\u00e9plique Manga Cin\u00e9","url":"https:\/\/repliquemangacine.fr\/","logo":{"@type":"ImageObject","inLanguage":"de","@id":"https:\/\/repliquemangacine.fr\/#\/schema\/logo\/image\/","url":"https:\/\/repliquemangacine.fr\/wp-content\/uploads\/2023\/10\/RMC-500250.png","contentUrl":"https:\/\/repliquemangacine.fr\/wp-content\/uploads\/2023\/10\/RMC-500250.png","width":500,"height":250,"caption":"R\u00e9plique Manga Cin\u00e9"},"image":{"@id":"https:\/\/repliquemangacine.fr\/#\/schema\/logo\/image\/"},"sameAs":["https:\/\/www.facebook.com\/RepliqueMangaCine","https:\/\/www.instagram.com\/repliquemangacine.fr\/"]}]}},"_links":{"self":[{"href":"https:\/\/repliquemangacine.fr\/de\/wp-json\/wp\/v2\/product\/27430","targetHints":{"allow":["GET"]}}],"collection":[{"href":"https:\/\/repliquemangacine.fr\/de\/wp-json\/wp\/v2\/product"}],"about":[{"href":"https:\/\/repliquemangacine.fr\/de\/wp-json\/wp\/v2\/types\/product"}],"wp:featuredmedia":[{"embeddable":true,"href":"https:\/\/repliquemangacine.fr\/de\/wp-json\/wp\/v2\/media\/27431"}],"wp:attachment":[{"href":"https:\/\/repliquemangacine.fr\/de\/wp-json\/wp\/v2\/media?parent=27430"}],"wp:term":[{"taxonomy":"product_brand","embeddable":true,"href":"https:\/\/repliquemangacine.fr\/de\/wp-json\/wp\/v2\/product_brand?post=27430"},{"taxonomy":"product_cat","embeddable":true,"href":"https:\/\/repliquemangacine.fr\/de\/wp-json\/wp\/v2\/product_cat?post=27430"},{"taxonomy":"product_tag","embeddable":true,"href":"https:\/\/repliquemangacine.fr\/de\/wp-json\/wp\/v2\/product_tag?post=27430"}],"curies":[{"name":"wp","href":"https:\/\/api.w.org\/{rel}","templated":true}]}}