





{"id":27425,"date":"2017-07-22T14:50:24","date_gmt":"2017-07-22T12:50:24","guid":{"rendered":"https:\/\/repliquemangacine.fr\/?post_type=product&#038;p=27425"},"modified":"2026-03-20T17:56:21","modified_gmt":"2026-03-20T16:56:21","slug":"100-escudos-munze-spanisch-felipe-iv-1637","status":"publish","type":"product","link":"https:\/\/repliquemangacine.fr\/de\/sabre-dabordage-de-pirate\/piece-de-100-escudos-espagnol-felipe-iv-1637\/","title":{"rendered":"100-Escudos-M\u00fcnze"},"content":{"rendered":"<h2>Replik der 100-Escudos-M\u00fcnze Denix<\/h2>\n<p>Die 100-Escudos-M\u00fcnze ist ein wichtiges Accessoire f\u00fcr deine Verkleidung. Erfunden wurden sie unter der Herrschaft von Philipp IV. im Jahr 1637.<\/p>\n<p>Diese spanische 100-Escudos-Goldm\u00fcnze, die 1609 unter der Herrschaft von Felipe III. ausgegeben wurde, wurde auch unter den Herrschaften von Felipe IV. und Carlos II. ausgegeben und hat ein Gewicht von 359 Gramm Gold. W\u00e4hrend der Herrschaft von Isabel II. wurde er als Cent zu 100 Reales bezeichnet.<\/p>\n<p>Piraten versuchten (und waren oft erfolgreich), wertvolle Ladungen von Gold, Silber und anderen Waren aus der Neuen Welt zu stehlen, die wegen ihrer F\u00fclle an Inseln, auf denen Piraten einen Zufluchtsort finden konnten, eine ideale Aktivit\u00e4t darstellte. Diese Goldw\u00e4hrung war die bevorzugte W\u00e4hrung der Freibeuter.<\/p>\n<p>Die Piraten, die im Karibischen Meer ihr Unwesen trieben, wurden manchmal f\u00e4lschlicherweise als Bukaniere bezeichnet. Piraten unterscheiden sich von Freibeutern, bei denen es sich um Zivilisten handelt, die mit Genehmigung ihrer Regierung nach Kriegsrecht auf See Krieg f\u00fchren und einen Status haben, der dem des Milit\u00e4rs entspricht.<\/p>\n<p>Entgegen dem von Filmfiktionen verbreiteten Bild wurden aufgrund ihres Lebensstils nur wenige Piraten satt oder reich, die meisten starben jung im Kampf.<\/p>\n<p>Die Praxis der Piraterie war \u00fcberwiegend m\u00e4nnlich, aber es gab auch weibliche Piraten. Ber\u00fchmte Namen wie Mary Read und Anne Bonny sind daf\u00fcr bekannt, dass sie mit dem Piraten Jack Rackham zur See fuhren.<\/p>\n<h3>Wir bieten Ihnen eine gro\u00dfe Auswahl an Repliken aus der Zeit der Piraterie.<\/h3>\n<p>Zun\u00e4chst einmal,<\/p>\n<ul>\n<li>Die <a href=\"https:\/\/repliquemangacine.fr\/de\/piratenwaffen\/piratensabel-freibeutersabel\/\">Entermesser Flibustier<\/a> ist eine Blankwaffe, die in der Marine verwendet wird.<\/li>\n<li>Es gibt auch den <a href=\"https:\/\/repliquemangacine.fr\/de\/assassins-creed\/pistole-axt-piraten-18-jahrhundert\/\">Axtpistole Piraten<\/a>. Die Gun Axe findet man in Assassin's Creed Unity: Dead Kings<\/li>\n<li>Sowie das <a href=\"https:\/\/repliquemangacine.fr\/de\/piratenwaffen\/tromblon-piraten-18-jahrhundert\/\">Piratentrompete<\/a> aus dem 18. Jahrhundert, auch Espingole oder Karabiner genannt.<\/li>\n<li>Und viele andere mehr.<\/li>\n<\/ul>\n<p>Deshalb ist dies eine tolle Geschenkidee f\u00fcr alle Piratenfans.<\/p>\n<h3>Sie k\u00f6nnen die 100-Escudo-M\u00fcnze f\u00fcr die Dekoration von Themenpartys verwenden.<\/h3>\n<p>Vor allem ist dies ein Sammler- und Dekorationsst\u00fcck.<\/p>\n<p>R\u00e9plique Manga Cin\u00e9 ist ein franz\u00f6sisches Familienunternehmen, offizieller Vertriebspartner <a href=\"https:\/\/www.denix.fr\/fr\/catalogue\/colonial-et-pirate-1492-s-xviii\/pieces-de-monnaie\/73\/\">Denix<\/a><\/p>","protected":false},"excerpt":{"rendered":"<p>Set aus 5 M\u00fcnzen \u00e0 100 Escudos<\/p>\n<p>Eine originelle Idee des Herstellers Denix, uns Repliken von spanischen M\u00fcnzen anzubieten.<\/p>\n<ul>\n<li>Diese 100-Escudos-M\u00fcnze von 1637 ist vollst\u00e4ndig aus Metall gefertigt und weist eine beeindruckende Detailverarbeitung auf.<\/li>\n<li>Gravur auf beiden Seiten.<\/li>\n<li>Auf der R\u00fcckseite sind das vierseitige Kreuz und die Inschrift Rex Hispaniarum 1637,.* zu sehen.<\/li>\n<li>Auf der Vorderseite das Schild mit der Aufschrift Philipp IV.<\/li>\n<li>Durchmesser: 4cm<\/li>\n<\/ul>","protected":false},"featured_media":27426,"template":"","meta":[],"product_brand":[896],"product_cat":[49,25,115],"product_tag":[],"class_list":{"0":"post-27425","1":"product","2":"type-product","3":"status-publish","4":"has-post-thumbnail","6":"product_brand-replique-manga-cine","7":"product_cat-armes-de-pirates","8":"product_cat-armes-historiques","9":"product_cat-sabre-dabordage-de-pirate","11":"first","12":"instock","13":"taxable","14":"shipping-taxable","15":"purchasable","16":"product-type-simple"},"yoast_head":"<!-- This site is optimized with the Yoast SEO plugin v27.5 - https:\/\/yoast.com\/product\/yoast-seo-wordpress\/ -->\n<title>Pi\u00e8ce de 100 Escudos 1637 - Pi\u00e8ce pirate - R\u00e9plique Manga Cin\u00e9<\/title>\n<meta name=\"description\" content=\"Agrandissez votre collection avec cette superbe r\u00e9plique de Pi\u00e8ce de 100 Escudos sign\u00e9 Denix. Tout en m\u00e9tal grav\u00e9e. Livraison 24\/48h - Paiement S\u00e9curis\u00e9\" \/>\n<meta name=\"robots\" content=\"index, follow, max-snippet:-1, max-image-preview:large, max-video-preview:-1\" \/>\n<link rel=\"canonical\" href=\"https:\/\/repliquemangacine.fr\/de\/piratenbeiser-sabel\/100-escudos-munze-spanisch-felipe-iv-1637\/\" \/>\n<meta property=\"og:locale\" content=\"de_DE\" \/>\n<meta property=\"og:type\" content=\"article\" \/>\n<meta property=\"og:title\" content=\"Pi\u00e8ce de 100 Escudos 1637 - Pi\u00e8ce pirate - R\u00e9plique Manga Cin\u00e9\" \/>\n<meta property=\"og:description\" content=\"Agrandissez votre collection avec cette superbe r\u00e9plique de Pi\u00e8ce de 100 Escudos sign\u00e9 Denix. Tout en m\u00e9tal grav\u00e9e. Livraison 24\/48h - Paiement S\u00e9curis\u00e9\" \/>\n<meta property=\"og:url\" content=\"https:\/\/repliquemangacine.fr\/de\/piratenbeiser-sabel\/100-escudos-munze-spanisch-felipe-iv-1637\/\" \/>\n<meta property=\"og:site_name\" content=\"R\u00e9plique Manga Cin\u00e9\" \/>\n<meta property=\"article:publisher\" content=\"https:\/\/www.facebook.com\/RepliqueMangaCine\" \/>\n<meta property=\"article:modified_time\" content=\"2026-03-20T16:56:21+00:00\" \/>\n<meta property=\"og:image\" content=\"https:\/\/repliquemangacine.fr\/wp-content\/uploads\/2023\/10\/2222-Replique-piece-100-escudos-Espagnol-Felipe-IV-1637.jpg\" \/>\n\t<meta property=\"og:image:width\" content=\"600\" \/>\n\t<meta property=\"og:image:height\" content=\"600\" \/>\n\t<meta property=\"og:image:type\" content=\"image\/jpeg\" \/>\n<meta name=\"twitter:card\" content=\"summary_large_image\" \/>\n<meta name=\"twitter:label1\" content=\"Gesch\u00e4tzte Lesezeit\" \/>\n\t<meta name=\"twitter:data1\" content=\"3\u00a0Minuten\" \/>\n<script type=\"application\/ld+json\" class=\"yoast-schema-graph\">{\"@context\":\"https:\\\/\\\/schema.org\",\"@graph\":[{\"@type\":\"WebPage\",\"@id\":\"https:\\\/\\\/repliquemangacine.fr\\\/sabre-dabordage-de-pirate\\\/piece-de-100-escudos-espagnol-felipe-iv-1637\\\/\",\"url\":\"https:\\\/\\\/repliquemangacine.fr\\\/sabre-dabordage-de-pirate\\\/piece-de-100-escudos-espagnol-felipe-iv-1637\\\/\",\"name\":\"Pi\u00e8ce de 100 Escudos 1637 - Pi\u00e8ce pirate - R\u00e9plique Manga Cin\u00e9\",\"isPartOf\":{\"@id\":\"https:\\\/\\\/repliquemangacine.fr\\\/#website\"},\"primaryImageOfPage\":{\"@id\":\"https:\\\/\\\/repliquemangacine.fr\\\/sabre-dabordage-de-pirate\\\/piece-de-100-escudos-espagnol-felipe-iv-1637\\\/#primaryimage\"},\"image\":{\"@id\":\"https:\\\/\\\/repliquemangacine.fr\\\/sabre-dabordage-de-pirate\\\/piece-de-100-escudos-espagnol-felipe-iv-1637\\\/#primaryimage\"},\"thumbnailUrl\":\"https:\\\/\\\/repliquemangacine.fr\\\/wp-content\\\/uploads\\\/2023\\\/10\\\/2222-Replique-piece-100-escudos-Espagnol-Felipe-IV-1637.jpg\",\"datePublished\":\"2017-07-22T12:50:24+00:00\",\"dateModified\":\"2026-03-20T16:56:21+00:00\",\"description\":\"Agrandissez votre collection avec cette superbe r\u00e9plique de Pi\u00e8ce de 100 Escudos sign\u00e9 Denix. Tout en m\u00e9tal grav\u00e9e. Livraison 24\\\/48h - Paiement S\u00e9curis\u00e9\",\"breadcrumb\":{\"@id\":\"https:\\\/\\\/repliquemangacine.fr\\\/sabre-dabordage-de-pirate\\\/piece-de-100-escudos-espagnol-felipe-iv-1637\\\/#breadcrumb\"},\"inLanguage\":\"de\",\"potentialAction\":[{\"@type\":\"ReadAction\",\"target\":[\"https:\\\/\\\/repliquemangacine.fr\\\/sabre-dabordage-de-pirate\\\/piece-de-100-escudos-espagnol-felipe-iv-1637\\\/\"]}]},{\"@type\":\"ImageObject\",\"inLanguage\":\"de\",\"@id\":\"https:\\\/\\\/repliquemangacine.fr\\\/sabre-dabordage-de-pirate\\\/piece-de-100-escudos-espagnol-felipe-iv-1637\\\/#primaryimage\",\"url\":\"https:\\\/\\\/repliquemangacine.fr\\\/wp-content\\\/uploads\\\/2023\\\/10\\\/2222-Replique-piece-100-escudos-Espagnol-Felipe-IV-1637.jpg\",\"contentUrl\":\"https:\\\/\\\/repliquemangacine.fr\\\/wp-content\\\/uploads\\\/2023\\\/10\\\/2222-Replique-piece-100-escudos-Espagnol-Felipe-IV-1637.jpg\",\"width\":600,\"height\":600,\"caption\":\"Pi\u00e8ce de 100 Escudos Espagnol Felipe IV, 1637\"},{\"@type\":\"BreadcrumbList\",\"@id\":\"https:\\\/\\\/repliquemangacine.fr\\\/sabre-dabordage-de-pirate\\\/piece-de-100-escudos-espagnol-felipe-iv-1637\\\/#breadcrumb\",\"itemListElement\":[{\"@type\":\"ListItem\",\"position\":1,\"name\":\"Accueil\",\"item\":\"https:\\\/\\\/repliquemangacine.fr\\\/\"},{\"@type\":\"ListItem\",\"position\":2,\"name\":\"Produits\",\"item\":\"https:\\\/\\\/repliquemangacine.fr\\\/boutique\\\/\"},{\"@type\":\"ListItem\",\"position\":3,\"name\":\"Pi\u00e8ce de 100 Escudos\"}]},{\"@type\":\"WebSite\",\"@id\":\"https:\\\/\\\/repliquemangacine.fr\\\/#website\",\"url\":\"https:\\\/\\\/repliquemangacine.fr\\\/\",\"name\":\"R\u00e9plique Manga Cin\u00e9\",\"description\":\"\",\"publisher\":{\"@id\":\"https:\\\/\\\/repliquemangacine.fr\\\/#organization\"},\"potentialAction\":[{\"@type\":\"SearchAction\",\"target\":{\"@type\":\"EntryPoint\",\"urlTemplate\":\"https:\\\/\\\/repliquemangacine.fr\\\/?s={search_term_string}\"},\"query-input\":{\"@type\":\"PropertyValueSpecification\",\"valueRequired\":true,\"valueName\":\"search_term_string\"}}],\"inLanguage\":\"de\"},{\"@type\":\"Organization\",\"@id\":\"https:\\\/\\\/repliquemangacine.fr\\\/#organization\",\"name\":\"R\u00e9plique Manga Cin\u00e9\",\"url\":\"https:\\\/\\\/repliquemangacine.fr\\\/\",\"logo\":{\"@type\":\"ImageObject\",\"inLanguage\":\"de\",\"@id\":\"https:\\\/\\\/repliquemangacine.fr\\\/#\\\/schema\\\/logo\\\/image\\\/\",\"url\":\"https:\\\/\\\/repliquemangacine.fr\\\/wp-content\\\/uploads\\\/2023\\\/10\\\/RMC-500250.png\",\"contentUrl\":\"https:\\\/\\\/repliquemangacine.fr\\\/wp-content\\\/uploads\\\/2023\\\/10\\\/RMC-500250.png\",\"width\":500,\"height\":250,\"caption\":\"R\u00e9plique Manga Cin\u00e9\"},\"image\":{\"@id\":\"https:\\\/\\\/repliquemangacine.fr\\\/#\\\/schema\\\/logo\\\/image\\\/\"},\"sameAs\":[\"https:\\\/\\\/www.facebook.com\\\/RepliqueMangaCine\",\"https:\\\/\\\/www.instagram.com\\\/repliquemangacine.fr\\\/\"]}]}<\/script>\n<!-- \/ Yoast SEO plugin. -->","yoast_head_json":{"title":"100-Escudos-M\u00fcnze 1637 - Piratenm\u00fcnze - R\u00e9plique Manga Cin\u00e9","description":"Erweitern Sie Ihre Sammlung mit dieser wundersch\u00f6nen Replik der 100-Escudos-M\u00fcnze von Denix. Ganz aus Metall mit Gravur. Lieferung 24\/48 Stunden - Sichere Zahlung","robots":{"index":"index","follow":"follow","max-snippet":"max-snippet:-1","max-image-preview":"max-image-preview:large","max-video-preview":"max-video-preview:-1"},"canonical":"https:\/\/repliquemangacine.fr\/de\/piratenbeiser-sabel\/100-escudos-munze-spanisch-felipe-iv-1637\/","og_locale":"de_DE","og_type":"article","og_title":"Pi\u00e8ce de 100 Escudos 1637 - Pi\u00e8ce pirate - R\u00e9plique Manga Cin\u00e9","og_description":"Agrandissez votre collection avec cette superbe r\u00e9plique de Pi\u00e8ce de 100 Escudos sign\u00e9 Denix. Tout en m\u00e9tal grav\u00e9e. Livraison 24\/48h - Paiement S\u00e9curis\u00e9","og_url":"https:\/\/repliquemangacine.fr\/de\/piratenbeiser-sabel\/100-escudos-munze-spanisch-felipe-iv-1637\/","og_site_name":"R\u00e9plique Manga Cin\u00e9","article_publisher":"https:\/\/www.facebook.com\/RepliqueMangaCine","article_modified_time":"2026-03-20T16:56:21+00:00","og_image":[{"width":600,"height":600,"url":"https:\/\/repliquemangacine.fr\/wp-content\/uploads\/2023\/10\/2222-Replique-piece-100-escudos-Espagnol-Felipe-IV-1637.jpg","type":"image\/jpeg"}],"twitter_card":"summary_large_image","twitter_misc":{"Gesch\u00e4tzte Lesezeit":"3\u00a0Minuten"},"schema":{"@context":"https:\/\/schema.org","@graph":[{"@type":"WebPage","@id":"https:\/\/repliquemangacine.fr\/sabre-dabordage-de-pirate\/piece-de-100-escudos-espagnol-felipe-iv-1637\/","url":"https:\/\/repliquemangacine.fr\/sabre-dabordage-de-pirate\/piece-de-100-escudos-espagnol-felipe-iv-1637\/","name":"100-Escudos-M\u00fcnze 1637 - Piratenm\u00fcnze - R\u00e9plique Manga Cin\u00e9","isPartOf":{"@id":"https:\/\/repliquemangacine.fr\/#website"},"primaryImageOfPage":{"@id":"https:\/\/repliquemangacine.fr\/sabre-dabordage-de-pirate\/piece-de-100-escudos-espagnol-felipe-iv-1637\/#primaryimage"},"image":{"@id":"https:\/\/repliquemangacine.fr\/sabre-dabordage-de-pirate\/piece-de-100-escudos-espagnol-felipe-iv-1637\/#primaryimage"},"thumbnailUrl":"https:\/\/repliquemangacine.fr\/wp-content\/uploads\/2023\/10\/2222-Replique-piece-100-escudos-Espagnol-Felipe-IV-1637.jpg","datePublished":"2017-07-22T12:50:24+00:00","dateModified":"2026-03-20T16:56:21+00:00","description":"Erweitern Sie Ihre Sammlung mit dieser wundersch\u00f6nen Replik der 100-Escudos-M\u00fcnze von Denix. Ganz aus Metall mit Gravur. Lieferung 24\/48 Stunden - Sichere Zahlung","breadcrumb":{"@id":"https:\/\/repliquemangacine.fr\/sabre-dabordage-de-pirate\/piece-de-100-escudos-espagnol-felipe-iv-1637\/#breadcrumb"},"inLanguage":"de","potentialAction":[{"@type":"ReadAction","target":["https:\/\/repliquemangacine.fr\/sabre-dabordage-de-pirate\/piece-de-100-escudos-espagnol-felipe-iv-1637\/"]}]},{"@type":"ImageObject","inLanguage":"de","@id":"https:\/\/repliquemangacine.fr\/sabre-dabordage-de-pirate\/piece-de-100-escudos-espagnol-felipe-iv-1637\/#primaryimage","url":"https:\/\/repliquemangacine.fr\/wp-content\/uploads\/2023\/10\/2222-Replique-piece-100-escudos-Espagnol-Felipe-IV-1637.jpg","contentUrl":"https:\/\/repliquemangacine.fr\/wp-content\/uploads\/2023\/10\/2222-Replique-piece-100-escudos-Espagnol-Felipe-IV-1637.jpg","width":600,"height":600,"caption":"Pi\u00e8ce de 100 Escudos Espagnol Felipe IV, 1637"},{"@type":"BreadcrumbList","@id":"https:\/\/repliquemangacine.fr\/sabre-dabordage-de-pirate\/piece-de-100-escudos-espagnol-felipe-iv-1637\/#breadcrumb","itemListElement":[{"@type":"ListItem","position":1,"name":"Accueil","item":"https:\/\/repliquemangacine.fr\/"},{"@type":"ListItem","position":2,"name":"Produits","item":"https:\/\/repliquemangacine.fr\/boutique\/"},{"@type":"ListItem","position":3,"name":"Pi\u00e8ce de 100 Escudos"}]},{"@type":"WebSite","@id":"https:\/\/repliquemangacine.fr\/#website","url":"https:\/\/repliquemangacine.fr\/","name":"R\u00e9plique Manga Cin\u00e9","description":"","publisher":{"@id":"https:\/\/repliquemangacine.fr\/#organization"},"potentialAction":[{"@type":"SearchAction","target":{"@type":"EntryPoint","urlTemplate":"https:\/\/repliquemangacine.fr\/?s={search_term_string}"},"query-input":{"@type":"PropertyValueSpecification","valueRequired":true,"valueName":"search_term_string"}}],"inLanguage":"de"},{"@type":"Organization","@id":"https:\/\/repliquemangacine.fr\/#organization","name":"R\u00e9plique Manga Cin\u00e9","url":"https:\/\/repliquemangacine.fr\/","logo":{"@type":"ImageObject","inLanguage":"de","@id":"https:\/\/repliquemangacine.fr\/#\/schema\/logo\/image\/","url":"https:\/\/repliquemangacine.fr\/wp-content\/uploads\/2023\/10\/RMC-500250.png","contentUrl":"https:\/\/repliquemangacine.fr\/wp-content\/uploads\/2023\/10\/RMC-500250.png","width":500,"height":250,"caption":"R\u00e9plique Manga Cin\u00e9"},"image":{"@id":"https:\/\/repliquemangacine.fr\/#\/schema\/logo\/image\/"},"sameAs":["https:\/\/www.facebook.com\/RepliqueMangaCine","https:\/\/www.instagram.com\/repliquemangacine.fr\/"]}]}},"_links":{"self":[{"href":"https:\/\/repliquemangacine.fr\/de\/wp-json\/wp\/v2\/product\/27425","targetHints":{"allow":["GET"]}}],"collection":[{"href":"https:\/\/repliquemangacine.fr\/de\/wp-json\/wp\/v2\/product"}],"about":[{"href":"https:\/\/repliquemangacine.fr\/de\/wp-json\/wp\/v2\/types\/product"}],"wp:featuredmedia":[{"embeddable":true,"href":"https:\/\/repliquemangacine.fr\/de\/wp-json\/wp\/v2\/media\/27426"}],"wp:attachment":[{"href":"https:\/\/repliquemangacine.fr\/de\/wp-json\/wp\/v2\/media?parent=27425"}],"wp:term":[{"taxonomy":"product_brand","embeddable":true,"href":"https:\/\/repliquemangacine.fr\/de\/wp-json\/wp\/v2\/product_brand?post=27425"},{"taxonomy":"product_cat","embeddable":true,"href":"https:\/\/repliquemangacine.fr\/de\/wp-json\/wp\/v2\/product_cat?post=27425"},{"taxonomy":"product_tag","embeddable":true,"href":"https:\/\/repliquemangacine.fr\/de\/wp-json\/wp\/v2\/product_tag?post=27425"}],"curies":[{"name":"wp","href":"https:\/\/api.w.org\/{rel}","templated":true}]}}