





{"id":27422,"date":"2017-07-22T13:51:12","date_gmt":"2017-07-22T11:51:12","guid":{"rendered":"https:\/\/repliquemangacine.fr\/?post_type=product&#038;p=27422"},"modified":"2026-04-15T13:05:42","modified_gmt":"2026-04-15T11:05:42","slug":"stuck-dublone-gold-2-5cm-felipe-ii-1556-1598","status":"publish","type":"product","link":"https:\/\/repliquemangacine.fr\/de\/sabre-dabordage-de-pirate\/piece-doublon-dor-2-5cm-felipe-ii-1556-1598\/","title":{"rendered":"Golddublonenm\u00fcnze 2.5cm"},"content":{"rendered":"<h2>Replik der Golddublonenm\u00fcnze 2,5 cm<\/h2>\n<p>Die 2,5 cm gro\u00dfe Golddublone ist ein unverzichtbares Accessoire f\u00fcr Ihr Kost\u00fcm. Sie wurde in Sevilla unter der Herrschaft von Felipe II. zwischen 1556 und 1598 erfunden. In Spanien waren Dublonen bis Mitte des 19. Jahrhunderts gesetzliches Zahlungsmittel.<\/p>\n<p>Der Dublon (auch \u201cexcellent\u201d genannt) war eine spanische Goldm\u00fcnze, die zwei Schilden oder 32 Reales entsprach und 6,77 Gramm wog. Der Begriff \u201eDublon\u201c wurde urspr\u00fcnglich verwendet, um exzellentes Gold zu beschreiben, m\u00f6glicherweise weil er zwei Dukaten oder das Doppelportr\u00e4t der Katholischen K\u00f6nige Ferdinand und Isabella wert war.<\/p>\n<p>Piraten versuchten (und waren oft erfolgreich), wertvolle Ladungen von Gold, Silber und anderen Waren aus der Neuen Welt zu stehlen, die wegen ihrer F\u00fclle an Inseln, auf denen Piraten einen Zufluchtsort finden konnten, eine ideale Aktivit\u00e4t darstellte. Diese Goldw\u00e4hrung war die bevorzugte W\u00e4hrung der Freibeuter.<\/p>\n<p>Die Piraten, die im Karibischen Meer ihr Unwesen trieben, wurden manchmal f\u00e4lschlicherweise als Bukaniere bezeichnet. Piraten unterscheiden sich von Freibeutern, bei denen es sich um Zivilisten handelt, die mit Genehmigung ihrer Regierung nach Kriegsrecht auf See Krieg f\u00fchren und einen Status haben, der dem des Milit\u00e4rs entspricht.<\/p>\n<p>Entgegen dem von Filmfiktionen verbreiteten Bild wurden aufgrund ihres Lebensstils nur wenige Piraten satt oder reich, die meisten starben jung im Kampf.<\/p>\n<p>Die Praxis der Piraterie war \u00fcberwiegend m\u00e4nnlich, aber es gab auch weibliche Piraten. Ber\u00fchmte Namen wie Mary Read und Anne Bonny sind daf\u00fcr bekannt, dass sie mit dem Piraten Jack Rackham zur See fuhren.<\/p>\n<h3>Wir bieten Ihnen eine gro\u00dfe Auswahl an Repliken aus der Zeit der Piraterie.<\/h3>\n<p>Zun\u00e4chst einmal,<\/p>\n<ul>\n<li>Die <a href=\"https:\/\/repliquemangacine.fr\/de\/piratenwaffen\/enterpiraten-sabel-sabel-topf-loffel\/\">Enter-S\u00e4bel<\/a> dite Pottl\u00f6ffel ist eine Blankwaffe, die in der Marine verwendet wird.<\/li>\n<li>Es gibt auch den <a href=\"https:\/\/repliquemangacine.fr\/de\/assassins-creed\/italienische-steinschlosspistole-edward-kenway-assassin-s-creed-iv\/\">Piratenpistole<\/a> von Edward Kenway in Assassin's Creed Black flag<\/li>\n<li>Sowie die <a href=\"https:\/\/repliquemangacine.fr\/de\/piratenwaffen\/piratengeldbeutel-mit-munzen\/\">Piratenb\u00f6rse<\/a> aus Leder, um sie mit ihren Dublonen zu f\u00fcllen<\/li>\n<li>Und viele andere mehr.<\/li>\n<\/ul>\n<p>Deshalb ist dies eine tolle Geschenkidee f\u00fcr alle Piratenfans.<\/p>\n<h3>Sie k\u00f6nnen die Golddublonenm\u00fcnze 2,5 cm f\u00fcr Ihre Themenabende verwenden.<\/h3>\n<p>Vor allem ist dies ein Sammler- und Dekorationsst\u00fcck.<\/p>\n<p>R\u00e9plique Manga Cin\u00e9 ist ein franz\u00f6sisches Familienunternehmen, offizieller Vertriebspartner <a href=\"https:\/\/www.denix.fr\/fr\/catalogue\/colonial-et-pirate-1492-s-xviii\/pieces-de-monnaie\/70\/\">Denix<\/a><\/p>","protected":false},"excerpt":{"rendered":"<p>Satz von 5 Goldm\u00fcnzen.<\/p>\n<p>Hier ist eine originelle Idee des Herstellers Denix, uns Repliken von spanischen M\u00fcnzen anzubieten.<\/p>\n<ul>\n<li>Diese 2-Escudos-M\u00fcnze (Doublon) ist vollst\u00e4ndig aus vergoldetem Metall gefertigt und weist eine beeindruckende Detailverarbeitung auf.<\/li>\n<li>Gravur auf beiden Seiten.<\/li>\n<li>Auf der R\u00fcckseite sind das vierseitige Kreuz und die L\u00f6wen zu sehen.<\/li>\n<li>Durchmesser: 2.5cm - Gewicht: 6grs<\/li>\n<\/ul>","protected":false},"featured_media":27423,"template":"","meta":[],"product_brand":[896],"product_cat":[49,25,115],"product_tag":[],"class_list":{"0":"post-27422","1":"product","2":"type-product","3":"status-publish","4":"has-post-thumbnail","6":"product_brand-replique-manga-cine","7":"product_cat-armes-de-pirates","8":"product_cat-armes-historiques","9":"product_cat-sabre-dabordage-de-pirate","11":"first","12":"instock","13":"taxable","14":"shipping-taxable","15":"purchasable","16":"product-type-simple"},"yoast_head":"<!-- This site is optimized with the Yoast SEO plugin v27.5 - https:\/\/yoast.com\/product\/yoast-seo-wordpress\/ -->\n<title>Pi\u00e8ce Doublon d&#039;Or 2.5cm<\/title>\n<meta name=\"description\" content=\"Partez \u00e0 la d\u00e9couverte du tr\u00e9sor avec cette superbe r\u00e9plique de Pi\u00e8ce Doublon d&#039;Or 2.5cm sign\u00e9 Denix. Tout en m\u00e9tal dor\u00e9 avec gravures. Envoi en 24\/48h\" \/>\n<meta name=\"robots\" content=\"index, follow, max-snippet:-1, max-image-preview:large, max-video-preview:-1\" \/>\n<link rel=\"canonical\" href=\"https:\/\/repliquemangacine.fr\/de\/piratenbeiser-sabel\/stuck-dublone-gold-2-5cm-felipe-ii-1556-1598\/\" \/>\n<meta property=\"og:locale\" content=\"de_DE\" \/>\n<meta property=\"og:type\" content=\"article\" \/>\n<meta property=\"og:title\" content=\"Pi\u00e8ce Doublon d&#039;Or 2.5cm\" \/>\n<meta property=\"og:description\" content=\"Partez \u00e0 la d\u00e9couverte du tr\u00e9sor avec cette superbe r\u00e9plique de Pi\u00e8ce Doublon d&#039;Or 2.5cm sign\u00e9 Denix. Tout en m\u00e9tal dor\u00e9 avec gravures. Envoi en 24\/48h\" \/>\n<meta property=\"og:url\" content=\"https:\/\/repliquemangacine.fr\/de\/piratenbeiser-sabel\/stuck-dublone-gold-2-5cm-felipe-ii-1556-1598\/\" \/>\n<meta property=\"og:site_name\" content=\"R\u00e9plique Manga Cin\u00e9\" \/>\n<meta property=\"article:publisher\" content=\"https:\/\/www.facebook.com\/RepliqueMangaCine\" \/>\n<meta property=\"article:modified_time\" content=\"2026-04-15T11:05:42+00:00\" \/>\n<meta property=\"og:image\" content=\"https:\/\/repliquemangacine.fr\/wp-content\/uploads\/2023\/10\/2219-Piece-de-2-escudos-Doublon-dor-Felipe-II-1556-1598.jpg\" \/>\n\t<meta property=\"og:image:width\" content=\"600\" \/>\n\t<meta property=\"og:image:height\" content=\"600\" \/>\n\t<meta property=\"og:image:type\" content=\"image\/jpeg\" \/>\n<meta name=\"twitter:card\" content=\"summary_large_image\" \/>\n<meta name=\"twitter:label1\" content=\"Gesch\u00e4tzte Lesezeit\" \/>\n\t<meta name=\"twitter:data1\" content=\"2\u00a0Minuten\" \/>\n<script type=\"application\/ld+json\" class=\"yoast-schema-graph\">{\"@context\":\"https:\\\/\\\/schema.org\",\"@graph\":[{\"@type\":\"WebPage\",\"@id\":\"https:\\\/\\\/repliquemangacine.fr\\\/sabre-dabordage-de-pirate\\\/piece-doublon-dor-2-5cm-felipe-ii-1556-1598\\\/\",\"url\":\"https:\\\/\\\/repliquemangacine.fr\\\/sabre-dabordage-de-pirate\\\/piece-doublon-dor-2-5cm-felipe-ii-1556-1598\\\/\",\"name\":\"Pi\u00e8ce Doublon d'Or 2.5cm\",\"isPartOf\":{\"@id\":\"https:\\\/\\\/repliquemangacine.fr\\\/#website\"},\"primaryImageOfPage\":{\"@id\":\"https:\\\/\\\/repliquemangacine.fr\\\/sabre-dabordage-de-pirate\\\/piece-doublon-dor-2-5cm-felipe-ii-1556-1598\\\/#primaryimage\"},\"image\":{\"@id\":\"https:\\\/\\\/repliquemangacine.fr\\\/sabre-dabordage-de-pirate\\\/piece-doublon-dor-2-5cm-felipe-ii-1556-1598\\\/#primaryimage\"},\"thumbnailUrl\":\"https:\\\/\\\/repliquemangacine.fr\\\/wp-content\\\/uploads\\\/2023\\\/10\\\/2219-Piece-de-2-escudos-Doublon-dor-Felipe-II-1556-1598.jpg\",\"datePublished\":\"2017-07-22T11:51:12+00:00\",\"dateModified\":\"2026-04-15T11:05:42+00:00\",\"description\":\"Partez \u00e0 la d\u00e9couverte du tr\u00e9sor avec cette superbe r\u00e9plique de Pi\u00e8ce Doublon d'Or 2.5cm sign\u00e9 Denix. Tout en m\u00e9tal dor\u00e9 avec gravures. Envoi en 24\\\/48h\",\"breadcrumb\":{\"@id\":\"https:\\\/\\\/repliquemangacine.fr\\\/sabre-dabordage-de-pirate\\\/piece-doublon-dor-2-5cm-felipe-ii-1556-1598\\\/#breadcrumb\"},\"inLanguage\":\"de\",\"potentialAction\":[{\"@type\":\"ReadAction\",\"target\":[\"https:\\\/\\\/repliquemangacine.fr\\\/sabre-dabordage-de-pirate\\\/piece-doublon-dor-2-5cm-felipe-ii-1556-1598\\\/\"]}]},{\"@type\":\"ImageObject\",\"inLanguage\":\"de\",\"@id\":\"https:\\\/\\\/repliquemangacine.fr\\\/sabre-dabordage-de-pirate\\\/piece-doublon-dor-2-5cm-felipe-ii-1556-1598\\\/#primaryimage\",\"url\":\"https:\\\/\\\/repliquemangacine.fr\\\/wp-content\\\/uploads\\\/2023\\\/10\\\/2219-Piece-de-2-escudos-Doublon-dor-Felipe-II-1556-1598.jpg\",\"contentUrl\":\"https:\\\/\\\/repliquemangacine.fr\\\/wp-content\\\/uploads\\\/2023\\\/10\\\/2219-Piece-de-2-escudos-Doublon-dor-Felipe-II-1556-1598.jpg\",\"width\":600,\"height\":600,\"caption\":\"Pi\u00e8ce Doublon d'Or 2.5cm espagnole\"},{\"@type\":\"BreadcrumbList\",\"@id\":\"https:\\\/\\\/repliquemangacine.fr\\\/sabre-dabordage-de-pirate\\\/piece-doublon-dor-2-5cm-felipe-ii-1556-1598\\\/#breadcrumb\",\"itemListElement\":[{\"@type\":\"ListItem\",\"position\":1,\"name\":\"Accueil\",\"item\":\"https:\\\/\\\/repliquemangacine.fr\\\/\"},{\"@type\":\"ListItem\",\"position\":2,\"name\":\"Produits\",\"item\":\"https:\\\/\\\/repliquemangacine.fr\\\/boutique\\\/\"},{\"@type\":\"ListItem\",\"position\":3,\"name\":\"Pi\u00e8ce Doublon d&#8217;Or 2.5cm\"}]},{\"@type\":\"WebSite\",\"@id\":\"https:\\\/\\\/repliquemangacine.fr\\\/#website\",\"url\":\"https:\\\/\\\/repliquemangacine.fr\\\/\",\"name\":\"R\u00e9plique Manga Cin\u00e9\",\"description\":\"\",\"publisher\":{\"@id\":\"https:\\\/\\\/repliquemangacine.fr\\\/#organization\"},\"potentialAction\":[{\"@type\":\"SearchAction\",\"target\":{\"@type\":\"EntryPoint\",\"urlTemplate\":\"https:\\\/\\\/repliquemangacine.fr\\\/?s={search_term_string}\"},\"query-input\":{\"@type\":\"PropertyValueSpecification\",\"valueRequired\":true,\"valueName\":\"search_term_string\"}}],\"inLanguage\":\"de\"},{\"@type\":\"Organization\",\"@id\":\"https:\\\/\\\/repliquemangacine.fr\\\/#organization\",\"name\":\"R\u00e9plique Manga Cin\u00e9\",\"url\":\"https:\\\/\\\/repliquemangacine.fr\\\/\",\"logo\":{\"@type\":\"ImageObject\",\"inLanguage\":\"de\",\"@id\":\"https:\\\/\\\/repliquemangacine.fr\\\/#\\\/schema\\\/logo\\\/image\\\/\",\"url\":\"https:\\\/\\\/repliquemangacine.fr\\\/wp-content\\\/uploads\\\/2023\\\/10\\\/RMC-500250.png\",\"contentUrl\":\"https:\\\/\\\/repliquemangacine.fr\\\/wp-content\\\/uploads\\\/2023\\\/10\\\/RMC-500250.png\",\"width\":500,\"height\":250,\"caption\":\"R\u00e9plique Manga Cin\u00e9\"},\"image\":{\"@id\":\"https:\\\/\\\/repliquemangacine.fr\\\/#\\\/schema\\\/logo\\\/image\\\/\"},\"sameAs\":[\"https:\\\/\\\/www.facebook.com\\\/RepliqueMangaCine\",\"https:\\\/\\\/www.instagram.com\\\/repliquemangacine.fr\\\/\"]}]}<\/script>\n<!-- \/ Yoast SEO plugin. -->","yoast_head_json":{"title":"Golddublonenm\u00fcnze 2.5cm","description":"Gehen Sie auf Schatzsuche mit dieser wundersch\u00f6nen Replik einer 2,5 cm gro\u00dfen Golddublonenm\u00fcnze von Denix. Alles aus vergoldetem Metall mit Gravuren. Versand innerhalb von 24\/48 Stunden","robots":{"index":"index","follow":"follow","max-snippet":"max-snippet:-1","max-image-preview":"max-image-preview:large","max-video-preview":"max-video-preview:-1"},"canonical":"https:\/\/repliquemangacine.fr\/de\/piratenbeiser-sabel\/stuck-dublone-gold-2-5cm-felipe-ii-1556-1598\/","og_locale":"de_DE","og_type":"article","og_title":"Pi\u00e8ce Doublon d'Or 2.5cm","og_description":"Partez \u00e0 la d\u00e9couverte du tr\u00e9sor avec cette superbe r\u00e9plique de Pi\u00e8ce Doublon d'Or 2.5cm sign\u00e9 Denix. Tout en m\u00e9tal dor\u00e9 avec gravures. Envoi en 24\/48h","og_url":"https:\/\/repliquemangacine.fr\/de\/piratenbeiser-sabel\/stuck-dublone-gold-2-5cm-felipe-ii-1556-1598\/","og_site_name":"R\u00e9plique Manga Cin\u00e9","article_publisher":"https:\/\/www.facebook.com\/RepliqueMangaCine","article_modified_time":"2026-04-15T11:05:42+00:00","og_image":[{"width":600,"height":600,"url":"https:\/\/repliquemangacine.fr\/wp-content\/uploads\/2023\/10\/2219-Piece-de-2-escudos-Doublon-dor-Felipe-II-1556-1598.jpg","type":"image\/jpeg"}],"twitter_card":"summary_large_image","twitter_misc":{"Gesch\u00e4tzte Lesezeit":"2\u00a0Minuten"},"schema":{"@context":"https:\/\/schema.org","@graph":[{"@type":"WebPage","@id":"https:\/\/repliquemangacine.fr\/sabre-dabordage-de-pirate\/piece-doublon-dor-2-5cm-felipe-ii-1556-1598\/","url":"https:\/\/repliquemangacine.fr\/sabre-dabordage-de-pirate\/piece-doublon-dor-2-5cm-felipe-ii-1556-1598\/","name":"Golddublonenm\u00fcnze 2.5cm","isPartOf":{"@id":"https:\/\/repliquemangacine.fr\/#website"},"primaryImageOfPage":{"@id":"https:\/\/repliquemangacine.fr\/sabre-dabordage-de-pirate\/piece-doublon-dor-2-5cm-felipe-ii-1556-1598\/#primaryimage"},"image":{"@id":"https:\/\/repliquemangacine.fr\/sabre-dabordage-de-pirate\/piece-doublon-dor-2-5cm-felipe-ii-1556-1598\/#primaryimage"},"thumbnailUrl":"https:\/\/repliquemangacine.fr\/wp-content\/uploads\/2023\/10\/2219-Piece-de-2-escudos-Doublon-dor-Felipe-II-1556-1598.jpg","datePublished":"2017-07-22T11:51:12+00:00","dateModified":"2026-04-15T11:05:42+00:00","description":"Gehen Sie auf Schatzsuche mit dieser wundersch\u00f6nen Replik einer 2,5 cm gro\u00dfen Golddublonenm\u00fcnze von Denix. Alles aus vergoldetem Metall mit Gravuren. Versand innerhalb von 24\/48 Stunden","breadcrumb":{"@id":"https:\/\/repliquemangacine.fr\/sabre-dabordage-de-pirate\/piece-doublon-dor-2-5cm-felipe-ii-1556-1598\/#breadcrumb"},"inLanguage":"de","potentialAction":[{"@type":"ReadAction","target":["https:\/\/repliquemangacine.fr\/sabre-dabordage-de-pirate\/piece-doublon-dor-2-5cm-felipe-ii-1556-1598\/"]}]},{"@type":"ImageObject","inLanguage":"de","@id":"https:\/\/repliquemangacine.fr\/sabre-dabordage-de-pirate\/piece-doublon-dor-2-5cm-felipe-ii-1556-1598\/#primaryimage","url":"https:\/\/repliquemangacine.fr\/wp-content\/uploads\/2023\/10\/2219-Piece-de-2-escudos-Doublon-dor-Felipe-II-1556-1598.jpg","contentUrl":"https:\/\/repliquemangacine.fr\/wp-content\/uploads\/2023\/10\/2219-Piece-de-2-escudos-Doublon-dor-Felipe-II-1556-1598.jpg","width":600,"height":600,"caption":"Pi\u00e8ce Doublon d'Or 2.5cm espagnole"},{"@type":"BreadcrumbList","@id":"https:\/\/repliquemangacine.fr\/sabre-dabordage-de-pirate\/piece-doublon-dor-2-5cm-felipe-ii-1556-1598\/#breadcrumb","itemListElement":[{"@type":"ListItem","position":1,"name":"Accueil","item":"https:\/\/repliquemangacine.fr\/"},{"@type":"ListItem","position":2,"name":"Produits","item":"https:\/\/repliquemangacine.fr\/boutique\/"},{"@type":"ListItem","position":3,"name":"Pi\u00e8ce Doublon d&#8217;Or 2.5cm"}]},{"@type":"WebSite","@id":"https:\/\/repliquemangacine.fr\/#website","url":"https:\/\/repliquemangacine.fr\/","name":"R\u00e9plique Manga Cin\u00e9","description":"","publisher":{"@id":"https:\/\/repliquemangacine.fr\/#organization"},"potentialAction":[{"@type":"SearchAction","target":{"@type":"EntryPoint","urlTemplate":"https:\/\/repliquemangacine.fr\/?s={search_term_string}"},"query-input":{"@type":"PropertyValueSpecification","valueRequired":true,"valueName":"search_term_string"}}],"inLanguage":"de"},{"@type":"Organization","@id":"https:\/\/repliquemangacine.fr\/#organization","name":"R\u00e9plique Manga Cin\u00e9","url":"https:\/\/repliquemangacine.fr\/","logo":{"@type":"ImageObject","inLanguage":"de","@id":"https:\/\/repliquemangacine.fr\/#\/schema\/logo\/image\/","url":"https:\/\/repliquemangacine.fr\/wp-content\/uploads\/2023\/10\/RMC-500250.png","contentUrl":"https:\/\/repliquemangacine.fr\/wp-content\/uploads\/2023\/10\/RMC-500250.png","width":500,"height":250,"caption":"R\u00e9plique Manga Cin\u00e9"},"image":{"@id":"https:\/\/repliquemangacine.fr\/#\/schema\/logo\/image\/"},"sameAs":["https:\/\/www.facebook.com\/RepliqueMangaCine","https:\/\/www.instagram.com\/repliquemangacine.fr\/"]}]}},"_links":{"self":[{"href":"https:\/\/repliquemangacine.fr\/de\/wp-json\/wp\/v2\/product\/27422","targetHints":{"allow":["GET"]}}],"collection":[{"href":"https:\/\/repliquemangacine.fr\/de\/wp-json\/wp\/v2\/product"}],"about":[{"href":"https:\/\/repliquemangacine.fr\/de\/wp-json\/wp\/v2\/types\/product"}],"wp:featuredmedia":[{"embeddable":true,"href":"https:\/\/repliquemangacine.fr\/de\/wp-json\/wp\/v2\/media\/27423"}],"wp:attachment":[{"href":"https:\/\/repliquemangacine.fr\/de\/wp-json\/wp\/v2\/media?parent=27422"}],"wp:term":[{"taxonomy":"product_brand","embeddable":true,"href":"https:\/\/repliquemangacine.fr\/de\/wp-json\/wp\/v2\/product_brand?post=27422"},{"taxonomy":"product_cat","embeddable":true,"href":"https:\/\/repliquemangacine.fr\/de\/wp-json\/wp\/v2\/product_cat?post=27422"},{"taxonomy":"product_tag","embeddable":true,"href":"https:\/\/repliquemangacine.fr\/de\/wp-json\/wp\/v2\/product_tag?post=27422"}],"curies":[{"name":"wp","href":"https:\/\/api.w.org\/{rel}","templated":true}]}}