





{"id":27412,"date":"2017-07-22T10:52:33","date_gmt":"2017-07-22T08:52:33","guid":{"rendered":"https:\/\/repliquemangacine.fr\/?post_type=product&#038;p=27412"},"modified":"2026-03-20T17:56:21","modified_gmt":"2026-03-20T16:56:21","slug":"8-real-munze-felipe-iv-1635-2","status":"publish","type":"product","link":"https:\/\/repliquemangacine.fr\/de\/sabre-dabordage-de-pirate\/piece-de-8-reales-felipe-iv-1635-2\/","title":{"rendered":"8-Reales-M\u00fcnze"},"content":{"rendered":"<h2>Replik der 8-Reales-Denix-M\u00fcnze<\/h2>\n<p>Die 8-Reales-M\u00fcnze, ein unverzichtbares Accessoire f\u00fcr Ihr Kost\u00fcm. Erfunden unter der Herrschaft Philipps IV. im Jahr 1635.<\/p>\n<p>Die Reales de 8 hatten in Spanien einen Nennwert von 8 Reales. Die M\u00fcnzen wurden oft physisch in acht St\u00fccke oder manchmal in vier Viertel geschnitten, um ein kleineres Wechselgeld zu erhalten.<\/p>\n<p>Der Wert wird anhand des Edelmetallgewichts berechnet. Die Acht-Reales-M\u00fcnze wurde \u00fcber mehrere Jahrhunderte hinweg in den Sch\u00e4tzen spanischer Schiffe transportiert und war eine beliebte Beute von Piraten. Eine Acht-Reales-M\u00fcnze war 8 Silberreales wert (8 mal 1 Real).<\/p>\n<p>Piraten versuchten (und waren oft erfolgreich), wertvolle Ladungen von Gold, Silber und anderen Waren aus der Neuen Welt zu stehlen, die wegen ihrer F\u00fclle an Inseln, auf denen Piraten einen Zufluchtsort finden konnten, eine ideale Aktivit\u00e4t darstellte. Diese Goldw\u00e4hrung war die bevorzugte W\u00e4hrung der Freibeuter.<\/p>\n<p>Die Piraten, die im Karibischen Meer ihr Unwesen trieben, wurden manchmal f\u00e4lschlicherweise als Bukaniere bezeichnet. Piraten unterscheiden sich von Freibeutern, bei denen es sich um Zivilisten handelt, die mit Genehmigung ihrer Regierung nach Kriegsrecht auf See Krieg f\u00fchren und einen Status haben, der dem des Milit\u00e4rs entspricht.<\/p>\n<p>Entgegen dem von Filmfiktionen verbreiteten Bild wurden aufgrund ihres Lebensstils nur wenige Piraten satt oder reich, die meisten starben jung im Kampf.<\/p>\n<p>Die Praxis der Piraterie war \u00fcberwiegend m\u00e4nnlich, aber es gab auch weibliche Piraten. Ber\u00fchmte Namen wie Mary Read und Anne Bonny sind daf\u00fcr bekannt, dass sie mit dem Piraten Jack Rackham zur See fuhren.<\/p>\n<h3>Wir bieten Ihnen eine gro\u00dfe Auswahl an Repliken aus der Zeit der Piraterie.<\/h3>\n<p>Zun\u00e4chst einmal,<\/p>\n<ul>\n<li>Die <a href=\"https:\/\/repliquemangacine.fr\/de\/piratenwaffen\/piratenmesser-dolch-oder-kleiner-piratensabel\/\">Piraten-Kugelschreiber<\/a> auch kleiner S\u00e4bel genannt.<\/li>\n<li>Es gibt auch die Axtpistole Pirates. Man findet den <a href=\"https:\/\/repliquemangacine.fr\/de\/assassins-creed\/pistole-axt-piraten-18-jahrhundert\/\">Gun Axe<\/a> in Assassin's Creed Unity: Dead Kings<\/li>\n<li>Sowie das <a href=\"https:\/\/repliquemangacine.fr\/de\/assassins-creed\/edward-keways-steinschlosspistole-replik-manga-cine\/\">Piratenpistole von Edward Kenway<\/a> in Assassin's Creed Black flag<\/li>\n<li>Und viele andere mehr.<\/li>\n<\/ul>\n<p>Deshalb ist dies eine tolle Geschenkidee f\u00fcr alle Piratenfans.<\/p>\n<h3>Sie k\u00f6nnen die 8-Reales-M\u00fcnze f\u00fcr Ihre Themenabende verwenden.<\/h3>\n<p>Vor allem ist dies ein Sammler- und Dekorationsst\u00fcck.<\/p>\n<p>R\u00e9plique Manga Cin\u00e9 ist ein franz\u00f6sisches Familienunternehmen, offizieller Vertriebspartner <a href=\"https:\/\/www.denix.fr\/fr\/catalogue\/colonial-et-pirate-1492-s-xviii\/pieces-de-monnaie\/72\/\">Denix<\/a><\/p>","protected":false},"excerpt":{"rendered":"<p>Set aus 5 St\u00fcck von 8<\/p>\n<p>Hier ist eine originelle Idee des Herstellers Denix, uns Repliken von spanischen M\u00fcnzen anzubieten. Diese M\u00fcnze aus der Zeit von K\u00f6nig Philipp IV. von Spanien stammt aus dem Jahr 1635.<\/p>\n<ul>\n<li>Vollst\u00e4ndig aus versilbertem Metall gefertigt, mit einer beeindruckenden Detailverarbeitung.<\/li>\n<li>Gravur auf beiden Seiten.<\/li>\n<li>Auf der Vorderseite sind zwei L\u00f6wen und zwei T\u00fcrme sowie die Jahreszahl zu sehen.<\/li>\n<li>Auf der R\u00fcckseite eine Krone mit dem Namen des K\u00f6nigs, der Zahl 8, Wappenschildern.<\/li>\n<li>Diese M\u00fcnze ist ein reines Wunderwerk f\u00fcr Sammler.<\/li>\n<li>Durchmesser: 3.5cm<\/li>\n<\/ul>","protected":false},"featured_media":27413,"template":"","meta":[],"product_brand":[896],"product_cat":[49,25,115],"product_tag":[],"class_list":{"0":"post-27412","1":"product","2":"type-product","3":"status-publish","4":"has-post-thumbnail","6":"product_brand-replique-manga-cine","7":"product_cat-armes-de-pirates","8":"product_cat-armes-historiques","9":"product_cat-sabre-dabordage-de-pirate","11":"first","12":"instock","13":"taxable","14":"shipping-taxable","15":"purchasable","16":"product-type-simple"},"yoast_head":"<!-- This site is optimized with the Yoast SEO plugin v27.5 - https:\/\/yoast.com\/product\/yoast-seo-wordpress\/ -->\n<title>Pi\u00e8ce de 8 Reales Felipe IV 1635 - R\u00e9plique manga cin\u00e9<\/title>\n<meta name=\"description\" content=\"Denix propose cette r\u00e9plique de Pi\u00e8ce de 8 Reales, monnaie pr\u00e9f\u00e9r\u00e9e des pirates, tout en m\u00e9tal argent\u00e9 avec de sublime gravures. Envoi 24\/48H\" \/>\n<meta name=\"robots\" content=\"index, follow, max-snippet:-1, max-image-preview:large, max-video-preview:-1\" \/>\n<link rel=\"canonical\" href=\"https:\/\/repliquemangacine.fr\/de\/piratenbeiser-sabel\/8-real-munze-felipe-iv-1635-2\/\" \/>\n<meta property=\"og:locale\" content=\"de_DE\" \/>\n<meta property=\"og:type\" content=\"article\" \/>\n<meta property=\"og:title\" content=\"Pi\u00e8ce de 8 Reales Felipe IV 1635 - R\u00e9plique manga cin\u00e9\" \/>\n<meta property=\"og:description\" content=\"Denix propose cette r\u00e9plique de Pi\u00e8ce de 8 Reales, monnaie pr\u00e9f\u00e9r\u00e9e des pirates, tout en m\u00e9tal argent\u00e9 avec de sublime gravures. Envoi 24\/48H\" \/>\n<meta property=\"og:url\" content=\"https:\/\/repliquemangacine.fr\/de\/piratenbeiser-sabel\/8-real-munze-felipe-iv-1635-2\/\" \/>\n<meta property=\"og:site_name\" content=\"R\u00e9plique Manga Cin\u00e9\" \/>\n<meta property=\"article:publisher\" content=\"https:\/\/www.facebook.com\/RepliqueMangaCine\" \/>\n<meta property=\"article:modified_time\" content=\"2026-03-20T16:56:21+00:00\" \/>\n<meta property=\"og:image\" content=\"https:\/\/repliquemangacine.fr\/wp-content\/uploads\/2023\/10\/piece-espagnole-denix-.jpg\" \/>\n\t<meta property=\"og:image:width\" content=\"800\" \/>\n\t<meta property=\"og:image:height\" content=\"800\" \/>\n\t<meta property=\"og:image:type\" content=\"image\/jpeg\" \/>\n<meta name=\"twitter:card\" content=\"summary_large_image\" \/>\n<meta name=\"twitter:label1\" content=\"Gesch\u00e4tzte Lesezeit\" \/>\n\t<meta name=\"twitter:data1\" content=\"3\u00a0Minuten\" \/>\n<script type=\"application\/ld+json\" class=\"yoast-schema-graph\">{\"@context\":\"https:\\\/\\\/schema.org\",\"@graph\":[{\"@type\":\"WebPage\",\"@id\":\"https:\\\/\\\/repliquemangacine.fr\\\/sabre-dabordage-de-pirate\\\/piece-de-8-reales-felipe-iv-1635-2\\\/\",\"url\":\"https:\\\/\\\/repliquemangacine.fr\\\/sabre-dabordage-de-pirate\\\/piece-de-8-reales-felipe-iv-1635-2\\\/\",\"name\":\"Pi\u00e8ce de 8 Reales Felipe IV 1635 - R\u00e9plique manga cin\u00e9\",\"isPartOf\":{\"@id\":\"https:\\\/\\\/repliquemangacine.fr\\\/#website\"},\"primaryImageOfPage\":{\"@id\":\"https:\\\/\\\/repliquemangacine.fr\\\/sabre-dabordage-de-pirate\\\/piece-de-8-reales-felipe-iv-1635-2\\\/#primaryimage\"},\"image\":{\"@id\":\"https:\\\/\\\/repliquemangacine.fr\\\/sabre-dabordage-de-pirate\\\/piece-de-8-reales-felipe-iv-1635-2\\\/#primaryimage\"},\"thumbnailUrl\":\"https:\\\/\\\/repliquemangacine.fr\\\/wp-content\\\/uploads\\\/2023\\\/10\\\/piece-espagnole-denix-.jpg\",\"datePublished\":\"2017-07-22T08:52:33+00:00\",\"dateModified\":\"2026-03-20T16:56:21+00:00\",\"description\":\"Denix propose cette r\u00e9plique de Pi\u00e8ce de 8 Reales, monnaie pr\u00e9f\u00e9r\u00e9e des pirates, tout en m\u00e9tal argent\u00e9 avec de sublime gravures. Envoi 24\\\/48H\",\"breadcrumb\":{\"@id\":\"https:\\\/\\\/repliquemangacine.fr\\\/sabre-dabordage-de-pirate\\\/piece-de-8-reales-felipe-iv-1635-2\\\/#breadcrumb\"},\"inLanguage\":\"de\",\"potentialAction\":[{\"@type\":\"ReadAction\",\"target\":[\"https:\\\/\\\/repliquemangacine.fr\\\/sabre-dabordage-de-pirate\\\/piece-de-8-reales-felipe-iv-1635-2\\\/\"]}]},{\"@type\":\"ImageObject\",\"inLanguage\":\"de\",\"@id\":\"https:\\\/\\\/repliquemangacine.fr\\\/sabre-dabordage-de-pirate\\\/piece-de-8-reales-felipe-iv-1635-2\\\/#primaryimage\",\"url\":\"https:\\\/\\\/repliquemangacine.fr\\\/wp-content\\\/uploads\\\/2023\\\/10\\\/piece-espagnole-denix-.jpg\",\"contentUrl\":\"https:\\\/\\\/repliquemangacine.fr\\\/wp-content\\\/uploads\\\/2023\\\/10\\\/piece-espagnole-denix-.jpg\",\"width\":800,\"height\":800,\"caption\":\"Pi\u00e8ce Espagnole de 8 Felipe IV 1635\"},{\"@type\":\"BreadcrumbList\",\"@id\":\"https:\\\/\\\/repliquemangacine.fr\\\/sabre-dabordage-de-pirate\\\/piece-de-8-reales-felipe-iv-1635-2\\\/#breadcrumb\",\"itemListElement\":[{\"@type\":\"ListItem\",\"position\":1,\"name\":\"Accueil\",\"item\":\"https:\\\/\\\/repliquemangacine.fr\\\/\"},{\"@type\":\"ListItem\",\"position\":2,\"name\":\"Produits\",\"item\":\"https:\\\/\\\/repliquemangacine.fr\\\/boutique\\\/\"},{\"@type\":\"ListItem\",\"position\":3,\"name\":\"Pi\u00e8ce de 8 Reales\"}]},{\"@type\":\"WebSite\",\"@id\":\"https:\\\/\\\/repliquemangacine.fr\\\/#website\",\"url\":\"https:\\\/\\\/repliquemangacine.fr\\\/\",\"name\":\"R\u00e9plique Manga Cin\u00e9\",\"description\":\"\",\"publisher\":{\"@id\":\"https:\\\/\\\/repliquemangacine.fr\\\/#organization\"},\"potentialAction\":[{\"@type\":\"SearchAction\",\"target\":{\"@type\":\"EntryPoint\",\"urlTemplate\":\"https:\\\/\\\/repliquemangacine.fr\\\/?s={search_term_string}\"},\"query-input\":{\"@type\":\"PropertyValueSpecification\",\"valueRequired\":true,\"valueName\":\"search_term_string\"}}],\"inLanguage\":\"de\"},{\"@type\":\"Organization\",\"@id\":\"https:\\\/\\\/repliquemangacine.fr\\\/#organization\",\"name\":\"R\u00e9plique Manga Cin\u00e9\",\"url\":\"https:\\\/\\\/repliquemangacine.fr\\\/\",\"logo\":{\"@type\":\"ImageObject\",\"inLanguage\":\"de\",\"@id\":\"https:\\\/\\\/repliquemangacine.fr\\\/#\\\/schema\\\/logo\\\/image\\\/\",\"url\":\"https:\\\/\\\/repliquemangacine.fr\\\/wp-content\\\/uploads\\\/2023\\\/10\\\/RMC-500250.png\",\"contentUrl\":\"https:\\\/\\\/repliquemangacine.fr\\\/wp-content\\\/uploads\\\/2023\\\/10\\\/RMC-500250.png\",\"width\":500,\"height\":250,\"caption\":\"R\u00e9plique Manga Cin\u00e9\"},\"image\":{\"@id\":\"https:\\\/\\\/repliquemangacine.fr\\\/#\\\/schema\\\/logo\\\/image\\\/\"},\"sameAs\":[\"https:\\\/\\\/www.facebook.com\\\/RepliqueMangaCine\",\"https:\\\/\\\/www.instagram.com\\\/repliquemangacine.fr\\\/\"]}]}<\/script>\n<!-- \/ Yoast SEO plugin. -->","yoast_head_json":{"title":"8 Reales Felipe IV 1635 M\u00fcnze - Replica Manga Cine","description":"Denix bietet diese Replik der 8-Reales-M\u00fcnze, der Lieblingsw\u00e4hrung der Piraten, ganz aus versilbertem Metall mit wundersch\u00f6nen Gravuren an. Versand 24\/48H","robots":{"index":"index","follow":"follow","max-snippet":"max-snippet:-1","max-image-preview":"max-image-preview:large","max-video-preview":"max-video-preview:-1"},"canonical":"https:\/\/repliquemangacine.fr\/de\/piratenbeiser-sabel\/8-real-munze-felipe-iv-1635-2\/","og_locale":"de_DE","og_type":"article","og_title":"Pi\u00e8ce de 8 Reales Felipe IV 1635 - R\u00e9plique manga cin\u00e9","og_description":"Denix propose cette r\u00e9plique de Pi\u00e8ce de 8 Reales, monnaie pr\u00e9f\u00e9r\u00e9e des pirates, tout en m\u00e9tal argent\u00e9 avec de sublime gravures. Envoi 24\/48H","og_url":"https:\/\/repliquemangacine.fr\/de\/piratenbeiser-sabel\/8-real-munze-felipe-iv-1635-2\/","og_site_name":"R\u00e9plique Manga Cin\u00e9","article_publisher":"https:\/\/www.facebook.com\/RepliqueMangaCine","article_modified_time":"2026-03-20T16:56:21+00:00","og_image":[{"width":800,"height":800,"url":"https:\/\/repliquemangacine.fr\/wp-content\/uploads\/2023\/10\/piece-espagnole-denix-.jpg","type":"image\/jpeg"}],"twitter_card":"summary_large_image","twitter_misc":{"Gesch\u00e4tzte Lesezeit":"3\u00a0Minuten"},"schema":{"@context":"https:\/\/schema.org","@graph":[{"@type":"WebPage","@id":"https:\/\/repliquemangacine.fr\/sabre-dabordage-de-pirate\/piece-de-8-reales-felipe-iv-1635-2\/","url":"https:\/\/repliquemangacine.fr\/sabre-dabordage-de-pirate\/piece-de-8-reales-felipe-iv-1635-2\/","name":"8 Reales Felipe IV 1635 M\u00fcnze - Replica Manga Cine","isPartOf":{"@id":"https:\/\/repliquemangacine.fr\/#website"},"primaryImageOfPage":{"@id":"https:\/\/repliquemangacine.fr\/sabre-dabordage-de-pirate\/piece-de-8-reales-felipe-iv-1635-2\/#primaryimage"},"image":{"@id":"https:\/\/repliquemangacine.fr\/sabre-dabordage-de-pirate\/piece-de-8-reales-felipe-iv-1635-2\/#primaryimage"},"thumbnailUrl":"https:\/\/repliquemangacine.fr\/wp-content\/uploads\/2023\/10\/piece-espagnole-denix-.jpg","datePublished":"2017-07-22T08:52:33+00:00","dateModified":"2026-03-20T16:56:21+00:00","description":"Denix bietet diese Replik der 8-Reales-M\u00fcnze, der Lieblingsw\u00e4hrung der Piraten, ganz aus versilbertem Metall mit wundersch\u00f6nen Gravuren an. Versand 24\/48H","breadcrumb":{"@id":"https:\/\/repliquemangacine.fr\/sabre-dabordage-de-pirate\/piece-de-8-reales-felipe-iv-1635-2\/#breadcrumb"},"inLanguage":"de","potentialAction":[{"@type":"ReadAction","target":["https:\/\/repliquemangacine.fr\/sabre-dabordage-de-pirate\/piece-de-8-reales-felipe-iv-1635-2\/"]}]},{"@type":"ImageObject","inLanguage":"de","@id":"https:\/\/repliquemangacine.fr\/sabre-dabordage-de-pirate\/piece-de-8-reales-felipe-iv-1635-2\/#primaryimage","url":"https:\/\/repliquemangacine.fr\/wp-content\/uploads\/2023\/10\/piece-espagnole-denix-.jpg","contentUrl":"https:\/\/repliquemangacine.fr\/wp-content\/uploads\/2023\/10\/piece-espagnole-denix-.jpg","width":800,"height":800,"caption":"Pi\u00e8ce Espagnole de 8 Felipe IV 1635"},{"@type":"BreadcrumbList","@id":"https:\/\/repliquemangacine.fr\/sabre-dabordage-de-pirate\/piece-de-8-reales-felipe-iv-1635-2\/#breadcrumb","itemListElement":[{"@type":"ListItem","position":1,"name":"Accueil","item":"https:\/\/repliquemangacine.fr\/"},{"@type":"ListItem","position":2,"name":"Produits","item":"https:\/\/repliquemangacine.fr\/boutique\/"},{"@type":"ListItem","position":3,"name":"Pi\u00e8ce de 8 Reales"}]},{"@type":"WebSite","@id":"https:\/\/repliquemangacine.fr\/#website","url":"https:\/\/repliquemangacine.fr\/","name":"R\u00e9plique Manga Cin\u00e9","description":"","publisher":{"@id":"https:\/\/repliquemangacine.fr\/#organization"},"potentialAction":[{"@type":"SearchAction","target":{"@type":"EntryPoint","urlTemplate":"https:\/\/repliquemangacine.fr\/?s={search_term_string}"},"query-input":{"@type":"PropertyValueSpecification","valueRequired":true,"valueName":"search_term_string"}}],"inLanguage":"de"},{"@type":"Organization","@id":"https:\/\/repliquemangacine.fr\/#organization","name":"R\u00e9plique Manga Cin\u00e9","url":"https:\/\/repliquemangacine.fr\/","logo":{"@type":"ImageObject","inLanguage":"de","@id":"https:\/\/repliquemangacine.fr\/#\/schema\/logo\/image\/","url":"https:\/\/repliquemangacine.fr\/wp-content\/uploads\/2023\/10\/RMC-500250.png","contentUrl":"https:\/\/repliquemangacine.fr\/wp-content\/uploads\/2023\/10\/RMC-500250.png","width":500,"height":250,"caption":"R\u00e9plique Manga Cin\u00e9"},"image":{"@id":"https:\/\/repliquemangacine.fr\/#\/schema\/logo\/image\/"},"sameAs":["https:\/\/www.facebook.com\/RepliqueMangaCine","https:\/\/www.instagram.com\/repliquemangacine.fr\/"]}]}},"_links":{"self":[{"href":"https:\/\/repliquemangacine.fr\/de\/wp-json\/wp\/v2\/product\/27412","targetHints":{"allow":["GET"]}}],"collection":[{"href":"https:\/\/repliquemangacine.fr\/de\/wp-json\/wp\/v2\/product"}],"about":[{"href":"https:\/\/repliquemangacine.fr\/de\/wp-json\/wp\/v2\/types\/product"}],"wp:featuredmedia":[{"embeddable":true,"href":"https:\/\/repliquemangacine.fr\/de\/wp-json\/wp\/v2\/media\/27413"}],"wp:attachment":[{"href":"https:\/\/repliquemangacine.fr\/de\/wp-json\/wp\/v2\/media?parent=27412"}],"wp:term":[{"taxonomy":"product_brand","embeddable":true,"href":"https:\/\/repliquemangacine.fr\/de\/wp-json\/wp\/v2\/product_brand?post=27412"},{"taxonomy":"product_cat","embeddable":true,"href":"https:\/\/repliquemangacine.fr\/de\/wp-json\/wp\/v2\/product_cat?post=27412"},{"taxonomy":"product_tag","embeddable":true,"href":"https:\/\/repliquemangacine.fr\/de\/wp-json\/wp\/v2\/product_tag?post=27412"}],"curies":[{"name":"wp","href":"https:\/\/api.w.org\/{rel}","templated":true}]}}