





{"id":27402,"date":"2017-07-19T23:15:36","date_gmt":"2017-07-19T21:15:36","guid":{"rendered":"https:\/\/repliquemangacine.fr\/?post_type=product&#038;p=27402"},"modified":"2025-09-23T18:01:55","modified_gmt":"2025-09-23T16:01:55","slug":"abzeichen-der-kampfinfanterie-der-us-amerikanischen-armee-gelandeversion","status":"publish","type":"product","link":"https:\/\/repliquemangacine.fr\/de\/dagues-et-accessoires-seconde-guerre-mondiale-materiels-militaria\/insigne-d-infanterie-de-combat-us-de-l-armee-americaine-version-terrain\/","title":{"rendered":"US-Infanterie-Kampfabzeichen"},"content":{"rendered":"<h2>US-Infanterie-Kampfabzeichen<\/h2>\n<p>Zun\u00e4chst einmal ist dieses Abzeichen der US-Kampfinfanterie in Feldausf\u00fchrung ein unverzichtbares Accessoire f\u00fcr Ihre historischen Nachstellungen oder Ihre Sammlung zum Zweiten Weltkrieg.<\/p>\n<p>Der First Award ist eine Auszeichnung, die an Infanteriesoldaten verliehen wird, die im Einsatz waren.<\/p>\n<p>Es ist sicherlich eine der prestigetr\u00e4chtigsten Auszeichnungen in den Augen der Soldaten, die im Kampf waren. Etwas sp\u00e4ter, w\u00e4hrend des Zweiten Weltkriegs, wurde eine vollst\u00e4ndig schwarze Metallauszeichnung geschaffen, die im Feld getragen werden konnte.<\/p>\n<p>Seit ihrer Einf\u00fchrung am 27. Oktober 1943 darf die CIB (Combat Infantryman Badge) f\u00fcr Kriege und Konflikte der USA verliehen werden, darunter der Zweite Weltkrieg, der Koreakrieg, der Vietnamkrieg und zuletzt der weltweite Krieg gegen den Terrorismus. Sie wird auch heute noch verliehen.<\/p>\n<p>Derzeit wird dieser Rang Angeh\u00f6rigen der US-Armee verliehen, die \u00fcber milit\u00e4rische Fachkenntnisse in den Bereichen Infanterie oder Spezialeinheiten verf\u00fcgen.<\/p>\n<h2>Ihr milit\u00e4risches Abzeichen zum besten Preis.<\/h2>\n<p>Wir bieten Ihnen eine gro\u00dfe Auswahl an Waffenrepliken und Militaria-Zubeh\u00f6r.<\/p>\n<p>Zun\u00e4chst einmal,<\/p>\n<ul>\n<li>Die <a href=\"https:\/\/repliquemangacine.fr\/de\/dolche-und-zubehor-zweiter-weltkrieg\/deutscher-offiziersdolch-aus-dem-rad-1937\/\">deutscher dolch aus rad<\/a> mit seinem Adlerkopfknauf.<\/li>\n<li>Sowie die <a href=\"https:\/\/repliquemangacine.fr\/de\/dolche-und-zubehor-zweiter-weltkrieg\/bajonett-mauser-k98\/\">Bajonett<\/a> f\u00fcr das Mauser-Gewehr K98 mit Scheide.<\/li>\n<li>Es gibt auch den <a href=\"https:\/\/repliquemangacine.fr\/de\/dolche-und-zubehor-zweiter-weltkrieg\/kampfmesser-usmc-ka-bar\/\">USMC-Kampfmesser<\/a>, genannt Camillus von der US-Armee<\/li>\n<li>Und noch viel mehr gibt es in unserem Online-Shop zu entdecken!<\/li>\n<\/ul>\n<p>Deshalb sind hier tolle Geschenkideen f\u00fcr alle, die Geschichten lieben.<\/p>\n<p>Zusammenfassend l\u00e4sst sich sagen, dass Sie dieses Abzeichen der US-Kampfinfanterie f\u00fcr Ihre historischen Nachstellungen verwenden k\u00f6nnen. In erster Linie handelt es sich jedoch um ein Sammler- und Dekorationsst\u00fcck.<\/p>\n<p>R\u00e9plique Manga cin\u00e9 ist ein franz\u00f6sisches Familienunternehmen und offizieller Vertriebspartner der Marke. <a href=\"https:\/\/www.denix.fr\/\" target=\"_blank\" rel=\"noopener noreferrer\">Denix<\/a>.<\/p>","protected":false},"excerpt":{"rendered":"<p>Reproduktion des Abzeichens der Kampfinfanterie, der Vereinigten Staaten von Amerika im Jahr 1943.<\/p>\n<ul>\n<li>Ganz aus Metall in der Farbe Schwarz (Feldversion).<\/li>\n<li>Besteht aus einer rechteckigen Stange mit einer Springfield-Musketenflinte.<\/li>\n<li>Kranz aus Eichenbl\u00e4ttern, der \"unersch\u00fctterliche St\u00e4rke und Treue\" symbolisiert.<\/li>\n<li>Auf dem R\u00fccken befindet sich eine Stecknadel, damit du sie aufh\u00e4ngen kannst.<\/li>\n<\/ul>","protected":false},"featured_media":27403,"template":"","meta":[],"product_brand":[896],"product_cat":[25,54,85],"product_tag":[],"class_list":{"0":"post-27402","1":"product","2":"type-product","3":"status-publish","4":"has-post-thumbnail","6":"product_brand-replique-manga-cine","7":"product_cat-armes-historiques","8":"product_cat-armes-accessoires-guerre-mondiale","9":"product_cat-dagues-et-accessoires-seconde-guerre-mondiale-materiels-militaria","11":"first","12":"instock","13":"taxable","14":"shipping-taxable","15":"purchasable","16":"product-type-simple"},"yoast_head":"<!-- This site is optimized with the Yoast SEO plugin v27.5 - https:\/\/yoast.com\/product\/yoast-seo-wordpress\/ -->\n<title>Insigne d&#039;infanterie de combat US 1943 - Vente en ligne | RMC<\/title>\n<meta name=\"description\" content=\"Offrez-vous cet insigne d&#039;infanterie de combat US au meilleur prix - Tout en m\u00e9tal - Epingle pour l&#039;accrocher - Envoi 24\/48h - Paiement 100% s\u00e9curis\u00e9\" \/>\n<meta name=\"robots\" content=\"index, follow, max-snippet:-1, max-image-preview:large, max-video-preview:-1\" \/>\n<link rel=\"canonical\" href=\"https:\/\/repliquemangacine.fr\/de\/dolche-und-zubehor-zweiter-weltkrieg-militarisches-material\/abzeichen-der-kampfinfanterie-der-us-amerikanischen-armee-gelandeversion\/\" \/>\n<meta property=\"og:locale\" content=\"de_DE\" \/>\n<meta property=\"og:type\" content=\"article\" \/>\n<meta property=\"og:title\" content=\"Insigne d&#039;infanterie de combat US 1943 - Vente en ligne | RMC\" \/>\n<meta property=\"og:description\" content=\"Offrez-vous cet insigne d&#039;infanterie de combat US au meilleur prix - Tout en m\u00e9tal - Epingle pour l&#039;accrocher - Envoi 24\/48h - Paiement 100% s\u00e9curis\u00e9\" \/>\n<meta property=\"og:url\" content=\"https:\/\/repliquemangacine.fr\/de\/dolche-und-zubehor-zweiter-weltkrieg-militarisches-material\/abzeichen-der-kampfinfanterie-der-us-amerikanischen-armee-gelandeversion\/\" \/>\n<meta property=\"og:site_name\" content=\"R\u00e9plique Manga Cin\u00e9\" \/>\n<meta property=\"article:publisher\" content=\"https:\/\/www.facebook.com\/RepliqueMangaCine\" \/>\n<meta property=\"article:modified_time\" content=\"2025-09-23T16:01:55+00:00\" \/>\n<meta property=\"og:image\" content=\"https:\/\/repliquemangacine.fr\/wp-content\/uploads\/2023\/10\/2202-Insigne-dinfanterie-de-combat-de-larmee-americaine-version-terrain.jpg\" \/>\n\t<meta property=\"og:image:width\" content=\"600\" \/>\n\t<meta property=\"og:image:height\" content=\"600\" \/>\n\t<meta property=\"og:image:type\" content=\"image\/jpeg\" \/>\n<meta name=\"twitter:card\" content=\"summary_large_image\" \/>\n<meta name=\"twitter:label1\" content=\"Gesch\u00e4tzte Lesezeit\" \/>\n\t<meta name=\"twitter:data1\" content=\"1\u00a0Minute\" \/>\n<script type=\"application\/ld+json\" class=\"yoast-schema-graph\">{\"@context\":\"https:\\\/\\\/schema.org\",\"@graph\":[{\"@type\":\"WebPage\",\"@id\":\"https:\\\/\\\/repliquemangacine.fr\\\/dagues-et-accessoires-seconde-guerre-mondiale-materiels-militaria\\\/insigne-d-infanterie-de-combat-us-de-l-armee-americaine-version-terrain\\\/\",\"url\":\"https:\\\/\\\/repliquemangacine.fr\\\/dagues-et-accessoires-seconde-guerre-mondiale-materiels-militaria\\\/insigne-d-infanterie-de-combat-us-de-l-armee-americaine-version-terrain\\\/\",\"name\":\"Insigne d'infanterie de combat US 1943 - Vente en ligne | RMC\",\"isPartOf\":{\"@id\":\"https:\\\/\\\/repliquemangacine.fr\\\/#website\"},\"primaryImageOfPage\":{\"@id\":\"https:\\\/\\\/repliquemangacine.fr\\\/dagues-et-accessoires-seconde-guerre-mondiale-materiels-militaria\\\/insigne-d-infanterie-de-combat-us-de-l-armee-americaine-version-terrain\\\/#primaryimage\"},\"image\":{\"@id\":\"https:\\\/\\\/repliquemangacine.fr\\\/dagues-et-accessoires-seconde-guerre-mondiale-materiels-militaria\\\/insigne-d-infanterie-de-combat-us-de-l-armee-americaine-version-terrain\\\/#primaryimage\"},\"thumbnailUrl\":\"https:\\\/\\\/repliquemangacine.fr\\\/wp-content\\\/uploads\\\/2023\\\/10\\\/2202-Insigne-dinfanterie-de-combat-de-larmee-americaine-version-terrain.jpg\",\"datePublished\":\"2017-07-19T21:15:36+00:00\",\"dateModified\":\"2025-09-23T16:01:55+00:00\",\"description\":\"Offrez-vous cet insigne d'infanterie de combat US au meilleur prix - Tout en m\u00e9tal - Epingle pour l'accrocher - Envoi 24\\\/48h - Paiement 100% s\u00e9curis\u00e9\",\"breadcrumb\":{\"@id\":\"https:\\\/\\\/repliquemangacine.fr\\\/dagues-et-accessoires-seconde-guerre-mondiale-materiels-militaria\\\/insigne-d-infanterie-de-combat-us-de-l-armee-americaine-version-terrain\\\/#breadcrumb\"},\"inLanguage\":\"de\",\"potentialAction\":[{\"@type\":\"ReadAction\",\"target\":[\"https:\\\/\\\/repliquemangacine.fr\\\/dagues-et-accessoires-seconde-guerre-mondiale-materiels-militaria\\\/insigne-d-infanterie-de-combat-us-de-l-armee-americaine-version-terrain\\\/\"]}]},{\"@type\":\"ImageObject\",\"inLanguage\":\"de\",\"@id\":\"https:\\\/\\\/repliquemangacine.fr\\\/dagues-et-accessoires-seconde-guerre-mondiale-materiels-militaria\\\/insigne-d-infanterie-de-combat-us-de-l-armee-americaine-version-terrain\\\/#primaryimage\",\"url\":\"https:\\\/\\\/repliquemangacine.fr\\\/wp-content\\\/uploads\\\/2023\\\/10\\\/2202-Insigne-dinfanterie-de-combat-de-larmee-americaine-version-terrain.jpg\",\"contentUrl\":\"https:\\\/\\\/repliquemangacine.fr\\\/wp-content\\\/uploads\\\/2023\\\/10\\\/2202-Insigne-dinfanterie-de-combat-de-larmee-americaine-version-terrain.jpg\",\"width\":600,\"height\":600,\"caption\":\"Insigne d'infanterie de combat US\"},{\"@type\":\"BreadcrumbList\",\"@id\":\"https:\\\/\\\/repliquemangacine.fr\\\/dagues-et-accessoires-seconde-guerre-mondiale-materiels-militaria\\\/insigne-d-infanterie-de-combat-us-de-l-armee-americaine-version-terrain\\\/#breadcrumb\",\"itemListElement\":[{\"@type\":\"ListItem\",\"position\":1,\"name\":\"Accueil\",\"item\":\"https:\\\/\\\/repliquemangacine.fr\\\/\"},{\"@type\":\"ListItem\",\"position\":2,\"name\":\"Produits\",\"item\":\"https:\\\/\\\/repliquemangacine.fr\\\/boutique\\\/\"},{\"@type\":\"ListItem\",\"position\":3,\"name\":\"Insigne d&#8217;infanterie de combat US\"}]},{\"@type\":\"WebSite\",\"@id\":\"https:\\\/\\\/repliquemangacine.fr\\\/#website\",\"url\":\"https:\\\/\\\/repliquemangacine.fr\\\/\",\"name\":\"R\u00e9plique Manga Cin\u00e9\",\"description\":\"\",\"publisher\":{\"@id\":\"https:\\\/\\\/repliquemangacine.fr\\\/#organization\"},\"potentialAction\":[{\"@type\":\"SearchAction\",\"target\":{\"@type\":\"EntryPoint\",\"urlTemplate\":\"https:\\\/\\\/repliquemangacine.fr\\\/?s={search_term_string}\"},\"query-input\":{\"@type\":\"PropertyValueSpecification\",\"valueRequired\":true,\"valueName\":\"search_term_string\"}}],\"inLanguage\":\"de\"},{\"@type\":\"Organization\",\"@id\":\"https:\\\/\\\/repliquemangacine.fr\\\/#organization\",\"name\":\"R\u00e9plique Manga Cin\u00e9\",\"url\":\"https:\\\/\\\/repliquemangacine.fr\\\/\",\"logo\":{\"@type\":\"ImageObject\",\"inLanguage\":\"de\",\"@id\":\"https:\\\/\\\/repliquemangacine.fr\\\/#\\\/schema\\\/logo\\\/image\\\/\",\"url\":\"https:\\\/\\\/repliquemangacine.fr\\\/wp-content\\\/uploads\\\/2023\\\/10\\\/RMC-500250.png\",\"contentUrl\":\"https:\\\/\\\/repliquemangacine.fr\\\/wp-content\\\/uploads\\\/2023\\\/10\\\/RMC-500250.png\",\"width\":500,\"height\":250,\"caption\":\"R\u00e9plique Manga Cin\u00e9\"},\"image\":{\"@id\":\"https:\\\/\\\/repliquemangacine.fr\\\/#\\\/schema\\\/logo\\\/image\\\/\"},\"sameAs\":[\"https:\\\/\\\/www.facebook.com\\\/RepliqueMangaCine\",\"https:\\\/\\\/www.instagram.com\\\/repliquemangacine.fr\\\/\"]}]}<\/script>\n<!-- \/ Yoast SEO plugin. -->","yoast_head_json":{"title":"US Kampf Infanterie Abzeichen 1943 - Online Verkauf | RMC","description":"G\u00f6nnen Sie sich dieses Abzeichen der US-Kampfinfanterie zum besten Preis - Ganz aus Metall - Anstecknadel zum Aufh\u00e4ngen - Versand 24\/48h - Sichere Zahlung 100%","robots":{"index":"index","follow":"follow","max-snippet":"max-snippet:-1","max-image-preview":"max-image-preview:large","max-video-preview":"max-video-preview:-1"},"canonical":"https:\/\/repliquemangacine.fr\/de\/dolche-und-zubehor-zweiter-weltkrieg-militarisches-material\/abzeichen-der-kampfinfanterie-der-us-amerikanischen-armee-gelandeversion\/","og_locale":"de_DE","og_type":"article","og_title":"Insigne d'infanterie de combat US 1943 - Vente en ligne | RMC","og_description":"Offrez-vous cet insigne d'infanterie de combat US au meilleur prix - Tout en m\u00e9tal - Epingle pour l'accrocher - Envoi 24\/48h - Paiement 100% s\u00e9curis\u00e9","og_url":"https:\/\/repliquemangacine.fr\/de\/dolche-und-zubehor-zweiter-weltkrieg-militarisches-material\/abzeichen-der-kampfinfanterie-der-us-amerikanischen-armee-gelandeversion\/","og_site_name":"R\u00e9plique Manga Cin\u00e9","article_publisher":"https:\/\/www.facebook.com\/RepliqueMangaCine","article_modified_time":"2025-09-23T16:01:55+00:00","og_image":[{"width":600,"height":600,"url":"https:\/\/repliquemangacine.fr\/wp-content\/uploads\/2023\/10\/2202-Insigne-dinfanterie-de-combat-de-larmee-americaine-version-terrain.jpg","type":"image\/jpeg"}],"twitter_card":"summary_large_image","twitter_misc":{"Gesch\u00e4tzte Lesezeit":"1\u00a0Minute"},"schema":{"@context":"https:\/\/schema.org","@graph":[{"@type":"WebPage","@id":"https:\/\/repliquemangacine.fr\/dagues-et-accessoires-seconde-guerre-mondiale-materiels-militaria\/insigne-d-infanterie-de-combat-us-de-l-armee-americaine-version-terrain\/","url":"https:\/\/repliquemangacine.fr\/dagues-et-accessoires-seconde-guerre-mondiale-materiels-militaria\/insigne-d-infanterie-de-combat-us-de-l-armee-americaine-version-terrain\/","name":"US Kampf Infanterie Abzeichen 1943 - Online Verkauf | RMC","isPartOf":{"@id":"https:\/\/repliquemangacine.fr\/#website"},"primaryImageOfPage":{"@id":"https:\/\/repliquemangacine.fr\/dagues-et-accessoires-seconde-guerre-mondiale-materiels-militaria\/insigne-d-infanterie-de-combat-us-de-l-armee-americaine-version-terrain\/#primaryimage"},"image":{"@id":"https:\/\/repliquemangacine.fr\/dagues-et-accessoires-seconde-guerre-mondiale-materiels-militaria\/insigne-d-infanterie-de-combat-us-de-l-armee-americaine-version-terrain\/#primaryimage"},"thumbnailUrl":"https:\/\/repliquemangacine.fr\/wp-content\/uploads\/2023\/10\/2202-Insigne-dinfanterie-de-combat-de-larmee-americaine-version-terrain.jpg","datePublished":"2017-07-19T21:15:36+00:00","dateModified":"2025-09-23T16:01:55+00:00","description":"G\u00f6nnen Sie sich dieses Abzeichen der US-Kampfinfanterie zum besten Preis - Ganz aus Metall - Anstecknadel zum Aufh\u00e4ngen - Versand 24\/48h - Sichere Zahlung 100%","breadcrumb":{"@id":"https:\/\/repliquemangacine.fr\/dagues-et-accessoires-seconde-guerre-mondiale-materiels-militaria\/insigne-d-infanterie-de-combat-us-de-l-armee-americaine-version-terrain\/#breadcrumb"},"inLanguage":"de","potentialAction":[{"@type":"ReadAction","target":["https:\/\/repliquemangacine.fr\/dagues-et-accessoires-seconde-guerre-mondiale-materiels-militaria\/insigne-d-infanterie-de-combat-us-de-l-armee-americaine-version-terrain\/"]}]},{"@type":"ImageObject","inLanguage":"de","@id":"https:\/\/repliquemangacine.fr\/dagues-et-accessoires-seconde-guerre-mondiale-materiels-militaria\/insigne-d-infanterie-de-combat-us-de-l-armee-americaine-version-terrain\/#primaryimage","url":"https:\/\/repliquemangacine.fr\/wp-content\/uploads\/2023\/10\/2202-Insigne-dinfanterie-de-combat-de-larmee-americaine-version-terrain.jpg","contentUrl":"https:\/\/repliquemangacine.fr\/wp-content\/uploads\/2023\/10\/2202-Insigne-dinfanterie-de-combat-de-larmee-americaine-version-terrain.jpg","width":600,"height":600,"caption":"Insigne d'infanterie de combat US"},{"@type":"BreadcrumbList","@id":"https:\/\/repliquemangacine.fr\/dagues-et-accessoires-seconde-guerre-mondiale-materiels-militaria\/insigne-d-infanterie-de-combat-us-de-l-armee-americaine-version-terrain\/#breadcrumb","itemListElement":[{"@type":"ListItem","position":1,"name":"Accueil","item":"https:\/\/repliquemangacine.fr\/"},{"@type":"ListItem","position":2,"name":"Produits","item":"https:\/\/repliquemangacine.fr\/boutique\/"},{"@type":"ListItem","position":3,"name":"Insigne d&#8217;infanterie de combat US"}]},{"@type":"WebSite","@id":"https:\/\/repliquemangacine.fr\/#website","url":"https:\/\/repliquemangacine.fr\/","name":"R\u00e9plique Manga Cin\u00e9","description":"","publisher":{"@id":"https:\/\/repliquemangacine.fr\/#organization"},"potentialAction":[{"@type":"SearchAction","target":{"@type":"EntryPoint","urlTemplate":"https:\/\/repliquemangacine.fr\/?s={search_term_string}"},"query-input":{"@type":"PropertyValueSpecification","valueRequired":true,"valueName":"search_term_string"}}],"inLanguage":"de"},{"@type":"Organization","@id":"https:\/\/repliquemangacine.fr\/#organization","name":"R\u00e9plique Manga Cin\u00e9","url":"https:\/\/repliquemangacine.fr\/","logo":{"@type":"ImageObject","inLanguage":"de","@id":"https:\/\/repliquemangacine.fr\/#\/schema\/logo\/image\/","url":"https:\/\/repliquemangacine.fr\/wp-content\/uploads\/2023\/10\/RMC-500250.png","contentUrl":"https:\/\/repliquemangacine.fr\/wp-content\/uploads\/2023\/10\/RMC-500250.png","width":500,"height":250,"caption":"R\u00e9plique Manga Cin\u00e9"},"image":{"@id":"https:\/\/repliquemangacine.fr\/#\/schema\/logo\/image\/"},"sameAs":["https:\/\/www.facebook.com\/RepliqueMangaCine","https:\/\/www.instagram.com\/repliquemangacine.fr\/"]}]}},"_links":{"self":[{"href":"https:\/\/repliquemangacine.fr\/de\/wp-json\/wp\/v2\/product\/27402","targetHints":{"allow":["GET"]}}],"collection":[{"href":"https:\/\/repliquemangacine.fr\/de\/wp-json\/wp\/v2\/product"}],"about":[{"href":"https:\/\/repliquemangacine.fr\/de\/wp-json\/wp\/v2\/types\/product"}],"wp:featuredmedia":[{"embeddable":true,"href":"https:\/\/repliquemangacine.fr\/de\/wp-json\/wp\/v2\/media\/27403"}],"wp:attachment":[{"href":"https:\/\/repliquemangacine.fr\/de\/wp-json\/wp\/v2\/media?parent=27402"}],"wp:term":[{"taxonomy":"product_brand","embeddable":true,"href":"https:\/\/repliquemangacine.fr\/de\/wp-json\/wp\/v2\/product_brand?post=27402"},{"taxonomy":"product_cat","embeddable":true,"href":"https:\/\/repliquemangacine.fr\/de\/wp-json\/wp\/v2\/product_cat?post=27402"},{"taxonomy":"product_tag","embeddable":true,"href":"https:\/\/repliquemangacine.fr\/de\/wp-json\/wp\/v2\/product_tag?post=27402"}],"curies":[{"name":"wp","href":"https:\/\/api.w.org\/{rel}","templated":true}]}}