





{"id":27381,"date":"2017-07-16T17:18:49","date_gmt":"2017-07-16T15:18:49","guid":{"rendered":"https:\/\/repliquemangacine.fr\/?post_type=product&#038;p=27381"},"modified":"2026-01-23T22:42:47","modified_gmt":"2026-01-23T21:42:47","slug":"holzstander-fur-pistole-und-colt-2","status":"publish","type":"product","link":"https:\/\/repliquemangacine.fr\/de\/holster-accessoires-western\/support-en-bois-pour-pistolet-et-colt\/","title":{"rendered":"Pistolenhalter"},"content":{"rendered":"<h2>Pistolenhalter aus Holz - Denix<\/h2>\n<p>F\u00fcr den Anfang ist der Pistolenst\u00e4nder aus Holz unerl\u00e4sslich, um Ihre Waffen sch\u00f6n zu pr\u00e4sentieren.<\/p>\n<p><a href=\"https:\/\/www.denix.fr\/\" target=\"_blank\" rel=\"noopener noreferrer\">Denix<\/a> bietet uns hier eine originelle Idee f\u00fcr einen St\u00e4nder durch einfaches Zusammenstecken, ohne N\u00e4gel oder Schrauben. Mit diesem kleinen Objekt k\u00f6nnen Sie alle Ihre Colts und Pistolen kosteng\u00fcnstig ausstellen.<\/p>\n<p>Denix, ein weltweit renommiertes spanisches Unternehmen, das sich auf den Verkauf von Reproduktionen historischer Waffen spezialisiert hat. Seit \u00fcber 50 Jahren ist es f\u00fchrend in seinem Bereich und exportiert in mehr als 40 L\u00e4nder. Es verf\u00fcgt \u00fcber ein gro\u00dfes Vertriebsnetz, zu dem auch wir geh\u00f6ren, sehr zur Freude aller.<\/p>\n<p>Alle historischen Epochen sind in ihrem Katalog vertreten:<\/p>\n<ul>\n<li>Die Antike und ihre Schwerter<\/li>\n<li>Mittelalter und seine Schwerter<\/li>\n<li>1. Kaiserreich mit seinen Gewehren, Pistolen und S\u00e4beln<\/li>\n<li>Der Western und seine Colts und Winchester<\/li>\n<li>Der 2\u1d49 Weltkrieg und seine D-Day-Waffen<\/li>\n<\/ul>\n<h2>Ihre Denix-Waffenrepliken zum besten Preis.<\/h2>\n<p>Wir bieten Ihnen eine sehr gro\u00dfe Auswahl an Reproduktionen von Waffen der Marke Denix.<\/p>\n<p>Zun\u00e4chst einmal,<\/p>\n<ul>\n<li>Repliken aus der Antike wie das <a href=\"https:\/\/repliquemangacine.fr\/de\/historische-waffen\/glaive-jules-cesar-schwarz\/\">Gladius von Julius C\u00e4sar<\/a> mit bemerkenswerten Endbearbeitungen.<\/li>\n<li>Es gibt auch die Westernzeit mit den <a href=\"https:\/\/repliquemangacine.fr\/de\/winchester-gewehr\/\">Winchesters<\/a> und Cowboys Colts<\/li>\n<li>Sowie die antike und mittelalterliche Periode wie die<a href=\"https:\/\/repliquemangacine.fr\/de\/nachbildungen-von-mittelalterlichen-waffen-und-accessoires\/legendares-schwert-excalibur-konig-arthur\/\">Schwert Excalibur von K\u00f6nig Artus<\/a><\/li>\n<li>Zum Abschluss der <a href=\"https:\/\/repliquemangacine.fr\/de\/waffen-zweiter-weltkrieg\/\">Zweiter Weltkrieg<\/a> mit allen Waffen, die beim D-Day verwendet wurden<\/li>\n<li>Und noch viel mehr gibt es in unserem Online-Shop zu entdecken!<\/li>\n<\/ul>\n<p>Deshalb gibt es hier tolle Geschenkideen f\u00fcr alle Geschichtsinteressierten<\/p>\n<p>Zusammenfassend l\u00e4sst sich sagen, dass Sie diesen Holzst\u00e4nder f\u00fcr Waffen zur Dekoration und Ausstellung Ihrer Sammlerst\u00fccke verwenden k\u00f6nnen.<\/p>\n<p>R\u00e9plique Manga Cin\u00e9 ist ein franz\u00f6sisches Familienunternehmen und offizieller Vertriebspartner der Marke Denix.<\/p>","protected":false},"excerpt":{"rendered":"<p>Endlich! Sie werden Ihre Colts und Pistolen in aller Ruhe ausstellen k\u00f6nnen, wo immer Sie wollen.<\/p>\n<ul>\n<li>Holzst\u00e4nder, der sich \u00fcberall hinstellen l\u00e4sst.<\/li>\n<li>Sehr einfache Montage durch Zusammenstecken.<\/li>\n<li>H\u00f6he: 11 cm - Gewicht: 30 Gramm<\/li>\n<\/ul>","protected":false},"featured_media":27382,"template":"","meta":[],"product_brand":[896],"product_cat":[51,25,102,54,90,85,28,27],"product_tag":[],"class_list":{"0":"post-27381","1":"product","2":"type-product","3":"status-publish","4":"has-post-thumbnail","6":"product_brand-replique-manga-cine","7":"product_cat-accessoires-western","8":"product_cat-armes-historiques","9":"product_cat-denix","10":"product_cat-armes-accessoires-guerre-mondiale","11":"product_cat-holster-accessoires-western","12":"product_cat-dagues-et-accessoires-seconde-guerre-mondiale-materiels-militaria","13":"product_cat-repliques-darmes","14":"product_cat-armes-et-accessoires-western","16":"first","17":"instock","18":"taxable","19":"shipping-taxable","20":"purchasable","21":"product-type-simple"},"yoast_head":"<!-- This site is optimized with the Yoast SEO plugin v27.4 - https:\/\/yoast.com\/product\/yoast-seo-wordpress\/ -->\n<title>Support pistolet bois -Vente en ligne - Denix | R\u00e9plique Manga Cin\u00e9<\/title>\n<meta name=\"description\" content=\"Vous allez pouvoir exposer vos pistolets, colts, revolver partout ou vous voulez, gr\u00e2ce \u00e0 ce support pistolet bois au meilleur prix (petit, mais costaud).\" \/>\n<meta name=\"robots\" content=\"index, follow, max-snippet:-1, max-image-preview:large, max-video-preview:-1\" \/>\n<link rel=\"canonical\" href=\"https:\/\/repliquemangacine.fr\/de\/denix\/holzstander-fur-pistole-und-colt-2\/\" \/>\n<meta property=\"og:locale\" content=\"de_DE\" \/>\n<meta property=\"og:type\" content=\"article\" \/>\n<meta property=\"og:title\" content=\"Support pistolet bois -Vente en ligne - Denix | R\u00e9plique Manga Cin\u00e9\" \/>\n<meta property=\"og:description\" content=\"Vous allez pouvoir exposer vos pistolets, colts, revolver partout ou vous voulez, gr\u00e2ce \u00e0 ce support pistolet bois au meilleur prix (petit, mais costaud).\" \/>\n<meta property=\"og:url\" content=\"https:\/\/repliquemangacine.fr\/de\/denix\/holzstander-fur-pistole-und-colt-2\/\" \/>\n<meta property=\"og:site_name\" content=\"R\u00e9plique Manga Cin\u00e9\" \/>\n<meta property=\"article:publisher\" content=\"https:\/\/www.facebook.com\/RepliqueMangaCine\" \/>\n<meta property=\"article:modified_time\" content=\"2026-01-23T21:42:47+00:00\" \/>\n<meta property=\"og:image\" content=\"https:\/\/repliquemangacine.fr\/wp-content\/uploads\/2023\/10\/2175-Support-en-bois-pour-pistolet-et-colt.jpg\" \/>\n\t<meta property=\"og:image:width\" content=\"600\" \/>\n\t<meta property=\"og:image:height\" content=\"600\" \/>\n\t<meta property=\"og:image:type\" content=\"image\/jpeg\" \/>\n<meta name=\"twitter:card\" content=\"summary_large_image\" \/>\n<meta name=\"twitter:label1\" content=\"Gesch\u00e4tzte Lesezeit\" \/>\n\t<meta name=\"twitter:data1\" content=\"1\u00a0Minute\" \/>\n<script type=\"application\/ld+json\" class=\"yoast-schema-graph\">{\"@context\":\"https:\\\/\\\/schema.org\",\"@graph\":[{\"@type\":\"WebPage\",\"@id\":\"https:\\\/\\\/repliquemangacine.fr\\\/denix\\\/support-en-bois-pour-pistolet-et-colt\\\/\",\"url\":\"https:\\\/\\\/repliquemangacine.fr\\\/denix\\\/support-en-bois-pour-pistolet-et-colt\\\/\",\"name\":\"Support pistolet bois -Vente en ligne - Denix | R\u00e9plique Manga Cin\u00e9\",\"isPartOf\":{\"@id\":\"https:\\\/\\\/repliquemangacine.fr\\\/#website\"},\"primaryImageOfPage\":{\"@id\":\"https:\\\/\\\/repliquemangacine.fr\\\/denix\\\/support-en-bois-pour-pistolet-et-colt\\\/#primaryimage\"},\"image\":{\"@id\":\"https:\\\/\\\/repliquemangacine.fr\\\/denix\\\/support-en-bois-pour-pistolet-et-colt\\\/#primaryimage\"},\"thumbnailUrl\":\"https:\\\/\\\/repliquemangacine.fr\\\/wp-content\\\/uploads\\\/2023\\\/10\\\/2175-Support-en-bois-pour-pistolet-et-colt.jpg\",\"datePublished\":\"2017-07-16T15:18:49+00:00\",\"dateModified\":\"2026-01-23T21:42:47+00:00\",\"description\":\"Vous allez pouvoir exposer vos pistolets, colts, revolver partout ou vous voulez, gr\u00e2ce \u00e0 ce support pistolet bois au meilleur prix (petit, mais costaud).\",\"breadcrumb\":{\"@id\":\"https:\\\/\\\/repliquemangacine.fr\\\/denix\\\/support-en-bois-pour-pistolet-et-colt\\\/#breadcrumb\"},\"inLanguage\":\"de\",\"potentialAction\":[{\"@type\":\"ReadAction\",\"target\":[\"https:\\\/\\\/repliquemangacine.fr\\\/denix\\\/support-en-bois-pour-pistolet-et-colt\\\/\"]}]},{\"@type\":\"ImageObject\",\"inLanguage\":\"de\",\"@id\":\"https:\\\/\\\/repliquemangacine.fr\\\/denix\\\/support-en-bois-pour-pistolet-et-colt\\\/#primaryimage\",\"url\":\"https:\\\/\\\/repliquemangacine.fr\\\/wp-content\\\/uploads\\\/2023\\\/10\\\/2175-Support-en-bois-pour-pistolet-et-colt.jpg\",\"contentUrl\":\"https:\\\/\\\/repliquemangacine.fr\\\/wp-content\\\/uploads\\\/2023\\\/10\\\/2175-Support-en-bois-pour-pistolet-et-colt.jpg\",\"width\":600,\"height\":600,\"caption\":\"Support pistolet bois\"},{\"@type\":\"BreadcrumbList\",\"@id\":\"https:\\\/\\\/repliquemangacine.fr\\\/denix\\\/support-en-bois-pour-pistolet-et-colt\\\/#breadcrumb\",\"itemListElement\":[{\"@type\":\"ListItem\",\"position\":1,\"name\":\"Accueil\",\"item\":\"https:\\\/\\\/repliquemangacine.fr\\\/\"},{\"@type\":\"ListItem\",\"position\":2,\"name\":\"Produits\",\"item\":\"https:\\\/\\\/repliquemangacine.fr\\\/boutique\\\/\"},{\"@type\":\"ListItem\",\"position\":3,\"name\":\"Support pistolet\"}]},{\"@type\":\"WebSite\",\"@id\":\"https:\\\/\\\/repliquemangacine.fr\\\/#website\",\"url\":\"https:\\\/\\\/repliquemangacine.fr\\\/\",\"name\":\"R\u00e9plique Manga Cin\u00e9\",\"description\":\"\",\"publisher\":{\"@id\":\"https:\\\/\\\/repliquemangacine.fr\\\/#organization\"},\"potentialAction\":[{\"@type\":\"SearchAction\",\"target\":{\"@type\":\"EntryPoint\",\"urlTemplate\":\"https:\\\/\\\/repliquemangacine.fr\\\/?s={search_term_string}\"},\"query-input\":{\"@type\":\"PropertyValueSpecification\",\"valueRequired\":true,\"valueName\":\"search_term_string\"}}],\"inLanguage\":\"de\"},{\"@type\":\"Organization\",\"@id\":\"https:\\\/\\\/repliquemangacine.fr\\\/#organization\",\"name\":\"R\u00e9plique Manga Cin\u00e9\",\"url\":\"https:\\\/\\\/repliquemangacine.fr\\\/\",\"logo\":{\"@type\":\"ImageObject\",\"inLanguage\":\"de\",\"@id\":\"https:\\\/\\\/repliquemangacine.fr\\\/#\\\/schema\\\/logo\\\/image\\\/\",\"url\":\"https:\\\/\\\/repliquemangacine.fr\\\/wp-content\\\/uploads\\\/2023\\\/10\\\/RMC-500250.png\",\"contentUrl\":\"https:\\\/\\\/repliquemangacine.fr\\\/wp-content\\\/uploads\\\/2023\\\/10\\\/RMC-500250.png\",\"width\":500,\"height\":250,\"caption\":\"R\u00e9plique Manga Cin\u00e9\"},\"image\":{\"@id\":\"https:\\\/\\\/repliquemangacine.fr\\\/#\\\/schema\\\/logo\\\/image\\\/\"},\"sameAs\":[\"https:\\\/\\\/www.facebook.com\\\/RepliqueMangaCine\",\"https:\\\/\\\/www.instagram.com\\\/repliquemangacine.fr\\\/\"]}]}<\/script>\n<!-- \/ Yoast SEO plugin. -->","yoast_head_json":{"title":"Pistolenhalter Holz -Online-Verkauf - Denix | R\u00e9plique Manga Cin\u00e9","description":"Mit diesem Pistolenst\u00e4nder aus Holz k\u00f6nnen Sie Ihre Pistolen, Colts und Revolver \u00fcberall ausstellen.","robots":{"index":"index","follow":"follow","max-snippet":"max-snippet:-1","max-image-preview":"max-image-preview:large","max-video-preview":"max-video-preview:-1"},"canonical":"https:\/\/repliquemangacine.fr\/de\/denix\/holzstander-fur-pistole-und-colt-2\/","og_locale":"de_DE","og_type":"article","og_title":"Support pistolet bois -Vente en ligne - Denix | R\u00e9plique Manga Cin\u00e9","og_description":"Vous allez pouvoir exposer vos pistolets, colts, revolver partout ou vous voulez, gr\u00e2ce \u00e0 ce support pistolet bois au meilleur prix (petit, mais costaud).","og_url":"https:\/\/repliquemangacine.fr\/de\/denix\/holzstander-fur-pistole-und-colt-2\/","og_site_name":"R\u00e9plique Manga Cin\u00e9","article_publisher":"https:\/\/www.facebook.com\/RepliqueMangaCine","article_modified_time":"2026-01-23T21:42:47+00:00","og_image":[{"width":600,"height":600,"url":"https:\/\/repliquemangacine.fr\/wp-content\/uploads\/2023\/10\/2175-Support-en-bois-pour-pistolet-et-colt.jpg","type":"image\/jpeg"}],"twitter_card":"summary_large_image","twitter_misc":{"Gesch\u00e4tzte Lesezeit":"1\u00a0Minute"},"schema":{"@context":"https:\/\/schema.org","@graph":[{"@type":"WebPage","@id":"https:\/\/repliquemangacine.fr\/denix\/support-en-bois-pour-pistolet-et-colt\/","url":"https:\/\/repliquemangacine.fr\/denix\/support-en-bois-pour-pistolet-et-colt\/","name":"Pistolenhalter Holz -Online-Verkauf - Denix | R\u00e9plique Manga Cin\u00e9","isPartOf":{"@id":"https:\/\/repliquemangacine.fr\/#website"},"primaryImageOfPage":{"@id":"https:\/\/repliquemangacine.fr\/denix\/support-en-bois-pour-pistolet-et-colt\/#primaryimage"},"image":{"@id":"https:\/\/repliquemangacine.fr\/denix\/support-en-bois-pour-pistolet-et-colt\/#primaryimage"},"thumbnailUrl":"https:\/\/repliquemangacine.fr\/wp-content\/uploads\/2023\/10\/2175-Support-en-bois-pour-pistolet-et-colt.jpg","datePublished":"2017-07-16T15:18:49+00:00","dateModified":"2026-01-23T21:42:47+00:00","description":"Mit diesem Pistolenst\u00e4nder aus Holz k\u00f6nnen Sie Ihre Pistolen, Colts und Revolver \u00fcberall ausstellen.","breadcrumb":{"@id":"https:\/\/repliquemangacine.fr\/denix\/support-en-bois-pour-pistolet-et-colt\/#breadcrumb"},"inLanguage":"de","potentialAction":[{"@type":"ReadAction","target":["https:\/\/repliquemangacine.fr\/denix\/support-en-bois-pour-pistolet-et-colt\/"]}]},{"@type":"ImageObject","inLanguage":"de","@id":"https:\/\/repliquemangacine.fr\/denix\/support-en-bois-pour-pistolet-et-colt\/#primaryimage","url":"https:\/\/repliquemangacine.fr\/wp-content\/uploads\/2023\/10\/2175-Support-en-bois-pour-pistolet-et-colt.jpg","contentUrl":"https:\/\/repliquemangacine.fr\/wp-content\/uploads\/2023\/10\/2175-Support-en-bois-pour-pistolet-et-colt.jpg","width":600,"height":600,"caption":"Support pistolet bois"},{"@type":"BreadcrumbList","@id":"https:\/\/repliquemangacine.fr\/denix\/support-en-bois-pour-pistolet-et-colt\/#breadcrumb","itemListElement":[{"@type":"ListItem","position":1,"name":"Accueil","item":"https:\/\/repliquemangacine.fr\/"},{"@type":"ListItem","position":2,"name":"Produits","item":"https:\/\/repliquemangacine.fr\/boutique\/"},{"@type":"ListItem","position":3,"name":"Support pistolet"}]},{"@type":"WebSite","@id":"https:\/\/repliquemangacine.fr\/#website","url":"https:\/\/repliquemangacine.fr\/","name":"R\u00e9plique Manga Cin\u00e9","description":"","publisher":{"@id":"https:\/\/repliquemangacine.fr\/#organization"},"potentialAction":[{"@type":"SearchAction","target":{"@type":"EntryPoint","urlTemplate":"https:\/\/repliquemangacine.fr\/?s={search_term_string}"},"query-input":{"@type":"PropertyValueSpecification","valueRequired":true,"valueName":"search_term_string"}}],"inLanguage":"de"},{"@type":"Organization","@id":"https:\/\/repliquemangacine.fr\/#organization","name":"R\u00e9plique Manga Cin\u00e9","url":"https:\/\/repliquemangacine.fr\/","logo":{"@type":"ImageObject","inLanguage":"de","@id":"https:\/\/repliquemangacine.fr\/#\/schema\/logo\/image\/","url":"https:\/\/repliquemangacine.fr\/wp-content\/uploads\/2023\/10\/RMC-500250.png","contentUrl":"https:\/\/repliquemangacine.fr\/wp-content\/uploads\/2023\/10\/RMC-500250.png","width":500,"height":250,"caption":"R\u00e9plique Manga Cin\u00e9"},"image":{"@id":"https:\/\/repliquemangacine.fr\/#\/schema\/logo\/image\/"},"sameAs":["https:\/\/www.facebook.com\/RepliqueMangaCine","https:\/\/www.instagram.com\/repliquemangacine.fr\/"]}]}},"_links":{"self":[{"href":"https:\/\/repliquemangacine.fr\/de\/wp-json\/wp\/v2\/product\/27381","targetHints":{"allow":["GET"]}}],"collection":[{"href":"https:\/\/repliquemangacine.fr\/de\/wp-json\/wp\/v2\/product"}],"about":[{"href":"https:\/\/repliquemangacine.fr\/de\/wp-json\/wp\/v2\/types\/product"}],"wp:featuredmedia":[{"embeddable":true,"href":"https:\/\/repliquemangacine.fr\/de\/wp-json\/wp\/v2\/media\/27382"}],"wp:attachment":[{"href":"https:\/\/repliquemangacine.fr\/de\/wp-json\/wp\/v2\/media?parent=27381"}],"wp:term":[{"taxonomy":"product_brand","embeddable":true,"href":"https:\/\/repliquemangacine.fr\/de\/wp-json\/wp\/v2\/product_brand?post=27381"},{"taxonomy":"product_cat","embeddable":true,"href":"https:\/\/repliquemangacine.fr\/de\/wp-json\/wp\/v2\/product_cat?post=27381"},{"taxonomy":"product_tag","embeddable":true,"href":"https:\/\/repliquemangacine.fr\/de\/wp-json\/wp\/v2\/product_tag?post=27381"}],"curies":[{"name":"wp","href":"https:\/\/api.w.org\/{rel}","templated":true}]}}