





{"id":27331,"date":"2017-06-15T18:55:41","date_gmt":"2017-06-15T16:55:41","guid":{"rendered":"https:\/\/repliquemangacine.fr\/?post_type=product&#038;p=27331"},"modified":"2025-12-31T13:55:54","modified_gmt":"2025-12-31T12:55:54","slug":"holzstander-fur-pistole-und-colt","status":"publish","type":"product","link":"https:\/\/repliquemangacine.fr\/de\/holster-accessoires-western\/support-bois-pour-pistolet-et-colt\/","title":{"rendered":"Colt-Halterung"},"content":{"rendered":"<h2>Colthalter aus Holz - Denix<\/h2>\n<p>Zu Beginn wird der <strong>Colthalter Holz<\/strong> ist f\u00fcr eine sch\u00f6ne Pr\u00e4sentation Ihrer Waffen unerl\u00e4sslich.<\/p>\n<p><a href=\"https:\/\/www.denix.fr\/\" target=\"_blank\" rel=\"noopener noreferrer\">Denix<\/a> bietet uns hier eine originelle Idee f\u00fcr einen St\u00e4nder durch einfaches Zusammenstecken, ohne N\u00e4gel oder Schrauben. Mit diesem kleinen Objekt k\u00f6nnen Sie alle Ihre Colts und Pistolen kosteng\u00fcnstig ausstellen.<\/p>\n<p>Denix ist ein spanisches Unternehmen, das weltweit f\u00fcr den Verkauf von Reproduktionen historischer Waffen bekannt ist. Das Unternehmen ist seit \u00fcber 50 Jahren Marktf\u00fchrer in diesem Bereich und exportiert in \u00fcber 40 L\u00e4nder.<\/p>\n<p>Besonders hervorzuheben ist, dass alle historischen Epochen in ihrem Katalog vertreten sind:<\/p>\n<ul>\n<li>Die Antike und ihre Schwerter<\/li>\n<li>Mittelalter und seine Schwerter<\/li>\n<li>1. Kaiserreich mit seinen Gewehren, Pistolen und S\u00e4beln<\/li>\n<li>Der Western und seine Colts und Winchester<\/li>\n<li>Der 2\u1d49 Weltkrieg und seine D-Day-Waffen<\/li>\n<\/ul>\n<h2>Ihre Denix-Waffenrepliken zum besten Preis.<\/h2>\n<p>Wir bieten Ihnen eine sehr gro\u00dfe Auswahl an Reproduktionen von Waffen der Marke Denix.<\/p>\n<p>Zun\u00e4chst einmal,<\/p>\n<ul>\n<li>Repliken aus der Antike wie das <a href=\"https:\/\/repliquemangacine.fr\/de\/historische-waffen\/glaive-jules-cesar-schwarz\/\">Gladius von Julius C\u00e4sar<\/a> mit bemerkenswerten Endbearbeitungen.<\/li>\n<li>Es gibt auch die Westernzeit mit den <a href=\"https:\/\/repliquemangacine.fr\/de\/winchester-gewehr\/\">Winchesters<\/a> und Cowboys Colts<\/li>\n<li>Sowie die antike und mittelalterliche Periode wie die<a href=\"https:\/\/repliquemangacine.fr\/de\/nachbildungen-von-mittelalterlichen-waffen-und-accessoires\/legendares-schwert-excalibur-konig-arthur\/\">Schwert Excalibur von K\u00f6nig Artus<\/a><\/li>\n<li>Zum Abschluss der <a href=\"https:\/\/repliquemangacine.fr\/de\/waffen-zweiter-weltkrieg\/\">Zweiter Weltkrieg<\/a> mit allen Waffen, die beim D-Day verwendet wurden<\/li>\n<li>Und noch viel mehr gibt es in unserem Online-Shop zu entdecken!<\/li>\n<\/ul>\n<p>Deshalb gibt es hier tolle Geschenkideen f\u00fcr alle Geschichtsinteressierten<\/p>\n<p>Zusammenfassend l\u00e4sst sich sagen, dass Sie diesen Colthalter aus Holz zur Dekoration und Ausstellung Ihrer Sammlerwaffen verwenden k\u00f6nnen.<\/p>\n<p>R\u00e9plique Manga Cin\u00e9 ist ein franz\u00f6sisches Familienunternehmen und offizieller Vertriebspartner der Marke Denix.<\/p>","protected":false},"excerpt":{"rendered":"<p>Endlich! Jetzt k\u00f6nnen Sie Ihre Pistolen, Revolver und Colts optimal pr\u00e4sentieren und zur Geltung bringen.<\/p>\n<ul>\n<li>Aufstellst\u00e4nder komplett aus Holz, signiert Denix.<\/li>\n<\/ul>","protected":false},"featured_media":27332,"template":"","meta":[],"product_brand":[896],"product_cat":[51,25,34,102,54,90,85,52,40,28,76,27],"product_tag":[],"class_list":{"0":"post-27331","1":"product","2":"type-product","3":"status-publish","4":"has-post-thumbnail","6":"product_brand-replique-manga-cine","7":"product_cat-accessoires-western","8":"product_cat-armes-historiques","9":"product_cat-armes-westerns","10":"product_cat-denix","11":"product_cat-armes-accessoires-guerre-mondiale","12":"product_cat-holster-accessoires-western","13":"product_cat-dagues-et-accessoires-seconde-guerre-mondiale-materiels-militaria","14":"product_cat-pistolet-ancien","15":"product_cat-pistolet-moderne","16":"product_cat-repliques-darmes","17":"product_cat-reproductions-armes-seconde-guerre-mondiale-denix","18":"product_cat-armes-et-accessoires-western","20":"first","21":"outofstock","22":"taxable","23":"shipping-taxable","24":"purchasable","25":"product-type-simple"},"yoast_head":"<!-- This site is optimized with the Yoast SEO plugin v27.5 - https:\/\/yoast.com\/product\/yoast-seo-wordpress\/ -->\n<title>Support colt bois - R\u00e9plique d&#039;arme Denix | R\u00e9plique Manga Cin\u00e9<\/title>\n<meta name=\"description\" content=\"Offrez-vous ce Support colt bois pour r\u00e9volver Denix au meilleur prix - Tout en bois - Longueur totale : 33 cm - Poids : 270grs - Envoi 24\/48h\" \/>\n<meta name=\"robots\" content=\"index, follow, max-snippet:-1, max-image-preview:large, max-video-preview:-1\" \/>\n<link rel=\"canonical\" href=\"https:\/\/repliquemangacine.fr\/de\/denix\/holzstander-fur-pistole-und-colt\/\" \/>\n<meta property=\"og:locale\" content=\"de_DE\" \/>\n<meta property=\"og:type\" content=\"article\" \/>\n<meta property=\"og:title\" content=\"Support colt bois - R\u00e9plique d&#039;arme Denix | R\u00e9plique Manga Cin\u00e9\" \/>\n<meta property=\"og:description\" content=\"Offrez-vous ce Support colt bois pour r\u00e9volver Denix au meilleur prix - Tout en bois - Longueur totale : 33 cm - Poids : 270grs - Envoi 24\/48h\" \/>\n<meta property=\"og:url\" content=\"https:\/\/repliquemangacine.fr\/de\/denix\/holzstander-fur-pistole-und-colt\/\" \/>\n<meta property=\"og:site_name\" content=\"R\u00e9plique Manga Cin\u00e9\" \/>\n<meta property=\"article:publisher\" content=\"https:\/\/www.facebook.com\/RepliqueMangaCine\" \/>\n<meta property=\"article:modified_time\" content=\"2025-12-31T12:55:54+00:00\" \/>\n<meta property=\"og:image\" content=\"https:\/\/repliquemangacine.fr\/wp-content\/uploads\/2023\/10\/2106-Stand-bois-pour-pistolet-et-colt.jpg\" \/>\n\t<meta property=\"og:image:width\" content=\"734\" \/>\n\t<meta property=\"og:image:height\" content=\"600\" \/>\n\t<meta property=\"og:image:type\" content=\"image\/jpeg\" \/>\n<meta name=\"twitter:card\" content=\"summary_large_image\" \/>\n<meta name=\"twitter:label1\" content=\"Gesch\u00e4tzte Lesezeit\" \/>\n\t<meta name=\"twitter:data1\" content=\"2\u00a0Minuten\" \/>\n<script type=\"application\/ld+json\" class=\"yoast-schema-graph\">{\"@context\":\"https:\\\/\\\/schema.org\",\"@graph\":[{\"@type\":\"WebPage\",\"@id\":\"https:\\\/\\\/repliquemangacine.fr\\\/denix\\\/support-bois-pour-pistolet-et-colt\\\/\",\"url\":\"https:\\\/\\\/repliquemangacine.fr\\\/denix\\\/support-bois-pour-pistolet-et-colt\\\/\",\"name\":\"Support colt bois - R\u00e9plique d'arme Denix | R\u00e9plique Manga Cin\u00e9\",\"isPartOf\":{\"@id\":\"https:\\\/\\\/repliquemangacine.fr\\\/#website\"},\"primaryImageOfPage\":{\"@id\":\"https:\\\/\\\/repliquemangacine.fr\\\/denix\\\/support-bois-pour-pistolet-et-colt\\\/#primaryimage\"},\"image\":{\"@id\":\"https:\\\/\\\/repliquemangacine.fr\\\/denix\\\/support-bois-pour-pistolet-et-colt\\\/#primaryimage\"},\"thumbnailUrl\":\"https:\\\/\\\/repliquemangacine.fr\\\/wp-content\\\/uploads\\\/2023\\\/10\\\/2106-Stand-bois-pour-pistolet-et-colt.jpg\",\"datePublished\":\"2017-06-15T16:55:41+00:00\",\"dateModified\":\"2025-12-31T12:55:54+00:00\",\"description\":\"Offrez-vous ce Support colt bois pour r\u00e9volver Denix au meilleur prix - Tout en bois - Longueur totale : 33 cm - Poids : 270grs - Envoi 24\\\/48h\",\"breadcrumb\":{\"@id\":\"https:\\\/\\\/repliquemangacine.fr\\\/denix\\\/support-bois-pour-pistolet-et-colt\\\/#breadcrumb\"},\"inLanguage\":\"de\",\"potentialAction\":[{\"@type\":\"ReadAction\",\"target\":[\"https:\\\/\\\/repliquemangacine.fr\\\/denix\\\/support-bois-pour-pistolet-et-colt\\\/\"]}]},{\"@type\":\"ImageObject\",\"inLanguage\":\"de\",\"@id\":\"https:\\\/\\\/repliquemangacine.fr\\\/denix\\\/support-bois-pour-pistolet-et-colt\\\/#primaryimage\",\"url\":\"https:\\\/\\\/repliquemangacine.fr\\\/wp-content\\\/uploads\\\/2023\\\/10\\\/2106-Stand-bois-pour-pistolet-et-colt.jpg\",\"contentUrl\":\"https:\\\/\\\/repliquemangacine.fr\\\/wp-content\\\/uploads\\\/2023\\\/10\\\/2106-Stand-bois-pour-pistolet-et-colt.jpg\",\"width\":734,\"height\":600,\"caption\":\"Stand bois pour pistolet et colt\"},{\"@type\":\"BreadcrumbList\",\"@id\":\"https:\\\/\\\/repliquemangacine.fr\\\/denix\\\/support-bois-pour-pistolet-et-colt\\\/#breadcrumb\",\"itemListElement\":[{\"@type\":\"ListItem\",\"position\":1,\"name\":\"Accueil\",\"item\":\"https:\\\/\\\/repliquemangacine.fr\\\/\"},{\"@type\":\"ListItem\",\"position\":2,\"name\":\"Produits\",\"item\":\"https:\\\/\\\/repliquemangacine.fr\\\/boutique\\\/\"},{\"@type\":\"ListItem\",\"position\":3,\"name\":\"Support colt\"}]},{\"@type\":\"WebSite\",\"@id\":\"https:\\\/\\\/repliquemangacine.fr\\\/#website\",\"url\":\"https:\\\/\\\/repliquemangacine.fr\\\/\",\"name\":\"R\u00e9plique Manga Cin\u00e9\",\"description\":\"\",\"publisher\":{\"@id\":\"https:\\\/\\\/repliquemangacine.fr\\\/#organization\"},\"potentialAction\":[{\"@type\":\"SearchAction\",\"target\":{\"@type\":\"EntryPoint\",\"urlTemplate\":\"https:\\\/\\\/repliquemangacine.fr\\\/?s={search_term_string}\"},\"query-input\":{\"@type\":\"PropertyValueSpecification\",\"valueRequired\":true,\"valueName\":\"search_term_string\"}}],\"inLanguage\":\"de\"},{\"@type\":\"Organization\",\"@id\":\"https:\\\/\\\/repliquemangacine.fr\\\/#organization\",\"name\":\"R\u00e9plique Manga Cin\u00e9\",\"url\":\"https:\\\/\\\/repliquemangacine.fr\\\/\",\"logo\":{\"@type\":\"ImageObject\",\"inLanguage\":\"de\",\"@id\":\"https:\\\/\\\/repliquemangacine.fr\\\/#\\\/schema\\\/logo\\\/image\\\/\",\"url\":\"https:\\\/\\\/repliquemangacine.fr\\\/wp-content\\\/uploads\\\/2023\\\/10\\\/RMC-500250.png\",\"contentUrl\":\"https:\\\/\\\/repliquemangacine.fr\\\/wp-content\\\/uploads\\\/2023\\\/10\\\/RMC-500250.png\",\"width\":500,\"height\":250,\"caption\":\"R\u00e9plique Manga Cin\u00e9\"},\"image\":{\"@id\":\"https:\\\/\\\/repliquemangacine.fr\\\/#\\\/schema\\\/logo\\\/image\\\/\"},\"sameAs\":[\"https:\\\/\\\/www.facebook.com\\\/RepliqueMangaCine\",\"https:\\\/\\\/www.instagram.com\\\/repliquemangacine.fr\\\/\"]}]}<\/script>\n<!-- \/ Yoast SEO plugin. -->","yoast_head_json":{"title":"Colt-Halterung Holz - Denix Replica Waffe | R\u00e9plique Manga Cin\u00e9","description":"Bieten Sie diesen Colthalter aus Holz f\u00fcr Denix Revolver zum besten Preis an - Alles aus Holz - Gesamtl\u00e4nge: 33 cm - Gewicht: 270grs - Versand 24\/48h","robots":{"index":"index","follow":"follow","max-snippet":"max-snippet:-1","max-image-preview":"max-image-preview:large","max-video-preview":"max-video-preview:-1"},"canonical":"https:\/\/repliquemangacine.fr\/de\/denix\/holzstander-fur-pistole-und-colt\/","og_locale":"de_DE","og_type":"article","og_title":"Support colt bois - R\u00e9plique d'arme Denix | R\u00e9plique Manga Cin\u00e9","og_description":"Offrez-vous ce Support colt bois pour r\u00e9volver Denix au meilleur prix - Tout en bois - Longueur totale : 33 cm - Poids : 270grs - Envoi 24\/48h","og_url":"https:\/\/repliquemangacine.fr\/de\/denix\/holzstander-fur-pistole-und-colt\/","og_site_name":"R\u00e9plique Manga Cin\u00e9","article_publisher":"https:\/\/www.facebook.com\/RepliqueMangaCine","article_modified_time":"2025-12-31T12:55:54+00:00","og_image":[{"width":734,"height":600,"url":"https:\/\/repliquemangacine.fr\/wp-content\/uploads\/2023\/10\/2106-Stand-bois-pour-pistolet-et-colt.jpg","type":"image\/jpeg"}],"twitter_card":"summary_large_image","twitter_misc":{"Gesch\u00e4tzte Lesezeit":"2\u00a0Minuten"},"schema":{"@context":"https:\/\/schema.org","@graph":[{"@type":"WebPage","@id":"https:\/\/repliquemangacine.fr\/denix\/support-bois-pour-pistolet-et-colt\/","url":"https:\/\/repliquemangacine.fr\/denix\/support-bois-pour-pistolet-et-colt\/","name":"Colt-Halterung Holz - Denix Replica Waffe | R\u00e9plique Manga Cin\u00e9","isPartOf":{"@id":"https:\/\/repliquemangacine.fr\/#website"},"primaryImageOfPage":{"@id":"https:\/\/repliquemangacine.fr\/denix\/support-bois-pour-pistolet-et-colt\/#primaryimage"},"image":{"@id":"https:\/\/repliquemangacine.fr\/denix\/support-bois-pour-pistolet-et-colt\/#primaryimage"},"thumbnailUrl":"https:\/\/repliquemangacine.fr\/wp-content\/uploads\/2023\/10\/2106-Stand-bois-pour-pistolet-et-colt.jpg","datePublished":"2017-06-15T16:55:41+00:00","dateModified":"2025-12-31T12:55:54+00:00","description":"Bieten Sie diesen Colthalter aus Holz f\u00fcr Denix Revolver zum besten Preis an - Alles aus Holz - Gesamtl\u00e4nge: 33 cm - Gewicht: 270grs - Versand 24\/48h","breadcrumb":{"@id":"https:\/\/repliquemangacine.fr\/denix\/support-bois-pour-pistolet-et-colt\/#breadcrumb"},"inLanguage":"de","potentialAction":[{"@type":"ReadAction","target":["https:\/\/repliquemangacine.fr\/denix\/support-bois-pour-pistolet-et-colt\/"]}]},{"@type":"ImageObject","inLanguage":"de","@id":"https:\/\/repliquemangacine.fr\/denix\/support-bois-pour-pistolet-et-colt\/#primaryimage","url":"https:\/\/repliquemangacine.fr\/wp-content\/uploads\/2023\/10\/2106-Stand-bois-pour-pistolet-et-colt.jpg","contentUrl":"https:\/\/repliquemangacine.fr\/wp-content\/uploads\/2023\/10\/2106-Stand-bois-pour-pistolet-et-colt.jpg","width":734,"height":600,"caption":"Stand bois pour pistolet et colt"},{"@type":"BreadcrumbList","@id":"https:\/\/repliquemangacine.fr\/denix\/support-bois-pour-pistolet-et-colt\/#breadcrumb","itemListElement":[{"@type":"ListItem","position":1,"name":"Accueil","item":"https:\/\/repliquemangacine.fr\/"},{"@type":"ListItem","position":2,"name":"Produits","item":"https:\/\/repliquemangacine.fr\/boutique\/"},{"@type":"ListItem","position":3,"name":"Support colt"}]},{"@type":"WebSite","@id":"https:\/\/repliquemangacine.fr\/#website","url":"https:\/\/repliquemangacine.fr\/","name":"R\u00e9plique Manga Cin\u00e9","description":"","publisher":{"@id":"https:\/\/repliquemangacine.fr\/#organization"},"potentialAction":[{"@type":"SearchAction","target":{"@type":"EntryPoint","urlTemplate":"https:\/\/repliquemangacine.fr\/?s={search_term_string}"},"query-input":{"@type":"PropertyValueSpecification","valueRequired":true,"valueName":"search_term_string"}}],"inLanguage":"de"},{"@type":"Organization","@id":"https:\/\/repliquemangacine.fr\/#organization","name":"R\u00e9plique Manga Cin\u00e9","url":"https:\/\/repliquemangacine.fr\/","logo":{"@type":"ImageObject","inLanguage":"de","@id":"https:\/\/repliquemangacine.fr\/#\/schema\/logo\/image\/","url":"https:\/\/repliquemangacine.fr\/wp-content\/uploads\/2023\/10\/RMC-500250.png","contentUrl":"https:\/\/repliquemangacine.fr\/wp-content\/uploads\/2023\/10\/RMC-500250.png","width":500,"height":250,"caption":"R\u00e9plique Manga Cin\u00e9"},"image":{"@id":"https:\/\/repliquemangacine.fr\/#\/schema\/logo\/image\/"},"sameAs":["https:\/\/www.facebook.com\/RepliqueMangaCine","https:\/\/www.instagram.com\/repliquemangacine.fr\/"]}]}},"_links":{"self":[{"href":"https:\/\/repliquemangacine.fr\/de\/wp-json\/wp\/v2\/product\/27331","targetHints":{"allow":["GET"]}}],"collection":[{"href":"https:\/\/repliquemangacine.fr\/de\/wp-json\/wp\/v2\/product"}],"about":[{"href":"https:\/\/repliquemangacine.fr\/de\/wp-json\/wp\/v2\/types\/product"}],"wp:featuredmedia":[{"embeddable":true,"href":"https:\/\/repliquemangacine.fr\/de\/wp-json\/wp\/v2\/media\/27332"}],"wp:attachment":[{"href":"https:\/\/repliquemangacine.fr\/de\/wp-json\/wp\/v2\/media?parent=27331"}],"wp:term":[{"taxonomy":"product_brand","embeddable":true,"href":"https:\/\/repliquemangacine.fr\/de\/wp-json\/wp\/v2\/product_brand?post=27331"},{"taxonomy":"product_cat","embeddable":true,"href":"https:\/\/repliquemangacine.fr\/de\/wp-json\/wp\/v2\/product_cat?post=27331"},{"taxonomy":"product_tag","embeddable":true,"href":"https:\/\/repliquemangacine.fr\/de\/wp-json\/wp\/v2\/product_tag?post=27331"}],"curies":[{"name":"wp","href":"https:\/\/api.w.org\/{rel}","templated":true}]}}