





{"id":27323,"date":"2017-06-14T18:58:43","date_gmt":"2017-06-14T16:58:43","guid":{"rendered":"https:\/\/repliquemangacine.fr\/?post_type=product&#038;p=27323"},"modified":"2026-04-15T12:58:33","modified_gmt":"2026-04-15T10:58:33","slug":"maschinenpistole-gewehr-thompson-m1928a1-tommy-gun","status":"publish","type":"product","link":"https:\/\/repliquemangacine.fr\/de\/reproductions-armes-seconde-guerre-mondiale-denix\/pistolet-mitrailleur-fusil-thompson-m1928a1-tommy-gun\/","title":{"rendered":"Thompson M1928 Tommy Gun"},"content":{"rendered":"<h2>Maschinengewehr Thompson M1928 Tommy Gun.<\/h2>\n<p>Zu Beginn das Maschinengewehr <strong>Thompson M1928 Tommy Gun<\/strong>und wurde 1921 in Betrieb genommen. Im Laufe der Jahre erschienen mehrere Abwandlungen und Verbesserungen unter den Bezeichnungen M1927, M1928. Aufgrund der Nachfrage der US-Armee im Jahr 1941 wurde 1942 mit der Produktion des M1 begonnen, um den Belastungen des Zweiten Weltkriegs gerecht zu werden.<\/p>\n<p>Die Thompson-Maschinenpistole, die in modifizierten und vereinfachten Versionen w\u00e4hrend des Zweiten Weltkriegs und sp\u00e4ter im Koreakrieg massiv eingesetzt wurde.<\/p>\n<p>Die bevorzugte Waffe von Gangstern wie Al Capone, die w\u00e4hrend der Prohibition sehr beliebt war. Im Film spielt sie eine gro\u00dfe Rolle, man sieht sie unter anderem in Borsalino, Saving Private Ryan und Pearl Harbor. Seitdem ist sie aufgrund ihrer historischen Bedeutung bei Sammlern immer beliebter geworden.<\/p>\n<h2>Ihre Thompson M1928 Tommy Gun zum besten Preis.<\/h2>\n<p>Wir bieten Ihnen eine gro\u00dfe Auswahl an Reproduktionen historischer Waffen.<\/p>\n<p>Zun\u00e4chst einmal,<\/p>\n<ul>\n<li>Das ber\u00fchmte Sturmgewehr la <a href=\"https:\/\/repliquemangacine.fr\/de\/modernes-gewehr\/ak47-kalachnicov-gewehr-dassaut-denix\/\">AK47 Kalachnicov<\/a>. Erh\u00e4ltlich in den Versionen Gold und Para.<\/li>\n<li>Sowie das Maschinengewehr <a href=\"https:\/\/repliquemangacine.fr\/de\/weltkrieg\/maschinenpistole-mp41-sub-machine-gun\/\">MP41<\/a> Sub Machine Gun.<\/li>\n<li>Es gibt auch eine Nachbildung der russischen Maschinenpistole das <a href=\"https:\/\/repliquemangacine.fr\/de\/darmsreproduktionen\/maschinenpistole-ppsh-41-urss\/\">PPSH 41<\/a><\/li>\n<li>Und noch viel mehr gibt es in unserem Online-Shop zu entdecken!<\/li>\n<\/ul>\n<p>Deshalb ist dies eine gro\u00dfartige Geschenkidee f\u00fcr alle Liebhaber historischer Waffen.<\/p>\n<p>Zusammenfassend k\u00f6nnen Sie dieses Gewehr <strong>Thompson M1928 Tommy Gun<\/strong> f\u00fcr Ihre historischen Nachstellungen. Vor allem aber ist diese Waffe ein Sammler- und Dekorationsst\u00fcck.<\/p>\n<p>R\u00e9plique Manga Cin\u00e9 ist ein franz\u00f6sisches Unternehmen und offizieller Vertriebspartner der Marke <a href=\"https:\/\/www.denix.fr\/fr\/catalogue\/guerres-mondiales-1914-1945\/mitraillettes-et-mitrailleuses\/1092\/\" target=\"_blank\" rel=\"noopener noreferrer\">Denix<\/a>.<\/p>\n<h2>Wie werden Denix-Waffenrepliken hergestellt?<\/h2>\n<p>Werden in historischen Rekonstruktionen, Filmen und Serien sowie von Sammlern verwendet. Denix-Waffenreproduktionen, die aus hochwertigen Materialien hergestellt werden. Sorgf\u00e4ltig bearbeitet und zusammengesetzt, um realistische Sammlerwaffen zu schaffen.<\/p>\n<ul>\n<li>Die Metalle sind in einer Metalllegierung, die als Zamac bekannt ist und deren Grundzusammensetzung Zink in 95% ist.<\/li>\n<li>Die Kunststoffteile der Repliken aus geformtem ABS, das eine hohe Widerstandsf\u00e4higkeit bietet.<\/li>\n<li>Holz, das aufgrund seiner Sch\u00f6nheit und Haltbarkeit ausgew\u00e4hlt wird, wie z. B. Mahagoni, Olivenholz oder Walnuss, verleiht Ihren Sch\u00e4ften und F\u00e4ssern ein elegantes und authentisches Aussehen.<\/li>\n<\/ul>\n<p>Es ist zu betonen, dass alle Nachbildungen von Denix-Waffen mit den Originalen identisch sind, wie Ihr <strong>Thompson M1928 Tommy Gun<\/strong>.<\/p>","protected":false},"excerpt":{"rendered":"<p>Originalgetreue Replik der Thompson M1928 Maschinenpistole mit dem Spitznamen \"Tommy Gun\".<\/p>\n<ul>\n<li>Griffe und Schaft aus Massivholz.<\/li>\n<li>Mechanismus aus Metall (Zamac).<\/li>\n<li>Bewaffnet sich und schl\u00e4gt auf, ist aber v\u00f6llig untauglich f\u00fcr Sch\u00fcsse.<\/li>\n<li>Abnehmbares Camembert-Magazin.<\/li>\n<li>Unterliegt keiner Genehmigungspflicht. Verkauf und Besitz frei.<\/li>\n<li>Abmessungen: 86.5 -Gewicht: 4470 Gramm<\/li>\n<\/ul>\n<p><iframe src=\"https:\/\/www.youtube.com\/embed\/tT_UlPyqsl8\" width=\"350\" height=\"197\" frameborder=\"0\"><\/iframe><\/p>","protected":false},"featured_media":27324,"template":"","meta":[],"product_brand":[896],"product_cat":[25,102,46,54,28,76],"product_tag":[],"class_list":{"0":"post-27323","1":"product","2":"type-product","3":"status-publish","4":"has-post-thumbnail","6":"product_brand-replique-manga-cine","7":"product_cat-armes-historiques","8":"product_cat-denix","9":"product_cat-fusil-d-assaut-fusil-moderne","10":"product_cat-armes-accessoires-guerre-mondiale","11":"product_cat-repliques-darmes","12":"product_cat-reproductions-armes-seconde-guerre-mondiale-denix","14":"first","15":"instock","16":"sale","17":"taxable","18":"shipping-taxable","19":"purchasable","20":"product-type-simple"},"yoast_head":"<!-- This site is optimized with the Yoast SEO plugin v27.5 - https:\/\/yoast.com\/product\/yoast-seo-wordpress\/ -->\n<title>Thompson M1928 Tommy Gun - Denix | R\u00e9plique Manga Cin\u00e9<\/title>\n<meta name=\"description\" content=\"Offrez-vous ! Le Fusil Thompson M1928 Tommy Gun au meilleur prix - En zamac et bois massif - Chargeur camenbert amovible - M\u00e9canisme fonctionnel - 87 cm\" \/>\n<meta name=\"robots\" content=\"index, follow, max-snippet:-1, max-image-preview:large, max-video-preview:-1\" \/>\n<link rel=\"canonical\" href=\"https:\/\/repliquemangacine.fr\/de\/waffenreproduktionen-zweiter-weltkrieg-denix\/maschinenpistole-gewehr-thompson-m1928a1-tommy-gun\/\" \/>\n<meta property=\"og:locale\" content=\"de_DE\" \/>\n<meta property=\"og:type\" content=\"article\" \/>\n<meta property=\"og:title\" content=\"Thompson M1928 Tommy Gun - Denix | R\u00e9plique Manga Cin\u00e9\" \/>\n<meta property=\"og:description\" content=\"Offrez-vous ! Le Fusil Thompson M1928 Tommy Gun au meilleur prix - En zamac et bois massif - Chargeur camenbert amovible - M\u00e9canisme fonctionnel - 87 cm\" \/>\n<meta property=\"og:url\" content=\"https:\/\/repliquemangacine.fr\/de\/waffenreproduktionen-zweiter-weltkrieg-denix\/maschinenpistole-gewehr-thompson-m1928a1-tommy-gun\/\" \/>\n<meta property=\"og:site_name\" content=\"R\u00e9plique Manga Cin\u00e9\" \/>\n<meta property=\"article:publisher\" content=\"https:\/\/www.facebook.com\/RepliqueMangaCine\" \/>\n<meta property=\"article:modified_time\" content=\"2026-04-15T10:58:33+00:00\" \/>\n<meta property=\"og:image\" content=\"https:\/\/repliquemangacine.fr\/wp-content\/uploads\/2023\/10\/2099-Pistolet-mitrailleur-Thompson-M1928A1.jpg\" \/>\n\t<meta property=\"og:image:width\" content=\"600\" \/>\n\t<meta property=\"og:image:height\" content=\"600\" \/>\n\t<meta property=\"og:image:type\" content=\"image\/jpeg\" \/>\n<meta name=\"twitter:card\" content=\"summary_large_image\" \/>\n<meta name=\"twitter:label1\" content=\"Gesch\u00e4tzte Lesezeit\" \/>\n\t<meta name=\"twitter:data1\" content=\"2\u00a0Minuten\" \/>\n<script type=\"application\/ld+json\" class=\"yoast-schema-graph\">{\"@context\":\"https:\\\/\\\/schema.org\",\"@graph\":[{\"@type\":\"WebPage\",\"@id\":\"https:\\\/\\\/repliquemangacine.fr\\\/reproductions-armes-seconde-guerre-mondiale-denix\\\/pistolet-mitrailleur-fusil-thompson-m1928a1-tommy-gun\\\/\",\"url\":\"https:\\\/\\\/repliquemangacine.fr\\\/reproductions-armes-seconde-guerre-mondiale-denix\\\/pistolet-mitrailleur-fusil-thompson-m1928a1-tommy-gun\\\/\",\"name\":\"Thompson M1928 Tommy Gun - Denix | R\u00e9plique Manga Cin\u00e9\",\"isPartOf\":{\"@id\":\"https:\\\/\\\/repliquemangacine.fr\\\/#website\"},\"primaryImageOfPage\":{\"@id\":\"https:\\\/\\\/repliquemangacine.fr\\\/reproductions-armes-seconde-guerre-mondiale-denix\\\/pistolet-mitrailleur-fusil-thompson-m1928a1-tommy-gun\\\/#primaryimage\"},\"image\":{\"@id\":\"https:\\\/\\\/repliquemangacine.fr\\\/reproductions-armes-seconde-guerre-mondiale-denix\\\/pistolet-mitrailleur-fusil-thompson-m1928a1-tommy-gun\\\/#primaryimage\"},\"thumbnailUrl\":\"https:\\\/\\\/repliquemangacine.fr\\\/wp-content\\\/uploads\\\/2023\\\/10\\\/2099-Pistolet-mitrailleur-Thompson-M1928A1.jpg\",\"datePublished\":\"2017-06-14T16:58:43+00:00\",\"dateModified\":\"2026-04-15T10:58:33+00:00\",\"description\":\"Offrez-vous ! Le Fusil Thompson M1928 Tommy Gun au meilleur prix - En zamac et bois massif - Chargeur camenbert amovible - M\u00e9canisme fonctionnel - 87 cm\",\"breadcrumb\":{\"@id\":\"https:\\\/\\\/repliquemangacine.fr\\\/reproductions-armes-seconde-guerre-mondiale-denix\\\/pistolet-mitrailleur-fusil-thompson-m1928a1-tommy-gun\\\/#breadcrumb\"},\"inLanguage\":\"de\",\"potentialAction\":[{\"@type\":\"ReadAction\",\"target\":[\"https:\\\/\\\/repliquemangacine.fr\\\/reproductions-armes-seconde-guerre-mondiale-denix\\\/pistolet-mitrailleur-fusil-thompson-m1928a1-tommy-gun\\\/\"]}]},{\"@type\":\"ImageObject\",\"inLanguage\":\"de\",\"@id\":\"https:\\\/\\\/repliquemangacine.fr\\\/reproductions-armes-seconde-guerre-mondiale-denix\\\/pistolet-mitrailleur-fusil-thompson-m1928a1-tommy-gun\\\/#primaryimage\",\"url\":\"https:\\\/\\\/repliquemangacine.fr\\\/wp-content\\\/uploads\\\/2023\\\/10\\\/2099-Pistolet-mitrailleur-Thompson-M1928A1.jpg\",\"contentUrl\":\"https:\\\/\\\/repliquemangacine.fr\\\/wp-content\\\/uploads\\\/2023\\\/10\\\/2099-Pistolet-mitrailleur-Thompson-M1928A1.jpg\",\"width\":600,\"height\":600,\"caption\":\"Pistolet mitrailleur Thompson M1928 Tommy Gun\"},{\"@type\":\"BreadcrumbList\",\"@id\":\"https:\\\/\\\/repliquemangacine.fr\\\/reproductions-armes-seconde-guerre-mondiale-denix\\\/pistolet-mitrailleur-fusil-thompson-m1928a1-tommy-gun\\\/#breadcrumb\",\"itemListElement\":[{\"@type\":\"ListItem\",\"position\":1,\"name\":\"Accueil\",\"item\":\"https:\\\/\\\/repliquemangacine.fr\\\/\"},{\"@type\":\"ListItem\",\"position\":2,\"name\":\"Produits\",\"item\":\"https:\\\/\\\/repliquemangacine.fr\\\/boutique\\\/\"},{\"@type\":\"ListItem\",\"position\":3,\"name\":\"Thompson M1928 Tommy Gun\"}]},{\"@type\":\"WebSite\",\"@id\":\"https:\\\/\\\/repliquemangacine.fr\\\/#website\",\"url\":\"https:\\\/\\\/repliquemangacine.fr\\\/\",\"name\":\"R\u00e9plique Manga Cin\u00e9\",\"description\":\"\",\"publisher\":{\"@id\":\"https:\\\/\\\/repliquemangacine.fr\\\/#organization\"},\"potentialAction\":[{\"@type\":\"SearchAction\",\"target\":{\"@type\":\"EntryPoint\",\"urlTemplate\":\"https:\\\/\\\/repliquemangacine.fr\\\/?s={search_term_string}\"},\"query-input\":{\"@type\":\"PropertyValueSpecification\",\"valueRequired\":true,\"valueName\":\"search_term_string\"}}],\"inLanguage\":\"de\"},{\"@type\":\"Organization\",\"@id\":\"https:\\\/\\\/repliquemangacine.fr\\\/#organization\",\"name\":\"R\u00e9plique Manga Cin\u00e9\",\"url\":\"https:\\\/\\\/repliquemangacine.fr\\\/\",\"logo\":{\"@type\":\"ImageObject\",\"inLanguage\":\"de\",\"@id\":\"https:\\\/\\\/repliquemangacine.fr\\\/#\\\/schema\\\/logo\\\/image\\\/\",\"url\":\"https:\\\/\\\/repliquemangacine.fr\\\/wp-content\\\/uploads\\\/2023\\\/10\\\/RMC-500250.png\",\"contentUrl\":\"https:\\\/\\\/repliquemangacine.fr\\\/wp-content\\\/uploads\\\/2023\\\/10\\\/RMC-500250.png\",\"width\":500,\"height\":250,\"caption\":\"R\u00e9plique Manga Cin\u00e9\"},\"image\":{\"@id\":\"https:\\\/\\\/repliquemangacine.fr\\\/#\\\/schema\\\/logo\\\/image\\\/\"},\"sameAs\":[\"https:\\\/\\\/www.facebook.com\\\/RepliqueMangaCine\",\"https:\\\/\\\/www.instagram.com\\\/repliquemangacine.fr\\\/\"]}]}<\/script>\n<!-- \/ Yoast SEO plugin. -->","yoast_head_json":{"title":"Thompson M1928 Tommy Gun - Denix | R\u00e9plique Manga Cin\u00e9","description":"Bieten Sie sich an! Das Thompson-Gewehr M1928 Tommy Gun zum besten Preis - Aus Zamak und Massivholz - Abnehmbares Camenbert-Magazin - Funktionaler Mechanismus - 87 cm","robots":{"index":"index","follow":"follow","max-snippet":"max-snippet:-1","max-image-preview":"max-image-preview:large","max-video-preview":"max-video-preview:-1"},"canonical":"https:\/\/repliquemangacine.fr\/de\/waffenreproduktionen-zweiter-weltkrieg-denix\/maschinenpistole-gewehr-thompson-m1928a1-tommy-gun\/","og_locale":"de_DE","og_type":"article","og_title":"Thompson M1928 Tommy Gun - Denix | R\u00e9plique Manga Cin\u00e9","og_description":"Offrez-vous ! Le Fusil Thompson M1928 Tommy Gun au meilleur prix - En zamac et bois massif - Chargeur camenbert amovible - M\u00e9canisme fonctionnel - 87 cm","og_url":"https:\/\/repliquemangacine.fr\/de\/waffenreproduktionen-zweiter-weltkrieg-denix\/maschinenpistole-gewehr-thompson-m1928a1-tommy-gun\/","og_site_name":"R\u00e9plique Manga Cin\u00e9","article_publisher":"https:\/\/www.facebook.com\/RepliqueMangaCine","article_modified_time":"2026-04-15T10:58:33+00:00","og_image":[{"width":600,"height":600,"url":"https:\/\/repliquemangacine.fr\/wp-content\/uploads\/2023\/10\/2099-Pistolet-mitrailleur-Thompson-M1928A1.jpg","type":"image\/jpeg"}],"twitter_card":"summary_large_image","twitter_misc":{"Gesch\u00e4tzte Lesezeit":"2\u00a0Minuten"},"schema":{"@context":"https:\/\/schema.org","@graph":[{"@type":"WebPage","@id":"https:\/\/repliquemangacine.fr\/reproductions-armes-seconde-guerre-mondiale-denix\/pistolet-mitrailleur-fusil-thompson-m1928a1-tommy-gun\/","url":"https:\/\/repliquemangacine.fr\/reproductions-armes-seconde-guerre-mondiale-denix\/pistolet-mitrailleur-fusil-thompson-m1928a1-tommy-gun\/","name":"Thompson M1928 Tommy Gun - Denix | R\u00e9plique Manga Cin\u00e9","isPartOf":{"@id":"https:\/\/repliquemangacine.fr\/#website"},"primaryImageOfPage":{"@id":"https:\/\/repliquemangacine.fr\/reproductions-armes-seconde-guerre-mondiale-denix\/pistolet-mitrailleur-fusil-thompson-m1928a1-tommy-gun\/#primaryimage"},"image":{"@id":"https:\/\/repliquemangacine.fr\/reproductions-armes-seconde-guerre-mondiale-denix\/pistolet-mitrailleur-fusil-thompson-m1928a1-tommy-gun\/#primaryimage"},"thumbnailUrl":"https:\/\/repliquemangacine.fr\/wp-content\/uploads\/2023\/10\/2099-Pistolet-mitrailleur-Thompson-M1928A1.jpg","datePublished":"2017-06-14T16:58:43+00:00","dateModified":"2026-04-15T10:58:33+00:00","description":"Bieten Sie sich an! Das Thompson-Gewehr M1928 Tommy Gun zum besten Preis - Aus Zamak und Massivholz - Abnehmbares Camenbert-Magazin - Funktionaler Mechanismus - 87 cm","breadcrumb":{"@id":"https:\/\/repliquemangacine.fr\/reproductions-armes-seconde-guerre-mondiale-denix\/pistolet-mitrailleur-fusil-thompson-m1928a1-tommy-gun\/#breadcrumb"},"inLanguage":"de","potentialAction":[{"@type":"ReadAction","target":["https:\/\/repliquemangacine.fr\/reproductions-armes-seconde-guerre-mondiale-denix\/pistolet-mitrailleur-fusil-thompson-m1928a1-tommy-gun\/"]}]},{"@type":"ImageObject","inLanguage":"de","@id":"https:\/\/repliquemangacine.fr\/reproductions-armes-seconde-guerre-mondiale-denix\/pistolet-mitrailleur-fusil-thompson-m1928a1-tommy-gun\/#primaryimage","url":"https:\/\/repliquemangacine.fr\/wp-content\/uploads\/2023\/10\/2099-Pistolet-mitrailleur-Thompson-M1928A1.jpg","contentUrl":"https:\/\/repliquemangacine.fr\/wp-content\/uploads\/2023\/10\/2099-Pistolet-mitrailleur-Thompson-M1928A1.jpg","width":600,"height":600,"caption":"Pistolet mitrailleur Thompson M1928 Tommy Gun"},{"@type":"BreadcrumbList","@id":"https:\/\/repliquemangacine.fr\/reproductions-armes-seconde-guerre-mondiale-denix\/pistolet-mitrailleur-fusil-thompson-m1928a1-tommy-gun\/#breadcrumb","itemListElement":[{"@type":"ListItem","position":1,"name":"Accueil","item":"https:\/\/repliquemangacine.fr\/"},{"@type":"ListItem","position":2,"name":"Produits","item":"https:\/\/repliquemangacine.fr\/boutique\/"},{"@type":"ListItem","position":3,"name":"Thompson M1928 Tommy Gun"}]},{"@type":"WebSite","@id":"https:\/\/repliquemangacine.fr\/#website","url":"https:\/\/repliquemangacine.fr\/","name":"R\u00e9plique Manga Cin\u00e9","description":"","publisher":{"@id":"https:\/\/repliquemangacine.fr\/#organization"},"potentialAction":[{"@type":"SearchAction","target":{"@type":"EntryPoint","urlTemplate":"https:\/\/repliquemangacine.fr\/?s={search_term_string}"},"query-input":{"@type":"PropertyValueSpecification","valueRequired":true,"valueName":"search_term_string"}}],"inLanguage":"de"},{"@type":"Organization","@id":"https:\/\/repliquemangacine.fr\/#organization","name":"R\u00e9plique Manga Cin\u00e9","url":"https:\/\/repliquemangacine.fr\/","logo":{"@type":"ImageObject","inLanguage":"de","@id":"https:\/\/repliquemangacine.fr\/#\/schema\/logo\/image\/","url":"https:\/\/repliquemangacine.fr\/wp-content\/uploads\/2023\/10\/RMC-500250.png","contentUrl":"https:\/\/repliquemangacine.fr\/wp-content\/uploads\/2023\/10\/RMC-500250.png","width":500,"height":250,"caption":"R\u00e9plique Manga Cin\u00e9"},"image":{"@id":"https:\/\/repliquemangacine.fr\/#\/schema\/logo\/image\/"},"sameAs":["https:\/\/www.facebook.com\/RepliqueMangaCine","https:\/\/www.instagram.com\/repliquemangacine.fr\/"]}]}},"_links":{"self":[{"href":"https:\/\/repliquemangacine.fr\/de\/wp-json\/wp\/v2\/product\/27323","targetHints":{"allow":["GET"]}}],"collection":[{"href":"https:\/\/repliquemangacine.fr\/de\/wp-json\/wp\/v2\/product"}],"about":[{"href":"https:\/\/repliquemangacine.fr\/de\/wp-json\/wp\/v2\/types\/product"}],"wp:featuredmedia":[{"embeddable":true,"href":"https:\/\/repliquemangacine.fr\/de\/wp-json\/wp\/v2\/media\/27324"}],"wp:attachment":[{"href":"https:\/\/repliquemangacine.fr\/de\/wp-json\/wp\/v2\/media?parent=27323"}],"wp:term":[{"taxonomy":"product_brand","embeddable":true,"href":"https:\/\/repliquemangacine.fr\/de\/wp-json\/wp\/v2\/product_brand?post=27323"},{"taxonomy":"product_cat","embeddable":true,"href":"https:\/\/repliquemangacine.fr\/de\/wp-json\/wp\/v2\/product_cat?post=27323"},{"taxonomy":"product_tag","embeddable":true,"href":"https:\/\/repliquemangacine.fr\/de\/wp-json\/wp\/v2\/product_tag?post=27323"}],"curies":[{"name":"wp","href":"https:\/\/api.w.org\/{rel}","templated":true}]}}