





{"id":27263,"date":"2017-05-22T19:46:13","date_gmt":"2017-05-22T17:46:13","guid":{"rendered":"https:\/\/repliquemangacine.fr\/?post_type=product&#038;p=27263"},"modified":"2025-09-23T18:01:54","modified_gmt":"2025-09-23T16:01:54","slug":"replica-schwert-anduin-lothar-warcraft","status":"publish","type":"product","link":"https:\/\/repliquemangacine.fr\/de\/epees-world-of-warcraft\/replique-epee-anduin-lothar-warcraft\/","title":{"rendered":"Schwert Anduin Lothar Warcraft"},"content":{"rendered":"<h2>Schwert Anduin Lothar Wow<\/h2>\n<p>Zu Beginn wird die<strong>Schwert Anduin Lothar Wow<\/strong>Lothar, auch bekannt als der L\u00f6we von Azeroth, ist der letzte Nachkomme des alten Arathi-Blutgeschlechts. Als Hauptwaffe f\u00fchrte Lothar das gro\u00dfe Schwert Quel'Zaram. Als solcher war er Ritter und Champion von Sturmwind. Er war in seiner Kindheit mit Medivh und Llane Wrynn befreundet.<\/p>\n<p>Das Anduin-Lothar-Schwert ist sowohl im Film World of Warcraft als auch im MMORPG zu finden.<\/p>\n<p>Anduin Lothar wird mit seinem Schwert sehr effektiv sein. In der Schlacht am Schwarzen Portal besiegte er Schwarze Hand in einem Duell. Er fand Garonas Dolch auf dem K\u00f6rper des K\u00f6nigs und beschloss, die Horde zu vertreiben, indem er die Allianz von Azeroth gr\u00fcndete.<\/p>\n<p><a href=\"https:\/\/wowwiki.fandom.com\/fr\/wiki\/Anduin_Lothar\" target=\"_blank\" rel=\"noopener noreferrer\">Anduin Lothar<\/a> und Garona lebten nach komplizierten Anf\u00e4ngen eine aufrichtige Liebe.<\/p>\n<h2>Ihr Anduin Lothar Wow Schwert zum besten Preis.<\/h2>\n<p>Wir bieten Ihnen eine gro\u00dfe Auswahl an Repliken des Spiels World of Warcraft.<\/p>\n<p>Zun\u00e4chst einmal,<\/p>\n<ul>\n<li>Das beeindruckende Schwert von Arthas dem <a href=\"https:\/\/repliquemangacine.fr\/de\/schwerter-world-of-warcraft\/frostmourne-deuillegivre-schwert-des-lichkonigs\/\">Frostmourne<\/a> Schwert des Lichk\u00f6nigs.<\/li>\n<li>Sowie die Zweihandaxt <a href=\"https:\/\/repliquemangacine.fr\/de\/schwerter-world-of-warcraft\/axt-des-knotensdunkelschattenmourne-world-of-warcraft\/\">Shadowmourne<\/a><\/li>\n<li>Es gibt auch den Hammer des Schicksals, den <a href=\"https:\/\/repliquemangacine.fr\/de\/schwerter-world-of-warcraft\/hammer-des-schicksals-world-of-warcraft-replik-hammer-von-thrall-doomhammer\/\">Thrall Doomhammer<\/a><\/li>\n<li>Und noch viel mehr gibt es in unserem Online-Shop zu entdecken!<\/li>\n<\/ul>\n<p>Deshalb ist dies eine tolle Geschenkidee f\u00fcr Wow-Fans.<\/p>\n<p>Abschlie\u00dfend k\u00f6nnen Sie den<strong>Schwert Anduin Lothar Wow<\/strong> f\u00fcr Ihre Cosplay-Paraden. Vor allem aber ist es ein Sammler- und Dekorationsst\u00fcck.<\/p>\n<p>R\u00e9plique Manga Cin\u00e9 ist ein franz\u00f6sisches Familienunternehmen.<\/p>\n<h2>Wie pflegt man die Klinge seines World of Warcraft-Schwerts?<\/h2>\n<p>Sammlungs- und Dekorationsschwerter werden in vereinfachter Form hergestellt und zusammengebaut. Da sie zu Dekorationszwecken verwendet werden, fehlen ihnen die Sicherheitselemente, die ein japanisches Schwert f\u00fcr Trainingszwecke aufweisen muss.<\/p>\n<p>Allerdings ist Ihr <strong>Schwert Anduin Lothar Wow<\/strong> zu einer Stahlklinge, die gepflegt werden muss, damit sie nicht mit der Zeit abgenutzt wird. Denn wenn du dein Katana ausstellst, werden deine Freunde neugierig sein, die Klinge zu sehen und sie zu ber\u00fchren. Hier ist Vorsicht geboten, denn Sie sollten wissen, dass die S\u00e4ure der Finger dem Stahl unabh\u00e4ngig von seiner Qualit\u00e4t sehr schadet.<\/p>\n<p>Wenn dies jedoch passiert, keine Panik, Sie brauchen nur ein Tuch, das mit etwas \u00d6l befeuchtet ist, und wischen die Fingerabdr\u00fccke ab. Wenn Sie dies tun, werden Sie Ihr Schwert sehr lange behalten.<\/p>","protected":false},"excerpt":{"rendered":"<p>Quel'Zaram-Schwert von Anduin Lothar aus World of Warcraft.<\/p>\n<ul>\n<li>Klinge aus Karbonstahl mit Siebdruck.<\/li>\n<li>Stahlb\u00fcgel in Form eines Drachenkopfes.<\/li>\n<li>Schuppenf\u00f6rmiger Griff aus Stahl.<\/li>\n<li>Wandhalterung aus Holz.<\/li>\n<li>L\u00e4nge der Klinge: 69 cm - Gesamtl\u00e4nge: 106 cm<\/li>\n<\/ul>","protected":false},"featured_media":27264,"template":"","meta":[],"product_brand":[896],"product_cat":[23,60],"product_tag":[],"class_list":{"0":"post-27263","1":"product","2":"type-product","3":"status-publish","4":"has-post-thumbnail","6":"product_brand-replique-manga-cine","7":"product_cat-repliques-manga-jeux-video","8":"product_cat-epees-world-of-warcraft","10":"first","11":"outofstock","12":"sale","13":"taxable","14":"shipping-taxable","15":"purchasable","16":"product-type-simple"},"yoast_head":"<!-- This site is optimized with the Yoast SEO plugin v27.5 - https:\/\/yoast.com\/product\/yoast-seo-wordpress\/ -->\n<title>Ep\u00e9e Anduin Lothar Wow - Quel&#039;Zaram - Boutique en ligne | RMC<\/title>\n<meta name=\"description\" content=\"Offrez-vous cette Ep\u00e9e Anduin Lothar Wow au meilleur prix. Lame en acier carbone - Echelle 1\/1 - Support - Longueur : 106 cm - Envoi 24\/48H.\" \/>\n<meta name=\"robots\" content=\"index, follow, max-snippet:-1, max-image-preview:large, max-video-preview:-1\" \/>\n<link rel=\"canonical\" href=\"https:\/\/repliquemangacine.fr\/de\/schwerter-world-of-warcraft\/replica-schwert-anduin-lothar-warcraft\/\" \/>\n<meta property=\"og:locale\" content=\"de_DE\" \/>\n<meta property=\"og:type\" content=\"article\" \/>\n<meta property=\"og:title\" content=\"Ep\u00e9e Anduin Lothar Wow - Quel&#039;Zaram - Boutique en ligne | RMC\" \/>\n<meta property=\"og:description\" content=\"Offrez-vous cette Ep\u00e9e Anduin Lothar Wow au meilleur prix. Lame en acier carbone - Echelle 1\/1 - Support - Longueur : 106 cm - Envoi 24\/48H.\" \/>\n<meta property=\"og:url\" content=\"https:\/\/repliquemangacine.fr\/de\/schwerter-world-of-warcraft\/replica-schwert-anduin-lothar-warcraft\/\" \/>\n<meta property=\"og:site_name\" content=\"R\u00e9plique Manga Cin\u00e9\" \/>\n<meta property=\"article:publisher\" content=\"https:\/\/www.facebook.com\/RepliqueMangaCine\" \/>\n<meta property=\"article:modified_time\" content=\"2025-09-23T16:01:54+00:00\" \/>\n<meta property=\"og:image\" content=\"https:\/\/repliquemangacine.fr\/wp-content\/uploads\/2023\/10\/2041-Replique-epee-Anduin-Lothar-Warcraft.jpg\" \/>\n\t<meta property=\"og:image:width\" content=\"600\" \/>\n\t<meta property=\"og:image:height\" content=\"600\" \/>\n\t<meta property=\"og:image:type\" content=\"image\/jpeg\" \/>\n<meta name=\"twitter:card\" content=\"summary_large_image\" \/>\n<meta name=\"twitter:label1\" content=\"Gesch\u00e4tzte Lesezeit\" \/>\n\t<meta name=\"twitter:data1\" content=\"2\u00a0Minuten\" \/>\n<script type=\"application\/ld+json\" class=\"yoast-schema-graph\">{\"@context\":\"https:\\\/\\\/schema.org\",\"@graph\":[{\"@type\":\"WebPage\",\"@id\":\"https:\\\/\\\/repliquemangacine.fr\\\/epees-world-of-warcraft\\\/replique-epee-anduin-lothar-warcraft\\\/\",\"url\":\"https:\\\/\\\/repliquemangacine.fr\\\/epees-world-of-warcraft\\\/replique-epee-anduin-lothar-warcraft\\\/\",\"name\":\"Ep\u00e9e Anduin Lothar Wow - Quel'Zaram - Boutique en ligne | RMC\",\"isPartOf\":{\"@id\":\"https:\\\/\\\/repliquemangacine.fr\\\/#website\"},\"primaryImageOfPage\":{\"@id\":\"https:\\\/\\\/repliquemangacine.fr\\\/epees-world-of-warcraft\\\/replique-epee-anduin-lothar-warcraft\\\/#primaryimage\"},\"image\":{\"@id\":\"https:\\\/\\\/repliquemangacine.fr\\\/epees-world-of-warcraft\\\/replique-epee-anduin-lothar-warcraft\\\/#primaryimage\"},\"thumbnailUrl\":\"https:\\\/\\\/repliquemangacine.fr\\\/wp-content\\\/uploads\\\/2023\\\/10\\\/2041-Replique-epee-Anduin-Lothar-Warcraft.jpg\",\"datePublished\":\"2017-05-22T17:46:13+00:00\",\"dateModified\":\"2025-09-23T16:01:54+00:00\",\"description\":\"Offrez-vous cette Ep\u00e9e Anduin Lothar Wow au meilleur prix. Lame en acier carbone - Echelle 1\\\/1 - Support - Longueur : 106 cm - Envoi 24\\\/48H.\",\"breadcrumb\":{\"@id\":\"https:\\\/\\\/repliquemangacine.fr\\\/epees-world-of-warcraft\\\/replique-epee-anduin-lothar-warcraft\\\/#breadcrumb\"},\"inLanguage\":\"de\",\"potentialAction\":[{\"@type\":\"ReadAction\",\"target\":[\"https:\\\/\\\/repliquemangacine.fr\\\/epees-world-of-warcraft\\\/replique-epee-anduin-lothar-warcraft\\\/\"]}]},{\"@type\":\"ImageObject\",\"inLanguage\":\"de\",\"@id\":\"https:\\\/\\\/repliquemangacine.fr\\\/epees-world-of-warcraft\\\/replique-epee-anduin-lothar-warcraft\\\/#primaryimage\",\"url\":\"https:\\\/\\\/repliquemangacine.fr\\\/wp-content\\\/uploads\\\/2023\\\/10\\\/2041-Replique-epee-Anduin-Lothar-Warcraft.jpg\",\"contentUrl\":\"https:\\\/\\\/repliquemangacine.fr\\\/wp-content\\\/uploads\\\/2023\\\/10\\\/2041-Replique-epee-Anduin-Lothar-Warcraft.jpg\",\"width\":600,\"height\":600,\"caption\":\"R\u00e9plique \u00e9p\u00e9e Anduin Lothar- Warcraft\"},{\"@type\":\"BreadcrumbList\",\"@id\":\"https:\\\/\\\/repliquemangacine.fr\\\/epees-world-of-warcraft\\\/replique-epee-anduin-lothar-warcraft\\\/#breadcrumb\",\"itemListElement\":[{\"@type\":\"ListItem\",\"position\":1,\"name\":\"Accueil\",\"item\":\"https:\\\/\\\/repliquemangacine.fr\\\/\"},{\"@type\":\"ListItem\",\"position\":2,\"name\":\"Produits\",\"item\":\"https:\\\/\\\/repliquemangacine.fr\\\/boutique\\\/\"},{\"@type\":\"ListItem\",\"position\":3,\"name\":\"Ep\u00e9e Anduin Lothar Warcraft\"}]},{\"@type\":\"WebSite\",\"@id\":\"https:\\\/\\\/repliquemangacine.fr\\\/#website\",\"url\":\"https:\\\/\\\/repliquemangacine.fr\\\/\",\"name\":\"R\u00e9plique Manga Cin\u00e9\",\"description\":\"\",\"publisher\":{\"@id\":\"https:\\\/\\\/repliquemangacine.fr\\\/#organization\"},\"potentialAction\":[{\"@type\":\"SearchAction\",\"target\":{\"@type\":\"EntryPoint\",\"urlTemplate\":\"https:\\\/\\\/repliquemangacine.fr\\\/?s={search_term_string}\"},\"query-input\":{\"@type\":\"PropertyValueSpecification\",\"valueRequired\":true,\"valueName\":\"search_term_string\"}}],\"inLanguage\":\"de\"},{\"@type\":\"Organization\",\"@id\":\"https:\\\/\\\/repliquemangacine.fr\\\/#organization\",\"name\":\"R\u00e9plique Manga Cin\u00e9\",\"url\":\"https:\\\/\\\/repliquemangacine.fr\\\/\",\"logo\":{\"@type\":\"ImageObject\",\"inLanguage\":\"de\",\"@id\":\"https:\\\/\\\/repliquemangacine.fr\\\/#\\\/schema\\\/logo\\\/image\\\/\",\"url\":\"https:\\\/\\\/repliquemangacine.fr\\\/wp-content\\\/uploads\\\/2023\\\/10\\\/RMC-500250.png\",\"contentUrl\":\"https:\\\/\\\/repliquemangacine.fr\\\/wp-content\\\/uploads\\\/2023\\\/10\\\/RMC-500250.png\",\"width\":500,\"height\":250,\"caption\":\"R\u00e9plique Manga Cin\u00e9\"},\"image\":{\"@id\":\"https:\\\/\\\/repliquemangacine.fr\\\/#\\\/schema\\\/logo\\\/image\\\/\"},\"sameAs\":[\"https:\\\/\\\/www.facebook.com\\\/RepliqueMangaCine\",\"https:\\\/\\\/www.instagram.com\\\/repliquemangacine.fr\\\/\"]}]}<\/script>\n<!-- \/ Yoast SEO plugin. -->","yoast_head_json":{"title":"Anduin Lothar Wow Schwert - Quel'Zaram - Online Shop | RMC","description":"G\u00f6nnen Sie sich dieses Anduin Lothar Wow Schwert zum besten Preis. Klinge aus Kohlenstoffstahl - Ma\u00dfstab 1\/1 - Halterung - L\u00e4nge: 106 cm - Versand 24\/48H.","robots":{"index":"index","follow":"follow","max-snippet":"max-snippet:-1","max-image-preview":"max-image-preview:large","max-video-preview":"max-video-preview:-1"},"canonical":"https:\/\/repliquemangacine.fr\/de\/schwerter-world-of-warcraft\/replica-schwert-anduin-lothar-warcraft\/","og_locale":"de_DE","og_type":"article","og_title":"Ep\u00e9e Anduin Lothar Wow - Quel'Zaram - Boutique en ligne | RMC","og_description":"Offrez-vous cette Ep\u00e9e Anduin Lothar Wow au meilleur prix. Lame en acier carbone - Echelle 1\/1 - Support - Longueur : 106 cm - Envoi 24\/48H.","og_url":"https:\/\/repliquemangacine.fr\/de\/schwerter-world-of-warcraft\/replica-schwert-anduin-lothar-warcraft\/","og_site_name":"R\u00e9plique Manga Cin\u00e9","article_publisher":"https:\/\/www.facebook.com\/RepliqueMangaCine","article_modified_time":"2025-09-23T16:01:54+00:00","og_image":[{"width":600,"height":600,"url":"https:\/\/repliquemangacine.fr\/wp-content\/uploads\/2023\/10\/2041-Replique-epee-Anduin-Lothar-Warcraft.jpg","type":"image\/jpeg"}],"twitter_card":"summary_large_image","twitter_misc":{"Gesch\u00e4tzte Lesezeit":"2\u00a0Minuten"},"schema":{"@context":"https:\/\/schema.org","@graph":[{"@type":"WebPage","@id":"https:\/\/repliquemangacine.fr\/epees-world-of-warcraft\/replique-epee-anduin-lothar-warcraft\/","url":"https:\/\/repliquemangacine.fr\/epees-world-of-warcraft\/replique-epee-anduin-lothar-warcraft\/","name":"Anduin Lothar Wow Schwert - Quel'Zaram - Online Shop | RMC","isPartOf":{"@id":"https:\/\/repliquemangacine.fr\/#website"},"primaryImageOfPage":{"@id":"https:\/\/repliquemangacine.fr\/epees-world-of-warcraft\/replique-epee-anduin-lothar-warcraft\/#primaryimage"},"image":{"@id":"https:\/\/repliquemangacine.fr\/epees-world-of-warcraft\/replique-epee-anduin-lothar-warcraft\/#primaryimage"},"thumbnailUrl":"https:\/\/repliquemangacine.fr\/wp-content\/uploads\/2023\/10\/2041-Replique-epee-Anduin-Lothar-Warcraft.jpg","datePublished":"2017-05-22T17:46:13+00:00","dateModified":"2025-09-23T16:01:54+00:00","description":"G\u00f6nnen Sie sich dieses Anduin Lothar Wow Schwert zum besten Preis. Klinge aus Kohlenstoffstahl - Ma\u00dfstab 1\/1 - Halterung - L\u00e4nge: 106 cm - Versand 24\/48H.","breadcrumb":{"@id":"https:\/\/repliquemangacine.fr\/epees-world-of-warcraft\/replique-epee-anduin-lothar-warcraft\/#breadcrumb"},"inLanguage":"de","potentialAction":[{"@type":"ReadAction","target":["https:\/\/repliquemangacine.fr\/epees-world-of-warcraft\/replique-epee-anduin-lothar-warcraft\/"]}]},{"@type":"ImageObject","inLanguage":"de","@id":"https:\/\/repliquemangacine.fr\/epees-world-of-warcraft\/replique-epee-anduin-lothar-warcraft\/#primaryimage","url":"https:\/\/repliquemangacine.fr\/wp-content\/uploads\/2023\/10\/2041-Replique-epee-Anduin-Lothar-Warcraft.jpg","contentUrl":"https:\/\/repliquemangacine.fr\/wp-content\/uploads\/2023\/10\/2041-Replique-epee-Anduin-Lothar-Warcraft.jpg","width":600,"height":600,"caption":"R\u00e9plique \u00e9p\u00e9e Anduin Lothar- Warcraft"},{"@type":"BreadcrumbList","@id":"https:\/\/repliquemangacine.fr\/epees-world-of-warcraft\/replique-epee-anduin-lothar-warcraft\/#breadcrumb","itemListElement":[{"@type":"ListItem","position":1,"name":"Accueil","item":"https:\/\/repliquemangacine.fr\/"},{"@type":"ListItem","position":2,"name":"Produits","item":"https:\/\/repliquemangacine.fr\/boutique\/"},{"@type":"ListItem","position":3,"name":"Ep\u00e9e Anduin Lothar Warcraft"}]},{"@type":"WebSite","@id":"https:\/\/repliquemangacine.fr\/#website","url":"https:\/\/repliquemangacine.fr\/","name":"R\u00e9plique Manga Cin\u00e9","description":"","publisher":{"@id":"https:\/\/repliquemangacine.fr\/#organization"},"potentialAction":[{"@type":"SearchAction","target":{"@type":"EntryPoint","urlTemplate":"https:\/\/repliquemangacine.fr\/?s={search_term_string}"},"query-input":{"@type":"PropertyValueSpecification","valueRequired":true,"valueName":"search_term_string"}}],"inLanguage":"de"},{"@type":"Organization","@id":"https:\/\/repliquemangacine.fr\/#organization","name":"R\u00e9plique Manga Cin\u00e9","url":"https:\/\/repliquemangacine.fr\/","logo":{"@type":"ImageObject","inLanguage":"de","@id":"https:\/\/repliquemangacine.fr\/#\/schema\/logo\/image\/","url":"https:\/\/repliquemangacine.fr\/wp-content\/uploads\/2023\/10\/RMC-500250.png","contentUrl":"https:\/\/repliquemangacine.fr\/wp-content\/uploads\/2023\/10\/RMC-500250.png","width":500,"height":250,"caption":"R\u00e9plique Manga Cin\u00e9"},"image":{"@id":"https:\/\/repliquemangacine.fr\/#\/schema\/logo\/image\/"},"sameAs":["https:\/\/www.facebook.com\/RepliqueMangaCine","https:\/\/www.instagram.com\/repliquemangacine.fr\/"]}]}},"_links":{"self":[{"href":"https:\/\/repliquemangacine.fr\/de\/wp-json\/wp\/v2\/product\/27263","targetHints":{"allow":["GET"]}}],"collection":[{"href":"https:\/\/repliquemangacine.fr\/de\/wp-json\/wp\/v2\/product"}],"about":[{"href":"https:\/\/repliquemangacine.fr\/de\/wp-json\/wp\/v2\/types\/product"}],"wp:featuredmedia":[{"embeddable":true,"href":"https:\/\/repliquemangacine.fr\/de\/wp-json\/wp\/v2\/media\/27264"}],"wp:attachment":[{"href":"https:\/\/repliquemangacine.fr\/de\/wp-json\/wp\/v2\/media?parent=27263"}],"wp:term":[{"taxonomy":"product_brand","embeddable":true,"href":"https:\/\/repliquemangacine.fr\/de\/wp-json\/wp\/v2\/product_brand?post=27263"},{"taxonomy":"product_cat","embeddable":true,"href":"https:\/\/repliquemangacine.fr\/de\/wp-json\/wp\/v2\/product_cat?post=27263"},{"taxonomy":"product_tag","embeddable":true,"href":"https:\/\/repliquemangacine.fr\/de\/wp-json\/wp\/v2\/product_tag?post=27263"}],"curies":[{"name":"wp","href":"https:\/\/api.w.org\/{rel}","templated":true}]}}