





{"id":27255,"date":"2017-05-22T18:21:33","date_gmt":"2017-05-22T16:21:33","guid":{"rendered":"https:\/\/repliquemangacine.fr\/?post_type=product&#038;p=27255"},"modified":"2026-01-08T17:23:17","modified_gmt":"2026-01-08T16:23:17","slug":"dolch-schwert-lions-fang-du-roi-llane-wrynn-warcraft","status":"publish","type":"product","link":"https:\/\/repliquemangacine.fr\/de\/repliques-d-armes-films-et-series\/dague-epee-lions-fang-du-roi-llane-wrynn-warcraft\/","title":{"rendered":"Dolch Schwert Lion's Fang Warcraft"},"content":{"rendered":"<h2>Schwertdolch Lion's Fang im Film Warcraft<\/h2>\n<p>Zu Beginn wird die <strong>Schwertdolch Lion's Fang<\/strong> ist die kleine Schwester des K\u00f6nigsschwerts <a href=\"https:\/\/wowwiki.fandom.com\/fr\/wiki\/Llane_Wrynn_I\" target=\"_blank\" rel=\"noopener noreferrer\">Llane Wrynn<\/a>, verziert mit Gold in der Farbe des Eherings.<\/p>\n<p>Nachdem er in seiner Jugend gegen die Trolle gek\u00e4mpft hatte, war Wrynn gr\u00f6\u00dftenteils friedlich regiert, bis die Horde kam. Wrynn versuchte, die anderen Nationen der Sieben K\u00f6nigreiche zu vereinen, um die Orcs daran zu hindern, das Gro\u00dfe Tor wieder zu \u00f6ffnen.<\/p>\n<p>Er opfert sein Leben, um Azeroth zu verteidigen und die Gefangenen der Orcs zu befreien. Als sich das Portal zum zweiten Mal schloss und klar wurde, dass sein Tod unvermeidlich war, bat er Garona, ihn vor den Augen der Horde zu t\u00f6ten, um ihm Ehre zu erweisen, anstatt Blackhand dies zu \u00fcberlassen, in der Hoffnung, dass sie eines Tages Frieden zwischen ihren V\u00f6lkern stiften k\u00f6nnte.<\/p>\n<h2>Ihr Lion's Fang Schwertdolch zum besten Preis.<\/h2>\n<p>Wir bieten Ihnen eine gro\u00dfe Auswahl an Sammlerst\u00fccken aus der Welt von World of Warcraft.<\/p>\n<p>Zun\u00e4chst einmal,<\/p>\n<ul>\n<li>Das pr\u00e4chtige legend\u00e4re Schwert von Arthas dem <a href=\"https:\/\/repliquemangacine.fr\/de\/schwert-world-of-warcraft\/frostmourne-deuillegivre-schwert-des-lichkonigs\/\">Frostmourne<\/a> mit bemerkenswerten Endbearbeitungen.<\/li>\n<li>Es gibt auch Illidans Waffe <a href=\"https:\/\/repliquemangacine.fr\/de\/schwert-world-of-warcraft\/epee-warglaive-d-illidan-glaive-de-guerre-d-azzinoth\/\">Warglaive<\/a>Das Kriegsschwert von Azzinoth.<\/li>\n<li>Sowie das <a href=\"https:\/\/repliquemangacine.fr\/de\/schwert-world-of-warcraft\/hammer-des-schicksals-world-of-warcraft-replik-hammer-von-thrall-doomhammer\/\">Schicksalshammer Doomhammer<\/a> von dem emblematischen Thrall verwendet<\/li>\n<li>Und noch viel mehr gibt es in unserem Online-Shop zu entdecken!<\/li>\n<\/ul>\n<p>Deshalb gibt es hier einige gro\u00dfartige Geschenkideen f\u00fcr alle Fans von World of Warcraft.<\/p>\n<p>Abschlie\u00dfend k\u00f6nnen Sie die <strong>Schwertdolch Lion's Fang<\/strong> f\u00fcr Ihre Themenabende oder Cosplay-Paraden. Vor allem aber ist dieser Dolch ein Sammler- und Dekorationsst\u00fcck.<\/p>\n<p>R\u00e9plique manga cin\u00e9 ist ein franz\u00f6sisches Unternehmen.<\/p>\n<h2>Wie pflegt man die Klinge seines Warcraft-Schwerts?<\/h2>\n<p>Sammlungs- und Dekorationsschwerter werden in vereinfachter Form hergestellt und zusammengebaut. Da sie zu Dekorationszwecken verwendet werden, fehlen ihnen die Sicherheitselemente, die ein japanisches Schwert f\u00fcr Trainingszwecke aufweisen muss.<\/p>\n<p>Allerdings ist Ihr <strong>Schwertdolch Lion's Fang<\/strong> zu einer Stahlklinge, die gepflegt werden muss, damit sie nicht mit der Zeit abgenutzt wird. Denn wenn du dein Katana ausstellst, werden deine Freunde neugierig sein, die Klinge zu sehen und sie zu ber\u00fchren. Hier ist Vorsicht geboten, denn Sie sollten wissen, dass die S\u00e4ure der Finger dem Stahl unabh\u00e4ngig von seiner Qualit\u00e4t sehr schadet.<\/p>\n<p>Wenn dies jedoch passiert, keine Panik, Sie brauchen nur ein Tuch, das mit etwas \u00d6l befeuchtet ist, und wischen die Fingerabdr\u00fccke ab. Wenn Sie dies tun, werden Sie Ihr Schwert sehr lange behalten.<\/p>\n<p><strong>\u00a0<\/strong><\/p>","protected":false},"excerpt":{"rendered":"<p>Lion's Fang Schwertdolch von K\u00f6nig Llane Wrynn aus dem Film Warcraft.<\/p>\n<ul>\n<li>Breite Klinge aus rostfreiem Stahl mit Gravur.<\/li>\n<li>Griff aus Stahl.<\/li>\n<li>Knauf aus Stahl.<\/li>\n<li>Vergoldeter und gealterter Stahlb\u00fcgel in Form eines L\u00f6wenkopfes.<\/li>\n<li>St\u00e4nder zum Aufstellen aus Holz.<\/li>\n<li>L\u00e4nge der Klinge: 51 cm - Gesamtl\u00e4nge: 71 cm<\/li>\n<\/ul>","protected":false},"featured_media":27256,"template":"","meta":[],"product_brand":[896],"product_cat":[66,24,23,60],"product_tag":[],"class_list":{"0":"post-27255","1":"product","2":"type-product","3":"status-publish","4":"has-post-thumbnail","6":"product_brand-replique-manga-cine","7":"product_cat-repliques-d-armes-films-et-series","8":"product_cat-films-series-tv-vente-de-katana-epee-et-produits-derives","9":"product_cat-repliques-manga-jeux-video","10":"product_cat-epees-world-of-warcraft","12":"first","13":"instock","14":"sale","15":"taxable","16":"shipping-taxable","17":"purchasable","18":"product-type-simple"},"yoast_head":"<!-- This site is optimized with the Yoast SEO plugin v27.5 - https:\/\/yoast.com\/product\/yoast-seo-wordpress\/ -->\n<title>Dague \u00e9p\u00e9e Lion&#039;s Fang - Warcraft - Boutique en ligne | RMC<\/title>\n<meta name=\"description\" content=\"Offrez-vous la Dague \u00e9p\u00e9e Lion&#039;s Fang du roi Llane Wrynn dans le film Warcraft au meilleur prix - Lame acier - Support - Longueur 71cm - Envoi 24\/48h\" \/>\n<meta name=\"robots\" content=\"index, follow, max-snippet:-1, max-image-preview:large, max-video-preview:-1\" \/>\n<link rel=\"canonical\" href=\"https:\/\/repliquemangacine.fr\/de\/repliken-von-waffen-filme-und-serien\/dolch-schwert-lions-fang-du-roi-llane-wrynn-warcraft\/\" \/>\n<meta property=\"og:locale\" content=\"de_DE\" \/>\n<meta property=\"og:type\" content=\"article\" \/>\n<meta property=\"og:title\" content=\"Dague \u00e9p\u00e9e Lion&#039;s Fang - Warcraft - Boutique en ligne | RMC\" \/>\n<meta property=\"og:description\" content=\"Offrez-vous la Dague \u00e9p\u00e9e Lion&#039;s Fang du roi Llane Wrynn dans le film Warcraft au meilleur prix - Lame acier - Support - Longueur 71cm - Envoi 24\/48h\" \/>\n<meta property=\"og:url\" content=\"https:\/\/repliquemangacine.fr\/de\/repliken-von-waffen-filme-und-serien\/dolch-schwert-lions-fang-du-roi-llane-wrynn-warcraft\/\" \/>\n<meta property=\"og:site_name\" content=\"R\u00e9plique Manga Cin\u00e9\" \/>\n<meta property=\"article:publisher\" content=\"https:\/\/www.facebook.com\/RepliqueMangaCine\" \/>\n<meta property=\"article:modified_time\" content=\"2026-01-08T16:23:17+00:00\" \/>\n<meta property=\"og:image\" content=\"https:\/\/repliquemangacine.fr\/wp-content\/uploads\/2023\/10\/2034-Dague-epee-du-roi-Llane-Wrynn-Warcraft.jpg\" \/>\n\t<meta property=\"og:image:width\" content=\"600\" \/>\n\t<meta property=\"og:image:height\" content=\"600\" \/>\n\t<meta property=\"og:image:type\" content=\"image\/jpeg\" \/>\n<meta name=\"twitter:card\" content=\"summary_large_image\" \/>\n<meta name=\"twitter:label1\" content=\"Gesch\u00e4tzte Lesezeit\" \/>\n\t<meta name=\"twitter:data1\" content=\"1\u00a0Minute\" \/>\n<script type=\"application\/ld+json\" class=\"yoast-schema-graph\">{\"@context\":\"https:\\\/\\\/schema.org\",\"@graph\":[{\"@type\":\"WebPage\",\"@id\":\"https:\\\/\\\/repliquemangacine.fr\\\/repliques-d-armes-films-et-series\\\/dague-epee-lions-fang-du-roi-llane-wrynn-warcraft\\\/\",\"url\":\"https:\\\/\\\/repliquemangacine.fr\\\/repliques-d-armes-films-et-series\\\/dague-epee-lions-fang-du-roi-llane-wrynn-warcraft\\\/\",\"name\":\"Dague \u00e9p\u00e9e Lion's Fang - Warcraft - Boutique en ligne | RMC\",\"isPartOf\":{\"@id\":\"https:\\\/\\\/repliquemangacine.fr\\\/#website\"},\"primaryImageOfPage\":{\"@id\":\"https:\\\/\\\/repliquemangacine.fr\\\/repliques-d-armes-films-et-series\\\/dague-epee-lions-fang-du-roi-llane-wrynn-warcraft\\\/#primaryimage\"},\"image\":{\"@id\":\"https:\\\/\\\/repliquemangacine.fr\\\/repliques-d-armes-films-et-series\\\/dague-epee-lions-fang-du-roi-llane-wrynn-warcraft\\\/#primaryimage\"},\"thumbnailUrl\":\"https:\\\/\\\/repliquemangacine.fr\\\/wp-content\\\/uploads\\\/2023\\\/10\\\/2034-Dague-epee-du-roi-Llane-Wrynn-Warcraft.jpg\",\"datePublished\":\"2017-05-22T16:21:33+00:00\",\"dateModified\":\"2026-01-08T16:23:17+00:00\",\"description\":\"Offrez-vous la Dague \u00e9p\u00e9e Lion's Fang du roi Llane Wrynn dans le film Warcraft au meilleur prix - Lame acier - Support - Longueur 71cm - Envoi 24\\\/48h\",\"breadcrumb\":{\"@id\":\"https:\\\/\\\/repliquemangacine.fr\\\/repliques-d-armes-films-et-series\\\/dague-epee-lions-fang-du-roi-llane-wrynn-warcraft\\\/#breadcrumb\"},\"inLanguage\":\"de\",\"potentialAction\":[{\"@type\":\"ReadAction\",\"target\":[\"https:\\\/\\\/repliquemangacine.fr\\\/repliques-d-armes-films-et-series\\\/dague-epee-lions-fang-du-roi-llane-wrynn-warcraft\\\/\"]}]},{\"@type\":\"ImageObject\",\"inLanguage\":\"de\",\"@id\":\"https:\\\/\\\/repliquemangacine.fr\\\/repliques-d-armes-films-et-series\\\/dague-epee-lions-fang-du-roi-llane-wrynn-warcraft\\\/#primaryimage\",\"url\":\"https:\\\/\\\/repliquemangacine.fr\\\/wp-content\\\/uploads\\\/2023\\\/10\\\/2034-Dague-epee-du-roi-Llane-Wrynn-Warcraft.jpg\",\"contentUrl\":\"https:\\\/\\\/repliquemangacine.fr\\\/wp-content\\\/uploads\\\/2023\\\/10\\\/2034-Dague-epee-du-roi-Llane-Wrynn-Warcraft.jpg\",\"width\":600,\"height\":600,\"caption\":\"Dague \u00e9p\u00e9e du roi Llane Wrynn - Warcraft\"},{\"@type\":\"BreadcrumbList\",\"@id\":\"https:\\\/\\\/repliquemangacine.fr\\\/repliques-d-armes-films-et-series\\\/dague-epee-lions-fang-du-roi-llane-wrynn-warcraft\\\/#breadcrumb\",\"itemListElement\":[{\"@type\":\"ListItem\",\"position\":1,\"name\":\"Accueil\",\"item\":\"https:\\\/\\\/repliquemangacine.fr\\\/\"},{\"@type\":\"ListItem\",\"position\":2,\"name\":\"Produits\",\"item\":\"https:\\\/\\\/repliquemangacine.fr\\\/boutique\\\/\"},{\"@type\":\"ListItem\",\"position\":3,\"name\":\"Dague \u00e9p\u00e9e Lion&#8217;s Fang Warcraft\"}]},{\"@type\":\"WebSite\",\"@id\":\"https:\\\/\\\/repliquemangacine.fr\\\/#website\",\"url\":\"https:\\\/\\\/repliquemangacine.fr\\\/\",\"name\":\"R\u00e9plique Manga Cin\u00e9\",\"description\":\"\",\"publisher\":{\"@id\":\"https:\\\/\\\/repliquemangacine.fr\\\/#organization\"},\"potentialAction\":[{\"@type\":\"SearchAction\",\"target\":{\"@type\":\"EntryPoint\",\"urlTemplate\":\"https:\\\/\\\/repliquemangacine.fr\\\/?s={search_term_string}\"},\"query-input\":{\"@type\":\"PropertyValueSpecification\",\"valueRequired\":true,\"valueName\":\"search_term_string\"}}],\"inLanguage\":\"de\"},{\"@type\":\"Organization\",\"@id\":\"https:\\\/\\\/repliquemangacine.fr\\\/#organization\",\"name\":\"R\u00e9plique Manga Cin\u00e9\",\"url\":\"https:\\\/\\\/repliquemangacine.fr\\\/\",\"logo\":{\"@type\":\"ImageObject\",\"inLanguage\":\"de\",\"@id\":\"https:\\\/\\\/repliquemangacine.fr\\\/#\\\/schema\\\/logo\\\/image\\\/\",\"url\":\"https:\\\/\\\/repliquemangacine.fr\\\/wp-content\\\/uploads\\\/2023\\\/10\\\/RMC-500250.png\",\"contentUrl\":\"https:\\\/\\\/repliquemangacine.fr\\\/wp-content\\\/uploads\\\/2023\\\/10\\\/RMC-500250.png\",\"width\":500,\"height\":250,\"caption\":\"R\u00e9plique Manga Cin\u00e9\"},\"image\":{\"@id\":\"https:\\\/\\\/repliquemangacine.fr\\\/#\\\/schema\\\/logo\\\/image\\\/\"},\"sameAs\":[\"https:\\\/\\\/www.facebook.com\\\/RepliqueMangaCine\",\"https:\\\/\\\/www.instagram.com\\\/repliquemangacine.fr\\\/\"]}]}<\/script>\n<!-- \/ Yoast SEO plugin. -->","yoast_head_json":{"title":"Lion's Fang Schwert Dolch - Warcraft - Online Shop | RMC","description":"Bieten Sie den Schwertdolch Lion's Fang von K\u00f6nig Llane Wrynn aus dem Film Warcraft zum besten Preis an - Stahlklinge - Halterung - L\u00e4nge 71cm - Versand 24\/48h","robots":{"index":"index","follow":"follow","max-snippet":"max-snippet:-1","max-image-preview":"max-image-preview:large","max-video-preview":"max-video-preview:-1"},"canonical":"https:\/\/repliquemangacine.fr\/de\/repliken-von-waffen-filme-und-serien\/dolch-schwert-lions-fang-du-roi-llane-wrynn-warcraft\/","og_locale":"de_DE","og_type":"article","og_title":"Dague \u00e9p\u00e9e Lion's Fang - Warcraft - Boutique en ligne | RMC","og_description":"Offrez-vous la Dague \u00e9p\u00e9e Lion's Fang du roi Llane Wrynn dans le film Warcraft au meilleur prix - Lame acier - Support - Longueur 71cm - Envoi 24\/48h","og_url":"https:\/\/repliquemangacine.fr\/de\/repliken-von-waffen-filme-und-serien\/dolch-schwert-lions-fang-du-roi-llane-wrynn-warcraft\/","og_site_name":"R\u00e9plique Manga Cin\u00e9","article_publisher":"https:\/\/www.facebook.com\/RepliqueMangaCine","article_modified_time":"2026-01-08T16:23:17+00:00","og_image":[{"width":600,"height":600,"url":"https:\/\/repliquemangacine.fr\/wp-content\/uploads\/2023\/10\/2034-Dague-epee-du-roi-Llane-Wrynn-Warcraft.jpg","type":"image\/jpeg"}],"twitter_card":"summary_large_image","twitter_misc":{"Gesch\u00e4tzte Lesezeit":"1\u00a0Minute"},"schema":{"@context":"https:\/\/schema.org","@graph":[{"@type":"WebPage","@id":"https:\/\/repliquemangacine.fr\/repliques-d-armes-films-et-series\/dague-epee-lions-fang-du-roi-llane-wrynn-warcraft\/","url":"https:\/\/repliquemangacine.fr\/repliques-d-armes-films-et-series\/dague-epee-lions-fang-du-roi-llane-wrynn-warcraft\/","name":"Lion's Fang Schwert Dolch - Warcraft - Online Shop | RMC","isPartOf":{"@id":"https:\/\/repliquemangacine.fr\/#website"},"primaryImageOfPage":{"@id":"https:\/\/repliquemangacine.fr\/repliques-d-armes-films-et-series\/dague-epee-lions-fang-du-roi-llane-wrynn-warcraft\/#primaryimage"},"image":{"@id":"https:\/\/repliquemangacine.fr\/repliques-d-armes-films-et-series\/dague-epee-lions-fang-du-roi-llane-wrynn-warcraft\/#primaryimage"},"thumbnailUrl":"https:\/\/repliquemangacine.fr\/wp-content\/uploads\/2023\/10\/2034-Dague-epee-du-roi-Llane-Wrynn-Warcraft.jpg","datePublished":"2017-05-22T16:21:33+00:00","dateModified":"2026-01-08T16:23:17+00:00","description":"Bieten Sie den Schwertdolch Lion's Fang von K\u00f6nig Llane Wrynn aus dem Film Warcraft zum besten Preis an - Stahlklinge - Halterung - L\u00e4nge 71cm - Versand 24\/48h","breadcrumb":{"@id":"https:\/\/repliquemangacine.fr\/repliques-d-armes-films-et-series\/dague-epee-lions-fang-du-roi-llane-wrynn-warcraft\/#breadcrumb"},"inLanguage":"de","potentialAction":[{"@type":"ReadAction","target":["https:\/\/repliquemangacine.fr\/repliques-d-armes-films-et-series\/dague-epee-lions-fang-du-roi-llane-wrynn-warcraft\/"]}]},{"@type":"ImageObject","inLanguage":"de","@id":"https:\/\/repliquemangacine.fr\/repliques-d-armes-films-et-series\/dague-epee-lions-fang-du-roi-llane-wrynn-warcraft\/#primaryimage","url":"https:\/\/repliquemangacine.fr\/wp-content\/uploads\/2023\/10\/2034-Dague-epee-du-roi-Llane-Wrynn-Warcraft.jpg","contentUrl":"https:\/\/repliquemangacine.fr\/wp-content\/uploads\/2023\/10\/2034-Dague-epee-du-roi-Llane-Wrynn-Warcraft.jpg","width":600,"height":600,"caption":"Dague \u00e9p\u00e9e du roi Llane Wrynn - Warcraft"},{"@type":"BreadcrumbList","@id":"https:\/\/repliquemangacine.fr\/repliques-d-armes-films-et-series\/dague-epee-lions-fang-du-roi-llane-wrynn-warcraft\/#breadcrumb","itemListElement":[{"@type":"ListItem","position":1,"name":"Accueil","item":"https:\/\/repliquemangacine.fr\/"},{"@type":"ListItem","position":2,"name":"Produits","item":"https:\/\/repliquemangacine.fr\/boutique\/"},{"@type":"ListItem","position":3,"name":"Dague \u00e9p\u00e9e Lion&#8217;s Fang Warcraft"}]},{"@type":"WebSite","@id":"https:\/\/repliquemangacine.fr\/#website","url":"https:\/\/repliquemangacine.fr\/","name":"R\u00e9plique Manga Cin\u00e9","description":"","publisher":{"@id":"https:\/\/repliquemangacine.fr\/#organization"},"potentialAction":[{"@type":"SearchAction","target":{"@type":"EntryPoint","urlTemplate":"https:\/\/repliquemangacine.fr\/?s={search_term_string}"},"query-input":{"@type":"PropertyValueSpecification","valueRequired":true,"valueName":"search_term_string"}}],"inLanguage":"de"},{"@type":"Organization","@id":"https:\/\/repliquemangacine.fr\/#organization","name":"R\u00e9plique Manga Cin\u00e9","url":"https:\/\/repliquemangacine.fr\/","logo":{"@type":"ImageObject","inLanguage":"de","@id":"https:\/\/repliquemangacine.fr\/#\/schema\/logo\/image\/","url":"https:\/\/repliquemangacine.fr\/wp-content\/uploads\/2023\/10\/RMC-500250.png","contentUrl":"https:\/\/repliquemangacine.fr\/wp-content\/uploads\/2023\/10\/RMC-500250.png","width":500,"height":250,"caption":"R\u00e9plique Manga Cin\u00e9"},"image":{"@id":"https:\/\/repliquemangacine.fr\/#\/schema\/logo\/image\/"},"sameAs":["https:\/\/www.facebook.com\/RepliqueMangaCine","https:\/\/www.instagram.com\/repliquemangacine.fr\/"]}]}},"_links":{"self":[{"href":"https:\/\/repliquemangacine.fr\/de\/wp-json\/wp\/v2\/product\/27255","targetHints":{"allow":["GET"]}}],"collection":[{"href":"https:\/\/repliquemangacine.fr\/de\/wp-json\/wp\/v2\/product"}],"about":[{"href":"https:\/\/repliquemangacine.fr\/de\/wp-json\/wp\/v2\/types\/product"}],"wp:featuredmedia":[{"embeddable":true,"href":"https:\/\/repliquemangacine.fr\/de\/wp-json\/wp\/v2\/media\/27256"}],"wp:attachment":[{"href":"https:\/\/repliquemangacine.fr\/de\/wp-json\/wp\/v2\/media?parent=27255"}],"wp:term":[{"taxonomy":"product_brand","embeddable":true,"href":"https:\/\/repliquemangacine.fr\/de\/wp-json\/wp\/v2\/product_brand?post=27255"},{"taxonomy":"product_cat","embeddable":true,"href":"https:\/\/repliquemangacine.fr\/de\/wp-json\/wp\/v2\/product_cat?post=27255"},{"taxonomy":"product_tag","embeddable":true,"href":"https:\/\/repliquemangacine.fr\/de\/wp-json\/wp\/v2\/product_tag?post=27255"}],"curies":[{"name":"wp","href":"https:\/\/api.w.org\/{rel}","templated":true}]}}