





{"id":27246,"date":"2017-05-20T21:56:22","date_gmt":"2017-05-20T19:56:22","guid":{"rendered":"https:\/\/repliquemangacine.fr\/?post_type=product&#038;p=27246"},"modified":"2026-04-29T15:46:31","modified_gmt":"2026-04-29T13:46:31","slug":"signaturdolch-rambo-2","status":"publish","type":"product","link":"https:\/\/repliquemangacine.fr\/de\/couteaux-de-chasse\/poignard-signature-rambo-2\/","title":{"rendered":"Signaturdolch Rambo First Blood Part II"},"content":{"rendered":"<h2>Replik des Signature Dagger Rambo 2<\/h2>\n<p>Zu Beginn wird der <strong>Rambo 2 Signature Dagger<\/strong> ist genau das gleiche wie im Film, zus\u00e4tzlich mit Stallones Unterschrift.<\/p>\n<p>Zun\u00e4chst einmal ist Rambo eine US-amerikanische Filmreihe, die aus f\u00fcnf Filmen besteht. <a href=\"https:\/\/heros.fandom.com\/fr\/wiki\/John_Rambo\" target=\"_blank\" rel=\"noopener noreferrer\">John James Rambo<\/a> ist die Hauptfigur des Romans und der Verfilmungen. Auf der Leinwand wird er von Sylvester Stallone gespielt.<\/p>\n<p>Dar\u00fcber hinaus hat er eine Affinit\u00e4t zu Messern, sowohl als Waffe, um zahlreiche Feinde zu t\u00f6ten, als auch als \u00dcberlebenswerkzeug. Rambo ist unglaublich talentiert im Umgang mit verschiedenen Arten von Schusswaffen, aber auch mit dem Bogen, den er bevorzugt einsetzt, wenn er sich heimlich n\u00e4hern muss. Er ist au\u00dferdem sehr intelligent, spricht mehrere Sprachen, ist ein begabter Pilot und ein talentierter J\u00e4ger.<\/p>\n<h2>Ihr Rambo 2 Signature Dagger zum besten Preis<\/h2>\n<p>Wir bieten Ihnen alle Rambo-Messer aus allen seinen Filmen an.<\/p>\n<p>Zun\u00e4chst einmal,<\/p>\n<ul>\n<li>Der beeindruckende <a href=\"https:\/\/repliquemangacine.fr\/de\/messer-rambo-dolch-john-rambo\/couteau-poignard-rambo-iii\/\">Dolch Rambo 3<\/a> die er in diesem Opus verwendet.<\/li>\n<li>Es gibt auch die <a href=\"https:\/\/repliquemangacine.fr\/de\/messer-rambo-dolch-john-rambo\/machette-rambo-iv\/\">Machete Rambo<\/a> der in den Filmen 4 und 5 zu sehen ist<\/li>\n<li>Sowie zuletzt am <a href=\"https:\/\/repliquemangacine.fr\/de\/messer-rambo-dolch-john-rambo\/couteau-rambo-v-last-blood-couteau-rambo-heartstopper\/\">Messer Last Blood<\/a> im letzten Opus.<\/li>\n<\/ul>\n<p>Deshalb ist dies eine gro\u00dfartige Geschenkidee f\u00fcr alle Rambo-Fans.<\/p>\n<p>Abschlie\u00dfend k\u00f6nnen Sie den <strong>Rambo 2 Signature Dagger<\/strong> f\u00fcr Ihre Themenabende oder Cosplays. Vor allem aber ist dieses Messer ein Sammlerst\u00fcck.<\/p>\n<p>R\u00e9plique Manga Cin\u00e9 ist ein franz\u00f6sisches Familienunternehmen<\/p>\n<h2>Wie pflegt man die Klinge eines Messers?<\/h2>\n<p>Sammlungs- und Dekorationsmesser werden auf vereinfachte Weise hergestellt und zusammengesetzt. Da sie zu Dekorationszwecken verwendet werden, fehlen ihnen die Sicherheitsmerkmale, die ein japanisches Schwert f\u00fcr Trainingszwecke aufweisen muss.<\/p>\n<p>Allerdings ist Ihr <strong>Rambo 2 Signature Dagger<\/strong> zu einer Stahlklinge, die gepflegt werden muss, damit sie nicht mit der Zeit abgenutzt wird. Denn wenn du dein Katana ausstellst, werden deine Freunde neugierig sein, die Klinge zu sehen und sie zu ber\u00fchren. Hier ist Vorsicht geboten, denn Sie sollten wissen, dass die S\u00e4ure der Finger dem Stahl unabh\u00e4ngig von seiner Qualit\u00e4t sehr schadet.<\/p>\n<p>Sollte dies dennoch passieren, keine Panik, Sie brauchen nur ein mit etwas \u00d6l befeuchtetes Tuch und wischen die Fingerabdr\u00fccke ab. Auf diese Weise bleibt Ihr Messer sehr lange erhalten.<\/p>","protected":false},"excerpt":{"rendered":"<p>Replik des Rambo 2-Signaturmessers.<\/p>\n<ul>\n<li>Vorgeschliffene, gezackte Klinge aus rostfreiem Stahl.<\/li>\n<li>Unterschrift \"John Rambo\" von Stallones Hand.<\/li>\n<li>Stahlschutzb\u00fcgel mit zwei Schraubenzieherspitzen.<\/li>\n<li>Metallgriff, der mit einer schwarzen Baumwollkordel umwickelt ist.<\/li>\n<li>Kompass und \u00dcberlebensausr\u00fcstung.<\/li>\n<li>Scheide aus schwarzem Kunstleder.<\/li>\n<li>L\u00e4nge der Klinge: 25 cm - Gesamtl\u00e4nge: 41 cm<\/li>\n<\/ul>","protected":false},"featured_media":27247,"template":"","meta":[],"product_brand":[896],"product_cat":[890,892,24,61],"product_tag":[],"class_list":{"0":"post-27246","1":"product","2":"type-product","3":"status-publish","4":"has-post-thumbnail","6":"product_brand-replique-manga-cine","7":"product_cat-couteaux-de-chasse","8":"product_cat-couteaux-tactical","9":"product_cat-films-series-tv-vente-de-katana-epee-et-produits-derives","10":"product_cat-couteaux-rambo-poignard-john-rambo","12":"first","13":"instock","14":"taxable","15":"shipping-taxable","16":"purchasable","17":"product-type-simple"},"yoast_head":"<!-- This site is optimized with the Yoast SEO plugin v27.5 - https:\/\/yoast.com\/product\/yoast-seo-wordpress\/ -->\n<title>Poignard signature Rambo 2 | R\u00e9plique Manga Cin\u00e9<\/title>\n<meta name=\"description\" content=\"Offrez-vous ce Poignard signature Rambo 2 First Blood Part 2 au meilleur prix, Lame acier pr\u00e9-aff\u00fbt\u00e9e - Signature John Rambo - Fourreau - Longueur : 41 cm\" \/>\n<meta name=\"robots\" content=\"index, follow, max-snippet:-1, max-image-preview:large, max-video-preview:-1\" \/>\n<link rel=\"canonical\" href=\"https:\/\/repliquemangacine.fr\/de\/jagdmesser\/signaturdolch-rambo-2\/\" \/>\n<meta property=\"og:locale\" content=\"de_DE\" \/>\n<meta property=\"og:type\" content=\"article\" \/>\n<meta property=\"og:title\" content=\"Poignard signature Rambo 2 | R\u00e9plique Manga Cin\u00e9\" \/>\n<meta property=\"og:description\" content=\"Offrez-vous ce Poignard signature Rambo 2 First Blood Part 2 au meilleur prix, Lame acier pr\u00e9-aff\u00fbt\u00e9e - Signature John Rambo - Fourreau - Longueur : 41 cm\" \/>\n<meta property=\"og:url\" content=\"https:\/\/repliquemangacine.fr\/de\/jagdmesser\/signaturdolch-rambo-2\/\" \/>\n<meta property=\"og:site_name\" content=\"R\u00e9plique Manga Cin\u00e9\" \/>\n<meta property=\"article:publisher\" content=\"https:\/\/www.facebook.com\/RepliqueMangaCine\" \/>\n<meta property=\"article:modified_time\" content=\"2026-04-29T13:46:31+00:00\" \/>\n<meta property=\"og:image\" content=\"https:\/\/repliquemangacine.fr\/wp-content\/uploads\/2023\/10\/2021-Replique-Poignard-signature-Rambo-First-Blood-Part-II.jpg\" \/>\n\t<meta property=\"og:image:width\" content=\"600\" \/>\n\t<meta property=\"og:image:height\" content=\"600\" \/>\n\t<meta property=\"og:image:type\" content=\"image\/jpeg\" \/>\n<meta name=\"twitter:card\" content=\"summary_large_image\" \/>\n<meta name=\"twitter:label1\" content=\"Gesch\u00e4tzte Lesezeit\" \/>\n\t<meta name=\"twitter:data1\" content=\"3\u00a0Minuten\" \/>\n<script type=\"application\/ld+json\" class=\"yoast-schema-graph\">{\"@context\":\"https:\\\/\\\/schema.org\",\"@graph\":[{\"@type\":\"WebPage\",\"@id\":\"https:\\\/\\\/repliquemangacine.fr\\\/couteaux-de-chasse\\\/poignard-signature-rambo-2\\\/\",\"url\":\"https:\\\/\\\/repliquemangacine.fr\\\/couteaux-de-chasse\\\/poignard-signature-rambo-2\\\/\",\"name\":\"Poignard signature Rambo 2 | R\u00e9plique Manga Cin\u00e9\",\"isPartOf\":{\"@id\":\"https:\\\/\\\/repliquemangacine.fr\\\/#website\"},\"primaryImageOfPage\":{\"@id\":\"https:\\\/\\\/repliquemangacine.fr\\\/couteaux-de-chasse\\\/poignard-signature-rambo-2\\\/#primaryimage\"},\"image\":{\"@id\":\"https:\\\/\\\/repliquemangacine.fr\\\/couteaux-de-chasse\\\/poignard-signature-rambo-2\\\/#primaryimage\"},\"thumbnailUrl\":\"https:\\\/\\\/repliquemangacine.fr\\\/wp-content\\\/uploads\\\/2023\\\/10\\\/2021-Replique-Poignard-signature-Rambo-First-Blood-Part-II.jpg\",\"datePublished\":\"2017-05-20T19:56:22+00:00\",\"dateModified\":\"2026-04-29T13:46:31+00:00\",\"description\":\"Offrez-vous ce Poignard signature Rambo 2 First Blood Part 2 au meilleur prix, Lame acier pr\u00e9-aff\u00fbt\u00e9e - Signature John Rambo - Fourreau - Longueur : 41 cm\",\"breadcrumb\":{\"@id\":\"https:\\\/\\\/repliquemangacine.fr\\\/couteaux-de-chasse\\\/poignard-signature-rambo-2\\\/#breadcrumb\"},\"inLanguage\":\"de\",\"potentialAction\":[{\"@type\":\"ReadAction\",\"target\":[\"https:\\\/\\\/repliquemangacine.fr\\\/couteaux-de-chasse\\\/poignard-signature-rambo-2\\\/\"]}]},{\"@type\":\"ImageObject\",\"inLanguage\":\"de\",\"@id\":\"https:\\\/\\\/repliquemangacine.fr\\\/couteaux-de-chasse\\\/poignard-signature-rambo-2\\\/#primaryimage\",\"url\":\"https:\\\/\\\/repliquemangacine.fr\\\/wp-content\\\/uploads\\\/2023\\\/10\\\/2021-Replique-Poignard-signature-Rambo-First-Blood-Part-II.jpg\",\"contentUrl\":\"https:\\\/\\\/repliquemangacine.fr\\\/wp-content\\\/uploads\\\/2023\\\/10\\\/2021-Replique-Poignard-signature-Rambo-First-Blood-Part-II.jpg\",\"width\":600,\"height\":600,\"caption\":\"R\u00e9plique Poignard signature Rambo First Blood Part II\"},{\"@type\":\"BreadcrumbList\",\"@id\":\"https:\\\/\\\/repliquemangacine.fr\\\/couteaux-de-chasse\\\/poignard-signature-rambo-2\\\/#breadcrumb\",\"itemListElement\":[{\"@type\":\"ListItem\",\"position\":1,\"name\":\"Accueil\",\"item\":\"https:\\\/\\\/repliquemangacine.fr\\\/\"},{\"@type\":\"ListItem\",\"position\":2,\"name\":\"Produits\",\"item\":\"https:\\\/\\\/repliquemangacine.fr\\\/boutique\\\/\"},{\"@type\":\"ListItem\",\"position\":3,\"name\":\"Poignard signature Rambo First Blood Part II\"}]},{\"@type\":\"WebSite\",\"@id\":\"https:\\\/\\\/repliquemangacine.fr\\\/#website\",\"url\":\"https:\\\/\\\/repliquemangacine.fr\\\/\",\"name\":\"R\u00e9plique Manga Cin\u00e9\",\"description\":\"\",\"publisher\":{\"@id\":\"https:\\\/\\\/repliquemangacine.fr\\\/#organization\"},\"potentialAction\":[{\"@type\":\"SearchAction\",\"target\":{\"@type\":\"EntryPoint\",\"urlTemplate\":\"https:\\\/\\\/repliquemangacine.fr\\\/?s={search_term_string}\"},\"query-input\":{\"@type\":\"PropertyValueSpecification\",\"valueRequired\":true,\"valueName\":\"search_term_string\"}}],\"inLanguage\":\"de\"},{\"@type\":\"Organization\",\"@id\":\"https:\\\/\\\/repliquemangacine.fr\\\/#organization\",\"name\":\"R\u00e9plique Manga Cin\u00e9\",\"url\":\"https:\\\/\\\/repliquemangacine.fr\\\/\",\"logo\":{\"@type\":\"ImageObject\",\"inLanguage\":\"de\",\"@id\":\"https:\\\/\\\/repliquemangacine.fr\\\/#\\\/schema\\\/logo\\\/image\\\/\",\"url\":\"https:\\\/\\\/repliquemangacine.fr\\\/wp-content\\\/uploads\\\/2023\\\/10\\\/RMC-500250.png\",\"contentUrl\":\"https:\\\/\\\/repliquemangacine.fr\\\/wp-content\\\/uploads\\\/2023\\\/10\\\/RMC-500250.png\",\"width\":500,\"height\":250,\"caption\":\"R\u00e9plique Manga Cin\u00e9\"},\"image\":{\"@id\":\"https:\\\/\\\/repliquemangacine.fr\\\/#\\\/schema\\\/logo\\\/image\\\/\"},\"sameAs\":[\"https:\\\/\\\/www.facebook.com\\\/RepliqueMangaCine\",\"https:\\\/\\\/www.instagram.com\\\/repliquemangacine.fr\\\/\"]}]}<\/script>\n<!-- \/ Yoast SEO plugin. -->","yoast_head_json":{"title":"Rambo 2 Signature Dagger | R\u00e9plique Manga Cin\u00e9","description":"G\u00f6nnen Sie sich diesen Signature Dagger Rambo 2 First Blood Part 2 zum besten Preis, Vorgesch\u00e4rfte Stahlklinge - Signature John Rambo - Scheide - L\u00e4nge: 41 cm","robots":{"index":"index","follow":"follow","max-snippet":"max-snippet:-1","max-image-preview":"max-image-preview:large","max-video-preview":"max-video-preview:-1"},"canonical":"https:\/\/repliquemangacine.fr\/de\/jagdmesser\/signaturdolch-rambo-2\/","og_locale":"de_DE","og_type":"article","og_title":"Poignard signature Rambo 2 | R\u00e9plique Manga Cin\u00e9","og_description":"Offrez-vous ce Poignard signature Rambo 2 First Blood Part 2 au meilleur prix, Lame acier pr\u00e9-aff\u00fbt\u00e9e - Signature John Rambo - Fourreau - Longueur : 41 cm","og_url":"https:\/\/repliquemangacine.fr\/de\/jagdmesser\/signaturdolch-rambo-2\/","og_site_name":"R\u00e9plique Manga Cin\u00e9","article_publisher":"https:\/\/www.facebook.com\/RepliqueMangaCine","article_modified_time":"2026-04-29T13:46:31+00:00","og_image":[{"width":600,"height":600,"url":"https:\/\/repliquemangacine.fr\/wp-content\/uploads\/2023\/10\/2021-Replique-Poignard-signature-Rambo-First-Blood-Part-II.jpg","type":"image\/jpeg"}],"twitter_card":"summary_large_image","twitter_misc":{"Gesch\u00e4tzte Lesezeit":"3\u00a0Minuten"},"schema":{"@context":"https:\/\/schema.org","@graph":[{"@type":"WebPage","@id":"https:\/\/repliquemangacine.fr\/couteaux-de-chasse\/poignard-signature-rambo-2\/","url":"https:\/\/repliquemangacine.fr\/couteaux-de-chasse\/poignard-signature-rambo-2\/","name":"Rambo 2 Signature Dagger | R\u00e9plique Manga Cin\u00e9","isPartOf":{"@id":"https:\/\/repliquemangacine.fr\/#website"},"primaryImageOfPage":{"@id":"https:\/\/repliquemangacine.fr\/couteaux-de-chasse\/poignard-signature-rambo-2\/#primaryimage"},"image":{"@id":"https:\/\/repliquemangacine.fr\/couteaux-de-chasse\/poignard-signature-rambo-2\/#primaryimage"},"thumbnailUrl":"https:\/\/repliquemangacine.fr\/wp-content\/uploads\/2023\/10\/2021-Replique-Poignard-signature-Rambo-First-Blood-Part-II.jpg","datePublished":"2017-05-20T19:56:22+00:00","dateModified":"2026-04-29T13:46:31+00:00","description":"G\u00f6nnen Sie sich diesen Signature Dagger Rambo 2 First Blood Part 2 zum besten Preis, Vorgesch\u00e4rfte Stahlklinge - Signature John Rambo - Scheide - L\u00e4nge: 41 cm","breadcrumb":{"@id":"https:\/\/repliquemangacine.fr\/couteaux-de-chasse\/poignard-signature-rambo-2\/#breadcrumb"},"inLanguage":"de","potentialAction":[{"@type":"ReadAction","target":["https:\/\/repliquemangacine.fr\/couteaux-de-chasse\/poignard-signature-rambo-2\/"]}]},{"@type":"ImageObject","inLanguage":"de","@id":"https:\/\/repliquemangacine.fr\/couteaux-de-chasse\/poignard-signature-rambo-2\/#primaryimage","url":"https:\/\/repliquemangacine.fr\/wp-content\/uploads\/2023\/10\/2021-Replique-Poignard-signature-Rambo-First-Blood-Part-II.jpg","contentUrl":"https:\/\/repliquemangacine.fr\/wp-content\/uploads\/2023\/10\/2021-Replique-Poignard-signature-Rambo-First-Blood-Part-II.jpg","width":600,"height":600,"caption":"R\u00e9plique Poignard signature Rambo First Blood Part II"},{"@type":"BreadcrumbList","@id":"https:\/\/repliquemangacine.fr\/couteaux-de-chasse\/poignard-signature-rambo-2\/#breadcrumb","itemListElement":[{"@type":"ListItem","position":1,"name":"Accueil","item":"https:\/\/repliquemangacine.fr\/"},{"@type":"ListItem","position":2,"name":"Produits","item":"https:\/\/repliquemangacine.fr\/boutique\/"},{"@type":"ListItem","position":3,"name":"Poignard signature Rambo First Blood Part II"}]},{"@type":"WebSite","@id":"https:\/\/repliquemangacine.fr\/#website","url":"https:\/\/repliquemangacine.fr\/","name":"R\u00e9plique Manga Cin\u00e9","description":"","publisher":{"@id":"https:\/\/repliquemangacine.fr\/#organization"},"potentialAction":[{"@type":"SearchAction","target":{"@type":"EntryPoint","urlTemplate":"https:\/\/repliquemangacine.fr\/?s={search_term_string}"},"query-input":{"@type":"PropertyValueSpecification","valueRequired":true,"valueName":"search_term_string"}}],"inLanguage":"de"},{"@type":"Organization","@id":"https:\/\/repliquemangacine.fr\/#organization","name":"R\u00e9plique Manga Cin\u00e9","url":"https:\/\/repliquemangacine.fr\/","logo":{"@type":"ImageObject","inLanguage":"de","@id":"https:\/\/repliquemangacine.fr\/#\/schema\/logo\/image\/","url":"https:\/\/repliquemangacine.fr\/wp-content\/uploads\/2023\/10\/RMC-500250.png","contentUrl":"https:\/\/repliquemangacine.fr\/wp-content\/uploads\/2023\/10\/RMC-500250.png","width":500,"height":250,"caption":"R\u00e9plique Manga Cin\u00e9"},"image":{"@id":"https:\/\/repliquemangacine.fr\/#\/schema\/logo\/image\/"},"sameAs":["https:\/\/www.facebook.com\/RepliqueMangaCine","https:\/\/www.instagram.com\/repliquemangacine.fr\/"]}]}},"_links":{"self":[{"href":"https:\/\/repliquemangacine.fr\/de\/wp-json\/wp\/v2\/product\/27246","targetHints":{"allow":["GET"]}}],"collection":[{"href":"https:\/\/repliquemangacine.fr\/de\/wp-json\/wp\/v2\/product"}],"about":[{"href":"https:\/\/repliquemangacine.fr\/de\/wp-json\/wp\/v2\/types\/product"}],"wp:featuredmedia":[{"embeddable":true,"href":"https:\/\/repliquemangacine.fr\/de\/wp-json\/wp\/v2\/media\/27247"}],"wp:attachment":[{"href":"https:\/\/repliquemangacine.fr\/de\/wp-json\/wp\/v2\/media?parent=27246"}],"wp:term":[{"taxonomy":"product_brand","embeddable":true,"href":"https:\/\/repliquemangacine.fr\/de\/wp-json\/wp\/v2\/product_brand?post=27246"},{"taxonomy":"product_cat","embeddable":true,"href":"https:\/\/repliquemangacine.fr\/de\/wp-json\/wp\/v2\/product_cat?post=27246"},{"taxonomy":"product_tag","embeddable":true,"href":"https:\/\/repliquemangacine.fr\/de\/wp-json\/wp\/v2\/product_tag?post=27246"}],"curies":[{"name":"wp","href":"https:\/\/api.w.org\/{rel}","templated":true}]}}