





{"id":27237,"date":"2017-05-20T19:15:56","date_gmt":"2017-05-20T17:15:56","guid":{"rendered":"https:\/\/repliquemangacine.fr\/?post_type=product&#038;p=27237"},"modified":"2025-09-23T18:01:54","modified_gmt":"2025-09-23T16:01:54","slug":"wolverines-krallen-x-men","status":"publish","type":"product","link":"https:\/\/repliquemangacine.fr\/de\/epees-et-dagues-fantasy\/griffes-de-wolverine-x-men\/","title":{"rendered":"Wolverine X-Men-Krallen"},"content":{"rendered":"<h2>Krallen von Wolverine X-Men aus dem Marvel-Universum.<\/h2>\n<p>Zu Beginn besitzt Logan ein Paar von drei <strong>Wolverine X-Men-Krallen<\/strong> in jedem Unterarm, die zwischen den einzelnen Fingergliedern hervortreten. Sie wurden chirurgisch mit einem nahezu unzerst\u00f6rbaren metallischen Adamantium verbunden.<\/p>\n<p>Logan, alias <a href=\"https:\/\/xmen.fandom.com\/fr\/wiki\/Logan_\/_Wolverine\" target=\"_blank\" rel=\"noopener noreferrer\">Wolverine<\/a> ist ein Superheld aus dem Marvel-Universum des Verlags Marvel Comics. Sein eigentlicher Name ist James Howlett, aber da er nach verschiedenen Traumata seine Vergangenheit vergessen hat, nennt er sich Logan.<\/p>\n<p>Wolverines gr\u00f6\u00dftes Talent ist sein \"Heilungsfaktor\". Tats\u00e4chlich kann Logan alle k\u00f6rperlichen und geistigen Sch\u00e4den, die er selbst erleidet, sofort heilen und regenerieren.<br \/>\nEr verf\u00fcgt \u00fcber \u00fcbermenschliche St\u00e4rke, Beweglichkeit, Haltbarkeit und Geschwindigkeit.<\/p>\n<p>Wolverine ist eines der wichtigsten Mitglieder der X-Men f\u00fcr Marvel.<\/p>\n<h2>Ihre Wolverine X-Men Krallen zum besten Preis.<\/h2>\n<p>Wir bieten Ihnen eine gro\u00dfe Auswahl an Repliken Ihrer liebsten Superhelden.<\/p>\n<p>Zun\u00e4chst<\/p>\n<ul>\n<li>Die <a href=\"https:\/\/repliquemangacine.fr\/de\/superheld\/katana-hawkeye-ronin-avengers-endgame\/\">Katana Hawkeye Ronin<\/a> in Avengers Endgame mit seiner geraden Stahlklinge, die an f\u00fcnf Stellen durchbrochen ist.<\/li>\n<li>Anschlie\u00dfend die<a href=\"https:\/\/repliquemangacine.fr\/de\/superheld\/schwert-athena-wonder-woman-justice-league\/\">Schwert Athena<\/a> die von Wonder Woman in Justice League verwendet wird.<\/li>\n<li>Es gibt auch die <a href=\"https:\/\/repliquemangacine.fr\/de\/superheld\/harley-quinn-baseballschlager\/\">Harley Quinns Baseballschl\u00e4ger<\/a> mit seinen Inschriften, unter offizieller Suicide Squad-Lizenz vertrieben von Noble Collection.<\/li>\n<li>Und viele andere, die es in unserem Online-Shop zu entdecken gibt!<\/li>\n<\/ul>\n<p>Deshalb gibt es hier tolle Geschenkideen f\u00fcr alle, die das Marvel-Universum lieben.<\/p>\n<p>Abschlie\u00dfend k\u00f6nnen Sie die <strong>Wolverine X-Men-Krallen<\/strong> bei Ihren Cosplay-Paraden. Vor allem aber sind sie Sammler- und Dekorationsobjekte.<\/p>\n<h2>Wie pflegt man die Klinge seiner Marvel-Dolche?<\/h2>\n<p>Sammlungs- und Dekorationsdolche werden auf vereinfachte Weise hergestellt und zusammengebaut. Da sie zu Dekorationszwecken verwendet werden, fehlen ihnen die Sicherheitsmerkmale, die ein japanisches Schwert f\u00fcr Trainingszwecke aufweisen muss.<\/p>\n<p>Allerdings sind Ihre <strong>Wolverine X-Men-Krallen<\/strong> zu einer Stahlklinge, die gepflegt werden muss, damit sie nicht mit der Zeit abgenutzt wird. Denn wenn du dein Katana ausstellst, werden deine Freunde neugierig sein, die Klinge zu sehen und sie zu ber\u00fchren. Hier ist Vorsicht geboten, denn Sie sollten wissen, dass die S\u00e4ure der Finger dem Stahl unabh\u00e4ngig von seiner Qualit\u00e4t sehr schadet.<\/p>\n<p>Wenn dies jedoch passiert, keine Panik, Sie brauchen nur ein Tuch, das mit etwas \u00d6l befeuchtet ist, und wischen die Fingerabdr\u00fccke ab. Wenn Sie dies tun, werden Sie Ihr Schwert sehr lange behalten.<\/p>","protected":false},"excerpt":{"rendered":"<p>Replik der Wolverine X-Men-Krallen, die von Logan benutzt werden.<\/p>\n<ul>\n<li>Sie besteht aus 3 Klingen aus rostfreiem Stahl.<\/li>\n<li>Vorgesch\u00e4rfte, nicht scharfe Klingen.<\/li>\n<li>Griff bestehend aus 2 schwarzen ABS-Platten.<\/li>\n<li>L\u00e4nge jeder Klinge: 29 cm<\/li>\n<\/ul>","protected":false},"featured_media":27238,"template":"","meta":[],"product_brand":[896],"product_cat":[66,44,24,26,59],"product_tag":[],"class_list":{"0":"post-27237","1":"product","2":"type-product","3":"status-publish","4":"has-post-thumbnail","6":"product_brand-replique-manga-cine","7":"product_cat-repliques-d-armes-films-et-series","8":"product_cat-epees-et-dagues-fantasy","9":"product_cat-films-series-tv-vente-de-katana-epee-et-produits-derives","10":"product_cat-katana-epee","11":"product_cat-super-heros-marvel","13":"first","14":"outofstock","15":"taxable","16":"shipping-taxable","17":"purchasable","18":"product-type-simple"},"yoast_head":"<!-- This site is optimized with the Yoast SEO plugin v27.5 - https:\/\/yoast.com\/product\/yoast-seo-wordpress\/ -->\n<title>Griffes de Wolverine X-Men - Marvel - R\u00e9plique Manga Cin\u00e9<\/title>\n<meta name=\"description\" content=\"Offrez-vous les Griffes de Wolverine X-Men au meilleur prix. Lame acier inoxydable - Poign\u00e9e en ABS - Longueur des lames : 29 cm - Haute Qualit\u00e9\" \/>\n<meta name=\"robots\" content=\"index, follow, max-snippet:-1, max-image-preview:large, max-video-preview:-1\" \/>\n<link rel=\"canonical\" href=\"https:\/\/repliquemangacine.fr\/de\/repliken-von-waffen-filme-und-serien\/wolverines-krallen-x-men\/\" \/>\n<meta property=\"og:locale\" content=\"de_DE\" \/>\n<meta property=\"og:type\" content=\"article\" \/>\n<meta property=\"og:title\" content=\"Griffes de Wolverine X-Men - Marvel - R\u00e9plique Manga Cin\u00e9\" \/>\n<meta property=\"og:description\" content=\"Offrez-vous les Griffes de Wolverine X-Men au meilleur prix. Lame acier inoxydable - Poign\u00e9e en ABS - Longueur des lames : 29 cm - Haute Qualit\u00e9\" \/>\n<meta property=\"og:url\" content=\"https:\/\/repliquemangacine.fr\/de\/repliken-von-waffen-filme-und-serien\/wolverines-krallen-x-men\/\" \/>\n<meta property=\"og:site_name\" content=\"R\u00e9plique Manga Cin\u00e9\" \/>\n<meta property=\"article:publisher\" content=\"https:\/\/www.facebook.com\/RepliqueMangaCine\" \/>\n<meta property=\"article:modified_time\" content=\"2025-09-23T16:01:54+00:00\" \/>\n<meta property=\"og:image\" content=\"https:\/\/repliquemangacine.fr\/wp-content\/uploads\/2023\/10\/2015-X-Men-Griffes-de-Wolverine-replique.jpg\" \/>\n\t<meta property=\"og:image:width\" content=\"600\" \/>\n\t<meta property=\"og:image:height\" content=\"600\" \/>\n\t<meta property=\"og:image:type\" content=\"image\/jpeg\" \/>\n<meta name=\"twitter:card\" content=\"summary_large_image\" \/>\n<meta name=\"twitter:label1\" content=\"Gesch\u00e4tzte Lesezeit\" \/>\n\t<meta name=\"twitter:data1\" content=\"2\u00a0Minuten\" \/>\n<script type=\"application\/ld+json\" class=\"yoast-schema-graph\">{\"@context\":\"https:\\\/\\\/schema.org\",\"@graph\":[{\"@type\":\"WebPage\",\"@id\":\"https:\\\/\\\/repliquemangacine.fr\\\/repliques-d-armes-films-et-series\\\/griffes-de-wolverine-x-men\\\/\",\"url\":\"https:\\\/\\\/repliquemangacine.fr\\\/repliques-d-armes-films-et-series\\\/griffes-de-wolverine-x-men\\\/\",\"name\":\"Griffes de Wolverine X-Men - Marvel - R\u00e9plique Manga Cin\u00e9\",\"isPartOf\":{\"@id\":\"https:\\\/\\\/repliquemangacine.fr\\\/#website\"},\"primaryImageOfPage\":{\"@id\":\"https:\\\/\\\/repliquemangacine.fr\\\/repliques-d-armes-films-et-series\\\/griffes-de-wolverine-x-men\\\/#primaryimage\"},\"image\":{\"@id\":\"https:\\\/\\\/repliquemangacine.fr\\\/repliques-d-armes-films-et-series\\\/griffes-de-wolverine-x-men\\\/#primaryimage\"},\"thumbnailUrl\":\"https:\\\/\\\/repliquemangacine.fr\\\/wp-content\\\/uploads\\\/2023\\\/10\\\/2015-X-Men-Griffes-de-Wolverine-replique.jpg\",\"datePublished\":\"2017-05-20T17:15:56+00:00\",\"dateModified\":\"2025-09-23T16:01:54+00:00\",\"description\":\"Offrez-vous les Griffes de Wolverine X-Men au meilleur prix. Lame acier inoxydable - Poign\u00e9e en ABS - Longueur des lames : 29 cm - Haute Qualit\u00e9\",\"breadcrumb\":{\"@id\":\"https:\\\/\\\/repliquemangacine.fr\\\/repliques-d-armes-films-et-series\\\/griffes-de-wolverine-x-men\\\/#breadcrumb\"},\"inLanguage\":\"de\",\"potentialAction\":[{\"@type\":\"ReadAction\",\"target\":[\"https:\\\/\\\/repliquemangacine.fr\\\/repliques-d-armes-films-et-series\\\/griffes-de-wolverine-x-men\\\/\"]}]},{\"@type\":\"ImageObject\",\"inLanguage\":\"de\",\"@id\":\"https:\\\/\\\/repliquemangacine.fr\\\/repliques-d-armes-films-et-series\\\/griffes-de-wolverine-x-men\\\/#primaryimage\",\"url\":\"https:\\\/\\\/repliquemangacine.fr\\\/wp-content\\\/uploads\\\/2023\\\/10\\\/2015-X-Men-Griffes-de-Wolverine-replique.jpg\",\"contentUrl\":\"https:\\\/\\\/repliquemangacine.fr\\\/wp-content\\\/uploads\\\/2023\\\/10\\\/2015-X-Men-Griffes-de-Wolverine-replique.jpg\",\"width\":600,\"height\":600,\"caption\":\"X-Men - Griffes de Wolverine (r\u00e9plique)\"},{\"@type\":\"BreadcrumbList\",\"@id\":\"https:\\\/\\\/repliquemangacine.fr\\\/repliques-d-armes-films-et-series\\\/griffes-de-wolverine-x-men\\\/#breadcrumb\",\"itemListElement\":[{\"@type\":\"ListItem\",\"position\":1,\"name\":\"Accueil\",\"item\":\"https:\\\/\\\/repliquemangacine.fr\\\/\"},{\"@type\":\"ListItem\",\"position\":2,\"name\":\"Produits\",\"item\":\"https:\\\/\\\/repliquemangacine.fr\\\/boutique\\\/\"},{\"@type\":\"ListItem\",\"position\":3,\"name\":\"Griffes de Wolverine X-Men\"}]},{\"@type\":\"WebSite\",\"@id\":\"https:\\\/\\\/repliquemangacine.fr\\\/#website\",\"url\":\"https:\\\/\\\/repliquemangacine.fr\\\/\",\"name\":\"R\u00e9plique Manga Cin\u00e9\",\"description\":\"\",\"publisher\":{\"@id\":\"https:\\\/\\\/repliquemangacine.fr\\\/#organization\"},\"potentialAction\":[{\"@type\":\"SearchAction\",\"target\":{\"@type\":\"EntryPoint\",\"urlTemplate\":\"https:\\\/\\\/repliquemangacine.fr\\\/?s={search_term_string}\"},\"query-input\":{\"@type\":\"PropertyValueSpecification\",\"valueRequired\":true,\"valueName\":\"search_term_string\"}}],\"inLanguage\":\"de\"},{\"@type\":\"Organization\",\"@id\":\"https:\\\/\\\/repliquemangacine.fr\\\/#organization\",\"name\":\"R\u00e9plique Manga Cin\u00e9\",\"url\":\"https:\\\/\\\/repliquemangacine.fr\\\/\",\"logo\":{\"@type\":\"ImageObject\",\"inLanguage\":\"de\",\"@id\":\"https:\\\/\\\/repliquemangacine.fr\\\/#\\\/schema\\\/logo\\\/image\\\/\",\"url\":\"https:\\\/\\\/repliquemangacine.fr\\\/wp-content\\\/uploads\\\/2023\\\/10\\\/RMC-500250.png\",\"contentUrl\":\"https:\\\/\\\/repliquemangacine.fr\\\/wp-content\\\/uploads\\\/2023\\\/10\\\/RMC-500250.png\",\"width\":500,\"height\":250,\"caption\":\"R\u00e9plique Manga Cin\u00e9\"},\"image\":{\"@id\":\"https:\\\/\\\/repliquemangacine.fr\\\/#\\\/schema\\\/logo\\\/image\\\/\"},\"sameAs\":[\"https:\\\/\\\/www.facebook.com\\\/RepliqueMangaCine\",\"https:\\\/\\\/www.instagram.com\\\/repliquemangacine.fr\\\/\"]}]}<\/script>\n<!-- \/ Yoast SEO plugin. -->","yoast_head_json":{"title":"Wolverine X-Men Krallen - Marvel - R\u00e9plique Manga Cin\u00e9","description":"G\u00f6nnen Sie sich die Wolverine X-Men Krallen zum besten Preis. Klinge aus rostfreiem Stahl - Griff aus ABS - Klingenl\u00e4nge: 29 cm - Hohe Qualit\u00e4t","robots":{"index":"index","follow":"follow","max-snippet":"max-snippet:-1","max-image-preview":"max-image-preview:large","max-video-preview":"max-video-preview:-1"},"canonical":"https:\/\/repliquemangacine.fr\/de\/repliken-von-waffen-filme-und-serien\/wolverines-krallen-x-men\/","og_locale":"de_DE","og_type":"article","og_title":"Griffes de Wolverine X-Men - Marvel - R\u00e9plique Manga Cin\u00e9","og_description":"Offrez-vous les Griffes de Wolverine X-Men au meilleur prix. Lame acier inoxydable - Poign\u00e9e en ABS - Longueur des lames : 29 cm - Haute Qualit\u00e9","og_url":"https:\/\/repliquemangacine.fr\/de\/repliken-von-waffen-filme-und-serien\/wolverines-krallen-x-men\/","og_site_name":"R\u00e9plique Manga Cin\u00e9","article_publisher":"https:\/\/www.facebook.com\/RepliqueMangaCine","article_modified_time":"2025-09-23T16:01:54+00:00","og_image":[{"width":600,"height":600,"url":"https:\/\/repliquemangacine.fr\/wp-content\/uploads\/2023\/10\/2015-X-Men-Griffes-de-Wolverine-replique.jpg","type":"image\/jpeg"}],"twitter_card":"summary_large_image","twitter_misc":{"Gesch\u00e4tzte Lesezeit":"2\u00a0Minuten"},"schema":{"@context":"https:\/\/schema.org","@graph":[{"@type":"WebPage","@id":"https:\/\/repliquemangacine.fr\/repliques-d-armes-films-et-series\/griffes-de-wolverine-x-men\/","url":"https:\/\/repliquemangacine.fr\/repliques-d-armes-films-et-series\/griffes-de-wolverine-x-men\/","name":"Wolverine X-Men Krallen - Marvel - R\u00e9plique Manga Cin\u00e9","isPartOf":{"@id":"https:\/\/repliquemangacine.fr\/#website"},"primaryImageOfPage":{"@id":"https:\/\/repliquemangacine.fr\/repliques-d-armes-films-et-series\/griffes-de-wolverine-x-men\/#primaryimage"},"image":{"@id":"https:\/\/repliquemangacine.fr\/repliques-d-armes-films-et-series\/griffes-de-wolverine-x-men\/#primaryimage"},"thumbnailUrl":"https:\/\/repliquemangacine.fr\/wp-content\/uploads\/2023\/10\/2015-X-Men-Griffes-de-Wolverine-replique.jpg","datePublished":"2017-05-20T17:15:56+00:00","dateModified":"2025-09-23T16:01:54+00:00","description":"G\u00f6nnen Sie sich die Wolverine X-Men Krallen zum besten Preis. Klinge aus rostfreiem Stahl - Griff aus ABS - Klingenl\u00e4nge: 29 cm - Hohe Qualit\u00e4t","breadcrumb":{"@id":"https:\/\/repliquemangacine.fr\/repliques-d-armes-films-et-series\/griffes-de-wolverine-x-men\/#breadcrumb"},"inLanguage":"de","potentialAction":[{"@type":"ReadAction","target":["https:\/\/repliquemangacine.fr\/repliques-d-armes-films-et-series\/griffes-de-wolverine-x-men\/"]}]},{"@type":"ImageObject","inLanguage":"de","@id":"https:\/\/repliquemangacine.fr\/repliques-d-armes-films-et-series\/griffes-de-wolverine-x-men\/#primaryimage","url":"https:\/\/repliquemangacine.fr\/wp-content\/uploads\/2023\/10\/2015-X-Men-Griffes-de-Wolverine-replique.jpg","contentUrl":"https:\/\/repliquemangacine.fr\/wp-content\/uploads\/2023\/10\/2015-X-Men-Griffes-de-Wolverine-replique.jpg","width":600,"height":600,"caption":"X-Men - Griffes de Wolverine (r\u00e9plique)"},{"@type":"BreadcrumbList","@id":"https:\/\/repliquemangacine.fr\/repliques-d-armes-films-et-series\/griffes-de-wolverine-x-men\/#breadcrumb","itemListElement":[{"@type":"ListItem","position":1,"name":"Accueil","item":"https:\/\/repliquemangacine.fr\/"},{"@type":"ListItem","position":2,"name":"Produits","item":"https:\/\/repliquemangacine.fr\/boutique\/"},{"@type":"ListItem","position":3,"name":"Griffes de Wolverine X-Men"}]},{"@type":"WebSite","@id":"https:\/\/repliquemangacine.fr\/#website","url":"https:\/\/repliquemangacine.fr\/","name":"R\u00e9plique Manga Cin\u00e9","description":"","publisher":{"@id":"https:\/\/repliquemangacine.fr\/#organization"},"potentialAction":[{"@type":"SearchAction","target":{"@type":"EntryPoint","urlTemplate":"https:\/\/repliquemangacine.fr\/?s={search_term_string}"},"query-input":{"@type":"PropertyValueSpecification","valueRequired":true,"valueName":"search_term_string"}}],"inLanguage":"de"},{"@type":"Organization","@id":"https:\/\/repliquemangacine.fr\/#organization","name":"R\u00e9plique Manga Cin\u00e9","url":"https:\/\/repliquemangacine.fr\/","logo":{"@type":"ImageObject","inLanguage":"de","@id":"https:\/\/repliquemangacine.fr\/#\/schema\/logo\/image\/","url":"https:\/\/repliquemangacine.fr\/wp-content\/uploads\/2023\/10\/RMC-500250.png","contentUrl":"https:\/\/repliquemangacine.fr\/wp-content\/uploads\/2023\/10\/RMC-500250.png","width":500,"height":250,"caption":"R\u00e9plique Manga Cin\u00e9"},"image":{"@id":"https:\/\/repliquemangacine.fr\/#\/schema\/logo\/image\/"},"sameAs":["https:\/\/www.facebook.com\/RepliqueMangaCine","https:\/\/www.instagram.com\/repliquemangacine.fr\/"]}]}},"_links":{"self":[{"href":"https:\/\/repliquemangacine.fr\/de\/wp-json\/wp\/v2\/product\/27237","targetHints":{"allow":["GET"]}}],"collection":[{"href":"https:\/\/repliquemangacine.fr\/de\/wp-json\/wp\/v2\/product"}],"about":[{"href":"https:\/\/repliquemangacine.fr\/de\/wp-json\/wp\/v2\/types\/product"}],"wp:featuredmedia":[{"embeddable":true,"href":"https:\/\/repliquemangacine.fr\/de\/wp-json\/wp\/v2\/media\/27238"}],"wp:attachment":[{"href":"https:\/\/repliquemangacine.fr\/de\/wp-json\/wp\/v2\/media?parent=27237"}],"wp:term":[{"taxonomy":"product_brand","embeddable":true,"href":"https:\/\/repliquemangacine.fr\/de\/wp-json\/wp\/v2\/product_brand?post=27237"},{"taxonomy":"product_cat","embeddable":true,"href":"https:\/\/repliquemangacine.fr\/de\/wp-json\/wp\/v2\/product_cat?post=27237"},{"taxonomy":"product_tag","embeddable":true,"href":"https:\/\/repliquemangacine.fr\/de\/wp-json\/wp\/v2\/product_tag?post=27237"}],"curies":[{"name":"wp","href":"https:\/\/api.w.org\/{rel}","templated":true}]}}