





{"id":27230,"date":"2017-05-20T18:28:52","date_gmt":"2017-05-20T16:28:52","guid":{"rendered":"https:\/\/repliquemangacine.fr\/?post_type=product&#038;p=27230"},"modified":"2026-03-25T22:18:17","modified_gmt":"2026-03-25T21:18:17","slug":"thor-hammer-mjoellnir-replik-hammer-marvel","status":"publish","type":"product","link":"https:\/\/repliquemangacine.fr\/de\/super-heros-marvel\/marteau-de-thor-mjoellnir-replique-marteau-marvel\/","title":{"rendered":"Thors Hammer"},"content":{"rendered":"<h2>Replik von Thors Hammer aus dem Marvel-Universum.<\/h2>\n<p>Zu Beginn wird der <strong>Thors Hammer<\/strong> Mjolnir, m\u00e4chtiger verzauberter Kriegshammer, der von den Zwergen f\u00fcr die asgardische K\u00f6nigsfamilie geschmiedet wurde.<\/p>\n<p>Thor wurde der m\u00e4chtige Hammer Mjolnir anvertraut, der \"aus dem Herzen eines sterbenden Sterns geschmiedet\" wurde. Thors mystischer Hammer Mj\u00f8lnir \u00e4hnelt eher einem Holzhammer als einem Kriegshammer.<\/p>\n<p>Als Steve Rogers schwang <a href=\"https:\/\/universcinematographiquemarvel.fandom.com\/fr\/wiki\/Mj\u00f8lnir#Capacit\u00e9s\" target=\"_blank\" rel=\"noopener noreferrer\">Mj\u00f8lnir<\/a>Dadurch wurden seine k\u00f6rperlichen F\u00e4higkeiten wie St\u00e4rke und Haltbarkeit erheblich verbessert, sodass er als gleichwertiger Gegner gegen Thanos antreten konnte.<\/p>\n<p>Durch seine Verwendung hat Rogers n\u00e4mlich die F\u00e4higkeit erlangt, Blitze aus dem umgebenden Horizont zu beschw\u00f6ren. Au\u00dferdem kann Mj\u00f8lnir Umweltelektrizit\u00e4t aus der umgebenden Atmosph\u00e4re ziehen und sie auf ein bestimmtes Ziel umleiten.<\/p>\n<h2>Ihr Mjolnir-Hammer zum besten Preis.<\/h2>\n<p>Wir bieten Ihnen eine gro\u00dfe Auswahl an Repliken aus dem Marvel-Universum.<\/p>\n<p>Zun\u00e4chst einmal,<\/p>\n<ul>\n<li>Die lebensgro\u00dfe Nachbildung des <a href=\"https:\/\/repliquemangacine.fr\/de\/superheld\/stormbreaker-hache-marteau-de-thor\/\">Stormbreaker<\/a> (Hammeraxt), die Thor im Film Avengers, Infinity War verwendet.<\/li>\n<li>Es gibt auch die <a href=\"https:\/\/repliquemangacine.fr\/de\/superheld\/der-stock-von-joker-suicide-squad\/\">Joker Stock<\/a> in Suicide Squad mit seinen Strasssteinen am Griff.<\/li>\n<li>Und auch die Schl\u00fcsselanh\u00e4nger-Replik von Dr. Strange, dem<a href=\"https:\/\/repliquemangacine.fr\/de\/superheld\/schlusselanhanger-augen-dagamotto-dr-strange\/\">Agamottos Auge<\/a> in Avengers.<\/li>\n<li>Und viele andere, die es in unserem Online-Shop zu entdecken gibt!<\/li>\n<\/ul>\n<p>Deshalb hier eine tolle Geschenkidee f\u00fcr alle Fans von Marvels Superhelden<\/p>\n<p>Abschlie\u00dfend k\u00f6nnen Sie den <strong>Thors Hammer<\/strong> Mjolnir bei Ihren Cosplay-Paraden. In erster Linie ist er jedoch ein Sammler- und Dekorationsst\u00fcck.<\/p>\n<h2>Wie werden unsere Marvel Avengers-Merchandise-Artikel hergestellt?<\/h2>\n<p>Zun\u00e4chst einmal sind alle unsere Produkte von hoher Qualit\u00e4t und werden mit besonderer Sorgfalt hergestellt. Die Herstellung erfolgt zum Teil von Hand, um jedes noch so kleine Detail zu reproduzieren. Gr\u00f6\u00dfere Teile werden von pr\u00e4zisen Maschinen bearbeitet. Die Gravuren werden in der Regel mit einer Diamantspitze oder einem Laser ausgef\u00fchrt.<\/p>\n<p>Ihre <strong>Thors Hammer<\/strong> wurde hergestellt, um jedes Detail genau zu reproduzieren. Vollst\u00e4ndig aus hochwertigem gegossenem Harz hergestellt. Fein gravierte und ziselierte Masse auf allen Seiten.<\/p>\n<p>Abschlie\u00dfend sei gesagt, dass unsere Repliken, die aus China oder Spanien importiert wurden, Sie in Erstaunen versetzen werden!<\/p>\n<p>R\u00e9plique Manga Cin\u00e9 ist ein franz\u00f6sisches Familienunternehmen.<\/p>","protected":false},"excerpt":{"rendered":"<p>Replik des Hammers von Thor aus dem Marvel-Universum.<\/p>\n<ul>\n<li>Vollst\u00e4ndig aus hochwertigem Harz gefertigt.<\/li>\n<li>Masse mit einer bemerkenswerten Verarbeitung.<\/li>\n<li>Ziselierte Verzierungen an allen Seiten, Rillen und Gravuren am Kopf.<\/li>\n<li>Harzgriff mit Dekoren.<\/li>\n<li>Wird mit Harzsockel geliefert<\/li>\n<li>Ma\u00dfe: 44 cm (L\u00e4nge) x 22 cm (Breite) x 14 cm (Tiefe)<\/li>\n<li>Gewicht: 3155 g<\/li>\n<\/ul>","protected":false},"featured_media":77967,"template":"","meta":[],"product_brand":[896],"product_cat":[24,59],"product_tag":[],"class_list":{"0":"post-27230","1":"product","2":"type-product","3":"status-publish","4":"has-post-thumbnail","6":"product_brand-replique-manga-cine","7":"product_cat-films-series-tv-vente-de-katana-epee-et-produits-derives","8":"product_cat-super-heros-marvel","10":"first","11":"instock","12":"sale","13":"taxable","14":"shipping-taxable","15":"purchasable","16":"product-type-simple"},"yoast_head":"<!-- This site is optimized with the Yoast SEO plugin v27.4 - https:\/\/yoast.com\/product\/yoast-seo-wordpress\/ -->\n<title>Marteau de Thor - Produits d\u00e9riv\u00e9s Marvel | R\u00e9plique Manga Cin\u00e9<\/title>\n<meta name=\"description\" content=\"Exclusif ! Votre Marteau de Thor dans l&#039;univers de Marvel au meilleur prix. Haute qualit\u00e9 - Tout en r\u00e9sine - Manche r\u00e9sine - Longueur : 44 cm - Envoi 24\/48h\" \/>\n<meta name=\"robots\" content=\"index, follow, max-snippet:-1, max-image-preview:large, max-video-preview:-1\" \/>\n<link rel=\"canonical\" href=\"https:\/\/repliquemangacine.fr\/de\/marvel-super-heros\/thor-hammer-mjoellnir-replik-hammer-marvel\/\" \/>\n<meta property=\"og:locale\" content=\"de_DE\" \/>\n<meta property=\"og:type\" content=\"article\" \/>\n<meta property=\"og:title\" content=\"Marteau de Thor - Produits d\u00e9riv\u00e9s Marvel | R\u00e9plique Manga Cin\u00e9\" \/>\n<meta property=\"og:description\" content=\"Exclusif ! Votre Marteau de Thor dans l&#039;univers de Marvel au meilleur prix. Haute qualit\u00e9 - Tout en r\u00e9sine - Manche r\u00e9sine - Longueur : 44 cm - Envoi 24\/48h\" \/>\n<meta property=\"og:url\" content=\"https:\/\/repliquemangacine.fr\/de\/marvel-super-heros\/thor-hammer-mjoellnir-replik-hammer-marvel\/\" \/>\n<meta property=\"og:site_name\" content=\"R\u00e9plique Manga Cin\u00e9\" \/>\n<meta property=\"article:publisher\" content=\"https:\/\/www.facebook.com\/RepliqueMangaCine\" \/>\n<meta property=\"article:modified_time\" content=\"2026-03-25T21:18:17+00:00\" \/>\n<meta property=\"og:image\" content=\"https:\/\/repliquemangacine.fr\/wp-content\/uploads\/2017\/05\/marteau-de-thor-avec-son-support.jpg\" \/>\n\t<meta property=\"og:image:width\" content=\"500\" \/>\n\t<meta property=\"og:image:height\" content=\"500\" \/>\n\t<meta property=\"og:image:type\" content=\"image\/jpeg\" \/>\n<meta name=\"twitter:card\" content=\"summary_large_image\" \/>\n<meta name=\"twitter:label1\" content=\"Gesch\u00e4tzte Lesezeit\" \/>\n\t<meta name=\"twitter:data1\" content=\"3\u00a0Minuten\" \/>\n<script type=\"application\/ld+json\" class=\"yoast-schema-graph\">{\"@context\":\"https:\\\/\\\/schema.org\",\"@graph\":[{\"@type\":\"WebPage\",\"@id\":\"https:\\\/\\\/repliquemangacine.fr\\\/super-heros-marvel\\\/marteau-de-thor-mjoellnir-replique-marteau-marvel\\\/\",\"url\":\"https:\\\/\\\/repliquemangacine.fr\\\/super-heros-marvel\\\/marteau-de-thor-mjoellnir-replique-marteau-marvel\\\/\",\"name\":\"Marteau de Thor - Produits d\u00e9riv\u00e9s Marvel | R\u00e9plique Manga Cin\u00e9\",\"isPartOf\":{\"@id\":\"https:\\\/\\\/repliquemangacine.fr\\\/#website\"},\"primaryImageOfPage\":{\"@id\":\"https:\\\/\\\/repliquemangacine.fr\\\/super-heros-marvel\\\/marteau-de-thor-mjoellnir-replique-marteau-marvel\\\/#primaryimage\"},\"image\":{\"@id\":\"https:\\\/\\\/repliquemangacine.fr\\\/super-heros-marvel\\\/marteau-de-thor-mjoellnir-replique-marteau-marvel\\\/#primaryimage\"},\"thumbnailUrl\":\"https:\\\/\\\/repliquemangacine.fr\\\/wp-content\\\/uploads\\\/2017\\\/05\\\/marteau-de-thor-avec-son-support.jpg\",\"datePublished\":\"2017-05-20T16:28:52+00:00\",\"dateModified\":\"2026-03-25T21:18:17+00:00\",\"description\":\"Exclusif ! Votre Marteau de Thor dans l'univers de Marvel au meilleur prix. Haute qualit\u00e9 - Tout en r\u00e9sine - Manche r\u00e9sine - Longueur : 44 cm - Envoi 24\\\/48h\",\"breadcrumb\":{\"@id\":\"https:\\\/\\\/repliquemangacine.fr\\\/super-heros-marvel\\\/marteau-de-thor-mjoellnir-replique-marteau-marvel\\\/#breadcrumb\"},\"inLanguage\":\"de\",\"potentialAction\":[{\"@type\":\"ReadAction\",\"target\":[\"https:\\\/\\\/repliquemangacine.fr\\\/super-heros-marvel\\\/marteau-de-thor-mjoellnir-replique-marteau-marvel\\\/\"]}]},{\"@type\":\"ImageObject\",\"inLanguage\":\"de\",\"@id\":\"https:\\\/\\\/repliquemangacine.fr\\\/super-heros-marvel\\\/marteau-de-thor-mjoellnir-replique-marteau-marvel\\\/#primaryimage\",\"url\":\"https:\\\/\\\/repliquemangacine.fr\\\/wp-content\\\/uploads\\\/2017\\\/05\\\/marteau-de-thor-avec-son-support.jpg\",\"contentUrl\":\"https:\\\/\\\/repliquemangacine.fr\\\/wp-content\\\/uploads\\\/2017\\\/05\\\/marteau-de-thor-avec-son-support.jpg\",\"width\":500,\"height\":500},{\"@type\":\"BreadcrumbList\",\"@id\":\"https:\\\/\\\/repliquemangacine.fr\\\/super-heros-marvel\\\/marteau-de-thor-mjoellnir-replique-marteau-marvel\\\/#breadcrumb\",\"itemListElement\":[{\"@type\":\"ListItem\",\"position\":1,\"name\":\"Accueil\",\"item\":\"https:\\\/\\\/repliquemangacine.fr\\\/\"},{\"@type\":\"ListItem\",\"position\":2,\"name\":\"Produits\",\"item\":\"https:\\\/\\\/repliquemangacine.fr\\\/boutique\\\/\"},{\"@type\":\"ListItem\",\"position\":3,\"name\":\"Marteau de Thor\"}]},{\"@type\":\"WebSite\",\"@id\":\"https:\\\/\\\/repliquemangacine.fr\\\/#website\",\"url\":\"https:\\\/\\\/repliquemangacine.fr\\\/\",\"name\":\"R\u00e9plique Manga Cin\u00e9\",\"description\":\"\",\"publisher\":{\"@id\":\"https:\\\/\\\/repliquemangacine.fr\\\/#organization\"},\"potentialAction\":[{\"@type\":\"SearchAction\",\"target\":{\"@type\":\"EntryPoint\",\"urlTemplate\":\"https:\\\/\\\/repliquemangacine.fr\\\/?s={search_term_string}\"},\"query-input\":{\"@type\":\"PropertyValueSpecification\",\"valueRequired\":true,\"valueName\":\"search_term_string\"}}],\"inLanguage\":\"de\"},{\"@type\":\"Organization\",\"@id\":\"https:\\\/\\\/repliquemangacine.fr\\\/#organization\",\"name\":\"R\u00e9plique Manga Cin\u00e9\",\"url\":\"https:\\\/\\\/repliquemangacine.fr\\\/\",\"logo\":{\"@type\":\"ImageObject\",\"inLanguage\":\"de\",\"@id\":\"https:\\\/\\\/repliquemangacine.fr\\\/#\\\/schema\\\/logo\\\/image\\\/\",\"url\":\"https:\\\/\\\/repliquemangacine.fr\\\/wp-content\\\/uploads\\\/2023\\\/10\\\/RMC-500250.png\",\"contentUrl\":\"https:\\\/\\\/repliquemangacine.fr\\\/wp-content\\\/uploads\\\/2023\\\/10\\\/RMC-500250.png\",\"width\":500,\"height\":250,\"caption\":\"R\u00e9plique Manga Cin\u00e9\"},\"image\":{\"@id\":\"https:\\\/\\\/repliquemangacine.fr\\\/#\\\/schema\\\/logo\\\/image\\\/\"},\"sameAs\":[\"https:\\\/\\\/www.facebook.com\\\/RepliqueMangaCine\",\"https:\\\/\\\/www.instagram.com\\\/repliquemangacine.fr\\\/\"]}]}<\/script>\n<!-- \/ Yoast SEO plugin. -->","yoast_head_json":{"title":"Thors Hammer - Marvel Merchandise | R\u00e9plique Manga Cin\u00e9","description":"Exklusiv f\u00fcr Sie! Ihr Hammer von Thor aus dem Marvel-Universum zum besten Preis. Hohe Qualit\u00e4t - Komplett aus Harz - Griff aus Harz - L\u00e4nge: 44 cm - Versand 24\/48h","robots":{"index":"index","follow":"follow","max-snippet":"max-snippet:-1","max-image-preview":"max-image-preview:large","max-video-preview":"max-video-preview:-1"},"canonical":"https:\/\/repliquemangacine.fr\/de\/marvel-super-heros\/thor-hammer-mjoellnir-replik-hammer-marvel\/","og_locale":"de_DE","og_type":"article","og_title":"Marteau de Thor - Produits d\u00e9riv\u00e9s Marvel | R\u00e9plique Manga Cin\u00e9","og_description":"Exclusif ! Votre Marteau de Thor dans l'univers de Marvel au meilleur prix. Haute qualit\u00e9 - Tout en r\u00e9sine - Manche r\u00e9sine - Longueur : 44 cm - Envoi 24\/48h","og_url":"https:\/\/repliquemangacine.fr\/de\/marvel-super-heros\/thor-hammer-mjoellnir-replik-hammer-marvel\/","og_site_name":"R\u00e9plique Manga Cin\u00e9","article_publisher":"https:\/\/www.facebook.com\/RepliqueMangaCine","article_modified_time":"2026-03-25T21:18:17+00:00","og_image":[{"width":500,"height":500,"url":"https:\/\/repliquemangacine.fr\/wp-content\/uploads\/2017\/05\/marteau-de-thor-avec-son-support.jpg","type":"image\/jpeg"}],"twitter_card":"summary_large_image","twitter_misc":{"Gesch\u00e4tzte Lesezeit":"3\u00a0Minuten"},"schema":{"@context":"https:\/\/schema.org","@graph":[{"@type":"WebPage","@id":"https:\/\/repliquemangacine.fr\/super-heros-marvel\/marteau-de-thor-mjoellnir-replique-marteau-marvel\/","url":"https:\/\/repliquemangacine.fr\/super-heros-marvel\/marteau-de-thor-mjoellnir-replique-marteau-marvel\/","name":"Thors Hammer - Marvel Merchandise | R\u00e9plique Manga Cin\u00e9","isPartOf":{"@id":"https:\/\/repliquemangacine.fr\/#website"},"primaryImageOfPage":{"@id":"https:\/\/repliquemangacine.fr\/super-heros-marvel\/marteau-de-thor-mjoellnir-replique-marteau-marvel\/#primaryimage"},"image":{"@id":"https:\/\/repliquemangacine.fr\/super-heros-marvel\/marteau-de-thor-mjoellnir-replique-marteau-marvel\/#primaryimage"},"thumbnailUrl":"https:\/\/repliquemangacine.fr\/wp-content\/uploads\/2017\/05\/marteau-de-thor-avec-son-support.jpg","datePublished":"2017-05-20T16:28:52+00:00","dateModified":"2026-03-25T21:18:17+00:00","description":"Exklusiv f\u00fcr Sie! Ihr Hammer von Thor aus dem Marvel-Universum zum besten Preis. Hohe Qualit\u00e4t - Komplett aus Harz - Griff aus Harz - L\u00e4nge: 44 cm - Versand 24\/48h","breadcrumb":{"@id":"https:\/\/repliquemangacine.fr\/super-heros-marvel\/marteau-de-thor-mjoellnir-replique-marteau-marvel\/#breadcrumb"},"inLanguage":"de","potentialAction":[{"@type":"ReadAction","target":["https:\/\/repliquemangacine.fr\/super-heros-marvel\/marteau-de-thor-mjoellnir-replique-marteau-marvel\/"]}]},{"@type":"ImageObject","inLanguage":"de","@id":"https:\/\/repliquemangacine.fr\/super-heros-marvel\/marteau-de-thor-mjoellnir-replique-marteau-marvel\/#primaryimage","url":"https:\/\/repliquemangacine.fr\/wp-content\/uploads\/2017\/05\/marteau-de-thor-avec-son-support.jpg","contentUrl":"https:\/\/repliquemangacine.fr\/wp-content\/uploads\/2017\/05\/marteau-de-thor-avec-son-support.jpg","width":500,"height":500},{"@type":"BreadcrumbList","@id":"https:\/\/repliquemangacine.fr\/super-heros-marvel\/marteau-de-thor-mjoellnir-replique-marteau-marvel\/#breadcrumb","itemListElement":[{"@type":"ListItem","position":1,"name":"Accueil","item":"https:\/\/repliquemangacine.fr\/"},{"@type":"ListItem","position":2,"name":"Produits","item":"https:\/\/repliquemangacine.fr\/boutique\/"},{"@type":"ListItem","position":3,"name":"Marteau de Thor"}]},{"@type":"WebSite","@id":"https:\/\/repliquemangacine.fr\/#website","url":"https:\/\/repliquemangacine.fr\/","name":"R\u00e9plique Manga Cin\u00e9","description":"","publisher":{"@id":"https:\/\/repliquemangacine.fr\/#organization"},"potentialAction":[{"@type":"SearchAction","target":{"@type":"EntryPoint","urlTemplate":"https:\/\/repliquemangacine.fr\/?s={search_term_string}"},"query-input":{"@type":"PropertyValueSpecification","valueRequired":true,"valueName":"search_term_string"}}],"inLanguage":"de"},{"@type":"Organization","@id":"https:\/\/repliquemangacine.fr\/#organization","name":"R\u00e9plique Manga Cin\u00e9","url":"https:\/\/repliquemangacine.fr\/","logo":{"@type":"ImageObject","inLanguage":"de","@id":"https:\/\/repliquemangacine.fr\/#\/schema\/logo\/image\/","url":"https:\/\/repliquemangacine.fr\/wp-content\/uploads\/2023\/10\/RMC-500250.png","contentUrl":"https:\/\/repliquemangacine.fr\/wp-content\/uploads\/2023\/10\/RMC-500250.png","width":500,"height":250,"caption":"R\u00e9plique Manga Cin\u00e9"},"image":{"@id":"https:\/\/repliquemangacine.fr\/#\/schema\/logo\/image\/"},"sameAs":["https:\/\/www.facebook.com\/RepliqueMangaCine","https:\/\/www.instagram.com\/repliquemangacine.fr\/"]}]}},"_links":{"self":[{"href":"https:\/\/repliquemangacine.fr\/de\/wp-json\/wp\/v2\/product\/27230","targetHints":{"allow":["GET"]}}],"collection":[{"href":"https:\/\/repliquemangacine.fr\/de\/wp-json\/wp\/v2\/product"}],"about":[{"href":"https:\/\/repliquemangacine.fr\/de\/wp-json\/wp\/v2\/types\/product"}],"wp:featuredmedia":[{"embeddable":true,"href":"https:\/\/repliquemangacine.fr\/de\/wp-json\/wp\/v2\/media\/77967"}],"wp:attachment":[{"href":"https:\/\/repliquemangacine.fr\/de\/wp-json\/wp\/v2\/media?parent=27230"}],"wp:term":[{"taxonomy":"product_brand","embeddable":true,"href":"https:\/\/repliquemangacine.fr\/de\/wp-json\/wp\/v2\/product_brand?post=27230"},{"taxonomy":"product_cat","embeddable":true,"href":"https:\/\/repliquemangacine.fr\/de\/wp-json\/wp\/v2\/product_cat?post=27230"},{"taxonomy":"product_tag","embeddable":true,"href":"https:\/\/repliquemangacine.fr\/de\/wp-json\/wp\/v2\/product_tag?post=27230"}],"curies":[{"name":"wp","href":"https:\/\/api.w.org\/{rel}","templated":true}]}}