





{"id":27226,"date":"2017-05-20T17:25:14","date_gmt":"2017-05-20T15:25:14","guid":{"rendered":"https:\/\/repliquemangacine.fr\/?post_type=product&#038;p=27226"},"modified":"2026-03-29T03:04:51","modified_gmt":"2026-03-29T01:04:51","slug":"hammer-des-schicksals-world-of-warcraft-replik-hammer-von-thrall-doomhammer","status":"publish","type":"product","link":"https:\/\/repliquemangacine.fr\/de\/epees-world-of-warcraft\/marteau-du-destin-world-of-warcraft-replique-marteau-de-thrall-doomhammer\/","title":{"rendered":"Hammer des Schicksals Doomhammer World of Warcraft"},"content":{"rendered":"<h2>Doomhammer des Schicksals in World of Warcraft<\/h2>\n<p>Zu Beginn wird der <strong>Doomhammer des Schicksals <\/strong>oder Thralls Hammer, geschmiedet aus der elementaren Lava auf Draenor. Wenn sein Tr\u00e4ger ihn in der Schlacht schwingt, besiegelt er das Schicksal seiner Feinde, Orgrim Hammer des Schicksals.<\/p>\n<p>Thrall Ein ikonischer Charakter aus dem Spiel Warcraft der Blizzard Studios. Thrall ist wahrscheinlich der bekannteste Ork in der Geschichte von Azeroth. Er wuchs als Gladiatorensklave im Internierungslager von Fort-de-Durn auf, bevor er von dort ausbrach, um seine Artgenossen zu finden.<\/p>\n<p>Er wurde der erste Ork seit Jahren, dem es gelang, die Elemente zu beherrschen. So ist er der Kriegsh\u00e4uptling, der die neue Horde im Dritten Krieg anf\u00fchrt. Unter den Spielern von World of Warcraft ist der Hammer von Thrall in der Hauptstadt der Horde zu sehen. <a href=\"https:\/\/wow.fandom.com\/fr\/wiki\/Orgrimmar\" target=\"_blank\" rel=\"noopener noreferrer\">Orgrimmar<\/a>.<\/p>\n<h2>Ihr Doomhammer Schicksalshammer zum besten Preis<\/h2>\n<p>Wir bieten Ihnen eine gro\u00dfe Auswahl an Schwertern aus der Welt von World of Warcraft.<\/p>\n<p>Zun\u00e4chst einmal,<\/p>\n<ul>\n<li>Die beeindruckenden <a href=\"https:\/\/repliquemangacine.fr\/de\/schwert-world-of-warcraft\/zwillingsklingen-von-azzinoth-legendares-schwert-von-illidan\/\">Zwillingsklingen<\/a> von Azzintoh legend\u00e4re Waffen von Illidan.<\/li>\n<li>Es gibt auch das legend\u00e4re Schwert des Paladins Alexandros Mograine die <a href=\"https:\/\/repliquemangacine.fr\/de\/schwert-world-of-warcraft\/epee-ashbringer-world-of-warcraft\/\">Ashbringer<\/a><\/li>\n<li>Sowie die zweih\u00e4ndige Axt, die <a href=\"https:\/\/repliquemangacine.fr\/de\/schwert-world-of-warcraft\/axt-des-knotensdunkelschattenmourne-world-of-warcraft\/\">Shadowmourne<\/a> von K\u00f6nig Arthas.<\/li>\n<li>Und noch viel mehr gibt es in unserem Online-Shop zu entdecken!<\/li>\n<\/ul>\n<p>Deshalb ist dies eine tolle Geschenkidee f\u00fcr WoW-Fans<\/p>\n<p>Abschlie\u00dfend k\u00f6nnen Sie den <strong>Schicksalshammer Doomhammer<\/strong> f\u00fcr Ihre Cosplay-Paraden oder Themenpartys. Vor allem aber ist der Hammer von Thrall ein Sammler- und Dekorationsst\u00fcck.<\/p>\n<h2><strong>Entdecken Sie unsere g\u00fcnstigen World of Warcraft-Neuheiten.<br \/>\n<\/strong><\/h2>\n<p>Immer auf der Suche nach Neuem und in dem Bestreben, Ihre W\u00fcnsche zu erf\u00fcllen, haben wir einige kleine Nuggets f\u00fcr Sie zu entdecken!<\/p>\n<ul>\n<li>Die <a href=\"https:\/\/repliquemangacine.fr\/de\/schwerter-world-of-warcraft\/koffer-figurine-frostmourne-et-socle-arthas\/\">Figur des Schwertes Frostmourne<\/a> aus Metall auf seinem Eissockel aus Kunstharz und leuchtend. Dieses Sammlerst\u00fcck wird Ihnen in einer Vitrinenbox in den Farben des Spiels pr\u00e4sentiert.<\/li>\n<li>Es gibt auch den <a href=\"https:\/\/repliquemangacine.fr\/de\/schwerter-world-of-warcraft\/schaumstoffreplik-des-thrallhammers-doomhammer-world-of-warcraft\/\">Thralls Hammer<\/a> aus Schaumstoff f\u00fcr Ihre Kleinkinder.<\/li>\n<li>Sowie die Flaggen der Horde und der Allianz mit einer H\u00f6he von einem Meter<\/li>\n<\/ul>\n<p>In K\u00fcrze wird es auch World of Warcraft-Figuren sowie Wallscrolls Ihrer Lieblingscharaktere geben.<\/p>\n<p>R\u00e9plique Manga Cin\u00e9 ist ein franz\u00f6sisches Familienunternehmen.<\/p>","protected":false},"excerpt":{"rendered":"<p>Schicksalshammer, der von Thrall in World of Warcraft benutzt wird.<\/p>\n<ul>\n<li>Der Doomhammer besteht aus sehr hochwertigem Kunstharz.<\/li>\n<li>Masse in Antikoptik mit Wolfsemblem, das von Thrall hinzugef\u00fcgt wurde.<\/li>\n<li>Griff und Knauf ebenfalls aus fein verziertem Kunstharz.<\/li>\n<li>Abnehmbarer Stiel.<\/li>\n<li>L\u00e4nge: 48cm - Breite: 23cm - Gewicht: 2kg<\/li>\n<\/ul>","protected":false},"featured_media":27227,"template":"","meta":[],"product_brand":[896],"product_cat":[23,60],"product_tag":[],"class_list":{"0":"post-27226","1":"product","2":"type-product","3":"status-publish","4":"has-post-thumbnail","6":"product_brand-replique-manga-cine","7":"product_cat-repliques-manga-jeux-video","8":"product_cat-epees-world-of-warcraft","10":"first","11":"instock","12":"taxable","13":"shipping-taxable","14":"purchasable","15":"product-type-simple"},"yoast_head":"<!-- This site is optimized with the Yoast SEO plugin v27.5 - https:\/\/yoast.com\/product\/yoast-seo-wordpress\/ -->\n<title>Marteau du destin Doomhammer - World of Warcraft - RMC<\/title>\n<meta name=\"description\" content=\"Achetez le Marteau du destin Doomhammer de Thrall dans World of Warcraft au meilleur prix. Tout en r\u00e9sine - Haute Qualit\u00e9 - Longueur : 48 cm - Envoi 24\/48h\" \/>\n<meta name=\"robots\" content=\"index, follow, max-snippet:-1, max-image-preview:large, max-video-preview:-1\" \/>\n<link rel=\"canonical\" href=\"https:\/\/repliquemangacine.fr\/de\/schwerter-world-of-warcraft\/hammer-des-schicksals-world-of-warcraft-replik-hammer-von-thrall-doomhammer\/\" \/>\n<meta property=\"og:locale\" content=\"de_DE\" \/>\n<meta property=\"og:type\" content=\"article\" \/>\n<meta property=\"og:title\" content=\"Marteau du destin Doomhammer - World of Warcraft - RMC\" \/>\n<meta property=\"og:description\" content=\"Achetez le Marteau du destin Doomhammer de Thrall dans World of Warcraft au meilleur prix. Tout en r\u00e9sine - Haute Qualit\u00e9 - Longueur : 48 cm - Envoi 24\/48h\" \/>\n<meta property=\"og:url\" content=\"https:\/\/repliquemangacine.fr\/de\/schwerter-world-of-warcraft\/hammer-des-schicksals-world-of-warcraft-replik-hammer-von-thrall-doomhammer\/\" \/>\n<meta property=\"og:site_name\" content=\"R\u00e9plique Manga Cin\u00e9\" \/>\n<meta property=\"article:publisher\" content=\"https:\/\/www.facebook.com\/RepliqueMangaCine\" \/>\n<meta property=\"article:modified_time\" content=\"2026-03-29T01:04:51+00:00\" \/>\n<meta property=\"og:image\" content=\"https:\/\/repliquemangacine.fr\/wp-content\/uploads\/2023\/10\/2385-Marteau-du-destin-World-of-Warcraft-Replique-marteau-de-Thrall-Doomhammer.jpg\" \/>\n\t<meta property=\"og:image:width\" content=\"600\" \/>\n\t<meta property=\"og:image:height\" content=\"600\" \/>\n\t<meta property=\"og:image:type\" content=\"image\/jpeg\" \/>\n<meta name=\"twitter:card\" content=\"summary_large_image\" \/>\n<meta name=\"twitter:label1\" content=\"Gesch\u00e4tzte Lesezeit\" \/>\n\t<meta name=\"twitter:data1\" content=\"2\u00a0Minuten\" \/>\n<script type=\"application\/ld+json\" class=\"yoast-schema-graph\">{\"@context\":\"https:\\\/\\\/schema.org\",\"@graph\":[{\"@type\":\"WebPage\",\"@id\":\"https:\\\/\\\/repliquemangacine.fr\\\/epees-world-of-warcraft\\\/marteau-du-destin-world-of-warcraft-replique-marteau-de-thrall-doomhammer\\\/\",\"url\":\"https:\\\/\\\/repliquemangacine.fr\\\/epees-world-of-warcraft\\\/marteau-du-destin-world-of-warcraft-replique-marteau-de-thrall-doomhammer\\\/\",\"name\":\"Marteau du destin Doomhammer - World of Warcraft - RMC\",\"isPartOf\":{\"@id\":\"https:\\\/\\\/repliquemangacine.fr\\\/#website\"},\"primaryImageOfPage\":{\"@id\":\"https:\\\/\\\/repliquemangacine.fr\\\/epees-world-of-warcraft\\\/marteau-du-destin-world-of-warcraft-replique-marteau-de-thrall-doomhammer\\\/#primaryimage\"},\"image\":{\"@id\":\"https:\\\/\\\/repliquemangacine.fr\\\/epees-world-of-warcraft\\\/marteau-du-destin-world-of-warcraft-replique-marteau-de-thrall-doomhammer\\\/#primaryimage\"},\"thumbnailUrl\":\"https:\\\/\\\/repliquemangacine.fr\\\/wp-content\\\/uploads\\\/2023\\\/10\\\/2385-Marteau-du-destin-World-of-Warcraft-Replique-marteau-de-Thrall-Doomhammer.jpg\",\"datePublished\":\"2017-05-20T15:25:14+00:00\",\"dateModified\":\"2026-03-29T01:04:51+00:00\",\"description\":\"Achetez le Marteau du destin Doomhammer de Thrall dans World of Warcraft au meilleur prix. Tout en r\u00e9sine - Haute Qualit\u00e9 - Longueur : 48 cm - Envoi 24\\\/48h\",\"breadcrumb\":{\"@id\":\"https:\\\/\\\/repliquemangacine.fr\\\/epees-world-of-warcraft\\\/marteau-du-destin-world-of-warcraft-replique-marteau-de-thrall-doomhammer\\\/#breadcrumb\"},\"inLanguage\":\"de\",\"potentialAction\":[{\"@type\":\"ReadAction\",\"target\":[\"https:\\\/\\\/repliquemangacine.fr\\\/epees-world-of-warcraft\\\/marteau-du-destin-world-of-warcraft-replique-marteau-de-thrall-doomhammer\\\/\"]}]},{\"@type\":\"ImageObject\",\"inLanguage\":\"de\",\"@id\":\"https:\\\/\\\/repliquemangacine.fr\\\/epees-world-of-warcraft\\\/marteau-du-destin-world-of-warcraft-replique-marteau-de-thrall-doomhammer\\\/#primaryimage\",\"url\":\"https:\\\/\\\/repliquemangacine.fr\\\/wp-content\\\/uploads\\\/2023\\\/10\\\/2385-Marteau-du-destin-World-of-Warcraft-Replique-marteau-de-Thrall-Doomhammer.jpg\",\"contentUrl\":\"https:\\\/\\\/repliquemangacine.fr\\\/wp-content\\\/uploads\\\/2023\\\/10\\\/2385-Marteau-du-destin-World-of-Warcraft-Replique-marteau-de-Thrall-Doomhammer.jpg\",\"width\":600,\"height\":600,\"caption\":\"Marteau du destin - World of Warcraft- R\u00e9plique marteau de Thrall Doomhammer\"},{\"@type\":\"BreadcrumbList\",\"@id\":\"https:\\\/\\\/repliquemangacine.fr\\\/epees-world-of-warcraft\\\/marteau-du-destin-world-of-warcraft-replique-marteau-de-thrall-doomhammer\\\/#breadcrumb\",\"itemListElement\":[{\"@type\":\"ListItem\",\"position\":1,\"name\":\"Accueil\",\"item\":\"https:\\\/\\\/repliquemangacine.fr\\\/\"},{\"@type\":\"ListItem\",\"position\":2,\"name\":\"Produits\",\"item\":\"https:\\\/\\\/repliquemangacine.fr\\\/boutique\\\/\"},{\"@type\":\"ListItem\",\"position\":3,\"name\":\"Marteau du destin Doomhammer World of Warcraft\"}]},{\"@type\":\"WebSite\",\"@id\":\"https:\\\/\\\/repliquemangacine.fr\\\/#website\",\"url\":\"https:\\\/\\\/repliquemangacine.fr\\\/\",\"name\":\"R\u00e9plique Manga Cin\u00e9\",\"description\":\"\",\"publisher\":{\"@id\":\"https:\\\/\\\/repliquemangacine.fr\\\/#organization\"},\"potentialAction\":[{\"@type\":\"SearchAction\",\"target\":{\"@type\":\"EntryPoint\",\"urlTemplate\":\"https:\\\/\\\/repliquemangacine.fr\\\/?s={search_term_string}\"},\"query-input\":{\"@type\":\"PropertyValueSpecification\",\"valueRequired\":true,\"valueName\":\"search_term_string\"}}],\"inLanguage\":\"de\"},{\"@type\":\"Organization\",\"@id\":\"https:\\\/\\\/repliquemangacine.fr\\\/#organization\",\"name\":\"R\u00e9plique Manga Cin\u00e9\",\"url\":\"https:\\\/\\\/repliquemangacine.fr\\\/\",\"logo\":{\"@type\":\"ImageObject\",\"inLanguage\":\"de\",\"@id\":\"https:\\\/\\\/repliquemangacine.fr\\\/#\\\/schema\\\/logo\\\/image\\\/\",\"url\":\"https:\\\/\\\/repliquemangacine.fr\\\/wp-content\\\/uploads\\\/2023\\\/10\\\/RMC-500250.png\",\"contentUrl\":\"https:\\\/\\\/repliquemangacine.fr\\\/wp-content\\\/uploads\\\/2023\\\/10\\\/RMC-500250.png\",\"width\":500,\"height\":250,\"caption\":\"R\u00e9plique Manga Cin\u00e9\"},\"image\":{\"@id\":\"https:\\\/\\\/repliquemangacine.fr\\\/#\\\/schema\\\/logo\\\/image\\\/\"},\"sameAs\":[\"https:\\\/\\\/www.facebook.com\\\/RepliqueMangaCine\",\"https:\\\/\\\/www.instagram.com\\\/repliquemangacine.fr\\\/\"]}]}<\/script>\n<!-- \/ Yoast SEO plugin. -->","yoast_head_json":{"title":"Hammer des Schicksals Doomhammer - World of Warcraft - RMC","description":"Kaufen Sie Thralls Doomhammer Schicksalshammer aus World of Warcraft zum besten Preis. Vollst\u00e4ndig aus Harz - Hohe Qualit\u00e4t - L\u00e4nge: 48 cm - Versand 24\/48h","robots":{"index":"index","follow":"follow","max-snippet":"max-snippet:-1","max-image-preview":"max-image-preview:large","max-video-preview":"max-video-preview:-1"},"canonical":"https:\/\/repliquemangacine.fr\/de\/schwerter-world-of-warcraft\/hammer-des-schicksals-world-of-warcraft-replik-hammer-von-thrall-doomhammer\/","og_locale":"de_DE","og_type":"article","og_title":"Marteau du destin Doomhammer - World of Warcraft - RMC","og_description":"Achetez le Marteau du destin Doomhammer de Thrall dans World of Warcraft au meilleur prix. Tout en r\u00e9sine - Haute Qualit\u00e9 - Longueur : 48 cm - Envoi 24\/48h","og_url":"https:\/\/repliquemangacine.fr\/de\/schwerter-world-of-warcraft\/hammer-des-schicksals-world-of-warcraft-replik-hammer-von-thrall-doomhammer\/","og_site_name":"R\u00e9plique Manga Cin\u00e9","article_publisher":"https:\/\/www.facebook.com\/RepliqueMangaCine","article_modified_time":"2026-03-29T01:04:51+00:00","og_image":[{"width":600,"height":600,"url":"https:\/\/repliquemangacine.fr\/wp-content\/uploads\/2023\/10\/2385-Marteau-du-destin-World-of-Warcraft-Replique-marteau-de-Thrall-Doomhammer.jpg","type":"image\/jpeg"}],"twitter_card":"summary_large_image","twitter_misc":{"Gesch\u00e4tzte Lesezeit":"2\u00a0Minuten"},"schema":{"@context":"https:\/\/schema.org","@graph":[{"@type":"WebPage","@id":"https:\/\/repliquemangacine.fr\/epees-world-of-warcraft\/marteau-du-destin-world-of-warcraft-replique-marteau-de-thrall-doomhammer\/","url":"https:\/\/repliquemangacine.fr\/epees-world-of-warcraft\/marteau-du-destin-world-of-warcraft-replique-marteau-de-thrall-doomhammer\/","name":"Hammer des Schicksals Doomhammer - World of Warcraft - RMC","isPartOf":{"@id":"https:\/\/repliquemangacine.fr\/#website"},"primaryImageOfPage":{"@id":"https:\/\/repliquemangacine.fr\/epees-world-of-warcraft\/marteau-du-destin-world-of-warcraft-replique-marteau-de-thrall-doomhammer\/#primaryimage"},"image":{"@id":"https:\/\/repliquemangacine.fr\/epees-world-of-warcraft\/marteau-du-destin-world-of-warcraft-replique-marteau-de-thrall-doomhammer\/#primaryimage"},"thumbnailUrl":"https:\/\/repliquemangacine.fr\/wp-content\/uploads\/2023\/10\/2385-Marteau-du-destin-World-of-Warcraft-Replique-marteau-de-Thrall-Doomhammer.jpg","datePublished":"2017-05-20T15:25:14+00:00","dateModified":"2026-03-29T01:04:51+00:00","description":"Kaufen Sie Thralls Doomhammer Schicksalshammer aus World of Warcraft zum besten Preis. Vollst\u00e4ndig aus Harz - Hohe Qualit\u00e4t - L\u00e4nge: 48 cm - Versand 24\/48h","breadcrumb":{"@id":"https:\/\/repliquemangacine.fr\/epees-world-of-warcraft\/marteau-du-destin-world-of-warcraft-replique-marteau-de-thrall-doomhammer\/#breadcrumb"},"inLanguage":"de","potentialAction":[{"@type":"ReadAction","target":["https:\/\/repliquemangacine.fr\/epees-world-of-warcraft\/marteau-du-destin-world-of-warcraft-replique-marteau-de-thrall-doomhammer\/"]}]},{"@type":"ImageObject","inLanguage":"de","@id":"https:\/\/repliquemangacine.fr\/epees-world-of-warcraft\/marteau-du-destin-world-of-warcraft-replique-marteau-de-thrall-doomhammer\/#primaryimage","url":"https:\/\/repliquemangacine.fr\/wp-content\/uploads\/2023\/10\/2385-Marteau-du-destin-World-of-Warcraft-Replique-marteau-de-Thrall-Doomhammer.jpg","contentUrl":"https:\/\/repliquemangacine.fr\/wp-content\/uploads\/2023\/10\/2385-Marteau-du-destin-World-of-Warcraft-Replique-marteau-de-Thrall-Doomhammer.jpg","width":600,"height":600,"caption":"Marteau du destin - World of Warcraft- R\u00e9plique marteau de Thrall Doomhammer"},{"@type":"BreadcrumbList","@id":"https:\/\/repliquemangacine.fr\/epees-world-of-warcraft\/marteau-du-destin-world-of-warcraft-replique-marteau-de-thrall-doomhammer\/#breadcrumb","itemListElement":[{"@type":"ListItem","position":1,"name":"Accueil","item":"https:\/\/repliquemangacine.fr\/"},{"@type":"ListItem","position":2,"name":"Produits","item":"https:\/\/repliquemangacine.fr\/boutique\/"},{"@type":"ListItem","position":3,"name":"Marteau du destin Doomhammer World of Warcraft"}]},{"@type":"WebSite","@id":"https:\/\/repliquemangacine.fr\/#website","url":"https:\/\/repliquemangacine.fr\/","name":"R\u00e9plique Manga Cin\u00e9","description":"","publisher":{"@id":"https:\/\/repliquemangacine.fr\/#organization"},"potentialAction":[{"@type":"SearchAction","target":{"@type":"EntryPoint","urlTemplate":"https:\/\/repliquemangacine.fr\/?s={search_term_string}"},"query-input":{"@type":"PropertyValueSpecification","valueRequired":true,"valueName":"search_term_string"}}],"inLanguage":"de"},{"@type":"Organization","@id":"https:\/\/repliquemangacine.fr\/#organization","name":"R\u00e9plique Manga Cin\u00e9","url":"https:\/\/repliquemangacine.fr\/","logo":{"@type":"ImageObject","inLanguage":"de","@id":"https:\/\/repliquemangacine.fr\/#\/schema\/logo\/image\/","url":"https:\/\/repliquemangacine.fr\/wp-content\/uploads\/2023\/10\/RMC-500250.png","contentUrl":"https:\/\/repliquemangacine.fr\/wp-content\/uploads\/2023\/10\/RMC-500250.png","width":500,"height":250,"caption":"R\u00e9plique Manga Cin\u00e9"},"image":{"@id":"https:\/\/repliquemangacine.fr\/#\/schema\/logo\/image\/"},"sameAs":["https:\/\/www.facebook.com\/RepliqueMangaCine","https:\/\/www.instagram.com\/repliquemangacine.fr\/"]}]}},"_links":{"self":[{"href":"https:\/\/repliquemangacine.fr\/de\/wp-json\/wp\/v2\/product\/27226","targetHints":{"allow":["GET"]}}],"collection":[{"href":"https:\/\/repliquemangacine.fr\/de\/wp-json\/wp\/v2\/product"}],"about":[{"href":"https:\/\/repliquemangacine.fr\/de\/wp-json\/wp\/v2\/types\/product"}],"wp:featuredmedia":[{"embeddable":true,"href":"https:\/\/repliquemangacine.fr\/de\/wp-json\/wp\/v2\/media\/27227"}],"wp:attachment":[{"href":"https:\/\/repliquemangacine.fr\/de\/wp-json\/wp\/v2\/media?parent=27226"}],"wp:term":[{"taxonomy":"product_brand","embeddable":true,"href":"https:\/\/repliquemangacine.fr\/de\/wp-json\/wp\/v2\/product_brand?post=27226"},{"taxonomy":"product_cat","embeddable":true,"href":"https:\/\/repliquemangacine.fr\/de\/wp-json\/wp\/v2\/product_cat?post=27226"},{"taxonomy":"product_tag","embeddable":true,"href":"https:\/\/repliquemangacine.fr\/de\/wp-json\/wp\/v2\/product_tag?post=27226"}],"curies":[{"name":"wp","href":"https:\/\/api.w.org\/{rel}","templated":true}]}}