





{"id":27214,"date":"2017-05-20T14:41:31","date_gmt":"2017-05-20T12:41:31","guid":{"rendered":"https:\/\/repliquemangacine.fr\/?post_type=product&#038;p=27214"},"modified":"2026-01-13T16:34:23","modified_gmt":"2026-01-13T15:34:23","slug":"dolch-von-ibelin-kingdom-of-heaven","status":"publish","type":"product","link":"https:\/\/repliquemangacine.fr\/de\/dagues-medievales\/dague-d-ibelin-kingdom-of-heaven\/","title":{"rendered":"Ibelin-Dolch Kingdom Heaven"},"content":{"rendered":"<h2>Ibelin-Dolch Kingdom Heaven<\/h2>\n<p>Zu Beginn wird die <strong>Ibelin-Dolch Kingdom Heaven<\/strong> ist ein Sammler- und Dekorationsst\u00fcck. Inspiriert von Ridley Scotts Film \"Kingdom of Heaven \".<\/p>\n<p><a href=\"https:\/\/fr.wikipedia.org\/wiki\/Balian_d'Ibelin_(mort_en_1193)\" target=\"_blank\" rel=\"noopener noreferrer\">Balian von Ibelin<\/a>war ein einflussreicher Kreuzritter des K\u00f6nigreichs Jerusalem und Mitglied des Hauses Ibelin. Er ist daf\u00fcr bekannt, dass er 1187 die Verteidigung Jerusalems \u00fcbernahm und am dritten Kreuzzug teilnahm.<\/p>\n<p>Das Patentkreuz zeigt die Zugeh\u00f6rigkeit der Templer zum Christentum an, und die rote Farbe erinnerte an das von Christus vergossene Blut. Dieses Kreuz dr\u00fcckte auch das st\u00e4ndige Gel\u00fcbde eines Kreuzzuges aus, an dem die Templer jederzeit teilnehmen wollten.<\/p>\n<p>Das Motto lautete \"Non Nobis, Domine, Non Nobis, Sed Tuo Nomini Da Gloriam\" Ruhm, nicht f\u00fcr uns, Herr, nicht f\u00fcr uns, sondern f\u00fcr deinen Namen.<\/p>\n<h2>Ihr Ibelin Kingdom Heaven Dolch zum besten Preis.<\/h2>\n<p>Wir bieten Ihnen eine gro\u00dfe Auswahl an Repliken aus dem Mittelalter.<\/p>\n<p>Zun\u00e4chst einmal,<\/p>\n<ul>\n<li>L'<a href=\"https:\/\/repliquemangacine.fr\/de\/mittelalterliches-schwert\/schwert-des-templers-jacques-de-molay\/\">Templerschwert<\/a> des letzten gro\u00dfen Templermeisters Jacques de Molay.<\/li>\n<li>Aber auch die Nachbildung des<a href=\"https:\/\/repliquemangacine.fr\/de\/historische-waffen\/schlagschwert-mittelalterliches-kampfschwert\/\">Kampfschwert<\/a> mit seiner breiten Klinge.<\/li>\n<li>Es gibt auch den <a href=\"https:\/\/repliquemangacine.fr\/de\/schild-und-rustung\/schild-der-templer-metal\/\">Templerschild<\/a> ganz aus Metall.<\/li>\n<li>Und noch viel mehr gibt es in unserem Online-Shop zu entdecken!<\/li>\n<\/ul>\n<p>Deshalb ist dies eine tolle Geschenkidee f\u00fcr alle, die sich f\u00fcr die Zeit des Mittelalters begeistern.<\/p>\n<p>Abschlie\u00dfend k\u00f6nnen Sie auch diesen <strong>Ibelin-Dolch Kingdom Heaven<\/strong> f\u00fcr Ihre historischen Rekonstruktionen oder Ihre Innendekoration. Vor allem aber ist es ein Sammler- und Dekorationsst\u00fcck.<\/p>\n<h2>Wie pflegt man die Klinge seines Mittelalterdolches?<\/h2>\n<p>Sammlungs- und Dekorationsdolche werden auf vereinfachte Weise hergestellt und zusammengebaut. Da sie zu Dekorationszwecken verwendet werden, fehlen ihnen die Sicherheitsmerkmale, die ein japanisches Schwert f\u00fcr Trainingszwecke aufweisen muss.<\/p>\n<p>Allerdings ist Ihr <strong>Ibelin-Dolch Kingdom Heaven<\/strong> zu einer Stahlklinge, die gepflegt werden muss, damit sie nicht mit der Zeit abgenutzt wird. Denn wenn du dein Katana ausstellst, werden deine Freunde neugierig sein, die Klinge zu sehen und sie zu ber\u00fchren. Hier ist Vorsicht geboten, denn Sie sollten wissen, dass die S\u00e4ure der Finger dem Stahl unabh\u00e4ngig von seiner Qualit\u00e4t sehr schadet.<\/p>\n<p>Sollte dies jedoch passieren, keine Panik, Sie brauchen nur ein Tuch, das mit etwas \u00d6l befeuchtet ist, und wischen die Fingerabdr\u00fccke ab. Wenn Sie dies tun, werden Sie Ihren Dolch sehr lange behalten.<\/p>","protected":false},"excerpt":{"rendered":"<p>Ibelin-Dolch, inspiriert vom Film K\u00f6nigreich der Himmel.<\/p>\n<ul>\n<li>Klinge aus rostfreiem Stahl.<\/li>\n<li>Stahlgarde mit Templerkreuz.<\/li>\n<li>Stahlknauf mit Kreuz und Gravur des Filmtitels.<\/li>\n<li>Griff und Scheide aus ABS.<\/li>\n<li>Geschenkschachtel innen gelber Satin.<\/li>\n<li>Klingenl\u00e4nge: 24 cm - Gesamtl\u00e4nge: 40 cm<\/li>\n<\/ul>","protected":false},"featured_media":27215,"template":"","meta":[],"product_brand":[896],"product_cat":[25,66,93,24,43],"product_tag":[],"class_list":{"0":"post-27214","1":"product","2":"type-product","3":"status-publish","4":"has-post-thumbnail","6":"product_brand-replique-manga-cine","7":"product_cat-armes-historiques","8":"product_cat-repliques-d-armes-films-et-series","9":"product_cat-dagues-medievales","10":"product_cat-films-series-tv-vente-de-katana-epee-et-produits-derives","11":"product_cat-reproductions-d-armes-et-accessoires-medievales","13":"first","14":"instock","15":"taxable","16":"shipping-taxable","17":"purchasable","18":"product-type-simple"},"yoast_head":"<!-- This site is optimized with the Yoast SEO plugin v27.5 - https:\/\/yoast.com\/product\/yoast-seo-wordpress\/ -->\n<title>Dague Ibelin Kingdom Heaven - R\u00e9plique arme M\u00e9di\u00e9vale | RMC<\/title>\n<meta name=\"description\" content=\"D\u00e9couvrez la r\u00e9plique de la Dague Ibelin Kingdom of Heaven au meilleur prix. Lame en acier 440 - Fourreau ABS - Longueur totale : 40 cm - Envoi 24\/48h\" \/>\n<meta name=\"robots\" content=\"index, follow, max-snippet:-1, max-image-preview:large, max-video-preview:-1\" \/>\n<link rel=\"canonical\" href=\"https:\/\/repliquemangacine.fr\/de\/mittelalterliche-dolche\/dolch-von-ibelin-kingdom-of-heaven\/\" \/>\n<meta property=\"og:locale\" content=\"de_DE\" \/>\n<meta property=\"og:type\" content=\"article\" \/>\n<meta property=\"og:title\" content=\"Dague Ibelin Kingdom Heaven - R\u00e9plique arme M\u00e9di\u00e9vale | RMC\" \/>\n<meta property=\"og:description\" content=\"D\u00e9couvrez la r\u00e9plique de la Dague Ibelin Kingdom of Heaven au meilleur prix. Lame en acier 440 - Fourreau ABS - Longueur totale : 40 cm - Envoi 24\/48h\" \/>\n<meta property=\"og:url\" content=\"https:\/\/repliquemangacine.fr\/de\/mittelalterliche-dolche\/dolch-von-ibelin-kingdom-of-heaven\/\" \/>\n<meta property=\"og:site_name\" content=\"R\u00e9plique Manga Cin\u00e9\" \/>\n<meta property=\"article:publisher\" content=\"https:\/\/www.facebook.com\/RepliqueMangaCine\" \/>\n<meta property=\"article:modified_time\" content=\"2026-01-13T15:34:23+00:00\" \/>\n<meta property=\"og:image\" content=\"https:\/\/repliquemangacine.fr\/wp-content\/uploads\/2023\/10\/1992-Dague-dIbelin-Kingdom-of-Heaven.jpg\" \/>\n\t<meta property=\"og:image:width\" content=\"600\" \/>\n\t<meta property=\"og:image:height\" content=\"600\" \/>\n\t<meta property=\"og:image:type\" content=\"image\/jpeg\" \/>\n<meta name=\"twitter:card\" content=\"summary_large_image\" \/>\n<meta name=\"twitter:label1\" content=\"Gesch\u00e4tzte Lesezeit\" \/>\n\t<meta name=\"twitter:data1\" content=\"2\u00a0Minuten\" \/>\n<script type=\"application\/ld+json\" class=\"yoast-schema-graph\">{\"@context\":\"https:\\\/\\\/schema.org\",\"@graph\":[{\"@type\":\"WebPage\",\"@id\":\"https:\\\/\\\/repliquemangacine.fr\\\/dagues-medievales\\\/dague-d-ibelin-kingdom-of-heaven\\\/\",\"url\":\"https:\\\/\\\/repliquemangacine.fr\\\/dagues-medievales\\\/dague-d-ibelin-kingdom-of-heaven\\\/\",\"name\":\"Dague Ibelin Kingdom Heaven - R\u00e9plique arme M\u00e9di\u00e9vale | RMC\",\"isPartOf\":{\"@id\":\"https:\\\/\\\/repliquemangacine.fr\\\/#website\"},\"primaryImageOfPage\":{\"@id\":\"https:\\\/\\\/repliquemangacine.fr\\\/dagues-medievales\\\/dague-d-ibelin-kingdom-of-heaven\\\/#primaryimage\"},\"image\":{\"@id\":\"https:\\\/\\\/repliquemangacine.fr\\\/dagues-medievales\\\/dague-d-ibelin-kingdom-of-heaven\\\/#primaryimage\"},\"thumbnailUrl\":\"https:\\\/\\\/repliquemangacine.fr\\\/wp-content\\\/uploads\\\/2023\\\/10\\\/1992-Dague-dIbelin-Kingdom-of-Heaven.jpg\",\"datePublished\":\"2017-05-20T12:41:31+00:00\",\"dateModified\":\"2026-01-13T15:34:23+00:00\",\"description\":\"D\u00e9couvrez la r\u00e9plique de la Dague Ibelin Kingdom of Heaven au meilleur prix. Lame en acier 440 - Fourreau ABS - Longueur totale : 40 cm - Envoi 24\\\/48h\",\"breadcrumb\":{\"@id\":\"https:\\\/\\\/repliquemangacine.fr\\\/dagues-medievales\\\/dague-d-ibelin-kingdom-of-heaven\\\/#breadcrumb\"},\"inLanguage\":\"de\",\"potentialAction\":[{\"@type\":\"ReadAction\",\"target\":[\"https:\\\/\\\/repliquemangacine.fr\\\/dagues-medievales\\\/dague-d-ibelin-kingdom-of-heaven\\\/\"]}]},{\"@type\":\"ImageObject\",\"inLanguage\":\"de\",\"@id\":\"https:\\\/\\\/repliquemangacine.fr\\\/dagues-medievales\\\/dague-d-ibelin-kingdom-of-heaven\\\/#primaryimage\",\"url\":\"https:\\\/\\\/repliquemangacine.fr\\\/wp-content\\\/uploads\\\/2023\\\/10\\\/1992-Dague-dIbelin-Kingdom-of-Heaven.jpg\",\"contentUrl\":\"https:\\\/\\\/repliquemangacine.fr\\\/wp-content\\\/uploads\\\/2023\\\/10\\\/1992-Dague-dIbelin-Kingdom-of-Heaven.jpg\",\"width\":600,\"height\":600,\"caption\":\"Dague Ibelin Kingdom Heaven\"},{\"@type\":\"BreadcrumbList\",\"@id\":\"https:\\\/\\\/repliquemangacine.fr\\\/dagues-medievales\\\/dague-d-ibelin-kingdom-of-heaven\\\/#breadcrumb\",\"itemListElement\":[{\"@type\":\"ListItem\",\"position\":1,\"name\":\"Accueil\",\"item\":\"https:\\\/\\\/repliquemangacine.fr\\\/\"},{\"@type\":\"ListItem\",\"position\":2,\"name\":\"Produits\",\"item\":\"https:\\\/\\\/repliquemangacine.fr\\\/boutique\\\/\"},{\"@type\":\"ListItem\",\"position\":3,\"name\":\"Dague Ibelin Kingdom Heaven\"}]},{\"@type\":\"WebSite\",\"@id\":\"https:\\\/\\\/repliquemangacine.fr\\\/#website\",\"url\":\"https:\\\/\\\/repliquemangacine.fr\\\/\",\"name\":\"R\u00e9plique Manga Cin\u00e9\",\"description\":\"\",\"publisher\":{\"@id\":\"https:\\\/\\\/repliquemangacine.fr\\\/#organization\"},\"potentialAction\":[{\"@type\":\"SearchAction\",\"target\":{\"@type\":\"EntryPoint\",\"urlTemplate\":\"https:\\\/\\\/repliquemangacine.fr\\\/?s={search_term_string}\"},\"query-input\":{\"@type\":\"PropertyValueSpecification\",\"valueRequired\":true,\"valueName\":\"search_term_string\"}}],\"inLanguage\":\"de\"},{\"@type\":\"Organization\",\"@id\":\"https:\\\/\\\/repliquemangacine.fr\\\/#organization\",\"name\":\"R\u00e9plique Manga Cin\u00e9\",\"url\":\"https:\\\/\\\/repliquemangacine.fr\\\/\",\"logo\":{\"@type\":\"ImageObject\",\"inLanguage\":\"de\",\"@id\":\"https:\\\/\\\/repliquemangacine.fr\\\/#\\\/schema\\\/logo\\\/image\\\/\",\"url\":\"https:\\\/\\\/repliquemangacine.fr\\\/wp-content\\\/uploads\\\/2023\\\/10\\\/RMC-500250.png\",\"contentUrl\":\"https:\\\/\\\/repliquemangacine.fr\\\/wp-content\\\/uploads\\\/2023\\\/10\\\/RMC-500250.png\",\"width\":500,\"height\":250,\"caption\":\"R\u00e9plique Manga Cin\u00e9\"},\"image\":{\"@id\":\"https:\\\/\\\/repliquemangacine.fr\\\/#\\\/schema\\\/logo\\\/image\\\/\"},\"sameAs\":[\"https:\\\/\\\/www.facebook.com\\\/RepliqueMangaCine\",\"https:\\\/\\\/www.instagram.com\\\/repliquemangacine.fr\\\/\"]}]}<\/script>\n<!-- \/ Yoast SEO plugin. -->","yoast_head_json":{"title":"Ibelin Kingdom Heaven Dolch - Replica Mittelalterliche Waffe | RMC","description":"Entdecken Sie die Replik des Ibelin-Dolches Kingdom of Heaven zum besten Preis. Klinge aus 440er Stahl - ABS-Scheide - Gesamtl\u00e4nge: 40 cm - Versand 24\/48h","robots":{"index":"index","follow":"follow","max-snippet":"max-snippet:-1","max-image-preview":"max-image-preview:large","max-video-preview":"max-video-preview:-1"},"canonical":"https:\/\/repliquemangacine.fr\/de\/mittelalterliche-dolche\/dolch-von-ibelin-kingdom-of-heaven\/","og_locale":"de_DE","og_type":"article","og_title":"Dague Ibelin Kingdom Heaven - R\u00e9plique arme M\u00e9di\u00e9vale | RMC","og_description":"D\u00e9couvrez la r\u00e9plique de la Dague Ibelin Kingdom of Heaven au meilleur prix. Lame en acier 440 - Fourreau ABS - Longueur totale : 40 cm - Envoi 24\/48h","og_url":"https:\/\/repliquemangacine.fr\/de\/mittelalterliche-dolche\/dolch-von-ibelin-kingdom-of-heaven\/","og_site_name":"R\u00e9plique Manga Cin\u00e9","article_publisher":"https:\/\/www.facebook.com\/RepliqueMangaCine","article_modified_time":"2026-01-13T15:34:23+00:00","og_image":[{"width":600,"height":600,"url":"https:\/\/repliquemangacine.fr\/wp-content\/uploads\/2023\/10\/1992-Dague-dIbelin-Kingdom-of-Heaven.jpg","type":"image\/jpeg"}],"twitter_card":"summary_large_image","twitter_misc":{"Gesch\u00e4tzte Lesezeit":"2\u00a0Minuten"},"schema":{"@context":"https:\/\/schema.org","@graph":[{"@type":"WebPage","@id":"https:\/\/repliquemangacine.fr\/dagues-medievales\/dague-d-ibelin-kingdom-of-heaven\/","url":"https:\/\/repliquemangacine.fr\/dagues-medievales\/dague-d-ibelin-kingdom-of-heaven\/","name":"Ibelin Kingdom Heaven Dolch - Replica Mittelalterliche Waffe | RMC","isPartOf":{"@id":"https:\/\/repliquemangacine.fr\/#website"},"primaryImageOfPage":{"@id":"https:\/\/repliquemangacine.fr\/dagues-medievales\/dague-d-ibelin-kingdom-of-heaven\/#primaryimage"},"image":{"@id":"https:\/\/repliquemangacine.fr\/dagues-medievales\/dague-d-ibelin-kingdom-of-heaven\/#primaryimage"},"thumbnailUrl":"https:\/\/repliquemangacine.fr\/wp-content\/uploads\/2023\/10\/1992-Dague-dIbelin-Kingdom-of-Heaven.jpg","datePublished":"2017-05-20T12:41:31+00:00","dateModified":"2026-01-13T15:34:23+00:00","description":"Entdecken Sie die Replik des Ibelin-Dolches Kingdom of Heaven zum besten Preis. Klinge aus 440er Stahl - ABS-Scheide - Gesamtl\u00e4nge: 40 cm - Versand 24\/48h","breadcrumb":{"@id":"https:\/\/repliquemangacine.fr\/dagues-medievales\/dague-d-ibelin-kingdom-of-heaven\/#breadcrumb"},"inLanguage":"de","potentialAction":[{"@type":"ReadAction","target":["https:\/\/repliquemangacine.fr\/dagues-medievales\/dague-d-ibelin-kingdom-of-heaven\/"]}]},{"@type":"ImageObject","inLanguage":"de","@id":"https:\/\/repliquemangacine.fr\/dagues-medievales\/dague-d-ibelin-kingdom-of-heaven\/#primaryimage","url":"https:\/\/repliquemangacine.fr\/wp-content\/uploads\/2023\/10\/1992-Dague-dIbelin-Kingdom-of-Heaven.jpg","contentUrl":"https:\/\/repliquemangacine.fr\/wp-content\/uploads\/2023\/10\/1992-Dague-dIbelin-Kingdom-of-Heaven.jpg","width":600,"height":600,"caption":"Dague Ibelin Kingdom Heaven"},{"@type":"BreadcrumbList","@id":"https:\/\/repliquemangacine.fr\/dagues-medievales\/dague-d-ibelin-kingdom-of-heaven\/#breadcrumb","itemListElement":[{"@type":"ListItem","position":1,"name":"Accueil","item":"https:\/\/repliquemangacine.fr\/"},{"@type":"ListItem","position":2,"name":"Produits","item":"https:\/\/repliquemangacine.fr\/boutique\/"},{"@type":"ListItem","position":3,"name":"Dague Ibelin Kingdom Heaven"}]},{"@type":"WebSite","@id":"https:\/\/repliquemangacine.fr\/#website","url":"https:\/\/repliquemangacine.fr\/","name":"R\u00e9plique Manga Cin\u00e9","description":"","publisher":{"@id":"https:\/\/repliquemangacine.fr\/#organization"},"potentialAction":[{"@type":"SearchAction","target":{"@type":"EntryPoint","urlTemplate":"https:\/\/repliquemangacine.fr\/?s={search_term_string}"},"query-input":{"@type":"PropertyValueSpecification","valueRequired":true,"valueName":"search_term_string"}}],"inLanguage":"de"},{"@type":"Organization","@id":"https:\/\/repliquemangacine.fr\/#organization","name":"R\u00e9plique Manga Cin\u00e9","url":"https:\/\/repliquemangacine.fr\/","logo":{"@type":"ImageObject","inLanguage":"de","@id":"https:\/\/repliquemangacine.fr\/#\/schema\/logo\/image\/","url":"https:\/\/repliquemangacine.fr\/wp-content\/uploads\/2023\/10\/RMC-500250.png","contentUrl":"https:\/\/repliquemangacine.fr\/wp-content\/uploads\/2023\/10\/RMC-500250.png","width":500,"height":250,"caption":"R\u00e9plique Manga Cin\u00e9"},"image":{"@id":"https:\/\/repliquemangacine.fr\/#\/schema\/logo\/image\/"},"sameAs":["https:\/\/www.facebook.com\/RepliqueMangaCine","https:\/\/www.instagram.com\/repliquemangacine.fr\/"]}]}},"_links":{"self":[{"href":"https:\/\/repliquemangacine.fr\/de\/wp-json\/wp\/v2\/product\/27214","targetHints":{"allow":["GET"]}}],"collection":[{"href":"https:\/\/repliquemangacine.fr\/de\/wp-json\/wp\/v2\/product"}],"about":[{"href":"https:\/\/repliquemangacine.fr\/de\/wp-json\/wp\/v2\/types\/product"}],"wp:featuredmedia":[{"embeddable":true,"href":"https:\/\/repliquemangacine.fr\/de\/wp-json\/wp\/v2\/media\/27215"}],"wp:attachment":[{"href":"https:\/\/repliquemangacine.fr\/de\/wp-json\/wp\/v2\/media?parent=27214"}],"wp:term":[{"taxonomy":"product_brand","embeddable":true,"href":"https:\/\/repliquemangacine.fr\/de\/wp-json\/wp\/v2\/product_brand?post=27214"},{"taxonomy":"product_cat","embeddable":true,"href":"https:\/\/repliquemangacine.fr\/de\/wp-json\/wp\/v2\/product_cat?post=27214"},{"taxonomy":"product_tag","embeddable":true,"href":"https:\/\/repliquemangacine.fr\/de\/wp-json\/wp\/v2\/product_tag?post=27214"}],"curies":[{"name":"wp","href":"https:\/\/api.w.org\/{rel}","templated":true}]}}