





{"id":27165,"date":"2017-04-27T18:26:06","date_gmt":"2017-04-27T16:26:06","guid":{"rendered":"https:\/\/repliquemangacine.fr\/?post_type=product&#038;p=27165"},"modified":"2026-04-10T18:48:55","modified_gmt":"2026-04-10T16:48:55","slug":"frostmourne-deuillegivre-schwert-des-lichkonigs","status":"publish","type":"product","link":"https:\/\/repliquemangacine.fr\/de\/epees-world-of-warcraft\/epee-frostmourne-deuillegivre-epee-du-roi-liche\/","title":{"rendered":"Frostmourne deuillegivre - Schwert des Lichk\u00f6nigs"},"content":{"rendered":"<h2>Schwert Frostmourne Deuillegivre in World of Warcraft<\/h2>\n<p>Zu Beginn wird die<strong>Schwert Frostmourne Deuillegivre<\/strong> teilt den Lichk\u00f6nig in der Erweiterung World Of Warcraft: Wrath of the Lich King aus. Zuvor erschien er in Warcraft III: Frozen Throne.<\/p>\n<p>Der Lichk\u00f6nig ist der Endboss des Schlachtzugs <a href=\"https:\/\/fr.wowhead.com\/icecrown-citadel\" target=\"_blank\" rel=\"noopener noreferrer\">die Zitadelle der Eiskrone<\/a> den Spielern unter der Abk\u00fcrzung ICC bekannt. Die Macht von Frostmourne erm\u00f6glicht es Arthas, w\u00e4hrend der K\u00e4mpfe Seelen einzufangen und so immer m\u00e4chtiger und gef\u00e4hrlicher zu werden.<\/p>\n<p>Andererseits zerfrisst die Klinge die Seele ihres Tr\u00e4gers, insbesondere durch die telepathische Verbindung mit dem Erlk\u00f6nig, was sich durch ein st\u00e4ndiges Fl\u00fcstern auszeichnet, das zum Wahnsinn f\u00fchrt. Sie ist au\u00dferdem verzaubert, ihr Metall ist extrem leicht und ihre Kraft entspricht der der schwersten Waffen.<\/p>\n<p>Deuillegivre, legend\u00e4re Waffe, ist das Runenschwert des Todesritters Arthas Menethil.<\/p>\n<h2>Ihr Frostmourne Deuillegivre Schwert zum besten Preis.<\/h2>\n<p>Wir bieten Ihnen eine gro\u00dfe Auswahl an Merchandising-Artikeln aus der Welt von World of Warcraft.<\/p>\n<p>Zun\u00e4chst einmal,<\/p>\n<ul>\n<li>Die Verschwenderin <a href=\"https:\/\/repliquemangacine.fr\/de\/schwert-world-of-warcraft\/epee-ashbringer-world-of-warcraft\/\">Ashbringer-Schwert<\/a> des Paladins Alexandros Mograine.<\/li>\n<li>Es gibt auch die zweih\u00e4ndige Axt, die <a href=\"https:\/\/repliquemangacine.fr\/de\/schwert-world-of-warcraft\/axt-des-knotensdunkelschattenmourne-world-of-warcraft\/\">Shadowmourne<\/a> von K\u00f6nig Arthas.<\/li>\n<li>Sowie Illidans Warglaive, die <a href=\"https:\/\/repliquemangacine.fr\/de\/schwert-world-of-warcraft\/zwillingsklingen-von-azzinoth-legendares-schwert-von-illidan\/\">Azzinoths Zwillingsklingen<\/a>Ein Set von Schwertern, die mit Magie durchdrungen sind.<\/li>\n<li>Und viele weitere, die es in unserem Online-Shop zu entdecken gibt!<\/li>\n<\/ul>\n<p>Deshalb ist dies eine tolle Geschenkidee f\u00fcr Wow-Fans.<\/p>\n<p>Zusammenfassend l\u00e4sst sich sagen, dass Sie schnell den<strong>Schwert Frostmourne Deuillegivre<\/strong> um Ihre Sammlung zu erweitern. Aber in erster Linie ist es ein Sammlerst\u00fcck und eine Dekoration.<\/p>\n<p>R\u00e9plique Manga Cin\u00e9 ist ein franz\u00f6sisches Familienunternehmen.<\/p>\n<h2>Wie pflegt man die Klinge seines World of Warcraft-Schwerts?<\/h2>\n<p>Sammlungs- und Dekorationsschwerter werden in vereinfachter Form hergestellt und zusammengebaut. Da sie zu Dekorationszwecken verwendet werden, fehlen ihnen die Sicherheitselemente, die ein japanisches Schwert f\u00fcr Trainingszwecke aufweisen muss.<\/p>\n<p>Allerdings ist Ihr <strong>Schwert Frostmourne Deuillegivre<\/strong> zu einer Stahlklinge, die gepflegt werden muss, damit sie nicht mit der Zeit abgenutzt wird. Denn wenn du dein Katana ausstellst, werden deine Freunde neugierig sein, die Klinge zu sehen und sie zu ber\u00fchren. Hier ist Vorsicht geboten, denn Sie sollten wissen, dass die S\u00e4ure der Finger dem Stahl unabh\u00e4ngig von seiner Qualit\u00e4t sehr schadet.<\/p>\n<p>Wenn dies jedoch passiert, keine Panik, Sie brauchen nur ein Tuch, das mit etwas \u00d6l befeuchtet ist, und wischen die Fingerabdr\u00fccke ab. Wenn Sie dies tun, werden Sie Ihr Schwert sehr lange behalten.<\/p>\n<p><strong>\u00a0<\/strong><\/p>","protected":false},"excerpt":{"rendered":"<p>Fantastische Nachbildung von Arthas' legend\u00e4rem Schwert \"Frostmourne\".<\/p>\n<ul>\n<li>Klinge aus rostfreiem Stahl mit Verzierungen.<\/li>\n<li>Wache aus gealtertem Stahl mit einer unglaublichen Detailgenauigkeit!<\/li>\n<li>Stahlgriff, der von einem Riemen aus echtem Leder umgeben ist.<\/li>\n<li>Detailgetreuer Knauf aus gealtertem Stahl.<\/li>\n<li>Wandhalterung aus Holz mit Harzdekorationen.<\/li>\n<li>L\u00e4nge der Klinge: 72cm - Gesamtl\u00e4nge: 120cm<\/li>\n<li>Gewicht: 9 kg<\/li>\n<\/ul>","protected":false},"featured_media":27166,"template":"","meta":[],"product_brand":[896],"product_cat":[23,60],"product_tag":[],"class_list":{"0":"post-27165","1":"product","2":"type-product","3":"status-publish","4":"has-post-thumbnail","6":"product_brand-replique-manga-cine","7":"product_cat-repliques-manga-jeux-video","8":"product_cat-epees-world-of-warcraft","10":"first","11":"instock","12":"sale","13":"taxable","14":"shipping-taxable","15":"purchasable","16":"product-type-simple"},"yoast_head":"<!-- This site is optimized with the Yoast SEO plugin v27.4 - https:\/\/yoast.com\/product\/yoast-seo-wordpress\/ -->\n<title>Ep\u00e9e Frostmourne Deuillegivre - Arthas World of Warcraft | RMC<\/title>\n<meta name=\"description\" content=\"Offrez-vous l&#039;Ep\u00e9e Frostmourne Deuillegivre du Roi Liche au meilleur prix. Lame acier - Echelle 1\/1 - Haute qualit\u00e9 - Longueur : 120 cm - Envoi 24\/48h\" \/>\n<meta name=\"robots\" content=\"index, follow, max-snippet:-1, max-image-preview:large, max-video-preview:-1\" \/>\n<link rel=\"canonical\" href=\"https:\/\/repliquemangacine.fr\/de\/schwerter-world-of-warcraft\/frostmourne-deuillegivre-schwert-des-lichkonigs\/\" \/>\n<meta property=\"og:locale\" content=\"de_DE\" \/>\n<meta property=\"og:type\" content=\"article\" \/>\n<meta property=\"og:title\" content=\"Ep\u00e9e Frostmourne Deuillegivre - Arthas World of Warcraft | RMC\" \/>\n<meta property=\"og:description\" content=\"Offrez-vous l&#039;Ep\u00e9e Frostmourne Deuillegivre du Roi Liche au meilleur prix. Lame acier - Echelle 1\/1 - Haute qualit\u00e9 - Longueur : 120 cm - Envoi 24\/48h\" \/>\n<meta property=\"og:url\" content=\"https:\/\/repliquemangacine.fr\/de\/schwerter-world-of-warcraft\/frostmourne-deuillegivre-schwert-des-lichkonigs\/\" \/>\n<meta property=\"og:site_name\" content=\"R\u00e9plique Manga Cin\u00e9\" \/>\n<meta property=\"article:publisher\" content=\"https:\/\/www.facebook.com\/RepliqueMangaCine\" \/>\n<meta property=\"article:modified_time\" content=\"2026-04-10T16:48:55+00:00\" \/>\n<meta property=\"og:image\" content=\"https:\/\/repliquemangacine.fr\/wp-content\/uploads\/2023\/10\/1937-Epee-Frostmourne-deuillegivre-Epee-du-roi-Liche.jpg\" \/>\n\t<meta property=\"og:image:width\" content=\"600\" \/>\n\t<meta property=\"og:image:height\" content=\"600\" \/>\n\t<meta property=\"og:image:type\" content=\"image\/jpeg\" \/>\n<meta name=\"twitter:card\" content=\"summary_large_image\" \/>\n<meta name=\"twitter:label1\" content=\"Gesch\u00e4tzte Lesezeit\" \/>\n\t<meta name=\"twitter:data1\" content=\"2\u00a0Minuten\" \/>\n<script type=\"application\/ld+json\" class=\"yoast-schema-graph\">{\"@context\":\"https:\\\/\\\/schema.org\",\"@graph\":[{\"@type\":\"WebPage\",\"@id\":\"https:\\\/\\\/repliquemangacine.fr\\\/epees-world-of-warcraft\\\/epee-frostmourne-deuillegivre-epee-du-roi-liche\\\/\",\"url\":\"https:\\\/\\\/repliquemangacine.fr\\\/epees-world-of-warcraft\\\/epee-frostmourne-deuillegivre-epee-du-roi-liche\\\/\",\"name\":\"Ep\u00e9e Frostmourne Deuillegivre - Arthas World of Warcraft | RMC\",\"isPartOf\":{\"@id\":\"https:\\\/\\\/repliquemangacine.fr\\\/#website\"},\"primaryImageOfPage\":{\"@id\":\"https:\\\/\\\/repliquemangacine.fr\\\/epees-world-of-warcraft\\\/epee-frostmourne-deuillegivre-epee-du-roi-liche\\\/#primaryimage\"},\"image\":{\"@id\":\"https:\\\/\\\/repliquemangacine.fr\\\/epees-world-of-warcraft\\\/epee-frostmourne-deuillegivre-epee-du-roi-liche\\\/#primaryimage\"},\"thumbnailUrl\":\"https:\\\/\\\/repliquemangacine.fr\\\/wp-content\\\/uploads\\\/2023\\\/10\\\/1937-Epee-Frostmourne-deuillegivre-Epee-du-roi-Liche.jpg\",\"datePublished\":\"2017-04-27T16:26:06+00:00\",\"dateModified\":\"2026-04-10T16:48:55+00:00\",\"description\":\"Offrez-vous l'Ep\u00e9e Frostmourne Deuillegivre du Roi Liche au meilleur prix. Lame acier - Echelle 1\\\/1 - Haute qualit\u00e9 - Longueur : 120 cm - Envoi 24\\\/48h\",\"breadcrumb\":{\"@id\":\"https:\\\/\\\/repliquemangacine.fr\\\/epees-world-of-warcraft\\\/epee-frostmourne-deuillegivre-epee-du-roi-liche\\\/#breadcrumb\"},\"inLanguage\":\"de\",\"potentialAction\":[{\"@type\":\"ReadAction\",\"target\":[\"https:\\\/\\\/repliquemangacine.fr\\\/epees-world-of-warcraft\\\/epee-frostmourne-deuillegivre-epee-du-roi-liche\\\/\"]}]},{\"@type\":\"ImageObject\",\"inLanguage\":\"de\",\"@id\":\"https:\\\/\\\/repliquemangacine.fr\\\/epees-world-of-warcraft\\\/epee-frostmourne-deuillegivre-epee-du-roi-liche\\\/#primaryimage\",\"url\":\"https:\\\/\\\/repliquemangacine.fr\\\/wp-content\\\/uploads\\\/2023\\\/10\\\/1937-Epee-Frostmourne-deuillegivre-Epee-du-roi-Liche.jpg\",\"contentUrl\":\"https:\\\/\\\/repliquemangacine.fr\\\/wp-content\\\/uploads\\\/2023\\\/10\\\/1937-Epee-Frostmourne-deuillegivre-Epee-du-roi-Liche.jpg\",\"width\":600,\"height\":600,\"caption\":\"Ep\u00e9e Frostmourne deuillegivre - Ep\u00e9e du roi Liche\"},{\"@type\":\"BreadcrumbList\",\"@id\":\"https:\\\/\\\/repliquemangacine.fr\\\/epees-world-of-warcraft\\\/epee-frostmourne-deuillegivre-epee-du-roi-liche\\\/#breadcrumb\",\"itemListElement\":[{\"@type\":\"ListItem\",\"position\":1,\"name\":\"Accueil\",\"item\":\"https:\\\/\\\/repliquemangacine.fr\\\/\"},{\"@type\":\"ListItem\",\"position\":2,\"name\":\"Produits\",\"item\":\"https:\\\/\\\/repliquemangacine.fr\\\/boutique\\\/\"},{\"@type\":\"ListItem\",\"position\":3,\"name\":\"Ep\u00e9e Frostmourne deuillegivre &#8211; Ep\u00e9e du roi Liche\"}]},{\"@type\":\"WebSite\",\"@id\":\"https:\\\/\\\/repliquemangacine.fr\\\/#website\",\"url\":\"https:\\\/\\\/repliquemangacine.fr\\\/\",\"name\":\"R\u00e9plique Manga Cin\u00e9\",\"description\":\"\",\"publisher\":{\"@id\":\"https:\\\/\\\/repliquemangacine.fr\\\/#organization\"},\"potentialAction\":[{\"@type\":\"SearchAction\",\"target\":{\"@type\":\"EntryPoint\",\"urlTemplate\":\"https:\\\/\\\/repliquemangacine.fr\\\/?s={search_term_string}\"},\"query-input\":{\"@type\":\"PropertyValueSpecification\",\"valueRequired\":true,\"valueName\":\"search_term_string\"}}],\"inLanguage\":\"de\"},{\"@type\":\"Organization\",\"@id\":\"https:\\\/\\\/repliquemangacine.fr\\\/#organization\",\"name\":\"R\u00e9plique Manga Cin\u00e9\",\"url\":\"https:\\\/\\\/repliquemangacine.fr\\\/\",\"logo\":{\"@type\":\"ImageObject\",\"inLanguage\":\"de\",\"@id\":\"https:\\\/\\\/repliquemangacine.fr\\\/#\\\/schema\\\/logo\\\/image\\\/\",\"url\":\"https:\\\/\\\/repliquemangacine.fr\\\/wp-content\\\/uploads\\\/2023\\\/10\\\/RMC-500250.png\",\"contentUrl\":\"https:\\\/\\\/repliquemangacine.fr\\\/wp-content\\\/uploads\\\/2023\\\/10\\\/RMC-500250.png\",\"width\":500,\"height\":250,\"caption\":\"R\u00e9plique Manga Cin\u00e9\"},\"image\":{\"@id\":\"https:\\\/\\\/repliquemangacine.fr\\\/#\\\/schema\\\/logo\\\/image\\\/\"},\"sameAs\":[\"https:\\\/\\\/www.facebook.com\\\/RepliqueMangaCine\",\"https:\\\/\\\/www.instagram.com\\\/repliquemangacine.fr\\\/\"]}]}<\/script>\n<!-- \/ Yoast SEO plugin. -->","yoast_head_json":{"title":"Schwert Frostmourne Deuillegivre - Arthas World of Warcraft | RMC","description":"G\u00f6nnen Sie sich das Frostmourne Deuillegivre Schwert des Lichk\u00f6nigs zum besten Preis. Stahlklinge - Ma\u00dfstab 1\/1 - Hohe Qualit\u00e4t - L\u00e4nge: 120 cm - Versand 24\/48h","robots":{"index":"index","follow":"follow","max-snippet":"max-snippet:-1","max-image-preview":"max-image-preview:large","max-video-preview":"max-video-preview:-1"},"canonical":"https:\/\/repliquemangacine.fr\/de\/schwerter-world-of-warcraft\/frostmourne-deuillegivre-schwert-des-lichkonigs\/","og_locale":"de_DE","og_type":"article","og_title":"Ep\u00e9e Frostmourne Deuillegivre - Arthas World of Warcraft | RMC","og_description":"Offrez-vous l'Ep\u00e9e Frostmourne Deuillegivre du Roi Liche au meilleur prix. Lame acier - Echelle 1\/1 - Haute qualit\u00e9 - Longueur : 120 cm - Envoi 24\/48h","og_url":"https:\/\/repliquemangacine.fr\/de\/schwerter-world-of-warcraft\/frostmourne-deuillegivre-schwert-des-lichkonigs\/","og_site_name":"R\u00e9plique Manga Cin\u00e9","article_publisher":"https:\/\/www.facebook.com\/RepliqueMangaCine","article_modified_time":"2026-04-10T16:48:55+00:00","og_image":[{"width":600,"height":600,"url":"https:\/\/repliquemangacine.fr\/wp-content\/uploads\/2023\/10\/1937-Epee-Frostmourne-deuillegivre-Epee-du-roi-Liche.jpg","type":"image\/jpeg"}],"twitter_card":"summary_large_image","twitter_misc":{"Gesch\u00e4tzte Lesezeit":"2\u00a0Minuten"},"schema":{"@context":"https:\/\/schema.org","@graph":[{"@type":"WebPage","@id":"https:\/\/repliquemangacine.fr\/epees-world-of-warcraft\/epee-frostmourne-deuillegivre-epee-du-roi-liche\/","url":"https:\/\/repliquemangacine.fr\/epees-world-of-warcraft\/epee-frostmourne-deuillegivre-epee-du-roi-liche\/","name":"Schwert Frostmourne Deuillegivre - Arthas World of Warcraft | RMC","isPartOf":{"@id":"https:\/\/repliquemangacine.fr\/#website"},"primaryImageOfPage":{"@id":"https:\/\/repliquemangacine.fr\/epees-world-of-warcraft\/epee-frostmourne-deuillegivre-epee-du-roi-liche\/#primaryimage"},"image":{"@id":"https:\/\/repliquemangacine.fr\/epees-world-of-warcraft\/epee-frostmourne-deuillegivre-epee-du-roi-liche\/#primaryimage"},"thumbnailUrl":"https:\/\/repliquemangacine.fr\/wp-content\/uploads\/2023\/10\/1937-Epee-Frostmourne-deuillegivre-Epee-du-roi-Liche.jpg","datePublished":"2017-04-27T16:26:06+00:00","dateModified":"2026-04-10T16:48:55+00:00","description":"G\u00f6nnen Sie sich das Frostmourne Deuillegivre Schwert des Lichk\u00f6nigs zum besten Preis. Stahlklinge - Ma\u00dfstab 1\/1 - Hohe Qualit\u00e4t - L\u00e4nge: 120 cm - Versand 24\/48h","breadcrumb":{"@id":"https:\/\/repliquemangacine.fr\/epees-world-of-warcraft\/epee-frostmourne-deuillegivre-epee-du-roi-liche\/#breadcrumb"},"inLanguage":"de","potentialAction":[{"@type":"ReadAction","target":["https:\/\/repliquemangacine.fr\/epees-world-of-warcraft\/epee-frostmourne-deuillegivre-epee-du-roi-liche\/"]}]},{"@type":"ImageObject","inLanguage":"de","@id":"https:\/\/repliquemangacine.fr\/epees-world-of-warcraft\/epee-frostmourne-deuillegivre-epee-du-roi-liche\/#primaryimage","url":"https:\/\/repliquemangacine.fr\/wp-content\/uploads\/2023\/10\/1937-Epee-Frostmourne-deuillegivre-Epee-du-roi-Liche.jpg","contentUrl":"https:\/\/repliquemangacine.fr\/wp-content\/uploads\/2023\/10\/1937-Epee-Frostmourne-deuillegivre-Epee-du-roi-Liche.jpg","width":600,"height":600,"caption":"Ep\u00e9e Frostmourne deuillegivre - Ep\u00e9e du roi Liche"},{"@type":"BreadcrumbList","@id":"https:\/\/repliquemangacine.fr\/epees-world-of-warcraft\/epee-frostmourne-deuillegivre-epee-du-roi-liche\/#breadcrumb","itemListElement":[{"@type":"ListItem","position":1,"name":"Accueil","item":"https:\/\/repliquemangacine.fr\/"},{"@type":"ListItem","position":2,"name":"Produits","item":"https:\/\/repliquemangacine.fr\/boutique\/"},{"@type":"ListItem","position":3,"name":"Ep\u00e9e Frostmourne deuillegivre &#8211; Ep\u00e9e du roi Liche"}]},{"@type":"WebSite","@id":"https:\/\/repliquemangacine.fr\/#website","url":"https:\/\/repliquemangacine.fr\/","name":"R\u00e9plique Manga Cin\u00e9","description":"","publisher":{"@id":"https:\/\/repliquemangacine.fr\/#organization"},"potentialAction":[{"@type":"SearchAction","target":{"@type":"EntryPoint","urlTemplate":"https:\/\/repliquemangacine.fr\/?s={search_term_string}"},"query-input":{"@type":"PropertyValueSpecification","valueRequired":true,"valueName":"search_term_string"}}],"inLanguage":"de"},{"@type":"Organization","@id":"https:\/\/repliquemangacine.fr\/#organization","name":"R\u00e9plique Manga Cin\u00e9","url":"https:\/\/repliquemangacine.fr\/","logo":{"@type":"ImageObject","inLanguage":"de","@id":"https:\/\/repliquemangacine.fr\/#\/schema\/logo\/image\/","url":"https:\/\/repliquemangacine.fr\/wp-content\/uploads\/2023\/10\/RMC-500250.png","contentUrl":"https:\/\/repliquemangacine.fr\/wp-content\/uploads\/2023\/10\/RMC-500250.png","width":500,"height":250,"caption":"R\u00e9plique Manga Cin\u00e9"},"image":{"@id":"https:\/\/repliquemangacine.fr\/#\/schema\/logo\/image\/"},"sameAs":["https:\/\/www.facebook.com\/RepliqueMangaCine","https:\/\/www.instagram.com\/repliquemangacine.fr\/"]}]}},"_links":{"self":[{"href":"https:\/\/repliquemangacine.fr\/de\/wp-json\/wp\/v2\/product\/27165","targetHints":{"allow":["GET"]}}],"collection":[{"href":"https:\/\/repliquemangacine.fr\/de\/wp-json\/wp\/v2\/product"}],"about":[{"href":"https:\/\/repliquemangacine.fr\/de\/wp-json\/wp\/v2\/types\/product"}],"wp:featuredmedia":[{"embeddable":true,"href":"https:\/\/repliquemangacine.fr\/de\/wp-json\/wp\/v2\/media\/27166"}],"wp:attachment":[{"href":"https:\/\/repliquemangacine.fr\/de\/wp-json\/wp\/v2\/media?parent=27165"}],"wp:term":[{"taxonomy":"product_brand","embeddable":true,"href":"https:\/\/repliquemangacine.fr\/de\/wp-json\/wp\/v2\/product_brand?post=27165"},{"taxonomy":"product_cat","embeddable":true,"href":"https:\/\/repliquemangacine.fr\/de\/wp-json\/wp\/v2\/product_cat?post=27165"},{"taxonomy":"product_tag","embeddable":true,"href":"https:\/\/repliquemangacine.fr\/de\/wp-json\/wp\/v2\/product_tag?post=27165"}],"curies":[{"name":"wp","href":"https:\/\/api.w.org\/{rel}","templated":true}]}}