





{"id":27087,"date":"2017-04-24T12:46:21","date_gmt":"2017-04-24T10:46:21","guid":{"rendered":"https:\/\/repliquemangacine.fr\/?post_type=product&#038;p=27087"},"modified":"2026-02-17T09:57:21","modified_gmt":"2026-02-17T08:57:21","slug":"sabel-feuerzeug-modell-an-xi-der-napoleonischen-infanterie","status":"publish","type":"product","link":"https:\/\/repliquemangacine.fr\/de\/sabres-1er-empire\/sabre-briquet-modele-an-xi-d-infanterie-napoleonien\/","title":{"rendered":"S\u00e4bel Feuerzeug Modell AN-XI"},"content":{"rendered":"<h2>Sabre Briquet Modell AN-XI der napoleonischen Infanterie.<\/h2>\n<p>Zu Beginn wird der <strong>S\u00e4bel Feuerzeug Modell AN-XI<\/strong> der napoleonischen Infanterie, die f\u00fcr den Schnitt entworfen wurde und in der Regel von Kavallerie- und Infanterieoffizieren sowie der Marine verwendet wurde.<\/p>\n<p>Die napoleonische Infanterie war mit einem kurzen S\u00e4bel ausger\u00fcstet, der neben dem Bajonett am Schulterriemen getragen wurde. Im Jahr 1806 nahm dieser S\u00e4bel offiziell den Spitznamen \"Feuerzeug\" an, den ihm die Reiter sp\u00f6ttisch gegeben hatten.<\/p>\n<p>Dieser Infanteries\u00e4bel, genannt Briquet, ist ein Modell aus dem Jahr XI mit einer 60 cm langen, flachen, gebogenen Klinge und einem abgerundeten, einarmigen Messingb\u00fcgel mit 28 Rillen.<\/p>\n<p>Wurde zwischen dem Ersten Kaiserreich und der Herrschaft von Louis-Philippe in Hunderttausenden von Exemplaren hergestellt.<\/p>\n<p>Die <a href=\"https:\/\/www.alienor.org\/publications\/2200-sabre-d-infanterie-modele-an-xi-dit-sabre-briquet\" target=\"_blank\" rel=\"noopener noreferrer\">S\u00e4bel Feuerzeug Modell AN XI<\/a> wird dann der letzte Infanteries\u00e4bel mit gebogener Klinge sein.<\/p>\n<h2>Ihr S\u00e4bel Feuerzeug Modell AN-XI zum besten Preis.<\/h2>\n<p>Wir bieten Ihnen eine gro\u00dfe Auswahl an Reproduktionen historischer Waffen.<\/p>\n<p>Zun\u00e4chst einmal,<\/p>\n<ul>\n<li>Die <a href=\"https:\/\/repliquemangacine.fr\/de\/antike-pistole\/linkshandige-steinschlosspistole-denix\/\">Steinschlosspistole Napoleon<\/a> mit dem Emblem des N und seiner Kaiserkrone. Spezielle Linksh\u00e4nder<\/li>\n<li>Sowie die<a href=\"https:\/\/repliquemangacine.fr\/de\/sabel-1-empire\/napoleonisches-zeremonialschwert\/\">napoleonisches Zeremonialschwert<\/a> mit seinem ber\u00fchmten Adlersymbol.<\/li>\n<li>Es gibt auch diesen <a href=\"https:\/\/repliquemangacine.fr\/de\/medieval-accessoires\/wandhalterung-fur-gewehr-und-schwertpistole\/\">Wandhalterung<\/a> aus zwei Lilienst\u00fccken zum Ausstellen Ihrer Pistolen, Gewehre oder Degen.<\/li>\n<li>Und viele andere, die es in unserem Online-Shop zu entdecken gibt!<\/li>\n<\/ul>\n<p>Deshalb sind hier tolle Geschenkideen f\u00fcr Geschichtsinteressierte.<\/p>\n<p>Abschlie\u00dfend k\u00f6nnen Sie auch diesen <strong>S\u00e4bel Feuerzeug Modell AN-XI<\/strong> der Infanterie f\u00fcr Ihre historischen Reenactments. Vor allem aber ist dieser S\u00e4bel ein Sammler- und Dekorationsst\u00fcck.<\/p>\n<h2>Wie pflegt man die Klinge seines historischen Schwertes?<\/h2>\n<p>Sammlungs- und Dekorationsschwerter werden in vereinfachter Form hergestellt und zusammengebaut. Da sie zu Dekorationszwecken verwendet werden, fehlen ihnen die Sicherheitselemente, die ein japanisches Schwert f\u00fcr Trainingszwecke aufweisen muss.<\/p>\n<p>Allerdings ist Ihr <strong>S\u00e4bel Feuerzeug Modell AN-XI<\/strong> zu einer Stahlklinge, die gepflegt werden muss, damit sie nicht mit der Zeit abgenutzt wird. Denn wenn du dein Katana ausstellst, werden deine Freunde neugierig sein, die Klinge zu sehen und sie zu ber\u00fchren. Hier ist Vorsicht geboten, denn Sie sollten wissen, dass die S\u00e4ure der Finger dem Stahl unabh\u00e4ngig von seiner Qualit\u00e4t sehr schadet.<\/p>\n<p>Wenn dies jedoch passiert, keine Panik, Sie brauchen nur ein Tuch, das mit etwas \u00d6l befeuchtet ist, und wischen die Fingerabdr\u00fccke ab. Wenn Sie dies tun, werden Sie Ihr Schwert sehr lange behalten.<\/p>","protected":false},"excerpt":{"rendered":"<p>Wundersch\u00f6ne Reproduktion des Sabre Briquet Modell AN-XI der napoleonischen Infanterie.<\/p>\n<ul>\n<li>Griff und Guard sind aus massivem Messing.<\/li>\n<li>Dicke Klinge aus geschmiedetem und geh\u00e4rtetem Stahl.<\/li>\n<li>Scheide aus echtem Leder mit Messingapplikationen und Knopf f\u00fcr das Aufh\u00e4ngesystem.<\/li>\n<li>Gesamtl\u00e4nge: 75 cm - Gewicht: 1350 Grs<\/li>\n<\/ul>","protected":false},"featured_media":27088,"template":"","meta":[],"product_brand":[896],"product_cat":[25,37,833,74],"product_tag":[],"class_list":{"0":"post-27087","1":"product","2":"type-product","3":"status-publish","4":"has-post-thumbnail","6":"product_brand-replique-manga-cine","7":"product_cat-armes-historiques","8":"product_cat-premier-empire","9":"product_cat-repliques-darmes-napoleon","10":"product_cat-sabres-1er-empire","12":"first","13":"outofstock","14":"taxable","15":"shipping-taxable","16":"purchasable","17":"product-type-simple"},"yoast_head":"<!-- This site is optimized with the Yoast SEO plugin v27.5 - https:\/\/yoast.com\/product\/yoast-seo-wordpress\/ -->\n<title>Sabre Briquet mod\u00e8le AN-XI - Vente Sabre Napol\u00e9onien | RMC<\/title>\n<meta name=\"description\" content=\"Offrez-lui ce Sabre Briquet mod\u00e8le AN-XI du 1er Empire au meilleur prix - Lame acier - Poign\u00e9e en laiton massif - Fourreau en cuir - Longueur : 75 cm\" \/>\n<meta name=\"robots\" content=\"index, follow, max-snippet:-1, max-image-preview:large, max-video-preview:-1\" \/>\n<link rel=\"canonical\" href=\"https:\/\/repliquemangacine.fr\/de\/sabel-1-empire\/sabel-feuerzeug-modell-an-xi-der-napoleonischen-infanterie\/\" \/>\n<meta property=\"og:locale\" content=\"de_DE\" \/>\n<meta property=\"og:type\" content=\"article\" \/>\n<meta property=\"og:title\" content=\"Sabre Briquet mod\u00e8le AN-XI - Vente Sabre Napol\u00e9onien | RMC\" \/>\n<meta property=\"og:description\" content=\"Offrez-lui ce Sabre Briquet mod\u00e8le AN-XI du 1er Empire au meilleur prix - Lame acier - Poign\u00e9e en laiton massif - Fourreau en cuir - Longueur : 75 cm\" \/>\n<meta property=\"og:url\" content=\"https:\/\/repliquemangacine.fr\/de\/sabel-1-empire\/sabel-feuerzeug-modell-an-xi-der-napoleonischen-infanterie\/\" \/>\n<meta property=\"og:site_name\" content=\"R\u00e9plique Manga Cin\u00e9\" \/>\n<meta property=\"article:publisher\" content=\"https:\/\/www.facebook.com\/RepliqueMangaCine\" \/>\n<meta property=\"article:modified_time\" content=\"2026-02-17T08:57:21+00:00\" \/>\n<meta property=\"og:image\" content=\"https:\/\/repliquemangacine.fr\/wp-content\/uploads\/2023\/10\/1873-Sabre-briquet-dinfanterie-Napoleonien.jpg\" \/>\n\t<meta property=\"og:image:width\" content=\"600\" \/>\n\t<meta property=\"og:image:height\" content=\"600\" \/>\n\t<meta property=\"og:image:type\" content=\"image\/jpeg\" \/>\n<meta name=\"twitter:card\" content=\"summary_large_image\" \/>\n<meta name=\"twitter:label1\" content=\"Gesch\u00e4tzte Lesezeit\" \/>\n\t<meta name=\"twitter:data1\" content=\"2\u00a0Minuten\" \/>\n<script type=\"application\/ld+json\" class=\"yoast-schema-graph\">{\"@context\":\"https:\\\/\\\/schema.org\",\"@graph\":[{\"@type\":\"WebPage\",\"@id\":\"https:\\\/\\\/repliquemangacine.fr\\\/sabres-1er-empire\\\/sabre-briquet-modele-an-xi-d-infanterie-napoleonien\\\/\",\"url\":\"https:\\\/\\\/repliquemangacine.fr\\\/sabres-1er-empire\\\/sabre-briquet-modele-an-xi-d-infanterie-napoleonien\\\/\",\"name\":\"Sabre Briquet mod\u00e8le AN-XI - Vente Sabre Napol\u00e9onien | RMC\",\"isPartOf\":{\"@id\":\"https:\\\/\\\/repliquemangacine.fr\\\/#website\"},\"primaryImageOfPage\":{\"@id\":\"https:\\\/\\\/repliquemangacine.fr\\\/sabres-1er-empire\\\/sabre-briquet-modele-an-xi-d-infanterie-napoleonien\\\/#primaryimage\"},\"image\":{\"@id\":\"https:\\\/\\\/repliquemangacine.fr\\\/sabres-1er-empire\\\/sabre-briquet-modele-an-xi-d-infanterie-napoleonien\\\/#primaryimage\"},\"thumbnailUrl\":\"https:\\\/\\\/repliquemangacine.fr\\\/wp-content\\\/uploads\\\/2023\\\/10\\\/1873-Sabre-briquet-dinfanterie-Napoleonien.jpg\",\"datePublished\":\"2017-04-24T10:46:21+00:00\",\"dateModified\":\"2026-02-17T08:57:21+00:00\",\"description\":\"Offrez-lui ce Sabre Briquet mod\u00e8le AN-XI du 1er Empire au meilleur prix - Lame acier - Poign\u00e9e en laiton massif - Fourreau en cuir - Longueur : 75 cm\",\"breadcrumb\":{\"@id\":\"https:\\\/\\\/repliquemangacine.fr\\\/sabres-1er-empire\\\/sabre-briquet-modele-an-xi-d-infanterie-napoleonien\\\/#breadcrumb\"},\"inLanguage\":\"de\",\"potentialAction\":[{\"@type\":\"ReadAction\",\"target\":[\"https:\\\/\\\/repliquemangacine.fr\\\/sabres-1er-empire\\\/sabre-briquet-modele-an-xi-d-infanterie-napoleonien\\\/\"]}]},{\"@type\":\"ImageObject\",\"inLanguage\":\"de\",\"@id\":\"https:\\\/\\\/repliquemangacine.fr\\\/sabres-1er-empire\\\/sabre-briquet-modele-an-xi-d-infanterie-napoleonien\\\/#primaryimage\",\"url\":\"https:\\\/\\\/repliquemangacine.fr\\\/wp-content\\\/uploads\\\/2023\\\/10\\\/1873-Sabre-briquet-dinfanterie-Napoleonien.jpg\",\"contentUrl\":\"https:\\\/\\\/repliquemangacine.fr\\\/wp-content\\\/uploads\\\/2023\\\/10\\\/1873-Sabre-briquet-dinfanterie-Napoleonien.jpg\",\"width\":600,\"height\":600,\"caption\":\"Sabre briquet d'infanterie Napol\u00e9onien\"},{\"@type\":\"BreadcrumbList\",\"@id\":\"https:\\\/\\\/repliquemangacine.fr\\\/sabres-1er-empire\\\/sabre-briquet-modele-an-xi-d-infanterie-napoleonien\\\/#breadcrumb\",\"itemListElement\":[{\"@type\":\"ListItem\",\"position\":1,\"name\":\"Accueil\",\"item\":\"https:\\\/\\\/repliquemangacine.fr\\\/\"},{\"@type\":\"ListItem\",\"position\":2,\"name\":\"Produits\",\"item\":\"https:\\\/\\\/repliquemangacine.fr\\\/boutique\\\/\"},{\"@type\":\"ListItem\",\"position\":3,\"name\":\"Sabre Briquet mod\u00e8le AN-XI\"}]},{\"@type\":\"WebSite\",\"@id\":\"https:\\\/\\\/repliquemangacine.fr\\\/#website\",\"url\":\"https:\\\/\\\/repliquemangacine.fr\\\/\",\"name\":\"R\u00e9plique Manga Cin\u00e9\",\"description\":\"\",\"publisher\":{\"@id\":\"https:\\\/\\\/repliquemangacine.fr\\\/#organization\"},\"potentialAction\":[{\"@type\":\"SearchAction\",\"target\":{\"@type\":\"EntryPoint\",\"urlTemplate\":\"https:\\\/\\\/repliquemangacine.fr\\\/?s={search_term_string}\"},\"query-input\":{\"@type\":\"PropertyValueSpecification\",\"valueRequired\":true,\"valueName\":\"search_term_string\"}}],\"inLanguage\":\"de\"},{\"@type\":\"Organization\",\"@id\":\"https:\\\/\\\/repliquemangacine.fr\\\/#organization\",\"name\":\"R\u00e9plique Manga Cin\u00e9\",\"url\":\"https:\\\/\\\/repliquemangacine.fr\\\/\",\"logo\":{\"@type\":\"ImageObject\",\"inLanguage\":\"de\",\"@id\":\"https:\\\/\\\/repliquemangacine.fr\\\/#\\\/schema\\\/logo\\\/image\\\/\",\"url\":\"https:\\\/\\\/repliquemangacine.fr\\\/wp-content\\\/uploads\\\/2023\\\/10\\\/RMC-500250.png\",\"contentUrl\":\"https:\\\/\\\/repliquemangacine.fr\\\/wp-content\\\/uploads\\\/2023\\\/10\\\/RMC-500250.png\",\"width\":500,\"height\":250,\"caption\":\"R\u00e9plique Manga Cin\u00e9\"},\"image\":{\"@id\":\"https:\\\/\\\/repliquemangacine.fr\\\/#\\\/schema\\\/logo\\\/image\\\/\"},\"sameAs\":[\"https:\\\/\\\/www.facebook.com\\\/RepliqueMangaCine\",\"https:\\\/\\\/www.instagram.com\\\/repliquemangacine.fr\\\/\"]}]}<\/script>\n<!-- \/ Yoast SEO plugin. -->","yoast_head_json":{"title":"Sabre Briquet Modell AN-XI - Napoleonischer S\u00e4bel Verkauf | RMC","description":"Schenken Sie ihm dieses Sabre Briquet Modell AN-XI aus dem 1. Empire zum besten Preis - Klinge aus Stahl - Griff aus massivem Messing - Lederscheide - L\u00e4nge: 75 cm","robots":{"index":"index","follow":"follow","max-snippet":"max-snippet:-1","max-image-preview":"max-image-preview:large","max-video-preview":"max-video-preview:-1"},"canonical":"https:\/\/repliquemangacine.fr\/de\/sabel-1-empire\/sabel-feuerzeug-modell-an-xi-der-napoleonischen-infanterie\/","og_locale":"de_DE","og_type":"article","og_title":"Sabre Briquet mod\u00e8le AN-XI - Vente Sabre Napol\u00e9onien | RMC","og_description":"Offrez-lui ce Sabre Briquet mod\u00e8le AN-XI du 1er Empire au meilleur prix - Lame acier - Poign\u00e9e en laiton massif - Fourreau en cuir - Longueur : 75 cm","og_url":"https:\/\/repliquemangacine.fr\/de\/sabel-1-empire\/sabel-feuerzeug-modell-an-xi-der-napoleonischen-infanterie\/","og_site_name":"R\u00e9plique Manga Cin\u00e9","article_publisher":"https:\/\/www.facebook.com\/RepliqueMangaCine","article_modified_time":"2026-02-17T08:57:21+00:00","og_image":[{"width":600,"height":600,"url":"https:\/\/repliquemangacine.fr\/wp-content\/uploads\/2023\/10\/1873-Sabre-briquet-dinfanterie-Napoleonien.jpg","type":"image\/jpeg"}],"twitter_card":"summary_large_image","twitter_misc":{"Gesch\u00e4tzte Lesezeit":"2\u00a0Minuten"},"schema":{"@context":"https:\/\/schema.org","@graph":[{"@type":"WebPage","@id":"https:\/\/repliquemangacine.fr\/sabres-1er-empire\/sabre-briquet-modele-an-xi-d-infanterie-napoleonien\/","url":"https:\/\/repliquemangacine.fr\/sabres-1er-empire\/sabre-briquet-modele-an-xi-d-infanterie-napoleonien\/","name":"Sabre Briquet Modell AN-XI - Napoleonischer S\u00e4bel Verkauf | RMC","isPartOf":{"@id":"https:\/\/repliquemangacine.fr\/#website"},"primaryImageOfPage":{"@id":"https:\/\/repliquemangacine.fr\/sabres-1er-empire\/sabre-briquet-modele-an-xi-d-infanterie-napoleonien\/#primaryimage"},"image":{"@id":"https:\/\/repliquemangacine.fr\/sabres-1er-empire\/sabre-briquet-modele-an-xi-d-infanterie-napoleonien\/#primaryimage"},"thumbnailUrl":"https:\/\/repliquemangacine.fr\/wp-content\/uploads\/2023\/10\/1873-Sabre-briquet-dinfanterie-Napoleonien.jpg","datePublished":"2017-04-24T10:46:21+00:00","dateModified":"2026-02-17T08:57:21+00:00","description":"Schenken Sie ihm dieses Sabre Briquet Modell AN-XI aus dem 1. Empire zum besten Preis - Klinge aus Stahl - Griff aus massivem Messing - Lederscheide - L\u00e4nge: 75 cm","breadcrumb":{"@id":"https:\/\/repliquemangacine.fr\/sabres-1er-empire\/sabre-briquet-modele-an-xi-d-infanterie-napoleonien\/#breadcrumb"},"inLanguage":"de","potentialAction":[{"@type":"ReadAction","target":["https:\/\/repliquemangacine.fr\/sabres-1er-empire\/sabre-briquet-modele-an-xi-d-infanterie-napoleonien\/"]}]},{"@type":"ImageObject","inLanguage":"de","@id":"https:\/\/repliquemangacine.fr\/sabres-1er-empire\/sabre-briquet-modele-an-xi-d-infanterie-napoleonien\/#primaryimage","url":"https:\/\/repliquemangacine.fr\/wp-content\/uploads\/2023\/10\/1873-Sabre-briquet-dinfanterie-Napoleonien.jpg","contentUrl":"https:\/\/repliquemangacine.fr\/wp-content\/uploads\/2023\/10\/1873-Sabre-briquet-dinfanterie-Napoleonien.jpg","width":600,"height":600,"caption":"Sabre briquet d'infanterie Napol\u00e9onien"},{"@type":"BreadcrumbList","@id":"https:\/\/repliquemangacine.fr\/sabres-1er-empire\/sabre-briquet-modele-an-xi-d-infanterie-napoleonien\/#breadcrumb","itemListElement":[{"@type":"ListItem","position":1,"name":"Accueil","item":"https:\/\/repliquemangacine.fr\/"},{"@type":"ListItem","position":2,"name":"Produits","item":"https:\/\/repliquemangacine.fr\/boutique\/"},{"@type":"ListItem","position":3,"name":"Sabre Briquet mod\u00e8le AN-XI"}]},{"@type":"WebSite","@id":"https:\/\/repliquemangacine.fr\/#website","url":"https:\/\/repliquemangacine.fr\/","name":"R\u00e9plique Manga Cin\u00e9","description":"","publisher":{"@id":"https:\/\/repliquemangacine.fr\/#organization"},"potentialAction":[{"@type":"SearchAction","target":{"@type":"EntryPoint","urlTemplate":"https:\/\/repliquemangacine.fr\/?s={search_term_string}"},"query-input":{"@type":"PropertyValueSpecification","valueRequired":true,"valueName":"search_term_string"}}],"inLanguage":"de"},{"@type":"Organization","@id":"https:\/\/repliquemangacine.fr\/#organization","name":"R\u00e9plique Manga Cin\u00e9","url":"https:\/\/repliquemangacine.fr\/","logo":{"@type":"ImageObject","inLanguage":"de","@id":"https:\/\/repliquemangacine.fr\/#\/schema\/logo\/image\/","url":"https:\/\/repliquemangacine.fr\/wp-content\/uploads\/2023\/10\/RMC-500250.png","contentUrl":"https:\/\/repliquemangacine.fr\/wp-content\/uploads\/2023\/10\/RMC-500250.png","width":500,"height":250,"caption":"R\u00e9plique Manga Cin\u00e9"},"image":{"@id":"https:\/\/repliquemangacine.fr\/#\/schema\/logo\/image\/"},"sameAs":["https:\/\/www.facebook.com\/RepliqueMangaCine","https:\/\/www.instagram.com\/repliquemangacine.fr\/"]}]}},"_links":{"self":[{"href":"https:\/\/repliquemangacine.fr\/de\/wp-json\/wp\/v2\/product\/27087","targetHints":{"allow":["GET"]}}],"collection":[{"href":"https:\/\/repliquemangacine.fr\/de\/wp-json\/wp\/v2\/product"}],"about":[{"href":"https:\/\/repliquemangacine.fr\/de\/wp-json\/wp\/v2\/types\/product"}],"wp:featuredmedia":[{"embeddable":true,"href":"https:\/\/repliquemangacine.fr\/de\/wp-json\/wp\/v2\/media\/27088"}],"wp:attachment":[{"href":"https:\/\/repliquemangacine.fr\/de\/wp-json\/wp\/v2\/media?parent=27087"}],"wp:term":[{"taxonomy":"product_brand","embeddable":true,"href":"https:\/\/repliquemangacine.fr\/de\/wp-json\/wp\/v2\/product_brand?post=27087"},{"taxonomy":"product_cat","embeddable":true,"href":"https:\/\/repliquemangacine.fr\/de\/wp-json\/wp\/v2\/product_cat?post=27087"},{"taxonomy":"product_tag","embeddable":true,"href":"https:\/\/repliquemangacine.fr\/de\/wp-json\/wp\/v2\/product_tag?post=27087"}],"curies":[{"name":"wp","href":"https:\/\/api.w.org\/{rel}","templated":true}]}}