





{"id":27077,"date":"2017-04-14T19:19:00","date_gmt":"2017-04-14T17:19:00","guid":{"rendered":"https:\/\/repliquemangacine.fr\/?post_type=product&#038;p=27077"},"modified":"2026-04-20T19:31:41","modified_gmt":"2026-04-20T17:31:41","slug":"blister-mit-100-zundhutchen-fur-denix-pistolen","status":"publish","type":"product","link":"https:\/\/repliquemangacine.fr\/de\/holster-accessoires-western\/blister-de-100-amorces-pour-pistolet-denix\/","title":{"rendered":"Blister mit 100 Z\u00fcndh\u00fctchen f\u00fcr Denix-Pistolen"},"content":{"rendered":"<h2>Blister 100 Z\u00fcndh\u00fctchen f\u00fcr Denix-Pistolen<\/h2>\n<p>Zu Beginn wird der <strong>Blister mit 100 Amorces<\/strong> ist ausschlie\u00dflich f\u00fcr Denix-Kugeln und -Waffen reserviert.<\/p>\n<p>Sie suchen f\u00fcr Ihre Reenactments, Filme oder Westernshows harmlose Waffen, die die Illusion eines echten Schusses vermitteln. Ihre Z\u00fcndh\u00fctchen sind so gestaltet, dass sie Ihnen das geben, was Sie wollen.<\/p>\n<p>In der Tat, <a href=\"https:\/\/www.denix.fr\/fr\/accueil-fr\/\" target=\"_blank\" rel=\"noopener noreferrer\">Denix<\/a> hat Kugeln mit einem kleinen Stift entwickelt, der ein Z\u00fcndh\u00fctchen aufnehmen kann. Wenn der Hahn der Pistole oder des Gewehrs auf das Z\u00fcndh\u00fctchen trifft, knallt es wie bei einer echten Kugel.<\/p>\n<p>Die Illusion eines echten Schusses ist verbl\u00fcffend, Ihre Zuschauer werden nichts als Feuer sehen! Es knallt wie verr\u00fcckt!<\/p>\n<h2>Ihr Westernzubeh\u00f6r zum besten Preis.<\/h2>\n<p>Wir bieten Ihnen eine gro\u00dfe Auswahl an Repliken von Denix Colts und Winchester.<\/p>\n<p>Zun\u00e4chst einmal,<\/p>\n<ul>\n<li>Die <a href=\"https:\/\/repliquemangacine.fr\/de\/kolser-waffe\/colt-peacemaker-kolser-5-5-poliert\/\">colt peacemaker 1873<\/a> Kaliber 45 handpoliert Kolser.<\/li>\n<li>Es gibt auch das Gewehr <a href=\"https:\/\/repliquemangacine.fr\/de\/repliken-western-winchesters\/winchester-karabiner-john-wayne-modell-1892\/\">winchester John Wayne<\/a> mit seinem gro\u00dfen Hebel unter Schutz.<\/li>\n<li>Sowie das <a href=\"https:\/\/repliquemangacine.fr\/de\/colts-revolver\/colt-peacemaker-kolser-5-5-snake\/\">colt 45<\/a> mit austauschbarem Griff und Schlangengravur<\/li>\n<li>Und viele andere, die es in unserem Online-Shop zu entdecken gibt!<\/li>\n<\/ul>\n<p>Deshalb gibt es hier tolle Geschenkideen f\u00fcr alle Westernfans<\/p>\n<p>Abschlie\u00dfend k\u00f6nnen Sie diesen <strong>Blister mit 100 Primern<\/strong> f\u00fcr Ihre Auff\u00fchrungen und Westernshows. Vor allem aber sind seine Waffennachbildungen Sammler- und Dekorationsobjekte.<\/p>","protected":false},"excerpt":{"rendered":"<p>Blister-Nachf\u00fcllpackung mit 100 Z\u00fcndh\u00fctchen f\u00fcr Denix-Pistolen.<\/p>\n<ul>\n<li>Sie wollen, dass Ihre Sammlerpistole wie eine echte klingt!<\/li>\n<li>Seine Z\u00fcndh\u00fctchen sind mit den Spezialb\u00e4llen Ref: BA49 zu verwenden.<\/li>\n<\/ul>","protected":false},"featured_media":27078,"template":"","meta":[],"product_brand":[896],"product_cat":[51,34,90,28,27],"product_tag":[],"class_list":{"0":"post-27077","1":"product","2":"type-product","3":"status-publish","4":"has-post-thumbnail","6":"product_brand-replique-manga-cine","7":"product_cat-accessoires-western","8":"product_cat-armes-westerns","9":"product_cat-holster-accessoires-western","10":"product_cat-repliques-darmes","11":"product_cat-armes-et-accessoires-western","13":"first","14":"instock","15":"taxable","16":"shipping-taxable","17":"purchasable","18":"product-type-simple"},"yoast_head":"<!-- This site is optimized with the Yoast SEO plugin v27.5 - https:\/\/yoast.com\/product\/yoast-seo-wordpress\/ -->\n<title>Blister de 100 amorces pour pistolet Denix | R\u00e9plique Manga Cin\u00e9<\/title>\n<meta name=\"description\" content=\"Vous voulez que votre pistolet de collection fasse du bruit comme un vrai ! Avec ce blister de 100 amorces pour les pistolets Denix au meilleur prix.\" \/>\n<meta name=\"robots\" content=\"index, follow, max-snippet:-1, max-image-preview:large, max-video-preview:-1\" \/>\n<link rel=\"canonical\" href=\"https:\/\/repliquemangacine.fr\/de\/holster-westernzubehor\/blister-mit-100-zundhutchen-fur-denix-pistolen\/\" \/>\n<meta property=\"og:locale\" content=\"de_DE\" \/>\n<meta property=\"og:type\" content=\"article\" \/>\n<meta property=\"og:title\" content=\"Blister de 100 amorces pour pistolet Denix | R\u00e9plique Manga Cin\u00e9\" \/>\n<meta property=\"og:description\" content=\"Vous voulez que votre pistolet de collection fasse du bruit comme un vrai ! Avec ce blister de 100 amorces pour les pistolets Denix au meilleur prix.\" \/>\n<meta property=\"og:url\" content=\"https:\/\/repliquemangacine.fr\/de\/holster-westernzubehor\/blister-mit-100-zundhutchen-fur-denix-pistolen\/\" \/>\n<meta property=\"og:site_name\" content=\"R\u00e9plique Manga Cin\u00e9\" \/>\n<meta property=\"article:publisher\" content=\"https:\/\/www.facebook.com\/RepliqueMangaCine\" \/>\n<meta property=\"article:modified_time\" content=\"2026-04-20T17:31:41+00:00\" \/>\n<meta property=\"og:image\" content=\"https:\/\/repliquemangacine.fr\/wp-content\/uploads\/2023\/10\/2659-Blister-de-100-Amorces-pour-pistolet-Denix.jpg\" \/>\n\t<meta property=\"og:image:width\" content=\"1000\" \/>\n\t<meta property=\"og:image:height\" content=\"1000\" \/>\n\t<meta property=\"og:image:type\" content=\"image\/jpeg\" \/>\n<meta name=\"twitter:card\" content=\"summary_large_image\" \/>\n<meta name=\"twitter:label1\" content=\"Gesch\u00e4tzte Lesezeit\" \/>\n\t<meta name=\"twitter:data1\" content=\"1\u00a0Minute\" \/>\n<script type=\"application\/ld+json\" class=\"yoast-schema-graph\">{\"@context\":\"https:\\\/\\\/schema.org\",\"@graph\":[{\"@type\":\"WebPage\",\"@id\":\"https:\\\/\\\/repliquemangacine.fr\\\/de\\\/holster-westernzubehor\\\/blister-mit-100-zundhutchen-fur-denix-pistolen\\\/\",\"url\":\"https:\\\/\\\/repliquemangacine.fr\\\/de\\\/holster-westernzubehor\\\/blister-mit-100-zundhutchen-fur-denix-pistolen\\\/\",\"name\":\"Blister de 100 amorces pour pistolet Denix | R\u00e9plique Manga Cin\u00e9\",\"isPartOf\":{\"@id\":\"https:\\\/\\\/repliquemangacine.fr\\\/#website\"},\"primaryImageOfPage\":{\"@id\":\"https:\\\/\\\/repliquemangacine.fr\\\/de\\\/holster-westernzubehor\\\/blister-mit-100-zundhutchen-fur-denix-pistolen\\\/#primaryimage\"},\"image\":{\"@id\":\"https:\\\/\\\/repliquemangacine.fr\\\/de\\\/holster-westernzubehor\\\/blister-mit-100-zundhutchen-fur-denix-pistolen\\\/#primaryimage\"},\"thumbnailUrl\":\"https:\\\/\\\/repliquemangacine.fr\\\/wp-content\\\/uploads\\\/2023\\\/10\\\/2659-Blister-de-100-Amorces-pour-pistolet-Denix.jpg\",\"datePublished\":\"2017-04-14T17:19:00+00:00\",\"dateModified\":\"2026-04-20T17:31:41+00:00\",\"description\":\"Vous voulez que votre pistolet de collection fasse du bruit comme un vrai ! Avec ce blister de 100 amorces pour les pistolets Denix au meilleur prix.\",\"breadcrumb\":{\"@id\":\"https:\\\/\\\/repliquemangacine.fr\\\/de\\\/holster-westernzubehor\\\/blister-mit-100-zundhutchen-fur-denix-pistolen\\\/#breadcrumb\"},\"inLanguage\":\"de\",\"potentialAction\":[{\"@type\":\"ReadAction\",\"target\":[\"https:\\\/\\\/repliquemangacine.fr\\\/de\\\/holster-westernzubehor\\\/blister-mit-100-zundhutchen-fur-denix-pistolen\\\/\"]}]},{\"@type\":\"ImageObject\",\"inLanguage\":\"de\",\"@id\":\"https:\\\/\\\/repliquemangacine.fr\\\/de\\\/holster-westernzubehor\\\/blister-mit-100-zundhutchen-fur-denix-pistolen\\\/#primaryimage\",\"url\":\"https:\\\/\\\/repliquemangacine.fr\\\/wp-content\\\/uploads\\\/2023\\\/10\\\/2659-Blister-de-100-Amorces-pour-pistolet-Denix.jpg\",\"contentUrl\":\"https:\\\/\\\/repliquemangacine.fr\\\/wp-content\\\/uploads\\\/2023\\\/10\\\/2659-Blister-de-100-Amorces-pour-pistolet-Denix.jpg\",\"width\":1000,\"height\":1000,\"caption\":\"Blister de 100 Amorces pour pistolet Denix\"},{\"@type\":\"BreadcrumbList\",\"@id\":\"https:\\\/\\\/repliquemangacine.fr\\\/de\\\/holster-westernzubehor\\\/blister-mit-100-zundhutchen-fur-denix-pistolen\\\/#breadcrumb\",\"itemListElement\":[{\"@type\":\"ListItem\",\"position\":1,\"name\":\"Accueil\",\"item\":\"https:\\\/\\\/repliquemangacine.fr\\\/\"},{\"@type\":\"ListItem\",\"position\":2,\"name\":\"Produits\",\"item\":\"https:\\\/\\\/repliquemangacine.fr\\\/boutique\\\/\"},{\"@type\":\"ListItem\",\"position\":3,\"name\":\"Blister de 100 Amorces pour pistolet Denix\"}]},{\"@type\":\"WebSite\",\"@id\":\"https:\\\/\\\/repliquemangacine.fr\\\/#website\",\"url\":\"https:\\\/\\\/repliquemangacine.fr\\\/\",\"name\":\"R\u00e9plique Manga Cin\u00e9\",\"description\":\"\",\"publisher\":{\"@id\":\"https:\\\/\\\/repliquemangacine.fr\\\/#organization\"},\"potentialAction\":[{\"@type\":\"SearchAction\",\"target\":{\"@type\":\"EntryPoint\",\"urlTemplate\":\"https:\\\/\\\/repliquemangacine.fr\\\/?s={search_term_string}\"},\"query-input\":{\"@type\":\"PropertyValueSpecification\",\"valueRequired\":true,\"valueName\":\"search_term_string\"}}],\"inLanguage\":\"de\"},{\"@type\":\"Organization\",\"@id\":\"https:\\\/\\\/repliquemangacine.fr\\\/#organization\",\"name\":\"R\u00e9plique Manga Cin\u00e9\",\"url\":\"https:\\\/\\\/repliquemangacine.fr\\\/\",\"logo\":{\"@type\":\"ImageObject\",\"inLanguage\":\"de\",\"@id\":\"https:\\\/\\\/repliquemangacine.fr\\\/#\\\/schema\\\/logo\\\/image\\\/\",\"url\":\"https:\\\/\\\/repliquemangacine.fr\\\/wp-content\\\/uploads\\\/2023\\\/10\\\/RMC-500250.png\",\"contentUrl\":\"https:\\\/\\\/repliquemangacine.fr\\\/wp-content\\\/uploads\\\/2023\\\/10\\\/RMC-500250.png\",\"width\":500,\"height\":250,\"caption\":\"R\u00e9plique Manga Cin\u00e9\"},\"image\":{\"@id\":\"https:\\\/\\\/repliquemangacine.fr\\\/#\\\/schema\\\/logo\\\/image\\\/\"},\"sameAs\":[\"https:\\\/\\\/www.facebook.com\\\/RepliqueMangaCine\",\"https:\\\/\\\/www.instagram.com\\\/repliquemangacine.fr\\\/\"]}]}<\/script>\n<!-- \/ Yoast SEO plugin. -->","yoast_head_json":{"title":"Blister mit 100 Primern f\u00fcr Denix-Pistole | R\u00e9plique Manga Cin\u00e9","description":"Sie wollen, dass Ihre Sammlerpistole wie ein echter Knall klingt! Mit diesem Blister mit 100 Z\u00fcndh\u00fctchen f\u00fcr Denix-Pistolen zum besten Preis.","robots":{"index":"index","follow":"follow","max-snippet":"max-snippet:-1","max-image-preview":"max-image-preview:large","max-video-preview":"max-video-preview:-1"},"canonical":"https:\/\/repliquemangacine.fr\/de\/holster-westernzubehor\/blister-mit-100-zundhutchen-fur-denix-pistolen\/","og_locale":"de_DE","og_type":"article","og_title":"Blister de 100 amorces pour pistolet Denix | R\u00e9plique Manga Cin\u00e9","og_description":"Vous voulez que votre pistolet de collection fasse du bruit comme un vrai ! Avec ce blister de 100 amorces pour les pistolets Denix au meilleur prix.","og_url":"https:\/\/repliquemangacine.fr\/de\/holster-westernzubehor\/blister-mit-100-zundhutchen-fur-denix-pistolen\/","og_site_name":"R\u00e9plique Manga Cin\u00e9","article_publisher":"https:\/\/www.facebook.com\/RepliqueMangaCine","article_modified_time":"2026-04-20T17:31:41+00:00","og_image":[{"width":1000,"height":1000,"url":"https:\/\/repliquemangacine.fr\/wp-content\/uploads\/2023\/10\/2659-Blister-de-100-Amorces-pour-pistolet-Denix.jpg","type":"image\/jpeg"}],"twitter_card":"summary_large_image","twitter_misc":{"Gesch\u00e4tzte Lesezeit":"1\u00a0Minute"},"schema":{"@context":"https:\/\/schema.org","@graph":[{"@type":"WebPage","@id":"https:\/\/repliquemangacine.fr\/de\/holster-westernzubehor\/blister-mit-100-zundhutchen-fur-denix-pistolen\/","url":"https:\/\/repliquemangacine.fr\/de\/holster-westernzubehor\/blister-mit-100-zundhutchen-fur-denix-pistolen\/","name":"Blister mit 100 Primern f\u00fcr Denix-Pistole | R\u00e9plique Manga Cin\u00e9","isPartOf":{"@id":"https:\/\/repliquemangacine.fr\/#website"},"primaryImageOfPage":{"@id":"https:\/\/repliquemangacine.fr\/de\/holster-westernzubehor\/blister-mit-100-zundhutchen-fur-denix-pistolen\/#primaryimage"},"image":{"@id":"https:\/\/repliquemangacine.fr\/de\/holster-westernzubehor\/blister-mit-100-zundhutchen-fur-denix-pistolen\/#primaryimage"},"thumbnailUrl":"https:\/\/repliquemangacine.fr\/wp-content\/uploads\/2023\/10\/2659-Blister-de-100-Amorces-pour-pistolet-Denix.jpg","datePublished":"2017-04-14T17:19:00+00:00","dateModified":"2026-04-20T17:31:41+00:00","description":"Sie wollen, dass Ihre Sammlerpistole wie ein echter Knall klingt! Mit diesem Blister mit 100 Z\u00fcndh\u00fctchen f\u00fcr Denix-Pistolen zum besten Preis.","breadcrumb":{"@id":"https:\/\/repliquemangacine.fr\/de\/holster-westernzubehor\/blister-mit-100-zundhutchen-fur-denix-pistolen\/#breadcrumb"},"inLanguage":"de","potentialAction":[{"@type":"ReadAction","target":["https:\/\/repliquemangacine.fr\/de\/holster-westernzubehor\/blister-mit-100-zundhutchen-fur-denix-pistolen\/"]}]},{"@type":"ImageObject","inLanguage":"de","@id":"https:\/\/repliquemangacine.fr\/de\/holster-westernzubehor\/blister-mit-100-zundhutchen-fur-denix-pistolen\/#primaryimage","url":"https:\/\/repliquemangacine.fr\/wp-content\/uploads\/2023\/10\/2659-Blister-de-100-Amorces-pour-pistolet-Denix.jpg","contentUrl":"https:\/\/repliquemangacine.fr\/wp-content\/uploads\/2023\/10\/2659-Blister-de-100-Amorces-pour-pistolet-Denix.jpg","width":1000,"height":1000,"caption":"Blister de 100 Amorces pour pistolet Denix"},{"@type":"BreadcrumbList","@id":"https:\/\/repliquemangacine.fr\/de\/holster-westernzubehor\/blister-mit-100-zundhutchen-fur-denix-pistolen\/#breadcrumb","itemListElement":[{"@type":"ListItem","position":1,"name":"Accueil","item":"https:\/\/repliquemangacine.fr\/"},{"@type":"ListItem","position":2,"name":"Produits","item":"https:\/\/repliquemangacine.fr\/boutique\/"},{"@type":"ListItem","position":3,"name":"Blister de 100 Amorces pour pistolet Denix"}]},{"@type":"WebSite","@id":"https:\/\/repliquemangacine.fr\/#website","url":"https:\/\/repliquemangacine.fr\/","name":"R\u00e9plique Manga Cin\u00e9","description":"","publisher":{"@id":"https:\/\/repliquemangacine.fr\/#organization"},"potentialAction":[{"@type":"SearchAction","target":{"@type":"EntryPoint","urlTemplate":"https:\/\/repliquemangacine.fr\/?s={search_term_string}"},"query-input":{"@type":"PropertyValueSpecification","valueRequired":true,"valueName":"search_term_string"}}],"inLanguage":"de"},{"@type":"Organization","@id":"https:\/\/repliquemangacine.fr\/#organization","name":"R\u00e9plique Manga Cin\u00e9","url":"https:\/\/repliquemangacine.fr\/","logo":{"@type":"ImageObject","inLanguage":"de","@id":"https:\/\/repliquemangacine.fr\/#\/schema\/logo\/image\/","url":"https:\/\/repliquemangacine.fr\/wp-content\/uploads\/2023\/10\/RMC-500250.png","contentUrl":"https:\/\/repliquemangacine.fr\/wp-content\/uploads\/2023\/10\/RMC-500250.png","width":500,"height":250,"caption":"R\u00e9plique Manga Cin\u00e9"},"image":{"@id":"https:\/\/repliquemangacine.fr\/#\/schema\/logo\/image\/"},"sameAs":["https:\/\/www.facebook.com\/RepliqueMangaCine","https:\/\/www.instagram.com\/repliquemangacine.fr\/"]}]}},"_links":{"self":[{"href":"https:\/\/repliquemangacine.fr\/de\/wp-json\/wp\/v2\/product\/27077","targetHints":{"allow":["GET"]}}],"collection":[{"href":"https:\/\/repliquemangacine.fr\/de\/wp-json\/wp\/v2\/product"}],"about":[{"href":"https:\/\/repliquemangacine.fr\/de\/wp-json\/wp\/v2\/types\/product"}],"wp:featuredmedia":[{"embeddable":true,"href":"https:\/\/repliquemangacine.fr\/de\/wp-json\/wp\/v2\/media\/27078"}],"wp:attachment":[{"href":"https:\/\/repliquemangacine.fr\/de\/wp-json\/wp\/v2\/media?parent=27077"}],"wp:term":[{"taxonomy":"product_brand","embeddable":true,"href":"https:\/\/repliquemangacine.fr\/de\/wp-json\/wp\/v2\/product_brand?post=27077"},{"taxonomy":"product_cat","embeddable":true,"href":"https:\/\/repliquemangacine.fr\/de\/wp-json\/wp\/v2\/product_cat?post=27077"},{"taxonomy":"product_tag","embeddable":true,"href":"https:\/\/repliquemangacine.fr\/de\/wp-json\/wp\/v2\/product_tag?post=27077"}],"curies":[{"name":"wp","href":"https:\/\/api.w.org\/{rel}","templated":true}]}}