





{"id":27069,"date":"2017-04-08T22:18:48","date_gmt":"2017-04-08T20:18:48","guid":{"rendered":"https:\/\/repliquemangacine.fr\/?post_type=product&#038;p=27069"},"modified":"2025-09-23T18:01:53","modified_gmt":"2025-09-23T16:01:53","slug":"deutsche-axt-aus-dem-12-jahrhundert-denix","status":"publish","type":"product","link":"https:\/\/repliquemangacine.fr\/de\/haches-de-guerre-medievale-et-accessoire-medievaux\/hache-allemande-xi-eme-siecle-denix\/","title":{"rendered":"Deutsche Kriegsaxt"},"content":{"rendered":"<h2>Deutsche Kriegsaxt - Denix<\/h2>\n<p>Zu Beginn wird die <strong>Deutsche Kriegsaxt<\/strong>Die als Kr\u00e4henspecht bekannte Waffe, die von der Kavallerie in S\u00fcddeutschland verwendet wurde, war eine 50 bis 80 cm lange Handfeuerwaffe, die fr\u00fcher einen Holzgriff hatte.<\/p>\n<p>Die Kampfaxen des XVI\u1d49 Jahrhunderts waren die milit\u00e4rische Version der traditionellen Holzf\u00e4ller\u00e4xte, jedoch leichter, um sie leichter handhaben zu k\u00f6nnen, und mit einer sch\u00e4rferen Klinge f\u00fcr eine h\u00f6here Effizienz.<\/p>\n<p>Zu dieser Zeit f\u00fchrte das Aufkommen von Plattenr\u00fcstungen, zur Spezialisierung der Achsen, die begannen, einen Schnabel auf der gegen\u00fcberliegenden Seite der Klinge, sowie eine vertikale Klinge an seiner Spitze haben.<\/p>\n<p>Die Spitze am Ende des Griffs erm\u00f6glicht einen Stachelschlag, der n\u00fctzlich ist, um Schutzvorrichtungen wie eine flache R\u00fcstung zu durchdringen.<\/p>\n<h2>Ihre deutsche Kriegsaxt zum besten Preis.<\/h2>\n<p>Wir bieten Ihnen eine gro\u00dfe Auswahl an Reproduktionen historischer Waffen.<\/p>\n<p>Zun\u00e4chst einmal,<\/p>\n<ul>\n<li>Die tolle <a href=\"https:\/\/repliquemangacine.fr\/de\/mittelalterlicher-dolch\/dolch-der-templer-zur-dekoration\/\">Dolch der Templer<\/a> mit seinem helmartigen Knauf.<\/li>\n<li>Die verkleinerte Reproduktion von <a href=\"https:\/\/repliquemangacine.fr\/de\/sammlerschmuck\/lannister-rustung-60cm-game-of-thrones\/\">die 60cm-R\u00fcstung der K\u00f6nigsgarde<\/a>Die Familie Lannister in GOT<\/li>\n<li>Es gibt auch den <a href=\"https:\/\/repliquemangacine.fr\/de\/helm-helm\/armet-anglais-casque-d-armure\/\">englischer R\u00fcstungshelm<\/a> genannt \"Armet\"<\/li>\n<li>Und noch viel mehr gibt es in unserem Online-Shop zu entdecken!<\/li>\n<\/ul>\n<p>Deshalb ist dies eine gro\u00dfartige Geschenkidee f\u00fcr alle Liebhaber historischer Waffen.<\/p>\n<p>Abschlie\u00dfend k\u00f6nnen Sie diese <strong>Deutsche Kriegsaxt<\/strong> f\u00fcr Ihre Historischen Rekonstruktionen.<\/p>\n<p>Vor allem ist diese Waffe ein Sammler- und Dekorationsst\u00fcck.<\/p>\n<p>R\u00e9plique Manga Cin\u00e9 ist ein franz\u00f6sisches Unternehmen und offizieller Vertriebspartner der Marke <a href=\"https:\/\/www.denix.fr\/fr\/catalogue\/europe-medievale-s-vi-xv\/haches-et-hallebardes\/636\/\" target=\"_blank\" rel=\"noopener noreferrer\">Denix<\/a>.<\/p>\n<h2>Wie pflegt man die Klinge seiner Axt?<\/h2>\n<p>Sammlungs- und Dekorations\u00e4xte werden in vereinfachter Form hergestellt und zusammengebaut. Da sie zu Dekorationszwecken verwendet werden, fehlen ihnen die Sicherheitsmerkmale, die ein japanisches Schwert f\u00fcr Trainingszwecke aufweisen muss.<\/p>\n<p>Allerdings ist Ihr <strong>Deutsche Kriegsaxt<\/strong> zu einer Stahlklinge, die man pflegen muss, damit sie nicht mit der Zeit abgenutzt wird. Denn wenn du deine Axt ausstellst, werden deine Freunde neugierig sein, die Klinge zu sehen und sie zu ber\u00fchren. Hier ist Vorsicht geboten, denn Sie sollten wissen, dass die S\u00e4ure der Finger dem Stahl unabh\u00e4ngig von seiner Qualit\u00e4t sehr schadet.<\/p>\n<p>Wenn dies jedoch passiert, keine Panik, Sie brauchen nur ein Tuch, das Sie mit etwas \u00d6l befeuchten und die Fingerabdr\u00fccke abwischen. Wenn Sie dies tun, werden Sie Ihre Axt sehr lange behalten.<\/p>","protected":false},"excerpt":{"rendered":"<p>Wundersch\u00f6ne Reproduktion einer Axt aus dem 11. Jahrhundert.<\/p>\n<ul>\n<li>Axt aus gealtertem Stahl.<\/li>\n<li>Stachelspitze.<\/li>\n<li>Das Ganze ist erhaben mit Gravuren verziert.<\/li>\n<li>Griff aus Massivholz mit Lederriemen im Dekor.<\/li>\n<li>Ma\u00dfe: 80 cm - Gewicht: 1140 Gramm<\/li>\n<\/ul>","protected":false},"featured_media":27070,"template":"","meta":[],"product_brand":[896],"product_cat":[25,92,43],"product_tag":[],"class_list":{"0":"post-27069","1":"product","2":"type-product","3":"status-publish","4":"has-post-thumbnail","6":"product_brand-replique-manga-cine","7":"product_cat-armes-historiques","8":"product_cat-haches-de-guerre-medievale-et-accessoire-medievaux","9":"product_cat-reproductions-d-armes-et-accessoires-medievales","11":"first","12":"instock","13":"taxable","14":"shipping-taxable","15":"purchasable","16":"product-type-simple"},"yoast_head":"<!-- This site is optimized with the Yoast SEO plugin v27.5 - https:\/\/yoast.com\/product\/yoast-seo-wordpress\/ -->\n<title>Hache de Guerre Allemande - Accessoire m\u00e9di\u00e9vale Denix | RMC<\/title>\n<meta name=\"description\" content=\"D\u00e9couvrez la r\u00e9plique de cette Hache de Guerre Allemande au meilleur prix - Lame en acier vieilli - Manche bois - Longueur totale : 80 cm - Envoi 24\/48h\" \/>\n<meta name=\"robots\" content=\"index, follow, max-snippet:-1, max-image-preview:large, max-video-preview:-1\" \/>\n<link rel=\"canonical\" href=\"https:\/\/repliquemangacine.fr\/de\/mittelalterliche-kriegsaxte-und-mittelalterliches-zubehor\/deutsche-axt-aus-dem-12-jahrhundert-denix\/\" \/>\n<meta property=\"og:locale\" content=\"de_DE\" \/>\n<meta property=\"og:type\" content=\"article\" \/>\n<meta property=\"og:title\" content=\"Hache de Guerre Allemande - Accessoire m\u00e9di\u00e9vale Denix | RMC\" \/>\n<meta property=\"og:description\" content=\"D\u00e9couvrez la r\u00e9plique de cette Hache de Guerre Allemande au meilleur prix - Lame en acier vieilli - Manche bois - Longueur totale : 80 cm - Envoi 24\/48h\" \/>\n<meta property=\"og:url\" content=\"https:\/\/repliquemangacine.fr\/de\/mittelalterliche-kriegsaxte-und-mittelalterliches-zubehor\/deutsche-axt-aus-dem-12-jahrhundert-denix\/\" \/>\n<meta property=\"og:site_name\" content=\"R\u00e9plique Manga Cin\u00e9\" \/>\n<meta property=\"article:publisher\" content=\"https:\/\/www.facebook.com\/RepliqueMangaCine\" \/>\n<meta property=\"article:modified_time\" content=\"2025-09-23T16:01:53+00:00\" \/>\n<meta property=\"og:image\" content=\"https:\/\/repliquemangacine.fr\/wp-content\/uploads\/2023\/10\/1853-Hache-Allemande-XI-eme-siecle-Denix.jpg\" \/>\n\t<meta property=\"og:image:width\" content=\"600\" \/>\n\t<meta property=\"og:image:height\" content=\"600\" \/>\n\t<meta property=\"og:image:type\" content=\"image\/jpeg\" \/>\n<meta name=\"twitter:card\" content=\"summary_large_image\" \/>\n<meta name=\"twitter:label1\" content=\"Gesch\u00e4tzte Lesezeit\" \/>\n\t<meta name=\"twitter:data1\" content=\"2\u00a0Minuten\" \/>\n<script type=\"application\/ld+json\" class=\"yoast-schema-graph\">{\"@context\":\"https:\\\/\\\/schema.org\",\"@graph\":[{\"@type\":\"WebPage\",\"@id\":\"https:\\\/\\\/repliquemangacine.fr\\\/haches-de-guerre-medievale-et-accessoire-medievaux\\\/hache-allemande-xi-eme-siecle-denix\\\/\",\"url\":\"https:\\\/\\\/repliquemangacine.fr\\\/haches-de-guerre-medievale-et-accessoire-medievaux\\\/hache-allemande-xi-eme-siecle-denix\\\/\",\"name\":\"Hache de Guerre Allemande - Accessoire m\u00e9di\u00e9vale Denix | RMC\",\"isPartOf\":{\"@id\":\"https:\\\/\\\/repliquemangacine.fr\\\/#website\"},\"primaryImageOfPage\":{\"@id\":\"https:\\\/\\\/repliquemangacine.fr\\\/haches-de-guerre-medievale-et-accessoire-medievaux\\\/hache-allemande-xi-eme-siecle-denix\\\/#primaryimage\"},\"image\":{\"@id\":\"https:\\\/\\\/repliquemangacine.fr\\\/haches-de-guerre-medievale-et-accessoire-medievaux\\\/hache-allemande-xi-eme-siecle-denix\\\/#primaryimage\"},\"thumbnailUrl\":\"https:\\\/\\\/repliquemangacine.fr\\\/wp-content\\\/uploads\\\/2023\\\/10\\\/1853-Hache-Allemande-XI-eme-siecle-Denix.jpg\",\"datePublished\":\"2017-04-08T20:18:48+00:00\",\"dateModified\":\"2025-09-23T16:01:53+00:00\",\"description\":\"D\u00e9couvrez la r\u00e9plique de cette Hache de Guerre Allemande au meilleur prix - Lame en acier vieilli - Manche bois - Longueur totale : 80 cm - Envoi 24\\\/48h\",\"breadcrumb\":{\"@id\":\"https:\\\/\\\/repliquemangacine.fr\\\/haches-de-guerre-medievale-et-accessoire-medievaux\\\/hache-allemande-xi-eme-siecle-denix\\\/#breadcrumb\"},\"inLanguage\":\"de\",\"potentialAction\":[{\"@type\":\"ReadAction\",\"target\":[\"https:\\\/\\\/repliquemangacine.fr\\\/haches-de-guerre-medievale-et-accessoire-medievaux\\\/hache-allemande-xi-eme-siecle-denix\\\/\"]}]},{\"@type\":\"ImageObject\",\"inLanguage\":\"de\",\"@id\":\"https:\\\/\\\/repliquemangacine.fr\\\/haches-de-guerre-medievale-et-accessoire-medievaux\\\/hache-allemande-xi-eme-siecle-denix\\\/#primaryimage\",\"url\":\"https:\\\/\\\/repliquemangacine.fr\\\/wp-content\\\/uploads\\\/2023\\\/10\\\/1853-Hache-Allemande-XI-eme-siecle-Denix.jpg\",\"contentUrl\":\"https:\\\/\\\/repliquemangacine.fr\\\/wp-content\\\/uploads\\\/2023\\\/10\\\/1853-Hache-Allemande-XI-eme-siecle-Denix.jpg\",\"width\":600,\"height\":600,\"caption\":\"Hache Allemande XI \u00e8me si\u00e8cle - Denix\"},{\"@type\":\"BreadcrumbList\",\"@id\":\"https:\\\/\\\/repliquemangacine.fr\\\/haches-de-guerre-medievale-et-accessoire-medievaux\\\/hache-allemande-xi-eme-siecle-denix\\\/#breadcrumb\",\"itemListElement\":[{\"@type\":\"ListItem\",\"position\":1,\"name\":\"Accueil\",\"item\":\"https:\\\/\\\/repliquemangacine.fr\\\/\"},{\"@type\":\"ListItem\",\"position\":2,\"name\":\"Produits\",\"item\":\"https:\\\/\\\/repliquemangacine.fr\\\/boutique\\\/\"},{\"@type\":\"ListItem\",\"position\":3,\"name\":\"Hache de Guerre Allemande\"}]},{\"@type\":\"WebSite\",\"@id\":\"https:\\\/\\\/repliquemangacine.fr\\\/#website\",\"url\":\"https:\\\/\\\/repliquemangacine.fr\\\/\",\"name\":\"R\u00e9plique Manga Cin\u00e9\",\"description\":\"\",\"publisher\":{\"@id\":\"https:\\\/\\\/repliquemangacine.fr\\\/#organization\"},\"potentialAction\":[{\"@type\":\"SearchAction\",\"target\":{\"@type\":\"EntryPoint\",\"urlTemplate\":\"https:\\\/\\\/repliquemangacine.fr\\\/?s={search_term_string}\"},\"query-input\":{\"@type\":\"PropertyValueSpecification\",\"valueRequired\":true,\"valueName\":\"search_term_string\"}}],\"inLanguage\":\"de\"},{\"@type\":\"Organization\",\"@id\":\"https:\\\/\\\/repliquemangacine.fr\\\/#organization\",\"name\":\"R\u00e9plique Manga Cin\u00e9\",\"url\":\"https:\\\/\\\/repliquemangacine.fr\\\/\",\"logo\":{\"@type\":\"ImageObject\",\"inLanguage\":\"de\",\"@id\":\"https:\\\/\\\/repliquemangacine.fr\\\/#\\\/schema\\\/logo\\\/image\\\/\",\"url\":\"https:\\\/\\\/repliquemangacine.fr\\\/wp-content\\\/uploads\\\/2023\\\/10\\\/RMC-500250.png\",\"contentUrl\":\"https:\\\/\\\/repliquemangacine.fr\\\/wp-content\\\/uploads\\\/2023\\\/10\\\/RMC-500250.png\",\"width\":500,\"height\":250,\"caption\":\"R\u00e9plique Manga Cin\u00e9\"},\"image\":{\"@id\":\"https:\\\/\\\/repliquemangacine.fr\\\/#\\\/schema\\\/logo\\\/image\\\/\"},\"sameAs\":[\"https:\\\/\\\/www.facebook.com\\\/RepliqueMangaCine\",\"https:\\\/\\\/www.instagram.com\\\/repliquemangacine.fr\\\/\"]}]}<\/script>\n<!-- \/ Yoast SEO plugin. -->","yoast_head_json":{"title":"Deutsche Kriegsaxt - Mittelalterliches Accessoire Denix | RMC","description":"Entdecken Sie die Replik dieser Deutschen Kriegsaxt zum besten Preis - Klinge aus gealtertem Stahl - Holzstiel - Gesamtl\u00e4nge: 80 cm - Versand 24\/48h","robots":{"index":"index","follow":"follow","max-snippet":"max-snippet:-1","max-image-preview":"max-image-preview:large","max-video-preview":"max-video-preview:-1"},"canonical":"https:\/\/repliquemangacine.fr\/de\/mittelalterliche-kriegsaxte-und-mittelalterliches-zubehor\/deutsche-axt-aus-dem-12-jahrhundert-denix\/","og_locale":"de_DE","og_type":"article","og_title":"Hache de Guerre Allemande - Accessoire m\u00e9di\u00e9vale Denix | RMC","og_description":"D\u00e9couvrez la r\u00e9plique de cette Hache de Guerre Allemande au meilleur prix - Lame en acier vieilli - Manche bois - Longueur totale : 80 cm - Envoi 24\/48h","og_url":"https:\/\/repliquemangacine.fr\/de\/mittelalterliche-kriegsaxte-und-mittelalterliches-zubehor\/deutsche-axt-aus-dem-12-jahrhundert-denix\/","og_site_name":"R\u00e9plique Manga Cin\u00e9","article_publisher":"https:\/\/www.facebook.com\/RepliqueMangaCine","article_modified_time":"2025-09-23T16:01:53+00:00","og_image":[{"width":600,"height":600,"url":"https:\/\/repliquemangacine.fr\/wp-content\/uploads\/2023\/10\/1853-Hache-Allemande-XI-eme-siecle-Denix.jpg","type":"image\/jpeg"}],"twitter_card":"summary_large_image","twitter_misc":{"Gesch\u00e4tzte Lesezeit":"2\u00a0Minuten"},"schema":{"@context":"https:\/\/schema.org","@graph":[{"@type":"WebPage","@id":"https:\/\/repliquemangacine.fr\/haches-de-guerre-medievale-et-accessoire-medievaux\/hache-allemande-xi-eme-siecle-denix\/","url":"https:\/\/repliquemangacine.fr\/haches-de-guerre-medievale-et-accessoire-medievaux\/hache-allemande-xi-eme-siecle-denix\/","name":"Deutsche Kriegsaxt - Mittelalterliches Accessoire Denix | RMC","isPartOf":{"@id":"https:\/\/repliquemangacine.fr\/#website"},"primaryImageOfPage":{"@id":"https:\/\/repliquemangacine.fr\/haches-de-guerre-medievale-et-accessoire-medievaux\/hache-allemande-xi-eme-siecle-denix\/#primaryimage"},"image":{"@id":"https:\/\/repliquemangacine.fr\/haches-de-guerre-medievale-et-accessoire-medievaux\/hache-allemande-xi-eme-siecle-denix\/#primaryimage"},"thumbnailUrl":"https:\/\/repliquemangacine.fr\/wp-content\/uploads\/2023\/10\/1853-Hache-Allemande-XI-eme-siecle-Denix.jpg","datePublished":"2017-04-08T20:18:48+00:00","dateModified":"2025-09-23T16:01:53+00:00","description":"Entdecken Sie die Replik dieser Deutschen Kriegsaxt zum besten Preis - Klinge aus gealtertem Stahl - Holzstiel - Gesamtl\u00e4nge: 80 cm - Versand 24\/48h","breadcrumb":{"@id":"https:\/\/repliquemangacine.fr\/haches-de-guerre-medievale-et-accessoire-medievaux\/hache-allemande-xi-eme-siecle-denix\/#breadcrumb"},"inLanguage":"de","potentialAction":[{"@type":"ReadAction","target":["https:\/\/repliquemangacine.fr\/haches-de-guerre-medievale-et-accessoire-medievaux\/hache-allemande-xi-eme-siecle-denix\/"]}]},{"@type":"ImageObject","inLanguage":"de","@id":"https:\/\/repliquemangacine.fr\/haches-de-guerre-medievale-et-accessoire-medievaux\/hache-allemande-xi-eme-siecle-denix\/#primaryimage","url":"https:\/\/repliquemangacine.fr\/wp-content\/uploads\/2023\/10\/1853-Hache-Allemande-XI-eme-siecle-Denix.jpg","contentUrl":"https:\/\/repliquemangacine.fr\/wp-content\/uploads\/2023\/10\/1853-Hache-Allemande-XI-eme-siecle-Denix.jpg","width":600,"height":600,"caption":"Hache Allemande XI \u00e8me si\u00e8cle - Denix"},{"@type":"BreadcrumbList","@id":"https:\/\/repliquemangacine.fr\/haches-de-guerre-medievale-et-accessoire-medievaux\/hache-allemande-xi-eme-siecle-denix\/#breadcrumb","itemListElement":[{"@type":"ListItem","position":1,"name":"Accueil","item":"https:\/\/repliquemangacine.fr\/"},{"@type":"ListItem","position":2,"name":"Produits","item":"https:\/\/repliquemangacine.fr\/boutique\/"},{"@type":"ListItem","position":3,"name":"Hache de Guerre Allemande"}]},{"@type":"WebSite","@id":"https:\/\/repliquemangacine.fr\/#website","url":"https:\/\/repliquemangacine.fr\/","name":"R\u00e9plique Manga Cin\u00e9","description":"","publisher":{"@id":"https:\/\/repliquemangacine.fr\/#organization"},"potentialAction":[{"@type":"SearchAction","target":{"@type":"EntryPoint","urlTemplate":"https:\/\/repliquemangacine.fr\/?s={search_term_string}"},"query-input":{"@type":"PropertyValueSpecification","valueRequired":true,"valueName":"search_term_string"}}],"inLanguage":"de"},{"@type":"Organization","@id":"https:\/\/repliquemangacine.fr\/#organization","name":"R\u00e9plique Manga Cin\u00e9","url":"https:\/\/repliquemangacine.fr\/","logo":{"@type":"ImageObject","inLanguage":"de","@id":"https:\/\/repliquemangacine.fr\/#\/schema\/logo\/image\/","url":"https:\/\/repliquemangacine.fr\/wp-content\/uploads\/2023\/10\/RMC-500250.png","contentUrl":"https:\/\/repliquemangacine.fr\/wp-content\/uploads\/2023\/10\/RMC-500250.png","width":500,"height":250,"caption":"R\u00e9plique Manga Cin\u00e9"},"image":{"@id":"https:\/\/repliquemangacine.fr\/#\/schema\/logo\/image\/"},"sameAs":["https:\/\/www.facebook.com\/RepliqueMangaCine","https:\/\/www.instagram.com\/repliquemangacine.fr\/"]}]}},"_links":{"self":[{"href":"https:\/\/repliquemangacine.fr\/de\/wp-json\/wp\/v2\/product\/27069","targetHints":{"allow":["GET"]}}],"collection":[{"href":"https:\/\/repliquemangacine.fr\/de\/wp-json\/wp\/v2\/product"}],"about":[{"href":"https:\/\/repliquemangacine.fr\/de\/wp-json\/wp\/v2\/types\/product"}],"wp:featuredmedia":[{"embeddable":true,"href":"https:\/\/repliquemangacine.fr\/de\/wp-json\/wp\/v2\/media\/27070"}],"wp:attachment":[{"href":"https:\/\/repliquemangacine.fr\/de\/wp-json\/wp\/v2\/media?parent=27069"}],"wp:term":[{"taxonomy":"product_brand","embeddable":true,"href":"https:\/\/repliquemangacine.fr\/de\/wp-json\/wp\/v2\/product_brand?post=27069"},{"taxonomy":"product_cat","embeddable":true,"href":"https:\/\/repliquemangacine.fr\/de\/wp-json\/wp\/v2\/product_cat?post=27069"},{"taxonomy":"product_tag","embeddable":true,"href":"https:\/\/repliquemangacine.fr\/de\/wp-json\/wp\/v2\/product_tag?post=27069"}],"curies":[{"name":"wp","href":"https:\/\/api.w.org\/{rel}","templated":true}]}}