





{"id":27046,"date":"2017-04-03T22:27:33","date_gmt":"2017-04-03T20:27:33","guid":{"rendered":"https:\/\/repliquemangacine.fr\/?post_type=product&#038;p=27046"},"modified":"2025-09-23T18:01:52","modified_gmt":"2025-09-23T16:01:52","slug":"replica-schwert-konig-llane-wrynn-warcraft","status":"publish","type":"product","link":"https:\/\/repliquemangacine.fr\/de\/repliques-d-armes-films-et-series\/replique-epee-roi-llane-wrynn-warcraft\/","title":{"rendered":"Schwert von K\u00f6nig Llane Wrynn - Warcraft"},"content":{"rendered":"<h2>Schwert von K\u00f6nig Llane Wrynn Lion's Fang aus dem Film Warcraft.<\/h2>\n<p><span class=\"notranslate\">Zun\u00e4chst einmal geh\u00f6rt das Schwert des K\u00f6nigs Llane Wrynn dem K\u00f6nig von Azeroth, der \u00fcber <a href=\"https:\/\/wowwiki.fandom.com\/fr\/wiki\/Hurlevent_(ville)\" target=\"_blank\" rel=\"noopener noreferrer\">Sturmwind<\/a> die Hauptstadt der Allianzmenschen in World of Warcraft. Auch Lion's Fang genannt, ist ihr mit Gold verziertes Schwert in den Farben der Allianz ebenso beeindruckend wie sch\u00f6n.\u00a0<\/span><\/p>\n<p>Aus der Verbindung zwischen K\u00f6nigin Varia und K\u00f6nig Wrynn Barathen geht Llane hervor, der einzige Thronfolger. Aus diesem Grund wird seine Geburt im ganzen K\u00f6nigreich gefeiert.<\/p>\n<p>Folglich ist K\u00f6nig Llane Wrynn im Verlies von Sturmwind anwesend. Die menschliche Hauptstadt der Allianz ist Spielern von World of Warcraft insbesondere unter der englischen Bezeichnung Stormwind bekannt. Schlie\u00dflich triumphiert der K\u00f6nig von Sturmwind mehrfach \u00fcber die wiederholten Angriffe der Horde.<\/p>\n<h2>Ihr Schwert des K\u00f6nigs Llane Wrynn zum besten Preis.<\/h2>\n<p>Wir bieten Ihnen eine gro\u00dfe Auswahl an Merchandising-Artikeln aus der Welt von World of Warcraft.<\/p>\n<p>Zun\u00e4chst einmal,<\/p>\n<ul>\n<li>Das ikonische legend\u00e4re Schwert la <a href=\"https:\/\/repliquemangacine.fr\/de\/schwert-world-of-warcraft\/frostmourne-deuillegivre-schwert-des-lichkonigs\/\">Frostmourne<\/a> von Arthas, Schwert des Lichk\u00f6nigs von Tausendfrost.<\/li>\n<li>Es gibt auch die <a href=\"https:\/\/repliquemangacine.fr\/de\/andere-filme-und-serien\/dague-epee-lothar-world-of-warcraft\/\">Dolch Schwert des Lothar<\/a> im Film Warcraft<\/li>\n<li>Sowie die beeindruckende <a href=\"https:\/\/repliquemangacine.fr\/de\/schwert-world-of-warcraft\/epee-ashbringer-world-of-warcraft\/\">Ashbringer-Schwert<\/a> des Paladins Alexandros Mograine<\/li>\n<li>Und noch viel mehr gibt es in unserem Online-Shop zu entdecken!<\/li>\n<\/ul>\n<p>Deshalb ist dies eine tolle Geschenkidee f\u00fcr WoW-Fans<\/p>\n<p>Zusammenfassend l\u00e4sst sich sagen, dass Sie den<strong>Schwert von K\u00f6nig Llane Wrynn<\/strong> f\u00fcr Ihre Cosplay-Paraden oder Themenpartys. Vor allem aber ist sie ein Sammler- und Dekorationsst\u00fcck.<\/p>\n<p><span class=\"notranslate\">R\u00e9plique Manga Cin\u00e9 ist ein franz\u00f6sisches Familienunternehmen.<\/span><\/p>\n<h2>Wie pflegt man die Klinge seines Warcraft-Schwerts?<\/h2>\n<p>Sammlungs- und Dekorationsschwerter werden in vereinfachter Form hergestellt und zusammengebaut. Da sie zu Dekorationszwecken verwendet werden, fehlen ihnen die Sicherheitselemente, die ein japanisches Schwert f\u00fcr Trainingszwecke aufweisen muss.<\/p>\n<p>Allerdings ist Ihr <strong>Schwert von K\u00f6nig Llane Wrynn<\/strong> zu einer Stahlklinge, die gepflegt werden muss, damit sie nicht mit der Zeit abgenutzt wird. Denn wenn du dein Katana ausstellst, werden deine Freunde neugierig sein, die Klinge zu sehen und sie zu ber\u00fchren. Hier ist Vorsicht geboten, denn Sie sollten wissen, dass die S\u00e4ure der Finger dem Stahl unabh\u00e4ngig von seiner Qualit\u00e4t sehr schadet.<\/p>\n<p>Wenn dies jedoch passiert, keine Panik, Sie brauchen nur ein Tuch, das mit etwas \u00d6l befeuchtet ist, und wischen die Fingerabdr\u00fccke ab. Wenn Sie dies tun, werden Sie Ihr Schwert sehr lange behalten.<\/p>","protected":false},"excerpt":{"rendered":"<p>Lion's Fang-Schwert von K\u00f6nig Llane Wrynn aus dem Film Warcraft.<\/p>\n<ul>\n<li>Breite Klinge aus rostfreiem Stahl mit Gravur.<\/li>\n<li>Griff aus Stahl, blau beschichtet.<\/li>\n<li>Knauf aus vergoldetem Stahl.<\/li>\n<li>Vergoldeter und gealterter Stahlb\u00fcgel in Form eines L\u00f6wenkopfes.<\/li>\n<li>Wandhalterung aus Holz.<\/li>\n<li>L\u00e4nge der Klinge: 78 cm - Gesamtl\u00e4nge: 116 cm<\/li>\n<\/ul>","protected":false},"featured_media":27047,"template":"","meta":[],"product_brand":[896],"product_cat":[66,24,23,60],"product_tag":[],"class_list":{"0":"post-27046","1":"product","2":"type-product","3":"status-publish","4":"has-post-thumbnail","6":"product_brand-replique-manga-cine","7":"product_cat-repliques-d-armes-films-et-series","8":"product_cat-films-series-tv-vente-de-katana-epee-et-produits-derives","9":"product_cat-repliques-manga-jeux-video","10":"product_cat-epees-world-of-warcraft","12":"first","13":"outofstock","14":"sale","15":"taxable","16":"shipping-taxable","17":"purchasable","18":"product-type-simple"},"yoast_head":"<!-- This site is optimized with the Yoast SEO plugin v27.5 - https:\/\/yoast.com\/product\/yoast-seo-wordpress\/ -->\n<title>Ep\u00e9e du roi Llane Wrynn - Warcraft - Boutique en ligne | RMC<\/title>\n<meta name=\"description\" content=\"Offrez-vous l&#039;Ep\u00e9e du roi Llane Wrynn dans le film Warcraft au meilleur prix. Lame acier - Garde t\u00eate de lion - Echelle 1\/1 - Longueur 116 cm - Envoi 24\/48h\" \/>\n<meta name=\"robots\" content=\"index, follow, max-snippet:-1, max-image-preview:large, max-video-preview:-1\" \/>\n<link rel=\"canonical\" href=\"https:\/\/repliquemangacine.fr\/de\/repliken-von-waffen-filme-und-serien\/replica-schwert-konig-llane-wrynn-warcraft\/\" \/>\n<meta property=\"og:locale\" content=\"de_DE\" \/>\n<meta property=\"og:type\" content=\"article\" \/>\n<meta property=\"og:title\" content=\"Ep\u00e9e du roi Llane Wrynn - Warcraft - Boutique en ligne | RMC\" \/>\n<meta property=\"og:description\" content=\"Offrez-vous l&#039;Ep\u00e9e du roi Llane Wrynn dans le film Warcraft au meilleur prix. Lame acier - Garde t\u00eate de lion - Echelle 1\/1 - Longueur 116 cm - Envoi 24\/48h\" \/>\n<meta property=\"og:url\" content=\"https:\/\/repliquemangacine.fr\/de\/repliken-von-waffen-filme-und-serien\/replica-schwert-konig-llane-wrynn-warcraft\/\" \/>\n<meta property=\"og:site_name\" content=\"R\u00e9plique Manga Cin\u00e9\" \/>\n<meta property=\"article:publisher\" content=\"https:\/\/www.facebook.com\/RepliqueMangaCine\" \/>\n<meta property=\"article:modified_time\" content=\"2025-09-23T16:01:52+00:00\" \/>\n<meta property=\"og:image\" content=\"https:\/\/repliquemangacine.fr\/wp-content\/uploads\/2023\/10\/2028-Replique-Epee-Roi-Llane-Wrynn-Warcraft.jpg\" \/>\n\t<meta property=\"og:image:width\" content=\"600\" \/>\n\t<meta property=\"og:image:height\" content=\"600\" \/>\n\t<meta property=\"og:image:type\" content=\"image\/jpeg\" \/>\n<meta name=\"twitter:card\" content=\"summary_large_image\" \/>\n<meta name=\"twitter:label1\" content=\"Gesch\u00e4tzte Lesezeit\" \/>\n\t<meta name=\"twitter:data1\" content=\"2\u00a0Minuten\" \/>\n<script type=\"application\/ld+json\" class=\"yoast-schema-graph\">{\"@context\":\"https:\\\/\\\/schema.org\",\"@graph\":[{\"@type\":\"WebPage\",\"@id\":\"https:\\\/\\\/repliquemangacine.fr\\\/repliques-d-armes-films-et-series\\\/replique-epee-roi-llane-wrynn-warcraft\\\/\",\"url\":\"https:\\\/\\\/repliquemangacine.fr\\\/repliques-d-armes-films-et-series\\\/replique-epee-roi-llane-wrynn-warcraft\\\/\",\"name\":\"Ep\u00e9e du roi Llane Wrynn - Warcraft - Boutique en ligne | RMC\",\"isPartOf\":{\"@id\":\"https:\\\/\\\/repliquemangacine.fr\\\/#website\"},\"primaryImageOfPage\":{\"@id\":\"https:\\\/\\\/repliquemangacine.fr\\\/repliques-d-armes-films-et-series\\\/replique-epee-roi-llane-wrynn-warcraft\\\/#primaryimage\"},\"image\":{\"@id\":\"https:\\\/\\\/repliquemangacine.fr\\\/repliques-d-armes-films-et-series\\\/replique-epee-roi-llane-wrynn-warcraft\\\/#primaryimage\"},\"thumbnailUrl\":\"https:\\\/\\\/repliquemangacine.fr\\\/wp-content\\\/uploads\\\/2023\\\/10\\\/2028-Replique-Epee-Roi-Llane-Wrynn-Warcraft.jpg\",\"datePublished\":\"2017-04-03T20:27:33+00:00\",\"dateModified\":\"2025-09-23T16:01:52+00:00\",\"description\":\"Offrez-vous l'Ep\u00e9e du roi Llane Wrynn dans le film Warcraft au meilleur prix. Lame acier - Garde t\u00eate de lion - Echelle 1\\\/1 - Longueur 116 cm - Envoi 24\\\/48h\",\"breadcrumb\":{\"@id\":\"https:\\\/\\\/repliquemangacine.fr\\\/repliques-d-armes-films-et-series\\\/replique-epee-roi-llane-wrynn-warcraft\\\/#breadcrumb\"},\"inLanguage\":\"de\",\"potentialAction\":[{\"@type\":\"ReadAction\",\"target\":[\"https:\\\/\\\/repliquemangacine.fr\\\/repliques-d-armes-films-et-series\\\/replique-epee-roi-llane-wrynn-warcraft\\\/\"]}]},{\"@type\":\"ImageObject\",\"inLanguage\":\"de\",\"@id\":\"https:\\\/\\\/repliquemangacine.fr\\\/repliques-d-armes-films-et-series\\\/replique-epee-roi-llane-wrynn-warcraft\\\/#primaryimage\",\"url\":\"https:\\\/\\\/repliquemangacine.fr\\\/wp-content\\\/uploads\\\/2023\\\/10\\\/2028-Replique-Epee-Roi-Llane-Wrynn-Warcraft.jpg\",\"contentUrl\":\"https:\\\/\\\/repliquemangacine.fr\\\/wp-content\\\/uploads\\\/2023\\\/10\\\/2028-Replique-Epee-Roi-Llane-Wrynn-Warcraft.jpg\",\"width\":600,\"height\":600,\"caption\":\"R\u00e9plique Ep\u00e9e Roi Llane Wrynn - Warcraft\"},{\"@type\":\"BreadcrumbList\",\"@id\":\"https:\\\/\\\/repliquemangacine.fr\\\/repliques-d-armes-films-et-series\\\/replique-epee-roi-llane-wrynn-warcraft\\\/#breadcrumb\",\"itemListElement\":[{\"@type\":\"ListItem\",\"position\":1,\"name\":\"Accueil\",\"item\":\"https:\\\/\\\/repliquemangacine.fr\\\/\"},{\"@type\":\"ListItem\",\"position\":2,\"name\":\"Produits\",\"item\":\"https:\\\/\\\/repliquemangacine.fr\\\/boutique\\\/\"},{\"@type\":\"ListItem\",\"position\":3,\"name\":\"Ep\u00e9e du Roi Llane Wrynn &#8211; Warcraft\"}]},{\"@type\":\"WebSite\",\"@id\":\"https:\\\/\\\/repliquemangacine.fr\\\/#website\",\"url\":\"https:\\\/\\\/repliquemangacine.fr\\\/\",\"name\":\"R\u00e9plique Manga Cin\u00e9\",\"description\":\"\",\"publisher\":{\"@id\":\"https:\\\/\\\/repliquemangacine.fr\\\/#organization\"},\"potentialAction\":[{\"@type\":\"SearchAction\",\"target\":{\"@type\":\"EntryPoint\",\"urlTemplate\":\"https:\\\/\\\/repliquemangacine.fr\\\/?s={search_term_string}\"},\"query-input\":{\"@type\":\"PropertyValueSpecification\",\"valueRequired\":true,\"valueName\":\"search_term_string\"}}],\"inLanguage\":\"de\"},{\"@type\":\"Organization\",\"@id\":\"https:\\\/\\\/repliquemangacine.fr\\\/#organization\",\"name\":\"R\u00e9plique Manga Cin\u00e9\",\"url\":\"https:\\\/\\\/repliquemangacine.fr\\\/\",\"logo\":{\"@type\":\"ImageObject\",\"inLanguage\":\"de\",\"@id\":\"https:\\\/\\\/repliquemangacine.fr\\\/#\\\/schema\\\/logo\\\/image\\\/\",\"url\":\"https:\\\/\\\/repliquemangacine.fr\\\/wp-content\\\/uploads\\\/2023\\\/10\\\/RMC-500250.png\",\"contentUrl\":\"https:\\\/\\\/repliquemangacine.fr\\\/wp-content\\\/uploads\\\/2023\\\/10\\\/RMC-500250.png\",\"width\":500,\"height\":250,\"caption\":\"R\u00e9plique Manga Cin\u00e9\"},\"image\":{\"@id\":\"https:\\\/\\\/repliquemangacine.fr\\\/#\\\/schema\\\/logo\\\/image\\\/\"},\"sameAs\":[\"https:\\\/\\\/www.facebook.com\\\/RepliqueMangaCine\",\"https:\\\/\\\/www.instagram.com\\\/repliquemangacine.fr\\\/\"]}]}<\/script>\n<!-- \/ Yoast SEO plugin. -->","yoast_head_json":{"title":"Schwert von K\u00f6nig Llane Wrynn - Warcraft - Online Shop | RMC","description":"Bieten Sie das Schwert von K\u00f6nig Llane Wrynn aus dem Film Warcraft zum besten Preis an. Klinge aus Stahl - L\u00f6wenkopfschutz - Ma\u00dfstab 1:1 - L\u00e4nge 116 cm - Versand 24\/48h","robots":{"index":"index","follow":"follow","max-snippet":"max-snippet:-1","max-image-preview":"max-image-preview:large","max-video-preview":"max-video-preview:-1"},"canonical":"https:\/\/repliquemangacine.fr\/de\/repliken-von-waffen-filme-und-serien\/replica-schwert-konig-llane-wrynn-warcraft\/","og_locale":"de_DE","og_type":"article","og_title":"Ep\u00e9e du roi Llane Wrynn - Warcraft - Boutique en ligne | RMC","og_description":"Offrez-vous l'Ep\u00e9e du roi Llane Wrynn dans le film Warcraft au meilleur prix. Lame acier - Garde t\u00eate de lion - Echelle 1\/1 - Longueur 116 cm - Envoi 24\/48h","og_url":"https:\/\/repliquemangacine.fr\/de\/repliken-von-waffen-filme-und-serien\/replica-schwert-konig-llane-wrynn-warcraft\/","og_site_name":"R\u00e9plique Manga Cin\u00e9","article_publisher":"https:\/\/www.facebook.com\/RepliqueMangaCine","article_modified_time":"2025-09-23T16:01:52+00:00","og_image":[{"width":600,"height":600,"url":"https:\/\/repliquemangacine.fr\/wp-content\/uploads\/2023\/10\/2028-Replique-Epee-Roi-Llane-Wrynn-Warcraft.jpg","type":"image\/jpeg"}],"twitter_card":"summary_large_image","twitter_misc":{"Gesch\u00e4tzte Lesezeit":"2\u00a0Minuten"},"schema":{"@context":"https:\/\/schema.org","@graph":[{"@type":"WebPage","@id":"https:\/\/repliquemangacine.fr\/repliques-d-armes-films-et-series\/replique-epee-roi-llane-wrynn-warcraft\/","url":"https:\/\/repliquemangacine.fr\/repliques-d-armes-films-et-series\/replique-epee-roi-llane-wrynn-warcraft\/","name":"Schwert von K\u00f6nig Llane Wrynn - Warcraft - Online Shop | RMC","isPartOf":{"@id":"https:\/\/repliquemangacine.fr\/#website"},"primaryImageOfPage":{"@id":"https:\/\/repliquemangacine.fr\/repliques-d-armes-films-et-series\/replique-epee-roi-llane-wrynn-warcraft\/#primaryimage"},"image":{"@id":"https:\/\/repliquemangacine.fr\/repliques-d-armes-films-et-series\/replique-epee-roi-llane-wrynn-warcraft\/#primaryimage"},"thumbnailUrl":"https:\/\/repliquemangacine.fr\/wp-content\/uploads\/2023\/10\/2028-Replique-Epee-Roi-Llane-Wrynn-Warcraft.jpg","datePublished":"2017-04-03T20:27:33+00:00","dateModified":"2025-09-23T16:01:52+00:00","description":"Bieten Sie das Schwert von K\u00f6nig Llane Wrynn aus dem Film Warcraft zum besten Preis an. Klinge aus Stahl - L\u00f6wenkopfschutz - Ma\u00dfstab 1:1 - L\u00e4nge 116 cm - Versand 24\/48h","breadcrumb":{"@id":"https:\/\/repliquemangacine.fr\/repliques-d-armes-films-et-series\/replique-epee-roi-llane-wrynn-warcraft\/#breadcrumb"},"inLanguage":"de","potentialAction":[{"@type":"ReadAction","target":["https:\/\/repliquemangacine.fr\/repliques-d-armes-films-et-series\/replique-epee-roi-llane-wrynn-warcraft\/"]}]},{"@type":"ImageObject","inLanguage":"de","@id":"https:\/\/repliquemangacine.fr\/repliques-d-armes-films-et-series\/replique-epee-roi-llane-wrynn-warcraft\/#primaryimage","url":"https:\/\/repliquemangacine.fr\/wp-content\/uploads\/2023\/10\/2028-Replique-Epee-Roi-Llane-Wrynn-Warcraft.jpg","contentUrl":"https:\/\/repliquemangacine.fr\/wp-content\/uploads\/2023\/10\/2028-Replique-Epee-Roi-Llane-Wrynn-Warcraft.jpg","width":600,"height":600,"caption":"R\u00e9plique Ep\u00e9e Roi Llane Wrynn - Warcraft"},{"@type":"BreadcrumbList","@id":"https:\/\/repliquemangacine.fr\/repliques-d-armes-films-et-series\/replique-epee-roi-llane-wrynn-warcraft\/#breadcrumb","itemListElement":[{"@type":"ListItem","position":1,"name":"Accueil","item":"https:\/\/repliquemangacine.fr\/"},{"@type":"ListItem","position":2,"name":"Produits","item":"https:\/\/repliquemangacine.fr\/boutique\/"},{"@type":"ListItem","position":3,"name":"Ep\u00e9e du Roi Llane Wrynn &#8211; Warcraft"}]},{"@type":"WebSite","@id":"https:\/\/repliquemangacine.fr\/#website","url":"https:\/\/repliquemangacine.fr\/","name":"R\u00e9plique Manga Cin\u00e9","description":"","publisher":{"@id":"https:\/\/repliquemangacine.fr\/#organization"},"potentialAction":[{"@type":"SearchAction","target":{"@type":"EntryPoint","urlTemplate":"https:\/\/repliquemangacine.fr\/?s={search_term_string}"},"query-input":{"@type":"PropertyValueSpecification","valueRequired":true,"valueName":"search_term_string"}}],"inLanguage":"de"},{"@type":"Organization","@id":"https:\/\/repliquemangacine.fr\/#organization","name":"R\u00e9plique Manga Cin\u00e9","url":"https:\/\/repliquemangacine.fr\/","logo":{"@type":"ImageObject","inLanguage":"de","@id":"https:\/\/repliquemangacine.fr\/#\/schema\/logo\/image\/","url":"https:\/\/repliquemangacine.fr\/wp-content\/uploads\/2023\/10\/RMC-500250.png","contentUrl":"https:\/\/repliquemangacine.fr\/wp-content\/uploads\/2023\/10\/RMC-500250.png","width":500,"height":250,"caption":"R\u00e9plique Manga Cin\u00e9"},"image":{"@id":"https:\/\/repliquemangacine.fr\/#\/schema\/logo\/image\/"},"sameAs":["https:\/\/www.facebook.com\/RepliqueMangaCine","https:\/\/www.instagram.com\/repliquemangacine.fr\/"]}]}},"_links":{"self":[{"href":"https:\/\/repliquemangacine.fr\/de\/wp-json\/wp\/v2\/product\/27046","targetHints":{"allow":["GET"]}}],"collection":[{"href":"https:\/\/repliquemangacine.fr\/de\/wp-json\/wp\/v2\/product"}],"about":[{"href":"https:\/\/repliquemangacine.fr\/de\/wp-json\/wp\/v2\/types\/product"}],"wp:featuredmedia":[{"embeddable":true,"href":"https:\/\/repliquemangacine.fr\/de\/wp-json\/wp\/v2\/media\/27047"}],"wp:attachment":[{"href":"https:\/\/repliquemangacine.fr\/de\/wp-json\/wp\/v2\/media?parent=27046"}],"wp:term":[{"taxonomy":"product_brand","embeddable":true,"href":"https:\/\/repliquemangacine.fr\/de\/wp-json\/wp\/v2\/product_brand?post=27046"},{"taxonomy":"product_cat","embeddable":true,"href":"https:\/\/repliquemangacine.fr\/de\/wp-json\/wp\/v2\/product_cat?post=27046"},{"taxonomy":"product_tag","embeddable":true,"href":"https:\/\/repliquemangacine.fr\/de\/wp-json\/wp\/v2\/product_tag?post=27046"}],"curies":[{"name":"wp","href":"https:\/\/api.w.org\/{rel}","templated":true}]}}