





{"id":27025,"date":"2017-03-22T19:02:12","date_gmt":"2017-03-22T18:02:12","guid":{"rendered":"https:\/\/repliquemangacine.fr\/?post_type=product&#038;p=27025"},"modified":"2025-09-23T18:01:52","modified_gmt":"2025-09-23T16:01:52","slug":"maschinenpistole-mp41-sub-machine-gun","status":"publish","type":"product","link":"https:\/\/repliquemangacine.fr\/de\/reproductions-armes-seconde-guerre-mondiale-denix\/pistolet-mitrailleur-mp41-sub-machine-gun\/","title":{"rendered":"Maschinengewehr MP41- Sub Machine gun"},"content":{"rendered":"<h2>Maschinenpistole MP41 Sub-Machine gun Denix.<\/h2>\n<p>Zun\u00e4chst einmal die Maschinenpistole MP41 (Maschinen Pistole 41), die Hugo Schmeisser w\u00e4hrend des Zweiten Weltkriegs um das Jahr 1941 herum entwickelt hat.  Sie wurde haupts\u00e4chlich von der Waffen-SS an der Ostfront und von der deutschen Polizei eingesetzt.<\/p>\n<p>Bestehend aus dem K\u00f6rper und dem Verschluss der MP40, einem Schulterst\u00fctzgriff aus Holz und dem Z\u00fcndmechanismus der MP28.<\/p>\n<p>Der MP41 wurde w\u00e4hrend des gesamten Zweiten Weltkriegs hergestellt. Es muss jedoch betont werden, dass diese Waffe nicht zur Standardausr\u00fcstung der Wehrmacht geh\u00f6rte.  Diese Waffe wurde vor allem von Haenel f\u00fcr den Export (Rum\u00e4nien) hergestellt.<\/p>\n<p>Denix ist es gelungen, eine Reproduktion der MP41 herzustellen, die der Ausf\u00fchrung von Hugo Schmeisser sehr nahe kommt.<\/p>\n<h2>Ihre Maschinenpistole MP41 zum besten Preis.<\/h2>\n<p>Wir bieten Ihnen eine gro\u00dfe Auswahl an Reproduktionen historischer Waffen.<\/p>\n<p>Zun\u00e4chst einmal,<\/p>\n<ul>\n<li>Die <a href=\"https:\/\/repliquemangacine.fr\/de\/weltkrieg\/replika-maschinengewehr-mg34-mit-stativen-denix\/\">Maschinengewehr MG34<\/a> und seinem Zweibeiner, der als der beste seiner Zeit galt.<\/li>\n<li>Sowie die Nachbildung der Maschinenpistole M3 Dit <a href=\"https:\/\/repliquemangacine.fr\/de\/darmsreproduktionen\/m3-grease-gun-maschinenpistole\/\">Grease Gun<\/a>.<\/li>\n<li>Es gibt auch das Englische Gewehr <a href=\"https:\/\/repliquemangacine.fr\/de\/darmsreproduktionen\/lee-enfield-smle-mark-iii-englisches-gewehr\/\">Lee-Enfield SMLE<\/a> Mark II hergestellt von Denix.<\/li>\n<li>Und noch viel mehr gibt es in unserem Online-Shop zu entdecken!<\/li>\n<\/ul>\n<p>Deshalb ist dies eine gro\u00dfartige Geschenkidee f\u00fcr alle Liebhaber historischer Waffen.<\/p>\n<p>Abschlie\u00dfend k\u00f6nnen Sie diesen <strong>Maschinenpistole MP41<\/strong> Sub-Maschinengewehr f\u00fcr Ihre historischen Nachstellungen. Vor allem aber ist diese Waffe ein Sammler- und Dekorationsst\u00fcck.<\/p>\n<p>R\u00e9plique Manga Cin\u00e9 ist ein franz\u00f6sisches Unternehmen und offizieller Vertriebspartner der Marke <a href=\"https:\/\/www.denix.fr\/fr\/catalogue\/guerres-mondiales-1914-1945\/mitraillettes-et-mitrailleuses\/1124-c\/\" target=\"_blank\" rel=\"noopener noreferrer\">Denix<\/a>.<\/p>\n<h2>Wie werden Denix-Waffenrepliken hergestellt?<\/h2>\n<p>Werden in historischen Rekonstruktionen, Filmen und Serien sowie von Sammlern verwendet. Denix-Waffenreproduktionen, die aus hochwertigen Materialien hergestellt werden. Sorgf\u00e4ltig bearbeitet und zusammengesetzt, um realistische Sammlerwaffen zu schaffen.<\/p>\n<ul>\n<li>Die Metalle sind in einer Metalllegierung, die als Zamac bekannt ist und deren Grundzusammensetzung Zink in 95% ist.<\/li>\n<li>Die Kunststoffteile der Repliken aus geformtem ABS, das eine hohe Widerstandsf\u00e4higkeit bietet.<\/li>\n<li>Holz, das aufgrund seiner Sch\u00f6nheit und Haltbarkeit ausgew\u00e4hlt wird, wie z. B. Mahagoni, Olivenholz oder Walnuss, verleiht Ihren Sch\u00e4ften und F\u00e4ssern ein elegantes und authentisches Aussehen.<\/li>\n<\/ul>\n<p>Es ist zu betonen, dass alle Nachbildungen von Denix-Waffen mit den Originalen identisch sind, wie Ihr <strong>Maschinenpistole MP41<\/strong>.<\/p>","protected":false},"excerpt":{"rendered":"<p>Maschinengewehr die Maschinen Pistole 41 (MP41) der Marke Denix.<\/p>\n<ul>\n<li>Schaft aus Massivholz.<\/li>\n<li>Mechanismus aus Zamak.<\/li>\n<li>Bewaffnet sich und schl\u00e4gt auf, ist aber nicht schussf\u00e4hig.<\/li>\n<li>Abnehmbares Metallmagazin.<\/li>\n<li>Lederriemen.<\/li>\n<li>Ma\u00dfe: 86 cm - Gewicht: 3235 Gramm<\/li>\n<li>Unterliegt keiner Genehmigungspflicht. Verkauf und Besitz frei<\/li>\n<\/ul>\n<p><iframe title=\"YouTube-Videoplayer\" src=\"https:\/\/www.youtube.com\/embed\/I68WrPsg4bs\" width=\"560\" height=\"315\" frameborder=\"0\" allowfullscreen=\"allowfullscreen\"><\/iframe><\/p>","protected":false},"featured_media":27026,"template":"","meta":[],"product_brand":[896],"product_cat":[25,102,46,54,28,76],"product_tag":[],"class_list":{"0":"post-27025","1":"product","2":"type-product","3":"status-publish","4":"has-post-thumbnail","6":"product_brand-replique-manga-cine","7":"product_cat-armes-historiques","8":"product_cat-denix","9":"product_cat-fusil-d-assaut-fusil-moderne","10":"product_cat-armes-accessoires-guerre-mondiale","11":"product_cat-repliques-darmes","12":"product_cat-reproductions-armes-seconde-guerre-mondiale-denix","14":"first","15":"instock","16":"sale","17":"taxable","18":"shipping-taxable","19":"purchasable","20":"product-type-simple"},"yoast_head":"<!-- This site is optimized with the Yoast SEO plugin v27.5 - https:\/\/yoast.com\/product\/yoast-seo-wordpress\/ -->\n<title>Pistolet mitrailleur MP41 Sub-Machine gun - R\u00e9plique Manga Cin\u00e9<\/title>\n<meta name=\"description\" content=\"D\u00e9couvrez le Pistolet mitrailleur MP41 au meilleur prix - En bois massif et m\u00e9tal - M\u00e9canisme fonctionnel - Inapte au tir - Chargeur amovible - 86 cm\" \/>\n<meta name=\"robots\" content=\"index, follow, max-snippet:-1, max-image-preview:large, max-video-preview:-1\" \/>\n<link rel=\"canonical\" href=\"https:\/\/repliquemangacine.fr\/de\/denix\/maschinenpistole-mp41-sub-machine-gun\/\" \/>\n<meta property=\"og:locale\" content=\"de_DE\" \/>\n<meta property=\"og:type\" content=\"article\" \/>\n<meta property=\"og:title\" content=\"Pistolet mitrailleur MP41 Sub-Machine gun - R\u00e9plique Manga Cin\u00e9\" \/>\n<meta property=\"og:description\" content=\"D\u00e9couvrez le Pistolet mitrailleur MP41 au meilleur prix - En bois massif et m\u00e9tal - M\u00e9canisme fonctionnel - Inapte au tir - Chargeur amovible - 86 cm\" \/>\n<meta property=\"og:url\" content=\"https:\/\/repliquemangacine.fr\/de\/denix\/maschinenpistole-mp41-sub-machine-gun\/\" \/>\n<meta property=\"og:site_name\" content=\"R\u00e9plique Manga Cin\u00e9\" \/>\n<meta property=\"article:publisher\" content=\"https:\/\/www.facebook.com\/RepliqueMangaCine\" \/>\n<meta property=\"article:modified_time\" content=\"2025-09-23T16:01:52+00:00\" \/>\n<meta property=\"og:image\" content=\"https:\/\/repliquemangacine.fr\/wp-content\/uploads\/2023\/10\/1824-Pistolet-Mitrailleur-MP41-Sub-Machine-gun.jpg\" \/>\n\t<meta property=\"og:image:width\" content=\"600\" \/>\n\t<meta property=\"og:image:height\" content=\"600\" \/>\n\t<meta property=\"og:image:type\" content=\"image\/jpeg\" \/>\n<meta name=\"twitter:card\" content=\"summary_large_image\" \/>\n<meta name=\"twitter:label1\" content=\"Gesch\u00e4tzte Lesezeit\" \/>\n\t<meta name=\"twitter:data1\" content=\"2\u00a0Minuten\" \/>\n<script type=\"application\/ld+json\" class=\"yoast-schema-graph\">{\"@context\":\"https:\\\/\\\/schema.org\",\"@graph\":[{\"@type\":\"WebPage\",\"@id\":\"https:\\\/\\\/repliquemangacine.fr\\\/denix\\\/pistolet-mitrailleur-mp41-sub-machine-gun\\\/\",\"url\":\"https:\\\/\\\/repliquemangacine.fr\\\/denix\\\/pistolet-mitrailleur-mp41-sub-machine-gun\\\/\",\"name\":\"Pistolet mitrailleur MP41 Sub-Machine gun - R\u00e9plique Manga Cin\u00e9\",\"isPartOf\":{\"@id\":\"https:\\\/\\\/repliquemangacine.fr\\\/#website\"},\"primaryImageOfPage\":{\"@id\":\"https:\\\/\\\/repliquemangacine.fr\\\/denix\\\/pistolet-mitrailleur-mp41-sub-machine-gun\\\/#primaryimage\"},\"image\":{\"@id\":\"https:\\\/\\\/repliquemangacine.fr\\\/denix\\\/pistolet-mitrailleur-mp41-sub-machine-gun\\\/#primaryimage\"},\"thumbnailUrl\":\"https:\\\/\\\/repliquemangacine.fr\\\/wp-content\\\/uploads\\\/2023\\\/10\\\/1824-Pistolet-Mitrailleur-MP41-Sub-Machine-gun.jpg\",\"datePublished\":\"2017-03-22T18:02:12+00:00\",\"dateModified\":\"2025-09-23T16:01:52+00:00\",\"description\":\"D\u00e9couvrez le Pistolet mitrailleur MP41 au meilleur prix - En bois massif et m\u00e9tal - M\u00e9canisme fonctionnel - Inapte au tir - Chargeur amovible - 86 cm\",\"breadcrumb\":{\"@id\":\"https:\\\/\\\/repliquemangacine.fr\\\/denix\\\/pistolet-mitrailleur-mp41-sub-machine-gun\\\/#breadcrumb\"},\"inLanguage\":\"de\",\"potentialAction\":[{\"@type\":\"ReadAction\",\"target\":[\"https:\\\/\\\/repliquemangacine.fr\\\/denix\\\/pistolet-mitrailleur-mp41-sub-machine-gun\\\/\"]}]},{\"@type\":\"ImageObject\",\"inLanguage\":\"de\",\"@id\":\"https:\\\/\\\/repliquemangacine.fr\\\/denix\\\/pistolet-mitrailleur-mp41-sub-machine-gun\\\/#primaryimage\",\"url\":\"https:\\\/\\\/repliquemangacine.fr\\\/wp-content\\\/uploads\\\/2023\\\/10\\\/1824-Pistolet-Mitrailleur-MP41-Sub-Machine-gun.jpg\",\"contentUrl\":\"https:\\\/\\\/repliquemangacine.fr\\\/wp-content\\\/uploads\\\/2023\\\/10\\\/1824-Pistolet-Mitrailleur-MP41-Sub-Machine-gun.jpg\",\"width\":600,\"height\":600,\"caption\":\"Pistolet Mitrailleur MP41- Sub Machine gun\"},{\"@type\":\"BreadcrumbList\",\"@id\":\"https:\\\/\\\/repliquemangacine.fr\\\/denix\\\/pistolet-mitrailleur-mp41-sub-machine-gun\\\/#breadcrumb\",\"itemListElement\":[{\"@type\":\"ListItem\",\"position\":1,\"name\":\"Accueil\",\"item\":\"https:\\\/\\\/repliquemangacine.fr\\\/\"},{\"@type\":\"ListItem\",\"position\":2,\"name\":\"Produits\",\"item\":\"https:\\\/\\\/repliquemangacine.fr\\\/boutique\\\/\"},{\"@type\":\"ListItem\",\"position\":3,\"name\":\"Mitrailleur MP41- Sub Machine gun\"}]},{\"@type\":\"WebSite\",\"@id\":\"https:\\\/\\\/repliquemangacine.fr\\\/#website\",\"url\":\"https:\\\/\\\/repliquemangacine.fr\\\/\",\"name\":\"R\u00e9plique Manga Cin\u00e9\",\"description\":\"\",\"publisher\":{\"@id\":\"https:\\\/\\\/repliquemangacine.fr\\\/#organization\"},\"potentialAction\":[{\"@type\":\"SearchAction\",\"target\":{\"@type\":\"EntryPoint\",\"urlTemplate\":\"https:\\\/\\\/repliquemangacine.fr\\\/?s={search_term_string}\"},\"query-input\":{\"@type\":\"PropertyValueSpecification\",\"valueRequired\":true,\"valueName\":\"search_term_string\"}}],\"inLanguage\":\"de\"},{\"@type\":\"Organization\",\"@id\":\"https:\\\/\\\/repliquemangacine.fr\\\/#organization\",\"name\":\"R\u00e9plique Manga Cin\u00e9\",\"url\":\"https:\\\/\\\/repliquemangacine.fr\\\/\",\"logo\":{\"@type\":\"ImageObject\",\"inLanguage\":\"de\",\"@id\":\"https:\\\/\\\/repliquemangacine.fr\\\/#\\\/schema\\\/logo\\\/image\\\/\",\"url\":\"https:\\\/\\\/repliquemangacine.fr\\\/wp-content\\\/uploads\\\/2023\\\/10\\\/RMC-500250.png\",\"contentUrl\":\"https:\\\/\\\/repliquemangacine.fr\\\/wp-content\\\/uploads\\\/2023\\\/10\\\/RMC-500250.png\",\"width\":500,\"height\":250,\"caption\":\"R\u00e9plique Manga Cin\u00e9\"},\"image\":{\"@id\":\"https:\\\/\\\/repliquemangacine.fr\\\/#\\\/schema\\\/logo\\\/image\\\/\"},\"sameAs\":[\"https:\\\/\\\/www.facebook.com\\\/RepliqueMangaCine\",\"https:\\\/\\\/www.instagram.com\\\/repliquemangacine.fr\\\/\"]}]}<\/script>\n<!-- \/ Yoast SEO plugin. -->","yoast_head_json":{"title":"Maschinenpistole MP41 Sub-Machine gun - R\u00e9plique Manga Cin\u00e9","description":"Entdecken Sie die Maschinenpistole MP41 zum besten Preis - Aus Massivholz und Metall - Funktionaler Mechanismus - Schu\u00dfunf\u00e4hig - Abnehmbares Magazin - 86 cm","robots":{"index":"index","follow":"follow","max-snippet":"max-snippet:-1","max-image-preview":"max-image-preview:large","max-video-preview":"max-video-preview:-1"},"canonical":"https:\/\/repliquemangacine.fr\/de\/denix\/maschinenpistole-mp41-sub-machine-gun\/","og_locale":"de_DE","og_type":"article","og_title":"Pistolet mitrailleur MP41 Sub-Machine gun - R\u00e9plique Manga Cin\u00e9","og_description":"D\u00e9couvrez le Pistolet mitrailleur MP41 au meilleur prix - En bois massif et m\u00e9tal - M\u00e9canisme fonctionnel - Inapte au tir - Chargeur amovible - 86 cm","og_url":"https:\/\/repliquemangacine.fr\/de\/denix\/maschinenpistole-mp41-sub-machine-gun\/","og_site_name":"R\u00e9plique Manga Cin\u00e9","article_publisher":"https:\/\/www.facebook.com\/RepliqueMangaCine","article_modified_time":"2025-09-23T16:01:52+00:00","og_image":[{"width":600,"height":600,"url":"https:\/\/repliquemangacine.fr\/wp-content\/uploads\/2023\/10\/1824-Pistolet-Mitrailleur-MP41-Sub-Machine-gun.jpg","type":"image\/jpeg"}],"twitter_card":"summary_large_image","twitter_misc":{"Gesch\u00e4tzte Lesezeit":"2\u00a0Minuten"},"schema":{"@context":"https:\/\/schema.org","@graph":[{"@type":"WebPage","@id":"https:\/\/repliquemangacine.fr\/denix\/pistolet-mitrailleur-mp41-sub-machine-gun\/","url":"https:\/\/repliquemangacine.fr\/denix\/pistolet-mitrailleur-mp41-sub-machine-gun\/","name":"Maschinenpistole MP41 Sub-Machine gun - R\u00e9plique Manga Cin\u00e9","isPartOf":{"@id":"https:\/\/repliquemangacine.fr\/#website"},"primaryImageOfPage":{"@id":"https:\/\/repliquemangacine.fr\/denix\/pistolet-mitrailleur-mp41-sub-machine-gun\/#primaryimage"},"image":{"@id":"https:\/\/repliquemangacine.fr\/denix\/pistolet-mitrailleur-mp41-sub-machine-gun\/#primaryimage"},"thumbnailUrl":"https:\/\/repliquemangacine.fr\/wp-content\/uploads\/2023\/10\/1824-Pistolet-Mitrailleur-MP41-Sub-Machine-gun.jpg","datePublished":"2017-03-22T18:02:12+00:00","dateModified":"2025-09-23T16:01:52+00:00","description":"Entdecken Sie die Maschinenpistole MP41 zum besten Preis - Aus Massivholz und Metall - Funktionaler Mechanismus - Schu\u00dfunf\u00e4hig - Abnehmbares Magazin - 86 cm","breadcrumb":{"@id":"https:\/\/repliquemangacine.fr\/denix\/pistolet-mitrailleur-mp41-sub-machine-gun\/#breadcrumb"},"inLanguage":"de","potentialAction":[{"@type":"ReadAction","target":["https:\/\/repliquemangacine.fr\/denix\/pistolet-mitrailleur-mp41-sub-machine-gun\/"]}]},{"@type":"ImageObject","inLanguage":"de","@id":"https:\/\/repliquemangacine.fr\/denix\/pistolet-mitrailleur-mp41-sub-machine-gun\/#primaryimage","url":"https:\/\/repliquemangacine.fr\/wp-content\/uploads\/2023\/10\/1824-Pistolet-Mitrailleur-MP41-Sub-Machine-gun.jpg","contentUrl":"https:\/\/repliquemangacine.fr\/wp-content\/uploads\/2023\/10\/1824-Pistolet-Mitrailleur-MP41-Sub-Machine-gun.jpg","width":600,"height":600,"caption":"Pistolet Mitrailleur MP41- Sub Machine gun"},{"@type":"BreadcrumbList","@id":"https:\/\/repliquemangacine.fr\/denix\/pistolet-mitrailleur-mp41-sub-machine-gun\/#breadcrumb","itemListElement":[{"@type":"ListItem","position":1,"name":"Accueil","item":"https:\/\/repliquemangacine.fr\/"},{"@type":"ListItem","position":2,"name":"Produits","item":"https:\/\/repliquemangacine.fr\/boutique\/"},{"@type":"ListItem","position":3,"name":"Mitrailleur MP41- Sub Machine gun"}]},{"@type":"WebSite","@id":"https:\/\/repliquemangacine.fr\/#website","url":"https:\/\/repliquemangacine.fr\/","name":"R\u00e9plique Manga Cin\u00e9","description":"","publisher":{"@id":"https:\/\/repliquemangacine.fr\/#organization"},"potentialAction":[{"@type":"SearchAction","target":{"@type":"EntryPoint","urlTemplate":"https:\/\/repliquemangacine.fr\/?s={search_term_string}"},"query-input":{"@type":"PropertyValueSpecification","valueRequired":true,"valueName":"search_term_string"}}],"inLanguage":"de"},{"@type":"Organization","@id":"https:\/\/repliquemangacine.fr\/#organization","name":"R\u00e9plique Manga Cin\u00e9","url":"https:\/\/repliquemangacine.fr\/","logo":{"@type":"ImageObject","inLanguage":"de","@id":"https:\/\/repliquemangacine.fr\/#\/schema\/logo\/image\/","url":"https:\/\/repliquemangacine.fr\/wp-content\/uploads\/2023\/10\/RMC-500250.png","contentUrl":"https:\/\/repliquemangacine.fr\/wp-content\/uploads\/2023\/10\/RMC-500250.png","width":500,"height":250,"caption":"R\u00e9plique Manga Cin\u00e9"},"image":{"@id":"https:\/\/repliquemangacine.fr\/#\/schema\/logo\/image\/"},"sameAs":["https:\/\/www.facebook.com\/RepliqueMangaCine","https:\/\/www.instagram.com\/repliquemangacine.fr\/"]}]}},"_links":{"self":[{"href":"https:\/\/repliquemangacine.fr\/de\/wp-json\/wp\/v2\/product\/27025","targetHints":{"allow":["GET"]}}],"collection":[{"href":"https:\/\/repliquemangacine.fr\/de\/wp-json\/wp\/v2\/product"}],"about":[{"href":"https:\/\/repliquemangacine.fr\/de\/wp-json\/wp\/v2\/types\/product"}],"wp:featuredmedia":[{"embeddable":true,"href":"https:\/\/repliquemangacine.fr\/de\/wp-json\/wp\/v2\/media\/27026"}],"wp:attachment":[{"href":"https:\/\/repliquemangacine.fr\/de\/wp-json\/wp\/v2\/media?parent=27025"}],"wp:term":[{"taxonomy":"product_brand","embeddable":true,"href":"https:\/\/repliquemangacine.fr\/de\/wp-json\/wp\/v2\/product_brand?post=27025"},{"taxonomy":"product_cat","embeddable":true,"href":"https:\/\/repliquemangacine.fr\/de\/wp-json\/wp\/v2\/product_cat?post=27025"},{"taxonomy":"product_tag","embeddable":true,"href":"https:\/\/repliquemangacine.fr\/de\/wp-json\/wp\/v2\/product_tag?post=27025"}],"curies":[{"name":"wp","href":"https:\/\/api.w.org\/{rel}","templated":true}]}}