





{"id":27019,"date":"2017-03-19T18:40:42","date_gmt":"2017-03-19T17:40:42","guid":{"rendered":"https:\/\/repliquemangacine.fr\/?post_type=product&#038;p=27019"},"modified":"2025-10-18T06:59:09","modified_gmt":"2025-10-18T04:59:09","slug":"schwert-der-rustung-erza-fairy-tail","status":"publish","type":"product","link":"https:\/\/repliquemangacine.fr\/de\/katana-et-epee-de-manga-anime-autre-manga\/epee-d-armure-erza-fairy-tail\/","title":{"rendered":"Erza's Fairy Tail Schwert"},"content":{"rendered":"<h2>Erza-Schwert in Fairy Tail.<\/h2>\n<p>Zu Beginn wird die<strong>Erza Fairy Tail Schwert<\/strong> ist das, das sie mit der R\u00fcstung der Natur verwendet. Das Schwert der Dreifaltigkeit ist ein Zauberspruch f\u00fcr magische Schwerter. Beim Tragen der R\u00fcstung der Natur kreuzt Erza ihre beiden Schwerter vor sich und richtet sie dann nach vorne auf, um eine Energiewelle freizusetzen.<\/p>\n<p>Erza Scarlett ist eine S-Rang-Magierin der Gilde Fairy Tail, die als st\u00e4rkstes weibliches Mitglied gilt. Sie wird auch Titania, die K\u00f6nigin der Feen, genannt.<\/p>\n<p>L'<a href=\"https:\/\/fairy-tail.fandom.com\/fr\/wiki\/Armure_de_la_Nature\" target=\"_blank\" rel=\"noopener noreferrer\">R\u00fcstung der Natur<\/a>Die Himmelsrad-R\u00fcstung ist eine der R\u00fcstungen von Erza Scarlett. Diese R\u00fcstung scheint Erza die F\u00e4higkeit zu verleihen, \u00fcber kurze Distanzen zu fliegen.<\/p>\n<h2>Ihr Erza Fairy Tail Schwert zum besten Preis.<\/h2>\n<p>In dieser Kategorie bieten wir dir alle Spr\u00fcche deiner Lieblingscharaktere an.<\/p>\n<p>Zun\u00e4chst einmal,<\/p>\n<ul>\n<li>Die <a href=\"https:\/\/repliquemangacine.fr\/de\/anderer-manga\/katana-erza-scarlett-magisches-epee-fairy-tail\/\">Katana von Erza<\/a> Scarlett in Fairy Tail, magisches Schwert.<\/li>\n<li>Sowie die<a href=\"https:\/\/repliquemangacine.fr\/de\/anderer-manga\/schwert-des-meliodas-heiliger-tresor-lostvayne\/\">Lostvayne-Schwert von Meliodas<\/a> in \"Seven Deadly Sins\".<\/li>\n<li>Und viele andere, die es in unserem Online-Shop zu entdecken gibt!<\/li>\n<\/ul>\n<p>Deshalb gibt es hier tolle Geschenkideen f\u00fcr Fairy-Tell-Fans.<\/p>\n<p>Abschlie\u00dfend k\u00f6nnen Sie auch diese l<strong>Erza Fairy Tail Schwert<\/strong> f\u00fcr Ihre Cosplay-Paraden oder Themenpartys. Aber vor allem ist Scarletts Schwert auch ein Sammler- und Dekorationsst\u00fcck.<\/p>\n<p>R\u00e9plique Manga Cin\u00e9 ist ein franz\u00f6sisches Unternehmen.<\/p>\n<h2>Wie pflegt man die Klinge seines Manga-Katanas?<\/h2>\n<p>Katanas f\u00fcr Sammlungen und Dekorationen werden auf vereinfachte Weise hergestellt und zusammengebaut. Da sie zu Dekorationszwecken verwendet werden, fehlen ihnen die Sicherheitsmerkmale, die ein japanisches Schwert f\u00fcr Trainingszwecke aufweisen muss.<\/p>\n<p>Allerdings ist Ihr <strong>Katana<\/strong> <strong>von Erza Fairy Tail<\/strong> zu einer Stahlklinge, die gepflegt werden muss, damit sie nicht mit der Zeit abgenutzt wird. Denn wenn du dein Katana ausstellst, werden deine Freunde neugierig sein, die Klinge zu sehen und sie zu ber\u00fchren. Hier ist Vorsicht geboten, denn Sie sollten wissen, dass die S\u00e4ure der Finger dem Stahl unabh\u00e4ngig von seiner Qualit\u00e4t sehr schadet.<\/p>\n<p>Wenn dies jedoch passiert, keine Panik, Sie brauchen nur ein Tuch, das mit etwas \u00d6l befeuchtet ist, und wischen die Fingerabdr\u00fccke ab. Wenn Sie dies tun, werden Sie Ihr Schwert sehr lange behalten.<\/p>","protected":false},"excerpt":{"rendered":"<p>R\u00fcstungsschwert der Natur von Erza aus Fairy Tail.<\/p>\n<ul>\n<li>Ungeschliffene Klinge aus 440er Stahl.<\/li>\n<li>Silberner Stahlb\u00fcgel.<\/li>\n<li>Metallgriff mit einem schwarzen Kunstlederriemen \u00fcberzogen.<\/li>\n<li>Scheide aus Kunstleder.<\/li>\n<li>L\u00e4nge der Klinge: 72cm - Gesamtl\u00e4nge: 104cm - Gewicht: 2030grs<\/li>\n<\/ul>","protected":false},"featured_media":27020,"template":"","meta":[],"product_brand":[896],"product_cat":[65,23],"product_tag":[],"class_list":{"0":"post-27019","1":"product","2":"type-product","3":"status-publish","4":"has-post-thumbnail","6":"product_brand-replique-manga-cine","7":"product_cat-katana-et-epee-de-manga-anime-autre-manga","8":"product_cat-repliques-manga-jeux-video","10":"first","11":"instock","12":"taxable","13":"shipping-taxable","14":"purchasable","15":"product-type-simple"},"yoast_head":"<!-- This site is optimized with the Yoast SEO plugin v27.5 - https:\/\/yoast.com\/product\/yoast-seo-wordpress\/ -->\n<title>Ep\u00e9e Erza Fairy Tail - Ep\u00e9e d&#039;armure - R\u00e9plique Manga Cine<\/title>\n<meta name=\"description\" content=\"Superbe r\u00e9plique de l&#039;Ep\u00e9e Erza Fairy Tail. Cette \u00e9p\u00e9e d&#039;armure de la nature \u00e0 une lame en acier avec s\u00e9rigraphie. Garde sp\u00e9cifique en m\u00e9tal. Fourreau.\" \/>\n<meta name=\"robots\" content=\"index, follow, max-snippet:-1, max-image-preview:large, max-video-preview:-1\" \/>\n<link rel=\"canonical\" href=\"https:\/\/repliquemangacine.fr\/de\/katana-und-schwert-von-manga-anime-andere-manga\/schwert-der-rustung-erza-fairy-tail\/\" \/>\n<meta property=\"og:locale\" content=\"de_DE\" \/>\n<meta property=\"og:type\" content=\"article\" \/>\n<meta property=\"og:title\" content=\"Ep\u00e9e Erza Fairy Tail - Ep\u00e9e d&#039;armure - R\u00e9plique Manga Cine\" \/>\n<meta property=\"og:description\" content=\"Superbe r\u00e9plique de l&#039;Ep\u00e9e Erza Fairy Tail. Cette \u00e9p\u00e9e d&#039;armure de la nature \u00e0 une lame en acier avec s\u00e9rigraphie. Garde sp\u00e9cifique en m\u00e9tal. Fourreau.\" \/>\n<meta property=\"og:url\" content=\"https:\/\/repliquemangacine.fr\/de\/katana-und-schwert-von-manga-anime-andere-manga\/schwert-der-rustung-erza-fairy-tail\/\" \/>\n<meta property=\"og:site_name\" content=\"R\u00e9plique Manga Cin\u00e9\" \/>\n<meta property=\"article:publisher\" content=\"https:\/\/www.facebook.com\/RepliqueMangaCine\" \/>\n<meta property=\"article:modified_time\" content=\"2025-10-18T04:59:09+00:00\" \/>\n<meta property=\"og:image\" content=\"https:\/\/repliquemangacine.fr\/wp-content\/uploads\/2023\/10\/1819-Epee-darmure-erza-Fairy-Tail.jpg\" \/>\n\t<meta property=\"og:image:width\" content=\"600\" \/>\n\t<meta property=\"og:image:height\" content=\"600\" \/>\n\t<meta property=\"og:image:type\" content=\"image\/jpeg\" \/>\n<meta name=\"twitter:card\" content=\"summary_large_image\" \/>\n<meta name=\"twitter:label1\" content=\"Gesch\u00e4tzte Lesezeit\" \/>\n\t<meta name=\"twitter:data1\" content=\"1\u00a0Minute\" \/>\n<script type=\"application\/ld+json\" class=\"yoast-schema-graph\">{\"@context\":\"https:\\\/\\\/schema.org\",\"@graph\":[{\"@type\":\"WebPage\",\"@id\":\"https:\\\/\\\/repliquemangacine.fr\\\/katana-et-epee-de-manga-anime-autre-manga\\\/epee-d-armure-erza-fairy-tail\\\/\",\"url\":\"https:\\\/\\\/repliquemangacine.fr\\\/katana-et-epee-de-manga-anime-autre-manga\\\/epee-d-armure-erza-fairy-tail\\\/\",\"name\":\"Ep\u00e9e Erza Fairy Tail - Ep\u00e9e d'armure - R\u00e9plique Manga Cine\",\"isPartOf\":{\"@id\":\"https:\\\/\\\/repliquemangacine.fr\\\/#website\"},\"primaryImageOfPage\":{\"@id\":\"https:\\\/\\\/repliquemangacine.fr\\\/katana-et-epee-de-manga-anime-autre-manga\\\/epee-d-armure-erza-fairy-tail\\\/#primaryimage\"},\"image\":{\"@id\":\"https:\\\/\\\/repliquemangacine.fr\\\/katana-et-epee-de-manga-anime-autre-manga\\\/epee-d-armure-erza-fairy-tail\\\/#primaryimage\"},\"thumbnailUrl\":\"https:\\\/\\\/repliquemangacine.fr\\\/wp-content\\\/uploads\\\/2023\\\/10\\\/1819-Epee-darmure-erza-Fairy-Tail.jpg\",\"datePublished\":\"2017-03-19T17:40:42+00:00\",\"dateModified\":\"2025-10-18T04:59:09+00:00\",\"description\":\"Superbe r\u00e9plique de l'Ep\u00e9e Erza Fairy Tail. Cette \u00e9p\u00e9e d'armure de la nature \u00e0 une lame en acier avec s\u00e9rigraphie. Garde sp\u00e9cifique en m\u00e9tal. Fourreau.\",\"breadcrumb\":{\"@id\":\"https:\\\/\\\/repliquemangacine.fr\\\/katana-et-epee-de-manga-anime-autre-manga\\\/epee-d-armure-erza-fairy-tail\\\/#breadcrumb\"},\"inLanguage\":\"de\",\"potentialAction\":[{\"@type\":\"ReadAction\",\"target\":[\"https:\\\/\\\/repliquemangacine.fr\\\/katana-et-epee-de-manga-anime-autre-manga\\\/epee-d-armure-erza-fairy-tail\\\/\"]}]},{\"@type\":\"ImageObject\",\"inLanguage\":\"de\",\"@id\":\"https:\\\/\\\/repliquemangacine.fr\\\/katana-et-epee-de-manga-anime-autre-manga\\\/epee-d-armure-erza-fairy-tail\\\/#primaryimage\",\"url\":\"https:\\\/\\\/repliquemangacine.fr\\\/wp-content\\\/uploads\\\/2023\\\/10\\\/1819-Epee-darmure-erza-Fairy-Tail.jpg\",\"contentUrl\":\"https:\\\/\\\/repliquemangacine.fr\\\/wp-content\\\/uploads\\\/2023\\\/10\\\/1819-Epee-darmure-erza-Fairy-Tail.jpg\",\"width\":600,\"height\":600,\"caption\":\"Ep\u00e9e Erza Fairy Tail - \u00e9p\u00e9e d'armure de la nature\"},{\"@type\":\"BreadcrumbList\",\"@id\":\"https:\\\/\\\/repliquemangacine.fr\\\/katana-et-epee-de-manga-anime-autre-manga\\\/epee-d-armure-erza-fairy-tail\\\/#breadcrumb\",\"itemListElement\":[{\"@type\":\"ListItem\",\"position\":1,\"name\":\"Accueil\",\"item\":\"https:\\\/\\\/repliquemangacine.fr\\\/\"},{\"@type\":\"ListItem\",\"position\":2,\"name\":\"Produits\",\"item\":\"https:\\\/\\\/repliquemangacine.fr\\\/boutique\\\/\"},{\"@type\":\"ListItem\",\"position\":3,\"name\":\"Ep\u00e9e d&#8217;Erza Fairy Tail\"}]},{\"@type\":\"WebSite\",\"@id\":\"https:\\\/\\\/repliquemangacine.fr\\\/#website\",\"url\":\"https:\\\/\\\/repliquemangacine.fr\\\/\",\"name\":\"R\u00e9plique Manga Cin\u00e9\",\"description\":\"\",\"publisher\":{\"@id\":\"https:\\\/\\\/repliquemangacine.fr\\\/#organization\"},\"potentialAction\":[{\"@type\":\"SearchAction\",\"target\":{\"@type\":\"EntryPoint\",\"urlTemplate\":\"https:\\\/\\\/repliquemangacine.fr\\\/?s={search_term_string}\"},\"query-input\":{\"@type\":\"PropertyValueSpecification\",\"valueRequired\":true,\"valueName\":\"search_term_string\"}}],\"inLanguage\":\"de\"},{\"@type\":\"Organization\",\"@id\":\"https:\\\/\\\/repliquemangacine.fr\\\/#organization\",\"name\":\"R\u00e9plique Manga Cin\u00e9\",\"url\":\"https:\\\/\\\/repliquemangacine.fr\\\/\",\"logo\":{\"@type\":\"ImageObject\",\"inLanguage\":\"de\",\"@id\":\"https:\\\/\\\/repliquemangacine.fr\\\/#\\\/schema\\\/logo\\\/image\\\/\",\"url\":\"https:\\\/\\\/repliquemangacine.fr\\\/wp-content\\\/uploads\\\/2023\\\/10\\\/RMC-500250.png\",\"contentUrl\":\"https:\\\/\\\/repliquemangacine.fr\\\/wp-content\\\/uploads\\\/2023\\\/10\\\/RMC-500250.png\",\"width\":500,\"height\":250,\"caption\":\"R\u00e9plique Manga Cin\u00e9\"},\"image\":{\"@id\":\"https:\\\/\\\/repliquemangacine.fr\\\/#\\\/schema\\\/logo\\\/image\\\/\"},\"sameAs\":[\"https:\\\/\\\/www.facebook.com\\\/RepliqueMangaCine\",\"https:\\\/\\\/www.instagram.com\\\/repliquemangacine.fr\\\/\"]}]}<\/script>\n<!-- \/ Yoast SEO plugin. -->","yoast_head_json":{"title":"Erza Fairy Tail Schwert - R\u00fcstungsschwert - Manga Cine Replik","description":"Wundersch\u00f6ne Replik des Erza Fairy Tail-Schwerts. Dieses Schwert der Naturr\u00fcstung hat eine Stahlklinge mit Siebdruck. Spezifischer Schutz aus Metall. Scheide.","robots":{"index":"index","follow":"follow","max-snippet":"max-snippet:-1","max-image-preview":"max-image-preview:large","max-video-preview":"max-video-preview:-1"},"canonical":"https:\/\/repliquemangacine.fr\/de\/katana-und-schwert-von-manga-anime-andere-manga\/schwert-der-rustung-erza-fairy-tail\/","og_locale":"de_DE","og_type":"article","og_title":"Ep\u00e9e Erza Fairy Tail - Ep\u00e9e d'armure - R\u00e9plique Manga Cine","og_description":"Superbe r\u00e9plique de l'Ep\u00e9e Erza Fairy Tail. Cette \u00e9p\u00e9e d'armure de la nature \u00e0 une lame en acier avec s\u00e9rigraphie. Garde sp\u00e9cifique en m\u00e9tal. Fourreau.","og_url":"https:\/\/repliquemangacine.fr\/de\/katana-und-schwert-von-manga-anime-andere-manga\/schwert-der-rustung-erza-fairy-tail\/","og_site_name":"R\u00e9plique Manga Cin\u00e9","article_publisher":"https:\/\/www.facebook.com\/RepliqueMangaCine","article_modified_time":"2025-10-18T04:59:09+00:00","og_image":[{"width":600,"height":600,"url":"https:\/\/repliquemangacine.fr\/wp-content\/uploads\/2023\/10\/1819-Epee-darmure-erza-Fairy-Tail.jpg","type":"image\/jpeg"}],"twitter_card":"summary_large_image","twitter_misc":{"Gesch\u00e4tzte Lesezeit":"1\u00a0Minute"},"schema":{"@context":"https:\/\/schema.org","@graph":[{"@type":"WebPage","@id":"https:\/\/repliquemangacine.fr\/katana-et-epee-de-manga-anime-autre-manga\/epee-d-armure-erza-fairy-tail\/","url":"https:\/\/repliquemangacine.fr\/katana-et-epee-de-manga-anime-autre-manga\/epee-d-armure-erza-fairy-tail\/","name":"Erza Fairy Tail Schwert - R\u00fcstungsschwert - Manga Cine Replik","isPartOf":{"@id":"https:\/\/repliquemangacine.fr\/#website"},"primaryImageOfPage":{"@id":"https:\/\/repliquemangacine.fr\/katana-et-epee-de-manga-anime-autre-manga\/epee-d-armure-erza-fairy-tail\/#primaryimage"},"image":{"@id":"https:\/\/repliquemangacine.fr\/katana-et-epee-de-manga-anime-autre-manga\/epee-d-armure-erza-fairy-tail\/#primaryimage"},"thumbnailUrl":"https:\/\/repliquemangacine.fr\/wp-content\/uploads\/2023\/10\/1819-Epee-darmure-erza-Fairy-Tail.jpg","datePublished":"2017-03-19T17:40:42+00:00","dateModified":"2025-10-18T04:59:09+00:00","description":"Wundersch\u00f6ne Replik des Erza Fairy Tail-Schwerts. Dieses Schwert der Naturr\u00fcstung hat eine Stahlklinge mit Siebdruck. Spezifischer Schutz aus Metall. Scheide.","breadcrumb":{"@id":"https:\/\/repliquemangacine.fr\/katana-et-epee-de-manga-anime-autre-manga\/epee-d-armure-erza-fairy-tail\/#breadcrumb"},"inLanguage":"de","potentialAction":[{"@type":"ReadAction","target":["https:\/\/repliquemangacine.fr\/katana-et-epee-de-manga-anime-autre-manga\/epee-d-armure-erza-fairy-tail\/"]}]},{"@type":"ImageObject","inLanguage":"de","@id":"https:\/\/repliquemangacine.fr\/katana-et-epee-de-manga-anime-autre-manga\/epee-d-armure-erza-fairy-tail\/#primaryimage","url":"https:\/\/repliquemangacine.fr\/wp-content\/uploads\/2023\/10\/1819-Epee-darmure-erza-Fairy-Tail.jpg","contentUrl":"https:\/\/repliquemangacine.fr\/wp-content\/uploads\/2023\/10\/1819-Epee-darmure-erza-Fairy-Tail.jpg","width":600,"height":600,"caption":"Ep\u00e9e Erza Fairy Tail - \u00e9p\u00e9e d'armure de la nature"},{"@type":"BreadcrumbList","@id":"https:\/\/repliquemangacine.fr\/katana-et-epee-de-manga-anime-autre-manga\/epee-d-armure-erza-fairy-tail\/#breadcrumb","itemListElement":[{"@type":"ListItem","position":1,"name":"Accueil","item":"https:\/\/repliquemangacine.fr\/"},{"@type":"ListItem","position":2,"name":"Produits","item":"https:\/\/repliquemangacine.fr\/boutique\/"},{"@type":"ListItem","position":3,"name":"Ep\u00e9e d&#8217;Erza Fairy Tail"}]},{"@type":"WebSite","@id":"https:\/\/repliquemangacine.fr\/#website","url":"https:\/\/repliquemangacine.fr\/","name":"R\u00e9plique Manga Cin\u00e9","description":"","publisher":{"@id":"https:\/\/repliquemangacine.fr\/#organization"},"potentialAction":[{"@type":"SearchAction","target":{"@type":"EntryPoint","urlTemplate":"https:\/\/repliquemangacine.fr\/?s={search_term_string}"},"query-input":{"@type":"PropertyValueSpecification","valueRequired":true,"valueName":"search_term_string"}}],"inLanguage":"de"},{"@type":"Organization","@id":"https:\/\/repliquemangacine.fr\/#organization","name":"R\u00e9plique Manga Cin\u00e9","url":"https:\/\/repliquemangacine.fr\/","logo":{"@type":"ImageObject","inLanguage":"de","@id":"https:\/\/repliquemangacine.fr\/#\/schema\/logo\/image\/","url":"https:\/\/repliquemangacine.fr\/wp-content\/uploads\/2023\/10\/RMC-500250.png","contentUrl":"https:\/\/repliquemangacine.fr\/wp-content\/uploads\/2023\/10\/RMC-500250.png","width":500,"height":250,"caption":"R\u00e9plique Manga Cin\u00e9"},"image":{"@id":"https:\/\/repliquemangacine.fr\/#\/schema\/logo\/image\/"},"sameAs":["https:\/\/www.facebook.com\/RepliqueMangaCine","https:\/\/www.instagram.com\/repliquemangacine.fr\/"]}]}},"_links":{"self":[{"href":"https:\/\/repliquemangacine.fr\/de\/wp-json\/wp\/v2\/product\/27019","targetHints":{"allow":["GET"]}}],"collection":[{"href":"https:\/\/repliquemangacine.fr\/de\/wp-json\/wp\/v2\/product"}],"about":[{"href":"https:\/\/repliquemangacine.fr\/de\/wp-json\/wp\/v2\/types\/product"}],"wp:featuredmedia":[{"embeddable":true,"href":"https:\/\/repliquemangacine.fr\/de\/wp-json\/wp\/v2\/media\/27020"}],"wp:attachment":[{"href":"https:\/\/repliquemangacine.fr\/de\/wp-json\/wp\/v2\/media?parent=27019"}],"wp:term":[{"taxonomy":"product_brand","embeddable":true,"href":"https:\/\/repliquemangacine.fr\/de\/wp-json\/wp\/v2\/product_brand?post=27019"},{"taxonomy":"product_cat","embeddable":true,"href":"https:\/\/repliquemangacine.fr\/de\/wp-json\/wp\/v2\/product_cat?post=27019"},{"taxonomy":"product_tag","embeddable":true,"href":"https:\/\/repliquemangacine.fr\/de\/wp-json\/wp\/v2\/product_tag?post=27019"}],"curies":[{"name":"wp","href":"https:\/\/api.w.org\/{rel}","templated":true}]}}