





{"id":26992,"date":"2017-03-02T18:14:10","date_gmt":"2017-03-02T17:14:10","guid":{"rendered":"https:\/\/repliquemangacine.fr\/?post_type=product&#038;p=26992"},"modified":"2025-09-23T18:01:51","modified_gmt":"2025-09-23T16:01:51","slug":"keyblade-fatalis-kingdom-hearts-fatal-crest-dragon","status":"publish","type":"product","link":"https:\/\/repliquemangacine.fr\/de\/katana-et-epee-de-jeux-video-autre-jeux-video\/keyblade-fatalis-kingdom-hearts-fatal-crest-dragon\/","title":{"rendered":"Keyblade Fatal Crest Dragon - Kingdom Hearts"},"content":{"rendered":"<h2>Replik der Fatalis-Keyblade in Kingdom Hearts II.<\/h2>\n<p>Die <a href=\"https:\/\/kingdomhearts.fandom.com\/fr\/wiki\/Fatalis\">Keyblade Fatalis<\/a>\u00a0 Kingdom Hearts II, die man erh\u00e4lt, nachdem man den Kelch des Schicksals abgeschlossen hat. Der Schl\u00fcsselanh\u00e4nger dieser Keyblade ist der Hades-Becher, und der Schaft und der Bart \u00e4hneln dem Skelett eines Drachen. Die Verbindung zwischen dem Schaft und dem Ring stellt das Reich des Hades dar.<\/p>\n<p>Sora ist der Hauptprotagonist und der wichtigste spielbare Charakter in den meisten Teilen der Kingdom Hearts -Reihe. Er ist ein Keyblade-Tr\u00e4ger von den Schicksalsinseln, auf die er und seine Kindheitsfreunde Riku und Kairi , davon tr\u00e4umten, sich vorzuwagen, um herauszufinden, was jenseits ihrer Heimat liegt.<\/p>\n<p>Soras wichtigste Partner sind Donald und Goofy und haben sich im Laufe des Spielefranchise Kingdom Hearts auf eine Reise auf der Suche nach K\u00f6nig Micky begeben.<\/p>\n<p>Die Keyblade ist eine mysteri\u00f6se, schl\u00fcssel\u00e4hnliche Waffe, die in der gesamten Kingdom Hearts-Serie vorkommt. Die Keyblades werden vom Helden der Serie, Sora, dem K\u00f6nig und einigen anderen Charakteren beherrscht und sind Teil des Kampfes zwischen Licht und Finsternis.<\/p>\n<p>In Form von Schl\u00fcsseln bet\u00e4tigen sie jedes vorhandene Schloss und sind mit Magie und anderen einzigartigen F\u00e4higkeiten durchdrungen. Keyblade-Tr\u00e4ger k\u00f6nnen ihre Kr\u00e4fte an die n\u00e4chste Generation \"vererben\", indem sie auf w\u00fcrdige Individuen treffen.<\/p>\n<h3>Wir bieten Ihnen eine gro\u00dfe Auswahl an Repliken von Anime-Mangas und Videospielen.<\/h3>\n<p>Zun\u00e4chst einmal,<\/p>\n<ul>\n<li>Die beeindruckende Nachbildung der <a href=\"https:\/\/repliquemangacine.fr\/de\/andere-videospiele\/keyblade-tete-de-citrouille-pumpkin-head\/\">Halloween Keyblade K\u00fcrbiskopf<\/a>.<\/li>\n<li>Sowie das <a href=\"https:\/\/repliquemangacine.fr\/de\/andere-videospiele\/coffret-porte-cles-kingdom-hearts\/\">Set mit 15 Kingdom Hearts-Schl\u00fcsselanh\u00e4ngern<\/a><\/li>\n<li>Es gibt auch Die Keyblade Garde des Meisters (<a href=\"https:\/\/repliquemangacine.fr\/de\/andere-videospiele\/keyblade-wachter-des-meisters-kingdom-hearts-eraqus-schlussel\/\">Master Keeper<\/a>) von Meister Eraqus<\/li>\n<li>Und viele andere mehr!<\/li>\n<\/ul>\n<p>Deshalb gibt es hier tolle Geschenkideen f\u00fcr alle Fans von Videospielen.<\/p>\n<h3>Sie k\u00f6nnen die Kingdom Hearts Fatalis Keyblade f\u00fcr Ihre Cosplay-Paraden oder Themenpartys verwenden.<\/h3>\n<p>Vor allem ist dieses Schwert ein Sammler- und Dekorationsst\u00fcck.<br \/>\nR\u00e9plique Manga Cin\u00e9 ist ein franz\u00f6sisches Unternehmen<\/p>\n<p><strong>Wir m\u00f6chten Sie darauf hinweisen, dass alle unsere Repliken Sammlerst\u00fccke und Dekorationen sind. Sie k\u00f6nnen sie f\u00fcr historische Rekonstruktionen, Cosplay-Paraden oder als Innendekoration verwenden. Daher ist es nicht m\u00f6glich, sich mit den Repliken an \u00f6ffentlichen Orten aufzuhalten.<\/strong><\/p>","protected":false},"excerpt":{"rendered":"<p>Ideal f\u00fcr Ihre Cosplays ist diese Replik der Doom Keyblade in Kingdom Hearts II.<\/p>\n<ul>\n<li>die Fatal Crest ist vollst\u00e4ndig aus rostfreiem Stahl.<\/li>\n<li>Mit Schaumstoff \u00fcberzogener Griff, der gut in der Hand liegt.<\/li>\n<li>Fein detaillierter Drachenkopf aus antikisiertem Metall.<\/li>\n<li>Ketten mit Endst\u00fcck aus Metall.<\/li>\n<li>Breite des Schutzes: 27cm - Gesamtl\u00e4nge: 89cm - Gesamtgewicht: 1350grs<\/li>\n<\/ul>","protected":false},"featured_media":26993,"template":"","meta":[],"product_brand":[896],"product_cat":[23,67],"product_tag":[],"class_list":{"0":"post-26992","1":"product","2":"type-product","3":"status-publish","4":"has-post-thumbnail","6":"product_brand-replique-manga-cine","7":"product_cat-repliques-manga-jeux-video","8":"product_cat-katana-et-epee-de-jeux-video-autre-jeux-video","10":"first","11":"instock","12":"taxable","13":"shipping-taxable","14":"purchasable","15":"product-type-simple"},"yoast_head":"<!-- This site is optimized with the Yoast SEO plugin v27.5 - https:\/\/yoast.com\/product\/yoast-seo-wordpress\/ -->\n<title>Keyblade Fatalis\u00a0Kingdom Hearts - R\u00e9plique Manga Cin\u00e9<\/title>\n<meta name=\"description\" content=\"Achetez vite cette Keyblade Fatalis\u00a0 Kingdom Hearts Fatal crest dragon tout en m\u00e9tal du jeu vid\u00e9o. Retrouvez toutes les \u00e9p\u00e9es keyblade sur notre site.\" \/>\n<meta name=\"robots\" content=\"index, follow, max-snippet:-1, max-image-preview:large, max-video-preview:-1\" \/>\n<link rel=\"canonical\" href=\"https:\/\/repliquemangacine.fr\/de\/katana-und-schwert-von-videospielen-andere-videospiele\/keyblade-fatalis-kingdom-hearts-fatal-crest-dragon\/\" \/>\n<meta property=\"og:locale\" content=\"de_DE\" \/>\n<meta property=\"og:type\" content=\"article\" \/>\n<meta property=\"og:title\" content=\"Keyblade Fatalis\u00a0Kingdom Hearts - R\u00e9plique Manga Cin\u00e9\" \/>\n<meta property=\"og:description\" content=\"Achetez vite cette Keyblade Fatalis\u00a0 Kingdom Hearts Fatal crest dragon tout en m\u00e9tal du jeu vid\u00e9o. Retrouvez toutes les \u00e9p\u00e9es keyblade sur notre site.\" \/>\n<meta property=\"og:url\" content=\"https:\/\/repliquemangacine.fr\/de\/katana-und-schwert-von-videospielen-andere-videospiele\/keyblade-fatalis-kingdom-hearts-fatal-crest-dragon\/\" \/>\n<meta property=\"og:site_name\" content=\"R\u00e9plique Manga Cin\u00e9\" \/>\n<meta property=\"article:publisher\" content=\"https:\/\/www.facebook.com\/RepliqueMangaCine\" \/>\n<meta property=\"article:modified_time\" content=\"2025-09-23T16:01:51+00:00\" \/>\n<meta property=\"og:image\" content=\"https:\/\/repliquemangacine.fr\/wp-content\/uploads\/2023\/10\/1797-Keyblade-Fatal-Crest-Dragon-Kingdom-Hearts.jpg\" \/>\n\t<meta property=\"og:image:width\" content=\"600\" \/>\n\t<meta property=\"og:image:height\" content=\"600\" \/>\n\t<meta property=\"og:image:type\" content=\"image\/jpeg\" \/>\n<meta name=\"twitter:card\" content=\"summary_large_image\" \/>\n<meta name=\"twitter:label1\" content=\"Gesch\u00e4tzte Lesezeit\" \/>\n\t<meta name=\"twitter:data1\" content=\"1\u00a0Minute\" \/>\n<script type=\"application\/ld+json\" class=\"yoast-schema-graph\">{\"@context\":\"https:\\\/\\\/schema.org\",\"@graph\":[{\"@type\":\"WebPage\",\"@id\":\"https:\\\/\\\/repliquemangacine.fr\\\/katana-et-epee-de-jeux-video-autre-jeux-video\\\/keyblade-fatalis-kingdom-hearts-fatal-crest-dragon\\\/\",\"url\":\"https:\\\/\\\/repliquemangacine.fr\\\/katana-et-epee-de-jeux-video-autre-jeux-video\\\/keyblade-fatalis-kingdom-hearts-fatal-crest-dragon\\\/\",\"name\":\"Keyblade Fatalis\u00a0Kingdom Hearts - R\u00e9plique Manga Cin\u00e9\",\"isPartOf\":{\"@id\":\"https:\\\/\\\/repliquemangacine.fr\\\/#website\"},\"primaryImageOfPage\":{\"@id\":\"https:\\\/\\\/repliquemangacine.fr\\\/katana-et-epee-de-jeux-video-autre-jeux-video\\\/keyblade-fatalis-kingdom-hearts-fatal-crest-dragon\\\/#primaryimage\"},\"image\":{\"@id\":\"https:\\\/\\\/repliquemangacine.fr\\\/katana-et-epee-de-jeux-video-autre-jeux-video\\\/keyblade-fatalis-kingdom-hearts-fatal-crest-dragon\\\/#primaryimage\"},\"thumbnailUrl\":\"https:\\\/\\\/repliquemangacine.fr\\\/wp-content\\\/uploads\\\/2023\\\/10\\\/1797-Keyblade-Fatal-Crest-Dragon-Kingdom-Hearts.jpg\",\"datePublished\":\"2017-03-02T17:14:10+00:00\",\"dateModified\":\"2025-09-23T16:01:51+00:00\",\"description\":\"Achetez vite cette Keyblade Fatalis\u00a0 Kingdom Hearts Fatal crest dragon tout en m\u00e9tal du jeu vid\u00e9o. Retrouvez toutes les \u00e9p\u00e9es keyblade sur notre site.\",\"breadcrumb\":{\"@id\":\"https:\\\/\\\/repliquemangacine.fr\\\/katana-et-epee-de-jeux-video-autre-jeux-video\\\/keyblade-fatalis-kingdom-hearts-fatal-crest-dragon\\\/#breadcrumb\"},\"inLanguage\":\"de\",\"potentialAction\":[{\"@type\":\"ReadAction\",\"target\":[\"https:\\\/\\\/repliquemangacine.fr\\\/katana-et-epee-de-jeux-video-autre-jeux-video\\\/keyblade-fatalis-kingdom-hearts-fatal-crest-dragon\\\/\"]}]},{\"@type\":\"ImageObject\",\"inLanguage\":\"de\",\"@id\":\"https:\\\/\\\/repliquemangacine.fr\\\/katana-et-epee-de-jeux-video-autre-jeux-video\\\/keyblade-fatalis-kingdom-hearts-fatal-crest-dragon\\\/#primaryimage\",\"url\":\"https:\\\/\\\/repliquemangacine.fr\\\/wp-content\\\/uploads\\\/2023\\\/10\\\/1797-Keyblade-Fatal-Crest-Dragon-Kingdom-Hearts.jpg\",\"contentUrl\":\"https:\\\/\\\/repliquemangacine.fr\\\/wp-content\\\/uploads\\\/2023\\\/10\\\/1797-Keyblade-Fatal-Crest-Dragon-Kingdom-Hearts.jpg\",\"width\":600,\"height\":600,\"caption\":\"Keyblade Fatal Crest Dragon - Kingdom Hearts\"},{\"@type\":\"BreadcrumbList\",\"@id\":\"https:\\\/\\\/repliquemangacine.fr\\\/katana-et-epee-de-jeux-video-autre-jeux-video\\\/keyblade-fatalis-kingdom-hearts-fatal-crest-dragon\\\/#breadcrumb\",\"itemListElement\":[{\"@type\":\"ListItem\",\"position\":1,\"name\":\"Accueil\",\"item\":\"https:\\\/\\\/repliquemangacine.fr\\\/\"},{\"@type\":\"ListItem\",\"position\":2,\"name\":\"Produits\",\"item\":\"https:\\\/\\\/repliquemangacine.fr\\\/boutique\\\/\"},{\"@type\":\"ListItem\",\"position\":3,\"name\":\"Keyblade Fatal Crest Dragon &#8211; Kingdom Hearts\"}]},{\"@type\":\"WebSite\",\"@id\":\"https:\\\/\\\/repliquemangacine.fr\\\/#website\",\"url\":\"https:\\\/\\\/repliquemangacine.fr\\\/\",\"name\":\"R\u00e9plique Manga Cin\u00e9\",\"description\":\"\",\"publisher\":{\"@id\":\"https:\\\/\\\/repliquemangacine.fr\\\/#organization\"},\"potentialAction\":[{\"@type\":\"SearchAction\",\"target\":{\"@type\":\"EntryPoint\",\"urlTemplate\":\"https:\\\/\\\/repliquemangacine.fr\\\/?s={search_term_string}\"},\"query-input\":{\"@type\":\"PropertyValueSpecification\",\"valueRequired\":true,\"valueName\":\"search_term_string\"}}],\"inLanguage\":\"de\"},{\"@type\":\"Organization\",\"@id\":\"https:\\\/\\\/repliquemangacine.fr\\\/#organization\",\"name\":\"R\u00e9plique Manga Cin\u00e9\",\"url\":\"https:\\\/\\\/repliquemangacine.fr\\\/\",\"logo\":{\"@type\":\"ImageObject\",\"inLanguage\":\"de\",\"@id\":\"https:\\\/\\\/repliquemangacine.fr\\\/#\\\/schema\\\/logo\\\/image\\\/\",\"url\":\"https:\\\/\\\/repliquemangacine.fr\\\/wp-content\\\/uploads\\\/2023\\\/10\\\/RMC-500250.png\",\"contentUrl\":\"https:\\\/\\\/repliquemangacine.fr\\\/wp-content\\\/uploads\\\/2023\\\/10\\\/RMC-500250.png\",\"width\":500,\"height\":250,\"caption\":\"R\u00e9plique Manga Cin\u00e9\"},\"image\":{\"@id\":\"https:\\\/\\\/repliquemangacine.fr\\\/#\\\/schema\\\/logo\\\/image\\\/\"},\"sameAs\":[\"https:\\\/\\\/www.facebook.com\\\/RepliqueMangaCine\",\"https:\\\/\\\/www.instagram.com\\\/repliquemangacine.fr\\\/\"]}]}<\/script>\n<!-- \/ Yoast SEO plugin. -->","yoast_head_json":{"title":"Kingdom Hearts Fatalis Keyblade - R\u00e9plique Manga Cin\u00e9","description":"Kaufen Sie schnell diese Kingdom Hearts Fatalis Fatal crest dragon Keyblade ganz aus Metall aus dem Videospiel. Alle Keyblade-Schwerter finden Sie auf unserer Website.","robots":{"index":"index","follow":"follow","max-snippet":"max-snippet:-1","max-image-preview":"max-image-preview:large","max-video-preview":"max-video-preview:-1"},"canonical":"https:\/\/repliquemangacine.fr\/de\/katana-und-schwert-von-videospielen-andere-videospiele\/keyblade-fatalis-kingdom-hearts-fatal-crest-dragon\/","og_locale":"de_DE","og_type":"article","og_title":"Keyblade Fatalis\u00a0Kingdom Hearts - R\u00e9plique Manga Cin\u00e9","og_description":"Achetez vite cette Keyblade Fatalis\u00a0 Kingdom Hearts Fatal crest dragon tout en m\u00e9tal du jeu vid\u00e9o. Retrouvez toutes les \u00e9p\u00e9es keyblade sur notre site.","og_url":"https:\/\/repliquemangacine.fr\/de\/katana-und-schwert-von-videospielen-andere-videospiele\/keyblade-fatalis-kingdom-hearts-fatal-crest-dragon\/","og_site_name":"R\u00e9plique Manga Cin\u00e9","article_publisher":"https:\/\/www.facebook.com\/RepliqueMangaCine","article_modified_time":"2025-09-23T16:01:51+00:00","og_image":[{"width":600,"height":600,"url":"https:\/\/repliquemangacine.fr\/wp-content\/uploads\/2023\/10\/1797-Keyblade-Fatal-Crest-Dragon-Kingdom-Hearts.jpg","type":"image\/jpeg"}],"twitter_card":"summary_large_image","twitter_misc":{"Gesch\u00e4tzte Lesezeit":"1\u00a0Minute"},"schema":{"@context":"https:\/\/schema.org","@graph":[{"@type":"WebPage","@id":"https:\/\/repliquemangacine.fr\/katana-et-epee-de-jeux-video-autre-jeux-video\/keyblade-fatalis-kingdom-hearts-fatal-crest-dragon\/","url":"https:\/\/repliquemangacine.fr\/katana-et-epee-de-jeux-video-autre-jeux-video\/keyblade-fatalis-kingdom-hearts-fatal-crest-dragon\/","name":"Kingdom Hearts Fatalis Keyblade - R\u00e9plique Manga Cin\u00e9","isPartOf":{"@id":"https:\/\/repliquemangacine.fr\/#website"},"primaryImageOfPage":{"@id":"https:\/\/repliquemangacine.fr\/katana-et-epee-de-jeux-video-autre-jeux-video\/keyblade-fatalis-kingdom-hearts-fatal-crest-dragon\/#primaryimage"},"image":{"@id":"https:\/\/repliquemangacine.fr\/katana-et-epee-de-jeux-video-autre-jeux-video\/keyblade-fatalis-kingdom-hearts-fatal-crest-dragon\/#primaryimage"},"thumbnailUrl":"https:\/\/repliquemangacine.fr\/wp-content\/uploads\/2023\/10\/1797-Keyblade-Fatal-Crest-Dragon-Kingdom-Hearts.jpg","datePublished":"2017-03-02T17:14:10+00:00","dateModified":"2025-09-23T16:01:51+00:00","description":"Kaufen Sie schnell diese Kingdom Hearts Fatalis Fatal crest dragon Keyblade ganz aus Metall aus dem Videospiel. Alle Keyblade-Schwerter finden Sie auf unserer Website.","breadcrumb":{"@id":"https:\/\/repliquemangacine.fr\/katana-et-epee-de-jeux-video-autre-jeux-video\/keyblade-fatalis-kingdom-hearts-fatal-crest-dragon\/#breadcrumb"},"inLanguage":"de","potentialAction":[{"@type":"ReadAction","target":["https:\/\/repliquemangacine.fr\/katana-et-epee-de-jeux-video-autre-jeux-video\/keyblade-fatalis-kingdom-hearts-fatal-crest-dragon\/"]}]},{"@type":"ImageObject","inLanguage":"de","@id":"https:\/\/repliquemangacine.fr\/katana-et-epee-de-jeux-video-autre-jeux-video\/keyblade-fatalis-kingdom-hearts-fatal-crest-dragon\/#primaryimage","url":"https:\/\/repliquemangacine.fr\/wp-content\/uploads\/2023\/10\/1797-Keyblade-Fatal-Crest-Dragon-Kingdom-Hearts.jpg","contentUrl":"https:\/\/repliquemangacine.fr\/wp-content\/uploads\/2023\/10\/1797-Keyblade-Fatal-Crest-Dragon-Kingdom-Hearts.jpg","width":600,"height":600,"caption":"Keyblade Fatal Crest Dragon - Kingdom Hearts"},{"@type":"BreadcrumbList","@id":"https:\/\/repliquemangacine.fr\/katana-et-epee-de-jeux-video-autre-jeux-video\/keyblade-fatalis-kingdom-hearts-fatal-crest-dragon\/#breadcrumb","itemListElement":[{"@type":"ListItem","position":1,"name":"Accueil","item":"https:\/\/repliquemangacine.fr\/"},{"@type":"ListItem","position":2,"name":"Produits","item":"https:\/\/repliquemangacine.fr\/boutique\/"},{"@type":"ListItem","position":3,"name":"Keyblade Fatal Crest Dragon &#8211; Kingdom Hearts"}]},{"@type":"WebSite","@id":"https:\/\/repliquemangacine.fr\/#website","url":"https:\/\/repliquemangacine.fr\/","name":"R\u00e9plique Manga Cin\u00e9","description":"","publisher":{"@id":"https:\/\/repliquemangacine.fr\/#organization"},"potentialAction":[{"@type":"SearchAction","target":{"@type":"EntryPoint","urlTemplate":"https:\/\/repliquemangacine.fr\/?s={search_term_string}"},"query-input":{"@type":"PropertyValueSpecification","valueRequired":true,"valueName":"search_term_string"}}],"inLanguage":"de"},{"@type":"Organization","@id":"https:\/\/repliquemangacine.fr\/#organization","name":"R\u00e9plique Manga Cin\u00e9","url":"https:\/\/repliquemangacine.fr\/","logo":{"@type":"ImageObject","inLanguage":"de","@id":"https:\/\/repliquemangacine.fr\/#\/schema\/logo\/image\/","url":"https:\/\/repliquemangacine.fr\/wp-content\/uploads\/2023\/10\/RMC-500250.png","contentUrl":"https:\/\/repliquemangacine.fr\/wp-content\/uploads\/2023\/10\/RMC-500250.png","width":500,"height":250,"caption":"R\u00e9plique Manga Cin\u00e9"},"image":{"@id":"https:\/\/repliquemangacine.fr\/#\/schema\/logo\/image\/"},"sameAs":["https:\/\/www.facebook.com\/RepliqueMangaCine","https:\/\/www.instagram.com\/repliquemangacine.fr\/"]}]}},"_links":{"self":[{"href":"https:\/\/repliquemangacine.fr\/de\/wp-json\/wp\/v2\/product\/26992","targetHints":{"allow":["GET"]}}],"collection":[{"href":"https:\/\/repliquemangacine.fr\/de\/wp-json\/wp\/v2\/product"}],"about":[{"href":"https:\/\/repliquemangacine.fr\/de\/wp-json\/wp\/v2\/types\/product"}],"wp:featuredmedia":[{"embeddable":true,"href":"https:\/\/repliquemangacine.fr\/de\/wp-json\/wp\/v2\/media\/26993"}],"wp:attachment":[{"href":"https:\/\/repliquemangacine.fr\/de\/wp-json\/wp\/v2\/media?parent=26992"}],"wp:term":[{"taxonomy":"product_brand","embeddable":true,"href":"https:\/\/repliquemangacine.fr\/de\/wp-json\/wp\/v2\/product_brand?post=26992"},{"taxonomy":"product_cat","embeddable":true,"href":"https:\/\/repliquemangacine.fr\/de\/wp-json\/wp\/v2\/product_cat?post=26992"},{"taxonomy":"product_tag","embeddable":true,"href":"https:\/\/repliquemangacine.fr\/de\/wp-json\/wp\/v2\/product_tag?post=26992"}],"curies":[{"name":"wp","href":"https:\/\/api.w.org\/{rel}","templated":true}]}}