





{"id":26978,"date":"2017-02-11T16:27:21","date_gmt":"2017-02-11T15:27:21","guid":{"rendered":"https:\/\/repliquemangacine.fr\/?post_type=product&#038;p=26978"},"modified":"2026-03-31T10:04:55","modified_gmt":"2026-03-31T08:04:55","slug":"korinthischer-helm-mit-krete","status":"publish","type":"product","link":"https:\/\/repliquemangacine.fr\/de\/casques-romains-et-grecs\/casque-corinthien-avec-crete\/","title":{"rendered":"Korinthischer griechischer Helm mit Kamm"},"content":{"rendered":"<h2>Replik des Korinthischen Helms<\/h2>\n<p>Zu Beginn wird der <strong>Korinthischer Helm<\/strong> ist ein griechischer Helmtyp aus Bronze, von dem traditionell angenommen wird, dass er in der griechischen Stadt Korinth entstanden ist. Er entstand im 7\u1d49 Jahrhundert v. Chr. und ist bis heute das typische Bild eines griechischen Helms. Seine Urspr\u00fcnge liegen in der Stadt Korinth. Wurde schnell zu einem festen Bestandteil der griechischen R\u00fcstung Hoplite.<\/p>\n<p>Die erste Typologie der <a href=\"https:\/\/musee-archeologienationale.fr\/le-casque-apulo-corinthien-0\" target=\"_blank\" rel=\"noopener noreferrer\">Kopfh\u00f6rer<\/a> Korinthern wurde 1936 von Erich Kukahn erstellt. Anschlie\u00dfend wurde sie von H. Pflug in dem 1988 ver\u00f6ffentlichten Katalog Antike Helme wieder aufgenommen und verbessert. Diese Typologie legt die Existenz von drei Hauptformen fest.<\/p>\n<p>Der am besten arch\u00e4ologisch dokumentierte griechische Helm in der gesamten griechischen Welt. Der am weitesten verbreitete und ber\u00fchmteste Helm. Seine Typologie ist gut bekannt, insbesondere dank der 250 Exemplare, die in Olympia gefunden wurden.<\/p>\n<h2>Ihr Korinthischer Helm zum besten Preis.<\/h2>\n<p>Wir bieten Ihnen eine gro\u00dfe Auswahl an Schwertern und Helmen aus der Zeit der Antike.<\/p>\n<p>Zun\u00e4chst einmal,<\/p>\n<ul>\n<li>L'<a href=\"https:\/\/repliquemangacine.fr\/de\/antike-schwerter\/feltwell-schwert\/\">Fetwell-Schwert<\/a> diese Reproduktion ist eine Nachbildung des Originals, das in einer r\u00f6mischen Villa gefunden wurde.<\/li>\n<li>Sowie das <a href=\"https:\/\/repliquemangacine.fr\/de\/antike-waffen\/romisches-gladius-schwert-julius-cesar-rot\/\">Schwert von Julius C\u00e4sar<\/a> in zwei Farben signiert denix.<\/li>\n<li>Es gibt auch das Schwert der r\u00f6mischen Kavallerie, das Spatha genannt wird.<\/li>\n<li>Und vieles mehr gibt es in unserem Online-Shop zu entdecken.<\/li>\n<\/ul>\n<p>Deshalb sind hier tolle Geschenkideen f\u00fcr alle, die sich f\u00fcr die Antike begeistern.<\/p>\n<p>Abschlie\u00dfend k\u00f6nnen Sie diesen <strong>Korinthischer Helm<\/strong> bei Ihren historischen Reenactments oder Themenabenden.<\/p>\n<h2>Wie werden Ihre Sammelobjekte hergestellt?<\/h2>\n<p>Zun\u00e4chst einmal sind alle unsere Produkte von hoher Qualit\u00e4t und werden mit besonderer Sorgfalt hergestellt. Die Herstellung erfolgt zum Teil von Hand, um jedes noch so kleine Detail zu reproduzieren. Gr\u00f6\u00dfere Teile werden von pr\u00e4zisen Maschinen bearbeitet. Die Gravuren werden in der Regel mit einer Diamantspitze oder einem Laser ausgef\u00fchrt.<\/p>\n<p>Ihre <strong>Korinthischer Helm,<\/strong> hergestellt, um jedes Detail genau zu reproduzieren. Um dem Erbe der originalen Meisterwerke gerecht zu werden. Der Schwerpunkt liegt darauf, qualitativ hochwertige Repliken herzustellen, die so historisch genau wie m\u00f6glich sind.<\/p>\n<p>Abschlie\u00dfend sei gesagt, dass unsere Repliken, die aus China, Spanien oder Indien importiert wurden, Sie in Erstaunen versetzen werden!<\/p>\n<p>R\u00e9plique Manga Cin\u00e9 ist ein franz\u00f6sisches Familienunternehmen.<\/p>","protected":false},"excerpt":{"rendered":"<p>Schwarz bemalter korinthischer Helm der k\u00f6niglichen Garde von der Marke Deepeeka.<\/p>\n<ul>\n<li>Verzierung aus Messing.<\/li>\n<li>Aus Stahl 18 Gauges<\/li>\n<li>Abnehmbarer Kamm aus beigem, nat\u00fcrlichem Rosshaar.<\/li>\n<li>H\u00f6he: 52 cm - Gewicht: 2300 Gramm<\/li>\n<\/ul>","protected":false},"featured_media":26979,"template":"","meta":[],"product_brand":[896],"product_cat":[31,82],"product_tag":[],"class_list":{"0":"post-26978","1":"product","2":"type-product","3":"status-publish","4":"has-post-thumbnail","6":"product_brand-replique-manga-cine","7":"product_cat-armes-antiques","8":"product_cat-casques-romains-et-grecs","10":"first","11":"outofstock","12":"taxable","13":"shipping-taxable","14":"purchasable","15":"product-type-simple"},"yoast_head":"<!-- This site is optimized with the Yoast SEO plugin v27.5 - https:\/\/yoast.com\/product\/yoast-seo-wordpress\/ -->\n<title>Casque Corinthien \u00e0 cr\u00eate - Casque Grecs - R\u00e9plique Manga Cin\u00e9<\/title>\n<meta name=\"description\" content=\"D\u00e9couvrez ce Casque Corinthien de la Garde royale au meilleur prix - En acier 18 gauges - D\u00e9coration en laiton - Cr\u00eate en crin de cheval - Int\u00e9rieur cuir.\" \/>\n<meta name=\"robots\" content=\"index, follow, max-snippet:-1, max-image-preview:large, max-video-preview:-1\" \/>\n<link rel=\"canonical\" href=\"https:\/\/repliquemangacine.fr\/de\/romische-und-griechische-helme\/korinthischer-helm-mit-krete\/\" \/>\n<meta property=\"og:locale\" content=\"de_DE\" \/>\n<meta property=\"og:type\" content=\"article\" \/>\n<meta property=\"og:title\" content=\"Casque Corinthien \u00e0 cr\u00eate - Casque Grecs - R\u00e9plique Manga Cin\u00e9\" \/>\n<meta property=\"og:description\" content=\"D\u00e9couvrez ce Casque Corinthien de la Garde royale au meilleur prix - En acier 18 gauges - D\u00e9coration en laiton - Cr\u00eate en crin de cheval - Int\u00e9rieur cuir.\" \/>\n<meta property=\"og:url\" content=\"https:\/\/repliquemangacine.fr\/de\/romische-und-griechische-helme\/korinthischer-helm-mit-krete\/\" \/>\n<meta property=\"og:site_name\" content=\"R\u00e9plique Manga Cin\u00e9\" \/>\n<meta property=\"article:publisher\" content=\"https:\/\/www.facebook.com\/RepliqueMangaCine\" \/>\n<meta property=\"article:modified_time\" content=\"2026-03-31T08:04:55+00:00\" \/>\n<meta property=\"og:image\" content=\"https:\/\/repliquemangacine.fr\/wp-content\/uploads\/2023\/10\/1781-Casque-Corinthien-avec-crete.jpg\" \/>\n\t<meta property=\"og:image:width\" content=\"600\" \/>\n\t<meta property=\"og:image:height\" content=\"600\" \/>\n\t<meta property=\"og:image:type\" content=\"image\/jpeg\" \/>\n<meta name=\"twitter:card\" content=\"summary_large_image\" \/>\n<meta name=\"twitter:label1\" content=\"Gesch\u00e4tzte Lesezeit\" \/>\n\t<meta name=\"twitter:data1\" content=\"2\u00a0Minuten\" \/>\n<script type=\"application\/ld+json\" class=\"yoast-schema-graph\">{\"@context\":\"https:\\\/\\\/schema.org\",\"@graph\":[{\"@type\":\"WebPage\",\"@id\":\"https:\\\/\\\/repliquemangacine.fr\\\/casques-romains-et-grecs\\\/casque-corinthien-avec-crete\\\/\",\"url\":\"https:\\\/\\\/repliquemangacine.fr\\\/casques-romains-et-grecs\\\/casque-corinthien-avec-crete\\\/\",\"name\":\"Casque Corinthien \u00e0 cr\u00eate - Casque Grecs - R\u00e9plique Manga Cin\u00e9\",\"isPartOf\":{\"@id\":\"https:\\\/\\\/repliquemangacine.fr\\\/#website\"},\"primaryImageOfPage\":{\"@id\":\"https:\\\/\\\/repliquemangacine.fr\\\/casques-romains-et-grecs\\\/casque-corinthien-avec-crete\\\/#primaryimage\"},\"image\":{\"@id\":\"https:\\\/\\\/repliquemangacine.fr\\\/casques-romains-et-grecs\\\/casque-corinthien-avec-crete\\\/#primaryimage\"},\"thumbnailUrl\":\"https:\\\/\\\/repliquemangacine.fr\\\/wp-content\\\/uploads\\\/2023\\\/10\\\/1781-Casque-Corinthien-avec-crete.jpg\",\"datePublished\":\"2017-02-11T15:27:21+00:00\",\"dateModified\":\"2026-03-31T08:04:55+00:00\",\"description\":\"D\u00e9couvrez ce Casque Corinthien de la Garde royale au meilleur prix - En acier 18 gauges - D\u00e9coration en laiton - Cr\u00eate en crin de cheval - Int\u00e9rieur cuir.\",\"breadcrumb\":{\"@id\":\"https:\\\/\\\/repliquemangacine.fr\\\/casques-romains-et-grecs\\\/casque-corinthien-avec-crete\\\/#breadcrumb\"},\"inLanguage\":\"de\",\"potentialAction\":[{\"@type\":\"ReadAction\",\"target\":[\"https:\\\/\\\/repliquemangacine.fr\\\/casques-romains-et-grecs\\\/casque-corinthien-avec-crete\\\/\"]}]},{\"@type\":\"ImageObject\",\"inLanguage\":\"de\",\"@id\":\"https:\\\/\\\/repliquemangacine.fr\\\/casques-romains-et-grecs\\\/casque-corinthien-avec-crete\\\/#primaryimage\",\"url\":\"https:\\\/\\\/repliquemangacine.fr\\\/wp-content\\\/uploads\\\/2023\\\/10\\\/1781-Casque-Corinthien-avec-crete.jpg\",\"contentUrl\":\"https:\\\/\\\/repliquemangacine.fr\\\/wp-content\\\/uploads\\\/2023\\\/10\\\/1781-Casque-Corinthien-avec-crete.jpg\",\"width\":600,\"height\":600,\"caption\":\"Casque Corinthien avec cr\u00eate\"},{\"@type\":\"BreadcrumbList\",\"@id\":\"https:\\\/\\\/repliquemangacine.fr\\\/casques-romains-et-grecs\\\/casque-corinthien-avec-crete\\\/#breadcrumb\",\"itemListElement\":[{\"@type\":\"ListItem\",\"position\":1,\"name\":\"Accueil\",\"item\":\"https:\\\/\\\/repliquemangacine.fr\\\/\"},{\"@type\":\"ListItem\",\"position\":2,\"name\":\"Produits\",\"item\":\"https:\\\/\\\/repliquemangacine.fr\\\/boutique\\\/\"},{\"@type\":\"ListItem\",\"position\":3,\"name\":\"Casque Corinthien Grec avec cr\u00eate\"}]},{\"@type\":\"WebSite\",\"@id\":\"https:\\\/\\\/repliquemangacine.fr\\\/#website\",\"url\":\"https:\\\/\\\/repliquemangacine.fr\\\/\",\"name\":\"R\u00e9plique Manga Cin\u00e9\",\"description\":\"\",\"publisher\":{\"@id\":\"https:\\\/\\\/repliquemangacine.fr\\\/#organization\"},\"potentialAction\":[{\"@type\":\"SearchAction\",\"target\":{\"@type\":\"EntryPoint\",\"urlTemplate\":\"https:\\\/\\\/repliquemangacine.fr\\\/?s={search_term_string}\"},\"query-input\":{\"@type\":\"PropertyValueSpecification\",\"valueRequired\":true,\"valueName\":\"search_term_string\"}}],\"inLanguage\":\"de\"},{\"@type\":\"Organization\",\"@id\":\"https:\\\/\\\/repliquemangacine.fr\\\/#organization\",\"name\":\"R\u00e9plique Manga Cin\u00e9\",\"url\":\"https:\\\/\\\/repliquemangacine.fr\\\/\",\"logo\":{\"@type\":\"ImageObject\",\"inLanguage\":\"de\",\"@id\":\"https:\\\/\\\/repliquemangacine.fr\\\/#\\\/schema\\\/logo\\\/image\\\/\",\"url\":\"https:\\\/\\\/repliquemangacine.fr\\\/wp-content\\\/uploads\\\/2023\\\/10\\\/RMC-500250.png\",\"contentUrl\":\"https:\\\/\\\/repliquemangacine.fr\\\/wp-content\\\/uploads\\\/2023\\\/10\\\/RMC-500250.png\",\"width\":500,\"height\":250,\"caption\":\"R\u00e9plique Manga Cin\u00e9\"},\"image\":{\"@id\":\"https:\\\/\\\/repliquemangacine.fr\\\/#\\\/schema\\\/logo\\\/image\\\/\"},\"sameAs\":[\"https:\\\/\\\/www.facebook.com\\\/RepliqueMangaCine\",\"https:\\\/\\\/www.instagram.com\\\/repliquemangacine.fr\\\/\"]}]}<\/script>\n<!-- \/ Yoast SEO plugin. -->","yoast_head_json":{"title":"Korinthischer Helm mit Kamm - Griechischer Helm - R\u00e9plique Manga Cin\u00e9","description":"Entdecken Sie diesen Korinthischen Helm der k\u00f6niglichen Garde zum besten Preis - Aus 18-Gauge-Stahl - Messingverzierung - Kamm aus Rosshaar - Lederinnenausstattung.","robots":{"index":"index","follow":"follow","max-snippet":"max-snippet:-1","max-image-preview":"max-image-preview:large","max-video-preview":"max-video-preview:-1"},"canonical":"https:\/\/repliquemangacine.fr\/de\/romische-und-griechische-helme\/korinthischer-helm-mit-krete\/","og_locale":"de_DE","og_type":"article","og_title":"Casque Corinthien \u00e0 cr\u00eate - Casque Grecs - R\u00e9plique Manga Cin\u00e9","og_description":"D\u00e9couvrez ce Casque Corinthien de la Garde royale au meilleur prix - En acier 18 gauges - D\u00e9coration en laiton - Cr\u00eate en crin de cheval - Int\u00e9rieur cuir.","og_url":"https:\/\/repliquemangacine.fr\/de\/romische-und-griechische-helme\/korinthischer-helm-mit-krete\/","og_site_name":"R\u00e9plique Manga Cin\u00e9","article_publisher":"https:\/\/www.facebook.com\/RepliqueMangaCine","article_modified_time":"2026-03-31T08:04:55+00:00","og_image":[{"width":600,"height":600,"url":"https:\/\/repliquemangacine.fr\/wp-content\/uploads\/2023\/10\/1781-Casque-Corinthien-avec-crete.jpg","type":"image\/jpeg"}],"twitter_card":"summary_large_image","twitter_misc":{"Gesch\u00e4tzte Lesezeit":"2\u00a0Minuten"},"schema":{"@context":"https:\/\/schema.org","@graph":[{"@type":"WebPage","@id":"https:\/\/repliquemangacine.fr\/casques-romains-et-grecs\/casque-corinthien-avec-crete\/","url":"https:\/\/repliquemangacine.fr\/casques-romains-et-grecs\/casque-corinthien-avec-crete\/","name":"Korinthischer Helm mit Kamm - Griechischer Helm - R\u00e9plique Manga Cin\u00e9","isPartOf":{"@id":"https:\/\/repliquemangacine.fr\/#website"},"primaryImageOfPage":{"@id":"https:\/\/repliquemangacine.fr\/casques-romains-et-grecs\/casque-corinthien-avec-crete\/#primaryimage"},"image":{"@id":"https:\/\/repliquemangacine.fr\/casques-romains-et-grecs\/casque-corinthien-avec-crete\/#primaryimage"},"thumbnailUrl":"https:\/\/repliquemangacine.fr\/wp-content\/uploads\/2023\/10\/1781-Casque-Corinthien-avec-crete.jpg","datePublished":"2017-02-11T15:27:21+00:00","dateModified":"2026-03-31T08:04:55+00:00","description":"Entdecken Sie diesen Korinthischen Helm der k\u00f6niglichen Garde zum besten Preis - Aus 18-Gauge-Stahl - Messingverzierung - Kamm aus Rosshaar - Lederinnenausstattung.","breadcrumb":{"@id":"https:\/\/repliquemangacine.fr\/casques-romains-et-grecs\/casque-corinthien-avec-crete\/#breadcrumb"},"inLanguage":"de","potentialAction":[{"@type":"ReadAction","target":["https:\/\/repliquemangacine.fr\/casques-romains-et-grecs\/casque-corinthien-avec-crete\/"]}]},{"@type":"ImageObject","inLanguage":"de","@id":"https:\/\/repliquemangacine.fr\/casques-romains-et-grecs\/casque-corinthien-avec-crete\/#primaryimage","url":"https:\/\/repliquemangacine.fr\/wp-content\/uploads\/2023\/10\/1781-Casque-Corinthien-avec-crete.jpg","contentUrl":"https:\/\/repliquemangacine.fr\/wp-content\/uploads\/2023\/10\/1781-Casque-Corinthien-avec-crete.jpg","width":600,"height":600,"caption":"Casque Corinthien avec cr\u00eate"},{"@type":"BreadcrumbList","@id":"https:\/\/repliquemangacine.fr\/casques-romains-et-grecs\/casque-corinthien-avec-crete\/#breadcrumb","itemListElement":[{"@type":"ListItem","position":1,"name":"Accueil","item":"https:\/\/repliquemangacine.fr\/"},{"@type":"ListItem","position":2,"name":"Produits","item":"https:\/\/repliquemangacine.fr\/boutique\/"},{"@type":"ListItem","position":3,"name":"Casque Corinthien Grec avec cr\u00eate"}]},{"@type":"WebSite","@id":"https:\/\/repliquemangacine.fr\/#website","url":"https:\/\/repliquemangacine.fr\/","name":"R\u00e9plique Manga Cin\u00e9","description":"","publisher":{"@id":"https:\/\/repliquemangacine.fr\/#organization"},"potentialAction":[{"@type":"SearchAction","target":{"@type":"EntryPoint","urlTemplate":"https:\/\/repliquemangacine.fr\/?s={search_term_string}"},"query-input":{"@type":"PropertyValueSpecification","valueRequired":true,"valueName":"search_term_string"}}],"inLanguage":"de"},{"@type":"Organization","@id":"https:\/\/repliquemangacine.fr\/#organization","name":"R\u00e9plique Manga Cin\u00e9","url":"https:\/\/repliquemangacine.fr\/","logo":{"@type":"ImageObject","inLanguage":"de","@id":"https:\/\/repliquemangacine.fr\/#\/schema\/logo\/image\/","url":"https:\/\/repliquemangacine.fr\/wp-content\/uploads\/2023\/10\/RMC-500250.png","contentUrl":"https:\/\/repliquemangacine.fr\/wp-content\/uploads\/2023\/10\/RMC-500250.png","width":500,"height":250,"caption":"R\u00e9plique Manga Cin\u00e9"},"image":{"@id":"https:\/\/repliquemangacine.fr\/#\/schema\/logo\/image\/"},"sameAs":["https:\/\/www.facebook.com\/RepliqueMangaCine","https:\/\/www.instagram.com\/repliquemangacine.fr\/"]}]}},"_links":{"self":[{"href":"https:\/\/repliquemangacine.fr\/de\/wp-json\/wp\/v2\/product\/26978","targetHints":{"allow":["GET"]}}],"collection":[{"href":"https:\/\/repliquemangacine.fr\/de\/wp-json\/wp\/v2\/product"}],"about":[{"href":"https:\/\/repliquemangacine.fr\/de\/wp-json\/wp\/v2\/types\/product"}],"wp:featuredmedia":[{"embeddable":true,"href":"https:\/\/repliquemangacine.fr\/de\/wp-json\/wp\/v2\/media\/26979"}],"wp:attachment":[{"href":"https:\/\/repliquemangacine.fr\/de\/wp-json\/wp\/v2\/media?parent=26978"}],"wp:term":[{"taxonomy":"product_brand","embeddable":true,"href":"https:\/\/repliquemangacine.fr\/de\/wp-json\/wp\/v2\/product_brand?post=26978"},{"taxonomy":"product_cat","embeddable":true,"href":"https:\/\/repliquemangacine.fr\/de\/wp-json\/wp\/v2\/product_cat?post=26978"},{"taxonomy":"product_tag","embeddable":true,"href":"https:\/\/repliquemangacine.fr\/de\/wp-json\/wp\/v2\/product_tag?post=26978"}],"curies":[{"name":"wp","href":"https:\/\/api.w.org\/{rel}","templated":true}]}}