





{"id":26899,"date":"2017-02-07T15:07:55","date_gmt":"2017-02-07T14:07:55","guid":{"rendered":"https:\/\/repliquemangacine.fr\/?post_type=product&#038;p=26899"},"modified":"2025-09-30T15:47:14","modified_gmt":"2025-09-30T13:47:14","slug":"dolch-jon-snow-longclaw-game-of-thrones","status":"publish","type":"product","link":"https:\/\/repliquemangacine.fr\/de\/epees-game-of-thrones\/dague-jon-snow-longclaw-game-of-thrones\/","title":{"rendered":"Jon Snow Longclaw-Dolch - Game of Thrones"},"content":{"rendered":"<h2>Dolch Jon Snow Longclaw Version Roman in Game of Thrones.<\/h2>\n<p>Zu Beginn wird die <strong>Dolch Jon Snow Longclaw<\/strong> ist in seiner Romanversion. In der Version der Fernsehserie ist der Knauf des Wolfskopfes n\u00e4mlich anders.<\/p>\n<p>Das Schwert wird Jon bereits in der ersten Staffel der Serie von Jeor Mormont geschenkt, nachdem Jon ihm das Leben vor einem Spectre gerettet hat. Longclaw ist in allen Staffeln der Serie zu sehen. Jon nimmt ihn auf seinen Ausfl\u00fcgen jenseits der Mauer \u00fcberall mit hin, unter anderem in die verschiedenen Schlachten \"Castle Black, Battle of the Bastards...\".<\/p>\n<p>Sein Schwert rettet ihm im Duell mit einem Wanderer das Leben, da es nicht explodiert, wenn es mit der Eisklinge des Wei\u00dfen Wanderers in Ber\u00fchrung kommt. \u00dcberrascht t\u00f6tet Jon ihn, woraufhin der Wanderer explodiert.<\/p>\n<h2>Ihr Jon Snow Longclaw Dolch zum besten Preis.<\/h2>\n<p>Wir bieten Ihnen alle Repliken der Schwerter Ihrer Lieblingshelden aus der Serie Game of Thrones.<\/p>\n<p>Zun\u00e4chst einmal,<\/p>\n<ul>\n<li>Die <a href=\"https:\/\/repliquemangacine.fr\/de\/schwerter-game-of-thrones\/replica-dolch-catspaw-game-of-thrones\/\">Catspaw-Dolch<\/a> den Arya benutzt, um den Nachtk\u00f6nig zu t\u00f6ten, dieser Dolch ist auch in Haus des Drachen zu sehen.<\/li>\n<li>Aber auch die<a href=\"https:\/\/repliquemangacine.fr\/de\/game-of-thrones\/jon-snow-schwert-grose-kralle-game-of-thrones\/\">Schwert Gro\u00dfe Kralle<\/a> von Jon Snow in der Serienversion.<\/li>\n<li>Es gibt auch offiziell lizenzierte Dracheneier <a href=\"https:\/\/www.noblecollection.fr\/\" target=\"_blank\" rel=\"noopener noreferrer\">Noble Collection<\/a>.<\/li>\n<li>Und viele andere, die es in unserem Online-Shop zu entdecken gibt!<\/li>\n<\/ul>\n<p>Deshalb ist dies eine tolle Geschenkidee f\u00fcr Fans der Serie Game of Thrones.<\/p>\n<p>Abschlie\u00dfend k\u00f6nnen Sie die <strong>Dolch Jon Snow Longclaw<\/strong> f\u00fcr Ihre Cosplay-Modenschauen oder Themenabende. Vor allem aber ist es ein Sammler- und Dekorationsst\u00fcck.<\/p>\n<h2>Wie pflegt man die Klinge seines Game of Thrones-Dolches?<\/h2>\n<p>Sammlungs- und Dekorationsdolche werden auf vereinfachte Weise hergestellt und zusammengebaut. Da sie zu Dekorationszwecken verwendet werden, fehlen ihnen die Sicherheitsmerkmale, die ein japanisches Schwert f\u00fcr Trainingszwecke aufweisen muss.<\/p>\n<p>Allerdings ist Ihr <strong>Dolch Jon Snow Longclaw<\/strong> zu einer Stahlklinge, die gepflegt werden muss, damit sie nicht mit der Zeit abgenutzt wird. Denn wenn du dein Katana ausstellst, werden deine Freunde neugierig sein, die Klinge zu sehen und sie zu ber\u00fchren. Hier ist Vorsicht geboten, denn Sie sollten wissen, dass die S\u00e4ure der Finger dem Stahl unabh\u00e4ngig von seiner Qualit\u00e4t sehr schadet.<\/p>\n<p>Wenn dies jedoch passiert, keine Panik, Sie brauchen nur ein Tuch, das mit etwas \u00d6l befeuchtet ist, und wischen die Fingerabdr\u00fccke ab. Wenn Sie dies tun, werden Sie Ihr Schwert sehr lange behalten.<\/p>","protected":false},"excerpt":{"rendered":"<p>Jon Snows Gro\u00dfgriffdolch aus Game of Thrones.<\/p>\n<ul>\n<li>Klinge aus rostfreiem Stahl.<\/li>\n<li>Guard aus Stahl.<\/li>\n<li>Wolfskopf-Knauf aus Kunstharz.<\/li>\n<li>Scheide und Griff aus ABS.<\/li>\n<li>Geschenkschachtel innen Satin.<\/li>\n<li>L\u00e4nge der Klinge: 23 cm - Gesamtl\u00e4nge: 40 cm<\/li>\n<\/ul>","protected":false},"featured_media":26900,"template":"","meta":[],"product_brand":[896],"product_cat":[72,24,47],"product_tag":[],"class_list":{"0":"post-26899","1":"product","2":"type-product","3":"status-publish","4":"has-post-thumbnail","6":"product_brand-replique-manga-cine","7":"product_cat-epees-game-of-thrones","8":"product_cat-films-series-tv-vente-de-katana-epee-et-produits-derives","9":"product_cat-game-of-thrones","11":"first","12":"instock","13":"taxable","14":"shipping-taxable","15":"purchasable","16":"product-type-simple"},"yoast_head":"<!-- This site is optimized with the Yoast SEO plugin v27.5 - https:\/\/yoast.com\/product\/yoast-seo-wordpress\/ -->\n<title>Dague Jon Snow Longclaw - Ep\u00e9es Game of Thrones | RMC<\/title>\n<meta name=\"description\" content=\"D\u00e9couvrez la Dague Jon Snow Longclaw dans Game of Thrones au meilleur prix. Lame acier inox non coupant - Pommeau t\u00eate de loup en r\u00e9sine - Longueur : 40 cm\" \/>\n<meta name=\"robots\" content=\"index, follow, max-snippet:-1, max-image-preview:large, max-video-preview:-1\" \/>\n<link rel=\"canonical\" href=\"https:\/\/repliquemangacine.fr\/de\/schwerter-game-of-thrones\/dolch-jon-snow-longclaw-game-of-thrones\/\" \/>\n<meta property=\"og:locale\" content=\"de_DE\" \/>\n<meta property=\"og:type\" content=\"article\" \/>\n<meta property=\"og:title\" content=\"Dague Jon Snow Longclaw - Ep\u00e9es Game of Thrones | RMC\" \/>\n<meta property=\"og:description\" content=\"D\u00e9couvrez la Dague Jon Snow Longclaw dans Game of Thrones au meilleur prix. Lame acier inox non coupant - Pommeau t\u00eate de loup en r\u00e9sine - Longueur : 40 cm\" \/>\n<meta property=\"og:url\" content=\"https:\/\/repliquemangacine.fr\/de\/schwerter-game-of-thrones\/dolch-jon-snow-longclaw-game-of-thrones\/\" \/>\n<meta property=\"og:site_name\" content=\"R\u00e9plique Manga Cin\u00e9\" \/>\n<meta property=\"article:publisher\" content=\"https:\/\/www.facebook.com\/RepliqueMangaCine\" \/>\n<meta property=\"article:modified_time\" content=\"2025-09-30T13:47:14+00:00\" \/>\n<meta property=\"og:image\" content=\"https:\/\/repliquemangacine.fr\/wp-content\/uploads\/2023\/10\/1714-Dague-Jon-Snow-Longclaw-Game-of-Thrones.jpg\" \/>\n\t<meta property=\"og:image:width\" content=\"600\" \/>\n\t<meta property=\"og:image:height\" content=\"600\" \/>\n\t<meta property=\"og:image:type\" content=\"image\/jpeg\" \/>\n<meta name=\"twitter:card\" content=\"summary_large_image\" \/>\n<meta name=\"twitter:label1\" content=\"Gesch\u00e4tzte Lesezeit\" \/>\n\t<meta name=\"twitter:data1\" content=\"1\u00a0Minute\" \/>\n<script type=\"application\/ld+json\" class=\"yoast-schema-graph\">{\"@context\":\"https:\\\/\\\/schema.org\",\"@graph\":[{\"@type\":\"WebPage\",\"@id\":\"https:\\\/\\\/repliquemangacine.fr\\\/epees-game-of-thrones\\\/dague-jon-snow-longclaw-game-of-thrones\\\/\",\"url\":\"https:\\\/\\\/repliquemangacine.fr\\\/epees-game-of-thrones\\\/dague-jon-snow-longclaw-game-of-thrones\\\/\",\"name\":\"Dague Jon Snow Longclaw - Ep\u00e9es Game of Thrones | RMC\",\"isPartOf\":{\"@id\":\"https:\\\/\\\/repliquemangacine.fr\\\/#website\"},\"primaryImageOfPage\":{\"@id\":\"https:\\\/\\\/repliquemangacine.fr\\\/epees-game-of-thrones\\\/dague-jon-snow-longclaw-game-of-thrones\\\/#primaryimage\"},\"image\":{\"@id\":\"https:\\\/\\\/repliquemangacine.fr\\\/epees-game-of-thrones\\\/dague-jon-snow-longclaw-game-of-thrones\\\/#primaryimage\"},\"thumbnailUrl\":\"https:\\\/\\\/repliquemangacine.fr\\\/wp-content\\\/uploads\\\/2023\\\/10\\\/1714-Dague-Jon-Snow-Longclaw-Game-of-Thrones.jpg\",\"datePublished\":\"2017-02-07T14:07:55+00:00\",\"dateModified\":\"2025-09-30T13:47:14+00:00\",\"description\":\"D\u00e9couvrez la Dague Jon Snow Longclaw dans Game of Thrones au meilleur prix. Lame acier inox non coupant - Pommeau t\u00eate de loup en r\u00e9sine - Longueur : 40 cm\",\"breadcrumb\":{\"@id\":\"https:\\\/\\\/repliquemangacine.fr\\\/epees-game-of-thrones\\\/dague-jon-snow-longclaw-game-of-thrones\\\/#breadcrumb\"},\"inLanguage\":\"de\",\"potentialAction\":[{\"@type\":\"ReadAction\",\"target\":[\"https:\\\/\\\/repliquemangacine.fr\\\/epees-game-of-thrones\\\/dague-jon-snow-longclaw-game-of-thrones\\\/\"]}]},{\"@type\":\"ImageObject\",\"inLanguage\":\"de\",\"@id\":\"https:\\\/\\\/repliquemangacine.fr\\\/epees-game-of-thrones\\\/dague-jon-snow-longclaw-game-of-thrones\\\/#primaryimage\",\"url\":\"https:\\\/\\\/repliquemangacine.fr\\\/wp-content\\\/uploads\\\/2023\\\/10\\\/1714-Dague-Jon-Snow-Longclaw-Game-of-Thrones.jpg\",\"contentUrl\":\"https:\\\/\\\/repliquemangacine.fr\\\/wp-content\\\/uploads\\\/2023\\\/10\\\/1714-Dague-Jon-Snow-Longclaw-Game-of-Thrones.jpg\",\"width\":600,\"height\":600,\"caption\":\"Dague Jon Snow Longclaw - Game of Thrones\"},{\"@type\":\"BreadcrumbList\",\"@id\":\"https:\\\/\\\/repliquemangacine.fr\\\/epees-game-of-thrones\\\/dague-jon-snow-longclaw-game-of-thrones\\\/#breadcrumb\",\"itemListElement\":[{\"@type\":\"ListItem\",\"position\":1,\"name\":\"Accueil\",\"item\":\"https:\\\/\\\/repliquemangacine.fr\\\/\"},{\"@type\":\"ListItem\",\"position\":2,\"name\":\"Produits\",\"item\":\"https:\\\/\\\/repliquemangacine.fr\\\/boutique\\\/\"},{\"@type\":\"ListItem\",\"position\":3,\"name\":\"Dague Jon Snow Longclaw &#8211; Game of Thrones\"}]},{\"@type\":\"WebSite\",\"@id\":\"https:\\\/\\\/repliquemangacine.fr\\\/#website\",\"url\":\"https:\\\/\\\/repliquemangacine.fr\\\/\",\"name\":\"R\u00e9plique Manga Cin\u00e9\",\"description\":\"\",\"publisher\":{\"@id\":\"https:\\\/\\\/repliquemangacine.fr\\\/#organization\"},\"potentialAction\":[{\"@type\":\"SearchAction\",\"target\":{\"@type\":\"EntryPoint\",\"urlTemplate\":\"https:\\\/\\\/repliquemangacine.fr\\\/?s={search_term_string}\"},\"query-input\":{\"@type\":\"PropertyValueSpecification\",\"valueRequired\":true,\"valueName\":\"search_term_string\"}}],\"inLanguage\":\"de\"},{\"@type\":\"Organization\",\"@id\":\"https:\\\/\\\/repliquemangacine.fr\\\/#organization\",\"name\":\"R\u00e9plique Manga Cin\u00e9\",\"url\":\"https:\\\/\\\/repliquemangacine.fr\\\/\",\"logo\":{\"@type\":\"ImageObject\",\"inLanguage\":\"de\",\"@id\":\"https:\\\/\\\/repliquemangacine.fr\\\/#\\\/schema\\\/logo\\\/image\\\/\",\"url\":\"https:\\\/\\\/repliquemangacine.fr\\\/wp-content\\\/uploads\\\/2023\\\/10\\\/RMC-500250.png\",\"contentUrl\":\"https:\\\/\\\/repliquemangacine.fr\\\/wp-content\\\/uploads\\\/2023\\\/10\\\/RMC-500250.png\",\"width\":500,\"height\":250,\"caption\":\"R\u00e9plique Manga Cin\u00e9\"},\"image\":{\"@id\":\"https:\\\/\\\/repliquemangacine.fr\\\/#\\\/schema\\\/logo\\\/image\\\/\"},\"sameAs\":[\"https:\\\/\\\/www.facebook.com\\\/RepliqueMangaCine\",\"https:\\\/\\\/www.instagram.com\\\/repliquemangacine.fr\\\/\"]}]}<\/script>\n<!-- \/ Yoast SEO plugin. -->","yoast_head_json":{"title":"Jon Snow Longclaw Dolch - Game of Thrones Schwerter | RMC","description":"Entdecken Sie den Jon Snow Longclaw Dolch in Game of Thrones zum besten Preis. Klinge aus rostfreiem Stahl, nicht scharfkantig - Knauf Wolfskopf aus Kunstharz - L\u00e4nge: 40 cm","robots":{"index":"index","follow":"follow","max-snippet":"max-snippet:-1","max-image-preview":"max-image-preview:large","max-video-preview":"max-video-preview:-1"},"canonical":"https:\/\/repliquemangacine.fr\/de\/schwerter-game-of-thrones\/dolch-jon-snow-longclaw-game-of-thrones\/","og_locale":"de_DE","og_type":"article","og_title":"Dague Jon Snow Longclaw - Ep\u00e9es Game of Thrones | RMC","og_description":"D\u00e9couvrez la Dague Jon Snow Longclaw dans Game of Thrones au meilleur prix. Lame acier inox non coupant - Pommeau t\u00eate de loup en r\u00e9sine - Longueur : 40 cm","og_url":"https:\/\/repliquemangacine.fr\/de\/schwerter-game-of-thrones\/dolch-jon-snow-longclaw-game-of-thrones\/","og_site_name":"R\u00e9plique Manga Cin\u00e9","article_publisher":"https:\/\/www.facebook.com\/RepliqueMangaCine","article_modified_time":"2025-09-30T13:47:14+00:00","og_image":[{"width":600,"height":600,"url":"https:\/\/repliquemangacine.fr\/wp-content\/uploads\/2023\/10\/1714-Dague-Jon-Snow-Longclaw-Game-of-Thrones.jpg","type":"image\/jpeg"}],"twitter_card":"summary_large_image","twitter_misc":{"Gesch\u00e4tzte Lesezeit":"1\u00a0Minute"},"schema":{"@context":"https:\/\/schema.org","@graph":[{"@type":"WebPage","@id":"https:\/\/repliquemangacine.fr\/epees-game-of-thrones\/dague-jon-snow-longclaw-game-of-thrones\/","url":"https:\/\/repliquemangacine.fr\/epees-game-of-thrones\/dague-jon-snow-longclaw-game-of-thrones\/","name":"Jon Snow Longclaw Dolch - Game of Thrones Schwerter | RMC","isPartOf":{"@id":"https:\/\/repliquemangacine.fr\/#website"},"primaryImageOfPage":{"@id":"https:\/\/repliquemangacine.fr\/epees-game-of-thrones\/dague-jon-snow-longclaw-game-of-thrones\/#primaryimage"},"image":{"@id":"https:\/\/repliquemangacine.fr\/epees-game-of-thrones\/dague-jon-snow-longclaw-game-of-thrones\/#primaryimage"},"thumbnailUrl":"https:\/\/repliquemangacine.fr\/wp-content\/uploads\/2023\/10\/1714-Dague-Jon-Snow-Longclaw-Game-of-Thrones.jpg","datePublished":"2017-02-07T14:07:55+00:00","dateModified":"2025-09-30T13:47:14+00:00","description":"Entdecken Sie den Jon Snow Longclaw Dolch in Game of Thrones zum besten Preis. Klinge aus rostfreiem Stahl, nicht scharfkantig - Knauf Wolfskopf aus Kunstharz - L\u00e4nge: 40 cm","breadcrumb":{"@id":"https:\/\/repliquemangacine.fr\/epees-game-of-thrones\/dague-jon-snow-longclaw-game-of-thrones\/#breadcrumb"},"inLanguage":"de","potentialAction":[{"@type":"ReadAction","target":["https:\/\/repliquemangacine.fr\/epees-game-of-thrones\/dague-jon-snow-longclaw-game-of-thrones\/"]}]},{"@type":"ImageObject","inLanguage":"de","@id":"https:\/\/repliquemangacine.fr\/epees-game-of-thrones\/dague-jon-snow-longclaw-game-of-thrones\/#primaryimage","url":"https:\/\/repliquemangacine.fr\/wp-content\/uploads\/2023\/10\/1714-Dague-Jon-Snow-Longclaw-Game-of-Thrones.jpg","contentUrl":"https:\/\/repliquemangacine.fr\/wp-content\/uploads\/2023\/10\/1714-Dague-Jon-Snow-Longclaw-Game-of-Thrones.jpg","width":600,"height":600,"caption":"Dague Jon Snow Longclaw - Game of Thrones"},{"@type":"BreadcrumbList","@id":"https:\/\/repliquemangacine.fr\/epees-game-of-thrones\/dague-jon-snow-longclaw-game-of-thrones\/#breadcrumb","itemListElement":[{"@type":"ListItem","position":1,"name":"Accueil","item":"https:\/\/repliquemangacine.fr\/"},{"@type":"ListItem","position":2,"name":"Produits","item":"https:\/\/repliquemangacine.fr\/boutique\/"},{"@type":"ListItem","position":3,"name":"Dague Jon Snow Longclaw &#8211; Game of Thrones"}]},{"@type":"WebSite","@id":"https:\/\/repliquemangacine.fr\/#website","url":"https:\/\/repliquemangacine.fr\/","name":"R\u00e9plique Manga Cin\u00e9","description":"","publisher":{"@id":"https:\/\/repliquemangacine.fr\/#organization"},"potentialAction":[{"@type":"SearchAction","target":{"@type":"EntryPoint","urlTemplate":"https:\/\/repliquemangacine.fr\/?s={search_term_string}"},"query-input":{"@type":"PropertyValueSpecification","valueRequired":true,"valueName":"search_term_string"}}],"inLanguage":"de"},{"@type":"Organization","@id":"https:\/\/repliquemangacine.fr\/#organization","name":"R\u00e9plique Manga Cin\u00e9","url":"https:\/\/repliquemangacine.fr\/","logo":{"@type":"ImageObject","inLanguage":"de","@id":"https:\/\/repliquemangacine.fr\/#\/schema\/logo\/image\/","url":"https:\/\/repliquemangacine.fr\/wp-content\/uploads\/2023\/10\/RMC-500250.png","contentUrl":"https:\/\/repliquemangacine.fr\/wp-content\/uploads\/2023\/10\/RMC-500250.png","width":500,"height":250,"caption":"R\u00e9plique Manga Cin\u00e9"},"image":{"@id":"https:\/\/repliquemangacine.fr\/#\/schema\/logo\/image\/"},"sameAs":["https:\/\/www.facebook.com\/RepliqueMangaCine","https:\/\/www.instagram.com\/repliquemangacine.fr\/"]}]}},"_links":{"self":[{"href":"https:\/\/repliquemangacine.fr\/de\/wp-json\/wp\/v2\/product\/26899","targetHints":{"allow":["GET"]}}],"collection":[{"href":"https:\/\/repliquemangacine.fr\/de\/wp-json\/wp\/v2\/product"}],"about":[{"href":"https:\/\/repliquemangacine.fr\/de\/wp-json\/wp\/v2\/types\/product"}],"wp:featuredmedia":[{"embeddable":true,"href":"https:\/\/repliquemangacine.fr\/de\/wp-json\/wp\/v2\/media\/26900"}],"wp:attachment":[{"href":"https:\/\/repliquemangacine.fr\/de\/wp-json\/wp\/v2\/media?parent=26899"}],"wp:term":[{"taxonomy":"product_brand","embeddable":true,"href":"https:\/\/repliquemangacine.fr\/de\/wp-json\/wp\/v2\/product_brand?post=26899"},{"taxonomy":"product_cat","embeddable":true,"href":"https:\/\/repliquemangacine.fr\/de\/wp-json\/wp\/v2\/product_cat?post=26899"},{"taxonomy":"product_tag","embeddable":true,"href":"https:\/\/repliquemangacine.fr\/de\/wp-json\/wp\/v2\/product_tag?post=26899"}],"curies":[{"name":"wp","href":"https:\/\/api.w.org\/{rel}","templated":true}]}}