





{"id":26888,"date":"2017-02-04T19:30:21","date_gmt":"2017-02-04T18:30:21","guid":{"rendered":"https:\/\/repliquemangacine.fr\/?post_type=product&#038;p=26888"},"modified":"2025-09-23T18:01:51","modified_gmt":"2025-09-23T16:01:51","slug":"sarumanischer-kerzenhalter-der-herr-der-ringe","status":"publish","type":"product","link":"https:\/\/repliquemangacine.fr\/de\/le-seigneur-des-anneaux\/bougeoir-de-saroumane-le-seigneur-des-anneaux\/","title":{"rendered":"Sarumans Kerzenhalter LOTR"},"content":{"rendered":"<h2>Replik des Kerzenhalters von Saruman in Der Herr der Ringe<\/h2>\n<p>Sarumans Kerzenhalter ist eine Nachbildung, die von seinem Stab inspiriert wurde,. Diese Reproduktion wird vertrieben von <a href=\"https:\/\/noblecollection.fr\/produits-officiels-seigneur-des-anneaux-c-129_1.html\">The Noble Collection<\/a>.<\/p>\n<p>Zu Beginn von \u00abDie Gef\u00e4hrten\u00bb sagt Gandalf \u00fcber Saruman, dass er \u201eder Anf\u00fchrer seines Ordens\u201c und der Anf\u00fchrer des Wei\u00dfen Rates sei, der Sauron am Ende von \u201eDer Hobbit\u201c aus dem Dunklen Wald vertrieben habe. Gandalf f\u00fcgt hinzu, dass Saruman \u00fcber gro\u00dfes Wissen in Bezug auf die Ringe der Macht verf\u00fcge.<\/p>\n<p>Saruman, ein Zauberer, der von den Valar in menschlicher Gestalt nach Mittelerde gesandt wurde, um gegen Sauron zu k\u00e4mpfen. Vor seinem Sturz galt er als m\u00e4chtiger als Gandalf. Tats\u00e4chlich ist Saruman neidisch auf Gandalf. Von Machtgier getrieben, verb\u00fcndet sich Saruman schlie\u00dflich mit dem Feind, in der heimlichen Hoffnung, den Ring zu finden und f\u00fcr sich zu behalten.<\/p>\n<p>Gandalf versucht Saruman davon zu \u00fcberzeugen, sich ihrer Seite anzuschlie\u00dfen, um ihnen im Kampf gegen Sauron zu helfen. Aber Saruman, ver\u00e4chtlich und voller Hass, weigert sich, Bu\u00dfe zu tun, und lehnt Gandalf's Vorschlag mit Verachtung ab.\u00a0 Dieser zeigt pl\u00f6tzlich gro\u00dfe Autorit\u00e4t, verbannt Saruman aus dem Orden der Zauberer und zerbricht mit einem Wort den Stab des Magiers, wodurch er ihm seine Macht und seinen Status nimmt.<\/p>\n<p>Von Saruman gedem\u00fctigt, der sich weigert, ihn freizulassen, und ihn brutal schl\u00e4gt, ersticht Gr\u00edma Schlangenzunge den Zauberer. Saruman st\u00fcrzt von seinem Turm, wird aufgespie\u00dft und l\u00e4sst den Palant\u00edr fallen.<\/p>\n<h3>Wir bieten Ihnen alle Schwertrepliken und Schmuckst\u00fccke aus der Trilogie \"Der Herr der Ringe\" an.<\/h3>\n<p>Zun\u00e4chst einmal,<\/p>\n<ul>\n<li>Der pr\u00e4chtige Dolch <a href=\"https:\/\/repliquemangacine.fr\/de\/herr-der-ringe-schwerter\/papierschnitt-dolch-des-schwertes-aragorn\/\">Papierschnitt des Strider-Schwerts<\/a> von Aragorn .<\/li>\n<li>Es gibt auch das Schwert von Frodo. <a href=\"https:\/\/repliquemangacine.fr\/de\/herr-der-ringe-schwerter\/dard-epee-frodon-the-hobbit\/\">Dard<\/a>.<\/li>\n<li>Sowie alle Herr der Ringe-Schwerter Ihrer Lieblingshelden.<\/li>\n<li>Und viele andere mehr!<\/li>\n<\/ul>\n<p>Hier ist eine tolle Geschenkidee f\u00fcr Fans der Trilogie \"Der Herr der Ringe\".<\/p>\n<h3>Nat\u00fcrlich k\u00f6nnen Sie den Saruman-Kerzenhalter auch f\u00fcr Ihre Innendekoration verwenden.<\/h3>\n<p>Vor allem ist der Saruman-Kerzenhalter ein Sammler- und Dekorationsst\u00fcck<\/p>","protected":false},"excerpt":{"rendered":"<p>Erhabener Kerzenhalter, der die Spitze von Sarumans Stab in der Trilogie \"Herr der Ringe\" darstellt.<\/p>\n<ul>\n<li>Dieser Kerzenhalter ist aus Metall gefertigt.<\/li>\n<li>Rundum geschnitzter Sockel mit vier Adlern, die auf der Oberseite sitzen.<\/li>\n<li>Der Kerzenhalter ist aus Glas.<\/li>\n<li>H\u00f6he von 27 cm.<\/li>\n<\/ul>","protected":false},"featured_media":26889,"template":"","meta":[],"product_brand":[896],"product_cat":[24,29],"product_tag":[],"class_list":{"0":"post-26888","1":"product","2":"type-product","3":"status-publish","4":"has-post-thumbnail","6":"product_brand-replique-manga-cine","7":"product_cat-films-series-tv-vente-de-katana-epee-et-produits-derives","8":"product_cat-le-seigneur-des-anneaux","10":"first","11":"instock","12":"taxable","13":"shipping-taxable","14":"purchasable","15":"product-type-simple"},"yoast_head":"<!-- This site is optimized with the Yoast SEO plugin v27.5 - https:\/\/yoast.com\/product\/yoast-seo-wordpress\/ -->\n<title>Bougeoir de Saroumane - LOTR - R\u00e9plique Manga Cin\u00e9<\/title>\n<meta name=\"description\" content=\"Bougeoir de Saroumane inspir\u00e9 du seigneur des anneaux. R\u00e9alis\u00e9 en m\u00e9tal, gravure sur le socle. Repr\u00e9sentant le haut de son b\u00e2ton. Noble Collection.\" \/>\n<meta name=\"robots\" content=\"index, follow, max-snippet:-1, max-image-preview:large, max-video-preview:-1\" \/>\n<link rel=\"canonical\" href=\"https:\/\/repliquemangacine.fr\/de\/der-herr-der-ringe\/sarumanischer-kerzenhalter-der-herr-der-ringe\/\" \/>\n<meta property=\"og:locale\" content=\"de_DE\" \/>\n<meta property=\"og:type\" content=\"article\" \/>\n<meta property=\"og:title\" content=\"Bougeoir de Saroumane - LOTR - R\u00e9plique Manga Cin\u00e9\" \/>\n<meta property=\"og:description\" content=\"Bougeoir de Saroumane inspir\u00e9 du seigneur des anneaux. R\u00e9alis\u00e9 en m\u00e9tal, gravure sur le socle. Repr\u00e9sentant le haut de son b\u00e2ton. Noble Collection.\" \/>\n<meta property=\"og:url\" content=\"https:\/\/repliquemangacine.fr\/de\/der-herr-der-ringe\/sarumanischer-kerzenhalter-der-herr-der-ringe\/\" \/>\n<meta property=\"og:site_name\" content=\"R\u00e9plique Manga Cin\u00e9\" \/>\n<meta property=\"article:publisher\" content=\"https:\/\/www.facebook.com\/RepliqueMangaCine\" \/>\n<meta property=\"article:modified_time\" content=\"2025-09-23T16:01:51+00:00\" \/>\n<meta property=\"og:image\" content=\"https:\/\/repliquemangacine.fr\/wp-content\/uploads\/2023\/10\/1616-Bougeoir-Saruman-Le-seigneur-des-Anneaux.jpg\" \/>\n\t<meta property=\"og:image:width\" content=\"600\" \/>\n\t<meta property=\"og:image:height\" content=\"600\" \/>\n\t<meta property=\"og:image:type\" content=\"image\/jpeg\" \/>\n<meta name=\"twitter:card\" content=\"summary_large_image\" \/>\n<meta name=\"twitter:label1\" content=\"Gesch\u00e4tzte Lesezeit\" \/>\n\t<meta name=\"twitter:data1\" content=\"2\u00a0Minuten\" \/>\n<script type=\"application\/ld+json\" class=\"yoast-schema-graph\">{\"@context\":\"https:\\\/\\\/schema.org\",\"@graph\":[{\"@type\":\"WebPage\",\"@id\":\"https:\\\/\\\/repliquemangacine.fr\\\/de\\\/der-herr-der-ringe\\\/sarumanischer-kerzenhalter-der-herr-der-ringe\\\/\",\"url\":\"https:\\\/\\\/repliquemangacine.fr\\\/de\\\/der-herr-der-ringe\\\/sarumanischer-kerzenhalter-der-herr-der-ringe\\\/\",\"name\":\"Bougeoir de Saroumane - LOTR - R\u00e9plique Manga Cin\u00e9\",\"isPartOf\":{\"@id\":\"https:\\\/\\\/repliquemangacine.fr\\\/#website\"},\"primaryImageOfPage\":{\"@id\":\"https:\\\/\\\/repliquemangacine.fr\\\/de\\\/der-herr-der-ringe\\\/sarumanischer-kerzenhalter-der-herr-der-ringe\\\/#primaryimage\"},\"image\":{\"@id\":\"https:\\\/\\\/repliquemangacine.fr\\\/de\\\/der-herr-der-ringe\\\/sarumanischer-kerzenhalter-der-herr-der-ringe\\\/#primaryimage\"},\"thumbnailUrl\":\"https:\\\/\\\/repliquemangacine.fr\\\/wp-content\\\/uploads\\\/2023\\\/10\\\/1616-Bougeoir-Saruman-Le-seigneur-des-Anneaux.jpg\",\"datePublished\":\"2017-02-04T18:30:21+00:00\",\"dateModified\":\"2025-09-23T16:01:51+00:00\",\"description\":\"Bougeoir de Saroumane inspir\u00e9 du seigneur des anneaux. R\u00e9alis\u00e9 en m\u00e9tal, gravure sur le socle. Repr\u00e9sentant le haut de son b\u00e2ton. Noble Collection.\",\"breadcrumb\":{\"@id\":\"https:\\\/\\\/repliquemangacine.fr\\\/de\\\/der-herr-der-ringe\\\/sarumanischer-kerzenhalter-der-herr-der-ringe\\\/#breadcrumb\"},\"inLanguage\":\"de\",\"potentialAction\":[{\"@type\":\"ReadAction\",\"target\":[\"https:\\\/\\\/repliquemangacine.fr\\\/de\\\/der-herr-der-ringe\\\/sarumanischer-kerzenhalter-der-herr-der-ringe\\\/\"]}]},{\"@type\":\"ImageObject\",\"inLanguage\":\"de\",\"@id\":\"https:\\\/\\\/repliquemangacine.fr\\\/de\\\/der-herr-der-ringe\\\/sarumanischer-kerzenhalter-der-herr-der-ringe\\\/#primaryimage\",\"url\":\"https:\\\/\\\/repliquemangacine.fr\\\/wp-content\\\/uploads\\\/2023\\\/10\\\/1616-Bougeoir-Saruman-Le-seigneur-des-Anneaux.jpg\",\"contentUrl\":\"https:\\\/\\\/repliquemangacine.fr\\\/wp-content\\\/uploads\\\/2023\\\/10\\\/1616-Bougeoir-Saruman-Le-seigneur-des-Anneaux.jpg\",\"width\":600,\"height\":600,\"caption\":\"Bougeoir Saruman - Le seigneur des Anneaux\"},{\"@type\":\"BreadcrumbList\",\"@id\":\"https:\\\/\\\/repliquemangacine.fr\\\/de\\\/der-herr-der-ringe\\\/sarumanischer-kerzenhalter-der-herr-der-ringe\\\/#breadcrumb\",\"itemListElement\":[{\"@type\":\"ListItem\",\"position\":1,\"name\":\"Accueil\",\"item\":\"https:\\\/\\\/repliquemangacine.fr\\\/\"},{\"@type\":\"ListItem\",\"position\":2,\"name\":\"Produits\",\"item\":\"https:\\\/\\\/repliquemangacine.fr\\\/boutique\\\/\"},{\"@type\":\"ListItem\",\"position\":3,\"name\":\"Bougeoir de Saroumane LOTR\"}]},{\"@type\":\"WebSite\",\"@id\":\"https:\\\/\\\/repliquemangacine.fr\\\/#website\",\"url\":\"https:\\\/\\\/repliquemangacine.fr\\\/\",\"name\":\"R\u00e9plique Manga Cin\u00e9\",\"description\":\"\",\"publisher\":{\"@id\":\"https:\\\/\\\/repliquemangacine.fr\\\/#organization\"},\"potentialAction\":[{\"@type\":\"SearchAction\",\"target\":{\"@type\":\"EntryPoint\",\"urlTemplate\":\"https:\\\/\\\/repliquemangacine.fr\\\/?s={search_term_string}\"},\"query-input\":{\"@type\":\"PropertyValueSpecification\",\"valueRequired\":true,\"valueName\":\"search_term_string\"}}],\"inLanguage\":\"de\"},{\"@type\":\"Organization\",\"@id\":\"https:\\\/\\\/repliquemangacine.fr\\\/#organization\",\"name\":\"R\u00e9plique Manga Cin\u00e9\",\"url\":\"https:\\\/\\\/repliquemangacine.fr\\\/\",\"logo\":{\"@type\":\"ImageObject\",\"inLanguage\":\"de\",\"@id\":\"https:\\\/\\\/repliquemangacine.fr\\\/#\\\/schema\\\/logo\\\/image\\\/\",\"url\":\"https:\\\/\\\/repliquemangacine.fr\\\/wp-content\\\/uploads\\\/2023\\\/10\\\/RMC-500250.png\",\"contentUrl\":\"https:\\\/\\\/repliquemangacine.fr\\\/wp-content\\\/uploads\\\/2023\\\/10\\\/RMC-500250.png\",\"width\":500,\"height\":250,\"caption\":\"R\u00e9plique Manga Cin\u00e9\"},\"image\":{\"@id\":\"https:\\\/\\\/repliquemangacine.fr\\\/#\\\/schema\\\/logo\\\/image\\\/\"},\"sameAs\":[\"https:\\\/\\\/www.facebook.com\\\/RepliqueMangaCine\",\"https:\\\/\\\/www.instagram.com\\\/repliquemangacine.fr\\\/\"]}]}<\/script>\n<!-- \/ Yoast SEO plugin. -->","yoast_head_json":{"title":"Sarumans Kerzenhalter - LOTR - R\u00e9plique Manga Cin\u00e9","description":"Sarumans Kerzenhalter, inspiriert von \"Herr der Ringe\". Aus Metall gefertigt, Gravur auf dem Sockel. Stellt die Spitze seines Stabes dar. Noble Collection.","robots":{"index":"index","follow":"follow","max-snippet":"max-snippet:-1","max-image-preview":"max-image-preview:large","max-video-preview":"max-video-preview:-1"},"canonical":"https:\/\/repliquemangacine.fr\/de\/der-herr-der-ringe\/sarumanischer-kerzenhalter-der-herr-der-ringe\/","og_locale":"de_DE","og_type":"article","og_title":"Bougeoir de Saroumane - LOTR - R\u00e9plique Manga Cin\u00e9","og_description":"Bougeoir de Saroumane inspir\u00e9 du seigneur des anneaux. R\u00e9alis\u00e9 en m\u00e9tal, gravure sur le socle. Repr\u00e9sentant le haut de son b\u00e2ton. Noble Collection.","og_url":"https:\/\/repliquemangacine.fr\/de\/der-herr-der-ringe\/sarumanischer-kerzenhalter-der-herr-der-ringe\/","og_site_name":"R\u00e9plique Manga Cin\u00e9","article_publisher":"https:\/\/www.facebook.com\/RepliqueMangaCine","article_modified_time":"2025-09-23T16:01:51+00:00","og_image":[{"width":600,"height":600,"url":"https:\/\/repliquemangacine.fr\/wp-content\/uploads\/2023\/10\/1616-Bougeoir-Saruman-Le-seigneur-des-Anneaux.jpg","type":"image\/jpeg"}],"twitter_card":"summary_large_image","twitter_misc":{"Gesch\u00e4tzte Lesezeit":"2\u00a0Minuten"},"schema":{"@context":"https:\/\/schema.org","@graph":[{"@type":"WebPage","@id":"https:\/\/repliquemangacine.fr\/de\/der-herr-der-ringe\/sarumanischer-kerzenhalter-der-herr-der-ringe\/","url":"https:\/\/repliquemangacine.fr\/de\/der-herr-der-ringe\/sarumanischer-kerzenhalter-der-herr-der-ringe\/","name":"Sarumans Kerzenhalter - LOTR - R\u00e9plique Manga Cin\u00e9","isPartOf":{"@id":"https:\/\/repliquemangacine.fr\/#website"},"primaryImageOfPage":{"@id":"https:\/\/repliquemangacine.fr\/de\/der-herr-der-ringe\/sarumanischer-kerzenhalter-der-herr-der-ringe\/#primaryimage"},"image":{"@id":"https:\/\/repliquemangacine.fr\/de\/der-herr-der-ringe\/sarumanischer-kerzenhalter-der-herr-der-ringe\/#primaryimage"},"thumbnailUrl":"https:\/\/repliquemangacine.fr\/wp-content\/uploads\/2023\/10\/1616-Bougeoir-Saruman-Le-seigneur-des-Anneaux.jpg","datePublished":"2017-02-04T18:30:21+00:00","dateModified":"2025-09-23T16:01:51+00:00","description":"Sarumans Kerzenhalter, inspiriert von \"Herr der Ringe\". Aus Metall gefertigt, Gravur auf dem Sockel. Stellt die Spitze seines Stabes dar. Noble Collection.","breadcrumb":{"@id":"https:\/\/repliquemangacine.fr\/de\/der-herr-der-ringe\/sarumanischer-kerzenhalter-der-herr-der-ringe\/#breadcrumb"},"inLanguage":"de","potentialAction":[{"@type":"ReadAction","target":["https:\/\/repliquemangacine.fr\/de\/der-herr-der-ringe\/sarumanischer-kerzenhalter-der-herr-der-ringe\/"]}]},{"@type":"ImageObject","inLanguage":"de","@id":"https:\/\/repliquemangacine.fr\/de\/der-herr-der-ringe\/sarumanischer-kerzenhalter-der-herr-der-ringe\/#primaryimage","url":"https:\/\/repliquemangacine.fr\/wp-content\/uploads\/2023\/10\/1616-Bougeoir-Saruman-Le-seigneur-des-Anneaux.jpg","contentUrl":"https:\/\/repliquemangacine.fr\/wp-content\/uploads\/2023\/10\/1616-Bougeoir-Saruman-Le-seigneur-des-Anneaux.jpg","width":600,"height":600,"caption":"Bougeoir Saruman - Le seigneur des Anneaux"},{"@type":"BreadcrumbList","@id":"https:\/\/repliquemangacine.fr\/de\/der-herr-der-ringe\/sarumanischer-kerzenhalter-der-herr-der-ringe\/#breadcrumb","itemListElement":[{"@type":"ListItem","position":1,"name":"Accueil","item":"https:\/\/repliquemangacine.fr\/"},{"@type":"ListItem","position":2,"name":"Produits","item":"https:\/\/repliquemangacine.fr\/boutique\/"},{"@type":"ListItem","position":3,"name":"Bougeoir de Saroumane LOTR"}]},{"@type":"WebSite","@id":"https:\/\/repliquemangacine.fr\/#website","url":"https:\/\/repliquemangacine.fr\/","name":"R\u00e9plique Manga Cin\u00e9","description":"","publisher":{"@id":"https:\/\/repliquemangacine.fr\/#organization"},"potentialAction":[{"@type":"SearchAction","target":{"@type":"EntryPoint","urlTemplate":"https:\/\/repliquemangacine.fr\/?s={search_term_string}"},"query-input":{"@type":"PropertyValueSpecification","valueRequired":true,"valueName":"search_term_string"}}],"inLanguage":"de"},{"@type":"Organization","@id":"https:\/\/repliquemangacine.fr\/#organization","name":"R\u00e9plique Manga Cin\u00e9","url":"https:\/\/repliquemangacine.fr\/","logo":{"@type":"ImageObject","inLanguage":"de","@id":"https:\/\/repliquemangacine.fr\/#\/schema\/logo\/image\/","url":"https:\/\/repliquemangacine.fr\/wp-content\/uploads\/2023\/10\/RMC-500250.png","contentUrl":"https:\/\/repliquemangacine.fr\/wp-content\/uploads\/2023\/10\/RMC-500250.png","width":500,"height":250,"caption":"R\u00e9plique Manga Cin\u00e9"},"image":{"@id":"https:\/\/repliquemangacine.fr\/#\/schema\/logo\/image\/"},"sameAs":["https:\/\/www.facebook.com\/RepliqueMangaCine","https:\/\/www.instagram.com\/repliquemangacine.fr\/"]}]}},"_links":{"self":[{"href":"https:\/\/repliquemangacine.fr\/de\/wp-json\/wp\/v2\/product\/26888","targetHints":{"allow":["GET"]}}],"collection":[{"href":"https:\/\/repliquemangacine.fr\/de\/wp-json\/wp\/v2\/product"}],"about":[{"href":"https:\/\/repliquemangacine.fr\/de\/wp-json\/wp\/v2\/types\/product"}],"wp:featuredmedia":[{"embeddable":true,"href":"https:\/\/repliquemangacine.fr\/de\/wp-json\/wp\/v2\/media\/26889"}],"wp:attachment":[{"href":"https:\/\/repliquemangacine.fr\/de\/wp-json\/wp\/v2\/media?parent=26888"}],"wp:term":[{"taxonomy":"product_brand","embeddable":true,"href":"https:\/\/repliquemangacine.fr\/de\/wp-json\/wp\/v2\/product_brand?post=26888"},{"taxonomy":"product_cat","embeddable":true,"href":"https:\/\/repliquemangacine.fr\/de\/wp-json\/wp\/v2\/product_cat?post=26888"},{"taxonomy":"product_tag","embeddable":true,"href":"https:\/\/repliquemangacine.fr\/de\/wp-json\/wp\/v2\/product_tag?post=26888"}],"curies":[{"name":"wp","href":"https:\/\/api.w.org\/{rel}","templated":true}]}}