





{"id":26880,"date":"2017-02-04T17:42:42","date_gmt":"2017-02-04T16:42:42","guid":{"rendered":"https:\/\/repliquemangacine.fr\/?post_type=product&#038;p=26880"},"modified":"2026-04-19T14:45:35","modified_gmt":"2026-04-19T12:45:35","slug":"anduril-epee-aragorn-herr-der-ringe","status":"publish","type":"product","link":"https:\/\/repliquemangacine.fr\/de\/epees-seigneur-des-anneaux\/anduril-epee-aragorn-seigneur-des-anneaux\/","title":{"rendered":"Schwert Anduril - Der Herr der Ringe"},"content":{"rendered":"<h2>Schwert Anduril - Aragorns legend\u00e4res Schwert<\/h2>\n<p>das Schwert Anduril, eine mythische Waffe, die von Aragorn, dem Erben Isildurs, getragen wird, in Die <a href=\"https:\/\/lotr.fandom.com\/fr\/wiki\/Wiki_Le_Seigneur_des_Anneaux\" target=\"_blank\" rel=\"noopener noreferrer\">Herr der Ringe<\/a>.<br \/>\nSie symbolisiert die Wiedergeburt der Hoffnung und die Einheit der freien V\u00f6lker Mittelerdes.<\/p>\n<p>So orientiert sich diese Replik getreu an der ikonischen Waffe.<br \/>\nDie Klinge aus rostfreiem Stahl ist mit elfischen Inschriften graviert, die auf ihre edle Herkunft hinweisen.<br \/>\nDar\u00fcber hinaus weisen sowohl der Schutzb\u00fcgel als auch der Knauf Motive auf, die von den Kulturen Mittelerdes inspiriert sind.<\/p>\n<p>Folglich verk\u00f6rpert dieses Schwert sowohl das Erbe als auch die Legende von K\u00f6nig Aragorn.<br \/>\nSie findet nat\u00fcrlich ihren Platz in einer <a href=\"https:\/\/repliquemangacine.fr\/de\/herr-der-ringe-schwerter\/\">Sammlung Herr der Ringe-Schwerter<\/a>, Sie k\u00f6nnen das Buch auch als Geschenk, als Geek-Schaufenster oder als Dekorationsst\u00fcck verwenden.<br \/>\nSchlie\u00dflich verleiht ihm sein kraftvolles Design eine k\u00f6nigliche Ausstrahlung.<\/p>\n<h2>Detaillierte und originalgetreue Herstellung<\/h2>\n<p>Die Klinge ist aus hochwertigem rostfreiem Stahl gefertigt und bietet eine robuste Optik.<br \/>\nSo ist jede Gravur scharf und sichtbar und verst\u00e4rkt die visuelle Authentizit\u00e4t.<\/p>\n<p>Der Schutzb\u00fcgel aus bearbeitetem Metall weist elegante Linien auf, die von der Tolkien-Welt inspiriert sind.<br \/>\nDadurch wirkt der Griff auch bei Belichtung stabil und edel.<br \/>\nDer gravierte Knauf rundet das Ganze mit Finesse ab.<\/p>\n<p>Au\u00dferdem ist die mit schwarzem Kunstleder bezogene Holzscheide im Lieferumfang enthalten.<br \/>\nEs sch\u00fctzt das Schwert und bietet gleichzeitig eine imposante Pr\u00e4sentation an einer Wand oder in einer Vitrine.<br \/>\nAu\u00dferdem harmoniert der Gesamtstil mit einer mittelalterlichen oder Fantasy-Einrichtung. Dar\u00fcber hinaus l\u00e4sst sie sich ideal mit einem<br \/>\n<a href=\"https:\/\/repliquemangacine.fr\/de\/mittelalterliches-schwert-der-templer\/wandhalterung-gondorbaum\/\">Schwerthalter<\/a>, Sie k\u00f6nnen es in einem Schaufenster oder an einer Wand zur Schau stellen.<\/p>\n<h2>Warum Sie dieses Anduril-Schwert auf R\u00e9plique Manga Cin\u00e9 w\u00e4hlen sollten<\/h2>\n<p>Diese And\u00faril-Replik eignet sich hervorragend f\u00fcr anspruchsvolle Sammler.<br \/>\nInsbesondere sorgt sie in einer Tolkien- oder Fantasy-Sammlung f\u00fcr Aufsehen. Sie erg\u00e4nzt auch unsere Auswahl an<br \/>\n<a href=\"https:\/\/repliquemangacine.fr\/de\/filme-tv-serien-verkauf-von-katana-schwertern-und-derivaten\/\">Repliken aus Filmen und Fernsehserien<\/a>, Die meisten Sammler sch\u00e4tzen sie sehr.<br \/>\nAu\u00dferdem eignet sie sich hervorragend zur Dekoration einer Bibliothek, eines B\u00fcros oder eines Themenraums.<\/p>\n<p>Wenn du bei R\u00e9plique Manga Cin\u00e9 bestellst, profitierst du von einer sorgf\u00e4ltigen Auswahl.<br \/>\nJedes St\u00fcck wird sorgf\u00e4ltig inspiziert, um eine bemerkenswerte visuelle Qualit\u00e4t zu gew\u00e4hrleisten.<br \/>\nSorgf\u00e4ltiger Versand mit einer Verpackung, die darauf ausgelegt ist, jedes Detail zu sch\u00fctzen.<\/p>\n<p>Ob als Geschenk oder f\u00fcr dich selbst, dieses Schwert von And\u00faril ist also ein absolutes Muss.<br \/>\nSie spiegelt den epischen Geist und den Adel der Saga \"Der Herr der Ringe\" wider.<br \/>\nVon da an wird sie zu einem Kernst\u00fcck jeder Fantasy-Sammlung.<\/p>","protected":false},"excerpt":{"rendered":"<p>Aragorns Schwert And\u00faril, eine inspirierte Replik aus \"Der Herr der Ringe\".<\/p>\n<ul>\n<li>Stahlklinge mit eingravierten elfischen Inschriften.<\/li>\n<li>Detailliertes Garde- und Knaufdesign.<\/li>\n<li>Inklusive einer mit Kunstleder bezogenen Holzscheide.<\/li>\n<li>Perfekt f\u00fcr eine Tolkien-Sammlung oder -Deko.<\/li>\n<li>L\u00e4nge der Klinge: 102 cm - Gesamtl\u00e4nge: 133 cm<\/li>\n<\/ul>\n<p>&nbsp;<\/p>","protected":false},"featured_media":26881,"template":"","meta":[],"product_brand":[896],"product_cat":[68,24,29,106],"product_tag":[],"class_list":{"0":"post-26880","1":"product","2":"type-product","3":"status-publish","4":"has-post-thumbnail","6":"product_brand-replique-manga-cine","7":"product_cat-epees-seigneur-des-anneaux","8":"product_cat-films-series-tv-vente-de-katana-epee-et-produits-derives","9":"product_cat-le-seigneur-des-anneaux","10":"product_cat-epees-et-dague-les-anneaux-de-pouvoir","12":"first","13":"instock","14":"sale","15":"featured","16":"taxable","17":"shipping-taxable","18":"purchasable","19":"product-type-simple"},"yoast_head":"<!-- This site is optimized with the Yoast SEO plugin v27.4 - https:\/\/yoast.com\/product\/yoast-seo-wordpress\/ -->\n<title>Ep\u00e9e Anduril d&#039;Aragorn - R\u00e9pliques Seigneur des Anneaux | RMC<\/title>\n<meta name=\"description\" content=\"D\u00e9couvrez l&#039;Ep\u00e9e Anduril d&#039;Aragorn, le Seigneur des Anneaux, pas ch\u00e8re. Lame acier - Gravures Elfique - Fourreau cuir - Longueur : 133 cm - Envoi 24\/48h\" \/>\n<meta name=\"robots\" content=\"index, follow, max-snippet:-1, max-image-preview:large, max-video-preview:-1\" \/>\n<link rel=\"canonical\" href=\"https:\/\/repliquemangacine.fr\/de\/herr-der-ringe-schwerter\/anduril-epee-aragorn-herr-der-ringe\/\" \/>\n<meta property=\"og:locale\" content=\"de_DE\" \/>\n<meta property=\"og:type\" content=\"article\" \/>\n<meta property=\"og:title\" content=\"Ep\u00e9e Anduril d&#039;Aragorn - R\u00e9pliques Seigneur des Anneaux | RMC\" \/>\n<meta property=\"og:description\" content=\"D\u00e9couvrez l&#039;Ep\u00e9e Anduril d&#039;Aragorn, le Seigneur des Anneaux, pas ch\u00e8re. Lame acier - Gravures Elfique - Fourreau cuir - Longueur : 133 cm - Envoi 24\/48h\" \/>\n<meta property=\"og:url\" content=\"https:\/\/repliquemangacine.fr\/de\/herr-der-ringe-schwerter\/anduril-epee-aragorn-herr-der-ringe\/\" \/>\n<meta property=\"og:site_name\" content=\"R\u00e9plique Manga Cin\u00e9\" \/>\n<meta property=\"article:publisher\" content=\"https:\/\/www.facebook.com\/RepliqueMangaCine\" \/>\n<meta property=\"article:modified_time\" content=\"2026-04-19T12:45:35+00:00\" \/>\n<meta property=\"og:image\" content=\"https:\/\/repliquemangacine.fr\/wp-content\/uploads\/2023\/10\/1609-Anduril-Epee-Aragorn-Seigneur-des-Anneaux.jpg\" \/>\n\t<meta property=\"og:image:width\" content=\"650\" \/>\n\t<meta property=\"og:image:height\" content=\"650\" \/>\n\t<meta property=\"og:image:type\" content=\"image\/jpeg\" \/>\n<meta name=\"twitter:card\" content=\"summary_large_image\" \/>\n<meta name=\"twitter:label1\" content=\"Gesch\u00e4tzte Lesezeit\" \/>\n\t<meta name=\"twitter:data1\" content=\"3\u00a0Minuten\" \/>\n<script type=\"application\/ld+json\" class=\"yoast-schema-graph\">{\"@context\":\"https:\\\/\\\/schema.org\",\"@graph\":[{\"@type\":\"WebPage\",\"@id\":\"https:\\\/\\\/repliquemangacine.fr\\\/epees-seigneur-des-anneaux\\\/anduril-epee-aragorn-seigneur-des-anneaux\\\/\",\"url\":\"https:\\\/\\\/repliquemangacine.fr\\\/epees-seigneur-des-anneaux\\\/anduril-epee-aragorn-seigneur-des-anneaux\\\/\",\"name\":\"Ep\u00e9e Anduril d'Aragorn - R\u00e9pliques Seigneur des Anneaux | RMC\",\"isPartOf\":{\"@id\":\"https:\\\/\\\/repliquemangacine.fr\\\/#website\"},\"primaryImageOfPage\":{\"@id\":\"https:\\\/\\\/repliquemangacine.fr\\\/epees-seigneur-des-anneaux\\\/anduril-epee-aragorn-seigneur-des-anneaux\\\/#primaryimage\"},\"image\":{\"@id\":\"https:\\\/\\\/repliquemangacine.fr\\\/epees-seigneur-des-anneaux\\\/anduril-epee-aragorn-seigneur-des-anneaux\\\/#primaryimage\"},\"thumbnailUrl\":\"https:\\\/\\\/repliquemangacine.fr\\\/wp-content\\\/uploads\\\/2023\\\/10\\\/1609-Anduril-Epee-Aragorn-Seigneur-des-Anneaux.jpg\",\"datePublished\":\"2017-02-04T16:42:42+00:00\",\"dateModified\":\"2026-04-19T12:45:35+00:00\",\"description\":\"D\u00e9couvrez l'Ep\u00e9e Anduril d'Aragorn, le Seigneur des Anneaux, pas ch\u00e8re. Lame acier - Gravures Elfique - Fourreau cuir - Longueur : 133 cm - Envoi 24\\\/48h\",\"breadcrumb\":{\"@id\":\"https:\\\/\\\/repliquemangacine.fr\\\/epees-seigneur-des-anneaux\\\/anduril-epee-aragorn-seigneur-des-anneaux\\\/#breadcrumb\"},\"inLanguage\":\"de\",\"potentialAction\":[{\"@type\":\"ReadAction\",\"target\":[\"https:\\\/\\\/repliquemangacine.fr\\\/epees-seigneur-des-anneaux\\\/anduril-epee-aragorn-seigneur-des-anneaux\\\/\"]}]},{\"@type\":\"ImageObject\",\"inLanguage\":\"de\",\"@id\":\"https:\\\/\\\/repliquemangacine.fr\\\/epees-seigneur-des-anneaux\\\/anduril-epee-aragorn-seigneur-des-anneaux\\\/#primaryimage\",\"url\":\"https:\\\/\\\/repliquemangacine.fr\\\/wp-content\\\/uploads\\\/2023\\\/10\\\/1609-Anduril-Epee-Aragorn-Seigneur-des-Anneaux.jpg\",\"contentUrl\":\"https:\\\/\\\/repliquemangacine.fr\\\/wp-content\\\/uploads\\\/2023\\\/10\\\/1609-Anduril-Epee-Aragorn-Seigneur-des-Anneaux.jpg\",\"width\":650,\"height\":650,\"caption\":\"epee-anduril-aragorn-seigneur-des-anneaux\"},{\"@type\":\"BreadcrumbList\",\"@id\":\"https:\\\/\\\/repliquemangacine.fr\\\/epees-seigneur-des-anneaux\\\/anduril-epee-aragorn-seigneur-des-anneaux\\\/#breadcrumb\",\"itemListElement\":[{\"@type\":\"ListItem\",\"position\":1,\"name\":\"Accueil\",\"item\":\"https:\\\/\\\/repliquemangacine.fr\\\/\"},{\"@type\":\"ListItem\",\"position\":2,\"name\":\"Produits\",\"item\":\"https:\\\/\\\/repliquemangacine.fr\\\/boutique\\\/\"},{\"@type\":\"ListItem\",\"position\":3,\"name\":\"Ep\u00e9e Anduril &#8211; Le Seigneur des Anneaux\"}]},{\"@type\":\"WebSite\",\"@id\":\"https:\\\/\\\/repliquemangacine.fr\\\/#website\",\"url\":\"https:\\\/\\\/repliquemangacine.fr\\\/\",\"name\":\"R\u00e9plique Manga Cin\u00e9\",\"description\":\"\",\"publisher\":{\"@id\":\"https:\\\/\\\/repliquemangacine.fr\\\/#organization\"},\"potentialAction\":[{\"@type\":\"SearchAction\",\"target\":{\"@type\":\"EntryPoint\",\"urlTemplate\":\"https:\\\/\\\/repliquemangacine.fr\\\/?s={search_term_string}\"},\"query-input\":{\"@type\":\"PropertyValueSpecification\",\"valueRequired\":true,\"valueName\":\"search_term_string\"}}],\"inLanguage\":\"de\"},{\"@type\":\"Organization\",\"@id\":\"https:\\\/\\\/repliquemangacine.fr\\\/#organization\",\"name\":\"R\u00e9plique Manga Cin\u00e9\",\"url\":\"https:\\\/\\\/repliquemangacine.fr\\\/\",\"logo\":{\"@type\":\"ImageObject\",\"inLanguage\":\"de\",\"@id\":\"https:\\\/\\\/repliquemangacine.fr\\\/#\\\/schema\\\/logo\\\/image\\\/\",\"url\":\"https:\\\/\\\/repliquemangacine.fr\\\/wp-content\\\/uploads\\\/2023\\\/10\\\/RMC-500250.png\",\"contentUrl\":\"https:\\\/\\\/repliquemangacine.fr\\\/wp-content\\\/uploads\\\/2023\\\/10\\\/RMC-500250.png\",\"width\":500,\"height\":250,\"caption\":\"R\u00e9plique Manga Cin\u00e9\"},\"image\":{\"@id\":\"https:\\\/\\\/repliquemangacine.fr\\\/#\\\/schema\\\/logo\\\/image\\\/\"},\"sameAs\":[\"https:\\\/\\\/www.facebook.com\\\/RepliqueMangaCine\",\"https:\\\/\\\/www.instagram.com\\\/repliquemangacine.fr\\\/\"]}]}<\/script>\n<!-- \/ Yoast SEO plugin. -->","yoast_head_json":{"title":"Aragorns Schwert Anduril - Herr der Ringe Repliken | RMC","description":"Entdecken Sie das g\u00fcnstige Schwert Anduril von Aragorn aus dem Herrn der Ringe. Klinge aus Stahl - Elbische Gravuren - Lederscheide - L\u00e4nge: 133 cm - Versand 24\/48h","robots":{"index":"index","follow":"follow","max-snippet":"max-snippet:-1","max-image-preview":"max-image-preview:large","max-video-preview":"max-video-preview:-1"},"canonical":"https:\/\/repliquemangacine.fr\/de\/herr-der-ringe-schwerter\/anduril-epee-aragorn-herr-der-ringe\/","og_locale":"de_DE","og_type":"article","og_title":"Ep\u00e9e Anduril d'Aragorn - R\u00e9pliques Seigneur des Anneaux | RMC","og_description":"D\u00e9couvrez l'Ep\u00e9e Anduril d'Aragorn, le Seigneur des Anneaux, pas ch\u00e8re. Lame acier - Gravures Elfique - Fourreau cuir - Longueur : 133 cm - Envoi 24\/48h","og_url":"https:\/\/repliquemangacine.fr\/de\/herr-der-ringe-schwerter\/anduril-epee-aragorn-herr-der-ringe\/","og_site_name":"R\u00e9plique Manga Cin\u00e9","article_publisher":"https:\/\/www.facebook.com\/RepliqueMangaCine","article_modified_time":"2026-04-19T12:45:35+00:00","og_image":[{"width":650,"height":650,"url":"https:\/\/repliquemangacine.fr\/wp-content\/uploads\/2023\/10\/1609-Anduril-Epee-Aragorn-Seigneur-des-Anneaux.jpg","type":"image\/jpeg"}],"twitter_card":"summary_large_image","twitter_misc":{"Gesch\u00e4tzte Lesezeit":"3\u00a0Minuten"},"schema":{"@context":"https:\/\/schema.org","@graph":[{"@type":"WebPage","@id":"https:\/\/repliquemangacine.fr\/epees-seigneur-des-anneaux\/anduril-epee-aragorn-seigneur-des-anneaux\/","url":"https:\/\/repliquemangacine.fr\/epees-seigneur-des-anneaux\/anduril-epee-aragorn-seigneur-des-anneaux\/","name":"Aragorns Schwert Anduril - Herr der Ringe Repliken | RMC","isPartOf":{"@id":"https:\/\/repliquemangacine.fr\/#website"},"primaryImageOfPage":{"@id":"https:\/\/repliquemangacine.fr\/epees-seigneur-des-anneaux\/anduril-epee-aragorn-seigneur-des-anneaux\/#primaryimage"},"image":{"@id":"https:\/\/repliquemangacine.fr\/epees-seigneur-des-anneaux\/anduril-epee-aragorn-seigneur-des-anneaux\/#primaryimage"},"thumbnailUrl":"https:\/\/repliquemangacine.fr\/wp-content\/uploads\/2023\/10\/1609-Anduril-Epee-Aragorn-Seigneur-des-Anneaux.jpg","datePublished":"2017-02-04T16:42:42+00:00","dateModified":"2026-04-19T12:45:35+00:00","description":"Entdecken Sie das g\u00fcnstige Schwert Anduril von Aragorn aus dem Herrn der Ringe. Klinge aus Stahl - Elbische Gravuren - Lederscheide - L\u00e4nge: 133 cm - Versand 24\/48h","breadcrumb":{"@id":"https:\/\/repliquemangacine.fr\/epees-seigneur-des-anneaux\/anduril-epee-aragorn-seigneur-des-anneaux\/#breadcrumb"},"inLanguage":"de","potentialAction":[{"@type":"ReadAction","target":["https:\/\/repliquemangacine.fr\/epees-seigneur-des-anneaux\/anduril-epee-aragorn-seigneur-des-anneaux\/"]}]},{"@type":"ImageObject","inLanguage":"de","@id":"https:\/\/repliquemangacine.fr\/epees-seigneur-des-anneaux\/anduril-epee-aragorn-seigneur-des-anneaux\/#primaryimage","url":"https:\/\/repliquemangacine.fr\/wp-content\/uploads\/2023\/10\/1609-Anduril-Epee-Aragorn-Seigneur-des-Anneaux.jpg","contentUrl":"https:\/\/repliquemangacine.fr\/wp-content\/uploads\/2023\/10\/1609-Anduril-Epee-Aragorn-Seigneur-des-Anneaux.jpg","width":650,"height":650,"caption":"epee-anduril-aragorn-seigneur-des-anneaux"},{"@type":"BreadcrumbList","@id":"https:\/\/repliquemangacine.fr\/epees-seigneur-des-anneaux\/anduril-epee-aragorn-seigneur-des-anneaux\/#breadcrumb","itemListElement":[{"@type":"ListItem","position":1,"name":"Accueil","item":"https:\/\/repliquemangacine.fr\/"},{"@type":"ListItem","position":2,"name":"Produits","item":"https:\/\/repliquemangacine.fr\/boutique\/"},{"@type":"ListItem","position":3,"name":"Ep\u00e9e Anduril &#8211; Le Seigneur des Anneaux"}]},{"@type":"WebSite","@id":"https:\/\/repliquemangacine.fr\/#website","url":"https:\/\/repliquemangacine.fr\/","name":"R\u00e9plique Manga Cin\u00e9","description":"","publisher":{"@id":"https:\/\/repliquemangacine.fr\/#organization"},"potentialAction":[{"@type":"SearchAction","target":{"@type":"EntryPoint","urlTemplate":"https:\/\/repliquemangacine.fr\/?s={search_term_string}"},"query-input":{"@type":"PropertyValueSpecification","valueRequired":true,"valueName":"search_term_string"}}],"inLanguage":"de"},{"@type":"Organization","@id":"https:\/\/repliquemangacine.fr\/#organization","name":"R\u00e9plique Manga Cin\u00e9","url":"https:\/\/repliquemangacine.fr\/","logo":{"@type":"ImageObject","inLanguage":"de","@id":"https:\/\/repliquemangacine.fr\/#\/schema\/logo\/image\/","url":"https:\/\/repliquemangacine.fr\/wp-content\/uploads\/2023\/10\/RMC-500250.png","contentUrl":"https:\/\/repliquemangacine.fr\/wp-content\/uploads\/2023\/10\/RMC-500250.png","width":500,"height":250,"caption":"R\u00e9plique Manga Cin\u00e9"},"image":{"@id":"https:\/\/repliquemangacine.fr\/#\/schema\/logo\/image\/"},"sameAs":["https:\/\/www.facebook.com\/RepliqueMangaCine","https:\/\/www.instagram.com\/repliquemangacine.fr\/"]}]}},"_links":{"self":[{"href":"https:\/\/repliquemangacine.fr\/de\/wp-json\/wp\/v2\/product\/26880","targetHints":{"allow":["GET"]}}],"collection":[{"href":"https:\/\/repliquemangacine.fr\/de\/wp-json\/wp\/v2\/product"}],"about":[{"href":"https:\/\/repliquemangacine.fr\/de\/wp-json\/wp\/v2\/types\/product"}],"wp:featuredmedia":[{"embeddable":true,"href":"https:\/\/repliquemangacine.fr\/de\/wp-json\/wp\/v2\/media\/26881"}],"wp:attachment":[{"href":"https:\/\/repliquemangacine.fr\/de\/wp-json\/wp\/v2\/media?parent=26880"}],"wp:term":[{"taxonomy":"product_brand","embeddable":true,"href":"https:\/\/repliquemangacine.fr\/de\/wp-json\/wp\/v2\/product_brand?post=26880"},{"taxonomy":"product_cat","embeddable":true,"href":"https:\/\/repliquemangacine.fr\/de\/wp-json\/wp\/v2\/product_cat?post=26880"},{"taxonomy":"product_tag","embeddable":true,"href":"https:\/\/repliquemangacine.fr\/de\/wp-json\/wp\/v2\/product_tag?post=26880"}],"curies":[{"name":"wp","href":"https:\/\/api.w.org\/{rel}","templated":true}]}}