





{"id":26873,"date":"2017-02-04T17:06:25","date_gmt":"2017-02-04T16:06:25","guid":{"rendered":"https:\/\/repliquemangacine.fr\/?post_type=product&#038;p=26873"},"modified":"2025-09-23T18:01:51","modified_gmt":"2025-09-23T16:01:51","slug":"narsil-schwert-von-elendil","status":"publish","type":"product","link":"https:\/\/repliquemangacine.fr\/de\/epees-seigneur-des-anneaux\/narsil-epee-d-elendil\/","title":{"rendered":"Narsil Schwert Elendil LOTR"},"content":{"rendered":"<h2>Narsil Schwert von Elendil in Der Herr der Ringe<\/h2>\n<p>F\u00fcr den Anfang, <strong>Narsil Elendils Schwert<\/strong>Sein erster Auftritt mit dem Schwert als Narsil war in Peter Jacksons \"The Fellowship of the Ring\".<\/p>\n<p>Elendil benutzt Narsil w\u00e4hrend der Belagerung von Barad-d\u00fbr gegen Maia Sauron im Krieg des Letzten B\u00fcndnisses der Elben und Menschen. Doch Sauron t\u00f6tet Elendil und das Schwert zerbricht unter ihm in zwei Teile, als er f\u00e4llt.<\/p>\n<p>Elendils \u00e4ltester Sohn Isildur nimmt daraufhin das Teilst\u00fcck des Schwertes seines Vaters und schneidet damit den Finger von Saurons Hand ab, der den Einen Ring tr\u00e4gt.<\/p>\n<p>Das Schwert wurde bis zum Ringkrieg gegen Ende des Dritten Zeitalters nicht neu geschmiedet. Nach Elronds Rat schmiedeten die Elben von Bruchtal Narsil zu einem neuen Schwert um, das Aragorn And\u00faril nannte.<\/p>\n<h2>Ihr Narsil Schwert von Elendil zum besten Preis<\/h2>\n<p>Wir bieten Ihnen alle Repliken der Schwerter aus \"Der Herr der Ringe\".<\/p>\n<p>Zun\u00e4chst einmal,<\/p>\n<ul>\n<li>Nat\u00fcrlich finden Sie die<a href=\"https:\/\/repliquemangacine.fr\/de\/der-herr-der-ringe\/anduril-epee-aragorn-herr-der-ringe\/\">Schwert Anduril<\/a> von Aragorn mit oder ohne Scheide.<\/li>\n<li>Sowie die<a href=\"https:\/\/repliquemangacine.fr\/de\/herr-der-ringe-schwerter\/boromirs-schwert\/\">Boromirs Schwert<\/a> \u00e4ltester Sohn von Denethor II, dem Verwalter von Gondor.<\/li>\n<li>Es gibt auch den Elfendolch von Argorn <a href=\"https:\/\/repliquemangacine.fr\/de\/herr-der-ringe-schwerter\/dolch-aragorn-elbischer-dolch-elven-knife-daragorn\/\">Elven Knife<\/a><\/li>\n<li>Und noch viel mehr gibt es in unserem Online-Shop zu entdecken!<\/li>\n<\/ul>\n<p>Deshalb sind hier einige tolle Geschenkideen f\u00fcr Fans der Trilogie Der Herr der Ringe inspiriert von <a href=\"https:\/\/www.tolkiendil.com\/tolkien\/biographie\" target=\"_blank\" rel=\"noopener noreferrer\">Tolkien<\/a>.<\/p>\n<p>Abschlie\u00dfend k\u00f6nnen Sie auch <strong>Narsil Schwert Elendil<\/strong> f\u00fcr Ihre Cosplay-Paraden. Vor allem aber ist dieses Schwert ein Sammler- und Dekorationsst\u00fcck<\/p>\n<p>R\u00e9plique Manga Cin\u00e9 ist ein franz\u00f6sisches Familienunternehmen.<\/p>\n<h2>Wie pflegt man die Klinge seines \"Herr der Ringe\"-Schwerts?<\/h2>\n<p>Sammlungs- und Dekorationsschwerter werden in vereinfachter Form hergestellt und zusammengebaut. Da sie zu Dekorationszwecken verwendet werden, fehlen ihnen die Sicherheitselemente, die ein japanisches Schwert f\u00fcr Trainingszwecke aufweisen muss.<\/p>\n<p>Allerdings ist Ihr <strong>Narsil Schwert von Elendil<\/strong> zu einer Stahlklinge, die gepflegt werden muss, damit sie nicht mit der Zeit abgenutzt wird. Denn wenn du dein Katana ausstellst, werden deine Freunde neugierig sein, die Klinge zu sehen und sie zu ber\u00fchren. Hier ist Vorsicht geboten, denn Sie sollten wissen, dass die S\u00e4ure der Finger dem Stahl unabh\u00e4ngig von seiner Qualit\u00e4t sehr schadet.<\/p>\n<p>Wenn dies jedoch passiert, keine Panik, Sie brauchen nur ein Tuch, das mit etwas \u00d6l befeuchtet ist, und wischen die Fingerabdr\u00fccke ab. Wenn Sie dies tun, werden Sie Ihr Schwert sehr lange behalten.<\/p>","protected":false},"excerpt":{"rendered":"<p>Narsil das Schwert von K\u00f6nig Elendil im \"Herrn der Ringe\".<\/p>\n<ul>\n<li>Klinge aus rostfreiem Stahl mit Hohlkehle.<\/li>\n<li>Garde und Knauf aus antikisiertem Stahl.<\/li>\n<li>Mit Kunstleder \u00fcberzogener Stahlgriff.<\/li>\n<li>Wandhalterung aus verziertem Holz.<\/li>\n<li>L\u00e4nge der Klinge: 82 cm - Gesamtl\u00e4nge: 109 cm<\/li>\n<\/ul>","protected":false},"featured_media":26874,"template":"","meta":[],"product_brand":[896],"product_cat":[68,24,29],"product_tag":[],"class_list":{"0":"post-26873","1":"product","2":"type-product","3":"status-publish","4":"has-post-thumbnail","6":"product_brand-replique-manga-cine","7":"product_cat-epees-seigneur-des-anneaux","8":"product_cat-films-series-tv-vente-de-katana-epee-et-produits-derives","9":"product_cat-le-seigneur-des-anneaux","11":"first","12":"outofstock","13":"sale","14":"taxable","15":"shipping-taxable","16":"purchasable","17":"product-type-simple"},"yoast_head":"<!-- This site is optimized with the Yoast SEO plugin v27.5 - https:\/\/yoast.com\/product\/yoast-seo-wordpress\/ -->\n<title>Narsil Ep\u00e9e Elendil - Seigneur des Anneaux - R\u00e9plique Manga Cin\u00e9<\/title>\n<meta name=\"description\" content=\"D\u00e9couvrez Narsil Ep\u00e9e d&#039;Elendil dans le seigneur des Anneaux pas cher. Lame acier inox - Support - Echelle 1\/1 - Longueur : 109 cm - Envoi 24\/48h\" \/>\n<meta name=\"robots\" content=\"index, follow, max-snippet:-1, max-image-preview:large, max-video-preview:-1\" \/>\n<link rel=\"canonical\" href=\"https:\/\/repliquemangacine.fr\/de\/herr-der-ringe-schwerter\/narsil-schwert-von-elendil\/\" \/>\n<meta property=\"og:locale\" content=\"de_DE\" \/>\n<meta property=\"og:type\" content=\"article\" \/>\n<meta property=\"og:title\" content=\"Narsil Ep\u00e9e Elendil - Seigneur des Anneaux - R\u00e9plique Manga Cin\u00e9\" \/>\n<meta property=\"og:description\" content=\"D\u00e9couvrez Narsil Ep\u00e9e d&#039;Elendil dans le seigneur des Anneaux pas cher. Lame acier inox - Support - Echelle 1\/1 - Longueur : 109 cm - Envoi 24\/48h\" \/>\n<meta property=\"og:url\" content=\"https:\/\/repliquemangacine.fr\/de\/herr-der-ringe-schwerter\/narsil-schwert-von-elendil\/\" \/>\n<meta property=\"og:site_name\" content=\"R\u00e9plique Manga Cin\u00e9\" \/>\n<meta property=\"article:publisher\" content=\"https:\/\/www.facebook.com\/RepliqueMangaCine\" \/>\n<meta property=\"article:modified_time\" content=\"2025-09-23T16:01:51+00:00\" \/>\n<meta property=\"og:image\" content=\"https:\/\/repliquemangacine.fr\/wp-content\/uploads\/2023\/10\/1605-Narsil-Epee-dElendil-Seigneur-des-Anneaux.jpg\" \/>\n\t<meta property=\"og:image:width\" content=\"650\" \/>\n\t<meta property=\"og:image:height\" content=\"650\" \/>\n\t<meta property=\"og:image:type\" content=\"image\/jpeg\" \/>\n<meta name=\"twitter:card\" content=\"summary_large_image\" \/>\n<meta name=\"twitter:label1\" content=\"Gesch\u00e4tzte Lesezeit\" \/>\n\t<meta name=\"twitter:data1\" content=\"1\u00a0Minute\" \/>\n<script type=\"application\/ld+json\" class=\"yoast-schema-graph\">{\"@context\":\"https:\\\/\\\/schema.org\",\"@graph\":[{\"@type\":\"WebPage\",\"@id\":\"https:\\\/\\\/repliquemangacine.fr\\\/epees-seigneur-des-anneaux\\\/narsil-epee-d-elendil\\\/\",\"url\":\"https:\\\/\\\/repliquemangacine.fr\\\/epees-seigneur-des-anneaux\\\/narsil-epee-d-elendil\\\/\",\"name\":\"Narsil Ep\u00e9e Elendil - Seigneur des Anneaux - R\u00e9plique Manga Cin\u00e9\",\"isPartOf\":{\"@id\":\"https:\\\/\\\/repliquemangacine.fr\\\/#website\"},\"primaryImageOfPage\":{\"@id\":\"https:\\\/\\\/repliquemangacine.fr\\\/epees-seigneur-des-anneaux\\\/narsil-epee-d-elendil\\\/#primaryimage\"},\"image\":{\"@id\":\"https:\\\/\\\/repliquemangacine.fr\\\/epees-seigneur-des-anneaux\\\/narsil-epee-d-elendil\\\/#primaryimage\"},\"thumbnailUrl\":\"https:\\\/\\\/repliquemangacine.fr\\\/wp-content\\\/uploads\\\/2023\\\/10\\\/1605-Narsil-Epee-dElendil-Seigneur-des-Anneaux.jpg\",\"datePublished\":\"2017-02-04T16:06:25+00:00\",\"dateModified\":\"2025-09-23T16:01:51+00:00\",\"description\":\"D\u00e9couvrez Narsil Ep\u00e9e d'Elendil dans le seigneur des Anneaux pas cher. Lame acier inox - Support - Echelle 1\\\/1 - Longueur : 109 cm - Envoi 24\\\/48h\",\"breadcrumb\":{\"@id\":\"https:\\\/\\\/repliquemangacine.fr\\\/epees-seigneur-des-anneaux\\\/narsil-epee-d-elendil\\\/#breadcrumb\"},\"inLanguage\":\"de\",\"potentialAction\":[{\"@type\":\"ReadAction\",\"target\":[\"https:\\\/\\\/repliquemangacine.fr\\\/epees-seigneur-des-anneaux\\\/narsil-epee-d-elendil\\\/\"]}]},{\"@type\":\"ImageObject\",\"inLanguage\":\"de\",\"@id\":\"https:\\\/\\\/repliquemangacine.fr\\\/epees-seigneur-des-anneaux\\\/narsil-epee-d-elendil\\\/#primaryimage\",\"url\":\"https:\\\/\\\/repliquemangacine.fr\\\/wp-content\\\/uploads\\\/2023\\\/10\\\/1605-Narsil-Epee-dElendil-Seigneur-des-Anneaux.jpg\",\"contentUrl\":\"https:\\\/\\\/repliquemangacine.fr\\\/wp-content\\\/uploads\\\/2023\\\/10\\\/1605-Narsil-Epee-dElendil-Seigneur-des-Anneaux.jpg\",\"width\":650,\"height\":650,\"caption\":\"Narsil Ep\u00e9e d'Elendil - Seigneur des Anneaux\"},{\"@type\":\"BreadcrumbList\",\"@id\":\"https:\\\/\\\/repliquemangacine.fr\\\/epees-seigneur-des-anneaux\\\/narsil-epee-d-elendil\\\/#breadcrumb\",\"itemListElement\":[{\"@type\":\"ListItem\",\"position\":1,\"name\":\"Accueil\",\"item\":\"https:\\\/\\\/repliquemangacine.fr\\\/\"},{\"@type\":\"ListItem\",\"position\":2,\"name\":\"Produits\",\"item\":\"https:\\\/\\\/repliquemangacine.fr\\\/boutique\\\/\"},{\"@type\":\"ListItem\",\"position\":3,\"name\":\"Narsil Ep\u00e9e Elendil LOTR\"}]},{\"@type\":\"WebSite\",\"@id\":\"https:\\\/\\\/repliquemangacine.fr\\\/#website\",\"url\":\"https:\\\/\\\/repliquemangacine.fr\\\/\",\"name\":\"R\u00e9plique Manga Cin\u00e9\",\"description\":\"\",\"publisher\":{\"@id\":\"https:\\\/\\\/repliquemangacine.fr\\\/#organization\"},\"potentialAction\":[{\"@type\":\"SearchAction\",\"target\":{\"@type\":\"EntryPoint\",\"urlTemplate\":\"https:\\\/\\\/repliquemangacine.fr\\\/?s={search_term_string}\"},\"query-input\":{\"@type\":\"PropertyValueSpecification\",\"valueRequired\":true,\"valueName\":\"search_term_string\"}}],\"inLanguage\":\"de\"},{\"@type\":\"Organization\",\"@id\":\"https:\\\/\\\/repliquemangacine.fr\\\/#organization\",\"name\":\"R\u00e9plique Manga Cin\u00e9\",\"url\":\"https:\\\/\\\/repliquemangacine.fr\\\/\",\"logo\":{\"@type\":\"ImageObject\",\"inLanguage\":\"de\",\"@id\":\"https:\\\/\\\/repliquemangacine.fr\\\/#\\\/schema\\\/logo\\\/image\\\/\",\"url\":\"https:\\\/\\\/repliquemangacine.fr\\\/wp-content\\\/uploads\\\/2023\\\/10\\\/RMC-500250.png\",\"contentUrl\":\"https:\\\/\\\/repliquemangacine.fr\\\/wp-content\\\/uploads\\\/2023\\\/10\\\/RMC-500250.png\",\"width\":500,\"height\":250,\"caption\":\"R\u00e9plique Manga Cin\u00e9\"},\"image\":{\"@id\":\"https:\\\/\\\/repliquemangacine.fr\\\/#\\\/schema\\\/logo\\\/image\\\/\"},\"sameAs\":[\"https:\\\/\\\/www.facebook.com\\\/RepliqueMangaCine\",\"https:\\\/\\\/www.instagram.com\\\/repliquemangacine.fr\\\/\"]}]}<\/script>\n<!-- \/ Yoast SEO plugin. -->","yoast_head_json":{"title":"Narsil Schwert Elendil - Herr der Ringe - R\u00e9plique Manga Cin\u00e9","description":"Entdecken Sie Narsil Schwert von Elendil in Der Herr der Ringe billig. Klinge aus rostfreiem Stahl - Halterung - Ma\u00dfstab 1\/1 - L\u00e4nge: 109 cm - Versand 24\/48h","robots":{"index":"index","follow":"follow","max-snippet":"max-snippet:-1","max-image-preview":"max-image-preview:large","max-video-preview":"max-video-preview:-1"},"canonical":"https:\/\/repliquemangacine.fr\/de\/herr-der-ringe-schwerter\/narsil-schwert-von-elendil\/","og_locale":"de_DE","og_type":"article","og_title":"Narsil Ep\u00e9e Elendil - Seigneur des Anneaux - R\u00e9plique Manga Cin\u00e9","og_description":"D\u00e9couvrez Narsil Ep\u00e9e d'Elendil dans le seigneur des Anneaux pas cher. Lame acier inox - Support - Echelle 1\/1 - Longueur : 109 cm - Envoi 24\/48h","og_url":"https:\/\/repliquemangacine.fr\/de\/herr-der-ringe-schwerter\/narsil-schwert-von-elendil\/","og_site_name":"R\u00e9plique Manga Cin\u00e9","article_publisher":"https:\/\/www.facebook.com\/RepliqueMangaCine","article_modified_time":"2025-09-23T16:01:51+00:00","og_image":[{"width":650,"height":650,"url":"https:\/\/repliquemangacine.fr\/wp-content\/uploads\/2023\/10\/1605-Narsil-Epee-dElendil-Seigneur-des-Anneaux.jpg","type":"image\/jpeg"}],"twitter_card":"summary_large_image","twitter_misc":{"Gesch\u00e4tzte Lesezeit":"1\u00a0Minute"},"schema":{"@context":"https:\/\/schema.org","@graph":[{"@type":"WebPage","@id":"https:\/\/repliquemangacine.fr\/epees-seigneur-des-anneaux\/narsil-epee-d-elendil\/","url":"https:\/\/repliquemangacine.fr\/epees-seigneur-des-anneaux\/narsil-epee-d-elendil\/","name":"Narsil Schwert Elendil - Herr der Ringe - R\u00e9plique Manga Cin\u00e9","isPartOf":{"@id":"https:\/\/repliquemangacine.fr\/#website"},"primaryImageOfPage":{"@id":"https:\/\/repliquemangacine.fr\/epees-seigneur-des-anneaux\/narsil-epee-d-elendil\/#primaryimage"},"image":{"@id":"https:\/\/repliquemangacine.fr\/epees-seigneur-des-anneaux\/narsil-epee-d-elendil\/#primaryimage"},"thumbnailUrl":"https:\/\/repliquemangacine.fr\/wp-content\/uploads\/2023\/10\/1605-Narsil-Epee-dElendil-Seigneur-des-Anneaux.jpg","datePublished":"2017-02-04T16:06:25+00:00","dateModified":"2025-09-23T16:01:51+00:00","description":"Entdecken Sie Narsil Schwert von Elendil in Der Herr der Ringe billig. Klinge aus rostfreiem Stahl - Halterung - Ma\u00dfstab 1\/1 - L\u00e4nge: 109 cm - Versand 24\/48h","breadcrumb":{"@id":"https:\/\/repliquemangacine.fr\/epees-seigneur-des-anneaux\/narsil-epee-d-elendil\/#breadcrumb"},"inLanguage":"de","potentialAction":[{"@type":"ReadAction","target":["https:\/\/repliquemangacine.fr\/epees-seigneur-des-anneaux\/narsil-epee-d-elendil\/"]}]},{"@type":"ImageObject","inLanguage":"de","@id":"https:\/\/repliquemangacine.fr\/epees-seigneur-des-anneaux\/narsil-epee-d-elendil\/#primaryimage","url":"https:\/\/repliquemangacine.fr\/wp-content\/uploads\/2023\/10\/1605-Narsil-Epee-dElendil-Seigneur-des-Anneaux.jpg","contentUrl":"https:\/\/repliquemangacine.fr\/wp-content\/uploads\/2023\/10\/1605-Narsil-Epee-dElendil-Seigneur-des-Anneaux.jpg","width":650,"height":650,"caption":"Narsil Ep\u00e9e d'Elendil - Seigneur des Anneaux"},{"@type":"BreadcrumbList","@id":"https:\/\/repliquemangacine.fr\/epees-seigneur-des-anneaux\/narsil-epee-d-elendil\/#breadcrumb","itemListElement":[{"@type":"ListItem","position":1,"name":"Accueil","item":"https:\/\/repliquemangacine.fr\/"},{"@type":"ListItem","position":2,"name":"Produits","item":"https:\/\/repliquemangacine.fr\/boutique\/"},{"@type":"ListItem","position":3,"name":"Narsil Ep\u00e9e Elendil LOTR"}]},{"@type":"WebSite","@id":"https:\/\/repliquemangacine.fr\/#website","url":"https:\/\/repliquemangacine.fr\/","name":"R\u00e9plique Manga Cin\u00e9","description":"","publisher":{"@id":"https:\/\/repliquemangacine.fr\/#organization"},"potentialAction":[{"@type":"SearchAction","target":{"@type":"EntryPoint","urlTemplate":"https:\/\/repliquemangacine.fr\/?s={search_term_string}"},"query-input":{"@type":"PropertyValueSpecification","valueRequired":true,"valueName":"search_term_string"}}],"inLanguage":"de"},{"@type":"Organization","@id":"https:\/\/repliquemangacine.fr\/#organization","name":"R\u00e9plique Manga Cin\u00e9","url":"https:\/\/repliquemangacine.fr\/","logo":{"@type":"ImageObject","inLanguage":"de","@id":"https:\/\/repliquemangacine.fr\/#\/schema\/logo\/image\/","url":"https:\/\/repliquemangacine.fr\/wp-content\/uploads\/2023\/10\/RMC-500250.png","contentUrl":"https:\/\/repliquemangacine.fr\/wp-content\/uploads\/2023\/10\/RMC-500250.png","width":500,"height":250,"caption":"R\u00e9plique Manga Cin\u00e9"},"image":{"@id":"https:\/\/repliquemangacine.fr\/#\/schema\/logo\/image\/"},"sameAs":["https:\/\/www.facebook.com\/RepliqueMangaCine","https:\/\/www.instagram.com\/repliquemangacine.fr\/"]}]}},"_links":{"self":[{"href":"https:\/\/repliquemangacine.fr\/de\/wp-json\/wp\/v2\/product\/26873","targetHints":{"allow":["GET"]}}],"collection":[{"href":"https:\/\/repliquemangacine.fr\/de\/wp-json\/wp\/v2\/product"}],"about":[{"href":"https:\/\/repliquemangacine.fr\/de\/wp-json\/wp\/v2\/types\/product"}],"wp:featuredmedia":[{"embeddable":true,"href":"https:\/\/repliquemangacine.fr\/de\/wp-json\/wp\/v2\/media\/26874"}],"wp:attachment":[{"href":"https:\/\/repliquemangacine.fr\/de\/wp-json\/wp\/v2\/media?parent=26873"}],"wp:term":[{"taxonomy":"product_brand","embeddable":true,"href":"https:\/\/repliquemangacine.fr\/de\/wp-json\/wp\/v2\/product_brand?post=26873"},{"taxonomy":"product_cat","embeddable":true,"href":"https:\/\/repliquemangacine.fr\/de\/wp-json\/wp\/v2\/product_cat?post=26873"},{"taxonomy":"product_tag","embeddable":true,"href":"https:\/\/repliquemangacine.fr\/de\/wp-json\/wp\/v2\/product_tag?post=26873"}],"curies":[{"name":"wp","href":"https:\/\/api.w.org\/{rel}","templated":true}]}}