





{"id":26861,"date":"2017-02-02T14:14:38","date_gmt":"2017-02-02T13:14:38","guid":{"rendered":"https:\/\/repliquemangacine.fr\/?post_type=product&#038;p=26861"},"modified":"2026-03-26T20:11:13","modified_gmt":"2026-03-26T19:11:13","slug":"brosche-halskette-blatt-der-lorien-seigneur-des-anneaux","status":"publish","type":"product","link":"https:\/\/repliquemangacine.fr\/de\/bijoux-anneaux\/broche-collier-feuille-de-la-lorien-seigneur-des-anneaux\/","title":{"rendered":"Brosche Lorienblatt"},"content":{"rendered":"<h2>Brosche Lorienblatt in Der Herr der Ringe<\/h2>\n<p>Beginnen wir mit der <strong>Brosche Lorienblatt<\/strong>Der Ring ist eine exakte Nachbildung, die alle Mitglieder der Ringgemeinschaft in der Trilogie \"Der Herr der Ringe\" tragen.<\/p>\n<p>Das Lorienblatt ist das Symbol der Elfen von <a href=\"https:\/\/lotr.fandom.com\/fr\/wiki\/Lothl\u00f3rien\" target=\"_blank\" rel=\"noopener noreferrer\">Lothlorien<\/a>die f\u00fcr Weisheit und Schutz stehen. Galadriel schenkte jedem Mitglied der Ringgemeinschaft eine blattf\u00f6rmige Brosche, die einen elfischen Umhang verschloss.<\/p>\n<p>\u00dcbrigens liegt das Elfenreich am Zusammenfluss von Anduin und Celebrant. Es wurde am Ende des Dritten Zeitalters von Celeborn und Galadriel regiert. Die W\u00e4lder von Mellyrn in L\u00f3rien, die dank der Macht von Galadriel und Nenya vor Sauron gesch\u00fctzt sind. Einziger Ort in Mittelerde, an dem die wahre Sch\u00f6nheit und Ewigkeit von Eldamar bewahrt wird.<\/p>\n<h2>Ihre Brosche Feuille de Lorien zum besten Preis.<\/h2>\n<p>Wir bieten Ihnen eine gro\u00dfe Auswahl an Schmuck und Schwertern aus der Trilogie \"Der Herr der Ringe\".<\/p>\n<p>Zun\u00e4chst einmal,<\/p>\n<ul>\n<li>Der pr\u00e4chtige <a href=\"https:\/\/repliquemangacine.fr\/de\/der-herr-der-ringe\/replica-anhanger-abendstern-arwen\/\">Arwen-Anh\u00e4nger<\/a> Abendstern, den sie Aragorn schenkt.<\/li>\n<li>Es gibt auch L'<a href=\"https:\/\/repliquemangacine.fr\/de\/der-herr-der-ringe\/aragorn-ring-barahir-ring\/\">Ring von Barahir<\/a>Dieser Ring, den Aragorn tr\u00e4gt, ist mit einem gr\u00fcnen Kristall versehen.<\/li>\n<li>Sowie alle Schwerter wie das<a href=\"https:\/\/repliquemangacine.fr\/de\/der-herr-der-ringe\/anduril-epee-aragorn-herr-der-ringe\/\">Anduril<\/a> mit seiner Scheide.<\/li>\n<li>Und viele andere, die es in unserem Online-Shop zu entdecken gibt!<\/li>\n<\/ul>\n<p>Deshalb ist dies eine tolle Geschenkidee f\u00fcr Fans von \"Der Herr der Ringe\".<\/p>\n<p>Abschlie\u00dfend k\u00f6nnen Sie die <strong>Brosche Lorienblatt<\/strong> um Ihr Kost\u00fcm auf Themenpartys zu vervollst\u00e4ndigen. In erster Linie ist sie ein Sammlerst\u00fcck. Sie k\u00f6nnen es aber auch als Brosche oder Halskette tragen.<\/p>\n<h2>Wie pflegt man Schmuck aus Zinklegierungen?<\/h2>\n<p>Zun\u00e4chst einmal ist die Zinklegierung sehr h\u00e4ufig und beliebt f\u00fcr Modeschmuck. Neben Zink enthalten Zinklegierungen in der Regel auch Aluminium, Kupfer, Magnesium und Eisen.<\/p>\n<p>Man reinigt seine <strong>Brosche Lorienblatt<\/strong> mit einem in Seifenwasser getr\u00e4nkten und mit etwas Natriumbikarbonat bestreuten Schwamm, mit dem Sie alle Oberfl\u00e4chen abreiben. Sp\u00fclen Sie einfach mit klarem Wasser nach und trocknen Sie das Zink mit einem ultraweichen Tuch.<\/p>\n<p>Genau wie Silber kann dieses Metall oxidieren, wenn es mit der Haut oder einfach mit dem Sauerstoff der Umgebungsluft in Ber\u00fchrung kommt. Um die Oxidation von Schmuck aus Zinklegierung weitestgehend zu verhindern, tragen Sie eine Schicht Klarlack auf und lassen Sie ihn trocknen.<\/p>\n<p><strong>Nicht auf 925er Gold oder Silber reproduzieren<\/strong><\/p>\n<p>&nbsp;<\/p>","protected":false},"excerpt":{"rendered":"<p>\u00dcberraschende Replik der Broschenkette Feuille de Lorien .<\/p>\n<ul>\n<li>Hergestellt aus einer versilberten, gr\u00fcn emaillierten Legierung.<\/li>\n<li>Entfernen Sie die Kette und verwenden Sie nur den Stift nach Ihren W\u00fcnschen.<\/li>\n<li>Sicherer Verschluss, damit man sich nicht stechen kann, wenn man es als Halskette tr\u00e4gt.<\/li>\n<li>Wird in einem Samtbeutel geliefert.<\/li>\n<\/ul>","protected":false},"featured_media":26862,"template":"","meta":[],"product_brand":[896],"product_cat":[78,24,29],"product_tag":[],"class_list":{"0":"post-26861","1":"product","2":"type-product","3":"status-publish","4":"has-post-thumbnail","6":"product_brand-replique-manga-cine","7":"product_cat-bijoux-anneaux","8":"product_cat-films-series-tv-vente-de-katana-epee-et-produits-derives","9":"product_cat-le-seigneur-des-anneaux","11":"first","12":"instock","13":"taxable","14":"shipping-taxable","15":"purchasable","16":"product-type-simple"},"yoast_head":"<!-- This site is optimized with the Yoast SEO plugin v27.5 - https:\/\/yoast.com\/product\/yoast-seo-wordpress\/ -->\n<title>Broche Feuille de Lorien - Bijoux Le Seigneur des Anneaux | RMC<\/title>\n<meta name=\"description\" content=\"D\u00e9couvrez la Broche Feuille de Lorien port\u00e9e par les membres de la Communaut\u00e9 de l&#039;Anneau au meilleur prix. En alliage plaqu\u00e9 argent - Pochette velours\" \/>\n<meta name=\"robots\" content=\"index, follow, max-snippet:-1, max-image-preview:large, max-video-preview:-1\" \/>\n<link rel=\"canonical\" href=\"https:\/\/repliquemangacine.fr\/de\/schmuck-ringe\/brosche-halskette-blatt-der-lorien-seigneur-des-anneaux\/\" \/>\n<meta property=\"og:locale\" content=\"de_DE\" \/>\n<meta property=\"og:type\" content=\"article\" \/>\n<meta property=\"og:title\" content=\"Broche Feuille de Lorien - Bijoux Le Seigneur des Anneaux | RMC\" \/>\n<meta property=\"og:description\" content=\"D\u00e9couvrez la Broche Feuille de Lorien port\u00e9e par les membres de la Communaut\u00e9 de l&#039;Anneau au meilleur prix. En alliage plaqu\u00e9 argent - Pochette velours\" \/>\n<meta property=\"og:url\" content=\"https:\/\/repliquemangacine.fr\/de\/schmuck-ringe\/brosche-halskette-blatt-der-lorien-seigneur-des-anneaux\/\" \/>\n<meta property=\"og:site_name\" content=\"R\u00e9plique Manga Cin\u00e9\" \/>\n<meta property=\"article:publisher\" content=\"https:\/\/www.facebook.com\/RepliqueMangaCine\" \/>\n<meta property=\"article:modified_time\" content=\"2026-03-26T19:11:13+00:00\" \/>\n<meta property=\"og:image\" content=\"https:\/\/repliquemangacine.fr\/wp-content\/uploads\/2023\/10\/Feuille-de-Lorien.jpg\" \/>\n\t<meta property=\"og:image:width\" content=\"500\" \/>\n\t<meta property=\"og:image:height\" content=\"500\" \/>\n\t<meta property=\"og:image:type\" content=\"image\/jpeg\" \/>\n<meta name=\"twitter:card\" content=\"summary_large_image\" \/>\n<meta name=\"twitter:label1\" content=\"Gesch\u00e4tzte Lesezeit\" \/>\n\t<meta name=\"twitter:data1\" content=\"1\u00a0Minute\" \/>\n<script type=\"application\/ld+json\" class=\"yoast-schema-graph\">{\"@context\":\"https:\\\/\\\/schema.org\",\"@graph\":[{\"@type\":\"WebPage\",\"@id\":\"https:\\\/\\\/repliquemangacine.fr\\\/bijoux-anneaux\\\/broche-collier-feuille-de-la-lorien-seigneur-des-anneaux\\\/\",\"url\":\"https:\\\/\\\/repliquemangacine.fr\\\/bijoux-anneaux\\\/broche-collier-feuille-de-la-lorien-seigneur-des-anneaux\\\/\",\"name\":\"Broche Feuille de Lorien - Bijoux Le Seigneur des Anneaux | RMC\",\"isPartOf\":{\"@id\":\"https:\\\/\\\/repliquemangacine.fr\\\/#website\"},\"primaryImageOfPage\":{\"@id\":\"https:\\\/\\\/repliquemangacine.fr\\\/bijoux-anneaux\\\/broche-collier-feuille-de-la-lorien-seigneur-des-anneaux\\\/#primaryimage\"},\"image\":{\"@id\":\"https:\\\/\\\/repliquemangacine.fr\\\/bijoux-anneaux\\\/broche-collier-feuille-de-la-lorien-seigneur-des-anneaux\\\/#primaryimage\"},\"thumbnailUrl\":\"https:\\\/\\\/repliquemangacine.fr\\\/wp-content\\\/uploads\\\/2023\\\/10\\\/Feuille-de-Lorien.jpg\",\"datePublished\":\"2017-02-02T13:14:38+00:00\",\"dateModified\":\"2026-03-26T19:11:13+00:00\",\"description\":\"D\u00e9couvrez la Broche Feuille de Lorien port\u00e9e par les membres de la Communaut\u00e9 de l'Anneau au meilleur prix. En alliage plaqu\u00e9 argent - Pochette velours\",\"breadcrumb\":{\"@id\":\"https:\\\/\\\/repliquemangacine.fr\\\/bijoux-anneaux\\\/broche-collier-feuille-de-la-lorien-seigneur-des-anneaux\\\/#breadcrumb\"},\"inLanguage\":\"de\",\"potentialAction\":[{\"@type\":\"ReadAction\",\"target\":[\"https:\\\/\\\/repliquemangacine.fr\\\/bijoux-anneaux\\\/broche-collier-feuille-de-la-lorien-seigneur-des-anneaux\\\/\"]}]},{\"@type\":\"ImageObject\",\"inLanguage\":\"de\",\"@id\":\"https:\\\/\\\/repliquemangacine.fr\\\/bijoux-anneaux\\\/broche-collier-feuille-de-la-lorien-seigneur-des-anneaux\\\/#primaryimage\",\"url\":\"https:\\\/\\\/repliquemangacine.fr\\\/wp-content\\\/uploads\\\/2023\\\/10\\\/Feuille-de-Lorien.jpg\",\"contentUrl\":\"https:\\\/\\\/repliquemangacine.fr\\\/wp-content\\\/uploads\\\/2023\\\/10\\\/Feuille-de-Lorien.jpg\",\"width\":500,\"height\":500,\"caption\":\"Broche Feuille de la Lorien\"},{\"@type\":\"BreadcrumbList\",\"@id\":\"https:\\\/\\\/repliquemangacine.fr\\\/bijoux-anneaux\\\/broche-collier-feuille-de-la-lorien-seigneur-des-anneaux\\\/#breadcrumb\",\"itemListElement\":[{\"@type\":\"ListItem\",\"position\":1,\"name\":\"Accueil\",\"item\":\"https:\\\/\\\/repliquemangacine.fr\\\/\"},{\"@type\":\"ListItem\",\"position\":2,\"name\":\"Produits\",\"item\":\"https:\\\/\\\/repliquemangacine.fr\\\/boutique\\\/\"},{\"@type\":\"ListItem\",\"position\":3,\"name\":\"Broche Feuille de Lorien\"}]},{\"@type\":\"WebSite\",\"@id\":\"https:\\\/\\\/repliquemangacine.fr\\\/#website\",\"url\":\"https:\\\/\\\/repliquemangacine.fr\\\/\",\"name\":\"R\u00e9plique Manga Cin\u00e9\",\"description\":\"\",\"publisher\":{\"@id\":\"https:\\\/\\\/repliquemangacine.fr\\\/#organization\"},\"potentialAction\":[{\"@type\":\"SearchAction\",\"target\":{\"@type\":\"EntryPoint\",\"urlTemplate\":\"https:\\\/\\\/repliquemangacine.fr\\\/?s={search_term_string}\"},\"query-input\":{\"@type\":\"PropertyValueSpecification\",\"valueRequired\":true,\"valueName\":\"search_term_string\"}}],\"inLanguage\":\"de\"},{\"@type\":\"Organization\",\"@id\":\"https:\\\/\\\/repliquemangacine.fr\\\/#organization\",\"name\":\"R\u00e9plique Manga Cin\u00e9\",\"url\":\"https:\\\/\\\/repliquemangacine.fr\\\/\",\"logo\":{\"@type\":\"ImageObject\",\"inLanguage\":\"de\",\"@id\":\"https:\\\/\\\/repliquemangacine.fr\\\/#\\\/schema\\\/logo\\\/image\\\/\",\"url\":\"https:\\\/\\\/repliquemangacine.fr\\\/wp-content\\\/uploads\\\/2023\\\/10\\\/RMC-500250.png\",\"contentUrl\":\"https:\\\/\\\/repliquemangacine.fr\\\/wp-content\\\/uploads\\\/2023\\\/10\\\/RMC-500250.png\",\"width\":500,\"height\":250,\"caption\":\"R\u00e9plique Manga Cin\u00e9\"},\"image\":{\"@id\":\"https:\\\/\\\/repliquemangacine.fr\\\/#\\\/schema\\\/logo\\\/image\\\/\"},\"sameAs\":[\"https:\\\/\\\/www.facebook.com\\\/RepliqueMangaCine\",\"https:\\\/\\\/www.instagram.com\\\/repliquemangacine.fr\\\/\"]}]}<\/script>\n<!-- \/ Yoast SEO plugin. -->","yoast_head_json":{"title":"Brosche Lorienblatt - Der Herr der Ringe Schmuck | RMC","description":"Entdecken Sie die Brosche Lorienblatt, die von den Mitgliedern der Gemeinschaft des Rings getragen wird, zum besten Preis. Aus versilberter Legierung - Samtbeutel","robots":{"index":"index","follow":"follow","max-snippet":"max-snippet:-1","max-image-preview":"max-image-preview:large","max-video-preview":"max-video-preview:-1"},"canonical":"https:\/\/repliquemangacine.fr\/de\/schmuck-ringe\/brosche-halskette-blatt-der-lorien-seigneur-des-anneaux\/","og_locale":"de_DE","og_type":"article","og_title":"Broche Feuille de Lorien - Bijoux Le Seigneur des Anneaux | RMC","og_description":"D\u00e9couvrez la Broche Feuille de Lorien port\u00e9e par les membres de la Communaut\u00e9 de l'Anneau au meilleur prix. En alliage plaqu\u00e9 argent - Pochette velours","og_url":"https:\/\/repliquemangacine.fr\/de\/schmuck-ringe\/brosche-halskette-blatt-der-lorien-seigneur-des-anneaux\/","og_site_name":"R\u00e9plique Manga Cin\u00e9","article_publisher":"https:\/\/www.facebook.com\/RepliqueMangaCine","article_modified_time":"2026-03-26T19:11:13+00:00","og_image":[{"width":500,"height":500,"url":"https:\/\/repliquemangacine.fr\/wp-content\/uploads\/2023\/10\/Feuille-de-Lorien.jpg","type":"image\/jpeg"}],"twitter_card":"summary_large_image","twitter_misc":{"Gesch\u00e4tzte Lesezeit":"1\u00a0Minute"},"schema":{"@context":"https:\/\/schema.org","@graph":[{"@type":"WebPage","@id":"https:\/\/repliquemangacine.fr\/bijoux-anneaux\/broche-collier-feuille-de-la-lorien-seigneur-des-anneaux\/","url":"https:\/\/repliquemangacine.fr\/bijoux-anneaux\/broche-collier-feuille-de-la-lorien-seigneur-des-anneaux\/","name":"Brosche Lorienblatt - Der Herr der Ringe Schmuck | RMC","isPartOf":{"@id":"https:\/\/repliquemangacine.fr\/#website"},"primaryImageOfPage":{"@id":"https:\/\/repliquemangacine.fr\/bijoux-anneaux\/broche-collier-feuille-de-la-lorien-seigneur-des-anneaux\/#primaryimage"},"image":{"@id":"https:\/\/repliquemangacine.fr\/bijoux-anneaux\/broche-collier-feuille-de-la-lorien-seigneur-des-anneaux\/#primaryimage"},"thumbnailUrl":"https:\/\/repliquemangacine.fr\/wp-content\/uploads\/2023\/10\/Feuille-de-Lorien.jpg","datePublished":"2017-02-02T13:14:38+00:00","dateModified":"2026-03-26T19:11:13+00:00","description":"Entdecken Sie die Brosche Lorienblatt, die von den Mitgliedern der Gemeinschaft des Rings getragen wird, zum besten Preis. Aus versilberter Legierung - Samtbeutel","breadcrumb":{"@id":"https:\/\/repliquemangacine.fr\/bijoux-anneaux\/broche-collier-feuille-de-la-lorien-seigneur-des-anneaux\/#breadcrumb"},"inLanguage":"de","potentialAction":[{"@type":"ReadAction","target":["https:\/\/repliquemangacine.fr\/bijoux-anneaux\/broche-collier-feuille-de-la-lorien-seigneur-des-anneaux\/"]}]},{"@type":"ImageObject","inLanguage":"de","@id":"https:\/\/repliquemangacine.fr\/bijoux-anneaux\/broche-collier-feuille-de-la-lorien-seigneur-des-anneaux\/#primaryimage","url":"https:\/\/repliquemangacine.fr\/wp-content\/uploads\/2023\/10\/Feuille-de-Lorien.jpg","contentUrl":"https:\/\/repliquemangacine.fr\/wp-content\/uploads\/2023\/10\/Feuille-de-Lorien.jpg","width":500,"height":500,"caption":"Broche Feuille de la Lorien"},{"@type":"BreadcrumbList","@id":"https:\/\/repliquemangacine.fr\/bijoux-anneaux\/broche-collier-feuille-de-la-lorien-seigneur-des-anneaux\/#breadcrumb","itemListElement":[{"@type":"ListItem","position":1,"name":"Accueil","item":"https:\/\/repliquemangacine.fr\/"},{"@type":"ListItem","position":2,"name":"Produits","item":"https:\/\/repliquemangacine.fr\/boutique\/"},{"@type":"ListItem","position":3,"name":"Broche Feuille de Lorien"}]},{"@type":"WebSite","@id":"https:\/\/repliquemangacine.fr\/#website","url":"https:\/\/repliquemangacine.fr\/","name":"R\u00e9plique Manga Cin\u00e9","description":"","publisher":{"@id":"https:\/\/repliquemangacine.fr\/#organization"},"potentialAction":[{"@type":"SearchAction","target":{"@type":"EntryPoint","urlTemplate":"https:\/\/repliquemangacine.fr\/?s={search_term_string}"},"query-input":{"@type":"PropertyValueSpecification","valueRequired":true,"valueName":"search_term_string"}}],"inLanguage":"de"},{"@type":"Organization","@id":"https:\/\/repliquemangacine.fr\/#organization","name":"R\u00e9plique Manga Cin\u00e9","url":"https:\/\/repliquemangacine.fr\/","logo":{"@type":"ImageObject","inLanguage":"de","@id":"https:\/\/repliquemangacine.fr\/#\/schema\/logo\/image\/","url":"https:\/\/repliquemangacine.fr\/wp-content\/uploads\/2023\/10\/RMC-500250.png","contentUrl":"https:\/\/repliquemangacine.fr\/wp-content\/uploads\/2023\/10\/RMC-500250.png","width":500,"height":250,"caption":"R\u00e9plique Manga Cin\u00e9"},"image":{"@id":"https:\/\/repliquemangacine.fr\/#\/schema\/logo\/image\/"},"sameAs":["https:\/\/www.facebook.com\/RepliqueMangaCine","https:\/\/www.instagram.com\/repliquemangacine.fr\/"]}]}},"_links":{"self":[{"href":"https:\/\/repliquemangacine.fr\/de\/wp-json\/wp\/v2\/product\/26861","targetHints":{"allow":["GET"]}}],"collection":[{"href":"https:\/\/repliquemangacine.fr\/de\/wp-json\/wp\/v2\/product"}],"about":[{"href":"https:\/\/repliquemangacine.fr\/de\/wp-json\/wp\/v2\/types\/product"}],"wp:featuredmedia":[{"embeddable":true,"href":"https:\/\/repliquemangacine.fr\/de\/wp-json\/wp\/v2\/media\/26862"}],"wp:attachment":[{"href":"https:\/\/repliquemangacine.fr\/de\/wp-json\/wp\/v2\/media?parent=26861"}],"wp:term":[{"taxonomy":"product_brand","embeddable":true,"href":"https:\/\/repliquemangacine.fr\/de\/wp-json\/wp\/v2\/product_brand?post=26861"},{"taxonomy":"product_cat","embeddable":true,"href":"https:\/\/repliquemangacine.fr\/de\/wp-json\/wp\/v2\/product_cat?post=26861"},{"taxonomy":"product_tag","embeddable":true,"href":"https:\/\/repliquemangacine.fr\/de\/wp-json\/wp\/v2\/product_tag?post=26861"}],"curies":[{"name":"wp","href":"https:\/\/api.w.org\/{rel}","templated":true}]}}