





{"id":26839,"date":"2017-02-01T18:49:57","date_gmt":"2017-02-01T17:49:57","guid":{"rendered":"https:\/\/repliquemangacine.fr\/?post_type=product&#038;p=26839"},"modified":"2026-03-18T11:15:42","modified_gmt":"2026-03-18T10:15:42","slug":"replica-anhanger-abendstern-arwen","status":"publish","type":"product","link":"https:\/\/repliquemangacine.fr\/de\/bijoux-anneaux\/replique-pendentif-etoile-du-soir-arwen\/","title":{"rendered":"Arwen-Anh\u00e4nger Abendstern"},"content":{"rendered":"<h2>Arwen Abendstern-Anh\u00e4nger - Der Herr der Ringe<\/h2>\n<p>Zu Beginn wird die Replik des <strong>Arwen-Anh\u00e4nger<\/strong> Stern des Abends ist absolut bemerkenswert mit einem sehr kleinen Preis! Besonders hervorzuheben ist, dass es der Anh\u00e4nger ist, den sie Aragorn schenkt und den er w\u00e4hrend der gesamten Trilogie tr\u00e4gt.<\/p>\n<p>Arwen Tochter von Elrond dem Halbelfen und Enkelin von Galadriel. Aragorn verliebt sich bei ihrer ersten Begegnung in Bruchtal in sie. Sie entscheidet sich, die Unsterblichkeit der Elben aufzugeben, um ihren Geliebten, den sterblichen Aragorn, zu heiraten, und wird so zur K\u00f6nigin der Elben und Menschen in Mittelerde. Im \u00dcbrigen <a href=\"https:\/\/lotr.fandom.com\/fr\/wiki\/Arwen\" target=\"_blank\" rel=\"noopener noreferrer\">Arwen<\/a> wird Aragorn einen Sohn Eldarion schenken, der in seiner Nachfolge regieren wird.<\/p>\n<p>Wird in den Filmen von Peter Jackson von Liv Tyler dargestellt. Zwar ist ihre Rolle viel gr\u00f6\u00dfer als im Buch, aber das erfreut uns.<\/p>\n<h2>Ihr Arwen-Anh\u00e4nger zum besten Preis.<\/h2>\n<p>Wir bieten Ihnen eine gro\u00dfe Auswahl an Repliken von Schwertern und Schmuck aus der Welt von Tolkien.<\/p>\n<p>Zun\u00e4chst einmal,<\/p>\n<ul>\n<li>L'<a href=\"https:\/\/repliquemangacine.fr\/de\/der-herr-der-ringe\/anneau-unique-le-signeur-des-anneaux\/\">Einzelner Ring<\/a> mit seinen Elfenschriften.<\/li>\n<li>Aber auch das <a href=\"https:\/\/repliquemangacine.fr\/de\/schmuck-ringe\/brosche-halskette-blatt-der-lorien-seigneur-des-anneaux\/\">Lorienblatt-Broschenanh\u00e4nger<\/a>.<\/li>\n<li>Und viele andere, die es in unserem Online-Shop zu entdecken gibt!<\/li>\n<\/ul>\n<p>Deshalb ist dies eine tolle Geschenkidee f\u00fcr Fans der Trilogie \"Der Herr der Ringe\".<\/p>\n<p>Abschlie\u00dfend k\u00f6nnen Sie auch den <strong>Arwen-Anh\u00e4nger<\/strong> der Stern des Abends im Alltag oder zur Abendgarderobe. Vor allem ist diese Kette ein Sammlerst\u00fcck.<\/p>\n<p>R\u00e9plique Manga Cin\u00e9 ist ein franz\u00f6sisches Familienunternehmen.<\/p>\n<h2>Wie pflegt man Schmuck aus Zinklegierungen?<\/h2>\n<p>Zun\u00e4chst einmal ist die Zinklegierung sehr h\u00e4ufig und beliebt f\u00fcr Modeschmuck. Neben Zink enthalten Zinklegierungen in der Regel auch Aluminium, Kupfer, Magnesium und Eisen.<\/p>\n<p>Wir s\u00e4ubern den <strong>Arwen-Anh\u00e4nger<\/strong> mit einem in Seifenwasser getr\u00e4nkten und mit etwas Natriumbikarbonat bestreuten Schwamm, mit dem Sie alle Oberfl\u00e4chen abreiben. Sp\u00fclen Sie einfach mit klarem Wasser nach und trocknen Sie das Zink mit einem ultraweichen Tuch.<\/p>\n<p>Genau wie Silber kann dieses Metall oxidieren, wenn es mit der Haut oder einfach mit dem Sauerstoff der Umgebungsluft in Ber\u00fchrung kommt. Um die Oxidation von Schmuck aus Zinklegierung weitestgehend zu verhindern, tragen Sie eine Schicht Klarlack auf und lassen Sie ihn trocknen.<\/p>\n<p><strong>Nicht auf 925er Gold oder Silber reproduzieren<\/strong><\/p>\n<p>&nbsp;<\/p>","protected":false},"excerpt":{"rendered":"<p>Abendstern-Anh\u00e4nger von Arwen aus \"Der Herr der Ringe\".<\/p>\n<ul>\n<li>Dieses Replikat besteht aus einer Zinklegierung.<\/li>\n<li>Versilbert mit Kristallintarsien (Strass).<\/li>\n<li>Sie werden erstaunt sein, wie fein die Details dieses Anh\u00e4ngers sind.<\/li>\n<li>Geliefert mit seiner 46 cm langen gedrehten Kette<\/li>\n<li>Innenschatulle aus schwarzem Samt.<\/li>\n<\/ul>","protected":false},"featured_media":26840,"template":"","meta":[],"product_brand":[896],"product_cat":[78,24,29],"product_tag":[],"class_list":{"0":"post-26839","1":"product","2":"type-product","3":"status-publish","4":"has-post-thumbnail","6":"product_brand-replique-manga-cine","7":"product_cat-bijoux-anneaux","8":"product_cat-films-series-tv-vente-de-katana-epee-et-produits-derives","9":"product_cat-le-seigneur-des-anneaux","11":"first","12":"instock","13":"taxable","14":"shipping-taxable","15":"purchasable","16":"product-type-simple"},"yoast_head":"<!-- This site is optimized with the Yoast SEO plugin v27.5 - https:\/\/yoast.com\/product\/yoast-seo-wordpress\/ -->\n<title>Pendentif Arwen - Etoile du soir - Seigneur des Anneaux | RMC<\/title>\n<meta name=\"description\" content=\"Offrez-lui le Pendentif Arwen Etoile du soir au meilleur prix. En alliage de zinc plaqu\u00e9 argent - Incrust\u00e9 de cristal - chaine torsad\u00e9e - Envoi 24\/48h\" \/>\n<meta name=\"robots\" content=\"index, follow, max-snippet:-1, max-image-preview:large, max-video-preview:-1\" \/>\n<link rel=\"canonical\" href=\"https:\/\/repliquemangacine.fr\/de\/schmuck-ringe\/replica-anhanger-abendstern-arwen\/\" \/>\n<meta property=\"og:locale\" content=\"de_DE\" \/>\n<meta property=\"og:type\" content=\"article\" \/>\n<meta property=\"og:title\" content=\"Pendentif Arwen - Etoile du soir - Seigneur des Anneaux | RMC\" \/>\n<meta property=\"og:description\" content=\"Offrez-lui le Pendentif Arwen Etoile du soir au meilleur prix. En alliage de zinc plaqu\u00e9 argent - Incrust\u00e9 de cristal - chaine torsad\u00e9e - Envoi 24\/48h\" \/>\n<meta property=\"og:url\" content=\"https:\/\/repliquemangacine.fr\/de\/schmuck-ringe\/replica-anhanger-abendstern-arwen\/\" \/>\n<meta property=\"og:site_name\" content=\"R\u00e9plique Manga Cin\u00e9\" \/>\n<meta property=\"article:publisher\" content=\"https:\/\/www.facebook.com\/RepliqueMangaCine\" \/>\n<meta property=\"article:modified_time\" content=\"2026-03-18T10:15:42+00:00\" \/>\n<meta property=\"og:image\" content=\"https:\/\/repliquemangacine.fr\/wp-content\/uploads\/2023\/10\/Pendentif-Arwen.jpg\" \/>\n\t<meta property=\"og:image:width\" content=\"773\" \/>\n\t<meta property=\"og:image:height\" content=\"772\" \/>\n\t<meta property=\"og:image:type\" content=\"image\/jpeg\" \/>\n<meta name=\"twitter:card\" content=\"summary_large_image\" \/>\n<meta name=\"twitter:label1\" content=\"Gesch\u00e4tzte Lesezeit\" \/>\n\t<meta name=\"twitter:data1\" content=\"3\u00a0Minuten\" \/>\n<script type=\"application\/ld+json\" class=\"yoast-schema-graph\">{\"@context\":\"https:\\\/\\\/schema.org\",\"@graph\":[{\"@type\":\"WebPage\",\"@id\":\"https:\\\/\\\/repliquemangacine.fr\\\/bijoux-anneaux\\\/replique-pendentif-etoile-du-soir-arwen\\\/\",\"url\":\"https:\\\/\\\/repliquemangacine.fr\\\/bijoux-anneaux\\\/replique-pendentif-etoile-du-soir-arwen\\\/\",\"name\":\"Pendentif Arwen - Etoile du soir - Seigneur des Anneaux | RMC\",\"isPartOf\":{\"@id\":\"https:\\\/\\\/repliquemangacine.fr\\\/#website\"},\"primaryImageOfPage\":{\"@id\":\"https:\\\/\\\/repliquemangacine.fr\\\/bijoux-anneaux\\\/replique-pendentif-etoile-du-soir-arwen\\\/#primaryimage\"},\"image\":{\"@id\":\"https:\\\/\\\/repliquemangacine.fr\\\/bijoux-anneaux\\\/replique-pendentif-etoile-du-soir-arwen\\\/#primaryimage\"},\"thumbnailUrl\":\"https:\\\/\\\/repliquemangacine.fr\\\/wp-content\\\/uploads\\\/2023\\\/10\\\/Pendentif-Arwen.jpg\",\"datePublished\":\"2017-02-01T17:49:57+00:00\",\"dateModified\":\"2026-03-18T10:15:42+00:00\",\"description\":\"Offrez-lui le Pendentif Arwen Etoile du soir au meilleur prix. En alliage de zinc plaqu\u00e9 argent - Incrust\u00e9 de cristal - chaine torsad\u00e9e - Envoi 24\\\/48h\",\"breadcrumb\":{\"@id\":\"https:\\\/\\\/repliquemangacine.fr\\\/bijoux-anneaux\\\/replique-pendentif-etoile-du-soir-arwen\\\/#breadcrumb\"},\"inLanguage\":\"de\",\"potentialAction\":[{\"@type\":\"ReadAction\",\"target\":[\"https:\\\/\\\/repliquemangacine.fr\\\/bijoux-anneaux\\\/replique-pendentif-etoile-du-soir-arwen\\\/\"]}]},{\"@type\":\"ImageObject\",\"inLanguage\":\"de\",\"@id\":\"https:\\\/\\\/repliquemangacine.fr\\\/bijoux-anneaux\\\/replique-pendentif-etoile-du-soir-arwen\\\/#primaryimage\",\"url\":\"https:\\\/\\\/repliquemangacine.fr\\\/wp-content\\\/uploads\\\/2023\\\/10\\\/Pendentif-Arwen.jpg\",\"contentUrl\":\"https:\\\/\\\/repliquemangacine.fr\\\/wp-content\\\/uploads\\\/2023\\\/10\\\/Pendentif-Arwen.jpg\",\"width\":773,\"height\":772,\"caption\":\"Pendentif Arwen Seigneur des Anneaux\"},{\"@type\":\"BreadcrumbList\",\"@id\":\"https:\\\/\\\/repliquemangacine.fr\\\/bijoux-anneaux\\\/replique-pendentif-etoile-du-soir-arwen\\\/#breadcrumb\",\"itemListElement\":[{\"@type\":\"ListItem\",\"position\":1,\"name\":\"Accueil\",\"item\":\"https:\\\/\\\/repliquemangacine.fr\\\/\"},{\"@type\":\"ListItem\",\"position\":2,\"name\":\"Produits\",\"item\":\"https:\\\/\\\/repliquemangacine.fr\\\/boutique\\\/\"},{\"@type\":\"ListItem\",\"position\":3,\"name\":\"Pendentif Arwen Etoile du soir\"}]},{\"@type\":\"WebSite\",\"@id\":\"https:\\\/\\\/repliquemangacine.fr\\\/#website\",\"url\":\"https:\\\/\\\/repliquemangacine.fr\\\/\",\"name\":\"R\u00e9plique Manga Cin\u00e9\",\"description\":\"\",\"publisher\":{\"@id\":\"https:\\\/\\\/repliquemangacine.fr\\\/#organization\"},\"potentialAction\":[{\"@type\":\"SearchAction\",\"target\":{\"@type\":\"EntryPoint\",\"urlTemplate\":\"https:\\\/\\\/repliquemangacine.fr\\\/?s={search_term_string}\"},\"query-input\":{\"@type\":\"PropertyValueSpecification\",\"valueRequired\":true,\"valueName\":\"search_term_string\"}}],\"inLanguage\":\"de\"},{\"@type\":\"Organization\",\"@id\":\"https:\\\/\\\/repliquemangacine.fr\\\/#organization\",\"name\":\"R\u00e9plique Manga Cin\u00e9\",\"url\":\"https:\\\/\\\/repliquemangacine.fr\\\/\",\"logo\":{\"@type\":\"ImageObject\",\"inLanguage\":\"de\",\"@id\":\"https:\\\/\\\/repliquemangacine.fr\\\/#\\\/schema\\\/logo\\\/image\\\/\",\"url\":\"https:\\\/\\\/repliquemangacine.fr\\\/wp-content\\\/uploads\\\/2023\\\/10\\\/RMC-500250.png\",\"contentUrl\":\"https:\\\/\\\/repliquemangacine.fr\\\/wp-content\\\/uploads\\\/2023\\\/10\\\/RMC-500250.png\",\"width\":500,\"height\":250,\"caption\":\"R\u00e9plique Manga Cin\u00e9\"},\"image\":{\"@id\":\"https:\\\/\\\/repliquemangacine.fr\\\/#\\\/schema\\\/logo\\\/image\\\/\"},\"sameAs\":[\"https:\\\/\\\/www.facebook.com\\\/RepliqueMangaCine\",\"https:\\\/\\\/www.instagram.com\\\/repliquemangacine.fr\\\/\"]}]}<\/script>\n<!-- \/ Yoast SEO plugin. -->","yoast_head_json":{"title":"Arwen-Anh\u00e4nger - Abendstern - Herr der Ringe | RMC","description":"Schenken Sie ihr den Arwen Abendstern-Anh\u00e4nger zum besten Preis. Aus versilberter Zinklegierung - mit Kristall eingelegt - verdrehte Kette - Versand 24\/48h","robots":{"index":"index","follow":"follow","max-snippet":"max-snippet:-1","max-image-preview":"max-image-preview:large","max-video-preview":"max-video-preview:-1"},"canonical":"https:\/\/repliquemangacine.fr\/de\/schmuck-ringe\/replica-anhanger-abendstern-arwen\/","og_locale":"de_DE","og_type":"article","og_title":"Pendentif Arwen - Etoile du soir - Seigneur des Anneaux | RMC","og_description":"Offrez-lui le Pendentif Arwen Etoile du soir au meilleur prix. En alliage de zinc plaqu\u00e9 argent - Incrust\u00e9 de cristal - chaine torsad\u00e9e - Envoi 24\/48h","og_url":"https:\/\/repliquemangacine.fr\/de\/schmuck-ringe\/replica-anhanger-abendstern-arwen\/","og_site_name":"R\u00e9plique Manga Cin\u00e9","article_publisher":"https:\/\/www.facebook.com\/RepliqueMangaCine","article_modified_time":"2026-03-18T10:15:42+00:00","og_image":[{"width":773,"height":772,"url":"https:\/\/repliquemangacine.fr\/wp-content\/uploads\/2023\/10\/Pendentif-Arwen.jpg","type":"image\/jpeg"}],"twitter_card":"summary_large_image","twitter_misc":{"Gesch\u00e4tzte Lesezeit":"3\u00a0Minuten"},"schema":{"@context":"https:\/\/schema.org","@graph":[{"@type":"WebPage","@id":"https:\/\/repliquemangacine.fr\/bijoux-anneaux\/replique-pendentif-etoile-du-soir-arwen\/","url":"https:\/\/repliquemangacine.fr\/bijoux-anneaux\/replique-pendentif-etoile-du-soir-arwen\/","name":"Arwen-Anh\u00e4nger - Abendstern - Herr der Ringe | RMC","isPartOf":{"@id":"https:\/\/repliquemangacine.fr\/#website"},"primaryImageOfPage":{"@id":"https:\/\/repliquemangacine.fr\/bijoux-anneaux\/replique-pendentif-etoile-du-soir-arwen\/#primaryimage"},"image":{"@id":"https:\/\/repliquemangacine.fr\/bijoux-anneaux\/replique-pendentif-etoile-du-soir-arwen\/#primaryimage"},"thumbnailUrl":"https:\/\/repliquemangacine.fr\/wp-content\/uploads\/2023\/10\/Pendentif-Arwen.jpg","datePublished":"2017-02-01T17:49:57+00:00","dateModified":"2026-03-18T10:15:42+00:00","description":"Schenken Sie ihr den Arwen Abendstern-Anh\u00e4nger zum besten Preis. Aus versilberter Zinklegierung - mit Kristall eingelegt - verdrehte Kette - Versand 24\/48h","breadcrumb":{"@id":"https:\/\/repliquemangacine.fr\/bijoux-anneaux\/replique-pendentif-etoile-du-soir-arwen\/#breadcrumb"},"inLanguage":"de","potentialAction":[{"@type":"ReadAction","target":["https:\/\/repliquemangacine.fr\/bijoux-anneaux\/replique-pendentif-etoile-du-soir-arwen\/"]}]},{"@type":"ImageObject","inLanguage":"de","@id":"https:\/\/repliquemangacine.fr\/bijoux-anneaux\/replique-pendentif-etoile-du-soir-arwen\/#primaryimage","url":"https:\/\/repliquemangacine.fr\/wp-content\/uploads\/2023\/10\/Pendentif-Arwen.jpg","contentUrl":"https:\/\/repliquemangacine.fr\/wp-content\/uploads\/2023\/10\/Pendentif-Arwen.jpg","width":773,"height":772,"caption":"Pendentif Arwen Seigneur des Anneaux"},{"@type":"BreadcrumbList","@id":"https:\/\/repliquemangacine.fr\/bijoux-anneaux\/replique-pendentif-etoile-du-soir-arwen\/#breadcrumb","itemListElement":[{"@type":"ListItem","position":1,"name":"Accueil","item":"https:\/\/repliquemangacine.fr\/"},{"@type":"ListItem","position":2,"name":"Produits","item":"https:\/\/repliquemangacine.fr\/boutique\/"},{"@type":"ListItem","position":3,"name":"Pendentif Arwen Etoile du soir"}]},{"@type":"WebSite","@id":"https:\/\/repliquemangacine.fr\/#website","url":"https:\/\/repliquemangacine.fr\/","name":"R\u00e9plique Manga Cin\u00e9","description":"","publisher":{"@id":"https:\/\/repliquemangacine.fr\/#organization"},"potentialAction":[{"@type":"SearchAction","target":{"@type":"EntryPoint","urlTemplate":"https:\/\/repliquemangacine.fr\/?s={search_term_string}"},"query-input":{"@type":"PropertyValueSpecification","valueRequired":true,"valueName":"search_term_string"}}],"inLanguage":"de"},{"@type":"Organization","@id":"https:\/\/repliquemangacine.fr\/#organization","name":"R\u00e9plique Manga Cin\u00e9","url":"https:\/\/repliquemangacine.fr\/","logo":{"@type":"ImageObject","inLanguage":"de","@id":"https:\/\/repliquemangacine.fr\/#\/schema\/logo\/image\/","url":"https:\/\/repliquemangacine.fr\/wp-content\/uploads\/2023\/10\/RMC-500250.png","contentUrl":"https:\/\/repliquemangacine.fr\/wp-content\/uploads\/2023\/10\/RMC-500250.png","width":500,"height":250,"caption":"R\u00e9plique Manga Cin\u00e9"},"image":{"@id":"https:\/\/repliquemangacine.fr\/#\/schema\/logo\/image\/"},"sameAs":["https:\/\/www.facebook.com\/RepliqueMangaCine","https:\/\/www.instagram.com\/repliquemangacine.fr\/"]}]}},"_links":{"self":[{"href":"https:\/\/repliquemangacine.fr\/de\/wp-json\/wp\/v2\/product\/26839","targetHints":{"allow":["GET"]}}],"collection":[{"href":"https:\/\/repliquemangacine.fr\/de\/wp-json\/wp\/v2\/product"}],"about":[{"href":"https:\/\/repliquemangacine.fr\/de\/wp-json\/wp\/v2\/types\/product"}],"wp:featuredmedia":[{"embeddable":true,"href":"https:\/\/repliquemangacine.fr\/de\/wp-json\/wp\/v2\/media\/26840"}],"wp:attachment":[{"href":"https:\/\/repliquemangacine.fr\/de\/wp-json\/wp\/v2\/media?parent=26839"}],"wp:term":[{"taxonomy":"product_brand","embeddable":true,"href":"https:\/\/repliquemangacine.fr\/de\/wp-json\/wp\/v2\/product_brand?post=26839"},{"taxonomy":"product_cat","embeddable":true,"href":"https:\/\/repliquemangacine.fr\/de\/wp-json\/wp\/v2\/product_cat?post=26839"},{"taxonomy":"product_tag","embeddable":true,"href":"https:\/\/repliquemangacine.fr\/de\/wp-json\/wp\/v2\/product_tag?post=26839"}],"curies":[{"name":"wp","href":"https:\/\/api.w.org\/{rel}","templated":true}]}}