





{"id":26804,"date":"2017-01-17T16:43:56","date_gmt":"2017-01-17T15:43:56","guid":{"rendered":"https:\/\/repliquemangacine.fr\/?post_type=product&#038;p=26804"},"modified":"2026-02-20T17:15:16","modified_gmt":"2026-02-20T16:15:16","slug":"katana-ninja-blasrohr-ninjato","status":"publish","type":"product","link":"https:\/\/repliquemangacine.fr\/de\/katana-decoration\/katana-ninja-sarbacane-ninjato\/","title":{"rendered":"Katana Ninja Blasrohr Ninjato"},"content":{"rendered":"<h2>Replik des Katana Ninja Blasrohrs Ninjato.<\/h2>\n<p>Zu Beginn wird der <strong>Katana Ninja Blasrohr Ninjato<\/strong> ist mit seiner funktionierenden Blasrohrpistole einfach unglaublich.<\/p>\n<p>Die <a href=\"https:\/\/fr.wikipedia.org\/wiki\/Shinobi_kenjutsu\" target=\"_blank\" rel=\"noopener noreferrer\">Shinobi Kenjutsu<\/a>, eine japanische Kampfkunst zur Beherrschung des Ninjat\u014d-Schwertes. Im Gegensatz zur herk\u00f6mmlichen Praxis des Kenjutsu, die von den Samurai etabliert wurde. Shinobi Kenjutsu l\u00f6st sich vom Formalismus des Bushido und konzentriert sich ausschlie\u00dflich auf die Effizienz. Tritte, Schl\u00e4ge, Angriffe auf das Gesicht mit dem Tsuka (Griff) oder der Tsuba (Parierstange), Spr\u00fcnge (Cho Yaku Jutsu), falsche Scheiden (Saya) und Blasrohre.<\/p>\n<p>Trotz des fantasievollen Aussehens erfordert es jedoch ein hohes Ma\u00df an Schwertkunst, um solche Akrobatiken ausf\u00fchren zu k\u00f6nnen. Die Blasrohr ist ein Rohr oder Schlauch, mit dem man kleine Projektile durch die Kraft des Atems abschie\u00dft.<\/p>\n<h2>Ihr Ninja Katana Sarbacane Ninjato zum besten Preis.<\/h2>\n<p>Wir bieten Ihnen eine gro\u00dfe Auswahl an Repliken aus dem Bereich der Kampfk\u00fcnste.<\/p>\n<p>Zun\u00e4chst einmal,<\/p>\n<ul>\n<li>Das zweiteilige Set <a href=\"https:\/\/repliquemangacine.fr\/de\/fantasy-schwerter-und-dolche\/machete-und-tanto-ninja\/\">Machete und Tanto-Ninja<\/a>Die Kinder haben die M\u00f6glichkeit, sich in der Schule zu bewegen.<\/li>\n<li>Es gibt auch die beiden <a href=\"https:\/\/repliquemangacine.fr\/de\/filme-tv-serien-verkauf-von-katana-schwertern-und-derivaten\/werfmesser-expendables-kunai-riesig-jason-statham\/\">Wurfmesser<\/a> von Lee Christmas in dem Film \"The Expendables\" verwendet.<\/li>\n<li>Sowie das <a href=\"https:\/\/repliquemangacine.fr\/de\/katana-schmiede\/katana-ninjato-sarbacane-sabre-ninja\/\">Ninja-Schwert Blasrohr<\/a> in scharfer, handgeschmiedeter Ausf\u00fchrung.<\/li>\n<li>Und noch viel mehr gibt es in unserem Online-Shop zu entdecken!<\/li>\n<\/ul>\n<p>Deshalb gibt es hier tolle Geschenkideen f\u00fcr alle Fans von Filmen und Fernsehserien.<\/p>\n<p>Abschlie\u00dfend k\u00f6nnen Sie den <strong>Katana Ninja Blasrohr Ninjato<\/strong> f\u00fcr Ihr Training. Vor allem aber ist dieses Schwert ein Sammler- und Dekorationsst\u00fcck.<\/p>\n<p>R\u00e9plique Manga Cin\u00e9 ist ein franz\u00f6sisches Familienunternehmen.<\/p>\n<h2>Wie pflegt man die Klinge seines Schwertes?<\/h2>\n<p>Sammlungs- und Dekorationsschwerter werden in vereinfachter Form hergestellt und zusammengebaut. Da sie zu Dekorationszwecken verwendet werden, fehlen ihnen die Sicherheitselemente, die ein japanisches Schwert f\u00fcr Trainingszwecke aufweisen muss.<\/p>\n<p>Allerdings ist Ihr <strong>Katana Ninja Blasrohr Ninjato<\/strong> zu einer Stahlklinge, die gepflegt werden muss, damit sie nicht mit der Zeit abgenutzt wird. Wenn du dein Schwert n\u00e4mlich ausstellst, werden deine Freunde neugierig sein, die Klinge zu sehen und sie zu ber\u00fchren. Hier ist Vorsicht geboten, denn Sie sollten wissen, dass die S\u00e4ure der Finger dem Stahl unabh\u00e4ngig von seiner Qualit\u00e4t sehr schadet.<\/p>\n<p>Wenn dies jedoch passiert, keine Panik, Sie brauchen nur ein Tuch, das mit etwas \u00d6l befeuchtet ist, und wischen die Fingerabdr\u00fccke ab. Wenn Sie dies tun, werden Sie Ihr Schwert sehr lange behalten.<\/p>","protected":false},"excerpt":{"rendered":"<p>Dieser Ninjato wird Sie verbl\u00fcffen!<\/p>\n<ul>\n<li>Gerade Klinge aus rostfreiem Stahl mit schwarzer Spezialbeschichtung.<\/li>\n<li>Spezifischer quadratischer Vorsprung.<\/li>\n<li>Griff aus Rochenhautimitat und Baumwollgeflecht.<\/li>\n<li>Holzscheide mit befestigtem Blasrohr und 12 Metallnadeln.<\/li>\n<li>Funktionale Sarbacane.<\/li>\n<li>L\u00e4nge: 69 cm - Gesamtl\u00e4nge: 106 cm<\/li>\n<\/ul>","protected":false},"featured_media":26805,"template":"","meta":[],"product_brand":[896],"product_cat":[26,32],"product_tag":[],"class_list":{"0":"post-26804","1":"product","2":"type-product","3":"status-publish","4":"has-post-thumbnail","6":"product_brand-replique-manga-cine","7":"product_cat-katana-epee","8":"product_cat-katana-decoration","10":"first","11":"instock","12":"sale","13":"taxable","14":"shipping-taxable","15":"purchasable","16":"product-type-simple"},"yoast_head":"<!-- This site is optimized with the Yoast SEO plugin v27.5 - https:\/\/yoast.com\/product\/yoast-seo-wordpress\/ -->\n<title>Katana Ninja sarbacane Ninjato - Boutique en ligne | RMC<\/title>\n<meta name=\"description\" content=\"Offre-lui ! Ce Katana Ninja sarbacane Ninjato au meilleur prix - Lame acier - Sarbacane fonctionnelle fix\u00e9 sur fourreau - 12 aiguilles - Longueur : 106 cm\" \/>\n<meta name=\"robots\" content=\"index, follow, max-snippet:-1, max-image-preview:large, max-video-preview:-1\" \/>\n<link rel=\"canonical\" href=\"https:\/\/repliquemangacine.fr\/de\/katana-dekoration\/katana-ninja-blasrohr-ninjato\/\" \/>\n<meta property=\"og:locale\" content=\"de_DE\" \/>\n<meta property=\"og:type\" content=\"article\" \/>\n<meta property=\"og:title\" content=\"Katana Ninja sarbacane Ninjato - Boutique en ligne | RMC\" \/>\n<meta property=\"og:description\" content=\"Offre-lui ! Ce Katana Ninja sarbacane Ninjato au meilleur prix - Lame acier - Sarbacane fonctionnelle fix\u00e9 sur fourreau - 12 aiguilles - Longueur : 106 cm\" \/>\n<meta property=\"og:url\" content=\"https:\/\/repliquemangacine.fr\/de\/katana-dekoration\/katana-ninja-blasrohr-ninjato\/\" \/>\n<meta property=\"og:site_name\" content=\"R\u00e9plique Manga Cin\u00e9\" \/>\n<meta property=\"article:publisher\" content=\"https:\/\/www.facebook.com\/RepliqueMangaCine\" \/>\n<meta property=\"article:modified_time\" content=\"2026-02-20T16:15:16+00:00\" \/>\n<meta property=\"og:image\" content=\"https:\/\/repliquemangacine.fr\/wp-content\/uploads\/2023\/10\/1513-Katana-Ninja-sarbacane-Ninjato.jpg\" \/>\n\t<meta property=\"og:image:width\" content=\"800\" \/>\n\t<meta property=\"og:image:height\" content=\"800\" \/>\n\t<meta property=\"og:image:type\" content=\"image\/jpeg\" \/>\n<meta name=\"twitter:card\" content=\"summary_large_image\" \/>\n<meta name=\"twitter:label1\" content=\"Gesch\u00e4tzte Lesezeit\" \/>\n\t<meta name=\"twitter:data1\" content=\"1\u00a0Minute\" \/>\n<script type=\"application\/ld+json\" class=\"yoast-schema-graph\">{\"@context\":\"https:\\\/\\\/schema.org\",\"@graph\":[{\"@type\":\"WebPage\",\"@id\":\"https:\\\/\\\/repliquemangacine.fr\\\/katana-decoration\\\/katana-ninja-sarbacane-ninjato\\\/\",\"url\":\"https:\\\/\\\/repliquemangacine.fr\\\/katana-decoration\\\/katana-ninja-sarbacane-ninjato\\\/\",\"name\":\"Katana Ninja sarbacane Ninjato - Boutique en ligne | RMC\",\"isPartOf\":{\"@id\":\"https:\\\/\\\/repliquemangacine.fr\\\/#website\"},\"primaryImageOfPage\":{\"@id\":\"https:\\\/\\\/repliquemangacine.fr\\\/katana-decoration\\\/katana-ninja-sarbacane-ninjato\\\/#primaryimage\"},\"image\":{\"@id\":\"https:\\\/\\\/repliquemangacine.fr\\\/katana-decoration\\\/katana-ninja-sarbacane-ninjato\\\/#primaryimage\"},\"thumbnailUrl\":\"https:\\\/\\\/repliquemangacine.fr\\\/wp-content\\\/uploads\\\/2023\\\/10\\\/1513-Katana-Ninja-sarbacane-Ninjato.jpg\",\"datePublished\":\"2017-01-17T15:43:56+00:00\",\"dateModified\":\"2026-02-20T16:15:16+00:00\",\"description\":\"Offre-lui ! Ce Katana Ninja sarbacane Ninjato au meilleur prix - Lame acier - Sarbacane fonctionnelle fix\u00e9 sur fourreau - 12 aiguilles - Longueur : 106 cm\",\"breadcrumb\":{\"@id\":\"https:\\\/\\\/repliquemangacine.fr\\\/katana-decoration\\\/katana-ninja-sarbacane-ninjato\\\/#breadcrumb\"},\"inLanguage\":\"de\",\"potentialAction\":[{\"@type\":\"ReadAction\",\"target\":[\"https:\\\/\\\/repliquemangacine.fr\\\/katana-decoration\\\/katana-ninja-sarbacane-ninjato\\\/\"]}]},{\"@type\":\"ImageObject\",\"inLanguage\":\"de\",\"@id\":\"https:\\\/\\\/repliquemangacine.fr\\\/katana-decoration\\\/katana-ninja-sarbacane-ninjato\\\/#primaryimage\",\"url\":\"https:\\\/\\\/repliquemangacine.fr\\\/wp-content\\\/uploads\\\/2023\\\/10\\\/1513-Katana-Ninja-sarbacane-Ninjato.jpg\",\"contentUrl\":\"https:\\\/\\\/repliquemangacine.fr\\\/wp-content\\\/uploads\\\/2023\\\/10\\\/1513-Katana-Ninja-sarbacane-Ninjato.jpg\",\"width\":800,\"height\":800,\"caption\":\"Katana Ninja sarbacane - Ninjato\"},{\"@type\":\"BreadcrumbList\",\"@id\":\"https:\\\/\\\/repliquemangacine.fr\\\/katana-decoration\\\/katana-ninja-sarbacane-ninjato\\\/#breadcrumb\",\"itemListElement\":[{\"@type\":\"ListItem\",\"position\":1,\"name\":\"Accueil\",\"item\":\"https:\\\/\\\/repliquemangacine.fr\\\/\"},{\"@type\":\"ListItem\",\"position\":2,\"name\":\"Produits\",\"item\":\"https:\\\/\\\/repliquemangacine.fr\\\/boutique\\\/\"},{\"@type\":\"ListItem\",\"position\":3,\"name\":\"Katana Ninja sarbacane Ninjato\"}]},{\"@type\":\"WebSite\",\"@id\":\"https:\\\/\\\/repliquemangacine.fr\\\/#website\",\"url\":\"https:\\\/\\\/repliquemangacine.fr\\\/\",\"name\":\"R\u00e9plique Manga Cin\u00e9\",\"description\":\"\",\"publisher\":{\"@id\":\"https:\\\/\\\/repliquemangacine.fr\\\/#organization\"},\"potentialAction\":[{\"@type\":\"SearchAction\",\"target\":{\"@type\":\"EntryPoint\",\"urlTemplate\":\"https:\\\/\\\/repliquemangacine.fr\\\/?s={search_term_string}\"},\"query-input\":{\"@type\":\"PropertyValueSpecification\",\"valueRequired\":true,\"valueName\":\"search_term_string\"}}],\"inLanguage\":\"de\"},{\"@type\":\"Organization\",\"@id\":\"https:\\\/\\\/repliquemangacine.fr\\\/#organization\",\"name\":\"R\u00e9plique Manga Cin\u00e9\",\"url\":\"https:\\\/\\\/repliquemangacine.fr\\\/\",\"logo\":{\"@type\":\"ImageObject\",\"inLanguage\":\"de\",\"@id\":\"https:\\\/\\\/repliquemangacine.fr\\\/#\\\/schema\\\/logo\\\/image\\\/\",\"url\":\"https:\\\/\\\/repliquemangacine.fr\\\/wp-content\\\/uploads\\\/2023\\\/10\\\/RMC-500250.png\",\"contentUrl\":\"https:\\\/\\\/repliquemangacine.fr\\\/wp-content\\\/uploads\\\/2023\\\/10\\\/RMC-500250.png\",\"width\":500,\"height\":250,\"caption\":\"R\u00e9plique Manga Cin\u00e9\"},\"image\":{\"@id\":\"https:\\\/\\\/repliquemangacine.fr\\\/#\\\/schema\\\/logo\\\/image\\\/\"},\"sameAs\":[\"https:\\\/\\\/www.facebook.com\\\/RepliqueMangaCine\",\"https:\\\/\\\/www.instagram.com\\\/repliquemangacine.fr\\\/\"]}]}<\/script>\n<!-- \/ Yoast SEO plugin. -->","yoast_head_json":{"title":"Katana Ninja Blasrohr Ninjato - Online-Shop | RMC","description":"Biete es ihm an! Dieses Katana Ninja Blasrohr Ninjato zum besten Preis - Stahlklinge - Funktionelles Blasrohr in Scheide befestigt - 12 Nadeln - L\u00e4nge: 106 cm","robots":{"index":"index","follow":"follow","max-snippet":"max-snippet:-1","max-image-preview":"max-image-preview:large","max-video-preview":"max-video-preview:-1"},"canonical":"https:\/\/repliquemangacine.fr\/de\/katana-dekoration\/katana-ninja-blasrohr-ninjato\/","og_locale":"de_DE","og_type":"article","og_title":"Katana Ninja sarbacane Ninjato - Boutique en ligne | RMC","og_description":"Offre-lui ! Ce Katana Ninja sarbacane Ninjato au meilleur prix - Lame acier - Sarbacane fonctionnelle fix\u00e9 sur fourreau - 12 aiguilles - Longueur : 106 cm","og_url":"https:\/\/repliquemangacine.fr\/de\/katana-dekoration\/katana-ninja-blasrohr-ninjato\/","og_site_name":"R\u00e9plique Manga Cin\u00e9","article_publisher":"https:\/\/www.facebook.com\/RepliqueMangaCine","article_modified_time":"2026-02-20T16:15:16+00:00","og_image":[{"width":800,"height":800,"url":"https:\/\/repliquemangacine.fr\/wp-content\/uploads\/2023\/10\/1513-Katana-Ninja-sarbacane-Ninjato.jpg","type":"image\/jpeg"}],"twitter_card":"summary_large_image","twitter_misc":{"Gesch\u00e4tzte Lesezeit":"1\u00a0Minute"},"schema":{"@context":"https:\/\/schema.org","@graph":[{"@type":"WebPage","@id":"https:\/\/repliquemangacine.fr\/katana-decoration\/katana-ninja-sarbacane-ninjato\/","url":"https:\/\/repliquemangacine.fr\/katana-decoration\/katana-ninja-sarbacane-ninjato\/","name":"Katana Ninja Blasrohr Ninjato - Online-Shop | RMC","isPartOf":{"@id":"https:\/\/repliquemangacine.fr\/#website"},"primaryImageOfPage":{"@id":"https:\/\/repliquemangacine.fr\/katana-decoration\/katana-ninja-sarbacane-ninjato\/#primaryimage"},"image":{"@id":"https:\/\/repliquemangacine.fr\/katana-decoration\/katana-ninja-sarbacane-ninjato\/#primaryimage"},"thumbnailUrl":"https:\/\/repliquemangacine.fr\/wp-content\/uploads\/2023\/10\/1513-Katana-Ninja-sarbacane-Ninjato.jpg","datePublished":"2017-01-17T15:43:56+00:00","dateModified":"2026-02-20T16:15:16+00:00","description":"Biete es ihm an! Dieses Katana Ninja Blasrohr Ninjato zum besten Preis - Stahlklinge - Funktionelles Blasrohr in Scheide befestigt - 12 Nadeln - L\u00e4nge: 106 cm","breadcrumb":{"@id":"https:\/\/repliquemangacine.fr\/katana-decoration\/katana-ninja-sarbacane-ninjato\/#breadcrumb"},"inLanguage":"de","potentialAction":[{"@type":"ReadAction","target":["https:\/\/repliquemangacine.fr\/katana-decoration\/katana-ninja-sarbacane-ninjato\/"]}]},{"@type":"ImageObject","inLanguage":"de","@id":"https:\/\/repliquemangacine.fr\/katana-decoration\/katana-ninja-sarbacane-ninjato\/#primaryimage","url":"https:\/\/repliquemangacine.fr\/wp-content\/uploads\/2023\/10\/1513-Katana-Ninja-sarbacane-Ninjato.jpg","contentUrl":"https:\/\/repliquemangacine.fr\/wp-content\/uploads\/2023\/10\/1513-Katana-Ninja-sarbacane-Ninjato.jpg","width":800,"height":800,"caption":"Katana Ninja sarbacane - Ninjato"},{"@type":"BreadcrumbList","@id":"https:\/\/repliquemangacine.fr\/katana-decoration\/katana-ninja-sarbacane-ninjato\/#breadcrumb","itemListElement":[{"@type":"ListItem","position":1,"name":"Accueil","item":"https:\/\/repliquemangacine.fr\/"},{"@type":"ListItem","position":2,"name":"Produits","item":"https:\/\/repliquemangacine.fr\/boutique\/"},{"@type":"ListItem","position":3,"name":"Katana Ninja sarbacane Ninjato"}]},{"@type":"WebSite","@id":"https:\/\/repliquemangacine.fr\/#website","url":"https:\/\/repliquemangacine.fr\/","name":"R\u00e9plique Manga Cin\u00e9","description":"","publisher":{"@id":"https:\/\/repliquemangacine.fr\/#organization"},"potentialAction":[{"@type":"SearchAction","target":{"@type":"EntryPoint","urlTemplate":"https:\/\/repliquemangacine.fr\/?s={search_term_string}"},"query-input":{"@type":"PropertyValueSpecification","valueRequired":true,"valueName":"search_term_string"}}],"inLanguage":"de"},{"@type":"Organization","@id":"https:\/\/repliquemangacine.fr\/#organization","name":"R\u00e9plique Manga Cin\u00e9","url":"https:\/\/repliquemangacine.fr\/","logo":{"@type":"ImageObject","inLanguage":"de","@id":"https:\/\/repliquemangacine.fr\/#\/schema\/logo\/image\/","url":"https:\/\/repliquemangacine.fr\/wp-content\/uploads\/2023\/10\/RMC-500250.png","contentUrl":"https:\/\/repliquemangacine.fr\/wp-content\/uploads\/2023\/10\/RMC-500250.png","width":500,"height":250,"caption":"R\u00e9plique Manga Cin\u00e9"},"image":{"@id":"https:\/\/repliquemangacine.fr\/#\/schema\/logo\/image\/"},"sameAs":["https:\/\/www.facebook.com\/RepliqueMangaCine","https:\/\/www.instagram.com\/repliquemangacine.fr\/"]}]}},"_links":{"self":[{"href":"https:\/\/repliquemangacine.fr\/de\/wp-json\/wp\/v2\/product\/26804","targetHints":{"allow":["GET"]}}],"collection":[{"href":"https:\/\/repliquemangacine.fr\/de\/wp-json\/wp\/v2\/product"}],"about":[{"href":"https:\/\/repliquemangacine.fr\/de\/wp-json\/wp\/v2\/types\/product"}],"wp:featuredmedia":[{"embeddable":true,"href":"https:\/\/repliquemangacine.fr\/de\/wp-json\/wp\/v2\/media\/26805"}],"wp:attachment":[{"href":"https:\/\/repliquemangacine.fr\/de\/wp-json\/wp\/v2\/media?parent=26804"}],"wp:term":[{"taxonomy":"product_brand","embeddable":true,"href":"https:\/\/repliquemangacine.fr\/de\/wp-json\/wp\/v2\/product_brand?post=26804"},{"taxonomy":"product_cat","embeddable":true,"href":"https:\/\/repliquemangacine.fr\/de\/wp-json\/wp\/v2\/product_cat?post=26804"},{"taxonomy":"product_tag","embeddable":true,"href":"https:\/\/repliquemangacine.fr\/de\/wp-json\/wp\/v2\/product_tag?post=26804"}],"curies":[{"name":"wp","href":"https:\/\/api.w.org\/{rel}","templated":true}]}}