





{"id":26786,"date":"2017-01-16T22:52:46","date_gmt":"2017-01-16T21:52:46","guid":{"rendered":"https:\/\/repliquemangacine.fr\/?post_type=product&#038;p=26786"},"modified":"2026-02-27T09:39:04","modified_gmt":"2026-02-27T08:39:04","slug":"schneidkatana-schmiedeklinge-maru","status":"publish","type":"product","link":"https:\/\/repliquemangacine.fr\/de\/katana-forge\/katana-de-coupe-forge-lame-maru\/","title":{"rendered":"Geschmiedetes Schnitt-Katana"},"content":{"rendered":"<h2>Geschmiedetes Schnitt-Katana Bushido<\/h2>\n<p>Zu Beginn wird der <strong>Geschmiedetes Schnitt-Katana<\/strong> wird nach der Technik eines Schmiedemeisters hergestellt.<\/p>\n<p>Das Katana ist das beliebteste japanische Schwert. Es wurde von den japanischen Samurai getragen und hat mehrere Generationen \u00fcberdauert. Aus diesem Grund gibt es <a href=\"https:\/\/www.japan.travel\/fr\/spot\/1669\/\" target=\"_blank\" rel=\"noopener noreferrer\">Museen in Japan<\/a>.<\/p>\n<p>Beginnen wir mit den Klingen. Es ist wichtig zu wissen, wof\u00fcr Sie Ihr Katana verwenden m\u00f6chten.<\/p>\n<ul>\n<li>F\u00fcr Anf\u00e4nger ist der Stahl 1045 (0,45% Kohlenstoff) vorgesehen, der f\u00fcr die Einf\u00fchrung in das Schneiden von weichen Gegenst\u00e4nden vorgesehen ist.<\/li>\n<li>Zum Trainieren des Schneidens ist der Stahl 1060 (0,60% Kohlenstoff) ideal f\u00fcr traditionelle Medien.<\/li>\n<li>F\u00fcr den intensiven Gebrauch ist der Stahl 1095 (0,95% Kohlenstoff) nur f\u00fcr versierte Personen auf Tatamis oder gr\u00fcnem Bambus geeignet.<\/li>\n<\/ul>\n<h2>Ihr geschmiedetes Kelch-Katana zum besten Preis.<\/h2>\n<p>Wir bieten Ihnen eine gro\u00dfe Auswahl an japanischen Schwertern f\u00fcr Ihr Training, aber auch zu Dekorationszwecken.<\/p>\n<p>Zun\u00e4chst einmal,<\/p>\n<ul>\n<li>Die <a href=\"https:\/\/repliquemangacine.fr\/de\/katana-demon-slayer\/katana-schmiede-tanjiro-kamado\/\">scharfes Katana Tanjir\u014d Kamado<\/a> im Manga Demon Slayer handgeschmiedete Version.<\/li>\n<li>Aber auch das <a href=\"https:\/\/repliquemangacine.fr\/de\/katana-schmiede\/katana-samourai-forge-1045\/\">Samurai-Katana<\/a> zum Schneiden zu trainieren.<\/li>\n<li>Und viele andere, die es in unserem Online-Shop zu entdecken gibt!<\/li>\n<\/ul>\n<p>Deshalb ist dies eine tolle Geschenkidee f\u00fcr Kampfsportliebhaber.<\/p>\n<p>Sie k\u00f6nnen auch diesen <strong>Geschmiedetes Schnitt-Katana<\/strong> F\u00fcr Ihre ersten Versuche beim Schnitzen oder f\u00fcr Ihre Sammlung. Vor allem aber ist dieses scharfe Messer auch ein Sammler- und Dekorationsst\u00fcck.<\/p>\n<p>R\u00e9plique Manga Cin\u00e9 ist ein franz\u00f6sisches Familienunternehmen.<\/p>\n<h2>Wie pflegt man die Klinge seines Katanas?<\/h2>\n<p>Sammler- und Dekorations-Katanas werden auf vereinfachte Weise hergestellt und zusammengesetzt. Da sie nur zu Dekorationszwecken dienen, verf\u00fcgen sie nicht \u00fcber die Sicherheitsmerkmale, die f\u00fcr ein japanisches Schwert zum Training erforderlich sind.<\/p>\n<p>Allerdings ist Ihr <strong>Geschmiedetes Schnitt-Katana<\/strong> zu einer Stahlklinge, die gepflegt werden muss, damit sie nicht mit der Zeit abgenutzt wird. Wenn du dein Schwert n\u00e4mlich ausstellst, werden deine Freunde neugierig sein, die Klinge zu sehen und sie zu ber\u00fchren. Hier ist Vorsicht geboten, denn Sie sollten wissen, dass die S\u00e4ure der Finger dem Stahl unabh\u00e4ngig von seiner Qualit\u00e4t sehr schadet.<\/p>\n<p>Sollte dies dennoch passieren, keine Panik, Sie brauchen nur ein mit etwas \u00d6l befeuchtetes Tuch und wischen Sie die Fingerabdr\u00fccke ab. Auf diese Weise bleibt Ihr Katana sehr lange erhalten.<\/p>","protected":false},"excerpt":{"rendered":"<p>Handwerkliche Herstellung nach der Technik eines Meisterschmieds.<\/p>\n<ul>\n<li>Klinge mit scharfer Kehle aus geschmiedetem 1045er Stahl.<\/li>\n<li>Schmiede Maru.<\/li>\n<li>Abschreckungslinie.<\/li>\n<li>Schwarz lackierte Scheide.<\/li>\n<li>Griff mit wei\u00dfem Baumwollgeflecht umwickelt.<\/li>\n<li>Tsuba aus Stahl.<\/li>\n<li>F\u00fcr die Wartung abnehmbar.<\/li>\n<li>L\u00e4nge der Klinge: 70 cm - Gesamtl\u00e4nge: 103 cm<\/li>\n<\/ul>","protected":false},"featured_media":26787,"template":"","meta":[],"product_brand":[896],"product_cat":[26,38],"product_tag":[],"class_list":{"0":"post-26786","1":"product","2":"type-product","3":"status-publish","4":"has-post-thumbnail","6":"product_brand-replique-manga-cine","7":"product_cat-katana-epee","8":"product_cat-katana-forge","10":"first","11":"outofstock","12":"taxable","13":"shipping-taxable","14":"purchasable","15":"product-type-simple"},"yoast_head":"<!-- This site is optimized with the Yoast SEO plugin v27.5 - https:\/\/yoast.com\/product\/yoast-seo-wordpress\/ -->\n<title>Katana de Coupe Forg\u00e9 - Sabre tranchant - R\u00e9plique Manga Cin\u00e9<\/title>\n<meta name=\"description\" content=\"Offre-lui ! Ce Katana de Coupe Forg\u00e9 au meilleur prix - Lame acier Maru tranchante avec gorge - Garde acier d\u00e9cor\u00e9e - Longueur totale : 103 cm\" \/>\n<meta name=\"robots\" content=\"index, follow, max-snippet:-1, max-image-preview:large, max-video-preview:-1\" \/>\n<link rel=\"canonical\" href=\"https:\/\/repliquemangacine.fr\/de\/katana-schmiede\/schneidkatana-schmiedeklinge-maru\/\" \/>\n<meta property=\"og:locale\" content=\"de_DE\" \/>\n<meta property=\"og:type\" content=\"article\" \/>\n<meta property=\"og:title\" content=\"Katana de Coupe Forg\u00e9 - Sabre tranchant - R\u00e9plique Manga Cin\u00e9\" \/>\n<meta property=\"og:description\" content=\"Offre-lui ! Ce Katana de Coupe Forg\u00e9 au meilleur prix - Lame acier Maru tranchante avec gorge - Garde acier d\u00e9cor\u00e9e - Longueur totale : 103 cm\" \/>\n<meta property=\"og:url\" content=\"https:\/\/repliquemangacine.fr\/de\/katana-schmiede\/schneidkatana-schmiedeklinge-maru\/\" \/>\n<meta property=\"og:site_name\" content=\"R\u00e9plique Manga Cin\u00e9\" \/>\n<meta property=\"article:publisher\" content=\"https:\/\/www.facebook.com\/RepliqueMangaCine\" \/>\n<meta property=\"article:modified_time\" content=\"2026-02-27T08:39:04+00:00\" \/>\n<meta property=\"og:image\" content=\"https:\/\/repliquemangacine.fr\/wp-content\/uploads\/2023\/10\/1495-Katana-de-coupe-Lame-Maru.jpg\" \/>\n\t<meta property=\"og:image:width\" content=\"800\" \/>\n\t<meta property=\"og:image:height\" content=\"800\" \/>\n\t<meta property=\"og:image:type\" content=\"image\/jpeg\" \/>\n<meta name=\"twitter:card\" content=\"summary_large_image\" \/>\n<meta name=\"twitter:label1\" content=\"Gesch\u00e4tzte Lesezeit\" \/>\n\t<meta name=\"twitter:data1\" content=\"1\u00a0Minute\" \/>\n<script type=\"application\/ld+json\" class=\"yoast-schema-graph\">{\"@context\":\"https:\\\/\\\/schema.org\",\"@graph\":[{\"@type\":\"WebPage\",\"@id\":\"https:\\\/\\\/repliquemangacine.fr\\\/katana-forge\\\/katana-de-coupe-forge-lame-maru\\\/\",\"url\":\"https:\\\/\\\/repliquemangacine.fr\\\/katana-forge\\\/katana-de-coupe-forge-lame-maru\\\/\",\"name\":\"Katana de Coupe Forg\u00e9 - Sabre tranchant - R\u00e9plique Manga Cin\u00e9\",\"isPartOf\":{\"@id\":\"https:\\\/\\\/repliquemangacine.fr\\\/#website\"},\"primaryImageOfPage\":{\"@id\":\"https:\\\/\\\/repliquemangacine.fr\\\/katana-forge\\\/katana-de-coupe-forge-lame-maru\\\/#primaryimage\"},\"image\":{\"@id\":\"https:\\\/\\\/repliquemangacine.fr\\\/katana-forge\\\/katana-de-coupe-forge-lame-maru\\\/#primaryimage\"},\"thumbnailUrl\":\"https:\\\/\\\/repliquemangacine.fr\\\/wp-content\\\/uploads\\\/2023\\\/10\\\/1495-Katana-de-coupe-Lame-Maru.jpg\",\"datePublished\":\"2017-01-16T21:52:46+00:00\",\"dateModified\":\"2026-02-27T08:39:04+00:00\",\"description\":\"Offre-lui ! Ce Katana de Coupe Forg\u00e9 au meilleur prix - Lame acier Maru tranchante avec gorge - Garde acier d\u00e9cor\u00e9e - Longueur totale : 103 cm\",\"breadcrumb\":{\"@id\":\"https:\\\/\\\/repliquemangacine.fr\\\/katana-forge\\\/katana-de-coupe-forge-lame-maru\\\/#breadcrumb\"},\"inLanguage\":\"de\",\"potentialAction\":[{\"@type\":\"ReadAction\",\"target\":[\"https:\\\/\\\/repliquemangacine.fr\\\/katana-forge\\\/katana-de-coupe-forge-lame-maru\\\/\"]}]},{\"@type\":\"ImageObject\",\"inLanguage\":\"de\",\"@id\":\"https:\\\/\\\/repliquemangacine.fr\\\/katana-forge\\\/katana-de-coupe-forge-lame-maru\\\/#primaryimage\",\"url\":\"https:\\\/\\\/repliquemangacine.fr\\\/wp-content\\\/uploads\\\/2023\\\/10\\\/1495-Katana-de-coupe-Lame-Maru.jpg\",\"contentUrl\":\"https:\\\/\\\/repliquemangacine.fr\\\/wp-content\\\/uploads\\\/2023\\\/10\\\/1495-Katana-de-coupe-Lame-Maru.jpg\",\"width\":800,\"height\":800,\"caption\":\"Katana de coupe - Lame Maru\"},{\"@type\":\"BreadcrumbList\",\"@id\":\"https:\\\/\\\/repliquemangacine.fr\\\/katana-forge\\\/katana-de-coupe-forge-lame-maru\\\/#breadcrumb\",\"itemListElement\":[{\"@type\":\"ListItem\",\"position\":1,\"name\":\"Accueil\",\"item\":\"https:\\\/\\\/repliquemangacine.fr\\\/\"},{\"@type\":\"ListItem\",\"position\":2,\"name\":\"Produits\",\"item\":\"https:\\\/\\\/repliquemangacine.fr\\\/boutique\\\/\"},{\"@type\":\"ListItem\",\"position\":3,\"name\":\"Katana de Coupe Forg\u00e9\"}]},{\"@type\":\"WebSite\",\"@id\":\"https:\\\/\\\/repliquemangacine.fr\\\/#website\",\"url\":\"https:\\\/\\\/repliquemangacine.fr\\\/\",\"name\":\"R\u00e9plique Manga Cin\u00e9\",\"description\":\"\",\"publisher\":{\"@id\":\"https:\\\/\\\/repliquemangacine.fr\\\/#organization\"},\"potentialAction\":[{\"@type\":\"SearchAction\",\"target\":{\"@type\":\"EntryPoint\",\"urlTemplate\":\"https:\\\/\\\/repliquemangacine.fr\\\/?s={search_term_string}\"},\"query-input\":{\"@type\":\"PropertyValueSpecification\",\"valueRequired\":true,\"valueName\":\"search_term_string\"}}],\"inLanguage\":\"de\"},{\"@type\":\"Organization\",\"@id\":\"https:\\\/\\\/repliquemangacine.fr\\\/#organization\",\"name\":\"R\u00e9plique Manga Cin\u00e9\",\"url\":\"https:\\\/\\\/repliquemangacine.fr\\\/\",\"logo\":{\"@type\":\"ImageObject\",\"inLanguage\":\"de\",\"@id\":\"https:\\\/\\\/repliquemangacine.fr\\\/#\\\/schema\\\/logo\\\/image\\\/\",\"url\":\"https:\\\/\\\/repliquemangacine.fr\\\/wp-content\\\/uploads\\\/2023\\\/10\\\/RMC-500250.png\",\"contentUrl\":\"https:\\\/\\\/repliquemangacine.fr\\\/wp-content\\\/uploads\\\/2023\\\/10\\\/RMC-500250.png\",\"width\":500,\"height\":250,\"caption\":\"R\u00e9plique Manga Cin\u00e9\"},\"image\":{\"@id\":\"https:\\\/\\\/repliquemangacine.fr\\\/#\\\/schema\\\/logo\\\/image\\\/\"},\"sameAs\":[\"https:\\\/\\\/www.facebook.com\\\/RepliqueMangaCine\",\"https:\\\/\\\/www.instagram.com\\\/repliquemangacine.fr\\\/\"]}]}<\/script>\n<!-- \/ Yoast SEO plugin. -->","yoast_head_json":{"title":"Geschmiedetes Schnitt-Katana - Scharfes Schwert - R\u00e9plique Manga Cin\u00e9","description":"Biete es ihm an! Dieses geschmiedete Kelch-Katana zum besten Preis - Scharfe Maru-Stahlklinge mit Hohlkehle - Verzierter Stahlschutz - Gesamtl\u00e4nge: 103 cm","robots":{"index":"index","follow":"follow","max-snippet":"max-snippet:-1","max-image-preview":"max-image-preview:large","max-video-preview":"max-video-preview:-1"},"canonical":"https:\/\/repliquemangacine.fr\/de\/katana-schmiede\/schneidkatana-schmiedeklinge-maru\/","og_locale":"de_DE","og_type":"article","og_title":"Katana de Coupe Forg\u00e9 - Sabre tranchant - R\u00e9plique Manga Cin\u00e9","og_description":"Offre-lui ! Ce Katana de Coupe Forg\u00e9 au meilleur prix - Lame acier Maru tranchante avec gorge - Garde acier d\u00e9cor\u00e9e - Longueur totale : 103 cm","og_url":"https:\/\/repliquemangacine.fr\/de\/katana-schmiede\/schneidkatana-schmiedeklinge-maru\/","og_site_name":"R\u00e9plique Manga Cin\u00e9","article_publisher":"https:\/\/www.facebook.com\/RepliqueMangaCine","article_modified_time":"2026-02-27T08:39:04+00:00","og_image":[{"width":800,"height":800,"url":"https:\/\/repliquemangacine.fr\/wp-content\/uploads\/2023\/10\/1495-Katana-de-coupe-Lame-Maru.jpg","type":"image\/jpeg"}],"twitter_card":"summary_large_image","twitter_misc":{"Gesch\u00e4tzte Lesezeit":"1\u00a0Minute"},"schema":{"@context":"https:\/\/schema.org","@graph":[{"@type":"WebPage","@id":"https:\/\/repliquemangacine.fr\/katana-forge\/katana-de-coupe-forge-lame-maru\/","url":"https:\/\/repliquemangacine.fr\/katana-forge\/katana-de-coupe-forge-lame-maru\/","name":"Geschmiedetes Schnitt-Katana - Scharfes Schwert - R\u00e9plique Manga Cin\u00e9","isPartOf":{"@id":"https:\/\/repliquemangacine.fr\/#website"},"primaryImageOfPage":{"@id":"https:\/\/repliquemangacine.fr\/katana-forge\/katana-de-coupe-forge-lame-maru\/#primaryimage"},"image":{"@id":"https:\/\/repliquemangacine.fr\/katana-forge\/katana-de-coupe-forge-lame-maru\/#primaryimage"},"thumbnailUrl":"https:\/\/repliquemangacine.fr\/wp-content\/uploads\/2023\/10\/1495-Katana-de-coupe-Lame-Maru.jpg","datePublished":"2017-01-16T21:52:46+00:00","dateModified":"2026-02-27T08:39:04+00:00","description":"Biete es ihm an! Dieses geschmiedete Kelch-Katana zum besten Preis - Scharfe Maru-Stahlklinge mit Hohlkehle - Verzierter Stahlschutz - Gesamtl\u00e4nge: 103 cm","breadcrumb":{"@id":"https:\/\/repliquemangacine.fr\/katana-forge\/katana-de-coupe-forge-lame-maru\/#breadcrumb"},"inLanguage":"de","potentialAction":[{"@type":"ReadAction","target":["https:\/\/repliquemangacine.fr\/katana-forge\/katana-de-coupe-forge-lame-maru\/"]}]},{"@type":"ImageObject","inLanguage":"de","@id":"https:\/\/repliquemangacine.fr\/katana-forge\/katana-de-coupe-forge-lame-maru\/#primaryimage","url":"https:\/\/repliquemangacine.fr\/wp-content\/uploads\/2023\/10\/1495-Katana-de-coupe-Lame-Maru.jpg","contentUrl":"https:\/\/repliquemangacine.fr\/wp-content\/uploads\/2023\/10\/1495-Katana-de-coupe-Lame-Maru.jpg","width":800,"height":800,"caption":"Katana de coupe - Lame Maru"},{"@type":"BreadcrumbList","@id":"https:\/\/repliquemangacine.fr\/katana-forge\/katana-de-coupe-forge-lame-maru\/#breadcrumb","itemListElement":[{"@type":"ListItem","position":1,"name":"Accueil","item":"https:\/\/repliquemangacine.fr\/"},{"@type":"ListItem","position":2,"name":"Produits","item":"https:\/\/repliquemangacine.fr\/boutique\/"},{"@type":"ListItem","position":3,"name":"Katana de Coupe Forg\u00e9"}]},{"@type":"WebSite","@id":"https:\/\/repliquemangacine.fr\/#website","url":"https:\/\/repliquemangacine.fr\/","name":"R\u00e9plique Manga Cin\u00e9","description":"","publisher":{"@id":"https:\/\/repliquemangacine.fr\/#organization"},"potentialAction":[{"@type":"SearchAction","target":{"@type":"EntryPoint","urlTemplate":"https:\/\/repliquemangacine.fr\/?s={search_term_string}"},"query-input":{"@type":"PropertyValueSpecification","valueRequired":true,"valueName":"search_term_string"}}],"inLanguage":"de"},{"@type":"Organization","@id":"https:\/\/repliquemangacine.fr\/#organization","name":"R\u00e9plique Manga Cin\u00e9","url":"https:\/\/repliquemangacine.fr\/","logo":{"@type":"ImageObject","inLanguage":"de","@id":"https:\/\/repliquemangacine.fr\/#\/schema\/logo\/image\/","url":"https:\/\/repliquemangacine.fr\/wp-content\/uploads\/2023\/10\/RMC-500250.png","contentUrl":"https:\/\/repliquemangacine.fr\/wp-content\/uploads\/2023\/10\/RMC-500250.png","width":500,"height":250,"caption":"R\u00e9plique Manga Cin\u00e9"},"image":{"@id":"https:\/\/repliquemangacine.fr\/#\/schema\/logo\/image\/"},"sameAs":["https:\/\/www.facebook.com\/RepliqueMangaCine","https:\/\/www.instagram.com\/repliquemangacine.fr\/"]}]}},"_links":{"self":[{"href":"https:\/\/repliquemangacine.fr\/de\/wp-json\/wp\/v2\/product\/26786","targetHints":{"allow":["GET"]}}],"collection":[{"href":"https:\/\/repliquemangacine.fr\/de\/wp-json\/wp\/v2\/product"}],"about":[{"href":"https:\/\/repliquemangacine.fr\/de\/wp-json\/wp\/v2\/types\/product"}],"wp:featuredmedia":[{"embeddable":true,"href":"https:\/\/repliquemangacine.fr\/de\/wp-json\/wp\/v2\/media\/26787"}],"wp:attachment":[{"href":"https:\/\/repliquemangacine.fr\/de\/wp-json\/wp\/v2\/media?parent=26786"}],"wp:term":[{"taxonomy":"product_brand","embeddable":true,"href":"https:\/\/repliquemangacine.fr\/de\/wp-json\/wp\/v2\/product_brand?post=26786"},{"taxonomy":"product_cat","embeddable":true,"href":"https:\/\/repliquemangacine.fr\/de\/wp-json\/wp\/v2\/product_cat?post=26786"},{"taxonomy":"product_tag","embeddable":true,"href":"https:\/\/repliquemangacine.fr\/de\/wp-json\/wp\/v2\/product_tag?post=26786"}],"curies":[{"name":"wp","href":"https:\/\/api.w.org\/{rel}","templated":true}]}}