





{"id":26776,"date":"2017-01-16T21:34:14","date_gmt":"2017-01-16T20:34:14","guid":{"rendered":"https:\/\/repliquemangacine.fr\/?post_type=product&#038;p=26776"},"modified":"2026-03-17T17:53:43","modified_gmt":"2026-03-17T16:53:43","slug":"katana-shirasaya-schmiede-damastklinge","status":"publish","type":"product","link":"https:\/\/repliquemangacine.fr\/de\/katana-forge\/katana-shirasaya-forge-lame-damas\/","title":{"rendered":"Shirasaya Geschmiedete Damastklinge"},"content":{"rendered":"<h2>Shirasaya Geschmiedete Damastklinge Fudoshin<\/h2>\n<p>Zu Beginn wird der <strong>Shirasaya Geschmiedete Damastklinge<\/strong>Die traditionelle, handwerkliche Herstellung nach althergebrachten Techniken des <a href=\"https:\/\/futuhazuki.wordpress.com\/le-sabre-de-musashi\/lignee-de-transmission\/\" target=\"_blank\" rel=\"noopener noreferrer\">Meister Masahiro<\/a>.<\/p>\n<p>Dieses Shirasaya verf\u00fcgt \u00fcber eine echte selektive H\u00e4rtung. H\u00e4rte von 60 Hrc an der Schneide und 40 Hrc am R\u00fccken der Klinge. Stahl: geschmiedeter 1095-Laminatstahl.<br \/>\nSchmiede: DAMAS (900 Stahlschichten).<strong><br \/>\n<\/strong><\/p>\n<p>Alle Katanas der Marke Fudoshin sind ausschlie\u00dflich f\u00fcr Dekorationszwecke oder zum \u00dcben des Schneidens auf Rollen aus geflochtenem Reisstroh reserviert. Wenn der K\u00e4ufer oder Besitzer dieses Produkts es f\u00fcr einen anderen Zweck verwendet, tr\u00e4gt er das volle Risiko und die volle Verantwortung, die sich aus dem Missbrauch dieses Produkts ergeben. <strong>Verkauf nur an vollj\u00e4hrige Personen.<\/strong><\/p>\n<h2>Ihre geschmiedete Shirasaya Damastklinge zum besten Preis.<\/h2>\n<p>Wir bieten Ihnen eine gro\u00dfe Auswahl an geschmiedeten Katanas f\u00fcr das Schneidetraining oder f\u00fcr Ihre Inneneinrichtung.<\/p>\n<p>Zun\u00e4chst einmal,<\/p>\n<ul>\n<li>Die <a href=\"https:\/\/repliquemangacine.fr\/de\/filme-tv-serien-verkauf-von-katana-schwertern-und-derivaten\/katana-schmiede-von-michonne\/\">Michonnes schneidendes Katana<\/a> in der Serie \"The Walking Dead\".<\/li>\n<li>Aber auch das <a href=\"https:\/\/repliquemangacine.fr\/de\/der-letzte-samurai\/katana-schmiedet-den-letzten-samurai\/\">Katana von Nathan Algren<\/a> in dem Film \"Der letzte Samurai\".<\/li>\n<li>Und viele andere, die es in unserem Online-Shop zu entdecken gibt!<\/li>\n<\/ul>\n<p>Deshalb ist dies eine gro\u00dfartige Geschenkidee f\u00fcr Liebhaber der Kampfk\u00fcnste.<\/p>\n<p>Abschlie\u00dfend k\u00f6nnen Sie auch diesen <strong>Shirasaya Geschmiedete Damastklinge<\/strong> f\u00fcr Ihr Deb\u00fct beim Schneiden oder f\u00fcr Ihre Sammlung. Vor allem aber ist es auch ein Sammler- und Dekorationsst\u00fcck<\/p>\n<h2><strong>Wie pflegt man die Klinge seines Katanas?<\/strong><\/h2>\n<p>Die geschmiedeten Katanas der Marke Fudoshin bieten Ihnen die Gewissheit einer au\u00dfergew\u00f6hnlichen Klingenqualit\u00e4t und Verarbeitung. Die Auswahl des Stahls, die Schmiedetechnik sowie das H\u00e4rten in Ton sorgen f\u00fcr Festigkeit, Flexibilit\u00e4t, Ausgewogenheit und eine makellose Sch\u00e4rfe aller Klingen.<\/p>\n<p>Allerdings ist Ihr <strong>Shirasaya Geschmiedete Damastklinge<\/strong> zu einer Stahlklinge, die gepflegt werden muss, damit sie nicht mit der Zeit abgenutzt wird. Wenn du dein Schwert n\u00e4mlich ausstellst, werden deine Freunde neugierig sein, die Klinge zu sehen und sie zu ber\u00fchren. Hier ist Vorsicht geboten, denn Sie sollten wissen, dass die S\u00e4ure der Finger dem Stahl unabh\u00e4ngig von seiner Qualit\u00e4t sehr schadet.<\/p>\n<p>Sollte dies dennoch passieren, keine Panik, Sie brauchen nur ein mit etwas \u00d6l befeuchtetes Tuch und wischen Sie die Fingerabdr\u00fccke ab. Auf diese Weise bleibt Ihr Katana sehr lange erhalten.<\/p>","protected":false},"excerpt":{"rendered":"<p>Handgefertigt, Shirasaya, vollst\u00e4ndig handgeschmiedet nach der Technik von Meister Masahiro.<\/p>\n<ul>\n<li>Sehr scharfe Klinge mit Hohlkehle aus geschmiedetem 1095er Blankstahl.<\/li>\n<li>Schmiede <strong>DAMAS. <\/strong><\/li>\n<li>Echte H\u00e4rtelinie.<\/li>\n<li>Saya und Tsuka aus lackiertem Naturholz.<\/li>\n<li>F\u00fcr die Wartung abnehmbar.<\/li>\n<li>Echtheitszertifikat<\/li>\n<li>Lieferung mit Schutzh\u00fclle und Pflegeanleitung<\/li>\n<\/ul>","protected":false},"featured_media":26777,"template":"","meta":[],"product_brand":[896],"product_cat":[26,38],"product_tag":[],"class_list":{"0":"post-26776","1":"product","2":"type-product","3":"status-publish","4":"has-post-thumbnail","6":"product_brand-replique-manga-cine","7":"product_cat-katana-epee","8":"product_cat-katana-forge","10":"first","11":"outofstock","12":"taxable","13":"shipping-taxable","14":"purchasable","15":"product-type-simple"},"yoast_head":"<!-- This site is optimized with the Yoast SEO plugin v27.5 - https:\/\/yoast.com\/product\/yoast-seo-wordpress\/ -->\n<title>Shirasaya forg\u00e9 Lame Damas - Fudoshin | R\u00e9plique Manga Cin\u00e9<\/title>\n<meta name=\"description\" content=\"Sublime Shirasaya forg\u00e9 Lame Damas au meilleur prix - Lame en acier feuillet\u00e9 - Forge DAMAS - Ligne de trempe - Fourreau et poign\u00e9e en bois naturel verni\" \/>\n<meta name=\"robots\" content=\"index, follow, max-snippet:-1, max-image-preview:large, max-video-preview:-1\" \/>\n<link rel=\"canonical\" href=\"https:\/\/repliquemangacine.fr\/de\/katana-schmiede\/katana-shirasaya-schmiede-damastklinge\/\" \/>\n<meta property=\"og:locale\" content=\"de_DE\" \/>\n<meta property=\"og:type\" content=\"article\" \/>\n<meta property=\"og:title\" content=\"Shirasaya forg\u00e9 Lame Damas - Fudoshin | R\u00e9plique Manga Cin\u00e9\" \/>\n<meta property=\"og:description\" content=\"Sublime Shirasaya forg\u00e9 Lame Damas au meilleur prix - Lame en acier feuillet\u00e9 - Forge DAMAS - Ligne de trempe - Fourreau et poign\u00e9e en bois naturel verni\" \/>\n<meta property=\"og:url\" content=\"https:\/\/repliquemangacine.fr\/de\/katana-schmiede\/katana-shirasaya-schmiede-damastklinge\/\" \/>\n<meta property=\"og:site_name\" content=\"R\u00e9plique Manga Cin\u00e9\" \/>\n<meta property=\"article:publisher\" content=\"https:\/\/www.facebook.com\/RepliqueMangaCine\" \/>\n<meta property=\"article:modified_time\" content=\"2026-03-17T16:53:43+00:00\" \/>\n<meta property=\"og:image\" content=\"https:\/\/repliquemangacine.fr\/wp-content\/uploads\/2023\/10\/1484-Katana-shirasaya-Damas.jpg\" \/>\n\t<meta property=\"og:image:width\" content=\"800\" \/>\n\t<meta property=\"og:image:height\" content=\"800\" \/>\n\t<meta property=\"og:image:type\" content=\"image\/jpeg\" \/>\n<meta name=\"twitter:card\" content=\"summary_large_image\" \/>\n<meta name=\"twitter:label1\" content=\"Gesch\u00e4tzte Lesezeit\" \/>\n\t<meta name=\"twitter:data1\" content=\"3\u00a0Minuten\" \/>\n<script type=\"application\/ld+json\" class=\"yoast-schema-graph\">{\"@context\":\"https:\\\/\\\/schema.org\",\"@graph\":[{\"@type\":\"WebPage\",\"@id\":\"https:\\\/\\\/repliquemangacine.fr\\\/katana-forge\\\/katana-shirasaya-forge-lame-damas\\\/\",\"url\":\"https:\\\/\\\/repliquemangacine.fr\\\/katana-forge\\\/katana-shirasaya-forge-lame-damas\\\/\",\"name\":\"Shirasaya forg\u00e9 Lame Damas - Fudoshin | R\u00e9plique Manga Cin\u00e9\",\"isPartOf\":{\"@id\":\"https:\\\/\\\/repliquemangacine.fr\\\/#website\"},\"primaryImageOfPage\":{\"@id\":\"https:\\\/\\\/repliquemangacine.fr\\\/katana-forge\\\/katana-shirasaya-forge-lame-damas\\\/#primaryimage\"},\"image\":{\"@id\":\"https:\\\/\\\/repliquemangacine.fr\\\/katana-forge\\\/katana-shirasaya-forge-lame-damas\\\/#primaryimage\"},\"thumbnailUrl\":\"https:\\\/\\\/repliquemangacine.fr\\\/wp-content\\\/uploads\\\/2023\\\/10\\\/1484-Katana-shirasaya-Damas.jpg\",\"datePublished\":\"2017-01-16T20:34:14+00:00\",\"dateModified\":\"2026-03-17T16:53:43+00:00\",\"description\":\"Sublime Shirasaya forg\u00e9 Lame Damas au meilleur prix - Lame en acier feuillet\u00e9 - Forge DAMAS - Ligne de trempe - Fourreau et poign\u00e9e en bois naturel verni\",\"breadcrumb\":{\"@id\":\"https:\\\/\\\/repliquemangacine.fr\\\/katana-forge\\\/katana-shirasaya-forge-lame-damas\\\/#breadcrumb\"},\"inLanguage\":\"de\",\"potentialAction\":[{\"@type\":\"ReadAction\",\"target\":[\"https:\\\/\\\/repliquemangacine.fr\\\/katana-forge\\\/katana-shirasaya-forge-lame-damas\\\/\"]}]},{\"@type\":\"ImageObject\",\"inLanguage\":\"de\",\"@id\":\"https:\\\/\\\/repliquemangacine.fr\\\/katana-forge\\\/katana-shirasaya-forge-lame-damas\\\/#primaryimage\",\"url\":\"https:\\\/\\\/repliquemangacine.fr\\\/wp-content\\\/uploads\\\/2023\\\/10\\\/1484-Katana-shirasaya-Damas.jpg\",\"contentUrl\":\"https:\\\/\\\/repliquemangacine.fr\\\/wp-content\\\/uploads\\\/2023\\\/10\\\/1484-Katana-shirasaya-Damas.jpg\",\"width\":800,\"height\":800,\"caption\":\"Katana shirasaya Damas\"},{\"@type\":\"BreadcrumbList\",\"@id\":\"https:\\\/\\\/repliquemangacine.fr\\\/katana-forge\\\/katana-shirasaya-forge-lame-damas\\\/#breadcrumb\",\"itemListElement\":[{\"@type\":\"ListItem\",\"position\":1,\"name\":\"Accueil\",\"item\":\"https:\\\/\\\/repliquemangacine.fr\\\/\"},{\"@type\":\"ListItem\",\"position\":2,\"name\":\"Produits\",\"item\":\"https:\\\/\\\/repliquemangacine.fr\\\/boutique\\\/\"},{\"@type\":\"ListItem\",\"position\":3,\"name\":\"Shirasaya Forg\u00e9 Lame Damas\"}]},{\"@type\":\"WebSite\",\"@id\":\"https:\\\/\\\/repliquemangacine.fr\\\/#website\",\"url\":\"https:\\\/\\\/repliquemangacine.fr\\\/\",\"name\":\"R\u00e9plique Manga Cin\u00e9\",\"description\":\"\",\"publisher\":{\"@id\":\"https:\\\/\\\/repliquemangacine.fr\\\/#organization\"},\"potentialAction\":[{\"@type\":\"SearchAction\",\"target\":{\"@type\":\"EntryPoint\",\"urlTemplate\":\"https:\\\/\\\/repliquemangacine.fr\\\/?s={search_term_string}\"},\"query-input\":{\"@type\":\"PropertyValueSpecification\",\"valueRequired\":true,\"valueName\":\"search_term_string\"}}],\"inLanguage\":\"de\"},{\"@type\":\"Organization\",\"@id\":\"https:\\\/\\\/repliquemangacine.fr\\\/#organization\",\"name\":\"R\u00e9plique Manga Cin\u00e9\",\"url\":\"https:\\\/\\\/repliquemangacine.fr\\\/\",\"logo\":{\"@type\":\"ImageObject\",\"inLanguage\":\"de\",\"@id\":\"https:\\\/\\\/repliquemangacine.fr\\\/#\\\/schema\\\/logo\\\/image\\\/\",\"url\":\"https:\\\/\\\/repliquemangacine.fr\\\/wp-content\\\/uploads\\\/2023\\\/10\\\/RMC-500250.png\",\"contentUrl\":\"https:\\\/\\\/repliquemangacine.fr\\\/wp-content\\\/uploads\\\/2023\\\/10\\\/RMC-500250.png\",\"width\":500,\"height\":250,\"caption\":\"R\u00e9plique Manga Cin\u00e9\"},\"image\":{\"@id\":\"https:\\\/\\\/repliquemangacine.fr\\\/#\\\/schema\\\/logo\\\/image\\\/\"},\"sameAs\":[\"https:\\\/\\\/www.facebook.com\\\/RepliqueMangaCine\",\"https:\\\/\\\/www.instagram.com\\\/repliquemangacine.fr\\\/\"]}]}<\/script>\n<!-- \/ Yoast SEO plugin. -->","yoast_head_json":{"title":"Shirasaya geschmiedet Damastklinge - Fudoshin | R\u00e9plique Manga Cin\u00e9","description":"Sublime Shirasaya geschmiedet Damaszener Klinge zum besten Preis - Klinge aus laminiertem Stahl - Schmiede DAMAS - H\u00e4rtelinie - Scheide und Griff aus lackiertem Naturholz","robots":{"index":"index","follow":"follow","max-snippet":"max-snippet:-1","max-image-preview":"max-image-preview:large","max-video-preview":"max-video-preview:-1"},"canonical":"https:\/\/repliquemangacine.fr\/de\/katana-schmiede\/katana-shirasaya-schmiede-damastklinge\/","og_locale":"de_DE","og_type":"article","og_title":"Shirasaya forg\u00e9 Lame Damas - Fudoshin | R\u00e9plique Manga Cin\u00e9","og_description":"Sublime Shirasaya forg\u00e9 Lame Damas au meilleur prix - Lame en acier feuillet\u00e9 - Forge DAMAS - Ligne de trempe - Fourreau et poign\u00e9e en bois naturel verni","og_url":"https:\/\/repliquemangacine.fr\/de\/katana-schmiede\/katana-shirasaya-schmiede-damastklinge\/","og_site_name":"R\u00e9plique Manga Cin\u00e9","article_publisher":"https:\/\/www.facebook.com\/RepliqueMangaCine","article_modified_time":"2026-03-17T16:53:43+00:00","og_image":[{"width":800,"height":800,"url":"https:\/\/repliquemangacine.fr\/wp-content\/uploads\/2023\/10\/1484-Katana-shirasaya-Damas.jpg","type":"image\/jpeg"}],"twitter_card":"summary_large_image","twitter_misc":{"Gesch\u00e4tzte Lesezeit":"3\u00a0Minuten"},"schema":{"@context":"https:\/\/schema.org","@graph":[{"@type":"WebPage","@id":"https:\/\/repliquemangacine.fr\/katana-forge\/katana-shirasaya-forge-lame-damas\/","url":"https:\/\/repliquemangacine.fr\/katana-forge\/katana-shirasaya-forge-lame-damas\/","name":"Shirasaya geschmiedet Damastklinge - Fudoshin | R\u00e9plique Manga Cin\u00e9","isPartOf":{"@id":"https:\/\/repliquemangacine.fr\/#website"},"primaryImageOfPage":{"@id":"https:\/\/repliquemangacine.fr\/katana-forge\/katana-shirasaya-forge-lame-damas\/#primaryimage"},"image":{"@id":"https:\/\/repliquemangacine.fr\/katana-forge\/katana-shirasaya-forge-lame-damas\/#primaryimage"},"thumbnailUrl":"https:\/\/repliquemangacine.fr\/wp-content\/uploads\/2023\/10\/1484-Katana-shirasaya-Damas.jpg","datePublished":"2017-01-16T20:34:14+00:00","dateModified":"2026-03-17T16:53:43+00:00","description":"Sublime Shirasaya geschmiedet Damaszener Klinge zum besten Preis - Klinge aus laminiertem Stahl - Schmiede DAMAS - H\u00e4rtelinie - Scheide und Griff aus lackiertem Naturholz","breadcrumb":{"@id":"https:\/\/repliquemangacine.fr\/katana-forge\/katana-shirasaya-forge-lame-damas\/#breadcrumb"},"inLanguage":"de","potentialAction":[{"@type":"ReadAction","target":["https:\/\/repliquemangacine.fr\/katana-forge\/katana-shirasaya-forge-lame-damas\/"]}]},{"@type":"ImageObject","inLanguage":"de","@id":"https:\/\/repliquemangacine.fr\/katana-forge\/katana-shirasaya-forge-lame-damas\/#primaryimage","url":"https:\/\/repliquemangacine.fr\/wp-content\/uploads\/2023\/10\/1484-Katana-shirasaya-Damas.jpg","contentUrl":"https:\/\/repliquemangacine.fr\/wp-content\/uploads\/2023\/10\/1484-Katana-shirasaya-Damas.jpg","width":800,"height":800,"caption":"Katana shirasaya Damas"},{"@type":"BreadcrumbList","@id":"https:\/\/repliquemangacine.fr\/katana-forge\/katana-shirasaya-forge-lame-damas\/#breadcrumb","itemListElement":[{"@type":"ListItem","position":1,"name":"Accueil","item":"https:\/\/repliquemangacine.fr\/"},{"@type":"ListItem","position":2,"name":"Produits","item":"https:\/\/repliquemangacine.fr\/boutique\/"},{"@type":"ListItem","position":3,"name":"Shirasaya Forg\u00e9 Lame Damas"}]},{"@type":"WebSite","@id":"https:\/\/repliquemangacine.fr\/#website","url":"https:\/\/repliquemangacine.fr\/","name":"R\u00e9plique Manga Cin\u00e9","description":"","publisher":{"@id":"https:\/\/repliquemangacine.fr\/#organization"},"potentialAction":[{"@type":"SearchAction","target":{"@type":"EntryPoint","urlTemplate":"https:\/\/repliquemangacine.fr\/?s={search_term_string}"},"query-input":{"@type":"PropertyValueSpecification","valueRequired":true,"valueName":"search_term_string"}}],"inLanguage":"de"},{"@type":"Organization","@id":"https:\/\/repliquemangacine.fr\/#organization","name":"R\u00e9plique Manga Cin\u00e9","url":"https:\/\/repliquemangacine.fr\/","logo":{"@type":"ImageObject","inLanguage":"de","@id":"https:\/\/repliquemangacine.fr\/#\/schema\/logo\/image\/","url":"https:\/\/repliquemangacine.fr\/wp-content\/uploads\/2023\/10\/RMC-500250.png","contentUrl":"https:\/\/repliquemangacine.fr\/wp-content\/uploads\/2023\/10\/RMC-500250.png","width":500,"height":250,"caption":"R\u00e9plique Manga Cin\u00e9"},"image":{"@id":"https:\/\/repliquemangacine.fr\/#\/schema\/logo\/image\/"},"sameAs":["https:\/\/www.facebook.com\/RepliqueMangaCine","https:\/\/www.instagram.com\/repliquemangacine.fr\/"]}]}},"_links":{"self":[{"href":"https:\/\/repliquemangacine.fr\/de\/wp-json\/wp\/v2\/product\/26776","targetHints":{"allow":["GET"]}}],"collection":[{"href":"https:\/\/repliquemangacine.fr\/de\/wp-json\/wp\/v2\/product"}],"about":[{"href":"https:\/\/repliquemangacine.fr\/de\/wp-json\/wp\/v2\/types\/product"}],"wp:featuredmedia":[{"embeddable":true,"href":"https:\/\/repliquemangacine.fr\/de\/wp-json\/wp\/v2\/media\/26777"}],"wp:attachment":[{"href":"https:\/\/repliquemangacine.fr\/de\/wp-json\/wp\/v2\/media?parent=26776"}],"wp:term":[{"taxonomy":"product_brand","embeddable":true,"href":"https:\/\/repliquemangacine.fr\/de\/wp-json\/wp\/v2\/product_brand?post=26776"},{"taxonomy":"product_cat","embeddable":true,"href":"https:\/\/repliquemangacine.fr\/de\/wp-json\/wp\/v2\/product_cat?post=26776"},{"taxonomy":"product_tag","embeddable":true,"href":"https:\/\/repliquemangacine.fr\/de\/wp-json\/wp\/v2\/product_tag?post=26776"}],"curies":[{"name":"wp","href":"https:\/\/api.w.org\/{rel}","templated":true}]}}