





{"id":26768,"date":"2017-01-12T18:40:16","date_gmt":"2017-01-12T17:40:16","guid":{"rendered":"https:\/\/repliquemangacine.fr\/?post_type=product&#038;p=26768"},"modified":"2026-04-29T15:46:46","modified_gmt":"2026-04-29T13:46:46","slug":"signaturdolch-rambo-6","status":"publish","type":"product","link":"https:\/\/repliquemangacine.fr\/de\/couteaux-rambo-poignard-john-rambo\/poignard-signature-rambo-6\/","title":{"rendered":"Signierter Stallone-Dolch"},"content":{"rendered":"<h2>Sonderausgabe Signaturdolch Rambo 6<\/h2>\n<p>Zu Beginn wird der <strong>Rambo 6 Signature Dagger<\/strong> ist eine Sonderausgabe von Master Cutlery. Es gibt zwar kein Echtheitszertifikat, aber die hohe Qualit\u00e4t des Dolches wird alle Fans begeistern, vor allem zu diesem Preis!<\/p>\n<p>Zun\u00e4chst einmal ist Rambo eine US-amerikanische Filmreihe, die aus f\u00fcnf Filmen besteht. John James Rambo ist die Hauptfigur des Romans und der Verfilmungen. Auf der Leinwand wird er von dem Schauspieler Sylvester Stallone gespielt.<\/p>\n<p>Die einzige Person, der er wirklich vertraut, ist Trautman. <a href=\"https:\/\/heros.fandom.com\/fr\/wiki\/John_Rambo\">Rambo<\/a> Als erfahrener K\u00e4mpfer war er in der Lage, sich allein und mit blo\u00dfen H\u00e4nden gegen eine Vielzahl von Gegnern durchzusetzen.<\/p>\n<h2>Ihr Rambo 6 Signature Dagger zum besten Preis.<\/h2>\n<p>Wir bieten Ihnen alle Rambo-Messer aus allen seinen Filmen an.<\/p>\n<p>Zun\u00e4chst einmal,<\/p>\n<ul>\n<li>Der beeindruckende <a href=\"https:\/\/repliquemangacine.fr\/de\/messer-rambo-dolch-john-rambo\/rambodolch-3\/\">Dolch Rambo 3<\/a> die er in diesem Opus verwendet.<\/li>\n<li>Es gibt auch die <a href=\"https:\/\/repliquemangacine.fr\/de\/messer-rambo-dolch-john-rambo\/machete-rambo-4\/\">Machete Rambo<\/a> der in den Filmen 4 und 5 zu sehen ist<\/li>\n<li>Sowie Le <a href=\"https:\/\/repliquemangacine.fr\/de\/messer-rambo-dolch-john-rambo\/signaturdolch-rambo-2\/\">Dolch Rambo 2<\/a>\u00a0mit der Unterschrift von Stallone selbst.<\/li>\n<li>Und noch viel mehr gibt es in unserem Online-Shop zu entdecken!<\/li>\n<\/ul>\n<p>Deshalb ist dies eine gro\u00dfartige Geschenkidee f\u00fcr alle Rambo-Fans.<\/p>\n<p>Abschlie\u00dfend k\u00f6nnen Sie den <strong>Rambo 6 Signature Dagger<\/strong> f\u00fcr Ihre Themenabende oder Cosplays. Vor allem aber ist dieses Messer ein Sammlerst\u00fcck.<\/p>\n<p>R\u00e9plique Manga Cin\u00e9 ist ein franz\u00f6sisches Familienunternehmen<\/p>\n<h2>Wie pflegt man die Klinge eines Messers?<\/h2>\n<p>Sammlungs- und Dekorationsmesser werden auf vereinfachte Weise hergestellt und zusammengesetzt. Da sie zu Dekorationszwecken verwendet werden, fehlen ihnen die Sicherheitsmerkmale, die ein japanisches Schwert f\u00fcr Trainingszwecke aufweisen muss.<\/p>\n<p>Allerdings ist Ihr <strong>Rambo 6 Signature Dagger<\/strong> zu einer Stahlklinge, die gepflegt werden muss, damit sie nicht mit der Zeit abgenutzt wird. Denn wenn du dein Katana ausstellst, werden deine Freunde neugierig sein, die Klinge zu sehen und sie zu ber\u00fchren. Hier ist Vorsicht geboten, denn Sie sollten wissen, dass die S\u00e4ure der Finger dem Stahl unabh\u00e4ngig von seiner Qualit\u00e4t sehr schadet.<\/p>\n<p>Sollte dies dennoch passieren, keine Panik, Sie brauchen nur ein mit etwas \u00d6l befeuchtetes Tuch und wischen die Fingerabdr\u00fccke ab. Auf diese Weise bleibt Ihr Messer sehr lange erhalten.<\/p>","protected":false},"excerpt":{"rendered":"<p>In der Sonderausgabe Master Cutlery entdecken Sie diesen bemerkenswerten Rambo-Signaturdolch.<\/p>\n<ul>\n<li>Vorgeschliffene, zweischneidige Stahlklinge mit der Unterschrift von Sylvester Stallone.<\/li>\n<li>Rutschfester ABS-Griff.<\/li>\n<li>Gravierte Scheide aus schwarzem Leder.<\/li>\n<li>Sammlerbox.<\/li>\n<li>Klingenl\u00e4nge: 17 cm - Gesamtl\u00e4nge: 31 cm - Gewicht: 230 grs<\/li>\n<\/ul>","protected":false},"featured_media":26769,"template":"","meta":[],"product_brand":[896],"product_cat":[24,61],"product_tag":[],"class_list":{"0":"post-26768","1":"product","2":"type-product","3":"status-publish","4":"has-post-thumbnail","6":"product_brand-replique-manga-cine","7":"product_cat-films-series-tv-vente-de-katana-epee-et-produits-derives","8":"product_cat-couteaux-rambo-poignard-john-rambo","10":"first","11":"instock","12":"taxable","13":"shipping-taxable","14":"purchasable","15":"product-type-simple"},"yoast_head":"<!-- This site is optimized with the Yoast SEO plugin v27.5 - https:\/\/yoast.com\/product\/yoast-seo-wordpress\/ -->\n<title>Poignard signature Rambo 6 | R\u00e9plique Manga Cin\u00e9<\/title>\n<meta name=\"description\" content=\"D\u00e9couvrez ce superbe Poignard signature Rambo 6 en \u00e9dition sp\u00e9ciale au meilleur prix - Signature de Stallone - Lame acier - Fourreau - Longueur : 31 cm\" \/>\n<meta name=\"robots\" content=\"index, follow, max-snippet:-1, max-image-preview:large, max-video-preview:-1\" \/>\n<link rel=\"canonical\" href=\"https:\/\/repliquemangacine.fr\/de\/messer-rambo-dolch-john-rambo\/signaturdolch-rambo-6\/\" \/>\n<meta property=\"og:locale\" content=\"de_DE\" \/>\n<meta property=\"og:type\" content=\"article\" \/>\n<meta property=\"og:title\" content=\"Poignard signature Rambo 6 | R\u00e9plique Manga Cin\u00e9\" \/>\n<meta property=\"og:description\" content=\"D\u00e9couvrez ce superbe Poignard signature Rambo 6 en \u00e9dition sp\u00e9ciale au meilleur prix - Signature de Stallone - Lame acier - Fourreau - Longueur : 31 cm\" \/>\n<meta property=\"og:url\" content=\"https:\/\/repliquemangacine.fr\/de\/messer-rambo-dolch-john-rambo\/signaturdolch-rambo-6\/\" \/>\n<meta property=\"og:site_name\" content=\"R\u00e9plique Manga Cin\u00e9\" \/>\n<meta property=\"article:publisher\" content=\"https:\/\/www.facebook.com\/RepliqueMangaCine\" \/>\n<meta property=\"article:modified_time\" content=\"2026-04-29T13:46:46+00:00\" \/>\n<meta property=\"og:image\" content=\"https:\/\/repliquemangacine.fr\/wp-content\/uploads\/2023\/10\/1400-Couteau-Rambo-Poignard-signature-Stallone.jpg\" \/>\n\t<meta property=\"og:image:width\" content=\"800\" \/>\n\t<meta property=\"og:image:height\" content=\"800\" \/>\n\t<meta property=\"og:image:type\" content=\"image\/jpeg\" \/>\n<meta name=\"twitter:card\" content=\"summary_large_image\" \/>\n<meta name=\"twitter:label1\" content=\"Gesch\u00e4tzte Lesezeit\" \/>\n\t<meta name=\"twitter:data1\" content=\"1\u00a0Minute\" \/>\n<script type=\"application\/ld+json\" class=\"yoast-schema-graph\">{\"@context\":\"https:\\\/\\\/schema.org\",\"@graph\":[{\"@type\":\"WebPage\",\"@id\":\"https:\\\/\\\/repliquemangacine.fr\\\/couteaux-rambo-poignard-john-rambo\\\/poignard-signature-rambo-6\\\/\",\"url\":\"https:\\\/\\\/repliquemangacine.fr\\\/couteaux-rambo-poignard-john-rambo\\\/poignard-signature-rambo-6\\\/\",\"name\":\"Poignard signature Rambo 6 | R\u00e9plique Manga Cin\u00e9\",\"isPartOf\":{\"@id\":\"https:\\\/\\\/repliquemangacine.fr\\\/#website\"},\"primaryImageOfPage\":{\"@id\":\"https:\\\/\\\/repliquemangacine.fr\\\/couteaux-rambo-poignard-john-rambo\\\/poignard-signature-rambo-6\\\/#primaryimage\"},\"image\":{\"@id\":\"https:\\\/\\\/repliquemangacine.fr\\\/couteaux-rambo-poignard-john-rambo\\\/poignard-signature-rambo-6\\\/#primaryimage\"},\"thumbnailUrl\":\"https:\\\/\\\/repliquemangacine.fr\\\/wp-content\\\/uploads\\\/2023\\\/10\\\/1400-Couteau-Rambo-Poignard-signature-Stallone.jpg\",\"datePublished\":\"2017-01-12T17:40:16+00:00\",\"dateModified\":\"2026-04-29T13:46:46+00:00\",\"description\":\"D\u00e9couvrez ce superbe Poignard signature Rambo 6 en \u00e9dition sp\u00e9ciale au meilleur prix - Signature de Stallone - Lame acier - Fourreau - Longueur : 31 cm\",\"breadcrumb\":{\"@id\":\"https:\\\/\\\/repliquemangacine.fr\\\/couteaux-rambo-poignard-john-rambo\\\/poignard-signature-rambo-6\\\/#breadcrumb\"},\"inLanguage\":\"de\",\"potentialAction\":[{\"@type\":\"ReadAction\",\"target\":[\"https:\\\/\\\/repliquemangacine.fr\\\/couteaux-rambo-poignard-john-rambo\\\/poignard-signature-rambo-6\\\/\"]}]},{\"@type\":\"ImageObject\",\"inLanguage\":\"de\",\"@id\":\"https:\\\/\\\/repliquemangacine.fr\\\/couteaux-rambo-poignard-john-rambo\\\/poignard-signature-rambo-6\\\/#primaryimage\",\"url\":\"https:\\\/\\\/repliquemangacine.fr\\\/wp-content\\\/uploads\\\/2023\\\/10\\\/1400-Couteau-Rambo-Poignard-signature-Stallone.jpg\",\"contentUrl\":\"https:\\\/\\\/repliquemangacine.fr\\\/wp-content\\\/uploads\\\/2023\\\/10\\\/1400-Couteau-Rambo-Poignard-signature-Stallone.jpg\",\"width\":800,\"height\":800,\"caption\":\"Couteau Rambo - Poignard signature Stallone\"},{\"@type\":\"BreadcrumbList\",\"@id\":\"https:\\\/\\\/repliquemangacine.fr\\\/couteaux-rambo-poignard-john-rambo\\\/poignard-signature-rambo-6\\\/#breadcrumb\",\"itemListElement\":[{\"@type\":\"ListItem\",\"position\":1,\"name\":\"Accueil\",\"item\":\"https:\\\/\\\/repliquemangacine.fr\\\/\"},{\"@type\":\"ListItem\",\"position\":2,\"name\":\"Produits\",\"item\":\"https:\\\/\\\/repliquemangacine.fr\\\/boutique\\\/\"},{\"@type\":\"ListItem\",\"position\":3,\"name\":\"Poignard Stallone sign\u00e9\"}]},{\"@type\":\"WebSite\",\"@id\":\"https:\\\/\\\/repliquemangacine.fr\\\/#website\",\"url\":\"https:\\\/\\\/repliquemangacine.fr\\\/\",\"name\":\"R\u00e9plique Manga Cin\u00e9\",\"description\":\"\",\"publisher\":{\"@id\":\"https:\\\/\\\/repliquemangacine.fr\\\/#organization\"},\"potentialAction\":[{\"@type\":\"SearchAction\",\"target\":{\"@type\":\"EntryPoint\",\"urlTemplate\":\"https:\\\/\\\/repliquemangacine.fr\\\/?s={search_term_string}\"},\"query-input\":{\"@type\":\"PropertyValueSpecification\",\"valueRequired\":true,\"valueName\":\"search_term_string\"}}],\"inLanguage\":\"de\"},{\"@type\":\"Organization\",\"@id\":\"https:\\\/\\\/repliquemangacine.fr\\\/#organization\",\"name\":\"R\u00e9plique Manga Cin\u00e9\",\"url\":\"https:\\\/\\\/repliquemangacine.fr\\\/\",\"logo\":{\"@type\":\"ImageObject\",\"inLanguage\":\"de\",\"@id\":\"https:\\\/\\\/repliquemangacine.fr\\\/#\\\/schema\\\/logo\\\/image\\\/\",\"url\":\"https:\\\/\\\/repliquemangacine.fr\\\/wp-content\\\/uploads\\\/2023\\\/10\\\/RMC-500250.png\",\"contentUrl\":\"https:\\\/\\\/repliquemangacine.fr\\\/wp-content\\\/uploads\\\/2023\\\/10\\\/RMC-500250.png\",\"width\":500,\"height\":250,\"caption\":\"R\u00e9plique Manga Cin\u00e9\"},\"image\":{\"@id\":\"https:\\\/\\\/repliquemangacine.fr\\\/#\\\/schema\\\/logo\\\/image\\\/\"},\"sameAs\":[\"https:\\\/\\\/www.facebook.com\\\/RepliqueMangaCine\",\"https:\\\/\\\/www.instagram.com\\\/repliquemangacine.fr\\\/\"]}]}<\/script>\n<!-- \/ Yoast SEO plugin. -->","yoast_head_json":{"title":"Rambo 6 Signature Dagger | R\u00e9plique Manga Cin\u00e9","description":"Entdecken Sie diesen tollen Rambo 6 Signature Dagger in Sonderausgabe zum besten Preis - Stallone Signature - Stahlklinge - Scheide - L\u00e4nge: 31 cm","robots":{"index":"index","follow":"follow","max-snippet":"max-snippet:-1","max-image-preview":"max-image-preview:large","max-video-preview":"max-video-preview:-1"},"canonical":"https:\/\/repliquemangacine.fr\/de\/messer-rambo-dolch-john-rambo\/signaturdolch-rambo-6\/","og_locale":"de_DE","og_type":"article","og_title":"Poignard signature Rambo 6 | R\u00e9plique Manga Cin\u00e9","og_description":"D\u00e9couvrez ce superbe Poignard signature Rambo 6 en \u00e9dition sp\u00e9ciale au meilleur prix - Signature de Stallone - Lame acier - Fourreau - Longueur : 31 cm","og_url":"https:\/\/repliquemangacine.fr\/de\/messer-rambo-dolch-john-rambo\/signaturdolch-rambo-6\/","og_site_name":"R\u00e9plique Manga Cin\u00e9","article_publisher":"https:\/\/www.facebook.com\/RepliqueMangaCine","article_modified_time":"2026-04-29T13:46:46+00:00","og_image":[{"width":800,"height":800,"url":"https:\/\/repliquemangacine.fr\/wp-content\/uploads\/2023\/10\/1400-Couteau-Rambo-Poignard-signature-Stallone.jpg","type":"image\/jpeg"}],"twitter_card":"summary_large_image","twitter_misc":{"Gesch\u00e4tzte Lesezeit":"1\u00a0Minute"},"schema":{"@context":"https:\/\/schema.org","@graph":[{"@type":"WebPage","@id":"https:\/\/repliquemangacine.fr\/couteaux-rambo-poignard-john-rambo\/poignard-signature-rambo-6\/","url":"https:\/\/repliquemangacine.fr\/couteaux-rambo-poignard-john-rambo\/poignard-signature-rambo-6\/","name":"Rambo 6 Signature Dagger | R\u00e9plique Manga Cin\u00e9","isPartOf":{"@id":"https:\/\/repliquemangacine.fr\/#website"},"primaryImageOfPage":{"@id":"https:\/\/repliquemangacine.fr\/couteaux-rambo-poignard-john-rambo\/poignard-signature-rambo-6\/#primaryimage"},"image":{"@id":"https:\/\/repliquemangacine.fr\/couteaux-rambo-poignard-john-rambo\/poignard-signature-rambo-6\/#primaryimage"},"thumbnailUrl":"https:\/\/repliquemangacine.fr\/wp-content\/uploads\/2023\/10\/1400-Couteau-Rambo-Poignard-signature-Stallone.jpg","datePublished":"2017-01-12T17:40:16+00:00","dateModified":"2026-04-29T13:46:46+00:00","description":"Entdecken Sie diesen tollen Rambo 6 Signature Dagger in Sonderausgabe zum besten Preis - Stallone Signature - Stahlklinge - Scheide - L\u00e4nge: 31 cm","breadcrumb":{"@id":"https:\/\/repliquemangacine.fr\/couteaux-rambo-poignard-john-rambo\/poignard-signature-rambo-6\/#breadcrumb"},"inLanguage":"de","potentialAction":[{"@type":"ReadAction","target":["https:\/\/repliquemangacine.fr\/couteaux-rambo-poignard-john-rambo\/poignard-signature-rambo-6\/"]}]},{"@type":"ImageObject","inLanguage":"de","@id":"https:\/\/repliquemangacine.fr\/couteaux-rambo-poignard-john-rambo\/poignard-signature-rambo-6\/#primaryimage","url":"https:\/\/repliquemangacine.fr\/wp-content\/uploads\/2023\/10\/1400-Couteau-Rambo-Poignard-signature-Stallone.jpg","contentUrl":"https:\/\/repliquemangacine.fr\/wp-content\/uploads\/2023\/10\/1400-Couteau-Rambo-Poignard-signature-Stallone.jpg","width":800,"height":800,"caption":"Couteau Rambo - Poignard signature Stallone"},{"@type":"BreadcrumbList","@id":"https:\/\/repliquemangacine.fr\/couteaux-rambo-poignard-john-rambo\/poignard-signature-rambo-6\/#breadcrumb","itemListElement":[{"@type":"ListItem","position":1,"name":"Accueil","item":"https:\/\/repliquemangacine.fr\/"},{"@type":"ListItem","position":2,"name":"Produits","item":"https:\/\/repliquemangacine.fr\/boutique\/"},{"@type":"ListItem","position":3,"name":"Poignard Stallone sign\u00e9"}]},{"@type":"WebSite","@id":"https:\/\/repliquemangacine.fr\/#website","url":"https:\/\/repliquemangacine.fr\/","name":"R\u00e9plique Manga Cin\u00e9","description":"","publisher":{"@id":"https:\/\/repliquemangacine.fr\/#organization"},"potentialAction":[{"@type":"SearchAction","target":{"@type":"EntryPoint","urlTemplate":"https:\/\/repliquemangacine.fr\/?s={search_term_string}"},"query-input":{"@type":"PropertyValueSpecification","valueRequired":true,"valueName":"search_term_string"}}],"inLanguage":"de"},{"@type":"Organization","@id":"https:\/\/repliquemangacine.fr\/#organization","name":"R\u00e9plique Manga Cin\u00e9","url":"https:\/\/repliquemangacine.fr\/","logo":{"@type":"ImageObject","inLanguage":"de","@id":"https:\/\/repliquemangacine.fr\/#\/schema\/logo\/image\/","url":"https:\/\/repliquemangacine.fr\/wp-content\/uploads\/2023\/10\/RMC-500250.png","contentUrl":"https:\/\/repliquemangacine.fr\/wp-content\/uploads\/2023\/10\/RMC-500250.png","width":500,"height":250,"caption":"R\u00e9plique Manga Cin\u00e9"},"image":{"@id":"https:\/\/repliquemangacine.fr\/#\/schema\/logo\/image\/"},"sameAs":["https:\/\/www.facebook.com\/RepliqueMangaCine","https:\/\/www.instagram.com\/repliquemangacine.fr\/"]}]}},"_links":{"self":[{"href":"https:\/\/repliquemangacine.fr\/de\/wp-json\/wp\/v2\/product\/26768","targetHints":{"allow":["GET"]}}],"collection":[{"href":"https:\/\/repliquemangacine.fr\/de\/wp-json\/wp\/v2\/product"}],"about":[{"href":"https:\/\/repliquemangacine.fr\/de\/wp-json\/wp\/v2\/types\/product"}],"wp:featuredmedia":[{"embeddable":true,"href":"https:\/\/repliquemangacine.fr\/de\/wp-json\/wp\/v2\/media\/26769"}],"wp:attachment":[{"href":"https:\/\/repliquemangacine.fr\/de\/wp-json\/wp\/v2\/media?parent=26768"}],"wp:term":[{"taxonomy":"product_brand","embeddable":true,"href":"https:\/\/repliquemangacine.fr\/de\/wp-json\/wp\/v2\/product_brand?post=26768"},{"taxonomy":"product_cat","embeddable":true,"href":"https:\/\/repliquemangacine.fr\/de\/wp-json\/wp\/v2\/product_cat?post=26768"},{"taxonomy":"product_tag","embeddable":true,"href":"https:\/\/repliquemangacine.fr\/de\/wp-json\/wp\/v2\/product_tag?post=26768"}],"curies":[{"name":"wp","href":"https:\/\/api.w.org\/{rel}","templated":true}]}}