





{"id":26764,"date":"2017-01-12T17:15:46","date_gmt":"2017-01-12T16:15:46","guid":{"rendered":"https:\/\/repliquemangacine.fr\/?post_type=product&#038;p=26764"},"modified":"2025-12-28T15:36:06","modified_gmt":"2025-12-28T14:36:06","slug":"werfmesser-expendables-kunai-riesig-jason-statham","status":"publish","type":"product","link":"https:\/\/repliquemangacine.fr\/de\/katana-les-epees-de-films-et-series\/couteaux-de-lancer-expendables-kunai-geant-jason-statham\/","title":{"rendered":"Wurfmesser Expendables"},"content":{"rendered":"<h2>Wurfmesser Expendables.<\/h2>\n<p>Zu Beginn <strong>Wurfmesser Expendables<\/strong> sind zwei gro\u00dfe Kunai, die von Jason Statham alias Lee Christmas verwendet werden.<\/p>\n<p>Expendables oder Die Opfer (The Expendables) ist eine US-amerikanische Actionfilmreihe, die mit <a href=\"https:\/\/expendables.fandom.com\/wiki\/Main_Page\" target=\"_blank\" rel=\"noopener noreferrer\">Expendables<\/a> : \u201eUnit\u00e9 sp\u00e9ciale\u201c im Jahr 2010. Bisher bestehen drei Filme,  der vierte Teil kommt im September 2023 heraus.<\/p>\n<p>Das Besondere an dieser Filmreihe ist, dass die Besetzung jedes Teils eine Ansammlung von Actionfilmstars ist. Man findet darin eine atemberaubende Auswahl an Hollywoodstars.<\/p>\n<p>Sylvester Stallone, der den ersten Film gedreht hat und in der Rolle des Barney Ross, Chef der Einheit, in den ersten drei Teilen zu sehen war. Er wird auch im vierten und letzten Teil dabei sein, aber Sylvester k\u00fcndigt an, dass dies sein letzter Film sein wird.<\/p>\n<h2>Ihre Expendables Wurfmesser zum besten Preis.<\/h2>\n<p>Wir bieten Ihnen eine gro\u00dfe Auswahl an Repliken aus der Welt des Films und der TV-Serien.<\/p>\n<p>Zun\u00e4chst einmal,<\/p>\n<ul>\n<li>Das Machetenreplikat <a href=\"https:\/\/repliquemangacine.fr\/de\/andere-filme\/machete-dolch-predator-dutch\/\">Predator-Dolch<\/a> von Dutch alias Arnold Schwarzenegger.<\/li>\n<li>Es gibt auch den <a href=\"https:\/\/repliquemangacine.fr\/de\/filme-tv-serien-verkauf-von-katana-schwertern-und-derivaten\/katana-heroes-schwert-von-hiro-nakamura\/\">Katana von Hiro Nakamura<\/a> in der Serie Heroes.<\/li>\n<li>Und noch viel mehr gibt es in unserem Online-Shop zu entdecken!<\/li>\n<\/ul>\n<p>Deshalb gibt es hier tolle Geschenkideen f\u00fcr alle Fans von Filmen und Fernsehserien.<\/p>\n<p>Abschlie\u00dfend k\u00f6nnen Sie die <strong>Wurfmesser Expendables<\/strong> f\u00fcr Ihre Cosplay-Paraden oder Themenabende. Vor allem aber sind diese Riesenkunai Sammler- und Dekorationsst\u00fccke.<\/p>\n<h2>Wie pflegt man die Klinge seines gro\u00dfen Kunais?<\/h2>\n<p>Wurfmesser f\u00fcr Sammlungen und Dekorationszwecke werden auf vereinfachte Weise hergestellt und zusammengesetzt. Da sie nur zu Dekorationszwecken verwendet werden, verf\u00fcgen sie nicht \u00fcber die Sicherheitselemente, die f\u00fcr ein japanisches Schwert zum Training erforderlich sind.<\/p>\n<p>Allerdings sind Ihre <strong>Wurfmesser Expendables<\/strong> haben eine Stahlklinge, die gepflegt werden muss, damit sie nicht mit der Zeit abgenutzt wird. Denn wenn du dein Katana ausstellst, werden deine Freunde neugierig sein, die Klinge zu sehen und sie zu ber\u00fchren. Hier ist Vorsicht geboten, denn Sie sollten wissen, dass die S\u00e4ure der Finger dem Stahl unabh\u00e4ngig von seiner Qualit\u00e4t sehr schadet.<\/p>\n<p>Sollte dies dennoch passieren, keine Panik, Sie brauchen nur ein mit etwas \u00d6l befeuchtetes Tuch und wischen die Fingerabdr\u00fccke ab. Auf diese Weise bleibt Ihr Kunai sehr lange erhalten.<\/p>","protected":false},"excerpt":{"rendered":"<p>Originalgetreue Replik der beiden Wurfmesser aus dem Film \"The Expendables\".<\/p>\n<ul>\n<li>Komplett aus Metall gefertigt.<\/li>\n<li>Klinge aus rostfreiem Stahl.<\/li>\n<li>Griff mit Baumwollfaden umwickelt.<\/li>\n<li>Schwarzes Cordura-Etui.<\/li>\n<li>Gesamtl\u00e4nge jedes Messers: 30 cm - Gewicht: 170g<\/li>\n<\/ul>","protected":false},"featured_media":26765,"template":"","meta":[],"product_brand":[896],"product_cat":[91,66,24],"product_tag":[],"class_list":{"0":"post-26764","1":"product","2":"type-product","3":"status-publish","4":"has-post-thumbnail","6":"product_brand-replique-manga-cine","7":"product_cat-katana-les-epees-de-films-et-series","8":"product_cat-repliques-d-armes-films-et-series","9":"product_cat-films-series-tv-vente-de-katana-epee-et-produits-derives","11":"first","12":"instock","13":"taxable","14":"shipping-taxable","15":"purchasable","16":"product-type-simple"},"yoast_head":"<!-- This site is optimized with the Yoast SEO plugin v27.5 - https:\/\/yoast.com\/product\/yoast-seo-wordpress\/ -->\n<title>Couteaux de lancer Expendables - Grand Kuna\u00ef de Statham | RMC<\/title>\n<meta name=\"description\" content=\"D\u00e9couvrez les Couteaux de lancer Expendables au meilleur prix - Lames en acier 440 - Fourreau - Longueur totale de chaque Kuna\u00ef : 30 cm\" \/>\n<meta name=\"robots\" content=\"index, follow, max-snippet:-1, max-image-preview:large, max-video-preview:-1\" \/>\n<link rel=\"canonical\" href=\"https:\/\/repliquemangacine.fr\/de\/katana-die-schwerter-aus-filmen-und-serien\/werfmesser-expendables-kunai-riesig-jason-statham\/\" \/>\n<meta property=\"og:locale\" content=\"de_DE\" \/>\n<meta property=\"og:type\" content=\"article\" \/>\n<meta property=\"og:title\" content=\"Couteaux de lancer Expendables - Grand Kuna\u00ef de Statham | RMC\" \/>\n<meta property=\"og:description\" content=\"D\u00e9couvrez les Couteaux de lancer Expendables au meilleur prix - Lames en acier 440 - Fourreau - Longueur totale de chaque Kuna\u00ef : 30 cm\" \/>\n<meta property=\"og:url\" content=\"https:\/\/repliquemangacine.fr\/de\/katana-die-schwerter-aus-filmen-und-serien\/werfmesser-expendables-kunai-riesig-jason-statham\/\" \/>\n<meta property=\"og:site_name\" content=\"R\u00e9plique Manga Cin\u00e9\" \/>\n<meta property=\"article:publisher\" content=\"https:\/\/www.facebook.com\/RepliqueMangaCine\" \/>\n<meta property=\"article:modified_time\" content=\"2025-12-28T14:36:06+00:00\" \/>\n<meta property=\"og:image\" content=\"https:\/\/repliquemangacine.fr\/wp-content\/uploads\/2023\/10\/1397-Kunai-Geant-The-Expendables.jpg\" \/>\n\t<meta property=\"og:image:width\" content=\"800\" \/>\n\t<meta property=\"og:image:height\" content=\"800\" \/>\n\t<meta property=\"og:image:type\" content=\"image\/jpeg\" \/>\n<meta name=\"twitter:card\" content=\"summary_large_image\" \/>\n<meta name=\"twitter:label1\" content=\"Gesch\u00e4tzte Lesezeit\" \/>\n\t<meta name=\"twitter:data1\" content=\"2\u00a0Minuten\" \/>\n<script type=\"application\/ld+json\" class=\"yoast-schema-graph\">{\"@context\":\"https:\\\/\\\/schema.org\",\"@graph\":[{\"@type\":\"WebPage\",\"@id\":\"https:\\\/\\\/repliquemangacine.fr\\\/katana-les-epees-de-films-et-series\\\/couteaux-de-lancer-expendables-kunai-geant-jason-statham\\\/\",\"url\":\"https:\\\/\\\/repliquemangacine.fr\\\/katana-les-epees-de-films-et-series\\\/couteaux-de-lancer-expendables-kunai-geant-jason-statham\\\/\",\"name\":\"Couteaux de lancer Expendables - Grand Kuna\u00ef de Statham | RMC\",\"isPartOf\":{\"@id\":\"https:\\\/\\\/repliquemangacine.fr\\\/#website\"},\"primaryImageOfPage\":{\"@id\":\"https:\\\/\\\/repliquemangacine.fr\\\/katana-les-epees-de-films-et-series\\\/couteaux-de-lancer-expendables-kunai-geant-jason-statham\\\/#primaryimage\"},\"image\":{\"@id\":\"https:\\\/\\\/repliquemangacine.fr\\\/katana-les-epees-de-films-et-series\\\/couteaux-de-lancer-expendables-kunai-geant-jason-statham\\\/#primaryimage\"},\"thumbnailUrl\":\"https:\\\/\\\/repliquemangacine.fr\\\/wp-content\\\/uploads\\\/2023\\\/10\\\/1397-Kunai-Geant-The-Expendables.jpg\",\"datePublished\":\"2017-01-12T16:15:46+00:00\",\"dateModified\":\"2025-12-28T14:36:06+00:00\",\"description\":\"D\u00e9couvrez les Couteaux de lancer Expendables au meilleur prix - Lames en acier 440 - Fourreau - Longueur totale de chaque Kuna\u00ef : 30 cm\",\"breadcrumb\":{\"@id\":\"https:\\\/\\\/repliquemangacine.fr\\\/katana-les-epees-de-films-et-series\\\/couteaux-de-lancer-expendables-kunai-geant-jason-statham\\\/#breadcrumb\"},\"inLanguage\":\"de\",\"potentialAction\":[{\"@type\":\"ReadAction\",\"target\":[\"https:\\\/\\\/repliquemangacine.fr\\\/katana-les-epees-de-films-et-series\\\/couteaux-de-lancer-expendables-kunai-geant-jason-statham\\\/\"]}]},{\"@type\":\"ImageObject\",\"inLanguage\":\"de\",\"@id\":\"https:\\\/\\\/repliquemangacine.fr\\\/katana-les-epees-de-films-et-series\\\/couteaux-de-lancer-expendables-kunai-geant-jason-statham\\\/#primaryimage\",\"url\":\"https:\\\/\\\/repliquemangacine.fr\\\/wp-content\\\/uploads\\\/2023\\\/10\\\/1397-Kunai-Geant-The-Expendables.jpg\",\"contentUrl\":\"https:\\\/\\\/repliquemangacine.fr\\\/wp-content\\\/uploads\\\/2023\\\/10\\\/1397-Kunai-Geant-The-Expendables.jpg\",\"width\":800,\"height\":800,\"caption\":\"Kuna\u00ef Geant The Expendables\"},{\"@type\":\"BreadcrumbList\",\"@id\":\"https:\\\/\\\/repliquemangacine.fr\\\/katana-les-epees-de-films-et-series\\\/couteaux-de-lancer-expendables-kunai-geant-jason-statham\\\/#breadcrumb\",\"itemListElement\":[{\"@type\":\"ListItem\",\"position\":1,\"name\":\"Accueil\",\"item\":\"https:\\\/\\\/repliquemangacine.fr\\\/\"},{\"@type\":\"ListItem\",\"position\":2,\"name\":\"Produits\",\"item\":\"https:\\\/\\\/repliquemangacine.fr\\\/boutique\\\/\"},{\"@type\":\"ListItem\",\"position\":3,\"name\":\"Couteaux de lancer Expendables\"}]},{\"@type\":\"WebSite\",\"@id\":\"https:\\\/\\\/repliquemangacine.fr\\\/#website\",\"url\":\"https:\\\/\\\/repliquemangacine.fr\\\/\",\"name\":\"R\u00e9plique Manga Cin\u00e9\",\"description\":\"\",\"publisher\":{\"@id\":\"https:\\\/\\\/repliquemangacine.fr\\\/#organization\"},\"potentialAction\":[{\"@type\":\"SearchAction\",\"target\":{\"@type\":\"EntryPoint\",\"urlTemplate\":\"https:\\\/\\\/repliquemangacine.fr\\\/?s={search_term_string}\"},\"query-input\":{\"@type\":\"PropertyValueSpecification\",\"valueRequired\":true,\"valueName\":\"search_term_string\"}}],\"inLanguage\":\"de\"},{\"@type\":\"Organization\",\"@id\":\"https:\\\/\\\/repliquemangacine.fr\\\/#organization\",\"name\":\"R\u00e9plique Manga Cin\u00e9\",\"url\":\"https:\\\/\\\/repliquemangacine.fr\\\/\",\"logo\":{\"@type\":\"ImageObject\",\"inLanguage\":\"de\",\"@id\":\"https:\\\/\\\/repliquemangacine.fr\\\/#\\\/schema\\\/logo\\\/image\\\/\",\"url\":\"https:\\\/\\\/repliquemangacine.fr\\\/wp-content\\\/uploads\\\/2023\\\/10\\\/RMC-500250.png\",\"contentUrl\":\"https:\\\/\\\/repliquemangacine.fr\\\/wp-content\\\/uploads\\\/2023\\\/10\\\/RMC-500250.png\",\"width\":500,\"height\":250,\"caption\":\"R\u00e9plique Manga Cin\u00e9\"},\"image\":{\"@id\":\"https:\\\/\\\/repliquemangacine.fr\\\/#\\\/schema\\\/logo\\\/image\\\/\"},\"sameAs\":[\"https:\\\/\\\/www.facebook.com\\\/RepliqueMangaCine\",\"https:\\\/\\\/www.instagram.com\\\/repliquemangacine.fr\\\/\"]}]}<\/script>\n<!-- \/ Yoast SEO plugin. -->","yoast_head_json":{"title":"Wurfmesser Expendables - Gro\u00dfes Kunai von Statham | RMC","description":"Entdecken Sie die Expendables Wurfmesser zum besten Preis - Klingen aus 440er Stahl - Scheide - Gesamtl\u00e4nge jedes Kunai: 30 cm","robots":{"index":"index","follow":"follow","max-snippet":"max-snippet:-1","max-image-preview":"max-image-preview:large","max-video-preview":"max-video-preview:-1"},"canonical":"https:\/\/repliquemangacine.fr\/de\/katana-die-schwerter-aus-filmen-und-serien\/werfmesser-expendables-kunai-riesig-jason-statham\/","og_locale":"de_DE","og_type":"article","og_title":"Couteaux de lancer Expendables - Grand Kuna\u00ef de Statham | RMC","og_description":"D\u00e9couvrez les Couteaux de lancer Expendables au meilleur prix - Lames en acier 440 - Fourreau - Longueur totale de chaque Kuna\u00ef : 30 cm","og_url":"https:\/\/repliquemangacine.fr\/de\/katana-die-schwerter-aus-filmen-und-serien\/werfmesser-expendables-kunai-riesig-jason-statham\/","og_site_name":"R\u00e9plique Manga Cin\u00e9","article_publisher":"https:\/\/www.facebook.com\/RepliqueMangaCine","article_modified_time":"2025-12-28T14:36:06+00:00","og_image":[{"width":800,"height":800,"url":"https:\/\/repliquemangacine.fr\/wp-content\/uploads\/2023\/10\/1397-Kunai-Geant-The-Expendables.jpg","type":"image\/jpeg"}],"twitter_card":"summary_large_image","twitter_misc":{"Gesch\u00e4tzte Lesezeit":"2\u00a0Minuten"},"schema":{"@context":"https:\/\/schema.org","@graph":[{"@type":"WebPage","@id":"https:\/\/repliquemangacine.fr\/katana-les-epees-de-films-et-series\/couteaux-de-lancer-expendables-kunai-geant-jason-statham\/","url":"https:\/\/repliquemangacine.fr\/katana-les-epees-de-films-et-series\/couteaux-de-lancer-expendables-kunai-geant-jason-statham\/","name":"Wurfmesser Expendables - Gro\u00dfes Kunai von Statham | RMC","isPartOf":{"@id":"https:\/\/repliquemangacine.fr\/#website"},"primaryImageOfPage":{"@id":"https:\/\/repliquemangacine.fr\/katana-les-epees-de-films-et-series\/couteaux-de-lancer-expendables-kunai-geant-jason-statham\/#primaryimage"},"image":{"@id":"https:\/\/repliquemangacine.fr\/katana-les-epees-de-films-et-series\/couteaux-de-lancer-expendables-kunai-geant-jason-statham\/#primaryimage"},"thumbnailUrl":"https:\/\/repliquemangacine.fr\/wp-content\/uploads\/2023\/10\/1397-Kunai-Geant-The-Expendables.jpg","datePublished":"2017-01-12T16:15:46+00:00","dateModified":"2025-12-28T14:36:06+00:00","description":"Entdecken Sie die Expendables Wurfmesser zum besten Preis - Klingen aus 440er Stahl - Scheide - Gesamtl\u00e4nge jedes Kunai: 30 cm","breadcrumb":{"@id":"https:\/\/repliquemangacine.fr\/katana-les-epees-de-films-et-series\/couteaux-de-lancer-expendables-kunai-geant-jason-statham\/#breadcrumb"},"inLanguage":"de","potentialAction":[{"@type":"ReadAction","target":["https:\/\/repliquemangacine.fr\/katana-les-epees-de-films-et-series\/couteaux-de-lancer-expendables-kunai-geant-jason-statham\/"]}]},{"@type":"ImageObject","inLanguage":"de","@id":"https:\/\/repliquemangacine.fr\/katana-les-epees-de-films-et-series\/couteaux-de-lancer-expendables-kunai-geant-jason-statham\/#primaryimage","url":"https:\/\/repliquemangacine.fr\/wp-content\/uploads\/2023\/10\/1397-Kunai-Geant-The-Expendables.jpg","contentUrl":"https:\/\/repliquemangacine.fr\/wp-content\/uploads\/2023\/10\/1397-Kunai-Geant-The-Expendables.jpg","width":800,"height":800,"caption":"Kuna\u00ef Geant The Expendables"},{"@type":"BreadcrumbList","@id":"https:\/\/repliquemangacine.fr\/katana-les-epees-de-films-et-series\/couteaux-de-lancer-expendables-kunai-geant-jason-statham\/#breadcrumb","itemListElement":[{"@type":"ListItem","position":1,"name":"Accueil","item":"https:\/\/repliquemangacine.fr\/"},{"@type":"ListItem","position":2,"name":"Produits","item":"https:\/\/repliquemangacine.fr\/boutique\/"},{"@type":"ListItem","position":3,"name":"Couteaux de lancer Expendables"}]},{"@type":"WebSite","@id":"https:\/\/repliquemangacine.fr\/#website","url":"https:\/\/repliquemangacine.fr\/","name":"R\u00e9plique Manga Cin\u00e9","description":"","publisher":{"@id":"https:\/\/repliquemangacine.fr\/#organization"},"potentialAction":[{"@type":"SearchAction","target":{"@type":"EntryPoint","urlTemplate":"https:\/\/repliquemangacine.fr\/?s={search_term_string}"},"query-input":{"@type":"PropertyValueSpecification","valueRequired":true,"valueName":"search_term_string"}}],"inLanguage":"de"},{"@type":"Organization","@id":"https:\/\/repliquemangacine.fr\/#organization","name":"R\u00e9plique Manga Cin\u00e9","url":"https:\/\/repliquemangacine.fr\/","logo":{"@type":"ImageObject","inLanguage":"de","@id":"https:\/\/repliquemangacine.fr\/#\/schema\/logo\/image\/","url":"https:\/\/repliquemangacine.fr\/wp-content\/uploads\/2023\/10\/RMC-500250.png","contentUrl":"https:\/\/repliquemangacine.fr\/wp-content\/uploads\/2023\/10\/RMC-500250.png","width":500,"height":250,"caption":"R\u00e9plique Manga Cin\u00e9"},"image":{"@id":"https:\/\/repliquemangacine.fr\/#\/schema\/logo\/image\/"},"sameAs":["https:\/\/www.facebook.com\/RepliqueMangaCine","https:\/\/www.instagram.com\/repliquemangacine.fr\/"]}]}},"_links":{"self":[{"href":"https:\/\/repliquemangacine.fr\/de\/wp-json\/wp\/v2\/product\/26764","targetHints":{"allow":["GET"]}}],"collection":[{"href":"https:\/\/repliquemangacine.fr\/de\/wp-json\/wp\/v2\/product"}],"about":[{"href":"https:\/\/repliquemangacine.fr\/de\/wp-json\/wp\/v2\/types\/product"}],"wp:featuredmedia":[{"embeddable":true,"href":"https:\/\/repliquemangacine.fr\/de\/wp-json\/wp\/v2\/media\/26765"}],"wp:attachment":[{"href":"https:\/\/repliquemangacine.fr\/de\/wp-json\/wp\/v2\/media?parent=26764"}],"wp:term":[{"taxonomy":"product_brand","embeddable":true,"href":"https:\/\/repliquemangacine.fr\/de\/wp-json\/wp\/v2\/product_brand?post=26764"},{"taxonomy":"product_cat","embeddable":true,"href":"https:\/\/repliquemangacine.fr\/de\/wp-json\/wp\/v2\/product_cat?post=26764"},{"taxonomy":"product_tag","embeddable":true,"href":"https:\/\/repliquemangacine.fr\/de\/wp-json\/wp\/v2\/product_tag?post=26764"}],"curies":[{"name":"wp","href":"https:\/\/api.w.org\/{rel}","templated":true}]}}