





{"id":26745,"date":"2017-01-09T22:06:45","date_gmt":"2017-01-09T21:06:45","guid":{"rendered":"https:\/\/repliquemangacine.fr\/?post_type=product&#038;p=26745"},"modified":"2026-03-16T14:31:19","modified_gmt":"2026-03-16T13:31:19","slug":"katana-heroes-schwert-von-hiro-nakamura","status":"publish","type":"product","link":"https:\/\/repliquemangacine.fr\/de\/katana-les-epees-de-films-et-series\/katana-heroes-epee-de-hiro-nakamura\/","title":{"rendered":"Katana Heroes Hiro Nakamura"},"content":{"rendered":"<h2>Replik des Katana Heroes Hiro Nakamura<\/h2>\n<p>Zu Beginn wird der <strong>katana Heroes Hiro Nakamura<\/strong> ist das Schwert, das von Takezo Kensei gef\u00fchrt wurde, von dem Hiros Vater oft gesprochen hat.<\/p>\n<p>Hiro Nakamura hat die F\u00e4higkeit, das Raum-Zeit-Kontinuum zu kr\u00fcmmen, was ihm sowohl Zeitreisen als auch Chronokinese und Teleportation erm\u00f6glicht. In Staffel 1 erscheint Der Hiro der Zukunft ohne Brille, schwarz gekleidet und mit dem Schwert von Takezo Kensei auf dem R\u00fccken.<\/p>\n<p>In der neuen Serie finden wir das Katana von Takeso Kensei in den H\u00e4nden von Miko, einer ruhigen und einzigartigen jungen Frau. Es gibt ein Wiedersehen mit einigen Charakteren aus der Saga <a href=\"https:\/\/heroes.fandom.com\/wiki\/Heroes\" target=\"_blank\" rel=\"noopener noreferrer\">Heroes<\/a>In der Schule sind die Sch\u00fclerinnen und Sch\u00fcler mit dem unverzichtbaren Hiro Nakamura zusammen.<\/p>\n<h2>Ihr Katana Heroes Hiro Nakamura zum besten Preis.<\/h2>\n<p>Wir bieten Ihnen eine gro\u00dfe Auswahl an Repliken aus der Welt des Films und der TV-Serien.<\/p>\n<p>Zun\u00e4chst einmal,<\/p>\n<ul>\n<li>Die Replik der <a href=\"https:\/\/repliquemangacine.fr\/de\/filme-tv-serien-verkauf-von-katana-schwertern-und-derivaten\/wolverines-krallen-x-men\/\">Wolverines Krallen<\/a> die von der X-Men-Filmreihe inspiriert sind.<\/li>\n<li>Es gibt auch die beiden <a href=\"https:\/\/repliquemangacine.fr\/de\/filme-tv-serien-verkauf-von-katana-schwertern-und-derivaten\/kunai-geant-the-expendables\/\">Wurfmesser<\/a> von Lee Christmas in dem Film \"The Expendables\" verwendet.<\/li>\n<li>Und noch viel mehr gibt es in unserem Online-Shop zu entdecken!<\/li>\n<\/ul>\n<p>Deshalb gibt es hier tolle Geschenkideen f\u00fcr alle Fans von Filmen und Fernsehserien.<\/p>\n<p>Abschlie\u00dfend k\u00f6nnen Sie den <strong>katana Heroes Hiro Nakamura<\/strong> f\u00fcr Ihre Cosplay-Paraden oder Themenabende. Vor allem aber ist dieser S\u00e4bel ein Sammler- und Dekorationsst\u00fcck.<\/p>\n<h2>Wie pflegt man die Klinge seines Takezo-Katanas?<\/h2>\n<p>Katanas f\u00fcr Sammlungen und Dekorationen werden auf vereinfachte Weise hergestellt und zusammengebaut. Da sie zu Dekorationszwecken verwendet werden, fehlen ihnen die Sicherheitsmerkmale, die ein japanisches Schwert f\u00fcr Trainingszwecke aufweisen muss.<\/p>\n<p>Allerdings ist Ihr <strong>katana Heroes Hiro Nakamura<\/strong> zu einer Stahlklinge, die gepflegt werden muss, damit sie nicht mit der Zeit abgenutzt wird. Denn wenn du dein Katana ausstellst, werden deine Freunde neugierig sein, die Klinge zu sehen und sie zu ber\u00fchren. Hier ist Vorsicht geboten, denn Sie sollten wissen, dass die S\u00e4ure der Finger dem Stahl unabh\u00e4ngig von seiner Qualit\u00e4t sehr schadet.<\/p>\n<p>Wenn dies jedoch passiert, keine Panik, Sie brauchen nur ein Tuch, das mit etwas \u00d6l befeuchtet ist, und wischen die Fingerabdr\u00fccke ab. Wenn Sie dies tun, werden Sie Ihr Schwert sehr lange behalten.<\/p>","protected":false},"excerpt":{"rendered":"<p>Schwert von Takezo Kensei, das Hiro Nakamura tr\u00e4gt.<\/p>\n<ul>\n<li>Klinge aus rostfreiem Stahl.<\/li>\n<li>Griff aus Kunstleder sowie das Heroes-Logo.<\/li>\n<li>Spezifischer Schutz aus Metall.<\/li>\n<li>Schwarz lackierte Scheide mit Riemen.<\/li>\n<li>L\u00e4nge der Klinge: 70 cm - Gesamtl\u00e4nge: 107 cm<\/li>\n<\/ul>","protected":false},"featured_media":26746,"template":"","meta":[],"product_brand":[896],"product_cat":[91,66,24,26,32],"product_tag":[],"class_list":{"0":"post-26745","1":"product","2":"type-product","3":"status-publish","4":"has-post-thumbnail","6":"product_brand-replique-manga-cine","7":"product_cat-katana-les-epees-de-films-et-series","8":"product_cat-repliques-d-armes-films-et-series","9":"product_cat-films-series-tv-vente-de-katana-epee-et-produits-derives","10":"product_cat-katana-epee","11":"product_cat-katana-decoration","13":"first","14":"instock","15":"sale","16":"taxable","17":"shipping-taxable","18":"purchasable","19":"product-type-simple"},"yoast_head":"<!-- This site is optimized with the Yoast SEO plugin v27.5 - https:\/\/yoast.com\/product\/yoast-seo-wordpress\/ -->\n<title>Katana Heroes Hiro Nakamura - Boutique en ligne | RMC<\/title>\n<meta name=\"description\" content=\"Offrez-vous le katana Heroes Hiro Nakamura de la s\u00e9rie au meilleur prix - Lame acier 440 - Fourreau laqu\u00e9 - Sangle - Poign\u00e9e avec logo - Longueur : 107 cm\" \/>\n<meta name=\"robots\" content=\"index, follow, max-snippet:-1, max-image-preview:large, max-video-preview:-1\" \/>\n<link rel=\"canonical\" href=\"https:\/\/repliquemangacine.fr\/de\/katana-die-schwerter-aus-filmen-und-serien\/katana-heroes-schwert-von-hiro-nakamura\/\" \/>\n<meta property=\"og:locale\" content=\"de_DE\" \/>\n<meta property=\"og:type\" content=\"article\" \/>\n<meta property=\"og:title\" content=\"Katana Heroes Hiro Nakamura - Boutique en ligne | RMC\" \/>\n<meta property=\"og:description\" content=\"Offrez-vous le katana Heroes Hiro Nakamura de la s\u00e9rie au meilleur prix - Lame acier 440 - Fourreau laqu\u00e9 - Sangle - Poign\u00e9e avec logo - Longueur : 107 cm\" \/>\n<meta property=\"og:url\" content=\"https:\/\/repliquemangacine.fr\/de\/katana-die-schwerter-aus-filmen-und-serien\/katana-heroes-schwert-von-hiro-nakamura\/\" \/>\n<meta property=\"og:site_name\" content=\"R\u00e9plique Manga Cin\u00e9\" \/>\n<meta property=\"article:publisher\" content=\"https:\/\/www.facebook.com\/RepliqueMangaCine\" \/>\n<meta property=\"article:modified_time\" content=\"2026-03-16T13:31:19+00:00\" \/>\n<meta property=\"og:image\" content=\"https:\/\/repliquemangacine.fr\/wp-content\/uploads\/2023\/10\/1377-Katana-Heroes-Epee-de-Hiro-Nakamura.jpg\" \/>\n\t<meta property=\"og:image:width\" content=\"800\" \/>\n\t<meta property=\"og:image:height\" content=\"800\" \/>\n\t<meta property=\"og:image:type\" content=\"image\/jpeg\" \/>\n<meta name=\"twitter:card\" content=\"summary_large_image\" \/>\n<meta name=\"twitter:label1\" content=\"Gesch\u00e4tzte Lesezeit\" \/>\n\t<meta name=\"twitter:data1\" content=\"3\u00a0Minuten\" \/>\n<script type=\"application\/ld+json\" class=\"yoast-schema-graph\">{\"@context\":\"https:\\\/\\\/schema.org\",\"@graph\":[{\"@type\":\"WebPage\",\"@id\":\"https:\\\/\\\/repliquemangacine.fr\\\/katana-les-epees-de-films-et-series\\\/katana-heroes-epee-de-hiro-nakamura\\\/\",\"url\":\"https:\\\/\\\/repliquemangacine.fr\\\/katana-les-epees-de-films-et-series\\\/katana-heroes-epee-de-hiro-nakamura\\\/\",\"name\":\"Katana Heroes Hiro Nakamura - Boutique en ligne | RMC\",\"isPartOf\":{\"@id\":\"https:\\\/\\\/repliquemangacine.fr\\\/#website\"},\"primaryImageOfPage\":{\"@id\":\"https:\\\/\\\/repliquemangacine.fr\\\/katana-les-epees-de-films-et-series\\\/katana-heroes-epee-de-hiro-nakamura\\\/#primaryimage\"},\"image\":{\"@id\":\"https:\\\/\\\/repliquemangacine.fr\\\/katana-les-epees-de-films-et-series\\\/katana-heroes-epee-de-hiro-nakamura\\\/#primaryimage\"},\"thumbnailUrl\":\"https:\\\/\\\/repliquemangacine.fr\\\/wp-content\\\/uploads\\\/2023\\\/10\\\/1377-Katana-Heroes-Epee-de-Hiro-Nakamura.jpg\",\"datePublished\":\"2017-01-09T21:06:45+00:00\",\"dateModified\":\"2026-03-16T13:31:19+00:00\",\"description\":\"Offrez-vous le katana Heroes Hiro Nakamura de la s\u00e9rie au meilleur prix - Lame acier 440 - Fourreau laqu\u00e9 - Sangle - Poign\u00e9e avec logo - Longueur : 107 cm\",\"breadcrumb\":{\"@id\":\"https:\\\/\\\/repliquemangacine.fr\\\/katana-les-epees-de-films-et-series\\\/katana-heroes-epee-de-hiro-nakamura\\\/#breadcrumb\"},\"inLanguage\":\"de\",\"potentialAction\":[{\"@type\":\"ReadAction\",\"target\":[\"https:\\\/\\\/repliquemangacine.fr\\\/katana-les-epees-de-films-et-series\\\/katana-heroes-epee-de-hiro-nakamura\\\/\"]}]},{\"@type\":\"ImageObject\",\"inLanguage\":\"de\",\"@id\":\"https:\\\/\\\/repliquemangacine.fr\\\/katana-les-epees-de-films-et-series\\\/katana-heroes-epee-de-hiro-nakamura\\\/#primaryimage\",\"url\":\"https:\\\/\\\/repliquemangacine.fr\\\/wp-content\\\/uploads\\\/2023\\\/10\\\/1377-Katana-Heroes-Epee-de-Hiro-Nakamura.jpg\",\"contentUrl\":\"https:\\\/\\\/repliquemangacine.fr\\\/wp-content\\\/uploads\\\/2023\\\/10\\\/1377-Katana-Heroes-Epee-de-Hiro-Nakamura.jpg\",\"width\":800,\"height\":800,\"caption\":\"Katana Heroes - Ep\u00e9e de Hiro Nakamura\"},{\"@type\":\"BreadcrumbList\",\"@id\":\"https:\\\/\\\/repliquemangacine.fr\\\/katana-les-epees-de-films-et-series\\\/katana-heroes-epee-de-hiro-nakamura\\\/#breadcrumb\",\"itemListElement\":[{\"@type\":\"ListItem\",\"position\":1,\"name\":\"Accueil\",\"item\":\"https:\\\/\\\/repliquemangacine.fr\\\/\"},{\"@type\":\"ListItem\",\"position\":2,\"name\":\"Produits\",\"item\":\"https:\\\/\\\/repliquemangacine.fr\\\/boutique\\\/\"},{\"@type\":\"ListItem\",\"position\":3,\"name\":\"Katana Heroes Hiro Nakamura\"}]},{\"@type\":\"WebSite\",\"@id\":\"https:\\\/\\\/repliquemangacine.fr\\\/#website\",\"url\":\"https:\\\/\\\/repliquemangacine.fr\\\/\",\"name\":\"R\u00e9plique Manga Cin\u00e9\",\"description\":\"\",\"publisher\":{\"@id\":\"https:\\\/\\\/repliquemangacine.fr\\\/#organization\"},\"potentialAction\":[{\"@type\":\"SearchAction\",\"target\":{\"@type\":\"EntryPoint\",\"urlTemplate\":\"https:\\\/\\\/repliquemangacine.fr\\\/?s={search_term_string}\"},\"query-input\":{\"@type\":\"PropertyValueSpecification\",\"valueRequired\":true,\"valueName\":\"search_term_string\"}}],\"inLanguage\":\"de\"},{\"@type\":\"Organization\",\"@id\":\"https:\\\/\\\/repliquemangacine.fr\\\/#organization\",\"name\":\"R\u00e9plique Manga Cin\u00e9\",\"url\":\"https:\\\/\\\/repliquemangacine.fr\\\/\",\"logo\":{\"@type\":\"ImageObject\",\"inLanguage\":\"de\",\"@id\":\"https:\\\/\\\/repliquemangacine.fr\\\/#\\\/schema\\\/logo\\\/image\\\/\",\"url\":\"https:\\\/\\\/repliquemangacine.fr\\\/wp-content\\\/uploads\\\/2023\\\/10\\\/RMC-500250.png\",\"contentUrl\":\"https:\\\/\\\/repliquemangacine.fr\\\/wp-content\\\/uploads\\\/2023\\\/10\\\/RMC-500250.png\",\"width\":500,\"height\":250,\"caption\":\"R\u00e9plique Manga Cin\u00e9\"},\"image\":{\"@id\":\"https:\\\/\\\/repliquemangacine.fr\\\/#\\\/schema\\\/logo\\\/image\\\/\"},\"sameAs\":[\"https:\\\/\\\/www.facebook.com\\\/RepliqueMangaCine\",\"https:\\\/\\\/www.instagram.com\\\/repliquemangacine.fr\\\/\"]}]}<\/script>\n<!-- \/ Yoast SEO plugin. -->","yoast_head_json":{"title":"Katana Heroes Hiro Nakamura - Online Shop | RMC","description":"Bieten Sie das Katana Heroes Hiro Nakamura aus der Serie zum besten Preis an - 440er Stahlklinge - Lackierte Scheide - Riemen - Griff mit Logo - L\u00e4nge: 107 cm","robots":{"index":"index","follow":"follow","max-snippet":"max-snippet:-1","max-image-preview":"max-image-preview:large","max-video-preview":"max-video-preview:-1"},"canonical":"https:\/\/repliquemangacine.fr\/de\/katana-die-schwerter-aus-filmen-und-serien\/katana-heroes-schwert-von-hiro-nakamura\/","og_locale":"de_DE","og_type":"article","og_title":"Katana Heroes Hiro Nakamura - Boutique en ligne | RMC","og_description":"Offrez-vous le katana Heroes Hiro Nakamura de la s\u00e9rie au meilleur prix - Lame acier 440 - Fourreau laqu\u00e9 - Sangle - Poign\u00e9e avec logo - Longueur : 107 cm","og_url":"https:\/\/repliquemangacine.fr\/de\/katana-die-schwerter-aus-filmen-und-serien\/katana-heroes-schwert-von-hiro-nakamura\/","og_site_name":"R\u00e9plique Manga Cin\u00e9","article_publisher":"https:\/\/www.facebook.com\/RepliqueMangaCine","article_modified_time":"2026-03-16T13:31:19+00:00","og_image":[{"width":800,"height":800,"url":"https:\/\/repliquemangacine.fr\/wp-content\/uploads\/2023\/10\/1377-Katana-Heroes-Epee-de-Hiro-Nakamura.jpg","type":"image\/jpeg"}],"twitter_card":"summary_large_image","twitter_misc":{"Gesch\u00e4tzte Lesezeit":"3\u00a0Minuten"},"schema":{"@context":"https:\/\/schema.org","@graph":[{"@type":"WebPage","@id":"https:\/\/repliquemangacine.fr\/katana-les-epees-de-films-et-series\/katana-heroes-epee-de-hiro-nakamura\/","url":"https:\/\/repliquemangacine.fr\/katana-les-epees-de-films-et-series\/katana-heroes-epee-de-hiro-nakamura\/","name":"Katana Heroes Hiro Nakamura - Online Shop | RMC","isPartOf":{"@id":"https:\/\/repliquemangacine.fr\/#website"},"primaryImageOfPage":{"@id":"https:\/\/repliquemangacine.fr\/katana-les-epees-de-films-et-series\/katana-heroes-epee-de-hiro-nakamura\/#primaryimage"},"image":{"@id":"https:\/\/repliquemangacine.fr\/katana-les-epees-de-films-et-series\/katana-heroes-epee-de-hiro-nakamura\/#primaryimage"},"thumbnailUrl":"https:\/\/repliquemangacine.fr\/wp-content\/uploads\/2023\/10\/1377-Katana-Heroes-Epee-de-Hiro-Nakamura.jpg","datePublished":"2017-01-09T21:06:45+00:00","dateModified":"2026-03-16T13:31:19+00:00","description":"Bieten Sie das Katana Heroes Hiro Nakamura aus der Serie zum besten Preis an - 440er Stahlklinge - Lackierte Scheide - Riemen - Griff mit Logo - L\u00e4nge: 107 cm","breadcrumb":{"@id":"https:\/\/repliquemangacine.fr\/katana-les-epees-de-films-et-series\/katana-heroes-epee-de-hiro-nakamura\/#breadcrumb"},"inLanguage":"de","potentialAction":[{"@type":"ReadAction","target":["https:\/\/repliquemangacine.fr\/katana-les-epees-de-films-et-series\/katana-heroes-epee-de-hiro-nakamura\/"]}]},{"@type":"ImageObject","inLanguage":"de","@id":"https:\/\/repliquemangacine.fr\/katana-les-epees-de-films-et-series\/katana-heroes-epee-de-hiro-nakamura\/#primaryimage","url":"https:\/\/repliquemangacine.fr\/wp-content\/uploads\/2023\/10\/1377-Katana-Heroes-Epee-de-Hiro-Nakamura.jpg","contentUrl":"https:\/\/repliquemangacine.fr\/wp-content\/uploads\/2023\/10\/1377-Katana-Heroes-Epee-de-Hiro-Nakamura.jpg","width":800,"height":800,"caption":"Katana Heroes - Ep\u00e9e de Hiro Nakamura"},{"@type":"BreadcrumbList","@id":"https:\/\/repliquemangacine.fr\/katana-les-epees-de-films-et-series\/katana-heroes-epee-de-hiro-nakamura\/#breadcrumb","itemListElement":[{"@type":"ListItem","position":1,"name":"Accueil","item":"https:\/\/repliquemangacine.fr\/"},{"@type":"ListItem","position":2,"name":"Produits","item":"https:\/\/repliquemangacine.fr\/boutique\/"},{"@type":"ListItem","position":3,"name":"Katana Heroes Hiro Nakamura"}]},{"@type":"WebSite","@id":"https:\/\/repliquemangacine.fr\/#website","url":"https:\/\/repliquemangacine.fr\/","name":"R\u00e9plique Manga Cin\u00e9","description":"","publisher":{"@id":"https:\/\/repliquemangacine.fr\/#organization"},"potentialAction":[{"@type":"SearchAction","target":{"@type":"EntryPoint","urlTemplate":"https:\/\/repliquemangacine.fr\/?s={search_term_string}"},"query-input":{"@type":"PropertyValueSpecification","valueRequired":true,"valueName":"search_term_string"}}],"inLanguage":"de"},{"@type":"Organization","@id":"https:\/\/repliquemangacine.fr\/#organization","name":"R\u00e9plique Manga Cin\u00e9","url":"https:\/\/repliquemangacine.fr\/","logo":{"@type":"ImageObject","inLanguage":"de","@id":"https:\/\/repliquemangacine.fr\/#\/schema\/logo\/image\/","url":"https:\/\/repliquemangacine.fr\/wp-content\/uploads\/2023\/10\/RMC-500250.png","contentUrl":"https:\/\/repliquemangacine.fr\/wp-content\/uploads\/2023\/10\/RMC-500250.png","width":500,"height":250,"caption":"R\u00e9plique Manga Cin\u00e9"},"image":{"@id":"https:\/\/repliquemangacine.fr\/#\/schema\/logo\/image\/"},"sameAs":["https:\/\/www.facebook.com\/RepliqueMangaCine","https:\/\/www.instagram.com\/repliquemangacine.fr\/"]}]}},"_links":{"self":[{"href":"https:\/\/repliquemangacine.fr\/de\/wp-json\/wp\/v2\/product\/26745","targetHints":{"allow":["GET"]}}],"collection":[{"href":"https:\/\/repliquemangacine.fr\/de\/wp-json\/wp\/v2\/product"}],"about":[{"href":"https:\/\/repliquemangacine.fr\/de\/wp-json\/wp\/v2\/types\/product"}],"wp:featuredmedia":[{"embeddable":true,"href":"https:\/\/repliquemangacine.fr\/de\/wp-json\/wp\/v2\/media\/26746"}],"wp:attachment":[{"href":"https:\/\/repliquemangacine.fr\/de\/wp-json\/wp\/v2\/media?parent=26745"}],"wp:term":[{"taxonomy":"product_brand","embeddable":true,"href":"https:\/\/repliquemangacine.fr\/de\/wp-json\/wp\/v2\/product_brand?post=26745"},{"taxonomy":"product_cat","embeddable":true,"href":"https:\/\/repliquemangacine.fr\/de\/wp-json\/wp\/v2\/product_cat?post=26745"},{"taxonomy":"product_tag","embeddable":true,"href":"https:\/\/repliquemangacine.fr\/de\/wp-json\/wp\/v2\/product_tag?post=26745"}],"curies":[{"name":"wp","href":"https:\/\/api.w.org\/{rel}","templated":true}]}}