





{"id":26730,"date":"2017-01-04T19:37:17","date_gmt":"2017-01-04T18:37:17","guid":{"rendered":"https:\/\/repliquemangacine.fr\/?post_type=product&#038;p=26730"},"modified":"2026-04-17T16:12:50","modified_gmt":"2026-04-17T14:12:50","slug":"katana-schmiede-von-michonne","status":"publish","type":"product","link":"https:\/\/repliquemangacine.fr\/de\/katana-forge\/katana-forge-de-michonne\/","title":{"rendered":"Michonnes Katana schneidend"},"content":{"rendered":"<h2>Katana Michonne geschmiedet in The Walking Dead<\/h2>\n<p>Zu Beginn wird der <strong>Katana Michonne geschmiedet<\/strong> ist identisch mit dem der Serie. Scharfe Klinge<\/p>\n<p>Michonne ist ein Hauptcharakter und eine \u00dcberlebende der Epidemie in der AMC-Fernsehserie The Walking Dead. Nachdem sie ihre gesamte Familie verloren hatte, wurde sie zu einer dunkleren, r\u00fccksichtsloseren und pragmatischeren \u00dcberlebenden.<\/p>\n<p>Sehr geschickt mit ihrem Schwert und t\u00f6tet viele Roder. Man sieht sie zum ersten Mal am Ende der zweiten Staffel, zusammen mit zwei verst\u00fcmmelten und angeketteten Rodern. Michonne lernt Rick Grimes kennen. Anfangs misstrauisch einander gegen\u00fcber, entwickeln sie schlie\u00dflich ein Band des Vertrauens und der Freundschaft.<\/p>\n<p>Sp\u00e4ter wurde sie seine Lebensgef\u00e4hrtin. Sie wird zu einem wichtigen Mitglied in Ricks Gruppe. Es ist hervorzuheben, dass das Katana von <a href=\"https:\/\/thewalkingdead.fandom.com\/fr\/wiki\/Michonne_(s\u00e9rie_TV)\" target=\"_blank\" rel=\"noopener noreferrer\">Michonne<\/a> wird im Laufe der Jahreszeiten zum Kult.<\/p>\n<h2>Ihr geschmiedetes Michonne Katana zum besten Preis.<\/h2>\n<p>Wir bieten Ihnen eine gro\u00dfe Auswahl an Repliken der Serie \"The Walking Dead\".<\/p>\n<p>Zun\u00e4chst einmal,<\/p>\n<ul>\n<li>Die <a href=\"https:\/\/repliquemangacine.fr\/de\/the-walking-dead\/replique-revolver-python-6-usa-1955\/\">Rick Grimes' Python-Revolver<\/a> den Sheriff-Helden der Serie.<\/li>\n<li>Aber auch die <a href=\"https:\/\/repliquemangacine.fr\/de\/the-walking-dead\/batte-de-lucille-en-mousse-rigide\/\">Negans Schl\u00e4ger<\/a> mit dem Spitznamen Lucille aus Schaumstoff.<\/li>\n<li>Und viele andere, die es in unserem Online-Shop zu entdecken gibt!<\/li>\n<\/ul>\n<p>Deshalb ist dies eine tolle Geschenkidee f\u00fcr Fans der Serie \"The Walking Dead\".<\/p>\n<p>Abschlie\u00dfend k\u00f6nnen Sie den <strong>Katana Michonne geschmiedet<\/strong> f\u00fcr Ihre Cosplay-Parade oder Ihre Themenabende. Vor allem aber ist es ein Sammler- und Dekorationsst\u00fcck.<\/p>\n<h2>Wie pflegt man die Klinge seines Walking Dead Katanas?<\/h2>\n<p>Katana f\u00fcr Sammlungen und Dekorationen werden auf vereinfachte Weise hergestellt und zusammengebaut. Da sie zu Dekorationszwecken verwendet werden, verf\u00fcgen sie nicht \u00fcber die Sicherheitsmerkmale, die ein japanisches Schwert f\u00fcr Trainingszwecke aufweisen muss.<\/p>\n<p>Allerdings ist Ihr <strong>geschmiedetes Michonne-Katana<\/strong> zu einer Stahlklinge, die gepflegt werden muss, damit sie nicht mit der Zeit abgenutzt wird. Denn wenn du dein Katana ausstellst, werden deine Freunde neugierig sein, die Klinge zu sehen und sie zu ber\u00fchren. Hier ist Vorsicht geboten, denn Sie sollten wissen, dass die S\u00e4ure der Finger dem Stahl unabh\u00e4ngig von seiner Qualit\u00e4t sehr schadet.<\/p>\n<p>Wenn dies jedoch passiert, keine Panik, Sie brauchen nur ein Tuch, das mit etwas \u00d6l befeuchtet ist, und wischen die Fingerabdr\u00fccke ab. Wenn Sie dies tun, werden Sie Ihr Schwert sehr lange behalten.<\/p>","protected":false},"excerpt":{"rendered":"<p>Michonnes Katana, geschmiedet in The Walking dead.<\/p>\n<ul>\n<li>Klinge aus geschmiedetem Stahl mit hohem Kohlenstoffgehalt.<\/li>\n<li>Gravur des Stammessymbols.<\/li>\n<li>Garde und Knauf aus Stahl.<\/li>\n<li>Mit Leder \u00fcberzogene Holzscheide.<\/li>\n<li>Griff mit einem wei\u00dfen Baumwollgeflecht umwickelt.<\/li>\n<li>L\u00e4nge der Klinge: 69 cm - Gesamtl\u00e4nge: 102 cm<\/li>\n<\/ul>","protected":false},"featured_media":26731,"template":"","meta":[],"product_brand":[896],"product_cat":[24,26,38,62],"product_tag":[],"class_list":{"0":"post-26730","1":"product","2":"type-product","3":"status-publish","4":"has-post-thumbnail","6":"product_brand-replique-manga-cine","7":"product_cat-films-series-tv-vente-de-katana-epee-et-produits-derives","8":"product_cat-katana-epee","9":"product_cat-katana-forge","10":"product_cat-armes-the-walking-dead","12":"first","13":"instock","14":"taxable","15":"shipping-taxable","16":"purchasable","17":"product-type-simple"},"yoast_head":"<!-- This site is optimized with the Yoast SEO plugin v27.5 - https:\/\/yoast.com\/product\/yoast-seo-wordpress\/ -->\n<title>Katana Michonne forg\u00e9 - The walking dead - R\u00e9plique Manga Cin\u00e9<\/title>\n<meta name=\"description\" content=\"Commandez ce katana Michonne, forg\u00e9 The Walking Dead au meilleur prix - Lame aff\u00fbt\u00e9e - Fourreau similicuir avec lani\u00e8re - Longueur totale : 102 cm\" \/>\n<meta name=\"robots\" content=\"index, follow, max-snippet:-1, max-image-preview:large, max-video-preview:-1\" \/>\n<link rel=\"canonical\" href=\"https:\/\/repliquemangacine.fr\/de\/katana-schmiede\/katana-schmiede-von-michonne\/\" \/>\n<meta property=\"og:locale\" content=\"de_DE\" \/>\n<meta property=\"og:type\" content=\"article\" \/>\n<meta property=\"og:title\" content=\"Katana Michonne forg\u00e9 - The walking dead - R\u00e9plique Manga Cin\u00e9\" \/>\n<meta property=\"og:description\" content=\"Commandez ce katana Michonne, forg\u00e9 The Walking Dead au meilleur prix - Lame aff\u00fbt\u00e9e - Fourreau similicuir avec lani\u00e8re - Longueur totale : 102 cm\" \/>\n<meta property=\"og:url\" content=\"https:\/\/repliquemangacine.fr\/de\/katana-schmiede\/katana-schmiede-von-michonne\/\" \/>\n<meta property=\"og:site_name\" content=\"R\u00e9plique Manga Cin\u00e9\" \/>\n<meta property=\"article:publisher\" content=\"https:\/\/www.facebook.com\/RepliqueMangaCine\" \/>\n<meta property=\"article:modified_time\" content=\"2026-04-17T14:12:50+00:00\" \/>\n<meta property=\"og:image\" content=\"https:\/\/repliquemangacine.fr\/wp-content\/uploads\/2023\/10\/1361-Katana-Forge-de-Michonne.jpg\" \/>\n\t<meta property=\"og:image:width\" content=\"800\" \/>\n\t<meta property=\"og:image:height\" content=\"800\" \/>\n\t<meta property=\"og:image:type\" content=\"image\/jpeg\" \/>\n<meta name=\"twitter:card\" content=\"summary_large_image\" \/>\n<meta name=\"twitter:label1\" content=\"Gesch\u00e4tzte Lesezeit\" \/>\n\t<meta name=\"twitter:data1\" content=\"2\u00a0Minuten\" \/>\n<script type=\"application\/ld+json\" class=\"yoast-schema-graph\">{\"@context\":\"https:\\\/\\\/schema.org\",\"@graph\":[{\"@type\":\"WebPage\",\"@id\":\"https:\\\/\\\/repliquemangacine.fr\\\/katana-forge\\\/katana-forge-de-michonne\\\/\",\"url\":\"https:\\\/\\\/repliquemangacine.fr\\\/katana-forge\\\/katana-forge-de-michonne\\\/\",\"name\":\"Katana Michonne forg\u00e9 - The walking dead - R\u00e9plique Manga Cin\u00e9\",\"isPartOf\":{\"@id\":\"https:\\\/\\\/repliquemangacine.fr\\\/#website\"},\"primaryImageOfPage\":{\"@id\":\"https:\\\/\\\/repliquemangacine.fr\\\/katana-forge\\\/katana-forge-de-michonne\\\/#primaryimage\"},\"image\":{\"@id\":\"https:\\\/\\\/repliquemangacine.fr\\\/katana-forge\\\/katana-forge-de-michonne\\\/#primaryimage\"},\"thumbnailUrl\":\"https:\\\/\\\/repliquemangacine.fr\\\/wp-content\\\/uploads\\\/2023\\\/10\\\/1361-Katana-Forge-de-Michonne.jpg\",\"datePublished\":\"2017-01-04T18:37:17+00:00\",\"dateModified\":\"2026-04-17T14:12:50+00:00\",\"description\":\"Commandez ce katana Michonne, forg\u00e9 The Walking Dead au meilleur prix - Lame aff\u00fbt\u00e9e - Fourreau similicuir avec lani\u00e8re - Longueur totale : 102 cm\",\"breadcrumb\":{\"@id\":\"https:\\\/\\\/repliquemangacine.fr\\\/katana-forge\\\/katana-forge-de-michonne\\\/#breadcrumb\"},\"inLanguage\":\"de\",\"potentialAction\":[{\"@type\":\"ReadAction\",\"target\":[\"https:\\\/\\\/repliquemangacine.fr\\\/katana-forge\\\/katana-forge-de-michonne\\\/\"]}]},{\"@type\":\"ImageObject\",\"inLanguage\":\"de\",\"@id\":\"https:\\\/\\\/repliquemangacine.fr\\\/katana-forge\\\/katana-forge-de-michonne\\\/#primaryimage\",\"url\":\"https:\\\/\\\/repliquemangacine.fr\\\/wp-content\\\/uploads\\\/2023\\\/10\\\/1361-Katana-Forge-de-Michonne.jpg\",\"contentUrl\":\"https:\\\/\\\/repliquemangacine.fr\\\/wp-content\\\/uploads\\\/2023\\\/10\\\/1361-Katana-Forge-de-Michonne.jpg\",\"width\":800,\"height\":800,\"caption\":\"Katana de Michonne coupant\"},{\"@type\":\"BreadcrumbList\",\"@id\":\"https:\\\/\\\/repliquemangacine.fr\\\/katana-forge\\\/katana-forge-de-michonne\\\/#breadcrumb\",\"itemListElement\":[{\"@type\":\"ListItem\",\"position\":1,\"name\":\"Accueil\",\"item\":\"https:\\\/\\\/repliquemangacine.fr\\\/\"},{\"@type\":\"ListItem\",\"position\":2,\"name\":\"Produits\",\"item\":\"https:\\\/\\\/repliquemangacine.fr\\\/boutique\\\/\"},{\"@type\":\"ListItem\",\"position\":3,\"name\":\"Katana de Michonne coupant\"}]},{\"@type\":\"WebSite\",\"@id\":\"https:\\\/\\\/repliquemangacine.fr\\\/#website\",\"url\":\"https:\\\/\\\/repliquemangacine.fr\\\/\",\"name\":\"R\u00e9plique Manga Cin\u00e9\",\"description\":\"\",\"publisher\":{\"@id\":\"https:\\\/\\\/repliquemangacine.fr\\\/#organization\"},\"potentialAction\":[{\"@type\":\"SearchAction\",\"target\":{\"@type\":\"EntryPoint\",\"urlTemplate\":\"https:\\\/\\\/repliquemangacine.fr\\\/?s={search_term_string}\"},\"query-input\":{\"@type\":\"PropertyValueSpecification\",\"valueRequired\":true,\"valueName\":\"search_term_string\"}}],\"inLanguage\":\"de\"},{\"@type\":\"Organization\",\"@id\":\"https:\\\/\\\/repliquemangacine.fr\\\/#organization\",\"name\":\"R\u00e9plique Manga Cin\u00e9\",\"url\":\"https:\\\/\\\/repliquemangacine.fr\\\/\",\"logo\":{\"@type\":\"ImageObject\",\"inLanguage\":\"de\",\"@id\":\"https:\\\/\\\/repliquemangacine.fr\\\/#\\\/schema\\\/logo\\\/image\\\/\",\"url\":\"https:\\\/\\\/repliquemangacine.fr\\\/wp-content\\\/uploads\\\/2023\\\/10\\\/RMC-500250.png\",\"contentUrl\":\"https:\\\/\\\/repliquemangacine.fr\\\/wp-content\\\/uploads\\\/2023\\\/10\\\/RMC-500250.png\",\"width\":500,\"height\":250,\"caption\":\"R\u00e9plique Manga Cin\u00e9\"},\"image\":{\"@id\":\"https:\\\/\\\/repliquemangacine.fr\\\/#\\\/schema\\\/logo\\\/image\\\/\"},\"sameAs\":[\"https:\\\/\\\/www.facebook.com\\\/RepliqueMangaCine\",\"https:\\\/\\\/www.instagram.com\\\/repliquemangacine.fr\\\/\"]}]}<\/script>\n<!-- \/ Yoast SEO plugin. -->","yoast_head_json":{"title":"Katana Michonne geschmiedet - The walking dead - R\u00e9plique Manga Cin\u00e9","description":"Bestellen Sie dieses Katana Michonne, geschmiedet The Walking Dead zum besten Preis - Gesch\u00e4rfte Klinge - Kunstlederscheide mit Riemen - Gesamtl\u00e4nge: 102 cm","robots":{"index":"index","follow":"follow","max-snippet":"max-snippet:-1","max-image-preview":"max-image-preview:large","max-video-preview":"max-video-preview:-1"},"canonical":"https:\/\/repliquemangacine.fr\/de\/katana-schmiede\/katana-schmiede-von-michonne\/","og_locale":"de_DE","og_type":"article","og_title":"Katana Michonne forg\u00e9 - The walking dead - R\u00e9plique Manga Cin\u00e9","og_description":"Commandez ce katana Michonne, forg\u00e9 The Walking Dead au meilleur prix - Lame aff\u00fbt\u00e9e - Fourreau similicuir avec lani\u00e8re - Longueur totale : 102 cm","og_url":"https:\/\/repliquemangacine.fr\/de\/katana-schmiede\/katana-schmiede-von-michonne\/","og_site_name":"R\u00e9plique Manga Cin\u00e9","article_publisher":"https:\/\/www.facebook.com\/RepliqueMangaCine","article_modified_time":"2026-04-17T14:12:50+00:00","og_image":[{"width":800,"height":800,"url":"https:\/\/repliquemangacine.fr\/wp-content\/uploads\/2023\/10\/1361-Katana-Forge-de-Michonne.jpg","type":"image\/jpeg"}],"twitter_card":"summary_large_image","twitter_misc":{"Gesch\u00e4tzte Lesezeit":"2\u00a0Minuten"},"schema":{"@context":"https:\/\/schema.org","@graph":[{"@type":"WebPage","@id":"https:\/\/repliquemangacine.fr\/katana-forge\/katana-forge-de-michonne\/","url":"https:\/\/repliquemangacine.fr\/katana-forge\/katana-forge-de-michonne\/","name":"Katana Michonne geschmiedet - The walking dead - R\u00e9plique Manga Cin\u00e9","isPartOf":{"@id":"https:\/\/repliquemangacine.fr\/#website"},"primaryImageOfPage":{"@id":"https:\/\/repliquemangacine.fr\/katana-forge\/katana-forge-de-michonne\/#primaryimage"},"image":{"@id":"https:\/\/repliquemangacine.fr\/katana-forge\/katana-forge-de-michonne\/#primaryimage"},"thumbnailUrl":"https:\/\/repliquemangacine.fr\/wp-content\/uploads\/2023\/10\/1361-Katana-Forge-de-Michonne.jpg","datePublished":"2017-01-04T18:37:17+00:00","dateModified":"2026-04-17T14:12:50+00:00","description":"Bestellen Sie dieses Katana Michonne, geschmiedet The Walking Dead zum besten Preis - Gesch\u00e4rfte Klinge - Kunstlederscheide mit Riemen - Gesamtl\u00e4nge: 102 cm","breadcrumb":{"@id":"https:\/\/repliquemangacine.fr\/katana-forge\/katana-forge-de-michonne\/#breadcrumb"},"inLanguage":"de","potentialAction":[{"@type":"ReadAction","target":["https:\/\/repliquemangacine.fr\/katana-forge\/katana-forge-de-michonne\/"]}]},{"@type":"ImageObject","inLanguage":"de","@id":"https:\/\/repliquemangacine.fr\/katana-forge\/katana-forge-de-michonne\/#primaryimage","url":"https:\/\/repliquemangacine.fr\/wp-content\/uploads\/2023\/10\/1361-Katana-Forge-de-Michonne.jpg","contentUrl":"https:\/\/repliquemangacine.fr\/wp-content\/uploads\/2023\/10\/1361-Katana-Forge-de-Michonne.jpg","width":800,"height":800,"caption":"Katana de Michonne coupant"},{"@type":"BreadcrumbList","@id":"https:\/\/repliquemangacine.fr\/katana-forge\/katana-forge-de-michonne\/#breadcrumb","itemListElement":[{"@type":"ListItem","position":1,"name":"Accueil","item":"https:\/\/repliquemangacine.fr\/"},{"@type":"ListItem","position":2,"name":"Produits","item":"https:\/\/repliquemangacine.fr\/boutique\/"},{"@type":"ListItem","position":3,"name":"Katana de Michonne coupant"}]},{"@type":"WebSite","@id":"https:\/\/repliquemangacine.fr\/#website","url":"https:\/\/repliquemangacine.fr\/","name":"R\u00e9plique Manga Cin\u00e9","description":"","publisher":{"@id":"https:\/\/repliquemangacine.fr\/#organization"},"potentialAction":[{"@type":"SearchAction","target":{"@type":"EntryPoint","urlTemplate":"https:\/\/repliquemangacine.fr\/?s={search_term_string}"},"query-input":{"@type":"PropertyValueSpecification","valueRequired":true,"valueName":"search_term_string"}}],"inLanguage":"de"},{"@type":"Organization","@id":"https:\/\/repliquemangacine.fr\/#organization","name":"R\u00e9plique Manga Cin\u00e9","url":"https:\/\/repliquemangacine.fr\/","logo":{"@type":"ImageObject","inLanguage":"de","@id":"https:\/\/repliquemangacine.fr\/#\/schema\/logo\/image\/","url":"https:\/\/repliquemangacine.fr\/wp-content\/uploads\/2023\/10\/RMC-500250.png","contentUrl":"https:\/\/repliquemangacine.fr\/wp-content\/uploads\/2023\/10\/RMC-500250.png","width":500,"height":250,"caption":"R\u00e9plique Manga Cin\u00e9"},"image":{"@id":"https:\/\/repliquemangacine.fr\/#\/schema\/logo\/image\/"},"sameAs":["https:\/\/www.facebook.com\/RepliqueMangaCine","https:\/\/www.instagram.com\/repliquemangacine.fr\/"]}]}},"_links":{"self":[{"href":"https:\/\/repliquemangacine.fr\/de\/wp-json\/wp\/v2\/product\/26730","targetHints":{"allow":["GET"]}}],"collection":[{"href":"https:\/\/repliquemangacine.fr\/de\/wp-json\/wp\/v2\/product"}],"about":[{"href":"https:\/\/repliquemangacine.fr\/de\/wp-json\/wp\/v2\/types\/product"}],"wp:featuredmedia":[{"embeddable":true,"href":"https:\/\/repliquemangacine.fr\/de\/wp-json\/wp\/v2\/media\/26731"}],"wp:attachment":[{"href":"https:\/\/repliquemangacine.fr\/de\/wp-json\/wp\/v2\/media?parent=26730"}],"wp:term":[{"taxonomy":"product_brand","embeddable":true,"href":"https:\/\/repliquemangacine.fr\/de\/wp-json\/wp\/v2\/product_brand?post=26730"},{"taxonomy":"product_cat","embeddable":true,"href":"https:\/\/repliquemangacine.fr\/de\/wp-json\/wp\/v2\/product_cat?post=26730"},{"taxonomy":"product_tag","embeddable":true,"href":"https:\/\/repliquemangacine.fr\/de\/wp-json\/wp\/v2\/product_tag?post=26730"}],"curies":[{"name":"wp","href":"https:\/\/api.w.org\/{rel}","templated":true}]}}