





{"id":26711,"date":"2017-01-04T14:10:13","date_gmt":"2017-01-04T13:10:13","guid":{"rendered":"https:\/\/repliquemangacine.fr\/?post_type=product&#038;p=26711"},"modified":"2026-04-28T22:15:08","modified_gmt":"2026-04-28T20:15:08","slug":"katana-stander-1-platz-zum-aufstellen","status":"publish","type":"product","link":"https:\/\/repliquemangacine.fr\/de\/accessoires-katana\/support-katana-1-place-a-poser\/","title":{"rendered":"Katana-Halterung 1 Platz"},"content":{"rendered":"<h2>Katana-Halterung 1 Platz<\/h2>\n<p>Zu Beginn wird der <strong>Katana-Halterung 1 Platz<\/strong>Der Katana-St\u00e4nder spielt eine wichtige Rolle bei der Pr\u00e4sentation Ihrer Katanas. Denn seine St\u00e4nder sind daf\u00fcr gemacht, Ihre Sammlung und Ihr Zuhause zu versch\u00f6nern.<\/p>\n<p>Es gibt verschiedene Versionen von St\u00e4ndern f\u00fcr Katanas, Schwerter oder S\u00e4bel mit unterschiedlichen Aufmachungen zum Beispiel :<\/p>\n<ul>\n<li>Wandhalterungen: Sie sind dazu gedacht, an der Wand befestigt zu werden, um eine h\u00e4ngende Pr\u00e4sentation zu erm\u00f6glichen, die der Ausstellung Ihrer Waffen eine elegante und dekorative Note verleiht. Sie k\u00f6nnen aus Holz oder Metall sein.<\/li>\n<li>Aufstellbare St\u00e4nder: Sie sind f\u00fcr die Pr\u00e4sentation auf einem M\u00f6belst\u00fcck, einem Tisch oder einem Schreibtisch gedacht. Sie bestehen in der Regel aus Holz und werden ohne N\u00e4gel oder Schrauben zusammengesteckt.<\/li>\n<li>Vertikale St\u00e4nder: Meist aus Holz, dazu gedacht, Ihr Katana vertikal auszustellen.<\/li>\n<\/ul>\n<h2>Ihre Repliken von Katanas und Schwertern zum besten Preis.<\/h2>\n<p>Wir bieten Ihnen eine gro\u00dfe Auswahl an g\u00fcnstigen Reproduktionen von Schwertern und Katanas.<\/p>\n<p>Zun\u00e4chst einmal,<\/p>\n<ul>\n<li>Die <a href=\"https:\/\/repliquemangacine.fr\/de\/filme-tv-serien-verkauf-von-katana-schwertern-und-derivaten\/katana-heroes-schwert-von-hiro-nakamura\/\">Katana von Hiro Nakamura<\/a> in der Serie Heroes<\/li>\n<li>Sowie das <a href=\"https:\/\/repliquemangacine.fr\/de\/waffen-the-walking-dead\/michonnes-katana\/\">Michonnes Katana<\/a> in Walking Dead, nicht schneidende Version<\/li>\n<li>Au\u00dferdem gibt es das legend\u00e4re Schwert Excalibur von K\u00f6nig Artus.<\/li>\n<li>Und noch viel mehr gibt es in unserem Online-Shop zu entdecken!<\/li>\n<\/ul>\n<p>Deshalb sind hier tolle Geschenkideen f\u00fcr alle, die Geschichten lieben.<\/p>\n<p>Abschlie\u00dfend k\u00f6nnen Sie Ihr <strong>Katana-Halterung 1 Platz<\/strong> um alle Ihre Sammlerwaffen auszustellen.<\/p>\n<p>R\u00e9plique Manga Cin\u00e9 ist ein franz\u00f6sisches Familienunternehmen und offizieller Vertriebspartner der Marke <a href=\"https:\/\/www.denix.fr\/\" target=\"_blank\" rel=\"noopener noreferrer\">Denix<\/a>.<\/p>","protected":false},"excerpt":{"rendered":"<p>Mit diesem St\u00e4nder k\u00f6nnen Sie Ihr Katana auf einem M\u00f6belst\u00fcck oder einem Tisch ausstellen.<\/p>\n<ul>\n<li>Ganz aus Holz.<\/li>\n<li>Japanische Inschrift auf der Vorderseite.<\/li>\n<li>Breite: 35.7 cm - H\u00f6he: 15 cm<\/li>\n<\/ul>\n<p>&nbsp;<\/p>","protected":false},"featured_media":26712,"template":"","meta":[],"product_brand":[896],"product_cat":[50,26],"product_tag":[],"class_list":{"0":"post-26711","1":"product","2":"type-product","3":"status-publish","4":"has-post-thumbnail","6":"product_brand-replique-manga-cine","7":"product_cat-accessoires-katana","8":"product_cat-katana-epee","10":"first","11":"instock","12":"taxable","13":"shipping-taxable","14":"purchasable","15":"product-type-simple"},"yoast_head":"<!-- This site is optimized with the Yoast SEO plugin v27.5 - https:\/\/yoast.com\/product\/yoast-seo-wordpress\/ -->\n<title>Support Katana 1 place - Vente d&#039;Accessoires katana | RMC<\/title>\n<meta name=\"description\" content=\"Vente en ligne de Support katana 1 place pour exposer vos \u00e9p\u00e9es et sabres aux meilleurs prix - Tout en bois - Montage par embo\u00eetement - Largeur : 35.7 cm\" \/>\n<meta name=\"robots\" content=\"index, follow, max-snippet:-1, max-image-preview:large, max-video-preview:-1\" \/>\n<link rel=\"canonical\" href=\"https:\/\/repliquemangacine.fr\/de\/katana-zubehor\/katana-stander-1-platz-zum-aufstellen\/\" \/>\n<meta property=\"og:locale\" content=\"de_DE\" \/>\n<meta property=\"og:type\" content=\"article\" \/>\n<meta property=\"og:title\" content=\"Support Katana 1 place - Vente d&#039;Accessoires katana | RMC\" \/>\n<meta property=\"og:description\" content=\"Vente en ligne de Support katana 1 place pour exposer vos \u00e9p\u00e9es et sabres aux meilleurs prix - Tout en bois - Montage par embo\u00eetement - Largeur : 35.7 cm\" \/>\n<meta property=\"og:url\" content=\"https:\/\/repliquemangacine.fr\/de\/katana-zubehor\/katana-stander-1-platz-zum-aufstellen\/\" \/>\n<meta property=\"og:site_name\" content=\"R\u00e9plique Manga Cin\u00e9\" \/>\n<meta property=\"article:publisher\" content=\"https:\/\/www.facebook.com\/RepliqueMangaCine\" \/>\n<meta property=\"article:modified_time\" content=\"2026-04-28T20:15:08+00:00\" \/>\n<meta property=\"og:image\" content=\"https:\/\/repliquemangacine.fr\/wp-content\/uploads\/2023\/10\/1348-Support-katana-a-poser.jpg\" \/>\n\t<meta property=\"og:image:width\" content=\"800\" \/>\n\t<meta property=\"og:image:height\" content=\"800\" \/>\n\t<meta property=\"og:image:type\" content=\"image\/jpeg\" \/>\n<meta name=\"twitter:card\" content=\"summary_large_image\" \/>\n<meta name=\"twitter:label1\" content=\"Gesch\u00e4tzte Lesezeit\" \/>\n\t<meta name=\"twitter:data1\" content=\"2\u00a0Minuten\" \/>\n<script type=\"application\/ld+json\" class=\"yoast-schema-graph\">{\"@context\":\"https:\\\/\\\/schema.org\",\"@graph\":[{\"@type\":\"WebPage\",\"@id\":\"https:\\\/\\\/repliquemangacine.fr\\\/accessoires-katana\\\/support-katana-1-place-a-poser\\\/\",\"url\":\"https:\\\/\\\/repliquemangacine.fr\\\/accessoires-katana\\\/support-katana-1-place-a-poser\\\/\",\"name\":\"Support Katana 1 place - Vente d'Accessoires katana | RMC\",\"isPartOf\":{\"@id\":\"https:\\\/\\\/repliquemangacine.fr\\\/#website\"},\"primaryImageOfPage\":{\"@id\":\"https:\\\/\\\/repliquemangacine.fr\\\/accessoires-katana\\\/support-katana-1-place-a-poser\\\/#primaryimage\"},\"image\":{\"@id\":\"https:\\\/\\\/repliquemangacine.fr\\\/accessoires-katana\\\/support-katana-1-place-a-poser\\\/#primaryimage\"},\"thumbnailUrl\":\"https:\\\/\\\/repliquemangacine.fr\\\/wp-content\\\/uploads\\\/2023\\\/10\\\/1348-Support-katana-a-poser.jpg\",\"datePublished\":\"2017-01-04T13:10:13+00:00\",\"dateModified\":\"2026-04-28T20:15:08+00:00\",\"description\":\"Vente en ligne de Support katana 1 place pour exposer vos \u00e9p\u00e9es et sabres aux meilleurs prix - Tout en bois - Montage par embo\u00eetement - Largeur : 35.7 cm\",\"breadcrumb\":{\"@id\":\"https:\\\/\\\/repliquemangacine.fr\\\/accessoires-katana\\\/support-katana-1-place-a-poser\\\/#breadcrumb\"},\"inLanguage\":\"de\",\"potentialAction\":[{\"@type\":\"ReadAction\",\"target\":[\"https:\\\/\\\/repliquemangacine.fr\\\/accessoires-katana\\\/support-katana-1-place-a-poser\\\/\"]}]},{\"@type\":\"ImageObject\",\"inLanguage\":\"de\",\"@id\":\"https:\\\/\\\/repliquemangacine.fr\\\/accessoires-katana\\\/support-katana-1-place-a-poser\\\/#primaryimage\",\"url\":\"https:\\\/\\\/repliquemangacine.fr\\\/wp-content\\\/uploads\\\/2023\\\/10\\\/1348-Support-katana-a-poser.jpg\",\"contentUrl\":\"https:\\\/\\\/repliquemangacine.fr\\\/wp-content\\\/uploads\\\/2023\\\/10\\\/1348-Support-katana-a-poser.jpg\",\"width\":800,\"height\":800,\"caption\":\"Support katana \u00e0 poser\"},{\"@type\":\"BreadcrumbList\",\"@id\":\"https:\\\/\\\/repliquemangacine.fr\\\/accessoires-katana\\\/support-katana-1-place-a-poser\\\/#breadcrumb\",\"itemListElement\":[{\"@type\":\"ListItem\",\"position\":1,\"name\":\"Accueil\",\"item\":\"https:\\\/\\\/repliquemangacine.fr\\\/\"},{\"@type\":\"ListItem\",\"position\":2,\"name\":\"Produits\",\"item\":\"https:\\\/\\\/repliquemangacine.fr\\\/boutique\\\/\"},{\"@type\":\"ListItem\",\"position\":3,\"name\":\"Support katana 1 Place\"}]},{\"@type\":\"WebSite\",\"@id\":\"https:\\\/\\\/repliquemangacine.fr\\\/#website\",\"url\":\"https:\\\/\\\/repliquemangacine.fr\\\/\",\"name\":\"R\u00e9plique Manga Cin\u00e9\",\"description\":\"\",\"publisher\":{\"@id\":\"https:\\\/\\\/repliquemangacine.fr\\\/#organization\"},\"potentialAction\":[{\"@type\":\"SearchAction\",\"target\":{\"@type\":\"EntryPoint\",\"urlTemplate\":\"https:\\\/\\\/repliquemangacine.fr\\\/?s={search_term_string}\"},\"query-input\":{\"@type\":\"PropertyValueSpecification\",\"valueRequired\":true,\"valueName\":\"search_term_string\"}}],\"inLanguage\":\"de\"},{\"@type\":\"Organization\",\"@id\":\"https:\\\/\\\/repliquemangacine.fr\\\/#organization\",\"name\":\"R\u00e9plique Manga Cin\u00e9\",\"url\":\"https:\\\/\\\/repliquemangacine.fr\\\/\",\"logo\":{\"@type\":\"ImageObject\",\"inLanguage\":\"de\",\"@id\":\"https:\\\/\\\/repliquemangacine.fr\\\/#\\\/schema\\\/logo\\\/image\\\/\",\"url\":\"https:\\\/\\\/repliquemangacine.fr\\\/wp-content\\\/uploads\\\/2023\\\/10\\\/RMC-500250.png\",\"contentUrl\":\"https:\\\/\\\/repliquemangacine.fr\\\/wp-content\\\/uploads\\\/2023\\\/10\\\/RMC-500250.png\",\"width\":500,\"height\":250,\"caption\":\"R\u00e9plique Manga Cin\u00e9\"},\"image\":{\"@id\":\"https:\\\/\\\/repliquemangacine.fr\\\/#\\\/schema\\\/logo\\\/image\\\/\"},\"sameAs\":[\"https:\\\/\\\/www.facebook.com\\\/RepliqueMangaCine\",\"https:\\\/\\\/www.instagram.com\\\/repliquemangacine.fr\\\/\"]}]}<\/script>\n<!-- \/ Yoast SEO plugin. -->","yoast_head_json":{"title":"Katana-Halterung 1 Platz - Verkauf von Katana-Zubeh\u00f6r | RMC","description":"Online-Versteigerung von Katana-St\u00e4nder 1 Platz, um Ihre Schwerter und S\u00e4bel zu den besten Preisen auszustellen - Ganz aus Holz - Montage durch Zusammenstecken - Breite: 35.7 cm","robots":{"index":"index","follow":"follow","max-snippet":"max-snippet:-1","max-image-preview":"max-image-preview:large","max-video-preview":"max-video-preview:-1"},"canonical":"https:\/\/repliquemangacine.fr\/de\/katana-zubehor\/katana-stander-1-platz-zum-aufstellen\/","og_locale":"de_DE","og_type":"article","og_title":"Support Katana 1 place - Vente d'Accessoires katana | RMC","og_description":"Vente en ligne de Support katana 1 place pour exposer vos \u00e9p\u00e9es et sabres aux meilleurs prix - Tout en bois - Montage par embo\u00eetement - Largeur : 35.7 cm","og_url":"https:\/\/repliquemangacine.fr\/de\/katana-zubehor\/katana-stander-1-platz-zum-aufstellen\/","og_site_name":"R\u00e9plique Manga Cin\u00e9","article_publisher":"https:\/\/www.facebook.com\/RepliqueMangaCine","article_modified_time":"2026-04-28T20:15:08+00:00","og_image":[{"width":800,"height":800,"url":"https:\/\/repliquemangacine.fr\/wp-content\/uploads\/2023\/10\/1348-Support-katana-a-poser.jpg","type":"image\/jpeg"}],"twitter_card":"summary_large_image","twitter_misc":{"Gesch\u00e4tzte Lesezeit":"2\u00a0Minuten"},"schema":{"@context":"https:\/\/schema.org","@graph":[{"@type":"WebPage","@id":"https:\/\/repliquemangacine.fr\/accessoires-katana\/support-katana-1-place-a-poser\/","url":"https:\/\/repliquemangacine.fr\/accessoires-katana\/support-katana-1-place-a-poser\/","name":"Katana-Halterung 1 Platz - Verkauf von Katana-Zubeh\u00f6r | RMC","isPartOf":{"@id":"https:\/\/repliquemangacine.fr\/#website"},"primaryImageOfPage":{"@id":"https:\/\/repliquemangacine.fr\/accessoires-katana\/support-katana-1-place-a-poser\/#primaryimage"},"image":{"@id":"https:\/\/repliquemangacine.fr\/accessoires-katana\/support-katana-1-place-a-poser\/#primaryimage"},"thumbnailUrl":"https:\/\/repliquemangacine.fr\/wp-content\/uploads\/2023\/10\/1348-Support-katana-a-poser.jpg","datePublished":"2017-01-04T13:10:13+00:00","dateModified":"2026-04-28T20:15:08+00:00","description":"Online-Versteigerung von Katana-St\u00e4nder 1 Platz, um Ihre Schwerter und S\u00e4bel zu den besten Preisen auszustellen - Ganz aus Holz - Montage durch Zusammenstecken - Breite: 35.7 cm","breadcrumb":{"@id":"https:\/\/repliquemangacine.fr\/accessoires-katana\/support-katana-1-place-a-poser\/#breadcrumb"},"inLanguage":"de","potentialAction":[{"@type":"ReadAction","target":["https:\/\/repliquemangacine.fr\/accessoires-katana\/support-katana-1-place-a-poser\/"]}]},{"@type":"ImageObject","inLanguage":"de","@id":"https:\/\/repliquemangacine.fr\/accessoires-katana\/support-katana-1-place-a-poser\/#primaryimage","url":"https:\/\/repliquemangacine.fr\/wp-content\/uploads\/2023\/10\/1348-Support-katana-a-poser.jpg","contentUrl":"https:\/\/repliquemangacine.fr\/wp-content\/uploads\/2023\/10\/1348-Support-katana-a-poser.jpg","width":800,"height":800,"caption":"Support katana \u00e0 poser"},{"@type":"BreadcrumbList","@id":"https:\/\/repliquemangacine.fr\/accessoires-katana\/support-katana-1-place-a-poser\/#breadcrumb","itemListElement":[{"@type":"ListItem","position":1,"name":"Accueil","item":"https:\/\/repliquemangacine.fr\/"},{"@type":"ListItem","position":2,"name":"Produits","item":"https:\/\/repliquemangacine.fr\/boutique\/"},{"@type":"ListItem","position":3,"name":"Support katana 1 Place"}]},{"@type":"WebSite","@id":"https:\/\/repliquemangacine.fr\/#website","url":"https:\/\/repliquemangacine.fr\/","name":"R\u00e9plique Manga Cin\u00e9","description":"","publisher":{"@id":"https:\/\/repliquemangacine.fr\/#organization"},"potentialAction":[{"@type":"SearchAction","target":{"@type":"EntryPoint","urlTemplate":"https:\/\/repliquemangacine.fr\/?s={search_term_string}"},"query-input":{"@type":"PropertyValueSpecification","valueRequired":true,"valueName":"search_term_string"}}],"inLanguage":"de"},{"@type":"Organization","@id":"https:\/\/repliquemangacine.fr\/#organization","name":"R\u00e9plique Manga Cin\u00e9","url":"https:\/\/repliquemangacine.fr\/","logo":{"@type":"ImageObject","inLanguage":"de","@id":"https:\/\/repliquemangacine.fr\/#\/schema\/logo\/image\/","url":"https:\/\/repliquemangacine.fr\/wp-content\/uploads\/2023\/10\/RMC-500250.png","contentUrl":"https:\/\/repliquemangacine.fr\/wp-content\/uploads\/2023\/10\/RMC-500250.png","width":500,"height":250,"caption":"R\u00e9plique Manga Cin\u00e9"},"image":{"@id":"https:\/\/repliquemangacine.fr\/#\/schema\/logo\/image\/"},"sameAs":["https:\/\/www.facebook.com\/RepliqueMangaCine","https:\/\/www.instagram.com\/repliquemangacine.fr\/"]}]}},"_links":{"self":[{"href":"https:\/\/repliquemangacine.fr\/de\/wp-json\/wp\/v2\/product\/26711","targetHints":{"allow":["GET"]}}],"collection":[{"href":"https:\/\/repliquemangacine.fr\/de\/wp-json\/wp\/v2\/product"}],"about":[{"href":"https:\/\/repliquemangacine.fr\/de\/wp-json\/wp\/v2\/types\/product"}],"wp:featuredmedia":[{"embeddable":true,"href":"https:\/\/repliquemangacine.fr\/de\/wp-json\/wp\/v2\/media\/26712"}],"wp:attachment":[{"href":"https:\/\/repliquemangacine.fr\/de\/wp-json\/wp\/v2\/media?parent=26711"}],"wp:term":[{"taxonomy":"product_brand","embeddable":true,"href":"https:\/\/repliquemangacine.fr\/de\/wp-json\/wp\/v2\/product_brand?post=26711"},{"taxonomy":"product_cat","embeddable":true,"href":"https:\/\/repliquemangacine.fr\/de\/wp-json\/wp\/v2\/product_cat?post=26711"},{"taxonomy":"product_tag","embeddable":true,"href":"https:\/\/repliquemangacine.fr\/de\/wp-json\/wp\/v2\/product_tag?post=26711"}],"curies":[{"name":"wp","href":"https:\/\/api.w.org\/{rel}","templated":true}]}}