





{"id":26706,"date":"2017-01-04T13:40:05","date_gmt":"2017-01-04T12:40:05","guid":{"rendered":"https:\/\/repliquemangacine.fr\/?post_type=product&#038;p=26706"},"modified":"2026-04-02T12:09:44","modified_gmt":"2026-04-02T10:09:44","slug":"katana-wandhalterung-2-platze","status":"publish","type":"product","link":"https:\/\/repliquemangacine.fr\/de\/accessoires-katana\/support-katana-mural-2-places\/","title":{"rendered":"Katana-Wandhalter 2 Pl\u00e4tze"},"content":{"rendered":"<h2>Katana-Wandhalterung 2P<\/h2>\n<p>Zu Beginn wird der <strong>Katana Wandhalterung 2p<\/strong>Der Katana-St\u00e4nder spielt eine wichtige Rolle bei der Pr\u00e4sentation Ihrer Katanas. Denn seine St\u00e4nder sind daf\u00fcr gemacht, Ihre Sammlung und Ihr Zuhause zu versch\u00f6nern.<\/p>\n<p>Es gibt verschiedene Versionen von St\u00e4ndern f\u00fcr Katanas, Schwerter oder S\u00e4bel mit unterschiedlichen Aufmachungen zum Beispiel :<\/p>\n<ul>\n<li>Wandhalterungen: Sie sind dazu gedacht, an der Wand befestigt zu werden, um eine h\u00e4ngende Pr\u00e4sentation zu erm\u00f6glichen, die der Ausstellung Ihrer Waffen eine elegante und dekorative Note verleiht. Sie k\u00f6nnen aus Holz oder Metall sein.<\/li>\n<li>Aufstellbare St\u00e4nder: Sie sind f\u00fcr die Pr\u00e4sentation auf einem M\u00f6belst\u00fcck, einem Tisch oder einem Schreibtisch gedacht. Sie bestehen in der Regel aus Holz und werden ohne N\u00e4gel oder Schrauben zusammengesteckt.<\/li>\n<li>Vertikale St\u00e4nder: Meist aus Holz, dazu gedacht, Ihr Katana vertikal auszustellen.<\/li>\n<\/ul>\n<h2>Ihre Repliken von Katanas und Schwertern zum besten Preis.<\/h2>\n<p>Wir bieten Ihnen eine gro\u00dfe Auswahl an g\u00fcnstigen Reproduktionen von Schwertern und Katanas.<\/p>\n<p>Zun\u00e4chst einmal,<\/p>\n<ul>\n<li>Die <a href=\"https:\/\/repliquemangacine.fr\/de\/sabel-1-empire\/sabel-eines-kavallerieoffiziers-1822\/\">S\u00e4bel von Kavallerieoffizieren<\/a> 1822 mit seiner Scheide ganz aus Metall.<\/li>\n<li>Sowie das <a href=\"https:\/\/repliquemangacine.fr\/de\/naruto-katana\/katana-boruto-sasuke-naruto\/\">Borutos Katana<\/a> in Naruto next generations<\/li>\n<li>Es gibt auch die<a href=\"https:\/\/repliquemangacine.fr\/de\/mittelalterliches-schwert-der-templer\/schwert-excalibur-konig-artus\/\">legend\u00e4res Schwert Excalibur<\/a> von K\u00f6nig Artus.<\/li>\n<li>Und noch viel mehr gibt es in unserem Online-Shop zu entdecken!<\/li>\n<\/ul>\n<p>Deshalb sind hier tolle Geschenkideen f\u00fcr alle, die Geschichten lieben.<\/p>\n<p>Abschlie\u00dfend k\u00f6nnen Sie Ihr <strong>Katana Wandhalterung 2p<\/strong> um alle Ihre Sammlerwaffen auszustellen.<\/p>\n<p>R\u00e9plique Manga Cin\u00e9 ist ein franz\u00f6sisches Familienunternehmen und offizieller Vertriebspartner der Marke <a href=\"https:\/\/www.denix.fr\/\" target=\"_blank\" rel=\"noopener noreferrer\">Denix<\/a>.<\/p>","protected":false},"excerpt":{"rendered":"<p>Ideal, um Ihre Katanas auszustellen. Mit diesem zweisitzigen St\u00e4nder k\u00f6nnen Sie Ihre Repliken zur Schau stellen.<\/p>\n<ul>\n<li>Ganz aus Holz.<\/li>\n<li>Metallisches Aufh\u00e4ngesystem.<\/li>\n<li>Breite: 40.2 cm - H\u00f6he: 33 cm<\/li>\n<\/ul>\n<p>Sie k\u00f6nnen entweder nur Katanas einsetzen oder mit einem Wakizashi und sogar einem Tanto mischen.<\/p>","protected":false},"featured_media":26707,"template":"","meta":[],"product_brand":[896],"product_cat":[50,26,101],"product_tag":[],"class_list":{"0":"post-26706","1":"product","2":"type-product","3":"status-publish","4":"has-post-thumbnail","6":"product_brand-replique-manga-cine","7":"product_cat-accessoires-katana","8":"product_cat-katana-epee","9":"product_cat-soldes","11":"first","12":"instock","13":"sale","14":"taxable","15":"shipping-taxable","16":"purchasable","17":"product-type-simple"},"yoast_head":"<!-- This site is optimized with the Yoast SEO plugin v27.4 - https:\/\/yoast.com\/product\/yoast-seo-wordpress\/ -->\n<title>Support katana mural 2P - Vente d&#039;accessoires katanas | RMC<\/title>\n<meta name=\"description\" content=\"Achetez vite ! Ce support katana mural 2p au meilleur prix - Tout en bois - Accroche m\u00e9tallique - Hauteur : 33 cm - Largeur : 40.2 cm - Envoi 24\/48h\" \/>\n<meta name=\"robots\" content=\"index, follow, max-snippet:-1, max-image-preview:large, max-video-preview:-1\" \/>\n<link rel=\"canonical\" href=\"https:\/\/repliquemangacine.fr\/de\/ausverkauf\/katana-wandhalterung-2-platze\/\" \/>\n<meta property=\"og:locale\" content=\"de_DE\" \/>\n<meta property=\"og:type\" content=\"article\" \/>\n<meta property=\"og:title\" content=\"Support katana mural 2P - Vente d&#039;accessoires katanas | RMC\" \/>\n<meta property=\"og:description\" content=\"Achetez vite ! Ce support katana mural 2p au meilleur prix - Tout en bois - Accroche m\u00e9tallique - Hauteur : 33 cm - Largeur : 40.2 cm - Envoi 24\/48h\" \/>\n<meta property=\"og:url\" content=\"https:\/\/repliquemangacine.fr\/de\/ausverkauf\/katana-wandhalterung-2-platze\/\" \/>\n<meta property=\"og:site_name\" content=\"R\u00e9plique Manga Cin\u00e9\" \/>\n<meta property=\"article:publisher\" content=\"https:\/\/www.facebook.com\/RepliqueMangaCine\" \/>\n<meta property=\"article:modified_time\" content=\"2026-04-02T10:09:44+00:00\" \/>\n<meta property=\"og:image\" content=\"https:\/\/repliquemangacine.fr\/wp-content\/uploads\/2023\/10\/1346-Support-katana-mural-2-places.jpg\" \/>\n\t<meta property=\"og:image:width\" content=\"800\" \/>\n\t<meta property=\"og:image:height\" content=\"800\" \/>\n\t<meta property=\"og:image:type\" content=\"image\/jpeg\" \/>\n<meta name=\"twitter:card\" content=\"summary_large_image\" \/>\n<meta name=\"twitter:label1\" content=\"Gesch\u00e4tzte Lesezeit\" \/>\n\t<meta name=\"twitter:data1\" content=\"1\u00a0Minute\" \/>\n<script type=\"application\/ld+json\" class=\"yoast-schema-graph\">{\"@context\":\"https:\\\/\\\/schema.org\",\"@graph\":[{\"@type\":\"WebPage\",\"@id\":\"https:\\\/\\\/repliquemangacine.fr\\\/soldes\\\/support-katana-mural-2-places\\\/\",\"url\":\"https:\\\/\\\/repliquemangacine.fr\\\/soldes\\\/support-katana-mural-2-places\\\/\",\"name\":\"Support katana mural 2P - Vente d'accessoires katanas | RMC\",\"isPartOf\":{\"@id\":\"https:\\\/\\\/repliquemangacine.fr\\\/#website\"},\"primaryImageOfPage\":{\"@id\":\"https:\\\/\\\/repliquemangacine.fr\\\/soldes\\\/support-katana-mural-2-places\\\/#primaryimage\"},\"image\":{\"@id\":\"https:\\\/\\\/repliquemangacine.fr\\\/soldes\\\/support-katana-mural-2-places\\\/#primaryimage\"},\"thumbnailUrl\":\"https:\\\/\\\/repliquemangacine.fr\\\/wp-content\\\/uploads\\\/2023\\\/10\\\/1346-Support-katana-mural-2-places.jpg\",\"datePublished\":\"2017-01-04T12:40:05+00:00\",\"dateModified\":\"2026-04-02T10:09:44+00:00\",\"description\":\"Achetez vite ! Ce support katana mural 2p au meilleur prix - Tout en bois - Accroche m\u00e9tallique - Hauteur : 33 cm - Largeur : 40.2 cm - Envoi 24\\\/48h\",\"breadcrumb\":{\"@id\":\"https:\\\/\\\/repliquemangacine.fr\\\/soldes\\\/support-katana-mural-2-places\\\/#breadcrumb\"},\"inLanguage\":\"de\",\"potentialAction\":[{\"@type\":\"ReadAction\",\"target\":[\"https:\\\/\\\/repliquemangacine.fr\\\/soldes\\\/support-katana-mural-2-places\\\/\"]}]},{\"@type\":\"ImageObject\",\"inLanguage\":\"de\",\"@id\":\"https:\\\/\\\/repliquemangacine.fr\\\/soldes\\\/support-katana-mural-2-places\\\/#primaryimage\",\"url\":\"https:\\\/\\\/repliquemangacine.fr\\\/wp-content\\\/uploads\\\/2023\\\/10\\\/1346-Support-katana-mural-2-places.jpg\",\"contentUrl\":\"https:\\\/\\\/repliquemangacine.fr\\\/wp-content\\\/uploads\\\/2023\\\/10\\\/1346-Support-katana-mural-2-places.jpg\",\"width\":800,\"height\":800,\"caption\":\"Support katana mural 2 places\"},{\"@type\":\"BreadcrumbList\",\"@id\":\"https:\\\/\\\/repliquemangacine.fr\\\/soldes\\\/support-katana-mural-2-places\\\/#breadcrumb\",\"itemListElement\":[{\"@type\":\"ListItem\",\"position\":1,\"name\":\"Accueil\",\"item\":\"https:\\\/\\\/repliquemangacine.fr\\\/\"},{\"@type\":\"ListItem\",\"position\":2,\"name\":\"Produits\",\"item\":\"https:\\\/\\\/repliquemangacine.fr\\\/boutique\\\/\"},{\"@type\":\"ListItem\",\"position\":3,\"name\":\"Support katana mural 2 places\"}]},{\"@type\":\"WebSite\",\"@id\":\"https:\\\/\\\/repliquemangacine.fr\\\/#website\",\"url\":\"https:\\\/\\\/repliquemangacine.fr\\\/\",\"name\":\"R\u00e9plique Manga Cin\u00e9\",\"description\":\"\",\"publisher\":{\"@id\":\"https:\\\/\\\/repliquemangacine.fr\\\/#organization\"},\"potentialAction\":[{\"@type\":\"SearchAction\",\"target\":{\"@type\":\"EntryPoint\",\"urlTemplate\":\"https:\\\/\\\/repliquemangacine.fr\\\/?s={search_term_string}\"},\"query-input\":{\"@type\":\"PropertyValueSpecification\",\"valueRequired\":true,\"valueName\":\"search_term_string\"}}],\"inLanguage\":\"de\"},{\"@type\":\"Organization\",\"@id\":\"https:\\\/\\\/repliquemangacine.fr\\\/#organization\",\"name\":\"R\u00e9plique Manga Cin\u00e9\",\"url\":\"https:\\\/\\\/repliquemangacine.fr\\\/\",\"logo\":{\"@type\":\"ImageObject\",\"inLanguage\":\"de\",\"@id\":\"https:\\\/\\\/repliquemangacine.fr\\\/#\\\/schema\\\/logo\\\/image\\\/\",\"url\":\"https:\\\/\\\/repliquemangacine.fr\\\/wp-content\\\/uploads\\\/2023\\\/10\\\/RMC-500250.png\",\"contentUrl\":\"https:\\\/\\\/repliquemangacine.fr\\\/wp-content\\\/uploads\\\/2023\\\/10\\\/RMC-500250.png\",\"width\":500,\"height\":250,\"caption\":\"R\u00e9plique Manga Cin\u00e9\"},\"image\":{\"@id\":\"https:\\\/\\\/repliquemangacine.fr\\\/#\\\/schema\\\/logo\\\/image\\\/\"},\"sameAs\":[\"https:\\\/\\\/www.facebook.com\\\/RepliqueMangaCine\",\"https:\\\/\\\/www.instagram.com\\\/repliquemangacine.fr\\\/\"]}]}<\/script>\n<!-- \/ Yoast SEO plugin. -->","yoast_head_json":{"title":"Katana Wandhalterung 2P - Verkauf von Katana Zubeh\u00f6r | RMC","description":"Kaufen Sie schnell! Dieser Katana Wandhalter 2p zum besten Preis - Ganz aus Holz - Metallhaken - H\u00f6he: 33 cm - Breite: 40.2 cm - Versand 24\/48h","robots":{"index":"index","follow":"follow","max-snippet":"max-snippet:-1","max-image-preview":"max-image-preview:large","max-video-preview":"max-video-preview:-1"},"canonical":"https:\/\/repliquemangacine.fr\/de\/ausverkauf\/katana-wandhalterung-2-platze\/","og_locale":"de_DE","og_type":"article","og_title":"Support katana mural 2P - Vente d'accessoires katanas | RMC","og_description":"Achetez vite ! Ce support katana mural 2p au meilleur prix - Tout en bois - Accroche m\u00e9tallique - Hauteur : 33 cm - Largeur : 40.2 cm - Envoi 24\/48h","og_url":"https:\/\/repliquemangacine.fr\/de\/ausverkauf\/katana-wandhalterung-2-platze\/","og_site_name":"R\u00e9plique Manga Cin\u00e9","article_publisher":"https:\/\/www.facebook.com\/RepliqueMangaCine","article_modified_time":"2026-04-02T10:09:44+00:00","og_image":[{"width":800,"height":800,"url":"https:\/\/repliquemangacine.fr\/wp-content\/uploads\/2023\/10\/1346-Support-katana-mural-2-places.jpg","type":"image\/jpeg"}],"twitter_card":"summary_large_image","twitter_misc":{"Gesch\u00e4tzte Lesezeit":"1\u00a0Minute"},"schema":{"@context":"https:\/\/schema.org","@graph":[{"@type":"WebPage","@id":"https:\/\/repliquemangacine.fr\/soldes\/support-katana-mural-2-places\/","url":"https:\/\/repliquemangacine.fr\/soldes\/support-katana-mural-2-places\/","name":"Katana Wandhalterung 2P - Verkauf von Katana Zubeh\u00f6r | RMC","isPartOf":{"@id":"https:\/\/repliquemangacine.fr\/#website"},"primaryImageOfPage":{"@id":"https:\/\/repliquemangacine.fr\/soldes\/support-katana-mural-2-places\/#primaryimage"},"image":{"@id":"https:\/\/repliquemangacine.fr\/soldes\/support-katana-mural-2-places\/#primaryimage"},"thumbnailUrl":"https:\/\/repliquemangacine.fr\/wp-content\/uploads\/2023\/10\/1346-Support-katana-mural-2-places.jpg","datePublished":"2017-01-04T12:40:05+00:00","dateModified":"2026-04-02T10:09:44+00:00","description":"Kaufen Sie schnell! Dieser Katana Wandhalter 2p zum besten Preis - Ganz aus Holz - Metallhaken - H\u00f6he: 33 cm - Breite: 40.2 cm - Versand 24\/48h","breadcrumb":{"@id":"https:\/\/repliquemangacine.fr\/soldes\/support-katana-mural-2-places\/#breadcrumb"},"inLanguage":"de","potentialAction":[{"@type":"ReadAction","target":["https:\/\/repliquemangacine.fr\/soldes\/support-katana-mural-2-places\/"]}]},{"@type":"ImageObject","inLanguage":"de","@id":"https:\/\/repliquemangacine.fr\/soldes\/support-katana-mural-2-places\/#primaryimage","url":"https:\/\/repliquemangacine.fr\/wp-content\/uploads\/2023\/10\/1346-Support-katana-mural-2-places.jpg","contentUrl":"https:\/\/repliquemangacine.fr\/wp-content\/uploads\/2023\/10\/1346-Support-katana-mural-2-places.jpg","width":800,"height":800,"caption":"Support katana mural 2 places"},{"@type":"BreadcrumbList","@id":"https:\/\/repliquemangacine.fr\/soldes\/support-katana-mural-2-places\/#breadcrumb","itemListElement":[{"@type":"ListItem","position":1,"name":"Accueil","item":"https:\/\/repliquemangacine.fr\/"},{"@type":"ListItem","position":2,"name":"Produits","item":"https:\/\/repliquemangacine.fr\/boutique\/"},{"@type":"ListItem","position":3,"name":"Support katana mural 2 places"}]},{"@type":"WebSite","@id":"https:\/\/repliquemangacine.fr\/#website","url":"https:\/\/repliquemangacine.fr\/","name":"R\u00e9plique Manga Cin\u00e9","description":"","publisher":{"@id":"https:\/\/repliquemangacine.fr\/#organization"},"potentialAction":[{"@type":"SearchAction","target":{"@type":"EntryPoint","urlTemplate":"https:\/\/repliquemangacine.fr\/?s={search_term_string}"},"query-input":{"@type":"PropertyValueSpecification","valueRequired":true,"valueName":"search_term_string"}}],"inLanguage":"de"},{"@type":"Organization","@id":"https:\/\/repliquemangacine.fr\/#organization","name":"R\u00e9plique Manga Cin\u00e9","url":"https:\/\/repliquemangacine.fr\/","logo":{"@type":"ImageObject","inLanguage":"de","@id":"https:\/\/repliquemangacine.fr\/#\/schema\/logo\/image\/","url":"https:\/\/repliquemangacine.fr\/wp-content\/uploads\/2023\/10\/RMC-500250.png","contentUrl":"https:\/\/repliquemangacine.fr\/wp-content\/uploads\/2023\/10\/RMC-500250.png","width":500,"height":250,"caption":"R\u00e9plique Manga Cin\u00e9"},"image":{"@id":"https:\/\/repliquemangacine.fr\/#\/schema\/logo\/image\/"},"sameAs":["https:\/\/www.facebook.com\/RepliqueMangaCine","https:\/\/www.instagram.com\/repliquemangacine.fr\/"]}]}},"_links":{"self":[{"href":"https:\/\/repliquemangacine.fr\/de\/wp-json\/wp\/v2\/product\/26706","targetHints":{"allow":["GET"]}}],"collection":[{"href":"https:\/\/repliquemangacine.fr\/de\/wp-json\/wp\/v2\/product"}],"about":[{"href":"https:\/\/repliquemangacine.fr\/de\/wp-json\/wp\/v2\/types\/product"}],"wp:featuredmedia":[{"embeddable":true,"href":"https:\/\/repliquemangacine.fr\/de\/wp-json\/wp\/v2\/media\/26707"}],"wp:attachment":[{"href":"https:\/\/repliquemangacine.fr\/de\/wp-json\/wp\/v2\/media?parent=26706"}],"wp:term":[{"taxonomy":"product_brand","embeddable":true,"href":"https:\/\/repliquemangacine.fr\/de\/wp-json\/wp\/v2\/product_brand?post=26706"},{"taxonomy":"product_cat","embeddable":true,"href":"https:\/\/repliquemangacine.fr\/de\/wp-json\/wp\/v2\/product_cat?post=26706"},{"taxonomy":"product_tag","embeddable":true,"href":"https:\/\/repliquemangacine.fr\/de\/wp-json\/wp\/v2\/product_tag?post=26706"}],"curies":[{"name":"wp","href":"https:\/\/api.w.org\/{rel}","templated":true}]}}