





{"id":26703,"date":"2017-01-04T13:18:21","date_gmt":"2017-01-04T12:18:21","guid":{"rendered":"https:\/\/repliquemangacine.fr\/?post_type=product&#038;p=26703"},"modified":"2026-04-25T10:35:39","modified_gmt":"2026-04-25T08:35:39","slug":"katana-wandhalterung-3-platze","status":"publish","type":"product","link":"https:\/\/repliquemangacine.fr\/de\/accessoires-katana\/support-katana-mural-3-places\/","title":{"rendered":"Katana Wandhalterung 3p"},"content":{"rendered":"<h2>Katana-Wandhalterung 3P<\/h2>\n<p>Zu Beginn wird der <strong>Katana Wandhalterung 3p<\/strong>Der Katana-St\u00e4nder spielt eine wichtige Rolle bei der Pr\u00e4sentation Ihrer Katanas. Denn seine St\u00e4nder sind daf\u00fcr gemacht, Ihre Sammlung und Ihr Zuhause zu versch\u00f6nern.<\/p>\n<p>Es gibt verschiedene Versionen von St\u00e4ndern f\u00fcr Katanas, Schwerter oder S\u00e4bel mit unterschiedlichen Aufmachungen zum Beispiel :<\/p>\n<ul>\n<li>Wandhalterungen: Sie sind dazu gedacht, an der Wand befestigt zu werden, um eine h\u00e4ngende Pr\u00e4sentation zu erm\u00f6glichen, die der Ausstellung Ihrer Waffen eine elegante und dekorative Note verleiht. Sie k\u00f6nnen aus Holz oder Metall sein.<\/li>\n<li>Aufstellbare St\u00e4nder: Sie sind f\u00fcr die Pr\u00e4sentation auf einem M\u00f6belst\u00fcck, einem Tisch oder einem Schreibtisch gedacht. Sie bestehen in der Regel aus Holz und werden ohne N\u00e4gel oder Schrauben zusammengesteckt.<\/li>\n<li>Vertikale St\u00e4nder: Meist aus Holz, dazu gedacht, Ihr Katana vertikal auszustellen.<\/li>\n<\/ul>\n<h2>Ihre Repliken von Katanas und Schwertern zum besten Preis.<\/h2>\n<p>Wir bieten Ihnen eine gro\u00dfe Auswahl an g\u00fcnstigen Reproduktionen von Schwertern und Katanas.<\/p>\n<p>Zun\u00e4chst einmal,<\/p>\n<ul>\n<li>Die <a href=\"https:\/\/repliquemangacine.fr\/de\/sabel-1-empire\/sabre-marine-m1859-nco-usa-united-cutlery\/\">Marine-S\u00e4bel M1859 NCO<\/a> unter offizieller U.S.M.C.-Lizenz<\/li>\n<li>Sowie die <a href=\"https:\/\/repliquemangacine.fr\/de\/katana-bleach\/rute-benihime-kisuke-urahara-bleach-rute-epee-bleach\/\">Schwertstock Benihime<\/a> von Kisuk\u00e9 Urahara in Bleach<\/li>\n<li>Es gibt auch die<a href=\"https:\/\/repliquemangacine.fr\/de\/assassins-creed-schwerter-assassins-creed-waffen\/schwert-des-altair-assassins-creed\/\">Alta\u00efrs Schwert<\/a> in Assassin's Creed eine der vier Waffen, die er besitzt.<\/li>\n<li>Und noch viel mehr gibt es in unserem Online-Shop zu entdecken!<\/li>\n<\/ul>\n<p>Deshalb sind hier tolle Geschenkideen f\u00fcr alle, die Geschichten lieben.<\/p>\n<p>Abschlie\u00dfend k\u00f6nnen Sie Ihr <strong>Katana Wandhalterung 3p<\/strong> um alle Ihre Sammlerwaffen auszustellen.<\/p>\n<p>R\u00e9plique Manga Cin\u00e9 ist ein franz\u00f6sisches Familienunternehmen und offizieller Vertriebspartner der Marke <a href=\"https:\/\/www.denix.fr\/\" target=\"_blank\" rel=\"noopener noreferrer\">Denix<\/a>.<\/p>","protected":false},"excerpt":{"rendered":"<p>Mit diesem 3-Sitzer-St\u00e4nder k\u00f6nnen Sie Ihre Katanas an der Wand oder auf einem M\u00f6belst\u00fcck ausstellen.<\/p>\n<ul>\n<li>Ganz aus Holz.<\/li>\n<li>Metallisches Aufh\u00e4ngesystem.<\/li>\n<li>H\u00f6he: 35 cm<\/li>\n<\/ul>\n<p>Sie k\u00f6nnen entweder nur Katanas einsetzen oder mit einem Wakizashi und sogar einem Tanto mischen.<\/p>","protected":false},"featured_media":26704,"template":"","meta":[],"product_brand":[896],"product_cat":[50,26],"product_tag":[],"class_list":{"0":"post-26703","1":"product","2":"type-product","3":"status-publish","4":"has-post-thumbnail","6":"product_brand-replique-manga-cine","7":"product_cat-accessoires-katana","8":"product_cat-katana-epee","10":"first","11":"instock","12":"taxable","13":"shipping-taxable","14":"purchasable","15":"product-type-simple"},"yoast_head":"<!-- This site is optimized with the Yoast SEO plugin v27.5 - https:\/\/yoast.com\/product\/yoast-seo-wordpress\/ -->\n<title>Support katana mural 3P - Vente d&#039;accessoires katana | RMC<\/title>\n<meta name=\"description\" content=\"Offrez-vous ! Ce Support katana mural 3p au meilleur prix - Tout en bois - Syst\u00e8me accroche m\u00e9tallique - Hauteur : 35 cm - Envoi 24\/48h\" \/>\n<meta name=\"robots\" content=\"index, follow, max-snippet:-1, max-image-preview:large, max-video-preview:-1\" \/>\n<link rel=\"canonical\" href=\"https:\/\/repliquemangacine.fr\/de\/katana-zubehor\/katana-wandhalterung-3-platze\/\" \/>\n<meta property=\"og:locale\" content=\"de_DE\" \/>\n<meta property=\"og:type\" content=\"article\" \/>\n<meta property=\"og:title\" content=\"Support katana mural 3P - Vente d&#039;accessoires katana | RMC\" \/>\n<meta property=\"og:description\" content=\"Offrez-vous ! Ce Support katana mural 3p au meilleur prix - Tout en bois - Syst\u00e8me accroche m\u00e9tallique - Hauteur : 35 cm - Envoi 24\/48h\" \/>\n<meta property=\"og:url\" content=\"https:\/\/repliquemangacine.fr\/de\/katana-zubehor\/katana-wandhalterung-3-platze\/\" \/>\n<meta property=\"og:site_name\" content=\"R\u00e9plique Manga Cin\u00e9\" \/>\n<meta property=\"article:publisher\" content=\"https:\/\/www.facebook.com\/RepliqueMangaCine\" \/>\n<meta property=\"article:modified_time\" content=\"2026-04-25T08:35:39+00:00\" \/>\n<meta property=\"og:image\" content=\"https:\/\/repliquemangacine.fr\/wp-content\/uploads\/2023\/10\/1344-Support-Katana-Mural-3-places.jpg\" \/>\n\t<meta property=\"og:image:width\" content=\"800\" \/>\n\t<meta property=\"og:image:height\" content=\"800\" \/>\n\t<meta property=\"og:image:type\" content=\"image\/jpeg\" \/>\n<meta name=\"twitter:card\" content=\"summary_large_image\" \/>\n<meta name=\"twitter:label1\" content=\"Gesch\u00e4tzte Lesezeit\" \/>\n\t<meta name=\"twitter:data1\" content=\"1\u00a0Minute\" \/>\n<script type=\"application\/ld+json\" class=\"yoast-schema-graph\">{\"@context\":\"https:\\\/\\\/schema.org\",\"@graph\":[{\"@type\":\"WebPage\",\"@id\":\"https:\\\/\\\/repliquemangacine.fr\\\/accessoires-katana\\\/support-katana-mural-3-places\\\/\",\"url\":\"https:\\\/\\\/repliquemangacine.fr\\\/accessoires-katana\\\/support-katana-mural-3-places\\\/\",\"name\":\"Support katana mural 3P - Vente d'accessoires katana | RMC\",\"isPartOf\":{\"@id\":\"https:\\\/\\\/repliquemangacine.fr\\\/#website\"},\"primaryImageOfPage\":{\"@id\":\"https:\\\/\\\/repliquemangacine.fr\\\/accessoires-katana\\\/support-katana-mural-3-places\\\/#primaryimage\"},\"image\":{\"@id\":\"https:\\\/\\\/repliquemangacine.fr\\\/accessoires-katana\\\/support-katana-mural-3-places\\\/#primaryimage\"},\"thumbnailUrl\":\"https:\\\/\\\/repliquemangacine.fr\\\/wp-content\\\/uploads\\\/2023\\\/10\\\/1344-Support-Katana-Mural-3-places.jpg\",\"datePublished\":\"2017-01-04T12:18:21+00:00\",\"dateModified\":\"2026-04-25T08:35:39+00:00\",\"description\":\"Offrez-vous ! Ce Support katana mural 3p au meilleur prix - Tout en bois - Syst\u00e8me accroche m\u00e9tallique - Hauteur : 35 cm - Envoi 24\\\/48h\",\"breadcrumb\":{\"@id\":\"https:\\\/\\\/repliquemangacine.fr\\\/accessoires-katana\\\/support-katana-mural-3-places\\\/#breadcrumb\"},\"inLanguage\":\"de\",\"potentialAction\":[{\"@type\":\"ReadAction\",\"target\":[\"https:\\\/\\\/repliquemangacine.fr\\\/accessoires-katana\\\/support-katana-mural-3-places\\\/\"]}]},{\"@type\":\"ImageObject\",\"inLanguage\":\"de\",\"@id\":\"https:\\\/\\\/repliquemangacine.fr\\\/accessoires-katana\\\/support-katana-mural-3-places\\\/#primaryimage\",\"url\":\"https:\\\/\\\/repliquemangacine.fr\\\/wp-content\\\/uploads\\\/2023\\\/10\\\/1344-Support-Katana-Mural-3-places.jpg\",\"contentUrl\":\"https:\\\/\\\/repliquemangacine.fr\\\/wp-content\\\/uploads\\\/2023\\\/10\\\/1344-Support-Katana-Mural-3-places.jpg\",\"width\":800,\"height\":800,\"caption\":\"Support Katana Mural 3 places\"},{\"@type\":\"BreadcrumbList\",\"@id\":\"https:\\\/\\\/repliquemangacine.fr\\\/accessoires-katana\\\/support-katana-mural-3-places\\\/#breadcrumb\",\"itemListElement\":[{\"@type\":\"ListItem\",\"position\":1,\"name\":\"Accueil\",\"item\":\"https:\\\/\\\/repliquemangacine.fr\\\/\"},{\"@type\":\"ListItem\",\"position\":2,\"name\":\"Produits\",\"item\":\"https:\\\/\\\/repliquemangacine.fr\\\/boutique\\\/\"},{\"@type\":\"ListItem\",\"position\":3,\"name\":\"Support Katana Mural 3p\"}]},{\"@type\":\"WebSite\",\"@id\":\"https:\\\/\\\/repliquemangacine.fr\\\/#website\",\"url\":\"https:\\\/\\\/repliquemangacine.fr\\\/\",\"name\":\"R\u00e9plique Manga Cin\u00e9\",\"description\":\"\",\"publisher\":{\"@id\":\"https:\\\/\\\/repliquemangacine.fr\\\/#organization\"},\"potentialAction\":[{\"@type\":\"SearchAction\",\"target\":{\"@type\":\"EntryPoint\",\"urlTemplate\":\"https:\\\/\\\/repliquemangacine.fr\\\/?s={search_term_string}\"},\"query-input\":{\"@type\":\"PropertyValueSpecification\",\"valueRequired\":true,\"valueName\":\"search_term_string\"}}],\"inLanguage\":\"de\"},{\"@type\":\"Organization\",\"@id\":\"https:\\\/\\\/repliquemangacine.fr\\\/#organization\",\"name\":\"R\u00e9plique Manga Cin\u00e9\",\"url\":\"https:\\\/\\\/repliquemangacine.fr\\\/\",\"logo\":{\"@type\":\"ImageObject\",\"inLanguage\":\"de\",\"@id\":\"https:\\\/\\\/repliquemangacine.fr\\\/#\\\/schema\\\/logo\\\/image\\\/\",\"url\":\"https:\\\/\\\/repliquemangacine.fr\\\/wp-content\\\/uploads\\\/2023\\\/10\\\/RMC-500250.png\",\"contentUrl\":\"https:\\\/\\\/repliquemangacine.fr\\\/wp-content\\\/uploads\\\/2023\\\/10\\\/RMC-500250.png\",\"width\":500,\"height\":250,\"caption\":\"R\u00e9plique Manga Cin\u00e9\"},\"image\":{\"@id\":\"https:\\\/\\\/repliquemangacine.fr\\\/#\\\/schema\\\/logo\\\/image\\\/\"},\"sameAs\":[\"https:\\\/\\\/www.facebook.com\\\/RepliqueMangaCine\",\"https:\\\/\\\/www.instagram.com\\\/repliquemangacine.fr\\\/\"]}]}<\/script>\n<!-- \/ Yoast SEO plugin. -->","yoast_head_json":{"title":"Katana Wandhalterung 3P - Verkauf von Katana-Zubeh\u00f6r | RMC","description":"Bieten Sie sich selbst an! Dieser Katana-Wandhalter 3p zum besten Preis - Ganz aus Holz - Metallisches Aufh\u00e4ngesystem - H\u00f6he: 35 cm - Versand 24\/48h","robots":{"index":"index","follow":"follow","max-snippet":"max-snippet:-1","max-image-preview":"max-image-preview:large","max-video-preview":"max-video-preview:-1"},"canonical":"https:\/\/repliquemangacine.fr\/de\/katana-zubehor\/katana-wandhalterung-3-platze\/","og_locale":"de_DE","og_type":"article","og_title":"Support katana mural 3P - Vente d'accessoires katana | RMC","og_description":"Offrez-vous ! Ce Support katana mural 3p au meilleur prix - Tout en bois - Syst\u00e8me accroche m\u00e9tallique - Hauteur : 35 cm - Envoi 24\/48h","og_url":"https:\/\/repliquemangacine.fr\/de\/katana-zubehor\/katana-wandhalterung-3-platze\/","og_site_name":"R\u00e9plique Manga Cin\u00e9","article_publisher":"https:\/\/www.facebook.com\/RepliqueMangaCine","article_modified_time":"2026-04-25T08:35:39+00:00","og_image":[{"width":800,"height":800,"url":"https:\/\/repliquemangacine.fr\/wp-content\/uploads\/2023\/10\/1344-Support-Katana-Mural-3-places.jpg","type":"image\/jpeg"}],"twitter_card":"summary_large_image","twitter_misc":{"Gesch\u00e4tzte Lesezeit":"1\u00a0Minute"},"schema":{"@context":"https:\/\/schema.org","@graph":[{"@type":"WebPage","@id":"https:\/\/repliquemangacine.fr\/accessoires-katana\/support-katana-mural-3-places\/","url":"https:\/\/repliquemangacine.fr\/accessoires-katana\/support-katana-mural-3-places\/","name":"Katana Wandhalterung 3P - Verkauf von Katana-Zubeh\u00f6r | RMC","isPartOf":{"@id":"https:\/\/repliquemangacine.fr\/#website"},"primaryImageOfPage":{"@id":"https:\/\/repliquemangacine.fr\/accessoires-katana\/support-katana-mural-3-places\/#primaryimage"},"image":{"@id":"https:\/\/repliquemangacine.fr\/accessoires-katana\/support-katana-mural-3-places\/#primaryimage"},"thumbnailUrl":"https:\/\/repliquemangacine.fr\/wp-content\/uploads\/2023\/10\/1344-Support-Katana-Mural-3-places.jpg","datePublished":"2017-01-04T12:18:21+00:00","dateModified":"2026-04-25T08:35:39+00:00","description":"Bieten Sie sich selbst an! Dieser Katana-Wandhalter 3p zum besten Preis - Ganz aus Holz - Metallisches Aufh\u00e4ngesystem - H\u00f6he: 35 cm - Versand 24\/48h","breadcrumb":{"@id":"https:\/\/repliquemangacine.fr\/accessoires-katana\/support-katana-mural-3-places\/#breadcrumb"},"inLanguage":"de","potentialAction":[{"@type":"ReadAction","target":["https:\/\/repliquemangacine.fr\/accessoires-katana\/support-katana-mural-3-places\/"]}]},{"@type":"ImageObject","inLanguage":"de","@id":"https:\/\/repliquemangacine.fr\/accessoires-katana\/support-katana-mural-3-places\/#primaryimage","url":"https:\/\/repliquemangacine.fr\/wp-content\/uploads\/2023\/10\/1344-Support-Katana-Mural-3-places.jpg","contentUrl":"https:\/\/repliquemangacine.fr\/wp-content\/uploads\/2023\/10\/1344-Support-Katana-Mural-3-places.jpg","width":800,"height":800,"caption":"Support Katana Mural 3 places"},{"@type":"BreadcrumbList","@id":"https:\/\/repliquemangacine.fr\/accessoires-katana\/support-katana-mural-3-places\/#breadcrumb","itemListElement":[{"@type":"ListItem","position":1,"name":"Accueil","item":"https:\/\/repliquemangacine.fr\/"},{"@type":"ListItem","position":2,"name":"Produits","item":"https:\/\/repliquemangacine.fr\/boutique\/"},{"@type":"ListItem","position":3,"name":"Support Katana Mural 3p"}]},{"@type":"WebSite","@id":"https:\/\/repliquemangacine.fr\/#website","url":"https:\/\/repliquemangacine.fr\/","name":"R\u00e9plique Manga Cin\u00e9","description":"","publisher":{"@id":"https:\/\/repliquemangacine.fr\/#organization"},"potentialAction":[{"@type":"SearchAction","target":{"@type":"EntryPoint","urlTemplate":"https:\/\/repliquemangacine.fr\/?s={search_term_string}"},"query-input":{"@type":"PropertyValueSpecification","valueRequired":true,"valueName":"search_term_string"}}],"inLanguage":"de"},{"@type":"Organization","@id":"https:\/\/repliquemangacine.fr\/#organization","name":"R\u00e9plique Manga Cin\u00e9","url":"https:\/\/repliquemangacine.fr\/","logo":{"@type":"ImageObject","inLanguage":"de","@id":"https:\/\/repliquemangacine.fr\/#\/schema\/logo\/image\/","url":"https:\/\/repliquemangacine.fr\/wp-content\/uploads\/2023\/10\/RMC-500250.png","contentUrl":"https:\/\/repliquemangacine.fr\/wp-content\/uploads\/2023\/10\/RMC-500250.png","width":500,"height":250,"caption":"R\u00e9plique Manga Cin\u00e9"},"image":{"@id":"https:\/\/repliquemangacine.fr\/#\/schema\/logo\/image\/"},"sameAs":["https:\/\/www.facebook.com\/RepliqueMangaCine","https:\/\/www.instagram.com\/repliquemangacine.fr\/"]}]}},"_links":{"self":[{"href":"https:\/\/repliquemangacine.fr\/de\/wp-json\/wp\/v2\/product\/26703","targetHints":{"allow":["GET"]}}],"collection":[{"href":"https:\/\/repliquemangacine.fr\/de\/wp-json\/wp\/v2\/product"}],"about":[{"href":"https:\/\/repliquemangacine.fr\/de\/wp-json\/wp\/v2\/types\/product"}],"wp:featuredmedia":[{"embeddable":true,"href":"https:\/\/repliquemangacine.fr\/de\/wp-json\/wp\/v2\/media\/26704"}],"wp:attachment":[{"href":"https:\/\/repliquemangacine.fr\/de\/wp-json\/wp\/v2\/media?parent=26703"}],"wp:term":[{"taxonomy":"product_brand","embeddable":true,"href":"https:\/\/repliquemangacine.fr\/de\/wp-json\/wp\/v2\/product_brand?post=26703"},{"taxonomy":"product_cat","embeddable":true,"href":"https:\/\/repliquemangacine.fr\/de\/wp-json\/wp\/v2\/product_cat?post=26703"},{"taxonomy":"product_tag","embeddable":true,"href":"https:\/\/repliquemangacine.fr\/de\/wp-json\/wp\/v2\/product_tag?post=26703"}],"curies":[{"name":"wp","href":"https:\/\/api.w.org\/{rel}","templated":true}]}}