





{"id":26686,"date":"2017-01-02T16:46:55","date_gmt":"2017-01-02T15:46:55","guid":{"rendered":"https:\/\/repliquemangacine.fr\/?post_type=product&#038;p=26686"},"modified":"2025-09-23T18:01:48","modified_gmt":"2025-09-23T16:01:48","slug":"holster-walther-p38-lederetui","status":"publish","type":"product","link":"https:\/\/repliquemangacine.fr\/de\/dagues-et-accessoires-seconde-guerre-mondiale-materiels-militaria\/holster-walther-p38-etui-en-cuir\/","title":{"rendered":"Holster Walther P38"},"content":{"rendered":"<h2>Replik des Walther P38 Holsters aus Leder.<\/h2>\n<p>Zun\u00e4chst einmal ist das Walther P38 Holster ein festes, robustes Lederholster.<\/p>\n<p>Das Holster (ein Begriff aus dem angels\u00e4chsischen Sprachraum) dient dazu, die Handfeuerwaffe zu sch\u00fctzen, sie aufzubewahren und einen leichten Zugang zu ihr zu erm\u00f6glichen.<\/p>\n<p>Holster sind in der Regel f\u00fcr die Einhandbedienung konzipiert, sodass die Handfeuerwaffe mit derselben Hand herausgenommen und\/oder ersetzt werden kann. Um die Handfeuerwaffe mit einer Hand wieder in das Holster stecken zu k\u00f6nnen, muss das Holster aus einem steifen Material bestehen, das seine Form beh\u00e4lt, damit das Holster nicht zusammenf\u00e4llt, wenn sich der Gegenstand nicht mehr darin befindet, um ihn zu st\u00fctzen. Holster werden in der Regel \u00fcber einen Schultergurt am G\u00fcrtel befestigt.<\/p>\n<p>Popul\u00e4r geworden in Westernfilmen und in ber\u00fchmten Duellszenen. Das Herausziehen der Pistole in einigen Filmen ist ziemlich spektakul\u00e4r und man erlebt technische Meisterleistungen, um sie wieder hineinzubekommen. Die amerikanische Einstellung wird traditionell verwendet, um die Figuren auf halber H\u00f6he des Oberschenkels, also auf H\u00f6he des Halfters, zu filmen.<\/p>\n<h3>Wir bieten Ihnen eine gro\u00dfe Auswahl an Reproduktionen von Denix-Attrappen.<\/h3>\n<p>Zun\u00e4chst einmal,<\/p>\n<ul>\n<li>F\u00fcr dieses Holster ben\u00f6tigen Sie das <a href=\"https:\/\/repliquemangacine.fr\/de\/darmsreproduktionen\/walther-p38-denix-1938\/\">Pistole Walther P38<\/a> von Denix.<\/li>\n<li>Es gibt auch die Reproduktion des <a href=\"https:\/\/repliquemangacine.fr\/de\/militaria-material\/deutscher-helm-stahlhelm-m42\/\">Deutscher Helm Stahlhelm<\/a> genannt \"M42\" .<\/li>\n<li>Und viele andere mehr!<\/li>\n<\/ul>\n<p>Deshalb ist dies eine gro\u00dfartige Geschenkidee f\u00fcr alle Liebhaber historischer Waffen.<\/p>\n<h3>Sie k\u00f6nnen dieses Walther P38 Holster f\u00fcr Ihre Reenactments und historischen Kulissen verwenden.<\/h3>\n<p>Vor allem ist diese Waffe ein Sammler- und Dekorationsst\u00fcck.<\/p>\n<p>R\u00e9plique Manga Cin\u00e9 ist ein franz\u00f6sisches Unternehmen und offizieller Vertriebspartner der Marke <a href=\"https:\/\/www.denix.fr\/fr\/accueil-fr\/\">Denix<\/a>.<\/p>\n<p><strong>Wir m\u00f6chten Sie darauf hinweisen, dass alle diese Nachbildungen echt aussehen. Die Strafverfolgungsbeh\u00f6rden werden sie als echte Waffen identifizieren und entsprechend reagieren. Es ist daher sehr wichtig, dass Sie sich mit diesen Nachbildungen nicht an \u00f6ffentliche Pl\u00e4tze begeben. Wir weisen Sie darauf hin, dass es sich bei den gezeigten Waffen um nicht funktionst\u00fcchtige Nachbildungen handelt, die nicht zum Schie\u00dfen geeignet sind. Diese Repliken sind f\u00fcr historische Rekonstruktionen und zur Dekoration gedacht.<\/strong><\/p>","protected":false},"excerpt":{"rendered":"<p>Diese Reproduktion ist identisch und entspricht dem Original.<\/p>\n<ul>\n<li>Speziell f\u00fcr die automatische Pistole Walther P38 entwickelt.<\/li>\n<li>G\u00fcrteltasche mit Hartschale aus echtem Leder.<\/li>\n<li>Platz f\u00fcr ein zus\u00e4tzliches Ladeger\u00e4t an der Seite.<\/li>\n<li>Auf der R\u00fcckseite Markierung \"P38\" und deutsche Markierung dvr 42.<\/li>\n<li>SS-Adlerabzeichen und Herstellercode (Alban Zeitz) WaA170.<\/li>\n<\/ul>","protected":false},"featured_media":26687,"template":"","meta":[],"product_brand":[896],"product_cat":[25,54,85],"product_tag":[],"class_list":{"0":"post-26686","1":"product","2":"type-product","3":"status-publish","4":"has-post-thumbnail","6":"product_brand-replique-manga-cine","7":"product_cat-armes-historiques","8":"product_cat-armes-accessoires-guerre-mondiale","9":"product_cat-dagues-et-accessoires-seconde-guerre-mondiale-materiels-militaria","11":"first","12":"instock","13":"taxable","14":"shipping-taxable","15":"purchasable","16":"product-type-simple"},"yoast_head":"<!-- This site is optimized with the Yoast SEO plugin v27.5 - https:\/\/yoast.com\/product\/yoast-seo-wordpress\/ -->\n<title>Holster Walther P38 - Accessoires Militaria - R\u00e9plique Manga Cin\u00e9<\/title>\n<meta name=\"description\" content=\"Cette reproduction est conforme \u00e0 l&#039;original. Con\u00e7u pour le pistolet automatique, le Holster Walther P38. Etui avec coque rigide en cuir v\u00e9ritable.\" \/>\n<meta name=\"robots\" content=\"index, follow, max-snippet:-1, max-image-preview:large, max-video-preview:-1\" \/>\n<link rel=\"canonical\" href=\"https:\/\/repliquemangacine.fr\/de\/dolche-und-zubehor-zweiter-weltkrieg-militarisches-material\/holster-walther-p38-lederetui\/\" \/>\n<meta property=\"og:locale\" content=\"de_DE\" \/>\n<meta property=\"og:type\" content=\"article\" \/>\n<meta property=\"og:title\" content=\"Holster Walther P38 - Accessoires Militaria - R\u00e9plique Manga Cin\u00e9\" \/>\n<meta property=\"og:description\" content=\"Cette reproduction est conforme \u00e0 l&#039;original. Con\u00e7u pour le pistolet automatique, le Holster Walther P38. Etui avec coque rigide en cuir v\u00e9ritable.\" \/>\n<meta property=\"og:url\" content=\"https:\/\/repliquemangacine.fr\/de\/dolche-und-zubehor-zweiter-weltkrieg-militarisches-material\/holster-walther-p38-lederetui\/\" \/>\n<meta property=\"og:site_name\" content=\"R\u00e9plique Manga Cin\u00e9\" \/>\n<meta property=\"article:publisher\" content=\"https:\/\/www.facebook.com\/RepliqueMangaCine\" \/>\n<meta property=\"article:modified_time\" content=\"2025-09-23T16:01:48+00:00\" \/>\n<meta property=\"og:image\" content=\"https:\/\/repliquemangacine.fr\/wp-content\/uploads\/2023\/10\/1319-Etui-pour-pistolet-Walther-P38.jpg\" \/>\n\t<meta property=\"og:image:width\" content=\"800\" \/>\n\t<meta property=\"og:image:height\" content=\"800\" \/>\n\t<meta property=\"og:image:type\" content=\"image\/jpeg\" \/>\n<meta name=\"twitter:card\" content=\"summary_large_image\" \/>\n<meta name=\"twitter:label1\" content=\"Gesch\u00e4tzte Lesezeit\" \/>\n\t<meta name=\"twitter:data1\" content=\"2\u00a0Minuten\" \/>\n<script type=\"application\/ld+json\" class=\"yoast-schema-graph\">{\"@context\":\"https:\\\/\\\/schema.org\",\"@graph\":[{\"@type\":\"WebPage\",\"@id\":\"https:\\\/\\\/repliquemangacine.fr\\\/dagues-et-accessoires-seconde-guerre-mondiale-materiels-militaria\\\/holster-walther-p38-etui-en-cuir\\\/\",\"url\":\"https:\\\/\\\/repliquemangacine.fr\\\/dagues-et-accessoires-seconde-guerre-mondiale-materiels-militaria\\\/holster-walther-p38-etui-en-cuir\\\/\",\"name\":\"Holster Walther P38 - Accessoires Militaria - R\u00e9plique Manga Cin\u00e9\",\"isPartOf\":{\"@id\":\"https:\\\/\\\/repliquemangacine.fr\\\/#website\"},\"primaryImageOfPage\":{\"@id\":\"https:\\\/\\\/repliquemangacine.fr\\\/dagues-et-accessoires-seconde-guerre-mondiale-materiels-militaria\\\/holster-walther-p38-etui-en-cuir\\\/#primaryimage\"},\"image\":{\"@id\":\"https:\\\/\\\/repliquemangacine.fr\\\/dagues-et-accessoires-seconde-guerre-mondiale-materiels-militaria\\\/holster-walther-p38-etui-en-cuir\\\/#primaryimage\"},\"thumbnailUrl\":\"https:\\\/\\\/repliquemangacine.fr\\\/wp-content\\\/uploads\\\/2023\\\/10\\\/1319-Etui-pour-pistolet-Walther-P38.jpg\",\"datePublished\":\"2017-01-02T15:46:55+00:00\",\"dateModified\":\"2025-09-23T16:01:48+00:00\",\"description\":\"Cette reproduction est conforme \u00e0 l'original. Con\u00e7u pour le pistolet automatique, le Holster Walther P38. Etui avec coque rigide en cuir v\u00e9ritable.\",\"breadcrumb\":{\"@id\":\"https:\\\/\\\/repliquemangacine.fr\\\/dagues-et-accessoires-seconde-guerre-mondiale-materiels-militaria\\\/holster-walther-p38-etui-en-cuir\\\/#breadcrumb\"},\"inLanguage\":\"de\",\"potentialAction\":[{\"@type\":\"ReadAction\",\"target\":[\"https:\\\/\\\/repliquemangacine.fr\\\/dagues-et-accessoires-seconde-guerre-mondiale-materiels-militaria\\\/holster-walther-p38-etui-en-cuir\\\/\"]}]},{\"@type\":\"ImageObject\",\"inLanguage\":\"de\",\"@id\":\"https:\\\/\\\/repliquemangacine.fr\\\/dagues-et-accessoires-seconde-guerre-mondiale-materiels-militaria\\\/holster-walther-p38-etui-en-cuir\\\/#primaryimage\",\"url\":\"https:\\\/\\\/repliquemangacine.fr\\\/wp-content\\\/uploads\\\/2023\\\/10\\\/1319-Etui-pour-pistolet-Walther-P38.jpg\",\"contentUrl\":\"https:\\\/\\\/repliquemangacine.fr\\\/wp-content\\\/uploads\\\/2023\\\/10\\\/1319-Etui-pour-pistolet-Walther-P38.jpg\",\"width\":800,\"height\":800,\"caption\":\"Etui pour pistolet Walther P38\"},{\"@type\":\"BreadcrumbList\",\"@id\":\"https:\\\/\\\/repliquemangacine.fr\\\/dagues-et-accessoires-seconde-guerre-mondiale-materiels-militaria\\\/holster-walther-p38-etui-en-cuir\\\/#breadcrumb\",\"itemListElement\":[{\"@type\":\"ListItem\",\"position\":1,\"name\":\"Accueil\",\"item\":\"https:\\\/\\\/repliquemangacine.fr\\\/\"},{\"@type\":\"ListItem\",\"position\":2,\"name\":\"Produits\",\"item\":\"https:\\\/\\\/repliquemangacine.fr\\\/boutique\\\/\"},{\"@type\":\"ListItem\",\"position\":3,\"name\":\"Holster Walther P38\"}]},{\"@type\":\"WebSite\",\"@id\":\"https:\\\/\\\/repliquemangacine.fr\\\/#website\",\"url\":\"https:\\\/\\\/repliquemangacine.fr\\\/\",\"name\":\"R\u00e9plique Manga Cin\u00e9\",\"description\":\"\",\"publisher\":{\"@id\":\"https:\\\/\\\/repliquemangacine.fr\\\/#organization\"},\"potentialAction\":[{\"@type\":\"SearchAction\",\"target\":{\"@type\":\"EntryPoint\",\"urlTemplate\":\"https:\\\/\\\/repliquemangacine.fr\\\/?s={search_term_string}\"},\"query-input\":{\"@type\":\"PropertyValueSpecification\",\"valueRequired\":true,\"valueName\":\"search_term_string\"}}],\"inLanguage\":\"de\"},{\"@type\":\"Organization\",\"@id\":\"https:\\\/\\\/repliquemangacine.fr\\\/#organization\",\"name\":\"R\u00e9plique Manga Cin\u00e9\",\"url\":\"https:\\\/\\\/repliquemangacine.fr\\\/\",\"logo\":{\"@type\":\"ImageObject\",\"inLanguage\":\"de\",\"@id\":\"https:\\\/\\\/repliquemangacine.fr\\\/#\\\/schema\\\/logo\\\/image\\\/\",\"url\":\"https:\\\/\\\/repliquemangacine.fr\\\/wp-content\\\/uploads\\\/2023\\\/10\\\/RMC-500250.png\",\"contentUrl\":\"https:\\\/\\\/repliquemangacine.fr\\\/wp-content\\\/uploads\\\/2023\\\/10\\\/RMC-500250.png\",\"width\":500,\"height\":250,\"caption\":\"R\u00e9plique Manga Cin\u00e9\"},\"image\":{\"@id\":\"https:\\\/\\\/repliquemangacine.fr\\\/#\\\/schema\\\/logo\\\/image\\\/\"},\"sameAs\":[\"https:\\\/\\\/www.facebook.com\\\/RepliqueMangaCine\",\"https:\\\/\\\/www.instagram.com\\\/repliquemangacine.fr\\\/\"]}]}<\/script>\n<!-- \/ Yoast SEO plugin. -->","yoast_head_json":{"title":"Walther P38 Holster - Militaria Zubeh\u00f6r - R\u00e9plique Manga Cin\u00e9","description":"Diese Reproduktion entspricht dem Original. Entworfen f\u00fcr die automatische Pistole, das Walther P38 Holster. Holster mit Hartschale aus echtem Leder.","robots":{"index":"index","follow":"follow","max-snippet":"max-snippet:-1","max-image-preview":"max-image-preview:large","max-video-preview":"max-video-preview:-1"},"canonical":"https:\/\/repliquemangacine.fr\/de\/dolche-und-zubehor-zweiter-weltkrieg-militarisches-material\/holster-walther-p38-lederetui\/","og_locale":"de_DE","og_type":"article","og_title":"Holster Walther P38 - Accessoires Militaria - R\u00e9plique Manga Cin\u00e9","og_description":"Cette reproduction est conforme \u00e0 l'original. Con\u00e7u pour le pistolet automatique, le Holster Walther P38. Etui avec coque rigide en cuir v\u00e9ritable.","og_url":"https:\/\/repliquemangacine.fr\/de\/dolche-und-zubehor-zweiter-weltkrieg-militarisches-material\/holster-walther-p38-lederetui\/","og_site_name":"R\u00e9plique Manga Cin\u00e9","article_publisher":"https:\/\/www.facebook.com\/RepliqueMangaCine","article_modified_time":"2025-09-23T16:01:48+00:00","og_image":[{"width":800,"height":800,"url":"https:\/\/repliquemangacine.fr\/wp-content\/uploads\/2023\/10\/1319-Etui-pour-pistolet-Walther-P38.jpg","type":"image\/jpeg"}],"twitter_card":"summary_large_image","twitter_misc":{"Gesch\u00e4tzte Lesezeit":"2\u00a0Minuten"},"schema":{"@context":"https:\/\/schema.org","@graph":[{"@type":"WebPage","@id":"https:\/\/repliquemangacine.fr\/dagues-et-accessoires-seconde-guerre-mondiale-materiels-militaria\/holster-walther-p38-etui-en-cuir\/","url":"https:\/\/repliquemangacine.fr\/dagues-et-accessoires-seconde-guerre-mondiale-materiels-militaria\/holster-walther-p38-etui-en-cuir\/","name":"Walther P38 Holster - Militaria Zubeh\u00f6r - R\u00e9plique Manga Cin\u00e9","isPartOf":{"@id":"https:\/\/repliquemangacine.fr\/#website"},"primaryImageOfPage":{"@id":"https:\/\/repliquemangacine.fr\/dagues-et-accessoires-seconde-guerre-mondiale-materiels-militaria\/holster-walther-p38-etui-en-cuir\/#primaryimage"},"image":{"@id":"https:\/\/repliquemangacine.fr\/dagues-et-accessoires-seconde-guerre-mondiale-materiels-militaria\/holster-walther-p38-etui-en-cuir\/#primaryimage"},"thumbnailUrl":"https:\/\/repliquemangacine.fr\/wp-content\/uploads\/2023\/10\/1319-Etui-pour-pistolet-Walther-P38.jpg","datePublished":"2017-01-02T15:46:55+00:00","dateModified":"2025-09-23T16:01:48+00:00","description":"Diese Reproduktion entspricht dem Original. Entworfen f\u00fcr die automatische Pistole, das Walther P38 Holster. Holster mit Hartschale aus echtem Leder.","breadcrumb":{"@id":"https:\/\/repliquemangacine.fr\/dagues-et-accessoires-seconde-guerre-mondiale-materiels-militaria\/holster-walther-p38-etui-en-cuir\/#breadcrumb"},"inLanguage":"de","potentialAction":[{"@type":"ReadAction","target":["https:\/\/repliquemangacine.fr\/dagues-et-accessoires-seconde-guerre-mondiale-materiels-militaria\/holster-walther-p38-etui-en-cuir\/"]}]},{"@type":"ImageObject","inLanguage":"de","@id":"https:\/\/repliquemangacine.fr\/dagues-et-accessoires-seconde-guerre-mondiale-materiels-militaria\/holster-walther-p38-etui-en-cuir\/#primaryimage","url":"https:\/\/repliquemangacine.fr\/wp-content\/uploads\/2023\/10\/1319-Etui-pour-pistolet-Walther-P38.jpg","contentUrl":"https:\/\/repliquemangacine.fr\/wp-content\/uploads\/2023\/10\/1319-Etui-pour-pistolet-Walther-P38.jpg","width":800,"height":800,"caption":"Etui pour pistolet Walther P38"},{"@type":"BreadcrumbList","@id":"https:\/\/repliquemangacine.fr\/dagues-et-accessoires-seconde-guerre-mondiale-materiels-militaria\/holster-walther-p38-etui-en-cuir\/#breadcrumb","itemListElement":[{"@type":"ListItem","position":1,"name":"Accueil","item":"https:\/\/repliquemangacine.fr\/"},{"@type":"ListItem","position":2,"name":"Produits","item":"https:\/\/repliquemangacine.fr\/boutique\/"},{"@type":"ListItem","position":3,"name":"Holster Walther P38"}]},{"@type":"WebSite","@id":"https:\/\/repliquemangacine.fr\/#website","url":"https:\/\/repliquemangacine.fr\/","name":"R\u00e9plique Manga Cin\u00e9","description":"","publisher":{"@id":"https:\/\/repliquemangacine.fr\/#organization"},"potentialAction":[{"@type":"SearchAction","target":{"@type":"EntryPoint","urlTemplate":"https:\/\/repliquemangacine.fr\/?s={search_term_string}"},"query-input":{"@type":"PropertyValueSpecification","valueRequired":true,"valueName":"search_term_string"}}],"inLanguage":"de"},{"@type":"Organization","@id":"https:\/\/repliquemangacine.fr\/#organization","name":"R\u00e9plique Manga Cin\u00e9","url":"https:\/\/repliquemangacine.fr\/","logo":{"@type":"ImageObject","inLanguage":"de","@id":"https:\/\/repliquemangacine.fr\/#\/schema\/logo\/image\/","url":"https:\/\/repliquemangacine.fr\/wp-content\/uploads\/2023\/10\/RMC-500250.png","contentUrl":"https:\/\/repliquemangacine.fr\/wp-content\/uploads\/2023\/10\/RMC-500250.png","width":500,"height":250,"caption":"R\u00e9plique Manga Cin\u00e9"},"image":{"@id":"https:\/\/repliquemangacine.fr\/#\/schema\/logo\/image\/"},"sameAs":["https:\/\/www.facebook.com\/RepliqueMangaCine","https:\/\/www.instagram.com\/repliquemangacine.fr\/"]}]}},"_links":{"self":[{"href":"https:\/\/repliquemangacine.fr\/de\/wp-json\/wp\/v2\/product\/26686","targetHints":{"allow":["GET"]}}],"collection":[{"href":"https:\/\/repliquemangacine.fr\/de\/wp-json\/wp\/v2\/product"}],"about":[{"href":"https:\/\/repliquemangacine.fr\/de\/wp-json\/wp\/v2\/types\/product"}],"wp:featuredmedia":[{"embeddable":true,"href":"https:\/\/repliquemangacine.fr\/de\/wp-json\/wp\/v2\/media\/26687"}],"wp:attachment":[{"href":"https:\/\/repliquemangacine.fr\/de\/wp-json\/wp\/v2\/media?parent=26686"}],"wp:term":[{"taxonomy":"product_brand","embeddable":true,"href":"https:\/\/repliquemangacine.fr\/de\/wp-json\/wp\/v2\/product_brand?post=26686"},{"taxonomy":"product_cat","embeddable":true,"href":"https:\/\/repliquemangacine.fr\/de\/wp-json\/wp\/v2\/product_cat?post=26686"},{"taxonomy":"product_tag","embeddable":true,"href":"https:\/\/repliquemangacine.fr\/de\/wp-json\/wp\/v2\/product_tag?post=26686"}],"curies":[{"name":"wp","href":"https:\/\/api.w.org\/{rel}","templated":true}]}}