





{"id":26650,"date":"2016-12-31T10:56:45","date_gmt":"2016-12-31T09:56:45","guid":{"rendered":"https:\/\/repliquemangacine.fr\/?post_type=product&#038;p=26650"},"modified":"2025-09-23T18:01:48","modified_gmt":"2025-09-23T16:01:48","slug":"stift-zauberstab-und-lesezeichen-harry-potter","status":"publish","type":"product","link":"https:\/\/repliquemangacine.fr\/de\/collectors-et-goodies-harry-potter\/stylo-baguette-et-marque-page-harry-potter\/","title":{"rendered":"Kugelschreiber harry Potter"},"content":{"rendered":"<h2>Harry Potter Kugelschreiber Zauberstab<\/h2>\n<p>Zu Beginn wird der <strong>Harry Potter Zauberstab-Kugelschreiber<\/strong> von seinem Zauberstab inspiriert ist, wird von The Noble Collection vertrieben.<\/p>\n<p><a href=\"https:\/\/harrypotter.fandom.com\/fr\/wiki\/Harry_Potter\" target=\"_blank\" rel=\"noopener noreferrer\">Harry James Potter<\/a> wurde am 31. Juli 1980 geboren. Er ist der einzige Sohn von James Potter und Lily Evans. Er ist auch der einzige Mensch, von dem bekannt ist, dass er den von Voldemort ausgesprochenen Todesfluch \u00fcberlebt hat. Von diesem Mordversuch blieb ihm eine blitzf\u00f6rmige Narbe auf der Stirn zur\u00fcck.<\/p>\n<p>In Hogwarts angekommen, findet Harry zwei gute Freunde: Ron Weasley und Hermine Granger, die ihn auf seinen Abenteuern begleiten. Schnell erregt er die Antipathie von Professor Severus Snape und Draco Malfoy, einem Sch\u00fcler aus Slytherin.<\/p>\n<p>Harry begann, Gef\u00fchle f\u00fcr Ginny Weasley zu entwickeln, Gef\u00fchle, die sie urspr\u00fcnglich f\u00fcr ihn empfunden hatte. Harry und Ginny heirateten schlie\u00dflich und bekamen drei Kinder: James, Albus und Lily.<\/p>\n<h2>Ihr Harry Potter-Sammelobjekt zum besten Preis<\/h2>\n<p>Wir bieten Ihnen eine gro\u00dfe Auswahl an Merchandising-Artikeln aus der Harry-Potter-Saga.<\/p>\n<p>Zun\u00e4chst einmal,<\/p>\n<ul>\n<li>Der Zauberstab von <a href=\"https:\/\/repliquemangacine.fr\/de\/harry-potter-stabchen\/ron-weasley-stab-hochwertiger-metallkern\/\">Ron Weasley<\/a> sein treuer Freund.<\/li>\n<li>Sowie die <a href=\"https:\/\/repliquemangacine.fr\/de\/harry-potter-stabchen\/zauberstab-hermine-granger-metallkern\/\">Hermines Zauberstab<\/a> ihre gro\u00dfe Freundin.<\/li>\n<li>Es gibt auch Sammlerst\u00fccke, wie das Schachbrett der Zauberer<\/li>\n<li>Und viele andere, die es in unserem Online-Shop zu entdecken gibt!<\/li>\n<\/ul>\n<p>Deshalb hier eine tolle Geschenkidee f\u00fcr alle Harry-Potter-Fans<\/p>\n<p>Abschlie\u00dfend k\u00f6nnen Sie auch diesen <strong>Harry Potter Zauberstab Stift<\/strong> im Alltag. Vor allem aber ist es ein Sammler- und Dekorationsst\u00fcck.<\/p>\n<p>R\u00e9plique Manga Cin\u00e9 ist ein franz\u00f6sisches Familienunternehmen.<\/p>\n<p>Viel Spa\u00df beim Besuch auf dem Weg quer durch die Welt!<\/p>","protected":false},"excerpt":{"rendered":"<p>Hier ist ein origineller Kugelschreiber in Form des Zauberstabs von Harry Potter aus der Saga.<\/p>\n<ul>\n<li>Geh\u00e4use aus ABS.<\/li>\n<li>Lesezeichen mit dem Bildnis von Harry<\/li>\n<li>L\u00e4nge 18.5 cm<\/li>\n<li>Eine Kreation von The Noble Collection.<\/li>\n<\/ul>","protected":false},"featured_media":26651,"template":"","meta":[],"product_brand":[896],"product_cat":[87,24,41],"product_tag":[],"class_list":{"0":"post-26650","1":"product","2":"type-product","3":"status-publish","4":"has-post-thumbnail","6":"product_brand-replique-manga-cine","7":"product_cat-collectors-et-goodies-harry-potter","8":"product_cat-films-series-tv-vente-de-katana-epee-et-produits-derives","9":"product_cat-baguettes-et-goodies-harry-potter","11":"first","12":"instock","13":"taxable","14":"shipping-taxable","15":"purchasable","16":"product-type-simple"},"yoast_head":"<!-- This site is optimized with the Yoast SEO plugin v27.5 - https:\/\/yoast.com\/product\/yoast-seo-wordpress\/ -->\n<title>Stylo baguette Harry Potter - Vente en ligne | R\u00e9plique Manga Cin\u00e9<\/title>\n<meta name=\"description\" content=\"D\u00e9couvrez ce superbe stylo baguette d&#039;Harry Potter au meilleur prix - Inspir\u00e9 de sa propre baguette - Stylo bille - Paiement 100% s\u00e9curis\u00e9 - Envoi 24\/48h\" \/>\n<meta name=\"robots\" content=\"index, follow, max-snippet:-1, max-image-preview:large, max-video-preview:-1\" \/>\n<link rel=\"canonical\" href=\"https:\/\/repliquemangacine.fr\/de\/sammlerstucke-und-goodies-harry-potter\/stift-zauberstab-und-lesezeichen-harry-potter\/\" \/>\n<meta property=\"og:locale\" content=\"de_DE\" \/>\n<meta property=\"og:type\" content=\"article\" \/>\n<meta property=\"og:title\" content=\"Stylo baguette Harry Potter - Vente en ligne | R\u00e9plique Manga Cin\u00e9\" \/>\n<meta property=\"og:description\" content=\"D\u00e9couvrez ce superbe stylo baguette d&#039;Harry Potter au meilleur prix - Inspir\u00e9 de sa propre baguette - Stylo bille - Paiement 100% s\u00e9curis\u00e9 - Envoi 24\/48h\" \/>\n<meta property=\"og:url\" content=\"https:\/\/repliquemangacine.fr\/de\/sammlerstucke-und-goodies-harry-potter\/stift-zauberstab-und-lesezeichen-harry-potter\/\" \/>\n<meta property=\"og:site_name\" content=\"R\u00e9plique Manga Cin\u00e9\" \/>\n<meta property=\"article:publisher\" content=\"https:\/\/www.facebook.com\/RepliqueMangaCine\" \/>\n<meta property=\"article:modified_time\" content=\"2025-09-23T16:01:48+00:00\" \/>\n<meta property=\"og:image\" content=\"https:\/\/repliquemangacine.fr\/wp-content\/uploads\/2023\/10\/2652-Stylo-baguette-et-son-marque-page-Harry-Potter.jpg\" \/>\n\t<meta property=\"og:image:width\" content=\"466\" \/>\n\t<meta property=\"og:image:height\" content=\"466\" \/>\n\t<meta property=\"og:image:type\" content=\"image\/jpeg\" \/>\n<meta name=\"twitter:card\" content=\"summary_large_image\" \/>\n<meta name=\"twitter:label1\" content=\"Gesch\u00e4tzte Lesezeit\" \/>\n\t<meta name=\"twitter:data1\" content=\"1\u00a0Minute\" \/>\n<script type=\"application\/ld+json\" class=\"yoast-schema-graph\">{\"@context\":\"https:\\\/\\\/schema.org\",\"@graph\":[{\"@type\":\"WebPage\",\"@id\":\"https:\\\/\\\/repliquemangacine.fr\\\/collectors-et-goodies-harry-potter\\\/stylo-baguette-et-marque-page-harry-potter\\\/\",\"url\":\"https:\\\/\\\/repliquemangacine.fr\\\/collectors-et-goodies-harry-potter\\\/stylo-baguette-et-marque-page-harry-potter\\\/\",\"name\":\"Stylo baguette Harry Potter - Vente en ligne | R\u00e9plique Manga Cin\u00e9\",\"isPartOf\":{\"@id\":\"https:\\\/\\\/repliquemangacine.fr\\\/#website\"},\"primaryImageOfPage\":{\"@id\":\"https:\\\/\\\/repliquemangacine.fr\\\/collectors-et-goodies-harry-potter\\\/stylo-baguette-et-marque-page-harry-potter\\\/#primaryimage\"},\"image\":{\"@id\":\"https:\\\/\\\/repliquemangacine.fr\\\/collectors-et-goodies-harry-potter\\\/stylo-baguette-et-marque-page-harry-potter\\\/#primaryimage\"},\"thumbnailUrl\":\"https:\\\/\\\/repliquemangacine.fr\\\/wp-content\\\/uploads\\\/2023\\\/10\\\/2652-Stylo-baguette-et-son-marque-page-Harry-Potter.jpg\",\"datePublished\":\"2016-12-31T09:56:45+00:00\",\"dateModified\":\"2025-09-23T16:01:48+00:00\",\"description\":\"D\u00e9couvrez ce superbe stylo baguette d'Harry Potter au meilleur prix - Inspir\u00e9 de sa propre baguette - Stylo bille - Paiement 100% s\u00e9curis\u00e9 - Envoi 24\\\/48h\",\"breadcrumb\":{\"@id\":\"https:\\\/\\\/repliquemangacine.fr\\\/collectors-et-goodies-harry-potter\\\/stylo-baguette-et-marque-page-harry-potter\\\/#breadcrumb\"},\"inLanguage\":\"de\",\"potentialAction\":[{\"@type\":\"ReadAction\",\"target\":[\"https:\\\/\\\/repliquemangacine.fr\\\/collectors-et-goodies-harry-potter\\\/stylo-baguette-et-marque-page-harry-potter\\\/\"]}]},{\"@type\":\"ImageObject\",\"inLanguage\":\"de\",\"@id\":\"https:\\\/\\\/repliquemangacine.fr\\\/collectors-et-goodies-harry-potter\\\/stylo-baguette-et-marque-page-harry-potter\\\/#primaryimage\",\"url\":\"https:\\\/\\\/repliquemangacine.fr\\\/wp-content\\\/uploads\\\/2023\\\/10\\\/2652-Stylo-baguette-et-son-marque-page-Harry-Potter.jpg\",\"contentUrl\":\"https:\\\/\\\/repliquemangacine.fr\\\/wp-content\\\/uploads\\\/2023\\\/10\\\/2652-Stylo-baguette-et-son-marque-page-Harry-Potter.jpg\",\"width\":466,\"height\":466,\"caption\":\"Stylo baguette et son marque page Harry Potter\"},{\"@type\":\"BreadcrumbList\",\"@id\":\"https:\\\/\\\/repliquemangacine.fr\\\/collectors-et-goodies-harry-potter\\\/stylo-baguette-et-marque-page-harry-potter\\\/#breadcrumb\",\"itemListElement\":[{\"@type\":\"ListItem\",\"position\":1,\"name\":\"Accueil\",\"item\":\"https:\\\/\\\/repliquemangacine.fr\\\/\"},{\"@type\":\"ListItem\",\"position\":2,\"name\":\"Produits\",\"item\":\"https:\\\/\\\/repliquemangacine.fr\\\/boutique\\\/\"},{\"@type\":\"ListItem\",\"position\":3,\"name\":\"Stylo harry Potter\"}]},{\"@type\":\"WebSite\",\"@id\":\"https:\\\/\\\/repliquemangacine.fr\\\/#website\",\"url\":\"https:\\\/\\\/repliquemangacine.fr\\\/\",\"name\":\"R\u00e9plique Manga Cin\u00e9\",\"description\":\"\",\"publisher\":{\"@id\":\"https:\\\/\\\/repliquemangacine.fr\\\/#organization\"},\"potentialAction\":[{\"@type\":\"SearchAction\",\"target\":{\"@type\":\"EntryPoint\",\"urlTemplate\":\"https:\\\/\\\/repliquemangacine.fr\\\/?s={search_term_string}\"},\"query-input\":{\"@type\":\"PropertyValueSpecification\",\"valueRequired\":true,\"valueName\":\"search_term_string\"}}],\"inLanguage\":\"de\"},{\"@type\":\"Organization\",\"@id\":\"https:\\\/\\\/repliquemangacine.fr\\\/#organization\",\"name\":\"R\u00e9plique Manga Cin\u00e9\",\"url\":\"https:\\\/\\\/repliquemangacine.fr\\\/\",\"logo\":{\"@type\":\"ImageObject\",\"inLanguage\":\"de\",\"@id\":\"https:\\\/\\\/repliquemangacine.fr\\\/#\\\/schema\\\/logo\\\/image\\\/\",\"url\":\"https:\\\/\\\/repliquemangacine.fr\\\/wp-content\\\/uploads\\\/2023\\\/10\\\/RMC-500250.png\",\"contentUrl\":\"https:\\\/\\\/repliquemangacine.fr\\\/wp-content\\\/uploads\\\/2023\\\/10\\\/RMC-500250.png\",\"width\":500,\"height\":250,\"caption\":\"R\u00e9plique Manga Cin\u00e9\"},\"image\":{\"@id\":\"https:\\\/\\\/repliquemangacine.fr\\\/#\\\/schema\\\/logo\\\/image\\\/\"},\"sameAs\":[\"https:\\\/\\\/www.facebook.com\\\/RepliqueMangaCine\",\"https:\\\/\\\/www.instagram.com\\\/repliquemangacine.fr\\\/\"]}]}<\/script>\n<!-- \/ Yoast SEO plugin. -->","yoast_head_json":{"title":"Harry Potter Zauberstab Kugelschreiber - Online Verkauf | R\u00e9plique Manga Cin\u00e9","description":"Entdecken Sie diesen tollen Zauberstab-Kugelschreiber von Harry Potter zum besten Preis - Inspiriert von seinem eigenen Zauberstab - Kugelschreiber - Sichere 100% Zahlung - Versand 24\/48h","robots":{"index":"index","follow":"follow","max-snippet":"max-snippet:-1","max-image-preview":"max-image-preview:large","max-video-preview":"max-video-preview:-1"},"canonical":"https:\/\/repliquemangacine.fr\/de\/sammlerstucke-und-goodies-harry-potter\/stift-zauberstab-und-lesezeichen-harry-potter\/","og_locale":"de_DE","og_type":"article","og_title":"Stylo baguette Harry Potter - Vente en ligne | R\u00e9plique Manga Cin\u00e9","og_description":"D\u00e9couvrez ce superbe stylo baguette d'Harry Potter au meilleur prix - Inspir\u00e9 de sa propre baguette - Stylo bille - Paiement 100% s\u00e9curis\u00e9 - Envoi 24\/48h","og_url":"https:\/\/repliquemangacine.fr\/de\/sammlerstucke-und-goodies-harry-potter\/stift-zauberstab-und-lesezeichen-harry-potter\/","og_site_name":"R\u00e9plique Manga Cin\u00e9","article_publisher":"https:\/\/www.facebook.com\/RepliqueMangaCine","article_modified_time":"2025-09-23T16:01:48+00:00","og_image":[{"width":466,"height":466,"url":"https:\/\/repliquemangacine.fr\/wp-content\/uploads\/2023\/10\/2652-Stylo-baguette-et-son-marque-page-Harry-Potter.jpg","type":"image\/jpeg"}],"twitter_card":"summary_large_image","twitter_misc":{"Gesch\u00e4tzte Lesezeit":"1\u00a0Minute"},"schema":{"@context":"https:\/\/schema.org","@graph":[{"@type":"WebPage","@id":"https:\/\/repliquemangacine.fr\/collectors-et-goodies-harry-potter\/stylo-baguette-et-marque-page-harry-potter\/","url":"https:\/\/repliquemangacine.fr\/collectors-et-goodies-harry-potter\/stylo-baguette-et-marque-page-harry-potter\/","name":"Harry Potter Zauberstab Kugelschreiber - Online Verkauf | R\u00e9plique Manga Cin\u00e9","isPartOf":{"@id":"https:\/\/repliquemangacine.fr\/#website"},"primaryImageOfPage":{"@id":"https:\/\/repliquemangacine.fr\/collectors-et-goodies-harry-potter\/stylo-baguette-et-marque-page-harry-potter\/#primaryimage"},"image":{"@id":"https:\/\/repliquemangacine.fr\/collectors-et-goodies-harry-potter\/stylo-baguette-et-marque-page-harry-potter\/#primaryimage"},"thumbnailUrl":"https:\/\/repliquemangacine.fr\/wp-content\/uploads\/2023\/10\/2652-Stylo-baguette-et-son-marque-page-Harry-Potter.jpg","datePublished":"2016-12-31T09:56:45+00:00","dateModified":"2025-09-23T16:01:48+00:00","description":"Entdecken Sie diesen tollen Zauberstab-Kugelschreiber von Harry Potter zum besten Preis - Inspiriert von seinem eigenen Zauberstab - Kugelschreiber - Sichere 100% Zahlung - Versand 24\/48h","breadcrumb":{"@id":"https:\/\/repliquemangacine.fr\/collectors-et-goodies-harry-potter\/stylo-baguette-et-marque-page-harry-potter\/#breadcrumb"},"inLanguage":"de","potentialAction":[{"@type":"ReadAction","target":["https:\/\/repliquemangacine.fr\/collectors-et-goodies-harry-potter\/stylo-baguette-et-marque-page-harry-potter\/"]}]},{"@type":"ImageObject","inLanguage":"de","@id":"https:\/\/repliquemangacine.fr\/collectors-et-goodies-harry-potter\/stylo-baguette-et-marque-page-harry-potter\/#primaryimage","url":"https:\/\/repliquemangacine.fr\/wp-content\/uploads\/2023\/10\/2652-Stylo-baguette-et-son-marque-page-Harry-Potter.jpg","contentUrl":"https:\/\/repliquemangacine.fr\/wp-content\/uploads\/2023\/10\/2652-Stylo-baguette-et-son-marque-page-Harry-Potter.jpg","width":466,"height":466,"caption":"Stylo baguette et son marque page Harry Potter"},{"@type":"BreadcrumbList","@id":"https:\/\/repliquemangacine.fr\/collectors-et-goodies-harry-potter\/stylo-baguette-et-marque-page-harry-potter\/#breadcrumb","itemListElement":[{"@type":"ListItem","position":1,"name":"Accueil","item":"https:\/\/repliquemangacine.fr\/"},{"@type":"ListItem","position":2,"name":"Produits","item":"https:\/\/repliquemangacine.fr\/boutique\/"},{"@type":"ListItem","position":3,"name":"Stylo harry Potter"}]},{"@type":"WebSite","@id":"https:\/\/repliquemangacine.fr\/#website","url":"https:\/\/repliquemangacine.fr\/","name":"R\u00e9plique Manga Cin\u00e9","description":"","publisher":{"@id":"https:\/\/repliquemangacine.fr\/#organization"},"potentialAction":[{"@type":"SearchAction","target":{"@type":"EntryPoint","urlTemplate":"https:\/\/repliquemangacine.fr\/?s={search_term_string}"},"query-input":{"@type":"PropertyValueSpecification","valueRequired":true,"valueName":"search_term_string"}}],"inLanguage":"de"},{"@type":"Organization","@id":"https:\/\/repliquemangacine.fr\/#organization","name":"R\u00e9plique Manga Cin\u00e9","url":"https:\/\/repliquemangacine.fr\/","logo":{"@type":"ImageObject","inLanguage":"de","@id":"https:\/\/repliquemangacine.fr\/#\/schema\/logo\/image\/","url":"https:\/\/repliquemangacine.fr\/wp-content\/uploads\/2023\/10\/RMC-500250.png","contentUrl":"https:\/\/repliquemangacine.fr\/wp-content\/uploads\/2023\/10\/RMC-500250.png","width":500,"height":250,"caption":"R\u00e9plique Manga Cin\u00e9"},"image":{"@id":"https:\/\/repliquemangacine.fr\/#\/schema\/logo\/image\/"},"sameAs":["https:\/\/www.facebook.com\/RepliqueMangaCine","https:\/\/www.instagram.com\/repliquemangacine.fr\/"]}]}},"_links":{"self":[{"href":"https:\/\/repliquemangacine.fr\/de\/wp-json\/wp\/v2\/product\/26650","targetHints":{"allow":["GET"]}}],"collection":[{"href":"https:\/\/repliquemangacine.fr\/de\/wp-json\/wp\/v2\/product"}],"about":[{"href":"https:\/\/repliquemangacine.fr\/de\/wp-json\/wp\/v2\/types\/product"}],"wp:featuredmedia":[{"embeddable":true,"href":"https:\/\/repliquemangacine.fr\/de\/wp-json\/wp\/v2\/media\/26651"}],"wp:attachment":[{"href":"https:\/\/repliquemangacine.fr\/de\/wp-json\/wp\/v2\/media?parent=26650"}],"wp:term":[{"taxonomy":"product_brand","embeddable":true,"href":"https:\/\/repliquemangacine.fr\/de\/wp-json\/wp\/v2\/product_brand?post=26650"},{"taxonomy":"product_cat","embeddable":true,"href":"https:\/\/repliquemangacine.fr\/de\/wp-json\/wp\/v2\/product_cat?post=26650"},{"taxonomy":"product_tag","embeddable":true,"href":"https:\/\/repliquemangacine.fr\/de\/wp-json\/wp\/v2\/product_tag?post=26650"}],"curies":[{"name":"wp","href":"https:\/\/api.w.org\/{rel}","templated":true}]}}