





{"id":26608,"date":"2016-12-29T20:39:47","date_gmt":"2016-12-29T19:39:47","guid":{"rendered":"https:\/\/repliquemangacine.fr\/?post_type=product&#038;p=26608"},"modified":"2025-10-23T15:41:33","modified_gmt":"2025-10-23T13:41:33","slug":"ron-weasley-deluminator","status":"publish","type":"product","link":"https:\/\/repliquemangacine.fr\/de\/collectors-et-goodies-harry-potter\/deluminateur-de-ron-weasley\/","title":{"rendered":"Ron Weasley Deluminator"},"content":{"rendered":"<h2>Ron Weasleys Deluminator aus Harry Potter.<\/h2>\n<p>Zu Beginn Rons Deluminator, eine authentische Replik unter offizieller Lizenz <a href=\"https:\/\/noblecollection.fr\/deluminateur-ron-weasley-p-708.html\">Noble Collection<\/a><\/p>\n<p>Der Deluminator ist eine Art verzaubertes Feuerzeug, das von Albus Dumbledore hergestellt wurde. Es erm\u00f6glicht, Licht zu absorbieren, zu speichern und wieder abzugeben. Laut Rufus Scrimgeour ist dieses magische Objekt einzigartig.<\/p>\n<p>Albus benutzt diesen Deluminator, um w\u00e4hrend seines Duells mit seinem Neffen in eine andere Dimension zu wechseln.<\/p>\n<p>Nach Dumbledores Tod im Jahr 1997 wird der Deluminator Ron Weasley vermacht. Dieser entdeckt daraufhin neue Eigenschaften: Ron gelingt es, Harry und Hermine wiederzufinden, nachdem er sie in einem Wutanfall verlassen hatte.<\/p>\n<p>Es ist anzumerken, dass der Deluminator in seinen ersten beiden Auftritten in Harry Potter und der Stein der Weisen und Harry Potter und der Orden des Ph\u00f6nix als Put-Outer bezeichnet wird.<\/p>\n<h2>Ihr Harry Potter-Sammelobjekt zum besten Preis.<\/h2>\n<p>Wir bieten Ihnen eine gro\u00dfe Auswahl an offiziellen Harry Potter-Produkten von Noble Collection.<\/p>\n<p>Zun\u00e4chst einmal,<\/p>\n<ul>\n<li>Der leuchtende Zauberstab seines besten Freundes, <a href=\"https:\/\/repliquemangacine.fr\/de\/leuchtstab\/leuchtstab-harry-potter\/\">Harry Potter<\/a>.<\/li>\n<li>Sowie den leuchtenden Zauberstab seiner Frau <a href=\"https:\/\/repliquemangacine.fr\/de\/harry-potter\/offizieller-hermione-granger-leuchtstab\/\">Hermione<\/a>.<\/li>\n<li>Und viele andere, die es in unserem Online-Shop zu entdecken gibt!<\/li>\n<li>Nat\u00fcrlich haben wir, um Ihren Kindern eine Freude zu machen, auch alle nicht offiziellen, aber preisg\u00fcnstigen Baguettes auf unserer Website.<\/li>\n<\/ul>\n<p>Deshalb ist dies eine gro\u00dfartige Geschenkidee f\u00fcr alle Fans der Harry-Potter-Saga.<\/p>\n<p>Abschlie\u00dfend k\u00f6nnen Sie auch diesen <strong>Rons Deluminator<\/strong> f\u00fcr Ihre Cosplay-Paraden oder Themenabende. Vor allem aber ist es ein Sammler- und Dekorationsst\u00fcck.<\/p>\n<p>R\u00e9plique Manga Cin\u00e9 ist ein franz\u00f6sisches Familienunternehmen.<\/p>\n<p>&nbsp;<\/p>","protected":false},"excerpt":{"rendered":"<p>Authentische Replik Noble Collection.<\/p>\n<ul>\n<li>Aus gealtertem Metall mit kleinen Gravuren, umgeben von einer gr\u00fcnen Schale.<\/li>\n<li>Dr\u00fccken Sie den Knopf und er leuchtet tats\u00e4chlich.<\/li>\n<li>Er ist 10 cm lang und wiegt 80 Gramm.<\/li>\n<\/ul>","protected":false},"featured_media":26609,"template":"","meta":[],"product_brand":[896],"product_cat":[87,24,41],"product_tag":[],"class_list":{"0":"post-26608","1":"product","2":"type-product","3":"status-publish","4":"has-post-thumbnail","6":"product_brand-replique-manga-cine","7":"product_cat-collectors-et-goodies-harry-potter","8":"product_cat-films-series-tv-vente-de-katana-epee-et-produits-derives","9":"product_cat-baguettes-et-goodies-harry-potter","11":"first","12":"instock","13":"taxable","14":"shipping-taxable","15":"purchasable","16":"product-type-simple"},"yoast_head":"<!-- This site is optimized with the Yoast SEO plugin v27.5 - https:\/\/yoast.com\/product\/yoast-seo-wordpress\/ -->\n<title>D\u00e9luminateur de Ron - Harry Potter | R\u00e9plique Manga Cin\u00e9<\/title>\n<meta name=\"description\" content=\"D\u00e9couvrez la r\u00e9plique authentique du D\u00e9luminateur de Ron au meilleur prix - S&#039;\u00e9claire r\u00e9ellement - Licence Officielle Noble Collection - Longueur : 10 cm\" \/>\n<meta name=\"robots\" content=\"index, follow, max-snippet:-1, max-image-preview:large, max-video-preview:-1\" \/>\n<link rel=\"canonical\" href=\"https:\/\/repliquemangacine.fr\/de\/sammlerstucke-und-goodies-harry-potter\/ron-weasley-deluminator\/\" \/>\n<meta property=\"og:locale\" content=\"de_DE\" \/>\n<meta property=\"og:type\" content=\"article\" \/>\n<meta property=\"og:title\" content=\"D\u00e9luminateur de Ron - Harry Potter | R\u00e9plique Manga Cin\u00e9\" \/>\n<meta property=\"og:description\" content=\"D\u00e9couvrez la r\u00e9plique authentique du D\u00e9luminateur de Ron au meilleur prix - S&#039;\u00e9claire r\u00e9ellement - Licence Officielle Noble Collection - Longueur : 10 cm\" \/>\n<meta property=\"og:url\" content=\"https:\/\/repliquemangacine.fr\/de\/sammlerstucke-und-goodies-harry-potter\/ron-weasley-deluminator\/\" \/>\n<meta property=\"og:site_name\" content=\"R\u00e9plique Manga Cin\u00e9\" \/>\n<meta property=\"article:publisher\" content=\"https:\/\/www.facebook.com\/RepliqueMangaCine\" \/>\n<meta property=\"article:modified_time\" content=\"2025-10-23T13:41:33+00:00\" \/>\n<meta property=\"og:image\" content=\"https:\/\/repliquemangacine.fr\/wp-content\/uploads\/2023\/10\/1260-Deluminateur-de-Ron-Weasley.jpg\" \/>\n\t<meta property=\"og:image:width\" content=\"700\" \/>\n\t<meta property=\"og:image:height\" content=\"700\" \/>\n\t<meta property=\"og:image:type\" content=\"image\/jpeg\" \/>\n<meta name=\"twitter:card\" content=\"summary_large_image\" \/>\n<meta name=\"twitter:label1\" content=\"Gesch\u00e4tzte Lesezeit\" \/>\n\t<meta name=\"twitter:data1\" content=\"1\u00a0Minute\" \/>\n<script type=\"application\/ld+json\" class=\"yoast-schema-graph\">{\"@context\":\"https:\\\/\\\/schema.org\",\"@graph\":[{\"@type\":\"WebPage\",\"@id\":\"https:\\\/\\\/repliquemangacine.fr\\\/collectors-et-goodies-harry-potter\\\/deluminateur-de-ron-weasley\\\/\",\"url\":\"https:\\\/\\\/repliquemangacine.fr\\\/collectors-et-goodies-harry-potter\\\/deluminateur-de-ron-weasley\\\/\",\"name\":\"D\u00e9luminateur de Ron - Harry Potter | R\u00e9plique Manga Cin\u00e9\",\"isPartOf\":{\"@id\":\"https:\\\/\\\/repliquemangacine.fr\\\/#website\"},\"primaryImageOfPage\":{\"@id\":\"https:\\\/\\\/repliquemangacine.fr\\\/collectors-et-goodies-harry-potter\\\/deluminateur-de-ron-weasley\\\/#primaryimage\"},\"image\":{\"@id\":\"https:\\\/\\\/repliquemangacine.fr\\\/collectors-et-goodies-harry-potter\\\/deluminateur-de-ron-weasley\\\/#primaryimage\"},\"thumbnailUrl\":\"https:\\\/\\\/repliquemangacine.fr\\\/wp-content\\\/uploads\\\/2023\\\/10\\\/1260-Deluminateur-de-Ron-Weasley.jpg\",\"datePublished\":\"2016-12-29T19:39:47+00:00\",\"dateModified\":\"2025-10-23T13:41:33+00:00\",\"description\":\"D\u00e9couvrez la r\u00e9plique authentique du D\u00e9luminateur de Ron au meilleur prix - S'\u00e9claire r\u00e9ellement - Licence Officielle Noble Collection - Longueur : 10 cm\",\"breadcrumb\":{\"@id\":\"https:\\\/\\\/repliquemangacine.fr\\\/collectors-et-goodies-harry-potter\\\/deluminateur-de-ron-weasley\\\/#breadcrumb\"},\"inLanguage\":\"de\",\"potentialAction\":[{\"@type\":\"ReadAction\",\"target\":[\"https:\\\/\\\/repliquemangacine.fr\\\/collectors-et-goodies-harry-potter\\\/deluminateur-de-ron-weasley\\\/\"]}]},{\"@type\":\"ImageObject\",\"inLanguage\":\"de\",\"@id\":\"https:\\\/\\\/repliquemangacine.fr\\\/collectors-et-goodies-harry-potter\\\/deluminateur-de-ron-weasley\\\/#primaryimage\",\"url\":\"https:\\\/\\\/repliquemangacine.fr\\\/wp-content\\\/uploads\\\/2023\\\/10\\\/1260-Deluminateur-de-Ron-Weasley.jpg\",\"contentUrl\":\"https:\\\/\\\/repliquemangacine.fr\\\/wp-content\\\/uploads\\\/2023\\\/10\\\/1260-Deluminateur-de-Ron-Weasley.jpg\",\"width\":700,\"height\":700,\"caption\":\"D\u00e9luminateur de Ron Weasley\"},{\"@type\":\"BreadcrumbList\",\"@id\":\"https:\\\/\\\/repliquemangacine.fr\\\/collectors-et-goodies-harry-potter\\\/deluminateur-de-ron-weasley\\\/#breadcrumb\",\"itemListElement\":[{\"@type\":\"ListItem\",\"position\":1,\"name\":\"Accueil\",\"item\":\"https:\\\/\\\/repliquemangacine.fr\\\/\"},{\"@type\":\"ListItem\",\"position\":2,\"name\":\"Produits\",\"item\":\"https:\\\/\\\/repliquemangacine.fr\\\/boutique\\\/\"},{\"@type\":\"ListItem\",\"position\":3,\"name\":\"D\u00e9luminateur Ron Weasley\"}]},{\"@type\":\"WebSite\",\"@id\":\"https:\\\/\\\/repliquemangacine.fr\\\/#website\",\"url\":\"https:\\\/\\\/repliquemangacine.fr\\\/\",\"name\":\"R\u00e9plique Manga Cin\u00e9\",\"description\":\"\",\"publisher\":{\"@id\":\"https:\\\/\\\/repliquemangacine.fr\\\/#organization\"},\"potentialAction\":[{\"@type\":\"SearchAction\",\"target\":{\"@type\":\"EntryPoint\",\"urlTemplate\":\"https:\\\/\\\/repliquemangacine.fr\\\/?s={search_term_string}\"},\"query-input\":{\"@type\":\"PropertyValueSpecification\",\"valueRequired\":true,\"valueName\":\"search_term_string\"}}],\"inLanguage\":\"de\"},{\"@type\":\"Organization\",\"@id\":\"https:\\\/\\\/repliquemangacine.fr\\\/#organization\",\"name\":\"R\u00e9plique Manga Cin\u00e9\",\"url\":\"https:\\\/\\\/repliquemangacine.fr\\\/\",\"logo\":{\"@type\":\"ImageObject\",\"inLanguage\":\"de\",\"@id\":\"https:\\\/\\\/repliquemangacine.fr\\\/#\\\/schema\\\/logo\\\/image\\\/\",\"url\":\"https:\\\/\\\/repliquemangacine.fr\\\/wp-content\\\/uploads\\\/2023\\\/10\\\/RMC-500250.png\",\"contentUrl\":\"https:\\\/\\\/repliquemangacine.fr\\\/wp-content\\\/uploads\\\/2023\\\/10\\\/RMC-500250.png\",\"width\":500,\"height\":250,\"caption\":\"R\u00e9plique Manga Cin\u00e9\"},\"image\":{\"@id\":\"https:\\\/\\\/repliquemangacine.fr\\\/#\\\/schema\\\/logo\\\/image\\\/\"},\"sameAs\":[\"https:\\\/\\\/www.facebook.com\\\/RepliqueMangaCine\",\"https:\\\/\\\/www.instagram.com\\\/repliquemangacine.fr\\\/\"]}]}<\/script>\n<!-- \/ Yoast SEO plugin. -->","yoast_head_json":{"title":"Rons Teelichtmacher - Harry Potter | R\u00e9plique Manga Cin\u00e9","description":"Entdecken Sie das authentische Replikat von Rons Deluminator zum besten Preis - Leuchtet wirklich - Offizielle Lizenz Noble Collection - L\u00e4nge: 10 cm","robots":{"index":"index","follow":"follow","max-snippet":"max-snippet:-1","max-image-preview":"max-image-preview:large","max-video-preview":"max-video-preview:-1"},"canonical":"https:\/\/repliquemangacine.fr\/de\/sammlerstucke-und-goodies-harry-potter\/ron-weasley-deluminator\/","og_locale":"de_DE","og_type":"article","og_title":"D\u00e9luminateur de Ron - Harry Potter | R\u00e9plique Manga Cin\u00e9","og_description":"D\u00e9couvrez la r\u00e9plique authentique du D\u00e9luminateur de Ron au meilleur prix - S'\u00e9claire r\u00e9ellement - Licence Officielle Noble Collection - Longueur : 10 cm","og_url":"https:\/\/repliquemangacine.fr\/de\/sammlerstucke-und-goodies-harry-potter\/ron-weasley-deluminator\/","og_site_name":"R\u00e9plique Manga Cin\u00e9","article_publisher":"https:\/\/www.facebook.com\/RepliqueMangaCine","article_modified_time":"2025-10-23T13:41:33+00:00","og_image":[{"width":700,"height":700,"url":"https:\/\/repliquemangacine.fr\/wp-content\/uploads\/2023\/10\/1260-Deluminateur-de-Ron-Weasley.jpg","type":"image\/jpeg"}],"twitter_card":"summary_large_image","twitter_misc":{"Gesch\u00e4tzte Lesezeit":"1\u00a0Minute"},"schema":{"@context":"https:\/\/schema.org","@graph":[{"@type":"WebPage","@id":"https:\/\/repliquemangacine.fr\/collectors-et-goodies-harry-potter\/deluminateur-de-ron-weasley\/","url":"https:\/\/repliquemangacine.fr\/collectors-et-goodies-harry-potter\/deluminateur-de-ron-weasley\/","name":"Rons Teelichtmacher - Harry Potter | R\u00e9plique Manga Cin\u00e9","isPartOf":{"@id":"https:\/\/repliquemangacine.fr\/#website"},"primaryImageOfPage":{"@id":"https:\/\/repliquemangacine.fr\/collectors-et-goodies-harry-potter\/deluminateur-de-ron-weasley\/#primaryimage"},"image":{"@id":"https:\/\/repliquemangacine.fr\/collectors-et-goodies-harry-potter\/deluminateur-de-ron-weasley\/#primaryimage"},"thumbnailUrl":"https:\/\/repliquemangacine.fr\/wp-content\/uploads\/2023\/10\/1260-Deluminateur-de-Ron-Weasley.jpg","datePublished":"2016-12-29T19:39:47+00:00","dateModified":"2025-10-23T13:41:33+00:00","description":"Entdecken Sie das authentische Replikat von Rons Deluminator zum besten Preis - Leuchtet wirklich - Offizielle Lizenz Noble Collection - L\u00e4nge: 10 cm","breadcrumb":{"@id":"https:\/\/repliquemangacine.fr\/collectors-et-goodies-harry-potter\/deluminateur-de-ron-weasley\/#breadcrumb"},"inLanguage":"de","potentialAction":[{"@type":"ReadAction","target":["https:\/\/repliquemangacine.fr\/collectors-et-goodies-harry-potter\/deluminateur-de-ron-weasley\/"]}]},{"@type":"ImageObject","inLanguage":"de","@id":"https:\/\/repliquemangacine.fr\/collectors-et-goodies-harry-potter\/deluminateur-de-ron-weasley\/#primaryimage","url":"https:\/\/repliquemangacine.fr\/wp-content\/uploads\/2023\/10\/1260-Deluminateur-de-Ron-Weasley.jpg","contentUrl":"https:\/\/repliquemangacine.fr\/wp-content\/uploads\/2023\/10\/1260-Deluminateur-de-Ron-Weasley.jpg","width":700,"height":700,"caption":"D\u00e9luminateur de Ron Weasley"},{"@type":"BreadcrumbList","@id":"https:\/\/repliquemangacine.fr\/collectors-et-goodies-harry-potter\/deluminateur-de-ron-weasley\/#breadcrumb","itemListElement":[{"@type":"ListItem","position":1,"name":"Accueil","item":"https:\/\/repliquemangacine.fr\/"},{"@type":"ListItem","position":2,"name":"Produits","item":"https:\/\/repliquemangacine.fr\/boutique\/"},{"@type":"ListItem","position":3,"name":"D\u00e9luminateur Ron Weasley"}]},{"@type":"WebSite","@id":"https:\/\/repliquemangacine.fr\/#website","url":"https:\/\/repliquemangacine.fr\/","name":"R\u00e9plique Manga Cin\u00e9","description":"","publisher":{"@id":"https:\/\/repliquemangacine.fr\/#organization"},"potentialAction":[{"@type":"SearchAction","target":{"@type":"EntryPoint","urlTemplate":"https:\/\/repliquemangacine.fr\/?s={search_term_string}"},"query-input":{"@type":"PropertyValueSpecification","valueRequired":true,"valueName":"search_term_string"}}],"inLanguage":"de"},{"@type":"Organization","@id":"https:\/\/repliquemangacine.fr\/#organization","name":"R\u00e9plique Manga Cin\u00e9","url":"https:\/\/repliquemangacine.fr\/","logo":{"@type":"ImageObject","inLanguage":"de","@id":"https:\/\/repliquemangacine.fr\/#\/schema\/logo\/image\/","url":"https:\/\/repliquemangacine.fr\/wp-content\/uploads\/2023\/10\/RMC-500250.png","contentUrl":"https:\/\/repliquemangacine.fr\/wp-content\/uploads\/2023\/10\/RMC-500250.png","width":500,"height":250,"caption":"R\u00e9plique Manga Cin\u00e9"},"image":{"@id":"https:\/\/repliquemangacine.fr\/#\/schema\/logo\/image\/"},"sameAs":["https:\/\/www.facebook.com\/RepliqueMangaCine","https:\/\/www.instagram.com\/repliquemangacine.fr\/"]}]}},"_links":{"self":[{"href":"https:\/\/repliquemangacine.fr\/de\/wp-json\/wp\/v2\/product\/26608","targetHints":{"allow":["GET"]}}],"collection":[{"href":"https:\/\/repliquemangacine.fr\/de\/wp-json\/wp\/v2\/product"}],"about":[{"href":"https:\/\/repliquemangacine.fr\/de\/wp-json\/wp\/v2\/types\/product"}],"wp:featuredmedia":[{"embeddable":true,"href":"https:\/\/repliquemangacine.fr\/de\/wp-json\/wp\/v2\/media\/26609"}],"wp:attachment":[{"href":"https:\/\/repliquemangacine.fr\/de\/wp-json\/wp\/v2\/media?parent=26608"}],"wp:term":[{"taxonomy":"product_brand","embeddable":true,"href":"https:\/\/repliquemangacine.fr\/de\/wp-json\/wp\/v2\/product_brand?post=26608"},{"taxonomy":"product_cat","embeddable":true,"href":"https:\/\/repliquemangacine.fr\/de\/wp-json\/wp\/v2\/product_cat?post=26608"},{"taxonomy":"product_tag","embeddable":true,"href":"https:\/\/repliquemangacine.fr\/de\/wp-json\/wp\/v2\/product_tag?post=26608"}],"curies":[{"name":"wp","href":"https:\/\/api.w.org\/{rel}","templated":true}]}}