





{"id":26601,"date":"2016-12-29T16:08:14","date_gmt":"2016-12-29T15:08:14","guid":{"rendered":"https:\/\/repliquemangacine.fr\/?post_type=product&#038;p=26601"},"modified":"2025-12-18T20:17:03","modified_gmt":"2025-12-18T19:17:03","slug":"leuchtstab-harry-potter","status":"publish","type":"product","link":"https:\/\/repliquemangacine.fr\/de\/baguette-lumineuse-harry-potter\/baguette-lumineuse-harry-potter\/","title":{"rendered":"Leuchtleiste Harry"},"content":{"rendered":"<h2>Offizieller und leuchtender Zauberstab von Harry Potter.<\/h2>\n<p>Zun\u00e4chst einmal ist der offizielle Harry Potter-Leuchtstab ganz aus PVC, in seiner signierten Sammlerbox. <a href=\"https:\/\/noblecollection.fr\" target=\"_blank\" rel=\"noopener noreferrer\">Noble Collection<\/a>.<\/p>\n<p>Jeder Zauberstab von Ollivander enth\u00e4lt sehr m\u00e4chtige magische Substanzen: Einhornhaar, Ph\u00f6nixfedern oder Drachenherzventrikel. Aber unabh\u00e4ngig von seiner Zusammensetzung kann sich jeder Zauberstab in eine Fackel verwandeln, sobald sein Besitzer den Zauberspruch \u201dLumos\u201d ausspricht.<\/p>\n<p>In Hogwarts angekommen, findet Harry zwei gute Freunde: Ron Weasley und Hermine Granger, die ihn auf seinen Abenteuern begleiten. Schnell erregt er die Antipathie von Professor Severus Snape und Draco Malfoy, einem Sch\u00fcler aus Slytherin. Sie erleben zahlreiche Abenteuer, die sie zur Schlacht von Hogwarts und zur Erf\u00fcllung der Prophezeiung f\u00fchren.<\/p>\n<h2>Ihr Zauberstab zum besten Preis.<\/h2>\n<p>Wir bieten Ihnen eine gro\u00dfe Auswahl an offiziellen Harry-Potter-Zauberst\u00e4ben von Noble Collection.<\/p>\n<p>Zun\u00e4chst einmal,<\/p>\n<ul>\n<li>Der leuchtende Zauberstab seines langj\u00e4hrigen Freundes, <a href=\"https:\/\/repliquemangacine.fr\/de\/harry-potter\/offizieller-hermione-granger-leuchtstab\/\">Hermione Granger<\/a>.<\/li>\n<li>Sowie den Zauberstab seines Feindes <a href=\"https:\/\/repliquemangacine.fr\/de\/stabchen-figuren\/lord-voldemort-zauberstab-metallkern\/\">Lord Voldemort<\/a><\/li>\n<li>Und viele andere, die es in unserem Online-Shop zu entdecken gibt!<\/li>\n<li>Nat\u00fcrlich haben wir, um Ihren Kindern eine Freude zu machen, auch alle nicht offiziellen, aber preisg\u00fcnstigen Baguettes auf unserer Website.<\/li>\n<\/ul>\n<p>Deshalb hier eine tolle Geschenkidee f\u00fcr alle Harry-Potter-Fans<\/p>\n<p>Abschlie\u00dfend k\u00f6nnen Sie auch diesen <strong>Harry Potter-Leuchtstab<\/strong> f\u00fcr Ihre Cosplays oder Themenabende. Vor allem aber ist es ein Sammler- und Dekorationsst\u00fcck.<\/p>\n<p>R\u00e9plique Manga Cin\u00e9 ist ein franz\u00f6sisches Familienunternehmen.<\/p>\n<p>&nbsp;<\/p>","protected":false},"excerpt":{"rendered":"<p>Der Harry Potter-Leuchtstab und Offizieller Zauberstab ist aus PVC gefertigt und befindet sich in einer mit Noble Collection signierten Box.<\/p>\n<ul>\n<li>Sch\u00fctteln Sie sie und sie leuchtet. Sch\u00fctteln Sie sie erneut, geht sie aus!<\/li>\n<li>Diese leuchtende Version aus PVC<\/li>\n<li>Box f\u00fcr Sammler. Ben\u00f6tigt 2 AAA-Batterien (nicht enthalten).<\/li>\n<li>Produkt mit offizieller Harry PotterTM -Lizenz<strong><br \/>\n<\/strong><\/li>\n<li>L\u00e4nge: 35 cm<\/li>\n<\/ul>","protected":false},"featured_media":26602,"template":"","meta":[],"product_brand":[896],"product_cat":[70,24,41],"product_tag":[],"class_list":{"0":"post-26601","1":"product","2":"type-product","3":"status-publish","4":"has-post-thumbnail","6":"product_brand-replique-manga-cine","7":"product_cat-baguette-lumineuse-harry-potter","8":"product_cat-films-series-tv-vente-de-katana-epee-et-produits-derives","9":"product_cat-baguettes-et-goodies-harry-potter","11":"first","12":"instock","13":"taxable","14":"shipping-taxable","15":"purchasable","16":"product-type-simple"},"yoast_head":"<!-- This site is optimized with the Yoast SEO plugin v27.5 - https:\/\/yoast.com\/product\/yoast-seo-wordpress\/ -->\n<title>Baguette Lumineuse Harry Potter | R\u00e9plique Manga Cin\u00e9<\/title>\n<meta name=\"description\" content=\"Prononc\u00e9 la formule magique &quot;Lumos&quot; et transformer votre baguette en torche. Cette Baguette Lumineuse Harry Potter s\u2019allume et s\u2019\u00e9teint d&#039;un coup de main.\" \/>\n<meta name=\"robots\" content=\"index, follow, max-snippet:-1, max-image-preview:large, max-video-preview:-1\" \/>\n<link rel=\"canonical\" href=\"https:\/\/repliquemangacine.fr\/de\/leuchtstab-harry-potter\/leuchtstab-harry-potter\/\" \/>\n<meta property=\"og:locale\" content=\"de_DE\" \/>\n<meta property=\"og:type\" content=\"article\" \/>\n<meta property=\"og:title\" content=\"Baguette Lumineuse Harry Potter | R\u00e9plique Manga Cin\u00e9\" \/>\n<meta property=\"og:description\" content=\"Prononc\u00e9 la formule magique &quot;Lumos&quot; et transformer votre baguette en torche. Cette Baguette Lumineuse Harry Potter s\u2019allume et s\u2019\u00e9teint d&#039;un coup de main.\" \/>\n<meta property=\"og:url\" content=\"https:\/\/repliquemangacine.fr\/de\/leuchtstab-harry-potter\/leuchtstab-harry-potter\/\" \/>\n<meta property=\"og:site_name\" content=\"R\u00e9plique Manga Cin\u00e9\" \/>\n<meta property=\"article:publisher\" content=\"https:\/\/www.facebook.com\/RepliqueMangaCine\" \/>\n<meta property=\"article:modified_time\" content=\"2025-12-18T19:17:03+00:00\" \/>\n<meta property=\"og:image\" content=\"https:\/\/repliquemangacine.fr\/wp-content\/uploads\/2023\/10\/baguette-lumineuse-harry-potter.jpg\" \/>\n\t<meta property=\"og:image:width\" content=\"600\" \/>\n\t<meta property=\"og:image:height\" content=\"600\" \/>\n\t<meta property=\"og:image:type\" content=\"image\/jpeg\" \/>\n<meta name=\"twitter:card\" content=\"summary_large_image\" \/>\n<meta name=\"twitter:label1\" content=\"Gesch\u00e4tzte Lesezeit\" \/>\n\t<meta name=\"twitter:data1\" content=\"1\u00a0Minute\" \/>\n<script type=\"application\/ld+json\" class=\"yoast-schema-graph\">{\"@context\":\"https:\\\/\\\/schema.org\",\"@graph\":[{\"@type\":\"WebPage\",\"@id\":\"https:\\\/\\\/repliquemangacine.fr\\\/baguette-lumineuse-harry-potter\\\/baguette-lumineuse-harry-potter\\\/\",\"url\":\"https:\\\/\\\/repliquemangacine.fr\\\/baguette-lumineuse-harry-potter\\\/baguette-lumineuse-harry-potter\\\/\",\"name\":\"Baguette Lumineuse Harry Potter | R\u00e9plique Manga Cin\u00e9\",\"isPartOf\":{\"@id\":\"https:\\\/\\\/repliquemangacine.fr\\\/#website\"},\"primaryImageOfPage\":{\"@id\":\"https:\\\/\\\/repliquemangacine.fr\\\/baguette-lumineuse-harry-potter\\\/baguette-lumineuse-harry-potter\\\/#primaryimage\"},\"image\":{\"@id\":\"https:\\\/\\\/repliquemangacine.fr\\\/baguette-lumineuse-harry-potter\\\/baguette-lumineuse-harry-potter\\\/#primaryimage\"},\"thumbnailUrl\":\"https:\\\/\\\/repliquemangacine.fr\\\/wp-content\\\/uploads\\\/2023\\\/10\\\/baguette-lumineuse-harry-potter.jpg\",\"datePublished\":\"2016-12-29T15:08:14+00:00\",\"dateModified\":\"2025-12-18T19:17:03+00:00\",\"description\":\"Prononc\u00e9 la formule magique \\\"Lumos\\\" et transformer votre baguette en torche. Cette Baguette Lumineuse Harry Potter s\u2019allume et s\u2019\u00e9teint d'un coup de main.\",\"breadcrumb\":{\"@id\":\"https:\\\/\\\/repliquemangacine.fr\\\/baguette-lumineuse-harry-potter\\\/baguette-lumineuse-harry-potter\\\/#breadcrumb\"},\"inLanguage\":\"de\",\"potentialAction\":[{\"@type\":\"ReadAction\",\"target\":[\"https:\\\/\\\/repliquemangacine.fr\\\/baguette-lumineuse-harry-potter\\\/baguette-lumineuse-harry-potter\\\/\"]}]},{\"@type\":\"ImageObject\",\"inLanguage\":\"de\",\"@id\":\"https:\\\/\\\/repliquemangacine.fr\\\/baguette-lumineuse-harry-potter\\\/baguette-lumineuse-harry-potter\\\/#primaryimage\",\"url\":\"https:\\\/\\\/repliquemangacine.fr\\\/wp-content\\\/uploads\\\/2023\\\/10\\\/baguette-lumineuse-harry-potter.jpg\",\"contentUrl\":\"https:\\\/\\\/repliquemangacine.fr\\\/wp-content\\\/uploads\\\/2023\\\/10\\\/baguette-lumineuse-harry-potter.jpg\",\"width\":600,\"height\":600,\"caption\":\"baguette-lumineuse-harry-potter collector\"},{\"@type\":\"BreadcrumbList\",\"@id\":\"https:\\\/\\\/repliquemangacine.fr\\\/baguette-lumineuse-harry-potter\\\/baguette-lumineuse-harry-potter\\\/#breadcrumb\",\"itemListElement\":[{\"@type\":\"ListItem\",\"position\":1,\"name\":\"Accueil\",\"item\":\"https:\\\/\\\/repliquemangacine.fr\\\/\"},{\"@type\":\"ListItem\",\"position\":2,\"name\":\"Produits\",\"item\":\"https:\\\/\\\/repliquemangacine.fr\\\/boutique\\\/\"},{\"@type\":\"ListItem\",\"position\":3,\"name\":\"Baguette lumineuse Harry\"}]},{\"@type\":\"WebSite\",\"@id\":\"https:\\\/\\\/repliquemangacine.fr\\\/#website\",\"url\":\"https:\\\/\\\/repliquemangacine.fr\\\/\",\"name\":\"R\u00e9plique Manga Cin\u00e9\",\"description\":\"\",\"publisher\":{\"@id\":\"https:\\\/\\\/repliquemangacine.fr\\\/#organization\"},\"potentialAction\":[{\"@type\":\"SearchAction\",\"target\":{\"@type\":\"EntryPoint\",\"urlTemplate\":\"https:\\\/\\\/repliquemangacine.fr\\\/?s={search_term_string}\"},\"query-input\":{\"@type\":\"PropertyValueSpecification\",\"valueRequired\":true,\"valueName\":\"search_term_string\"}}],\"inLanguage\":\"de\"},{\"@type\":\"Organization\",\"@id\":\"https:\\\/\\\/repliquemangacine.fr\\\/#organization\",\"name\":\"R\u00e9plique Manga Cin\u00e9\",\"url\":\"https:\\\/\\\/repliquemangacine.fr\\\/\",\"logo\":{\"@type\":\"ImageObject\",\"inLanguage\":\"de\",\"@id\":\"https:\\\/\\\/repliquemangacine.fr\\\/#\\\/schema\\\/logo\\\/image\\\/\",\"url\":\"https:\\\/\\\/repliquemangacine.fr\\\/wp-content\\\/uploads\\\/2023\\\/10\\\/RMC-500250.png\",\"contentUrl\":\"https:\\\/\\\/repliquemangacine.fr\\\/wp-content\\\/uploads\\\/2023\\\/10\\\/RMC-500250.png\",\"width\":500,\"height\":250,\"caption\":\"R\u00e9plique Manga Cin\u00e9\"},\"image\":{\"@id\":\"https:\\\/\\\/repliquemangacine.fr\\\/#\\\/schema\\\/logo\\\/image\\\/\"},\"sameAs\":[\"https:\\\/\\\/www.facebook.com\\\/RepliqueMangaCine\",\"https:\\\/\\\/www.instagram.com\\\/repliquemangacine.fr\\\/\"]}]}<\/script>\n<!-- \/ Yoast SEO plugin. -->","yoast_head_json":{"title":"Harry Potter-Leuchtstab | R\u00e9plique Manga Cin\u00e9","description":"Sprechen Sie die Zauberformel \"Lumos\" aus und verwandeln Sie Ihren Zauberstab in eine Fackel. Dieser Harry Potter-Leuchtstab l\u00e4sst sich mit einem Handgriff ein- und ausschalten.","robots":{"index":"index","follow":"follow","max-snippet":"max-snippet:-1","max-image-preview":"max-image-preview:large","max-video-preview":"max-video-preview:-1"},"canonical":"https:\/\/repliquemangacine.fr\/de\/leuchtstab-harry-potter\/leuchtstab-harry-potter\/","og_locale":"de_DE","og_type":"article","og_title":"Baguette Lumineuse Harry Potter | R\u00e9plique Manga Cin\u00e9","og_description":"Prononc\u00e9 la formule magique \"Lumos\" et transformer votre baguette en torche. Cette Baguette Lumineuse Harry Potter s\u2019allume et s\u2019\u00e9teint d'un coup de main.","og_url":"https:\/\/repliquemangacine.fr\/de\/leuchtstab-harry-potter\/leuchtstab-harry-potter\/","og_site_name":"R\u00e9plique Manga Cin\u00e9","article_publisher":"https:\/\/www.facebook.com\/RepliqueMangaCine","article_modified_time":"2025-12-18T19:17:03+00:00","og_image":[{"width":600,"height":600,"url":"https:\/\/repliquemangacine.fr\/wp-content\/uploads\/2023\/10\/baguette-lumineuse-harry-potter.jpg","type":"image\/jpeg"}],"twitter_card":"summary_large_image","twitter_misc":{"Gesch\u00e4tzte Lesezeit":"1\u00a0Minute"},"schema":{"@context":"https:\/\/schema.org","@graph":[{"@type":"WebPage","@id":"https:\/\/repliquemangacine.fr\/baguette-lumineuse-harry-potter\/baguette-lumineuse-harry-potter\/","url":"https:\/\/repliquemangacine.fr\/baguette-lumineuse-harry-potter\/baguette-lumineuse-harry-potter\/","name":"Harry Potter-Leuchtstab | R\u00e9plique Manga Cin\u00e9","isPartOf":{"@id":"https:\/\/repliquemangacine.fr\/#website"},"primaryImageOfPage":{"@id":"https:\/\/repliquemangacine.fr\/baguette-lumineuse-harry-potter\/baguette-lumineuse-harry-potter\/#primaryimage"},"image":{"@id":"https:\/\/repliquemangacine.fr\/baguette-lumineuse-harry-potter\/baguette-lumineuse-harry-potter\/#primaryimage"},"thumbnailUrl":"https:\/\/repliquemangacine.fr\/wp-content\/uploads\/2023\/10\/baguette-lumineuse-harry-potter.jpg","datePublished":"2016-12-29T15:08:14+00:00","dateModified":"2025-12-18T19:17:03+00:00","description":"Sprechen Sie die Zauberformel \"Lumos\" aus und verwandeln Sie Ihren Zauberstab in eine Fackel. Dieser Harry Potter-Leuchtstab l\u00e4sst sich mit einem Handgriff ein- und ausschalten.","breadcrumb":{"@id":"https:\/\/repliquemangacine.fr\/baguette-lumineuse-harry-potter\/baguette-lumineuse-harry-potter\/#breadcrumb"},"inLanguage":"de","potentialAction":[{"@type":"ReadAction","target":["https:\/\/repliquemangacine.fr\/baguette-lumineuse-harry-potter\/baguette-lumineuse-harry-potter\/"]}]},{"@type":"ImageObject","inLanguage":"de","@id":"https:\/\/repliquemangacine.fr\/baguette-lumineuse-harry-potter\/baguette-lumineuse-harry-potter\/#primaryimage","url":"https:\/\/repliquemangacine.fr\/wp-content\/uploads\/2023\/10\/baguette-lumineuse-harry-potter.jpg","contentUrl":"https:\/\/repliquemangacine.fr\/wp-content\/uploads\/2023\/10\/baguette-lumineuse-harry-potter.jpg","width":600,"height":600,"caption":"baguette-lumineuse-harry-potter collector"},{"@type":"BreadcrumbList","@id":"https:\/\/repliquemangacine.fr\/baguette-lumineuse-harry-potter\/baguette-lumineuse-harry-potter\/#breadcrumb","itemListElement":[{"@type":"ListItem","position":1,"name":"Accueil","item":"https:\/\/repliquemangacine.fr\/"},{"@type":"ListItem","position":2,"name":"Produits","item":"https:\/\/repliquemangacine.fr\/boutique\/"},{"@type":"ListItem","position":3,"name":"Baguette lumineuse Harry"}]},{"@type":"WebSite","@id":"https:\/\/repliquemangacine.fr\/#website","url":"https:\/\/repliquemangacine.fr\/","name":"R\u00e9plique Manga Cin\u00e9","description":"","publisher":{"@id":"https:\/\/repliquemangacine.fr\/#organization"},"potentialAction":[{"@type":"SearchAction","target":{"@type":"EntryPoint","urlTemplate":"https:\/\/repliquemangacine.fr\/?s={search_term_string}"},"query-input":{"@type":"PropertyValueSpecification","valueRequired":true,"valueName":"search_term_string"}}],"inLanguage":"de"},{"@type":"Organization","@id":"https:\/\/repliquemangacine.fr\/#organization","name":"R\u00e9plique Manga Cin\u00e9","url":"https:\/\/repliquemangacine.fr\/","logo":{"@type":"ImageObject","inLanguage":"de","@id":"https:\/\/repliquemangacine.fr\/#\/schema\/logo\/image\/","url":"https:\/\/repliquemangacine.fr\/wp-content\/uploads\/2023\/10\/RMC-500250.png","contentUrl":"https:\/\/repliquemangacine.fr\/wp-content\/uploads\/2023\/10\/RMC-500250.png","width":500,"height":250,"caption":"R\u00e9plique Manga Cin\u00e9"},"image":{"@id":"https:\/\/repliquemangacine.fr\/#\/schema\/logo\/image\/"},"sameAs":["https:\/\/www.facebook.com\/RepliqueMangaCine","https:\/\/www.instagram.com\/repliquemangacine.fr\/"]}]}},"_links":{"self":[{"href":"https:\/\/repliquemangacine.fr\/de\/wp-json\/wp\/v2\/product\/26601","targetHints":{"allow":["GET"]}}],"collection":[{"href":"https:\/\/repliquemangacine.fr\/de\/wp-json\/wp\/v2\/product"}],"about":[{"href":"https:\/\/repliquemangacine.fr\/de\/wp-json\/wp\/v2\/types\/product"}],"wp:featuredmedia":[{"embeddable":true,"href":"https:\/\/repliquemangacine.fr\/de\/wp-json\/wp\/v2\/media\/26602"}],"wp:attachment":[{"href":"https:\/\/repliquemangacine.fr\/de\/wp-json\/wp\/v2\/media?parent=26601"}],"wp:term":[{"taxonomy":"product_brand","embeddable":true,"href":"https:\/\/repliquemangacine.fr\/de\/wp-json\/wp\/v2\/product_brand?post=26601"},{"taxonomy":"product_cat","embeddable":true,"href":"https:\/\/repliquemangacine.fr\/de\/wp-json\/wp\/v2\/product_cat?post=26601"},{"taxonomy":"product_tag","embeddable":true,"href":"https:\/\/repliquemangacine.fr\/de\/wp-json\/wp\/v2\/product_tag?post=26601"}],"curies":[{"name":"wp","href":"https:\/\/api.w.org\/{rel}","templated":true}]}}