





{"id":26596,"date":"2016-12-28T18:27:47","date_gmt":"2016-12-28T17:27:47","guid":{"rendered":"https:\/\/repliquemangacine.fr\/?post_type=product&#038;p=26596"},"modified":"2025-09-23T18:01:48","modified_gmt":"2025-09-23T16:01:48","slug":"galadriel-anhanger-brosche","status":"publish","type":"product","link":"https:\/\/repliquemangacine.fr\/de\/bijoux-the-hobbit\/galadriel-pendentif-broche\/","title":{"rendered":"Galadriel Brosche Silber"},"content":{"rendered":"<h2>Herr der Ringe Galadriel Brosche Anh\u00e4nger<\/h2>\n<p>Zu Beginn wird der<strong> Galadriel Brosche Anh\u00e4nger<\/strong> ist aus massivem 925er Silber gefertigt und mit einem Perlmuttstein verziert.<\/p>\n<p>Galadriel ist eine Elbin aus dem Geschlecht der Noldor, Tochter von Finarfin und Schwester von Finrod Felagund. Sie gilt neben F\u00ebanor und L\u00fathien als eine der gr\u00f6\u00dften der Eldar. Galadriel hat das gleiche Temperament wie ihr Onkel, n\u00e4mlich dass sie nach Macht und Einfluss strebt. Sie ist die Herrin der W\u00e4lder von Lothl\u00f3rien.<\/p>\n<p>\u00dcbrigens, <a href=\"https:\/\/lotr.fandom.com\/fr\/wiki\/Galadriel\" target=\"_blank\" rel=\"noopener noreferrer\">Galadriel<\/a> hat Nenya, einen der drei elfischen Machtringe, in ihrem Besitz. Beim Start der Gemeinschaft gibt sie jedem Mitglied eine Lorien-Blattbrosche und einen elfischen Umhang.<\/p>\n<h2>Ihr Galadriel Broschenanh\u00e4nger zum besten Preis.<\/h2>\n<p>Wir bieten Ihnen eine gro\u00dfe Auswahl an g\u00fcnstigen Schwertern und Schmuckst\u00fccken aus Der Herr der Ringe.<\/p>\n<p>Zun\u00e4chst einmal,<\/p>\n<ul>\n<li>Arwens Schwert Hadhafang mit einer Klinge, die mit elfischen Runen graviert ist.<\/li>\n<li>Sowie das <a href=\"https:\/\/repliquemangacine.fr\/de\/schmuck-ringe\/brosche-halskette-blatt-der-lorien-seigneur-des-anneaux\/\">Halskette Brosche Blatt Lorien<\/a> Symbol der Elfen.<\/li>\n<li>Schlie\u00dfen wir mit dem unumg\u00e4nglichen <a href=\"https:\/\/repliquemangacine.fr\/de\/der-herr-der-ringe\/anneau-unique-le-precieux\/\">Einzigartiger Ring<\/a>. Dieser Ring der Macht wird von Gollum als \"mein Kostbarer\" bezeichnet.<\/li>\n<li>Und viele andere, die es in unserem Online-Shop zu entdecken gibt.<\/li>\n<\/ul>\n<p>Deshalb gibt es hier tolle Geschenkideen f\u00fcr alle Liebhaber der Trilogie \"Der Herr der Ringe\".<\/p>\n<p>Abschlie\u00dfend k\u00f6nnen Sie Ihr <strong>Galadriel Brosche Anh\u00e4nger<\/strong> im allt\u00e4glichen Leben. Vor allem aber ist er ein Sammlerst\u00fcck.<\/p>\n<h2>Wie pflegt man Silberschmuck?<\/h2>\n<p>Es ist zu betonen, dass Silber empfindlicher ist als Gold. Mit der Zeit, durch Reibung, Schwei\u00df und Staub verliert es seinen Glanz und wird matt.<\/p>\n<p>Hier sind einige Tipps zur Reinigung Ihres <strong>Galadriel Brosche Anh\u00e4nger<\/strong> aus Silber, verlangsamen Sie das Auftreten von Abnutzungserscheinungen.<\/p>\n<ul>\n<li>Natron: Eine wirksame L\u00f6sung. Gie\u00dfen Sie Wasser in eine Sch\u00fcssel und schmelzen Sie das Natron darin. Tauchen Sie Ihren Schmuck f\u00fcr einige Stunden vollst\u00e4ndig unter Wasser. Nehmen Sie eine sehr weiche Zahnb\u00fcrste und schrubben Sie vorsichtig. Sp\u00fclen Sie mit klarem Wasser nach.<\/li>\n<li>Wei\u00dfer Essig: Auf die gleiche Weise tauchen Sie Ihren Schmuck vollst\u00e4ndig in den wei\u00dfen Essig. Warten Sie zwei Stunden, sp\u00fclen Sie ihn mit lauwarmem Wasser ab und wischen Sie ihn mit einem weichen Tuch ab.<br \/>\nUnd dann gibt es noch all die Tricks von Oma, wie zum Beispiel Cola...<\/li>\n<\/ul>\n<p>Dann k\u00f6nnen Sie Ihren Schmuck l\u00e4nger tragen.<\/p>","protected":false},"excerpt":{"rendered":"<p>Dieser Anh\u00e4nger ist der Brosche nachempfunden, die Galadriel tr\u00e4gt.<\/p>\n<ul>\n<li>Aus patiniertem 925er Sterlingsilber gefertigt und mit einer Perlmuttperle verziert.<\/li>\n<li>45 cm lange Kette.<\/li>\n<li>Das Motiv ist etwa 6 x 3,5 cm gro\u00df.<\/li>\n<li>Sammlerbox aus Holz mit einer Plakette mit dem Emblem des Films.<\/li>\n<li>Offizielle Lizenz The Noble Collection<\/li>\n<\/ul>","protected":false},"featured_media":26597,"template":"","meta":[],"product_brand":[896],"product_cat":[78,79,24,29,35],"product_tag":[],"class_list":{"0":"post-26596","1":"product","2":"type-product","3":"status-publish","4":"has-post-thumbnail","6":"product_brand-replique-manga-cine","7":"product_cat-bijoux-anneaux","8":"product_cat-bijoux-the-hobbit","9":"product_cat-films-series-tv-vente-de-katana-epee-et-produits-derives","10":"product_cat-le-seigneur-des-anneaux","11":"product_cat-epee-et-bijoux-the-hobbit","13":"first","14":"outofstock","15":"sale","16":"taxable","17":"shipping-taxable","18":"purchasable","19":"product-type-simple"},"yoast_head":"<!-- This site is optimized with the Yoast SEO plugin v27.5 - https:\/\/yoast.com\/product\/yoast-seo-wordpress\/ -->\n<title>Pendentif Broche Galadriel - Bijoux Seigneur des Anneaux | RMC<\/title>\n<meta name=\"description\" content=\"Fait en argent massif 925e et orn\u00e9e d&#039;une perle en nacre, ce pendentif finement travaill\u00e9 est inspir\u00e9 de la broche port\u00e9e par Galadriel.\" \/>\n<meta name=\"robots\" content=\"index, follow, max-snippet:-1, max-image-preview:large, max-video-preview:-1\" \/>\n<link rel=\"canonical\" href=\"https:\/\/repliquemangacine.fr\/de\/schmuck-the-hobbit\/galadriel-anhanger-brosche\/\" \/>\n<meta property=\"og:locale\" content=\"de_DE\" \/>\n<meta property=\"og:type\" content=\"article\" \/>\n<meta property=\"og:title\" content=\"Pendentif Broche Galadriel - Bijoux Seigneur des Anneaux | RMC\" \/>\n<meta property=\"og:description\" content=\"Fait en argent massif 925e et orn\u00e9e d&#039;une perle en nacre, ce pendentif finement travaill\u00e9 est inspir\u00e9 de la broche port\u00e9e par Galadriel.\" \/>\n<meta property=\"og:url\" content=\"https:\/\/repliquemangacine.fr\/de\/schmuck-the-hobbit\/galadriel-anhanger-brosche\/\" \/>\n<meta property=\"og:site_name\" content=\"R\u00e9plique Manga Cin\u00e9\" \/>\n<meta property=\"article:publisher\" content=\"https:\/\/www.facebook.com\/RepliqueMangaCine\" \/>\n<meta property=\"article:modified_time\" content=\"2025-09-23T16:01:48+00:00\" \/>\n<meta property=\"og:image\" content=\"https:\/\/repliquemangacine.fr\/wp-content\/uploads\/2023\/10\/1250-Galadriel-Pendentif-broche.jpg\" \/>\n\t<meta property=\"og:image:width\" content=\"685\" \/>\n\t<meta property=\"og:image:height\" content=\"650\" \/>\n\t<meta property=\"og:image:type\" content=\"image\/jpeg\" \/>\n<meta name=\"twitter:card\" content=\"summary_large_image\" \/>\n<meta name=\"twitter:label1\" content=\"Gesch\u00e4tzte Lesezeit\" \/>\n\t<meta name=\"twitter:data1\" content=\"1\u00a0Minute\" \/>\n<script type=\"application\/ld+json\" class=\"yoast-schema-graph\">{\"@context\":\"https:\\\/\\\/schema.org\",\"@graph\":[{\"@type\":\"WebPage\",\"@id\":\"https:\\\/\\\/repliquemangacine.fr\\\/bijoux-the-hobbit\\\/galadriel-pendentif-broche\\\/\",\"url\":\"https:\\\/\\\/repliquemangacine.fr\\\/bijoux-the-hobbit\\\/galadriel-pendentif-broche\\\/\",\"name\":\"Pendentif Broche Galadriel - Bijoux Seigneur des Anneaux | RMC\",\"isPartOf\":{\"@id\":\"https:\\\/\\\/repliquemangacine.fr\\\/#website\"},\"primaryImageOfPage\":{\"@id\":\"https:\\\/\\\/repliquemangacine.fr\\\/bijoux-the-hobbit\\\/galadriel-pendentif-broche\\\/#primaryimage\"},\"image\":{\"@id\":\"https:\\\/\\\/repliquemangacine.fr\\\/bijoux-the-hobbit\\\/galadriel-pendentif-broche\\\/#primaryimage\"},\"thumbnailUrl\":\"https:\\\/\\\/repliquemangacine.fr\\\/wp-content\\\/uploads\\\/2023\\\/10\\\/1250-Galadriel-Pendentif-broche.jpg\",\"datePublished\":\"2016-12-28T17:27:47+00:00\",\"dateModified\":\"2025-09-23T16:01:48+00:00\",\"description\":\"Fait en argent massif 925e et orn\u00e9e d'une perle en nacre, ce pendentif finement travaill\u00e9 est inspir\u00e9 de la broche port\u00e9e par Galadriel.\",\"breadcrumb\":{\"@id\":\"https:\\\/\\\/repliquemangacine.fr\\\/bijoux-the-hobbit\\\/galadriel-pendentif-broche\\\/#breadcrumb\"},\"inLanguage\":\"de\",\"potentialAction\":[{\"@type\":\"ReadAction\",\"target\":[\"https:\\\/\\\/repliquemangacine.fr\\\/bijoux-the-hobbit\\\/galadriel-pendentif-broche\\\/\"]}]},{\"@type\":\"ImageObject\",\"inLanguage\":\"de\",\"@id\":\"https:\\\/\\\/repliquemangacine.fr\\\/bijoux-the-hobbit\\\/galadriel-pendentif-broche\\\/#primaryimage\",\"url\":\"https:\\\/\\\/repliquemangacine.fr\\\/wp-content\\\/uploads\\\/2023\\\/10\\\/1250-Galadriel-Pendentif-broche.jpg\",\"contentUrl\":\"https:\\\/\\\/repliquemangacine.fr\\\/wp-content\\\/uploads\\\/2023\\\/10\\\/1250-Galadriel-Pendentif-broche.jpg\",\"width\":685,\"height\":650,\"caption\":\"Galadriel - Pendentif broche\"},{\"@type\":\"BreadcrumbList\",\"@id\":\"https:\\\/\\\/repliquemangacine.fr\\\/bijoux-the-hobbit\\\/galadriel-pendentif-broche\\\/#breadcrumb\",\"itemListElement\":[{\"@type\":\"ListItem\",\"position\":1,\"name\":\"Accueil\",\"item\":\"https:\\\/\\\/repliquemangacine.fr\\\/\"},{\"@type\":\"ListItem\",\"position\":2,\"name\":\"Produits\",\"item\":\"https:\\\/\\\/repliquemangacine.fr\\\/boutique\\\/\"},{\"@type\":\"ListItem\",\"position\":3,\"name\":\"Broche Galadriel Argent\"}]},{\"@type\":\"WebSite\",\"@id\":\"https:\\\/\\\/repliquemangacine.fr\\\/#website\",\"url\":\"https:\\\/\\\/repliquemangacine.fr\\\/\",\"name\":\"R\u00e9plique Manga Cin\u00e9\",\"description\":\"\",\"publisher\":{\"@id\":\"https:\\\/\\\/repliquemangacine.fr\\\/#organization\"},\"potentialAction\":[{\"@type\":\"SearchAction\",\"target\":{\"@type\":\"EntryPoint\",\"urlTemplate\":\"https:\\\/\\\/repliquemangacine.fr\\\/?s={search_term_string}\"},\"query-input\":{\"@type\":\"PropertyValueSpecification\",\"valueRequired\":true,\"valueName\":\"search_term_string\"}}],\"inLanguage\":\"de\"},{\"@type\":\"Organization\",\"@id\":\"https:\\\/\\\/repliquemangacine.fr\\\/#organization\",\"name\":\"R\u00e9plique Manga Cin\u00e9\",\"url\":\"https:\\\/\\\/repliquemangacine.fr\\\/\",\"logo\":{\"@type\":\"ImageObject\",\"inLanguage\":\"de\",\"@id\":\"https:\\\/\\\/repliquemangacine.fr\\\/#\\\/schema\\\/logo\\\/image\\\/\",\"url\":\"https:\\\/\\\/repliquemangacine.fr\\\/wp-content\\\/uploads\\\/2023\\\/10\\\/RMC-500250.png\",\"contentUrl\":\"https:\\\/\\\/repliquemangacine.fr\\\/wp-content\\\/uploads\\\/2023\\\/10\\\/RMC-500250.png\",\"width\":500,\"height\":250,\"caption\":\"R\u00e9plique Manga Cin\u00e9\"},\"image\":{\"@id\":\"https:\\\/\\\/repliquemangacine.fr\\\/#\\\/schema\\\/logo\\\/image\\\/\"},\"sameAs\":[\"https:\\\/\\\/www.facebook.com\\\/RepliqueMangaCine\",\"https:\\\/\\\/www.instagram.com\\\/repliquemangacine.fr\\\/\"]}]}<\/script>\n<!-- \/ Yoast SEO plugin. -->","yoast_head_json":{"title":"Galadriel Broschenanh\u00e4nger - Herr der Ringe Schmuck | RMC","description":"Dieser fein gearbeitete Anh\u00e4nger aus 925er Sterlingsilber mit einer Perlmuttperle ist der Brosche nachempfunden, die Galadriel trug.","robots":{"index":"index","follow":"follow","max-snippet":"max-snippet:-1","max-image-preview":"max-image-preview:large","max-video-preview":"max-video-preview:-1"},"canonical":"https:\/\/repliquemangacine.fr\/de\/schmuck-the-hobbit\/galadriel-anhanger-brosche\/","og_locale":"de_DE","og_type":"article","og_title":"Pendentif Broche Galadriel - Bijoux Seigneur des Anneaux | RMC","og_description":"Fait en argent massif 925e et orn\u00e9e d'une perle en nacre, ce pendentif finement travaill\u00e9 est inspir\u00e9 de la broche port\u00e9e par Galadriel.","og_url":"https:\/\/repliquemangacine.fr\/de\/schmuck-the-hobbit\/galadriel-anhanger-brosche\/","og_site_name":"R\u00e9plique Manga Cin\u00e9","article_publisher":"https:\/\/www.facebook.com\/RepliqueMangaCine","article_modified_time":"2025-09-23T16:01:48+00:00","og_image":[{"width":685,"height":650,"url":"https:\/\/repliquemangacine.fr\/wp-content\/uploads\/2023\/10\/1250-Galadriel-Pendentif-broche.jpg","type":"image\/jpeg"}],"twitter_card":"summary_large_image","twitter_misc":{"Gesch\u00e4tzte Lesezeit":"1\u00a0Minute"},"schema":{"@context":"https:\/\/schema.org","@graph":[{"@type":"WebPage","@id":"https:\/\/repliquemangacine.fr\/bijoux-the-hobbit\/galadriel-pendentif-broche\/","url":"https:\/\/repliquemangacine.fr\/bijoux-the-hobbit\/galadriel-pendentif-broche\/","name":"Galadriel Broschenanh\u00e4nger - Herr der Ringe Schmuck | RMC","isPartOf":{"@id":"https:\/\/repliquemangacine.fr\/#website"},"primaryImageOfPage":{"@id":"https:\/\/repliquemangacine.fr\/bijoux-the-hobbit\/galadriel-pendentif-broche\/#primaryimage"},"image":{"@id":"https:\/\/repliquemangacine.fr\/bijoux-the-hobbit\/galadriel-pendentif-broche\/#primaryimage"},"thumbnailUrl":"https:\/\/repliquemangacine.fr\/wp-content\/uploads\/2023\/10\/1250-Galadriel-Pendentif-broche.jpg","datePublished":"2016-12-28T17:27:47+00:00","dateModified":"2025-09-23T16:01:48+00:00","description":"Dieser fein gearbeitete Anh\u00e4nger aus 925er Sterlingsilber mit einer Perlmuttperle ist der Brosche nachempfunden, die Galadriel trug.","breadcrumb":{"@id":"https:\/\/repliquemangacine.fr\/bijoux-the-hobbit\/galadriel-pendentif-broche\/#breadcrumb"},"inLanguage":"de","potentialAction":[{"@type":"ReadAction","target":["https:\/\/repliquemangacine.fr\/bijoux-the-hobbit\/galadriel-pendentif-broche\/"]}]},{"@type":"ImageObject","inLanguage":"de","@id":"https:\/\/repliquemangacine.fr\/bijoux-the-hobbit\/galadriel-pendentif-broche\/#primaryimage","url":"https:\/\/repliquemangacine.fr\/wp-content\/uploads\/2023\/10\/1250-Galadriel-Pendentif-broche.jpg","contentUrl":"https:\/\/repliquemangacine.fr\/wp-content\/uploads\/2023\/10\/1250-Galadriel-Pendentif-broche.jpg","width":685,"height":650,"caption":"Galadriel - Pendentif broche"},{"@type":"BreadcrumbList","@id":"https:\/\/repliquemangacine.fr\/bijoux-the-hobbit\/galadriel-pendentif-broche\/#breadcrumb","itemListElement":[{"@type":"ListItem","position":1,"name":"Accueil","item":"https:\/\/repliquemangacine.fr\/"},{"@type":"ListItem","position":2,"name":"Produits","item":"https:\/\/repliquemangacine.fr\/boutique\/"},{"@type":"ListItem","position":3,"name":"Broche Galadriel Argent"}]},{"@type":"WebSite","@id":"https:\/\/repliquemangacine.fr\/#website","url":"https:\/\/repliquemangacine.fr\/","name":"R\u00e9plique Manga Cin\u00e9","description":"","publisher":{"@id":"https:\/\/repliquemangacine.fr\/#organization"},"potentialAction":[{"@type":"SearchAction","target":{"@type":"EntryPoint","urlTemplate":"https:\/\/repliquemangacine.fr\/?s={search_term_string}"},"query-input":{"@type":"PropertyValueSpecification","valueRequired":true,"valueName":"search_term_string"}}],"inLanguage":"de"},{"@type":"Organization","@id":"https:\/\/repliquemangacine.fr\/#organization","name":"R\u00e9plique Manga Cin\u00e9","url":"https:\/\/repliquemangacine.fr\/","logo":{"@type":"ImageObject","inLanguage":"de","@id":"https:\/\/repliquemangacine.fr\/#\/schema\/logo\/image\/","url":"https:\/\/repliquemangacine.fr\/wp-content\/uploads\/2023\/10\/RMC-500250.png","contentUrl":"https:\/\/repliquemangacine.fr\/wp-content\/uploads\/2023\/10\/RMC-500250.png","width":500,"height":250,"caption":"R\u00e9plique Manga Cin\u00e9"},"image":{"@id":"https:\/\/repliquemangacine.fr\/#\/schema\/logo\/image\/"},"sameAs":["https:\/\/www.facebook.com\/RepliqueMangaCine","https:\/\/www.instagram.com\/repliquemangacine.fr\/"]}]}},"_links":{"self":[{"href":"https:\/\/repliquemangacine.fr\/de\/wp-json\/wp\/v2\/product\/26596","targetHints":{"allow":["GET"]}}],"collection":[{"href":"https:\/\/repliquemangacine.fr\/de\/wp-json\/wp\/v2\/product"}],"about":[{"href":"https:\/\/repliquemangacine.fr\/de\/wp-json\/wp\/v2\/types\/product"}],"wp:featuredmedia":[{"embeddable":true,"href":"https:\/\/repliquemangacine.fr\/de\/wp-json\/wp\/v2\/media\/26597"}],"wp:attachment":[{"href":"https:\/\/repliquemangacine.fr\/de\/wp-json\/wp\/v2\/media?parent=26596"}],"wp:term":[{"taxonomy":"product_brand","embeddable":true,"href":"https:\/\/repliquemangacine.fr\/de\/wp-json\/wp\/v2\/product_brand?post=26596"},{"taxonomy":"product_cat","embeddable":true,"href":"https:\/\/repliquemangacine.fr\/de\/wp-json\/wp\/v2\/product_cat?post=26596"},{"taxonomy":"product_tag","embeddable":true,"href":"https:\/\/repliquemangacine.fr\/de\/wp-json\/wp\/v2\/product_tag?post=26596"}],"curies":[{"name":"wp","href":"https:\/\/api.w.org\/{rel}","templated":true}]}}