





{"id":26593,"date":"2016-12-28T17:39:44","date_gmt":"2016-12-28T16:39:44","guid":{"rendered":"https:\/\/repliquemangacine.fr\/?post_type=product&#038;p=26593"},"modified":"2025-09-23T18:01:48","modified_gmt":"2025-09-23T16:01:48","slug":"thorin-oakenshield-anhanger-silber","status":"publish","type":"product","link":"https:\/\/repliquemangacine.fr\/de\/bijoux-the-hobbit\/thorin-oakenshield-pendentif-argent\/","title":{"rendered":"Silberner Thorin-Anh\u00e4nger"},"content":{"rendered":"<h2>Silberner Anh\u00e4nger von Thorin in Der Hobbit<\/h2>\n<p>Zu Beginn wird der <strong>Thorins Silberanh\u00e4nger<\/strong> steht unter einer offiziellen Lizenz <a href=\"https:\/\/noblecollection.fr\/thorin-oakenshield-pendentif-argent-925eme-hobbit-p-3700.html\" target=\"_blank\" rel=\"noopener noreferrer\">The Noble Collection<\/a><\/p>\n<p>Thorin, Herrscher von Erebor, Figur aus Tolkiens Roman Der Hobbit. Er ist ein Zwerg und Erbe des K\u00f6nigreichs unter dem Berg, aus dem der Drache Smaug seine Familie vertrieben hat.<\/p>\n<p>Anstifter der Expedition zur R\u00fcckeroberung des Schatzes seiner Vorfahren, in die der Hobbit Bilbo widerwillig verwickelt wird. Er tr\u00e4gt den Spitznamen \u201cEichenschild\u201d, weil er einen Eichenzweig als Schild benutzt hat.<\/p>\n<p>Nach vielen Irrfahrten ist das Abenteuer mit dem Tod des Drachen Smaug von Erfolg gekr\u00f6nt.<\/p>\n<p>W\u00e4hrend der Schlacht der f\u00fcnf Heere gelingt Thorin und seinen Gef\u00e4hrten der Ausbruch aus dem Berg. Thorin wird t\u00f6dlich verwundet.<\/p>\n<h2>Ihr Thorin-Silber-Anh\u00e4nger zum besten Preis.<\/h2>\n<p>Wir bieten Ihnen alle Spr\u00fcche Ihrer Lieblingscharaktere in dieser Hobbit-Trilogie.<\/p>\n<p>Zun\u00e4chst einmal,<\/p>\n<ul>\n<li>L'<a href=\"https:\/\/repliquemangacine.fr\/de\/schwerter-the-hobbit\/orcrist-schwert-thorin-schwert\/\">Thorins Schwert orcrist<\/a> Eichenschild mit seiner Elfenklinge.<\/li>\n<li>Es gibt auch die<a href=\"https:\/\/repliquemangacine.fr\/de\/herr-der-ringe-schwerter\/dard-schwert-von-bilbo\/\">Schwert Dard<\/a> von Bilbo Beutlin, der blau leuchtet, wenn sich ein Feind n\u00e4hert.<\/li>\n<li>Abschlie\u00dfend sei gesagt, dass Noble collection uns eine gro\u00dfe Auswahl an hochwertigem Schmuck bietet, der auf Anfrage erh\u00e4ltlich ist.<\/li>\n<\/ul>\n<p>Deshalb gibt es hier einige gro\u00dfartige Geschenkideen f\u00fcr Fans der Hobbit-Trilogie!<\/p>\n<p>Abschlie\u00dfend k\u00f6nnen Sie auch diesen <strong>Thorins Silberanh\u00e4nger<\/strong> im Alltag. Vor allem aber ist dieses Schmuckst\u00fcck auch ein Sammler- und Dekorationsst\u00fcck.<\/p>\n<p>R\u00e9plique Manga Cin\u00e9 ist ein franz\u00f6sisches Familienunternehmen.<\/p>\n<h2>Wie pflegt man Silberschmuck?<\/h2>\n<p>Es ist zu betonen, dass Silber empfindlicher ist als Gold. Mit der Zeit, durch Reibung, Schwei\u00df und Staub verliert es seinen Glanz und wird matt.<\/p>\n<p>Hier sind einige Tipps zur Reinigung Ihres <strong>Thorins Silberanh\u00e4nger<\/strong>Wenn Sie das nicht tun, verlangsamen Sie das Auftreten von Abnutzungserscheinungen.<\/p>\n<ul>\n<li>Natron: Eine wirksame L\u00f6sung. Gie\u00dfen Sie Wasser in eine Sch\u00fcssel und schmelzen Sie das Natron darin. Tauchen Sie Ihren Schmuck f\u00fcr einige Stunden vollst\u00e4ndig unter Wasser. Nehmen Sie eine sehr weiche Zahnb\u00fcrste und schrubben Sie vorsichtig. Sp\u00fclen Sie mit klarem Wasser nach.<\/li>\n<li>Wei\u00dfer Essig: Auf die gleiche Weise tauchen Sie Ihren Schmuck vollst\u00e4ndig in den wei\u00dfen Essig. Warten Sie zwei Stunden, sp\u00fclen Sie ihn mit lauwarmem Wasser ab und wischen Sie ihn mit einem weichen Tuch ab.<br \/>\nUnd dann gibt es noch all die Tricks von Oma, wie zum Beispiel Cola...<\/li>\n<\/ul>\n<p>Dann k\u00f6nnen Sie Ihren Schmuck l\u00e4nger tragen.<\/p>","protected":false},"excerpt":{"rendered":"<p>Dieser Anh\u00e4nger basiert auf der G\u00fcrtelschnalle von Thorin Oakenshield.<\/p>\n<ul>\n<li>Hergestellt aus patiniertem 925er Sterlingsilber.<\/li>\n<li>Wird mit einem 45 cm langen Riemen geliefert.<\/li>\n<li>Wird mit einer Sammlerbox aus Holz und einer Plakette mit dem Bild des Films geliefert.<\/li>\n<li>Offizieller Anh\u00e4nger The Noble Collection<\/li>\n<\/ul>","protected":false},"featured_media":26594,"template":"","meta":[],"product_brand":[896],"product_cat":[79,24,35],"product_tag":[],"class_list":{"0":"post-26593","1":"product","2":"type-product","3":"status-publish","4":"has-post-thumbnail","6":"product_brand-replique-manga-cine","7":"product_cat-bijoux-the-hobbit","8":"product_cat-films-series-tv-vente-de-katana-epee-et-produits-derives","9":"product_cat-epee-et-bijoux-the-hobbit","11":"first","12":"instock","13":"sale","14":"taxable","15":"shipping-taxable","16":"purchasable","17":"product-type-simple"},"yoast_head":"<!-- This site is optimized with the Yoast SEO plugin v27.5 - https:\/\/yoast.com\/product\/yoast-seo-wordpress\/ -->\n<title>Pendentif Argent de Thorin - The Hobbit - Replique Manga Cine<\/title>\n<meta name=\"description\" content=\"Offrez-lui ce Pendentif Argent de Thorin au meilleur prix - Argent massif 925e - Bo\u00eete collector - Licence officielle Noble Collection - Envoi 24\/48h\" \/>\n<meta name=\"robots\" content=\"index, follow, max-snippet:-1, max-image-preview:large, max-video-preview:-1\" \/>\n<link rel=\"canonical\" href=\"https:\/\/repliquemangacine.fr\/de\/schmuck-the-hobbit\/thorin-oakenshield-anhanger-silber\/\" \/>\n<meta property=\"og:locale\" content=\"de_DE\" \/>\n<meta property=\"og:type\" content=\"article\" \/>\n<meta property=\"og:title\" content=\"Pendentif Argent de Thorin - The Hobbit - Replique Manga Cine\" \/>\n<meta property=\"og:description\" content=\"Offrez-lui ce Pendentif Argent de Thorin au meilleur prix - Argent massif 925e - Bo\u00eete collector - Licence officielle Noble Collection - Envoi 24\/48h\" \/>\n<meta property=\"og:url\" content=\"https:\/\/repliquemangacine.fr\/de\/schmuck-the-hobbit\/thorin-oakenshield-anhanger-silber\/\" \/>\n<meta property=\"og:site_name\" content=\"R\u00e9plique Manga Cin\u00e9\" \/>\n<meta property=\"article:publisher\" content=\"https:\/\/www.facebook.com\/RepliqueMangaCine\" \/>\n<meta property=\"article:modified_time\" content=\"2025-09-23T16:01:48+00:00\" \/>\n<meta property=\"og:image\" content=\"https:\/\/repliquemangacine.fr\/wp-content\/uploads\/2023\/10\/1248-Thorin-Oakenshield-Pendentif-argent.jpg\" \/>\n\t<meta property=\"og:image:width\" content=\"700\" \/>\n\t<meta property=\"og:image:height\" content=\"700\" \/>\n\t<meta property=\"og:image:type\" content=\"image\/jpeg\" \/>\n<meta name=\"twitter:card\" content=\"summary_large_image\" \/>\n<meta name=\"twitter:label1\" content=\"Gesch\u00e4tzte Lesezeit\" \/>\n\t<meta name=\"twitter:data1\" content=\"2\u00a0Minuten\" \/>\n<script type=\"application\/ld+json\" class=\"yoast-schema-graph\">{\"@context\":\"https:\\\/\\\/schema.org\",\"@graph\":[{\"@type\":\"WebPage\",\"@id\":\"https:\\\/\\\/repliquemangacine.fr\\\/de\\\/schmuck-the-hobbit\\\/thorin-oakenshield-anhanger-silber\\\/\",\"url\":\"https:\\\/\\\/repliquemangacine.fr\\\/de\\\/schmuck-the-hobbit\\\/thorin-oakenshield-anhanger-silber\\\/\",\"name\":\"Pendentif Argent de Thorin - The Hobbit - Replique Manga Cine\",\"isPartOf\":{\"@id\":\"https:\\\/\\\/repliquemangacine.fr\\\/#website\"},\"primaryImageOfPage\":{\"@id\":\"https:\\\/\\\/repliquemangacine.fr\\\/de\\\/schmuck-the-hobbit\\\/thorin-oakenshield-anhanger-silber\\\/#primaryimage\"},\"image\":{\"@id\":\"https:\\\/\\\/repliquemangacine.fr\\\/de\\\/schmuck-the-hobbit\\\/thorin-oakenshield-anhanger-silber\\\/#primaryimage\"},\"thumbnailUrl\":\"https:\\\/\\\/repliquemangacine.fr\\\/wp-content\\\/uploads\\\/2023\\\/10\\\/1248-Thorin-Oakenshield-Pendentif-argent.jpg\",\"datePublished\":\"2016-12-28T16:39:44+00:00\",\"dateModified\":\"2025-09-23T16:01:48+00:00\",\"description\":\"Offrez-lui ce Pendentif Argent de Thorin au meilleur prix - Argent massif 925e - Bo\u00eete collector - Licence officielle Noble Collection - Envoi 24\\\/48h\",\"breadcrumb\":{\"@id\":\"https:\\\/\\\/repliquemangacine.fr\\\/de\\\/schmuck-the-hobbit\\\/thorin-oakenshield-anhanger-silber\\\/#breadcrumb\"},\"inLanguage\":\"de\",\"potentialAction\":[{\"@type\":\"ReadAction\",\"target\":[\"https:\\\/\\\/repliquemangacine.fr\\\/de\\\/schmuck-the-hobbit\\\/thorin-oakenshield-anhanger-silber\\\/\"]}]},{\"@type\":\"ImageObject\",\"inLanguage\":\"de\",\"@id\":\"https:\\\/\\\/repliquemangacine.fr\\\/de\\\/schmuck-the-hobbit\\\/thorin-oakenshield-anhanger-silber\\\/#primaryimage\",\"url\":\"https:\\\/\\\/repliquemangacine.fr\\\/wp-content\\\/uploads\\\/2023\\\/10\\\/1248-Thorin-Oakenshield-Pendentif-argent.jpg\",\"contentUrl\":\"https:\\\/\\\/repliquemangacine.fr\\\/wp-content\\\/uploads\\\/2023\\\/10\\\/1248-Thorin-Oakenshield-Pendentif-argent.jpg\",\"width\":700,\"height\":700,\"caption\":\"Thorin Oakenshield - Pendentif argent\"},{\"@type\":\"BreadcrumbList\",\"@id\":\"https:\\\/\\\/repliquemangacine.fr\\\/de\\\/schmuck-the-hobbit\\\/thorin-oakenshield-anhanger-silber\\\/#breadcrumb\",\"itemListElement\":[{\"@type\":\"ListItem\",\"position\":1,\"name\":\"Accueil\",\"item\":\"https:\\\/\\\/repliquemangacine.fr\\\/\"},{\"@type\":\"ListItem\",\"position\":2,\"name\":\"Produits\",\"item\":\"https:\\\/\\\/repliquemangacine.fr\\\/boutique\\\/\"},{\"@type\":\"ListItem\",\"position\":3,\"name\":\"Pendentif argent Thorin\"}]},{\"@type\":\"WebSite\",\"@id\":\"https:\\\/\\\/repliquemangacine.fr\\\/#website\",\"url\":\"https:\\\/\\\/repliquemangacine.fr\\\/\",\"name\":\"R\u00e9plique Manga Cin\u00e9\",\"description\":\"\",\"publisher\":{\"@id\":\"https:\\\/\\\/repliquemangacine.fr\\\/#organization\"},\"potentialAction\":[{\"@type\":\"SearchAction\",\"target\":{\"@type\":\"EntryPoint\",\"urlTemplate\":\"https:\\\/\\\/repliquemangacine.fr\\\/?s={search_term_string}\"},\"query-input\":{\"@type\":\"PropertyValueSpecification\",\"valueRequired\":true,\"valueName\":\"search_term_string\"}}],\"inLanguage\":\"de\"},{\"@type\":\"Organization\",\"@id\":\"https:\\\/\\\/repliquemangacine.fr\\\/#organization\",\"name\":\"R\u00e9plique Manga Cin\u00e9\",\"url\":\"https:\\\/\\\/repliquemangacine.fr\\\/\",\"logo\":{\"@type\":\"ImageObject\",\"inLanguage\":\"de\",\"@id\":\"https:\\\/\\\/repliquemangacine.fr\\\/#\\\/schema\\\/logo\\\/image\\\/\",\"url\":\"https:\\\/\\\/repliquemangacine.fr\\\/wp-content\\\/uploads\\\/2023\\\/10\\\/RMC-500250.png\",\"contentUrl\":\"https:\\\/\\\/repliquemangacine.fr\\\/wp-content\\\/uploads\\\/2023\\\/10\\\/RMC-500250.png\",\"width\":500,\"height\":250,\"caption\":\"R\u00e9plique Manga Cin\u00e9\"},\"image\":{\"@id\":\"https:\\\/\\\/repliquemangacine.fr\\\/#\\\/schema\\\/logo\\\/image\\\/\"},\"sameAs\":[\"https:\\\/\\\/www.facebook.com\\\/RepliqueMangaCine\",\"https:\\\/\\\/www.instagram.com\\\/repliquemangacine.fr\\\/\"]}]}<\/script>\n<!-- \/ Yoast SEO plugin. -->","yoast_head_json":{"title":"Thorin Silber Anh\u00e4nger - Der Hobbit - Replique Manga Cine","description":"Schenken Sie ihr diesen Silberanh\u00e4nger von Thorin zum besten Preis - 925e Sterlingsilber - Sammlerbox - Offizielle Lizenz Noble Collection - Versand 24\/48h","robots":{"index":"index","follow":"follow","max-snippet":"max-snippet:-1","max-image-preview":"max-image-preview:large","max-video-preview":"max-video-preview:-1"},"canonical":"https:\/\/repliquemangacine.fr\/de\/schmuck-the-hobbit\/thorin-oakenshield-anhanger-silber\/","og_locale":"de_DE","og_type":"article","og_title":"Pendentif Argent de Thorin - The Hobbit - Replique Manga Cine","og_description":"Offrez-lui ce Pendentif Argent de Thorin au meilleur prix - Argent massif 925e - Bo\u00eete collector - Licence officielle Noble Collection - Envoi 24\/48h","og_url":"https:\/\/repliquemangacine.fr\/de\/schmuck-the-hobbit\/thorin-oakenshield-anhanger-silber\/","og_site_name":"R\u00e9plique Manga Cin\u00e9","article_publisher":"https:\/\/www.facebook.com\/RepliqueMangaCine","article_modified_time":"2025-09-23T16:01:48+00:00","og_image":[{"width":700,"height":700,"url":"https:\/\/repliquemangacine.fr\/wp-content\/uploads\/2023\/10\/1248-Thorin-Oakenshield-Pendentif-argent.jpg","type":"image\/jpeg"}],"twitter_card":"summary_large_image","twitter_misc":{"Gesch\u00e4tzte Lesezeit":"2\u00a0Minuten"},"schema":{"@context":"https:\/\/schema.org","@graph":[{"@type":"WebPage","@id":"https:\/\/repliquemangacine.fr\/de\/schmuck-the-hobbit\/thorin-oakenshield-anhanger-silber\/","url":"https:\/\/repliquemangacine.fr\/de\/schmuck-the-hobbit\/thorin-oakenshield-anhanger-silber\/","name":"Thorin Silber Anh\u00e4nger - Der Hobbit - Replique Manga Cine","isPartOf":{"@id":"https:\/\/repliquemangacine.fr\/#website"},"primaryImageOfPage":{"@id":"https:\/\/repliquemangacine.fr\/de\/schmuck-the-hobbit\/thorin-oakenshield-anhanger-silber\/#primaryimage"},"image":{"@id":"https:\/\/repliquemangacine.fr\/de\/schmuck-the-hobbit\/thorin-oakenshield-anhanger-silber\/#primaryimage"},"thumbnailUrl":"https:\/\/repliquemangacine.fr\/wp-content\/uploads\/2023\/10\/1248-Thorin-Oakenshield-Pendentif-argent.jpg","datePublished":"2016-12-28T16:39:44+00:00","dateModified":"2025-09-23T16:01:48+00:00","description":"Schenken Sie ihr diesen Silberanh\u00e4nger von Thorin zum besten Preis - 925e Sterlingsilber - Sammlerbox - Offizielle Lizenz Noble Collection - Versand 24\/48h","breadcrumb":{"@id":"https:\/\/repliquemangacine.fr\/de\/schmuck-the-hobbit\/thorin-oakenshield-anhanger-silber\/#breadcrumb"},"inLanguage":"de","potentialAction":[{"@type":"ReadAction","target":["https:\/\/repliquemangacine.fr\/de\/schmuck-the-hobbit\/thorin-oakenshield-anhanger-silber\/"]}]},{"@type":"ImageObject","inLanguage":"de","@id":"https:\/\/repliquemangacine.fr\/de\/schmuck-the-hobbit\/thorin-oakenshield-anhanger-silber\/#primaryimage","url":"https:\/\/repliquemangacine.fr\/wp-content\/uploads\/2023\/10\/1248-Thorin-Oakenshield-Pendentif-argent.jpg","contentUrl":"https:\/\/repliquemangacine.fr\/wp-content\/uploads\/2023\/10\/1248-Thorin-Oakenshield-Pendentif-argent.jpg","width":700,"height":700,"caption":"Thorin Oakenshield - Pendentif argent"},{"@type":"BreadcrumbList","@id":"https:\/\/repliquemangacine.fr\/de\/schmuck-the-hobbit\/thorin-oakenshield-anhanger-silber\/#breadcrumb","itemListElement":[{"@type":"ListItem","position":1,"name":"Accueil","item":"https:\/\/repliquemangacine.fr\/"},{"@type":"ListItem","position":2,"name":"Produits","item":"https:\/\/repliquemangacine.fr\/boutique\/"},{"@type":"ListItem","position":3,"name":"Pendentif argent Thorin"}]},{"@type":"WebSite","@id":"https:\/\/repliquemangacine.fr\/#website","url":"https:\/\/repliquemangacine.fr\/","name":"R\u00e9plique Manga Cin\u00e9","description":"","publisher":{"@id":"https:\/\/repliquemangacine.fr\/#organization"},"potentialAction":[{"@type":"SearchAction","target":{"@type":"EntryPoint","urlTemplate":"https:\/\/repliquemangacine.fr\/?s={search_term_string}"},"query-input":{"@type":"PropertyValueSpecification","valueRequired":true,"valueName":"search_term_string"}}],"inLanguage":"de"},{"@type":"Organization","@id":"https:\/\/repliquemangacine.fr\/#organization","name":"R\u00e9plique Manga Cin\u00e9","url":"https:\/\/repliquemangacine.fr\/","logo":{"@type":"ImageObject","inLanguage":"de","@id":"https:\/\/repliquemangacine.fr\/#\/schema\/logo\/image\/","url":"https:\/\/repliquemangacine.fr\/wp-content\/uploads\/2023\/10\/RMC-500250.png","contentUrl":"https:\/\/repliquemangacine.fr\/wp-content\/uploads\/2023\/10\/RMC-500250.png","width":500,"height":250,"caption":"R\u00e9plique Manga Cin\u00e9"},"image":{"@id":"https:\/\/repliquemangacine.fr\/#\/schema\/logo\/image\/"},"sameAs":["https:\/\/www.facebook.com\/RepliqueMangaCine","https:\/\/www.instagram.com\/repliquemangacine.fr\/"]}]}},"_links":{"self":[{"href":"https:\/\/repliquemangacine.fr\/de\/wp-json\/wp\/v2\/product\/26593","targetHints":{"allow":["GET"]}}],"collection":[{"href":"https:\/\/repliquemangacine.fr\/de\/wp-json\/wp\/v2\/product"}],"about":[{"href":"https:\/\/repliquemangacine.fr\/de\/wp-json\/wp\/v2\/types\/product"}],"wp:featuredmedia":[{"embeddable":true,"href":"https:\/\/repliquemangacine.fr\/de\/wp-json\/wp\/v2\/media\/26594"}],"wp:attachment":[{"href":"https:\/\/repliquemangacine.fr\/de\/wp-json\/wp\/v2\/media?parent=26593"}],"wp:term":[{"taxonomy":"product_brand","embeddable":true,"href":"https:\/\/repliquemangacine.fr\/de\/wp-json\/wp\/v2\/product_brand?post=26593"},{"taxonomy":"product_cat","embeddable":true,"href":"https:\/\/repliquemangacine.fr\/de\/wp-json\/wp\/v2\/product_cat?post=26593"},{"taxonomy":"product_tag","embeddable":true,"href":"https:\/\/repliquemangacine.fr\/de\/wp-json\/wp\/v2\/product_tag?post=26593"}],"curies":[{"name":"wp","href":"https:\/\/api.w.org\/{rel}","templated":true}]}}