





{"id":26587,"date":"2016-12-28T16:38:28","date_gmt":"2016-12-28T15:38:28","guid":{"rendered":"https:\/\/repliquemangacine.fr\/?post_type=product&#038;p=26587"},"modified":"2025-09-23T18:01:47","modified_gmt":"2025-09-23T16:01:47","slug":"anhanger-elrond-the-hobbit","status":"publish","type":"product","link":"https:\/\/repliquemangacine.fr\/de\/bijoux-the-hobbit\/pendentif-elrond-the-hobbit\/","title":{"rendered":"Anh\u00e4nger Elrond Der Hobbit"},"content":{"rendered":"<h2>Anh\u00e4nger Elrond Der Hobbit<\/h2>\n<p>Zu Beginn wird der <strong>Anh\u00e4nger Elrond Der Hobbit<\/strong> ist aus 925\u1d49 Sterlingsilber gefertigt und mit 24 Karat vergoldet. Unter offizieller Lizenz von The Noble Collection.<\/p>\n<p><a href=\"https:\/\/lotr.fandom.com\/fr\/wiki\/Elrond\" target=\"_blank\" rel=\"noopener noreferrer\">Elrond<\/a> der Halbelb ist f\u00fcr seine Weisheit, seine Gabe der Hellsichtigkeit und seine Heilkr\u00e4fte bekannt. Er tr\u00e4gt einen Ring der Macht, den m\u00e4chtigsten der Elbenf\u00fcrsten in Mittelerde.<\/p>\n<p>Mitglied des Wei\u00dfen Rates, der oft in Bruchtal tagte, und ein guter Freund von Gandalf dem Grauen. Besonders hervorzuheben ist, dass Elrond, Thorins Gesellschaft bei der R\u00fcckeroberung des Einsamen Berges hilft, indem er die Mondschrift auf Thorins Karte \u00fcbersetzt.<\/p>\n<p>Elrond verlie\u00df \u00fcbrigens Mittelerde, um mit den anderen Ringtr\u00e4gern das Meer zu \u00fcberqueren, und kehrte nie wieder zur\u00fcck.<\/p>\n<h2>Ihr Elrond The Hobbit-Anh\u00e4nger zum besten Preis.<\/h2>\n<p>Wir bieten Ihnen eine gro\u00dfe Auswahl an Schwertern und Schmuck aus der Hobbit-Trilogie.<\/p>\n<p>Zun\u00e4chst einmal,<\/p>\n<ul>\n<li>Das von den Elfen neu geschmiedete Schwert, das Anduril \"Flamme des Westens\".<\/li>\n<li>Sowie die Kette <a href=\"https:\/\/repliquemangacine.fr\/de\/schmuck-ringe\/brosche-halskette-blatt-der-lorien-seigneur-des-anneaux\/\">Brosche Blatt Lorien<\/a> Symbol der Elfen.<\/li>\n<li>Es gibt auch den unumg\u00e4nglichen <a href=\"https:\/\/repliquemangacine.fr\/de\/der-herr-der-ringe\/anneau-unique-le-precieux\/\">Einzigartiger Ring<\/a>. Dieser Ring der Macht wird von Gollum als \"mein Kostbarer\" bezeichnet.<\/li>\n<li>Und viele andere, die es in unserem Online-Shop zu entdecken gibt.<\/li>\n<\/ul>\n<p>Deshalb hier einige tolle Geschenkideen f\u00fcr alle Liebhaber der \"Hobbit\"-Trilogie<\/p>\n<p>Abschlie\u00dfend k\u00f6nnen Sie Ihr <strong>Anh\u00e4nger Elrond Der Hobbit<\/strong> im allt\u00e4glichen Leben. Vor allem aber ist er ein Sammlerst\u00fcck.<\/p>\n<h2>Wie pflegt man Silberschmuck?<\/h2>\n<p>Es ist zu betonen, dass Silber empfindlicher ist als Gold. Mit der Zeit, durch Reibung, Schwei\u00df und Staub verliert es seinen Glanz und wird matt.<\/p>\n<p>Hier sind einige Tipps zur Reinigung Ihres <strong>Anh\u00e4nger Elrond Der Hobbit<\/strong> aus Silber und vergoldetem Silber verlangsamen Sie das Auftreten von Abnutzungserscheinungen.<\/p>\n<ul>\n<li>Natron: Eine wirksame L\u00f6sung. Gie\u00dfen Sie Wasser in eine Sch\u00fcssel und schmelzen Sie das Natron darin. Tauchen Sie Ihren Schmuck f\u00fcr einige Stunden vollst\u00e4ndig unter Wasser. Nehmen Sie eine sehr weiche Zahnb\u00fcrste und schrubben Sie vorsichtig. Sp\u00fclen Sie mit klarem Wasser nach.<\/li>\n<li>Wei\u00dfer Essig: Auf die gleiche Weise tauchen Sie Ihren Schmuck vollst\u00e4ndig in den wei\u00dfen Essig. Warten Sie zwei Stunden, sp\u00fclen Sie ihn mit lauwarmem Wasser ab und wischen Sie ihn mit einem weichen Tuch ab.<br \/>\nUnd dann gibt es noch all die Tricks von Oma, wie zum Beispiel Cola...<\/li>\n<\/ul>\n<p>Dann k\u00f6nnen Sie Ihren Schmuck l\u00e4nger tragen.<\/p>\n<p>&nbsp;<\/p>","protected":false},"excerpt":{"rendered":"<p>Anh\u00e4nger von Elrond Der Hobbit<\/p>\n<ul>\n<li>Hergestellt aus Sterlingsilber und mit 24 Karat vergoldet.<\/li>\n<li>Inklusive gedrehter Kette (ca. 45 cm). Das Schmuckst\u00fcck wiegt 6,5 g.<\/li>\n<li>Sammlerbox aus Holz und eine Plakette mit dem Bild des Films.<\/li>\n<li>Unter offizieller Lizenz The Noble Collection<\/li>\n<\/ul>","protected":false},"featured_media":26588,"template":"","meta":[],"product_brand":[896],"product_cat":[79,24,35],"product_tag":[],"class_list":{"0":"post-26587","1":"product","2":"type-product","3":"status-publish","4":"has-post-thumbnail","6":"product_brand-replique-manga-cine","7":"product_cat-bijoux-the-hobbit","8":"product_cat-films-series-tv-vente-de-katana-epee-et-produits-derives","9":"product_cat-epee-et-bijoux-the-hobbit","11":"first","12":"instock","13":"taxable","14":"shipping-taxable","15":"purchasable","16":"product-type-simple"},"yoast_head":"<!-- This site is optimized with the Yoast SEO plugin v27.5 - https:\/\/yoast.com\/product\/yoast-seo-wordpress\/ -->\n<title>Pendentif Elrond The Hobbit - R\u00e9plique Manga Cin\u00e9<\/title>\n<meta name=\"description\" content=\"Offrez-lui le Pendentif Elrond The Hobbit au meilleur prix - Argent et Plaqu\u00e9 or 24 carats - Chaine torsad\u00e9e de 45 cm - Boite Collector - Licence Officielle\" \/>\n<meta name=\"robots\" content=\"index, follow, max-snippet:-1, max-image-preview:large, max-video-preview:-1\" \/>\n<link rel=\"canonical\" href=\"https:\/\/repliquemangacine.fr\/de\/schmuck-the-hobbit\/anhanger-elrond-the-hobbit\/\" \/>\n<meta property=\"og:locale\" content=\"de_DE\" \/>\n<meta property=\"og:type\" content=\"article\" \/>\n<meta property=\"og:title\" content=\"Pendentif Elrond The Hobbit - R\u00e9plique Manga Cin\u00e9\" \/>\n<meta property=\"og:description\" content=\"Offrez-lui le Pendentif Elrond The Hobbit au meilleur prix - Argent et Plaqu\u00e9 or 24 carats - Chaine torsad\u00e9e de 45 cm - Boite Collector - Licence Officielle\" \/>\n<meta property=\"og:url\" content=\"https:\/\/repliquemangacine.fr\/de\/schmuck-the-hobbit\/anhanger-elrond-the-hobbit\/\" \/>\n<meta property=\"og:site_name\" content=\"R\u00e9plique Manga Cin\u00e9\" \/>\n<meta property=\"article:publisher\" content=\"https:\/\/www.facebook.com\/RepliqueMangaCine\" \/>\n<meta property=\"article:modified_time\" content=\"2025-09-23T16:01:47+00:00\" \/>\n<meta property=\"og:image\" content=\"https:\/\/repliquemangacine.fr\/wp-content\/uploads\/2023\/10\/1244-Pendentif-Elrond-The-Hobbit.jpg\" \/>\n\t<meta property=\"og:image:width\" content=\"700\" \/>\n\t<meta property=\"og:image:height\" content=\"700\" \/>\n\t<meta property=\"og:image:type\" content=\"image\/jpeg\" \/>\n<meta name=\"twitter:card\" content=\"summary_large_image\" \/>\n<meta name=\"twitter:label1\" content=\"Gesch\u00e4tzte Lesezeit\" \/>\n\t<meta name=\"twitter:data1\" content=\"2\u00a0Minuten\" \/>\n<script type=\"application\/ld+json\" class=\"yoast-schema-graph\">{\"@context\":\"https:\\\/\\\/schema.org\",\"@graph\":[{\"@type\":\"WebPage\",\"@id\":\"https:\\\/\\\/repliquemangacine.fr\\\/bijoux-the-hobbit\\\/pendentif-elrond-the-hobbit\\\/\",\"url\":\"https:\\\/\\\/repliquemangacine.fr\\\/bijoux-the-hobbit\\\/pendentif-elrond-the-hobbit\\\/\",\"name\":\"Pendentif Elrond The Hobbit - R\u00e9plique Manga Cin\u00e9\",\"isPartOf\":{\"@id\":\"https:\\\/\\\/repliquemangacine.fr\\\/#website\"},\"primaryImageOfPage\":{\"@id\":\"https:\\\/\\\/repliquemangacine.fr\\\/bijoux-the-hobbit\\\/pendentif-elrond-the-hobbit\\\/#primaryimage\"},\"image\":{\"@id\":\"https:\\\/\\\/repliquemangacine.fr\\\/bijoux-the-hobbit\\\/pendentif-elrond-the-hobbit\\\/#primaryimage\"},\"thumbnailUrl\":\"https:\\\/\\\/repliquemangacine.fr\\\/wp-content\\\/uploads\\\/2023\\\/10\\\/1244-Pendentif-Elrond-The-Hobbit.jpg\",\"datePublished\":\"2016-12-28T15:38:28+00:00\",\"dateModified\":\"2025-09-23T16:01:47+00:00\",\"description\":\"Offrez-lui le Pendentif Elrond The Hobbit au meilleur prix - Argent et Plaqu\u00e9 or 24 carats - Chaine torsad\u00e9e de 45 cm - Boite Collector - Licence Officielle\",\"breadcrumb\":{\"@id\":\"https:\\\/\\\/repliquemangacine.fr\\\/bijoux-the-hobbit\\\/pendentif-elrond-the-hobbit\\\/#breadcrumb\"},\"inLanguage\":\"de\",\"potentialAction\":[{\"@type\":\"ReadAction\",\"target\":[\"https:\\\/\\\/repliquemangacine.fr\\\/bijoux-the-hobbit\\\/pendentif-elrond-the-hobbit\\\/\"]}]},{\"@type\":\"ImageObject\",\"inLanguage\":\"de\",\"@id\":\"https:\\\/\\\/repliquemangacine.fr\\\/bijoux-the-hobbit\\\/pendentif-elrond-the-hobbit\\\/#primaryimage\",\"url\":\"https:\\\/\\\/repliquemangacine.fr\\\/wp-content\\\/uploads\\\/2023\\\/10\\\/1244-Pendentif-Elrond-The-Hobbit.jpg\",\"contentUrl\":\"https:\\\/\\\/repliquemangacine.fr\\\/wp-content\\\/uploads\\\/2023\\\/10\\\/1244-Pendentif-Elrond-The-Hobbit.jpg\",\"width\":700,\"height\":700,\"caption\":\"Pendentif Elrond - The Hobbit\"},{\"@type\":\"BreadcrumbList\",\"@id\":\"https:\\\/\\\/repliquemangacine.fr\\\/bijoux-the-hobbit\\\/pendentif-elrond-the-hobbit\\\/#breadcrumb\",\"itemListElement\":[{\"@type\":\"ListItem\",\"position\":1,\"name\":\"Accueil\",\"item\":\"https:\\\/\\\/repliquemangacine.fr\\\/\"},{\"@type\":\"ListItem\",\"position\":2,\"name\":\"Produits\",\"item\":\"https:\\\/\\\/repliquemangacine.fr\\\/boutique\\\/\"},{\"@type\":\"ListItem\",\"position\":3,\"name\":\"Pendentif Elrond The Hobbit\"}]},{\"@type\":\"WebSite\",\"@id\":\"https:\\\/\\\/repliquemangacine.fr\\\/#website\",\"url\":\"https:\\\/\\\/repliquemangacine.fr\\\/\",\"name\":\"R\u00e9plique Manga Cin\u00e9\",\"description\":\"\",\"publisher\":{\"@id\":\"https:\\\/\\\/repliquemangacine.fr\\\/#organization\"},\"potentialAction\":[{\"@type\":\"SearchAction\",\"target\":{\"@type\":\"EntryPoint\",\"urlTemplate\":\"https:\\\/\\\/repliquemangacine.fr\\\/?s={search_term_string}\"},\"query-input\":{\"@type\":\"PropertyValueSpecification\",\"valueRequired\":true,\"valueName\":\"search_term_string\"}}],\"inLanguage\":\"de\"},{\"@type\":\"Organization\",\"@id\":\"https:\\\/\\\/repliquemangacine.fr\\\/#organization\",\"name\":\"R\u00e9plique Manga Cin\u00e9\",\"url\":\"https:\\\/\\\/repliquemangacine.fr\\\/\",\"logo\":{\"@type\":\"ImageObject\",\"inLanguage\":\"de\",\"@id\":\"https:\\\/\\\/repliquemangacine.fr\\\/#\\\/schema\\\/logo\\\/image\\\/\",\"url\":\"https:\\\/\\\/repliquemangacine.fr\\\/wp-content\\\/uploads\\\/2023\\\/10\\\/RMC-500250.png\",\"contentUrl\":\"https:\\\/\\\/repliquemangacine.fr\\\/wp-content\\\/uploads\\\/2023\\\/10\\\/RMC-500250.png\",\"width\":500,\"height\":250,\"caption\":\"R\u00e9plique Manga Cin\u00e9\"},\"image\":{\"@id\":\"https:\\\/\\\/repliquemangacine.fr\\\/#\\\/schema\\\/logo\\\/image\\\/\"},\"sameAs\":[\"https:\\\/\\\/www.facebook.com\\\/RepliqueMangaCine\",\"https:\\\/\\\/www.instagram.com\\\/repliquemangacine.fr\\\/\"]}]}<\/script>\n<!-- \/ Yoast SEO plugin. -->","yoast_head_json":{"title":"Elrond Der Hobbit-Anh\u00e4nger - R\u00e9plique Manga Cin\u00e9","description":"Schenken Sie ihr den Elrond The Hobbit-Anh\u00e4nger zum besten Preis - Silber und 24 Karat vergoldet - 45 cm lange gedrehte Kette - Sammlerbox - Offizielle Lizenz","robots":{"index":"index","follow":"follow","max-snippet":"max-snippet:-1","max-image-preview":"max-image-preview:large","max-video-preview":"max-video-preview:-1"},"canonical":"https:\/\/repliquemangacine.fr\/de\/schmuck-the-hobbit\/anhanger-elrond-the-hobbit\/","og_locale":"de_DE","og_type":"article","og_title":"Pendentif Elrond The Hobbit - R\u00e9plique Manga Cin\u00e9","og_description":"Offrez-lui le Pendentif Elrond The Hobbit au meilleur prix - Argent et Plaqu\u00e9 or 24 carats - Chaine torsad\u00e9e de 45 cm - Boite Collector - Licence Officielle","og_url":"https:\/\/repliquemangacine.fr\/de\/schmuck-the-hobbit\/anhanger-elrond-the-hobbit\/","og_site_name":"R\u00e9plique Manga Cin\u00e9","article_publisher":"https:\/\/www.facebook.com\/RepliqueMangaCine","article_modified_time":"2025-09-23T16:01:47+00:00","og_image":[{"width":700,"height":700,"url":"https:\/\/repliquemangacine.fr\/wp-content\/uploads\/2023\/10\/1244-Pendentif-Elrond-The-Hobbit.jpg","type":"image\/jpeg"}],"twitter_card":"summary_large_image","twitter_misc":{"Gesch\u00e4tzte Lesezeit":"2\u00a0Minuten"},"schema":{"@context":"https:\/\/schema.org","@graph":[{"@type":"WebPage","@id":"https:\/\/repliquemangacine.fr\/bijoux-the-hobbit\/pendentif-elrond-the-hobbit\/","url":"https:\/\/repliquemangacine.fr\/bijoux-the-hobbit\/pendentif-elrond-the-hobbit\/","name":"Elrond Der Hobbit-Anh\u00e4nger - R\u00e9plique Manga Cin\u00e9","isPartOf":{"@id":"https:\/\/repliquemangacine.fr\/#website"},"primaryImageOfPage":{"@id":"https:\/\/repliquemangacine.fr\/bijoux-the-hobbit\/pendentif-elrond-the-hobbit\/#primaryimage"},"image":{"@id":"https:\/\/repliquemangacine.fr\/bijoux-the-hobbit\/pendentif-elrond-the-hobbit\/#primaryimage"},"thumbnailUrl":"https:\/\/repliquemangacine.fr\/wp-content\/uploads\/2023\/10\/1244-Pendentif-Elrond-The-Hobbit.jpg","datePublished":"2016-12-28T15:38:28+00:00","dateModified":"2025-09-23T16:01:47+00:00","description":"Schenken Sie ihr den Elrond The Hobbit-Anh\u00e4nger zum besten Preis - Silber und 24 Karat vergoldet - 45 cm lange gedrehte Kette - Sammlerbox - Offizielle Lizenz","breadcrumb":{"@id":"https:\/\/repliquemangacine.fr\/bijoux-the-hobbit\/pendentif-elrond-the-hobbit\/#breadcrumb"},"inLanguage":"de","potentialAction":[{"@type":"ReadAction","target":["https:\/\/repliquemangacine.fr\/bijoux-the-hobbit\/pendentif-elrond-the-hobbit\/"]}]},{"@type":"ImageObject","inLanguage":"de","@id":"https:\/\/repliquemangacine.fr\/bijoux-the-hobbit\/pendentif-elrond-the-hobbit\/#primaryimage","url":"https:\/\/repliquemangacine.fr\/wp-content\/uploads\/2023\/10\/1244-Pendentif-Elrond-The-Hobbit.jpg","contentUrl":"https:\/\/repliquemangacine.fr\/wp-content\/uploads\/2023\/10\/1244-Pendentif-Elrond-The-Hobbit.jpg","width":700,"height":700,"caption":"Pendentif Elrond - The Hobbit"},{"@type":"BreadcrumbList","@id":"https:\/\/repliquemangacine.fr\/bijoux-the-hobbit\/pendentif-elrond-the-hobbit\/#breadcrumb","itemListElement":[{"@type":"ListItem","position":1,"name":"Accueil","item":"https:\/\/repliquemangacine.fr\/"},{"@type":"ListItem","position":2,"name":"Produits","item":"https:\/\/repliquemangacine.fr\/boutique\/"},{"@type":"ListItem","position":3,"name":"Pendentif Elrond The Hobbit"}]},{"@type":"WebSite","@id":"https:\/\/repliquemangacine.fr\/#website","url":"https:\/\/repliquemangacine.fr\/","name":"R\u00e9plique Manga Cin\u00e9","description":"","publisher":{"@id":"https:\/\/repliquemangacine.fr\/#organization"},"potentialAction":[{"@type":"SearchAction","target":{"@type":"EntryPoint","urlTemplate":"https:\/\/repliquemangacine.fr\/?s={search_term_string}"},"query-input":{"@type":"PropertyValueSpecification","valueRequired":true,"valueName":"search_term_string"}}],"inLanguage":"de"},{"@type":"Organization","@id":"https:\/\/repliquemangacine.fr\/#organization","name":"R\u00e9plique Manga Cin\u00e9","url":"https:\/\/repliquemangacine.fr\/","logo":{"@type":"ImageObject","inLanguage":"de","@id":"https:\/\/repliquemangacine.fr\/#\/schema\/logo\/image\/","url":"https:\/\/repliquemangacine.fr\/wp-content\/uploads\/2023\/10\/RMC-500250.png","contentUrl":"https:\/\/repliquemangacine.fr\/wp-content\/uploads\/2023\/10\/RMC-500250.png","width":500,"height":250,"caption":"R\u00e9plique Manga Cin\u00e9"},"image":{"@id":"https:\/\/repliquemangacine.fr\/#\/schema\/logo\/image\/"},"sameAs":["https:\/\/www.facebook.com\/RepliqueMangaCine","https:\/\/www.instagram.com\/repliquemangacine.fr\/"]}]}},"_links":{"self":[{"href":"https:\/\/repliquemangacine.fr\/de\/wp-json\/wp\/v2\/product\/26587","targetHints":{"allow":["GET"]}}],"collection":[{"href":"https:\/\/repliquemangacine.fr\/de\/wp-json\/wp\/v2\/product"}],"about":[{"href":"https:\/\/repliquemangacine.fr\/de\/wp-json\/wp\/v2\/types\/product"}],"wp:featuredmedia":[{"embeddable":true,"href":"https:\/\/repliquemangacine.fr\/de\/wp-json\/wp\/v2\/media\/26588"}],"wp:attachment":[{"href":"https:\/\/repliquemangacine.fr\/de\/wp-json\/wp\/v2\/media?parent=26587"}],"wp:term":[{"taxonomy":"product_brand","embeddable":true,"href":"https:\/\/repliquemangacine.fr\/de\/wp-json\/wp\/v2\/product_brand?post=26587"},{"taxonomy":"product_cat","embeddable":true,"href":"https:\/\/repliquemangacine.fr\/de\/wp-json\/wp\/v2\/product_cat?post=26587"},{"taxonomy":"product_tag","embeddable":true,"href":"https:\/\/repliquemangacine.fr\/de\/wp-json\/wp\/v2\/product_tag?post=26587"}],"curies":[{"name":"wp","href":"https:\/\/api.w.org\/{rel}","templated":true}]}}